{"id":7525,"date":"2012-06-30T09:39:02","date_gmt":"2012-06-30T09:39:02","guid":{"rendered":"https:\/\/webknjizara.hr\/?product=ivan-lupis-vukic-prvi-iseljenicki-novinar-b-bezic-filipovic"},"modified":"2023-02-27T00:15:44","modified_gmt":"2023-02-26T23:15:44","slug":"ivan-lupis-vukic-prvi-iseljenicki-novinar-b-bezic-filipovic","status":"publish","type":"product","link":"https:\/\/webknjizara.hr\/en\/proizvod\/ivan-lupis-vukic-prvi-iseljenicki-novinar-b-bezic-filipovic\/","title":{"rendered":"IVAN LUPIS-VUKI\u0106, PRVI ISELJENI\u010cKI NOVINAR, B. Bezi\u0107 Filipovi\u0107"},"content":{"rendered":"<p style=\"text-align: justify;\">\u00a0<\/p>\n<p style=\"text-align: justify;\"><strong>Sa\u017eetak:<\/strong><\/p>\n<p style=\"text-align: justify;\">Ivan Lupis-Vuki\u0107 (1876-1967), iz Vignja na Pelje\u0161cu bio je prvi iseljeni\u010dki novinar i prvi dopisnik iz Amerike. Izme\u0111u dva rata vodio je u Splitu Biro za informiranje stranaca, boravio u Ju\u017enoj Americi, te postao kustos splitskog Iseljeni\u010dkog muzeja. Autor je brojnih \u010dlanaka s iseljeni\u010dkom tematikom, od kojih je ve\u0107ina sa\u010duvana u Sveu\u010dili\u0161noj knji\u017enici u Zagrebu. U ovoj knjizi su prvi put objavljena pisma iz privatne obiteljske zbirke.<\/p>\n<p><strong><\/strong><\/p>\n<p style=\"text-align: justify;\"><strong>Bilje\u0161ka o autorici:<\/strong><\/p>\n<p style=\"text-align: justify;\">Branka Bezi\u0107 Filipovi\u0107\u00a0 ro\u0111ena je u Splitu 1955. godine, gdje \u017eivi i radi kao voditeljica splitske podru\u017enice Hrvatske matice iseljenika. Autorica je 6 knjiga vezanih za iseljeni\u0161tvo.<\/p>\n<p><strong>Bilje\u0161ka o uredniku:<\/strong><\/p>\n<p style=\"text-align: justify;\">Hrvatska matica iseljenika osnovana je u Splitu 1953. godine u cilju odr\u017eavanja veza s Hrvatima izvan domovine,te odr\u017eavanja njihovog kulturnog i nacionalnog identiteta. <\/p>\n<p><strong>Klju\u010dne rije\u010di:<\/strong> Lupis, iseljenici<\/p>\n<p><strong>Link:<\/strong> <a target=\"_blank\" href=\"http:\/\/www.matis.hr\" rel=\"noopener\">Hrvatska matica iseljenika<\/a><br \/><strong>E-mail:<\/strong> <a href=\"mailto:split@matis.hr\">Branka Bezi\u0107 Filipovi\u0107<\/a><\/p>\n<p><strong>Naslov:<\/strong> Ivan Lupis-Vuki\u0107, prvi iseljeni\u010dki novinar<br \/><strong>Autor:<\/strong> Branka Bezi\u0107 Filipovi\u0107<br \/><strong>Broj stranica:<\/strong> 92<br \/><strong>Nakladnik:<\/strong> HRVATSKA MATICA ISELJENIKA<br \/><strong>Godina izdanja:<\/strong> 2012.<br \/><strong>ISBN:<\/strong> 978-953-6525-55-3<br \/><strong>Tisak:<\/strong> digitalni tisak knjiga &#8211; print na zahtjev<\/p>\n","protected":false},"excerpt":{"rendered":"<p>\u00a0 Sa\u017eetak: Ivan Lupis-Vuki\u0107 (1876-1967), iz Vignja na Pelje\u0161cu bio je prvi iseljeni\u010dki novinar i prvi dopisnik iz Amerike. Izme\u0111u dva rata vodio je u Splitu Biro za informiranje stranaca, boravio u Ju\u017enoj Americi, te postao kustos splitskog Iseljeni\u010dkog muzeja. Autor je brojnih \u010dlanaka s iseljeni\u010dkom tematikom, od kojih je ve\u0107ina sa\u010duvana u Sveu\u010dili\u0161noj knji\u017enici [&hellip;]<\/p>\n","protected":false},"featured_media":7526,"comment_status":"open","ping_status":"closed","template":"","meta":{"_acf_changed":false},"product_brand":[],"product_cat":[1489],"product_tag":[],"class_list":{"0":"post-7525","1":"product","2":"type-product","3":"status-publish","4":"has-post-thumbnail","6":"product_cat-publicistika","7":"pa_nakladnik-hrvatska-matica-iseljenika","9":"first","10":"instock","11":"shipping-taxable","12":"purchasable","13":"product-type-simple"},"acf":[],"yoast_head":"<!-- This site is optimized with the Yoast SEO plugin v27.3 - https:\/\/yoast.com\/product\/yoast-seo-wordpress\/ -->\n<title>IVAN LUPIS-VUKI\u0106, PRVI ISELJENI\u010cKI NOVINAR, B. Bezi\u0107 Filipovi\u0107 - Web-knji\u017eara<\/title>\n<meta name=\"robots\" content=\"index, follow, max-snippet:-1, max-image-preview:large, max-video-preview:-1\" \/>\n<link rel=\"canonical\" href=\"https:\/\/webknjizara.hr\/proizvod\/ivan-lupis-vukic-prvi-iseljenicki-novinar-b-bezic-filipovic\/\" \/>\n<meta property=\"og:locale\" content=\"en_US\" \/>\n<meta property=\"og:type\" content=\"article\" \/>\n<meta property=\"og:title\" content=\"IVAN LUPIS-VUKI\u0106, PRVI ISELJENI\u010cKI NOVINAR, B. Bezi\u0107 Filipovi\u0107 - Web-knji\u017eara\" \/>\n<meta property=\"og:description\" content=\"\u00a0 Sa\u017eetak: Ivan Lupis-Vuki\u0107 (1876-1967), iz Vignja na Pelje\u0161cu bio je prvi iseljeni\u010dki novinar i prvi dopisnik iz Amerike. Izme\u0111u dva rata vodio je u Splitu Biro za informiranje stranaca, boravio u Ju\u017enoj Americi, te postao kustos splitskog Iseljeni\u010dkog muzeja. Autor je brojnih \u010dlanaka s iseljeni\u010dkom tematikom, od kojih je ve\u0107ina sa\u010duvana u Sveu\u010dili\u0161noj knji\u017enici [&hellip;]\" \/>\n<meta property=\"og:url\" content=\"https:\/\/webknjizara.hr\/proizvod\/ivan-lupis-vukic-prvi-iseljenicki-novinar-b-bezic-filipovic\/\" \/>\n<meta property=\"og:site_name\" content=\"Web-knji\u017eara\" \/>\n<meta property=\"article:modified_time\" content=\"2023-02-26T23:15:44+00:00\" \/>\n<meta property=\"og:image\" content=\"https:\/\/webknjizara.hr\/wp-content\/uploads\/nc\/images\/virtuemart\/product\/ivan-lupis-vuki-4feec936de474.jpg\" \/>\n\t<meta property=\"og:image:width\" content=\"363\" \/>\n\t<meta property=\"og:image:height\" content=\"500\" \/>\n\t<meta property=\"og:image:type\" content=\"image\/jpeg\" \/>\n<meta name=\"twitter:card\" content=\"summary_large_image\" \/>\n<meta name=\"twitter:label1\" content=\"Est. reading time\" \/>\n\t<meta name=\"twitter:data1\" content=\"1 minute\" \/>\n<script type=\"application\/ld+json\" class=\"yoast-schema-graph\">{\"@context\":\"https:\\\/\\\/schema.org\",\"@graph\":[{\"@type\":\"WebPage\",\"@id\":\"https:\\\/\\\/webknjizara.hr\\\/proizvod\\\/ivan-lupis-vukic-prvi-iseljenicki-novinar-b-bezic-filipovic\\\/\",\"url\":\"https:\\\/\\\/webknjizara.hr\\\/proizvod\\\/ivan-lupis-vukic-prvi-iseljenicki-novinar-b-bezic-filipovic\\\/\",\"name\":\"IVAN LUPIS-VUKI\u0106, PRVI ISELJENI\u010cKI NOVINAR, B. Bezi\u0107 Filipovi\u0107 - Web-knji\u017eara\",\"isPartOf\":{\"@id\":\"https:\\\/\\\/webknjizara.hr\\\/#website\"},\"primaryImageOfPage\":{\"@id\":\"https:\\\/\\\/webknjizara.hr\\\/proizvod\\\/ivan-lupis-vukic-prvi-iseljenicki-novinar-b-bezic-filipovic\\\/#primaryimage\"},\"image\":{\"@id\":\"https:\\\/\\\/webknjizara.hr\\\/proizvod\\\/ivan-lupis-vukic-prvi-iseljenicki-novinar-b-bezic-filipovic\\\/#primaryimage\"},\"thumbnailUrl\":\"https:\\\/\\\/webknjizara.hr\\\/wp-content\\\/uploads\\\/nc\\\/images\\\/virtuemart\\\/product\\\/ivan-lupis-vuki-4feec936de474.jpg\",\"datePublished\":\"2012-06-30T09:39:02+00:00\",\"dateModified\":\"2023-02-26T23:15:44+00:00\",\"breadcrumb\":{\"@id\":\"https:\\\/\\\/webknjizara.hr\\\/proizvod\\\/ivan-lupis-vukic-prvi-iseljenicki-novinar-b-bezic-filipovic\\\/#breadcrumb\"},\"inLanguage\":\"en-US\",\"potentialAction\":[{\"@type\":\"ReadAction\",\"target\":[\"https:\\\/\\\/webknjizara.hr\\\/proizvod\\\/ivan-lupis-vukic-prvi-iseljenicki-novinar-b-bezic-filipovic\\\/\"]}]},{\"@type\":\"ImageObject\",\"inLanguage\":\"en-US\",\"@id\":\"https:\\\/\\\/webknjizara.hr\\\/proizvod\\\/ivan-lupis-vukic-prvi-iseljenicki-novinar-b-bezic-filipovic\\\/#primaryimage\",\"url\":\"https:\\\/\\\/webknjizara.hr\\\/wp-content\\\/uploads\\\/nc\\\/images\\\/virtuemart\\\/product\\\/ivan-lupis-vuki-4feec936de474.jpg\",\"contentUrl\":\"https:\\\/\\\/webknjizara.hr\\\/wp-content\\\/uploads\\\/nc\\\/images\\\/virtuemart\\\/product\\\/ivan-lupis-vuki-4feec936de474.jpg\",\"width\":363,\"height\":500,\"caption\":\"IVAN LUPIS-VUKI\u0106, PRVI ISELJENI\u010cKI NOVINAR, B. Bezi\u0107 Filipovi\u0107\"},{\"@type\":\"BreadcrumbList\",\"@id\":\"https:\\\/\\\/webknjizara.hr\\\/proizvod\\\/ivan-lupis-vukic-prvi-iseljenicki-novinar-b-bezic-filipovic\\\/#breadcrumb\",\"itemListElement\":[{\"@type\":\"ListItem\",\"position\":1,\"name\":\"Po\u010detna stranica\",\"item\":\"https:\\\/\\\/webknjizara.hr\\\/en\\\/\"},{\"@type\":\"ListItem\",\"position\":2,\"name\":\"Shop\",\"item\":\"https:\\\/\\\/webknjizara.hr\\\/shop\\\/\"},{\"@type\":\"ListItem\",\"position\":3,\"name\":\"IVAN LUPIS-VUKI\u0106, PRVI ISELJENI\u010cKI NOVINAR, B. Bezi\u0107 Filipovi\u0107\"}]},{\"@type\":\"WebSite\",\"@id\":\"https:\\\/\\\/webknjizara.hr\\\/#website\",\"url\":\"https:\\\/\\\/webknjizara.hr\\\/\",\"name\":\"Web Knji\u017eara\",\"description\":\"\",\"publisher\":{\"@id\":\"https:\\\/\\\/webknjizara.hr\\\/#organization\"},\"potentialAction\":[{\"@type\":\"SearchAction\",\"target\":{\"@type\":\"EntryPoint\",\"urlTemplate\":\"https:\\\/\\\/webknjizara.hr\\\/?s={search_term_string}\"},\"query-input\":{\"@type\":\"PropertyValueSpecification\",\"valueRequired\":true,\"valueName\":\"search_term_string\"}}],\"inLanguage\":\"en-US\"},{\"@type\":\"Organization\",\"@id\":\"https:\\\/\\\/webknjizara.hr\\\/#organization\",\"name\":\"REDAK D.O.O.\",\"url\":\"https:\\\/\\\/webknjizara.hr\\\/\",\"logo\":{\"@type\":\"ImageObject\",\"inLanguage\":\"en-US\",\"@id\":\"https:\\\/\\\/webknjizara.hr\\\/#\\\/schema\\\/logo\\\/image\\\/\",\"url\":\"https:\\\/\\\/webknjizara.hr\\\/wp-content\\\/uploads\\\/2023\\\/01\\\/web-knjizara-logo.webp\",\"contentUrl\":\"https:\\\/\\\/webknjizara.hr\\\/wp-content\\\/uploads\\\/2023\\\/01\\\/web-knjizara-logo.webp\",\"width\":324,\"height\":79,\"caption\":\"REDAK D.O.O.\"},\"image\":{\"@id\":\"https:\\\/\\\/webknjizara.hr\\\/#\\\/schema\\\/logo\\\/image\\\/\"}}]}<\/script>\n<!-- \/ Yoast SEO plugin. -->","yoast_head_json":{"title":"IVAN LUPIS-VUKI\u0106, PRVI ISELJENI\u010cKI NOVINAR, B. Bezi\u0107 Filipovi\u0107 - Web-knji\u017eara","robots":{"index":"index","follow":"follow","max-snippet":"max-snippet:-1","max-image-preview":"max-image-preview:large","max-video-preview":"max-video-preview:-1"},"canonical":"https:\/\/webknjizara.hr\/proizvod\/ivan-lupis-vukic-prvi-iseljenicki-novinar-b-bezic-filipovic\/","og_locale":"en_US","og_type":"article","og_title":"IVAN LUPIS-VUKI\u0106, PRVI ISELJENI\u010cKI NOVINAR, B. Bezi\u0107 Filipovi\u0107 - Web-knji\u017eara","og_description":"\u00a0 Sa\u017eetak: Ivan Lupis-Vuki\u0107 (1876-1967), iz Vignja na Pelje\u0161cu bio je prvi iseljeni\u010dki novinar i prvi dopisnik iz Amerike. Izme\u0111u dva rata vodio je u Splitu Biro za informiranje stranaca, boravio u Ju\u017enoj Americi, te postao kustos splitskog Iseljeni\u010dkog muzeja. Autor je brojnih \u010dlanaka s iseljeni\u010dkom tematikom, od kojih je ve\u0107ina sa\u010duvana u Sveu\u010dili\u0161noj knji\u017enici [&hellip;]","og_url":"https:\/\/webknjizara.hr\/proizvod\/ivan-lupis-vukic-prvi-iseljenicki-novinar-b-bezic-filipovic\/","og_site_name":"Web-knji\u017eara","article_modified_time":"2023-02-26T23:15:44+00:00","og_image":[{"width":363,"height":500,"url":"https:\/\/webknjizara.hr\/wp-content\/uploads\/nc\/images\/virtuemart\/product\/ivan-lupis-vuki-4feec936de474.jpg","type":"image\/jpeg"}],"twitter_card":"summary_large_image","twitter_misc":{"Est. reading time":"1 minute"},"schema":{"@context":"https:\/\/schema.org","@graph":[{"@type":"WebPage","@id":"https:\/\/webknjizara.hr\/proizvod\/ivan-lupis-vukic-prvi-iseljenicki-novinar-b-bezic-filipovic\/","url":"https:\/\/webknjizara.hr\/proizvod\/ivan-lupis-vukic-prvi-iseljenicki-novinar-b-bezic-filipovic\/","name":"IVAN LUPIS-VUKI\u0106, PRVI ISELJENI\u010cKI NOVINAR, B. Bezi\u0107 Filipovi\u0107 - Web-knji\u017eara","isPartOf":{"@id":"https:\/\/webknjizara.hr\/#website"},"primaryImageOfPage":{"@id":"https:\/\/webknjizara.hr\/proizvod\/ivan-lupis-vukic-prvi-iseljenicki-novinar-b-bezic-filipovic\/#primaryimage"},"image":{"@id":"https:\/\/webknjizara.hr\/proizvod\/ivan-lupis-vukic-prvi-iseljenicki-novinar-b-bezic-filipovic\/#primaryimage"},"thumbnailUrl":"https:\/\/webknjizara.hr\/wp-content\/uploads\/nc\/images\/virtuemart\/product\/ivan-lupis-vuki-4feec936de474.jpg","datePublished":"2012-06-30T09:39:02+00:00","dateModified":"2023-02-26T23:15:44+00:00","breadcrumb":{"@id":"https:\/\/webknjizara.hr\/proizvod\/ivan-lupis-vukic-prvi-iseljenicki-novinar-b-bezic-filipovic\/#breadcrumb"},"inLanguage":"en-US","potentialAction":[{"@type":"ReadAction","target":["https:\/\/webknjizara.hr\/proizvod\/ivan-lupis-vukic-prvi-iseljenicki-novinar-b-bezic-filipovic\/"]}]},{"@type":"ImageObject","inLanguage":"en-US","@id":"https:\/\/webknjizara.hr\/proizvod\/ivan-lupis-vukic-prvi-iseljenicki-novinar-b-bezic-filipovic\/#primaryimage","url":"https:\/\/webknjizara.hr\/wp-content\/uploads\/nc\/images\/virtuemart\/product\/ivan-lupis-vuki-4feec936de474.jpg","contentUrl":"https:\/\/webknjizara.hr\/wp-content\/uploads\/nc\/images\/virtuemart\/product\/ivan-lupis-vuki-4feec936de474.jpg","width":363,"height":500,"caption":"IVAN LUPIS-VUKI\u0106, PRVI ISELJENI\u010cKI NOVINAR, B. Bezi\u0107 Filipovi\u0107"},{"@type":"BreadcrumbList","@id":"https:\/\/webknjizara.hr\/proizvod\/ivan-lupis-vukic-prvi-iseljenicki-novinar-b-bezic-filipovic\/#breadcrumb","itemListElement":[{"@type":"ListItem","position":1,"name":"Po\u010detna stranica","item":"https:\/\/webknjizara.hr\/en\/"},{"@type":"ListItem","position":2,"name":"Shop","item":"https:\/\/webknjizara.hr\/shop\/"},{"@type":"ListItem","position":3,"name":"IVAN LUPIS-VUKI\u0106, PRVI ISELJENI\u010cKI NOVINAR, B. Bezi\u0107 Filipovi\u0107"}]},{"@type":"WebSite","@id":"https:\/\/webknjizara.hr\/#website","url":"https:\/\/webknjizara.hr\/","name":"Web Knji\u017eara","description":"","publisher":{"@id":"https:\/\/webknjizara.hr\/#organization"},"potentialAction":[{"@type":"SearchAction","target":{"@type":"EntryPoint","urlTemplate":"https:\/\/webknjizara.hr\/?s={search_term_string}"},"query-input":{"@type":"PropertyValueSpecification","valueRequired":true,"valueName":"search_term_string"}}],"inLanguage":"en-US"},{"@type":"Organization","@id":"https:\/\/webknjizara.hr\/#organization","name":"REDAK D.O.O.","url":"https:\/\/webknjizara.hr\/","logo":{"@type":"ImageObject","inLanguage":"en-US","@id":"https:\/\/webknjizara.hr\/#\/schema\/logo\/image\/","url":"https:\/\/webknjizara.hr\/wp-content\/uploads\/2023\/01\/web-knjizara-logo.webp","contentUrl":"https:\/\/webknjizara.hr\/wp-content\/uploads\/2023\/01\/web-knjizara-logo.webp","width":324,"height":79,"caption":"REDAK D.O.O."},"image":{"@id":"https:\/\/webknjizara.hr\/#\/schema\/logo\/image\/"}}]}},"_links":{"self":[{"href":"https:\/\/webknjizara.hr\/en\/wp-json\/wp\/v2\/product\/7525","targetHints":{"allow":["GET"]}}],"collection":[{"href":"https:\/\/webknjizara.hr\/en\/wp-json\/wp\/v2\/product"}],"about":[{"href":"https:\/\/webknjizara.hr\/en\/wp-json\/wp\/v2\/types\/product"}],"replies":[{"embeddable":true,"href":"https:\/\/webknjizara.hr\/en\/wp-json\/wp\/v2\/comments?post=7525"}],"wp:featuredmedia":[{"embeddable":true,"href":"https:\/\/webknjizara.hr\/en\/wp-json\/wp\/v2\/media\/7526"}],"wp:attachment":[{"href":"https:\/\/webknjizara.hr\/en\/wp-json\/wp\/v2\/media?parent=7525"}],"wp:term":[{"taxonomy":"product_brand","embeddable":true,"href":"https:\/\/webknjizara.hr\/en\/wp-json\/wp\/v2\/product_brand?post=7525"},{"taxonomy":"product_cat","embeddable":true,"href":"https:\/\/webknjizara.hr\/en\/wp-json\/wp\/v2\/product_cat?post=7525"},{"taxonomy":"product_tag","embeddable":true,"href":"https:\/\/webknjizara.hr\/en\/wp-json\/wp\/v2\/product_tag?post=7525"}],"curies":[{"name":"wp","href":"https:\/\/api.w.org\/{rel}","templated":true}]}}