{"id":7519,"date":"2012-06-20T19:01:15","date_gmt":"2012-06-20T19:01:15","guid":{"rendered":"https:\/\/webknjizara.hr\/?product=jedno-jaje-kuna-i-po-dva-jaja-alimentacija-pa-ti-zivi"},"modified":"2023-02-27T00:15:44","modified_gmt":"2023-02-26T23:15:44","slug":"jedno-jaje-kuna-i-po-dva-jaja-alimentacija-pa-ti-zivi","status":"publish","type":"product","link":"https:\/\/webknjizara.hr\/en\/proizvod\/jedno-jaje-kuna-i-po-dva-jaja-alimentacija-pa-ti-zivi\/","title":{"rendered":"JEDNO JAJE KUNA I PO DVA JAJA ALIMENTACIJA PA TI \u017dIVI"},"content":{"rendered":"<div style=\"text-align: justify;\"><\/div>\n<div style=\"text-align: justify;\"><strong>Sa\u017eetak:<\/strong><\/div>\n<div style=\"text-align: justify;\">Pripovijetke iz svakodnevnog \u017eivota iskri\u010davog sadr\u017eaja\u00a0 <\/p>\n<p><strong>Bilje\u0161ka o autoru: <\/strong><\/div>\n<div style=\"text-align: justify;\">Petar Androvi\u0107 ro\u0111en je u Boki Kotorskoj (Bogi\u0161i\u0107i) 10.07.1949 god.<br \/>Djetinjstvo provodi u rodnom kraju gdje poha\u0111a osnovnu i srednju industrijsku \u0161kolu.<br \/>\u017divotni vihori 1971 godine ga dovode u \u0160ibenik gdje je i zasnovao obitelj te provodi svoj radni vijek.<br \/>Kao metalac u slobodno vrijeme se bavi inovacijama za koje na doma\u0107im i svjetskim izlo\u017ebama osvaja zapa\u017eena priznanja i zlatne medalje. <br \/>Ima nekoliko patenata na podru\u010dju strojarstva.<br \/>Pisanje ga zanima od djetinjstva gdje je kao pu\u010dko\u0161kolac pisao ske\u010deve za priredbe i poeziju. Na\u017ealost ti njegovi rani radovi su netragom nestali i na podru\u010dju pisanja nastaje jedna praznina, vrijeme kada se moralo misliti na zaradu da bi se zbrinula obitelj.<br \/>Od kada je u mirovini ponovo se probudila stara ljubav za pisanjem a u tome mu je uvelike pomoglo \u0161to se aktivirao na blogu.<br \/>Voli pisati kratke pri\u010de i pripovijetke bogate humorom i satirom. <br \/>Pisanje do\u017eivljava kao ispu\u0161ni ventil i to \u010dini iz hobija. Pi\u0161e i poeziju.<br \/>Petar Androvi\u0107 je po nacionalnosti Hrvat a po vjeroispovijesti rimokatolik. Valja napomenuti da ni jedno ni drugo ne koristi kao &#8220;zanimanje&#8221; ve\u0107 kao normalan slijed i prirodno postojanje.<\/p>\n<p><strong>Klju\u010dne rije\u010di: <\/strong><\/div>\n<div style=\"text-align: justify;\">Petar, pri\u010de, jaje, kuna, alimentacija, rodijak, \u0111eti\u0107, dalmatina, Neum, most, \u017edrijebica, Mica, Zdenko, ribar, Reza\u0107, Solaris\u2026<\/p>\n<p><strong>Link:<\/strong><a target=\"_blank\" href=\"http:\/\/civordnaratep.blog.hr\/\" rel=\"noopener\">http:\/\/civordnaratep.blog.hr\/<\/a><br \/><strong>E-mail:<\/strong><a href=\"mailto:petar.androvic@hotmail.com \">Petar Androvi\u0107<\/a><\/p>\n<p><strong>Naslov:<\/strong> Jedno jaje kuna i po dva jaja alimentacija pa ti \u017eivi, Pri\u010de iz malog d\u017eepa II. dio<br \/><strong>Autor:<\/strong> Petar Androvi\u0107<br \/><strong>Broj stranica:<\/strong> 170<br \/><strong>Nakladnik:<\/strong> REDAK<br \/><strong>Godina izdanja:<\/strong> 2012.<br \/><strong>ISBN:<\/strong> 978-953-7595-99-9<br \/><strong>Tisak:<\/strong> digitalni tisak knjiga &#8211; print na zahtjev<\/div>\n","protected":false},"excerpt":{"rendered":"<p>JEDNO JAJE KUNA I PO DVA JAJA ALIMENTACIJA PA TI \u017dIVI, PRI\u010cE IZ MALOG D\u017dEPA II, Petar Androvi\u0107<\/p>\n","protected":false},"featured_media":7520,"comment_status":"open","ping_status":"closed","template":"","meta":{"_acf_changed":false},"product_brand":[],"product_cat":[1383,1385],"product_tag":[],"class_list":{"0":"post-7519","1":"product","2":"type-product","3":"status-publish","4":"has-post-thumbnail","6":"product_cat-knjige","7":"product_cat-knjizevnost","8":"pa_autor-petar-androvic","9":"pa_nakladnik-redak","11":"first","12":"instock","13":"shipping-taxable","14":"purchasable","15":"product-type-simple"},"acf":[],"yoast_head":"<!-- This site is optimized with the Yoast SEO plugin v27.3 - https:\/\/yoast.com\/product\/yoast-seo-wordpress\/ -->\n<title>JEDNO JAJE KUNA I PO DVA JAJA ALIMENTACIJA PA TI \u017dIVI - Web-knji\u017eara<\/title>\n<meta name=\"robots\" content=\"index, follow, max-snippet:-1, max-image-preview:large, max-video-preview:-1\" \/>\n<link rel=\"canonical\" href=\"https:\/\/webknjizara.hr\/proizvod\/jedno-jaje-kuna-i-po-dva-jaja-alimentacija-pa-ti-zivi\/\" \/>\n<meta property=\"og:locale\" content=\"en_US\" \/>\n<meta property=\"og:type\" content=\"article\" \/>\n<meta property=\"og:title\" content=\"JEDNO JAJE KUNA I PO DVA JAJA ALIMENTACIJA PA TI \u017dIVI - Web-knji\u017eara\" \/>\n<meta property=\"og:description\" content=\"JEDNO JAJE KUNA I PO DVA JAJA ALIMENTACIJA PA TI \u017dIVI, PRI\u010cE IZ MALOG D\u017dEPA II, Petar Androvi\u0107\" \/>\n<meta property=\"og:url\" content=\"https:\/\/webknjizara.hr\/proizvod\/jedno-jaje-kuna-i-po-dva-jaja-alimentacija-pa-ti-zivi\/\" \/>\n<meta property=\"og:site_name\" content=\"Web-knji\u017eara\" \/>\n<meta property=\"article:modified_time\" content=\"2023-02-26T23:15:44+00:00\" \/>\n<meta property=\"og:image\" content=\"https:\/\/webknjizara.hr\/wp-content\/uploads\/nc\/images\/virtuemart\/product\/jedno-jaje-kuna-4fe21dfb1d93c.jpg\" \/>\n\t<meta property=\"og:image:width\" content=\"353\" \/>\n\t<meta property=\"og:image:height\" content=\"500\" \/>\n\t<meta property=\"og:image:type\" content=\"image\/jpeg\" \/>\n<meta name=\"twitter:card\" content=\"summary_large_image\" \/>\n<meta name=\"twitter:label1\" content=\"Est. reading time\" \/>\n\t<meta name=\"twitter:data1\" content=\"1 minute\" \/>\n<script type=\"application\/ld+json\" class=\"yoast-schema-graph\">{\"@context\":\"https:\\\/\\\/schema.org\",\"@graph\":[{\"@type\":\"WebPage\",\"@id\":\"https:\\\/\\\/webknjizara.hr\\\/proizvod\\\/jedno-jaje-kuna-i-po-dva-jaja-alimentacija-pa-ti-zivi\\\/\",\"url\":\"https:\\\/\\\/webknjizara.hr\\\/proizvod\\\/jedno-jaje-kuna-i-po-dva-jaja-alimentacija-pa-ti-zivi\\\/\",\"name\":\"JEDNO JAJE KUNA I PO DVA JAJA ALIMENTACIJA PA TI \u017dIVI - Web-knji\u017eara\",\"isPartOf\":{\"@id\":\"https:\\\/\\\/webknjizara.hr\\\/#website\"},\"primaryImageOfPage\":{\"@id\":\"https:\\\/\\\/webknjizara.hr\\\/proizvod\\\/jedno-jaje-kuna-i-po-dva-jaja-alimentacija-pa-ti-zivi\\\/#primaryimage\"},\"image\":{\"@id\":\"https:\\\/\\\/webknjizara.hr\\\/proizvod\\\/jedno-jaje-kuna-i-po-dva-jaja-alimentacija-pa-ti-zivi\\\/#primaryimage\"},\"thumbnailUrl\":\"https:\\\/\\\/webknjizara.hr\\\/wp-content\\\/uploads\\\/nc\\\/images\\\/virtuemart\\\/product\\\/jedno-jaje-kuna-4fe21dfb1d93c.jpg\",\"datePublished\":\"2012-06-20T19:01:15+00:00\",\"dateModified\":\"2023-02-26T23:15:44+00:00\",\"breadcrumb\":{\"@id\":\"https:\\\/\\\/webknjizara.hr\\\/proizvod\\\/jedno-jaje-kuna-i-po-dva-jaja-alimentacija-pa-ti-zivi\\\/#breadcrumb\"},\"inLanguage\":\"en-US\",\"potentialAction\":[{\"@type\":\"ReadAction\",\"target\":[\"https:\\\/\\\/webknjizara.hr\\\/proizvod\\\/jedno-jaje-kuna-i-po-dva-jaja-alimentacija-pa-ti-zivi\\\/\"]}]},{\"@type\":\"ImageObject\",\"inLanguage\":\"en-US\",\"@id\":\"https:\\\/\\\/webknjizara.hr\\\/proizvod\\\/jedno-jaje-kuna-i-po-dva-jaja-alimentacija-pa-ti-zivi\\\/#primaryimage\",\"url\":\"https:\\\/\\\/webknjizara.hr\\\/wp-content\\\/uploads\\\/nc\\\/images\\\/virtuemart\\\/product\\\/jedno-jaje-kuna-4fe21dfb1d93c.jpg\",\"contentUrl\":\"https:\\\/\\\/webknjizara.hr\\\/wp-content\\\/uploads\\\/nc\\\/images\\\/virtuemart\\\/product\\\/jedno-jaje-kuna-4fe21dfb1d93c.jpg\",\"width\":353,\"height\":500,\"caption\":\"JEDNO JAJE KUNA I PO DVA JAJA ALIMENTACIJA PA TI \u017dIVI\"},{\"@type\":\"BreadcrumbList\",\"@id\":\"https:\\\/\\\/webknjizara.hr\\\/proizvod\\\/jedno-jaje-kuna-i-po-dva-jaja-alimentacija-pa-ti-zivi\\\/#breadcrumb\",\"itemListElement\":[{\"@type\":\"ListItem\",\"position\":1,\"name\":\"Po\u010detna stranica\",\"item\":\"https:\\\/\\\/webknjizara.hr\\\/en\\\/\"},{\"@type\":\"ListItem\",\"position\":2,\"name\":\"Shop\",\"item\":\"https:\\\/\\\/webknjizara.hr\\\/shop\\\/\"},{\"@type\":\"ListItem\",\"position\":3,\"name\":\"JEDNO JAJE KUNA I PO DVA JAJA ALIMENTACIJA PA TI \u017dIVI\"}]},{\"@type\":\"WebSite\",\"@id\":\"https:\\\/\\\/webknjizara.hr\\\/#website\",\"url\":\"https:\\\/\\\/webknjizara.hr\\\/\",\"name\":\"Web Knji\u017eara\",\"description\":\"\",\"publisher\":{\"@id\":\"https:\\\/\\\/webknjizara.hr\\\/#organization\"},\"potentialAction\":[{\"@type\":\"SearchAction\",\"target\":{\"@type\":\"EntryPoint\",\"urlTemplate\":\"https:\\\/\\\/webknjizara.hr\\\/?s={search_term_string}\"},\"query-input\":{\"@type\":\"PropertyValueSpecification\",\"valueRequired\":true,\"valueName\":\"search_term_string\"}}],\"inLanguage\":\"en-US\"},{\"@type\":\"Organization\",\"@id\":\"https:\\\/\\\/webknjizara.hr\\\/#organization\",\"name\":\"REDAK D.O.O.\",\"url\":\"https:\\\/\\\/webknjizara.hr\\\/\",\"logo\":{\"@type\":\"ImageObject\",\"inLanguage\":\"en-US\",\"@id\":\"https:\\\/\\\/webknjizara.hr\\\/#\\\/schema\\\/logo\\\/image\\\/\",\"url\":\"https:\\\/\\\/webknjizara.hr\\\/wp-content\\\/uploads\\\/2023\\\/01\\\/web-knjizara-logo.webp\",\"contentUrl\":\"https:\\\/\\\/webknjizara.hr\\\/wp-content\\\/uploads\\\/2023\\\/01\\\/web-knjizara-logo.webp\",\"width\":324,\"height\":79,\"caption\":\"REDAK D.O.O.\"},\"image\":{\"@id\":\"https:\\\/\\\/webknjizara.hr\\\/#\\\/schema\\\/logo\\\/image\\\/\"}}]}<\/script>\n<!-- \/ Yoast SEO plugin. -->","yoast_head_json":{"title":"JEDNO JAJE KUNA I PO DVA JAJA ALIMENTACIJA PA TI \u017dIVI - Web-knji\u017eara","robots":{"index":"index","follow":"follow","max-snippet":"max-snippet:-1","max-image-preview":"max-image-preview:large","max-video-preview":"max-video-preview:-1"},"canonical":"https:\/\/webknjizara.hr\/proizvod\/jedno-jaje-kuna-i-po-dva-jaja-alimentacija-pa-ti-zivi\/","og_locale":"en_US","og_type":"article","og_title":"JEDNO JAJE KUNA I PO DVA JAJA ALIMENTACIJA PA TI \u017dIVI - Web-knji\u017eara","og_description":"JEDNO JAJE KUNA I PO DVA JAJA ALIMENTACIJA PA TI \u017dIVI, PRI\u010cE IZ MALOG D\u017dEPA II, Petar Androvi\u0107","og_url":"https:\/\/webknjizara.hr\/proizvod\/jedno-jaje-kuna-i-po-dva-jaja-alimentacija-pa-ti-zivi\/","og_site_name":"Web-knji\u017eara","article_modified_time":"2023-02-26T23:15:44+00:00","og_image":[{"width":353,"height":500,"url":"https:\/\/webknjizara.hr\/wp-content\/uploads\/nc\/images\/virtuemart\/product\/jedno-jaje-kuna-4fe21dfb1d93c.jpg","type":"image\/jpeg"}],"twitter_card":"summary_large_image","twitter_misc":{"Est. reading time":"1 minute"},"schema":{"@context":"https:\/\/schema.org","@graph":[{"@type":"WebPage","@id":"https:\/\/webknjizara.hr\/proizvod\/jedno-jaje-kuna-i-po-dva-jaja-alimentacija-pa-ti-zivi\/","url":"https:\/\/webknjizara.hr\/proizvod\/jedno-jaje-kuna-i-po-dva-jaja-alimentacija-pa-ti-zivi\/","name":"JEDNO JAJE KUNA I PO DVA JAJA ALIMENTACIJA PA TI \u017dIVI - Web-knji\u017eara","isPartOf":{"@id":"https:\/\/webknjizara.hr\/#website"},"primaryImageOfPage":{"@id":"https:\/\/webknjizara.hr\/proizvod\/jedno-jaje-kuna-i-po-dva-jaja-alimentacija-pa-ti-zivi\/#primaryimage"},"image":{"@id":"https:\/\/webknjizara.hr\/proizvod\/jedno-jaje-kuna-i-po-dva-jaja-alimentacija-pa-ti-zivi\/#primaryimage"},"thumbnailUrl":"https:\/\/webknjizara.hr\/wp-content\/uploads\/nc\/images\/virtuemart\/product\/jedno-jaje-kuna-4fe21dfb1d93c.jpg","datePublished":"2012-06-20T19:01:15+00:00","dateModified":"2023-02-26T23:15:44+00:00","breadcrumb":{"@id":"https:\/\/webknjizara.hr\/proizvod\/jedno-jaje-kuna-i-po-dva-jaja-alimentacija-pa-ti-zivi\/#breadcrumb"},"inLanguage":"en-US","potentialAction":[{"@type":"ReadAction","target":["https:\/\/webknjizara.hr\/proizvod\/jedno-jaje-kuna-i-po-dva-jaja-alimentacija-pa-ti-zivi\/"]}]},{"@type":"ImageObject","inLanguage":"en-US","@id":"https:\/\/webknjizara.hr\/proizvod\/jedno-jaje-kuna-i-po-dva-jaja-alimentacija-pa-ti-zivi\/#primaryimage","url":"https:\/\/webknjizara.hr\/wp-content\/uploads\/nc\/images\/virtuemart\/product\/jedno-jaje-kuna-4fe21dfb1d93c.jpg","contentUrl":"https:\/\/webknjizara.hr\/wp-content\/uploads\/nc\/images\/virtuemart\/product\/jedno-jaje-kuna-4fe21dfb1d93c.jpg","width":353,"height":500,"caption":"JEDNO JAJE KUNA I PO DVA JAJA ALIMENTACIJA PA TI \u017dIVI"},{"@type":"BreadcrumbList","@id":"https:\/\/webknjizara.hr\/proizvod\/jedno-jaje-kuna-i-po-dva-jaja-alimentacija-pa-ti-zivi\/#breadcrumb","itemListElement":[{"@type":"ListItem","position":1,"name":"Po\u010detna stranica","item":"https:\/\/webknjizara.hr\/en\/"},{"@type":"ListItem","position":2,"name":"Shop","item":"https:\/\/webknjizara.hr\/shop\/"},{"@type":"ListItem","position":3,"name":"JEDNO JAJE KUNA I PO DVA JAJA ALIMENTACIJA PA TI \u017dIVI"}]},{"@type":"WebSite","@id":"https:\/\/webknjizara.hr\/#website","url":"https:\/\/webknjizara.hr\/","name":"Web Knji\u017eara","description":"","publisher":{"@id":"https:\/\/webknjizara.hr\/#organization"},"potentialAction":[{"@type":"SearchAction","target":{"@type":"EntryPoint","urlTemplate":"https:\/\/webknjizara.hr\/?s={search_term_string}"},"query-input":{"@type":"PropertyValueSpecification","valueRequired":true,"valueName":"search_term_string"}}],"inLanguage":"en-US"},{"@type":"Organization","@id":"https:\/\/webknjizara.hr\/#organization","name":"REDAK D.O.O.","url":"https:\/\/webknjizara.hr\/","logo":{"@type":"ImageObject","inLanguage":"en-US","@id":"https:\/\/webknjizara.hr\/#\/schema\/logo\/image\/","url":"https:\/\/webknjizara.hr\/wp-content\/uploads\/2023\/01\/web-knjizara-logo.webp","contentUrl":"https:\/\/webknjizara.hr\/wp-content\/uploads\/2023\/01\/web-knjizara-logo.webp","width":324,"height":79,"caption":"REDAK D.O.O."},"image":{"@id":"https:\/\/webknjizara.hr\/#\/schema\/logo\/image\/"}}]}},"_links":{"self":[{"href":"https:\/\/webknjizara.hr\/en\/wp-json\/wp\/v2\/product\/7519","targetHints":{"allow":["GET"]}}],"collection":[{"href":"https:\/\/webknjizara.hr\/en\/wp-json\/wp\/v2\/product"}],"about":[{"href":"https:\/\/webknjizara.hr\/en\/wp-json\/wp\/v2\/types\/product"}],"replies":[{"embeddable":true,"href":"https:\/\/webknjizara.hr\/en\/wp-json\/wp\/v2\/comments?post=7519"}],"wp:featuredmedia":[{"embeddable":true,"href":"https:\/\/webknjizara.hr\/en\/wp-json\/wp\/v2\/media\/7520"}],"wp:attachment":[{"href":"https:\/\/webknjizara.hr\/en\/wp-json\/wp\/v2\/media?parent=7519"}],"wp:term":[{"taxonomy":"product_brand","embeddable":true,"href":"https:\/\/webknjizara.hr\/en\/wp-json\/wp\/v2\/product_brand?post=7519"},{"taxonomy":"product_cat","embeddable":true,"href":"https:\/\/webknjizara.hr\/en\/wp-json\/wp\/v2\/product_cat?post=7519"},{"taxonomy":"product_tag","embeddable":true,"href":"https:\/\/webknjizara.hr\/en\/wp-json\/wp\/v2\/product_tag?post=7519"}],"curies":[{"name":"wp","href":"https:\/\/api.w.org\/{rel}","templated":true}]}}