{"id":7513,"date":"2012-06-09T09:23:30","date_gmt":"2012-06-09T09:23:30","guid":{"rendered":"https:\/\/webknjizara.hr\/?product=istrazivanja-u-urbanom-planiranju-pedagoska-biljeznica"},"modified":"2023-02-27T00:15:43","modified_gmt":"2023-02-26T23:15:43","slug":"istrazivanja-u-urbanom-planiranju-pedagoska-biljeznica","status":"publish","type":"product","link":"https:\/\/webknjizara.hr\/en\/proizvod\/istrazivanja-u-urbanom-planiranju-pedagoska-biljeznica\/","title":{"rendered":"ISTRA\u017dIVANJA U URBANOM PLANIRANJU: PEDAGO\u0160KA BILJE\u017dNICA"},"content":{"rendered":"<div style=\"text-align: justify;\"><\/div>\n<div style=\"text-align: justify;\"><strong>Sa\u017eetak: <\/strong><\/div>\n<div style=\"text-align: justify;\"><\/div>\n<div style=\"text-align: justify;\">Kontekst u kojem \u017eivimo vi\u0161e nije stabilni environment, situacije i procesi nemaju vi\u0161e jasnu proceduru a upravo na metodolo\u0161ki jasnoj proceduri, temeljenoj na datom programu i deriviranom u odvojenom procesu odlu\u010divanja, temeljilo se obrazovanje urbanih planera, odnosno projektanata; temeljila se praksa, s odgovorima kako a ne \u0161to i za\u0161to, te u kona\u010dnici rezultiraju\u0107e nezadovoljstvo s neispunjenim eksplicitno zadanim ciljevima.<br \/>Metodologiji orijentiranoj ka cilju pretpostavlja se ovdje metodologija okrenutu razrje\u0161avanju problema.<br \/>Kako se arhitekti i urbani planeri mogu nositi s problemima s kojima se suo\u010davaju; kako mogu doprinijeti \u010duvanju i oboga\u0107enju naslije\u0111ene urbane kulture srednjoeuropskog grada, njegovoj vitalnosti i uljudbi uz sve izazove vremena zada\u0107a je edukacije urbanizma. Metodolo\u0161ka bilje\u017enica zabilje\u0161ka je metode i rezultata rada\u00a0 istra\u017eiva\u010dke i projektantske radionice, na splitskoj katedri za urbanizam (Fakulteta gra\u0111evinarstva, arhitekture i geodezije), za propitivanje novih modela odr\u017eivog razvoja prostora unutar sve ja\u010dih procesa litorizacije.<\/p>\n<p><strong>Bilje\u0161ka o autorici: <\/strong><\/div>\n<div style=\"text-align: justify;\"><\/div>\n<div style=\"text-align: justify;\">IVANA \u0160VERKO, ro\u0111ena u Zagrebu. Nakon studija na zagreba\u010dkom sveu\u010dili\u0161tu gdje diplomira na Arhitektonskom fakultetu (dipl. ing. arh.), magistrira (Master of Arch) na College of Architecture and Urban Planning (University of Washington, Seattle, SAD), na studiju Urban Design Program. Doktorira na Arhitektonskom fakultetu Sveu\u010dili\u0161ta u Zagrebu, u podru\u010dju tehni\u010dkih znanosti, u polju arhitekture i urbanizma. Trenuta\u010dno je u zvanju izvanredne profesorice i pro\u010delnica je Katedre za urbanizam, na Fakultetu gra\u0111evinarstva, arhitekture i geodezije na Sveu\u010dili\u0161tu u Splitu. Istra\u017euje i objavljuje znanstvene radove iz povijesti i osnova urbanizma, urbanog dizajna, teorije i povijesti dizajna, urbanisti\u010dkog planiranja itd.<\/div>\n<div style=\"text-align: justify;\">Me\u0111u zna\u010dajnijim radovima su: La pianificazione costiera in Croazia u Progettare la costa, Diabasis, Reggio Emilia, Italija (2007.), s I. Trumbi\u0107em; Splitska \u0161kola za dizajn, Knji\u017eevni krug, Split (2003.); O dizajnu, Umjetni\u010dka akademija Sveu\u010dili\u0161ta u Splitu, Split (2003.); Vizualna kultura i likovno obrazovanje, Hrvatsko vije\u0107e InSEA, Zagreb (2001.); Monumental, Historical and Architectural Heritage of Croatian Adriatic Shores, Community Initiative Interreg Iic &#8211; Cadses, Vision Planet Project (1999.); Trg na rubu povijesne jezgre &#8211; granice povijesnog sredi\u0161ta, Prostor, vol.5(1997), br.2(14); Uobli\u010davanje prve strukovne risarske \u0161kole i za\u010deci industrijskog oblikovanja u Dalmaciji (1996.); Pike Place Market \/ Block MC-1, Active Preservation: Recycling and Interpolation (1978.); Plan Evaluation, with Paul Reinhardt, Urban Design Study, UW Seattle, S.A.D. (1978.) i dr.<\/div>\n<div style=\"text-align: justify;\">Objavljuje znanstvene tekstove i \u010dlanke u zbornicima, te redovito sudjeluje na me\u0111unarodnim kongresima, skupovima i radionicama, koje i organizira. Voditeljica je znanstvenog projekta (br.2-13-443), a \u010desto i recenzira, te evaluira programe i projekte raznih drugih institucija i tijela. Sudjeluje na arhitektonskim natje\u010dajima, izra\u0111uje arhitektonsko-urbanisti\u010dke studije, projekte i sl. Organizira i sudjeluje na izlo\u017ebama, na javnim predavanjima, predstavljanjima knjiga itd. <\/div>\n<div style=\"text-align: justify;\"><\/div>\n<div style=\"text-align: justify;\">\u010clanica je po\u010dasnog dru\u0161tva Tau Sigma Delta &#8211; Jota Chapter za arhitekturu i srodne umjetnosti ameri\u010dkih sveu\u010dili\u0161ta, S.A.D., Udru\u017eenja hrvatskih arhitekata,\u00a0 Icomos-a i tajnica Hrvatskog nacionalnog odbora (1994 &#8211; 1998.), Patrimoine Sans Frontieres, Pariz, Francuska, i Insea-e, stru\u010dne udruge vizualnih umjetnosti i likovne izobrazbe. Dobitnica je nekoliko nagrada za svoj stru\u010dni rad, te posebno za izuzetan doprinos razvoju Sveu\u010dili\u0161tu u Splitu (2010.).\u00a0 <\/p>\n<p><strong>Bilje\u0161ka o urednici: <\/strong><\/div>\n<div style=\"text-align: justify;\"><\/div>\n<div style=\"text-align: justify;\">AN\u010cI LEBURI\u0106, redovna profesorica na katedri sociolo\u0161ke metodologije, Odsjeka za sociologiju Filozofskog fakulteta u Splitu. Objavljuje znanstvene radove iz metodologije dru\u0161tvenih i humanisti\u010dkih istra\u017eivanja, te empirijske studije iz posebnih sociologija. Nositeljica je kolegija na preddiplomskim, diplomskim i doktorskim studijima u zemlji i inozemstvu. Urednica je nekoliko biblioteka u kojima se objavljuju metodolo\u0161ke i sociolo\u0161ke studije. Vodi i sudjeluje u me\u0111unarodnim projektima u kojima se istra\u017euju razvojne, kulturolo\u0161ke, medijske, socijalno-ekolo\u0161ke, urbane i dr. teme.<\/div>\n<div style=\"text-align: justify;\">\u010clanica je nekoliko stru\u010dnih asocijacija, te predsjednica Splitske podru\u017enice Hrvatskoga sociolo\u0161kog dru\u0161tva od 2006 god.<\/div>\n<div style=\"text-align: justify;\"><strong>E-mail:<\/strong> <a href=\"mailto:anci@ffst.hr\">An\u010di Leburi\u0107<\/a><br \/><strong>Link:<\/strong> <a target=\"_blank\" href=\"http:\/\/www.ancileburic.com\" rel=\"noopener\">www.ancileburic.com<\/a><\/p>\n<p><strong>Klju\u010dne rije\u010di:<\/strong><\/div>\n<div style=\"text-align: justify;\">Istra\u017eivanje, urbano planiranje, pedago\u0161ka bilje\u017enica, odr\u017eivi razvoj \/ research, urban planning, pedagogical notebook, sustainable development<\/p>\n<p><strong>E-mail: <\/strong><a href=\"mailto:ivana.sverko@gradst.hr\">Ivana \u0160verko<\/a><\/p>\n<p><strong>Naslov:<\/strong> Istra\u017eivanja u urbanom planiranju: Pedago\u0161ka bilje\u017enica \/ Urban Planning Research: Pedagogical Notebook<br \/><strong>Autor:<\/strong> Ivana \u0160verko<br \/><strong>Broj stranica:<\/strong> 112<br \/><strong>Nakladnik:<\/strong> REDAK<br \/><strong>Godina izdanja:<\/strong> 2012.<br \/><strong>ISBN:<\/strong> 978-953-7595-96-8<br \/><strong>Tisak:<\/strong> digitalni tisak knjiga &#8211; print na zahtjev<\/div>\n","protected":false},"excerpt":{"rendered":"<p>Istra\u017eivanja u urbanom planiranju: Pedago\u0161ka bilje\u017enica \/ Urban Planning Research: Pedagogical Notebook, Ivana \u0160verko<\/p>\n","protected":false},"featured_media":7514,"comment_status":"open","ping_status":"closed","template":"","meta":{"_acf_changed":false},"product_brand":[],"product_cat":[1539],"product_tag":[],"class_list":{"0":"post-7513","1":"product","2":"type-product","3":"status-publish","4":"has-post-thumbnail","6":"product_cat-sveucilisni-udzbenici-i-prirucnici","7":"pa_autor-ivana-sverko","8":"pa_nakladnik-redak","10":"first","11":"instock","12":"shipping-taxable","13":"purchasable","14":"product-type-simple"},"acf":[],"yoast_head":"<!-- This site is optimized with the Yoast SEO plugin v27.3 - https:\/\/yoast.com\/product\/yoast-seo-wordpress\/ -->\n<title>ISTRA\u017dIVANJA U URBANOM PLANIRANJU: PEDAGO\u0160KA BILJE\u017dNICA - Web-knji\u017eara<\/title>\n<meta name=\"robots\" content=\"index, follow, max-snippet:-1, max-image-preview:large, max-video-preview:-1\" \/>\n<link rel=\"canonical\" href=\"https:\/\/webknjizara.hr\/proizvod\/istrazivanja-u-urbanom-planiranju-pedagoska-biljeznica\/\" \/>\n<meta property=\"og:locale\" content=\"en_US\" \/>\n<meta property=\"og:type\" content=\"article\" \/>\n<meta property=\"og:title\" content=\"ISTRA\u017dIVANJA U URBANOM PLANIRANJU: PEDAGO\u0160KA BILJE\u017dNICA - Web-knji\u017eara\" \/>\n<meta property=\"og:description\" content=\"Istra\u017eivanja u urbanom planiranju: Pedago\u0161ka bilje\u017enica \/ Urban Planning Research: Pedagogical Notebook, Ivana \u0160verko\" \/>\n<meta property=\"og:url\" content=\"https:\/\/webknjizara.hr\/proizvod\/istrazivanja-u-urbanom-planiranju-pedagoska-biljeznica\/\" \/>\n<meta property=\"og:site_name\" content=\"Web-knji\u017eara\" \/>\n<meta property=\"article:modified_time\" content=\"2023-02-26T23:15:43+00:00\" \/>\n<meta property=\"og:image\" content=\"https:\/\/webknjizara.hr\/wp-content\/uploads\/nc\/images\/virtuemart\/product\/istra-ivanja-u-4fd316122d8cf.jpg\" \/>\n\t<meta property=\"og:image:width\" content=\"363\" \/>\n\t<meta property=\"og:image:height\" content=\"500\" \/>\n\t<meta property=\"og:image:type\" content=\"image\/jpeg\" \/>\n<meta name=\"twitter:card\" content=\"summary_large_image\" \/>\n<meta name=\"twitter:label1\" content=\"Est. reading time\" \/>\n\t<meta name=\"twitter:data1\" content=\"4 minutes\" \/>\n<script type=\"application\/ld+json\" class=\"yoast-schema-graph\">{\"@context\":\"https:\\\/\\\/schema.org\",\"@graph\":[{\"@type\":\"WebPage\",\"@id\":\"https:\\\/\\\/webknjizara.hr\\\/proizvod\\\/istrazivanja-u-urbanom-planiranju-pedagoska-biljeznica\\\/\",\"url\":\"https:\\\/\\\/webknjizara.hr\\\/proizvod\\\/istrazivanja-u-urbanom-planiranju-pedagoska-biljeznica\\\/\",\"name\":\"ISTRA\u017dIVANJA U URBANOM PLANIRANJU: PEDAGO\u0160KA BILJE\u017dNICA - Web-knji\u017eara\",\"isPartOf\":{\"@id\":\"https:\\\/\\\/webknjizara.hr\\\/#website\"},\"primaryImageOfPage\":{\"@id\":\"https:\\\/\\\/webknjizara.hr\\\/proizvod\\\/istrazivanja-u-urbanom-planiranju-pedagoska-biljeznica\\\/#primaryimage\"},\"image\":{\"@id\":\"https:\\\/\\\/webknjizara.hr\\\/proizvod\\\/istrazivanja-u-urbanom-planiranju-pedagoska-biljeznica\\\/#primaryimage\"},\"thumbnailUrl\":\"https:\\\/\\\/webknjizara.hr\\\/wp-content\\\/uploads\\\/nc\\\/images\\\/virtuemart\\\/product\\\/istra-ivanja-u-4fd316122d8cf.jpg\",\"datePublished\":\"2012-06-09T09:23:30+00:00\",\"dateModified\":\"2023-02-26T23:15:43+00:00\",\"breadcrumb\":{\"@id\":\"https:\\\/\\\/webknjizara.hr\\\/proizvod\\\/istrazivanja-u-urbanom-planiranju-pedagoska-biljeznica\\\/#breadcrumb\"},\"inLanguage\":\"en-US\",\"potentialAction\":[{\"@type\":\"ReadAction\",\"target\":[\"https:\\\/\\\/webknjizara.hr\\\/proizvod\\\/istrazivanja-u-urbanom-planiranju-pedagoska-biljeznica\\\/\"]}]},{\"@type\":\"ImageObject\",\"inLanguage\":\"en-US\",\"@id\":\"https:\\\/\\\/webknjizara.hr\\\/proizvod\\\/istrazivanja-u-urbanom-planiranju-pedagoska-biljeznica\\\/#primaryimage\",\"url\":\"https:\\\/\\\/webknjizara.hr\\\/wp-content\\\/uploads\\\/nc\\\/images\\\/virtuemart\\\/product\\\/istra-ivanja-u-4fd316122d8cf.jpg\",\"contentUrl\":\"https:\\\/\\\/webknjizara.hr\\\/wp-content\\\/uploads\\\/nc\\\/images\\\/virtuemart\\\/product\\\/istra-ivanja-u-4fd316122d8cf.jpg\",\"width\":363,\"height\":500,\"caption\":\"ISTRA\u017dIVANJA U URBANOM PLANIRANJU: PEDAGO\u0160KA BILJE\u017dNICA\"},{\"@type\":\"BreadcrumbList\",\"@id\":\"https:\\\/\\\/webknjizara.hr\\\/proizvod\\\/istrazivanja-u-urbanom-planiranju-pedagoska-biljeznica\\\/#breadcrumb\",\"itemListElement\":[{\"@type\":\"ListItem\",\"position\":1,\"name\":\"Po\u010detna stranica\",\"item\":\"https:\\\/\\\/webknjizara.hr\\\/en\\\/\"},{\"@type\":\"ListItem\",\"position\":2,\"name\":\"Shop\",\"item\":\"https:\\\/\\\/webknjizara.hr\\\/shop\\\/\"},{\"@type\":\"ListItem\",\"position\":3,\"name\":\"ISTRA\u017dIVANJA U URBANOM PLANIRANJU: PEDAGO\u0160KA BILJE\u017dNICA\"}]},{\"@type\":\"WebSite\",\"@id\":\"https:\\\/\\\/webknjizara.hr\\\/#website\",\"url\":\"https:\\\/\\\/webknjizara.hr\\\/\",\"name\":\"Web Knji\u017eara\",\"description\":\"\",\"publisher\":{\"@id\":\"https:\\\/\\\/webknjizara.hr\\\/#organization\"},\"potentialAction\":[{\"@type\":\"SearchAction\",\"target\":{\"@type\":\"EntryPoint\",\"urlTemplate\":\"https:\\\/\\\/webknjizara.hr\\\/?s={search_term_string}\"},\"query-input\":{\"@type\":\"PropertyValueSpecification\",\"valueRequired\":true,\"valueName\":\"search_term_string\"}}],\"inLanguage\":\"en-US\"},{\"@type\":\"Organization\",\"@id\":\"https:\\\/\\\/webknjizara.hr\\\/#organization\",\"name\":\"REDAK D.O.O.\",\"url\":\"https:\\\/\\\/webknjizara.hr\\\/\",\"logo\":{\"@type\":\"ImageObject\",\"inLanguage\":\"en-US\",\"@id\":\"https:\\\/\\\/webknjizara.hr\\\/#\\\/schema\\\/logo\\\/image\\\/\",\"url\":\"https:\\\/\\\/webknjizara.hr\\\/wp-content\\\/uploads\\\/2023\\\/01\\\/web-knjizara-logo.webp\",\"contentUrl\":\"https:\\\/\\\/webknjizara.hr\\\/wp-content\\\/uploads\\\/2023\\\/01\\\/web-knjizara-logo.webp\",\"width\":324,\"height\":79,\"caption\":\"REDAK D.O.O.\"},\"image\":{\"@id\":\"https:\\\/\\\/webknjizara.hr\\\/#\\\/schema\\\/logo\\\/image\\\/\"}}]}<\/script>\n<!-- \/ Yoast SEO plugin. -->","yoast_head_json":{"title":"ISTRA\u017dIVANJA U URBANOM PLANIRANJU: PEDAGO\u0160KA BILJE\u017dNICA - Web-knji\u017eara","robots":{"index":"index","follow":"follow","max-snippet":"max-snippet:-1","max-image-preview":"max-image-preview:large","max-video-preview":"max-video-preview:-1"},"canonical":"https:\/\/webknjizara.hr\/proizvod\/istrazivanja-u-urbanom-planiranju-pedagoska-biljeznica\/","og_locale":"en_US","og_type":"article","og_title":"ISTRA\u017dIVANJA U URBANOM PLANIRANJU: PEDAGO\u0160KA BILJE\u017dNICA - Web-knji\u017eara","og_description":"Istra\u017eivanja u urbanom planiranju: Pedago\u0161ka bilje\u017enica \/ Urban Planning Research: Pedagogical Notebook, Ivana \u0160verko","og_url":"https:\/\/webknjizara.hr\/proizvod\/istrazivanja-u-urbanom-planiranju-pedagoska-biljeznica\/","og_site_name":"Web-knji\u017eara","article_modified_time":"2023-02-26T23:15:43+00:00","og_image":[{"width":363,"height":500,"url":"https:\/\/webknjizara.hr\/wp-content\/uploads\/nc\/images\/virtuemart\/product\/istra-ivanja-u-4fd316122d8cf.jpg","type":"image\/jpeg"}],"twitter_card":"summary_large_image","twitter_misc":{"Est. reading time":"4 minutes"},"schema":{"@context":"https:\/\/schema.org","@graph":[{"@type":"WebPage","@id":"https:\/\/webknjizara.hr\/proizvod\/istrazivanja-u-urbanom-planiranju-pedagoska-biljeznica\/","url":"https:\/\/webknjizara.hr\/proizvod\/istrazivanja-u-urbanom-planiranju-pedagoska-biljeznica\/","name":"ISTRA\u017dIVANJA U URBANOM PLANIRANJU: PEDAGO\u0160KA BILJE\u017dNICA - Web-knji\u017eara","isPartOf":{"@id":"https:\/\/webknjizara.hr\/#website"},"primaryImageOfPage":{"@id":"https:\/\/webknjizara.hr\/proizvod\/istrazivanja-u-urbanom-planiranju-pedagoska-biljeznica\/#primaryimage"},"image":{"@id":"https:\/\/webknjizara.hr\/proizvod\/istrazivanja-u-urbanom-planiranju-pedagoska-biljeznica\/#primaryimage"},"thumbnailUrl":"https:\/\/webknjizara.hr\/wp-content\/uploads\/nc\/images\/virtuemart\/product\/istra-ivanja-u-4fd316122d8cf.jpg","datePublished":"2012-06-09T09:23:30+00:00","dateModified":"2023-02-26T23:15:43+00:00","breadcrumb":{"@id":"https:\/\/webknjizara.hr\/proizvod\/istrazivanja-u-urbanom-planiranju-pedagoska-biljeznica\/#breadcrumb"},"inLanguage":"en-US","potentialAction":[{"@type":"ReadAction","target":["https:\/\/webknjizara.hr\/proizvod\/istrazivanja-u-urbanom-planiranju-pedagoska-biljeznica\/"]}]},{"@type":"ImageObject","inLanguage":"en-US","@id":"https:\/\/webknjizara.hr\/proizvod\/istrazivanja-u-urbanom-planiranju-pedagoska-biljeznica\/#primaryimage","url":"https:\/\/webknjizara.hr\/wp-content\/uploads\/nc\/images\/virtuemart\/product\/istra-ivanja-u-4fd316122d8cf.jpg","contentUrl":"https:\/\/webknjizara.hr\/wp-content\/uploads\/nc\/images\/virtuemart\/product\/istra-ivanja-u-4fd316122d8cf.jpg","width":363,"height":500,"caption":"ISTRA\u017dIVANJA U URBANOM PLANIRANJU: PEDAGO\u0160KA BILJE\u017dNICA"},{"@type":"BreadcrumbList","@id":"https:\/\/webknjizara.hr\/proizvod\/istrazivanja-u-urbanom-planiranju-pedagoska-biljeznica\/#breadcrumb","itemListElement":[{"@type":"ListItem","position":1,"name":"Po\u010detna stranica","item":"https:\/\/webknjizara.hr\/en\/"},{"@type":"ListItem","position":2,"name":"Shop","item":"https:\/\/webknjizara.hr\/shop\/"},{"@type":"ListItem","position":3,"name":"ISTRA\u017dIVANJA U URBANOM PLANIRANJU: PEDAGO\u0160KA BILJE\u017dNICA"}]},{"@type":"WebSite","@id":"https:\/\/webknjizara.hr\/#website","url":"https:\/\/webknjizara.hr\/","name":"Web Knji\u017eara","description":"","publisher":{"@id":"https:\/\/webknjizara.hr\/#organization"},"potentialAction":[{"@type":"SearchAction","target":{"@type":"EntryPoint","urlTemplate":"https:\/\/webknjizara.hr\/?s={search_term_string}"},"query-input":{"@type":"PropertyValueSpecification","valueRequired":true,"valueName":"search_term_string"}}],"inLanguage":"en-US"},{"@type":"Organization","@id":"https:\/\/webknjizara.hr\/#organization","name":"REDAK D.O.O.","url":"https:\/\/webknjizara.hr\/","logo":{"@type":"ImageObject","inLanguage":"en-US","@id":"https:\/\/webknjizara.hr\/#\/schema\/logo\/image\/","url":"https:\/\/webknjizara.hr\/wp-content\/uploads\/2023\/01\/web-knjizara-logo.webp","contentUrl":"https:\/\/webknjizara.hr\/wp-content\/uploads\/2023\/01\/web-knjizara-logo.webp","width":324,"height":79,"caption":"REDAK D.O.O."},"image":{"@id":"https:\/\/webknjizara.hr\/#\/schema\/logo\/image\/"}}]}},"_links":{"self":[{"href":"https:\/\/webknjizara.hr\/en\/wp-json\/wp\/v2\/product\/7513","targetHints":{"allow":["GET"]}}],"collection":[{"href":"https:\/\/webknjizara.hr\/en\/wp-json\/wp\/v2\/product"}],"about":[{"href":"https:\/\/webknjizara.hr\/en\/wp-json\/wp\/v2\/types\/product"}],"replies":[{"embeddable":true,"href":"https:\/\/webknjizara.hr\/en\/wp-json\/wp\/v2\/comments?post=7513"}],"wp:featuredmedia":[{"embeddable":true,"href":"https:\/\/webknjizara.hr\/en\/wp-json\/wp\/v2\/media\/7514"}],"wp:attachment":[{"href":"https:\/\/webknjizara.hr\/en\/wp-json\/wp\/v2\/media?parent=7513"}],"wp:term":[{"taxonomy":"product_brand","embeddable":true,"href":"https:\/\/webknjizara.hr\/en\/wp-json\/wp\/v2\/product_brand?post=7513"},{"taxonomy":"product_cat","embeddable":true,"href":"https:\/\/webknjizara.hr\/en\/wp-json\/wp\/v2\/product_cat?post=7513"},{"taxonomy":"product_tag","embeddable":true,"href":"https:\/\/webknjizara.hr\/en\/wp-json\/wp\/v2\/product_tag?post=7513"}],"curies":[{"name":"wp","href":"https:\/\/api.w.org\/{rel}","templated":true}]}}