{"id":7511,"date":"2012-06-06T16:00:27","date_gmt":"2012-06-06T16:00:27","guid":{"rendered":"https:\/\/webknjizara.hr\/?product=likovne-kronike-natasa-segota-lah"},"modified":"2023-02-27T00:15:43","modified_gmt":"2023-02-26T23:15:43","slug":"likovne-kronike-natasa-segota-lah","status":"publish","type":"product","link":"https:\/\/webknjizara.hr\/en\/proizvod\/likovne-kronike-natasa-segota-lah\/","title":{"rendered":"LIKOVNE KRONIKE, Nata\u0161a \u0160egota Lah"},"content":{"rendered":"<div style=\"text-align: justify;\"><\/div>\n<div style=\"text-align: justify;\"><strong>Sa\u017eetak:<\/strong><\/div>\n<div style=\"text-align: justify;\"><em><br \/><\/em><\/div>\n<div style=\"text-align: justify;\"><em>Likovne kronike, za razliku od likovnih kritika, nemaju potpunu kriti\u010dku autonomiju. Nemaju autonomiju kakvu im je davalo okrilje knji\u017eevnosti (iz koje su nikle), \u0161tite\u0107i kriti\u010dku kao umjetni\u010dku izvornost pogleda na svijet. Nemaju autonomiju kakvu joj je svojevremeno dao visoki modernizam, \u0161tite\u0107i kriti\u010dku pripadnost paradigmi umjetni\u010dkog \u010dina od \u201evanjskih\u201d utjecaja kulture. Kronike likovnosti danas uglavnom svjedo\u010de umjetni\u010dke tijekove u nadziranim prostorima. Autor, kroni\u010dar, upori\u0161te nalazi u sebi samome, prisilno udomljen u prostoru masovnih medija, i vo\u0111en kustoskim praksama, vi\u0161e negoli vlastitim izborima. U defragmentiranom prostoru zbilje nespojivih vrijednosnih orijentira, pod budnim okom korporacionizma i masovnog turizma, mi pratimo umjetnost kao niz neusustavljenih, zate\u010denih doga\u0111aja. Kroni\u010dar kao u slu\u017ebi nadzora zadanog prostora, umjetnik kao iskorijenjeni nomad u plemenu velike teme, susre\u0107u se nakratko i slu\u010dajno. Vremena za polemiku nema. Umjetnost na proputovanju smje\u0161ta se u muzeju ili galeriji kao u kakvom boljem ili lo\u0161ijem hotelu. U tim kratkotrajnim susretima kroni\u010dar je pa\u017eljiv prema svakom umjetni\u010dkom \u010dinu, kao kroja\u010d koji uzima mjere, ali ne kreira modu. <br \/><\/em><\/div>\n<div style=\"text-align: justify;\"><em><br \/><\/em><\/div>\n<div style=\"text-align: justify;\"><em>Umjetni\u010dka kritika se u drugoj polovici XX stolje\u0107a smjestila gdje joj nije mjesto: u javnim medijima; izgubiv\u0161i time, u novonastalim okolnostima nekriti\u010dkih strategija masovnosti i populizma, svoju svrsishodnost. Prije svega, zbog komercijalne organizacije masovnih medija koji su uvjetovani prirodom svoga sustava, odnosno Big Businessom koji financira njihovu proizvodnju i produkciju. S druge strane, masovni mediji, bez obzira na to \u0161to funkcioniraju razli\u010dito u razli\u010ditim tipovima dru\u0161tva, uvijek preuzimaju oblik i kolorit socijalnih i politi\u010dkih struktura u koje su uklju\u010deni. <br \/><\/em><\/div>\n<div style=\"text-align: justify;\"><em><br \/><\/em><\/div>\n<div style=\"text-align: justify;\"><em>Kroni\u010darska je preglednost likovne scene ostala jedina upori\u0161na to\u010dka ne\u010dega \u0161to je nekada bila umjetni\u010dka kritika, upozorava nas i\u00a0 Donald Burton Kuspit. Pokazalo se da su se kriti\u010dari umjetnosti dezorijentirali nasumi\u010dnim pra\u0107enjem programa koje su kreirale galerije i muzeji u sredinama unutar kojih su djelovali. Na taj su na\u010din institucije preuzele inicijativu prepoznavanja, artikulacije, pra\u0107enja i posredovanja\u00a0 aktualne umjetni\u010dke produkcije, \u010dime se \u017eari\u0161te valorizacije umjetnosti izmjestilo iz teorijskog fokusa kritike u podru\u010dje kustoskih praksi. Pritom, premda stru\u010dna, kustoska praksa po prirodi svoje dru\u0161tvene uloge i smisla, uglavnom je pozitivno orijentirana na programe koje kreira. Ona je dakle taj \u201emodni\u201d kreator, karika koja prividno nedostaje. Cijena kadikad mo\u017ee biti velika. Svjedo\u010de nam to nejasne granice umjetnosti i dizajna, trgovine i kritike, opisivanja i vrednovanja. <br \/><\/em><\/div>\n<div style=\"text-align: justify;\"><em><br \/><\/em><\/div>\n<div style=\"text-align: justify;\"><em>Ali vrijeme postmodernizma ne jenjava. Kriti\u010dkom diskursu je i time nametnut \u010ditav niz vrijednosnih perspektiva, s nejasnim i propusnim granicama. S time je post-teorijsko vrijeme potpomoglo izmje\u0161tanju iz teorijskog, prema kroni\u010darskom fokusu kriti\u010dara, kako je ispravno zapazio Kuspit. Istina, postmodernizam je nastojao izbje\u0107i pretenzije na bilo koju teorijsku op\u0107evaljanost, prihvatio je relativizaciju, citat, zaborav, podsmijeh na velike pripovijesti (teorije) pa se mo\u017ee \u010ditati i kao epoha koja je ostala bez izvjesnosti i hijerarhija, i kao takvu je naprosto trebamo prihvatiti. Ili najaviti obrat? <\/em><\/div>\n<div style=\"text-align: justify;\">&#8211; Odlomak iz knjige<\/p>\n<p><strong>Bilje\u0161ka o autorici: <\/strong><\/div>\n<div style=\"text-align: justify;\"><strong>Nata\u0161a \u0160egota Lah<\/strong> (Rijeka, 1959.) diplomirala je filozofiju i povijest umjetnosti, a doktorirala na podru\u010dju povijesti umjetnosti i filologije s temom Likovne koordinate u djelu Miroslava Krle\u017ee. Autorica je i izbornica niza tuzemnih i me\u0111unarodnih izlo\u017ebenih projekata, uklju\u010duju\u0107i monografske, retrospektivne i tematske izlo\u017ebe u razli\u010ditim umjetni\u010dkim i dokumentarnim medijima. Pratila je suvremenu likovnu scenu u zemlji i inozemstvu pi\u0161u\u0107i u kontinuitetu likovnu kritiku eseje, prikaze, katalo\u0161ke tekstove, knjige i monografske publikacije od 1985. do 2005.g. Danas je nositeljica teorijske grupe kolegija pri Odsjeku za povijest umjetnosti Filozofskog fakulteta Sveu\u010dili\u0161ta u Rijeci i bavi se znanstvenim radom na podru\u010dju povijesti teorije umjetnosti i umjetni\u010dke kritike. Do sada je objavila\u00a0 sljede\u0107e publikacije:<\/div>\n<div style=\"text-align: justify;\"><\/p>\n<div style=\"text-align: left;\">Knjige o likovnoj umjetnosti:<\/div>\n<\/div>\n<div style=\"text-align: left;\">&#8211;\u00a0\u00a0\u00a0 <strong>Autogarm<\/strong>, Rijeka: Adami\u0107 &#038; DPU Rijeke, Istre i Hrvatskog primorja, 2004.<br \/>&#8211;\u00a0\u00a0\u00a0 <strong>Likovne kronike<\/strong>. Nova \u010ditanja kritika, eseja i prikaza napisanih od 1989. do 2011., Split: Redak, 2012.<\/p>\n<p>Monografske publikacije s podru\u010dja slikarstva: <\/p>\n<p>&#8211;\u00a0\u00a0\u00a0 <strong>Mauro Stipanov<\/strong>, Zagreb: Art studio Azinovi\u0107, 1997.<br \/>&#8211;\u00a0\u00a0\u00a0 <strong>Claudio Frank<\/strong>, Opatija: Grad Opatija, 2001. (koautor Berislav Valu\u0161ek)<br \/>&#8211;\u00a0\u00a0\u00a0 <strong>Antun Haller<\/strong>, Rijeka: Hrvatsko dru\u0161tvo likovnih umjetnika Rijeke, 2003.<br \/>&#8211;\u00a0\u00a0\u00a0<strong> Tomo Geri\u010di\u0107 \u2013 Ino<\/strong> (1929.-1979.) pogled unatrag, Kor\u010dula: HAZU Maksimilijan Vanka, 2004.<br \/>&#8211;\u00a0\u00a0\u00a0 <strong>D\u017eeko Hod\u017ei\u0107<\/strong>, Sarajevo: Kult, 2012. (grupa\u00a0 autora)<\/div>\n<div style=\"text-align: left;\"><\/div>\n<div style=\"text-align: left;\">Monografske publikacije s podru\u010dja fotografije:<br \/>&#8211;\u00a0\u00a0\u00a0 <strong>Ranko Dokmanovi\u0107<\/strong>, Rijeka: Muzej moderne i suvremene umjetnosti, 1999. (koautor Darko Glavan)<br \/>&#8211;\u00a0\u00a0\u00a0 <strong>Stanko Abad\u017ei\u0107<\/strong>, Zagreb: Fraktura, 2007.<\/div>\n<div style=\"text-align: left;\"><\/div>\n<div style=\"text-align: justify;\">\n<div style=\"text-align: left;\">Monografske publikacije s podru\u010dja scenografije:<br \/>&#8211;\u00a0\u00a0\u00a0 <strong>Dalibor Laginja<\/strong>, Rijeka: Adami\u0107, 2006.<\/div>\n<p>Izbor drugih radova dostupan na: <a target=\"_blank\" href=\"http:\/\/bib.irb.hr\/\" rel=\"noopener\">http:\/\/bib.irb.hr\/<\/a><\/p>\n<p><strong>Bilje\u0161ka o urednici:<\/strong><\/div>\n<div style=\"text-align: justify;\"><strong>Vera Gambar Mi\u0161\u010devi\u0107<\/strong> (Rijeka, 1952.) \u2013 istaknuta je voditeljica izlo\u017ebene i izdava\u010dke djelatnosti\u00a0 Hrvatskog kulturnog doma u Rijeci i urednica svih katalo\u0161kih publikacija ustanove do 1995. godine, uklju\u010duju\u0107i knjigu autorice Nine Kudi\u0161 \u00bbArs Sacra\u00ab (HKD, Rijeka 1990.) U istom je razdoblju bila urednica filozofske biblioteke \u00bbAnalytica Adriatica\u00ab, gdje se me\u0111u niz ure\u0111iva\u010dkih ostvarenja\u00a0 isti\u010de knjiga Johna Rawlsa \u00bbO liberalizmu i pravednosti\u00ab (1993.). Ure\u0111ivala je \u010dasopis za kulturu otvorenog dru\u0161tva \/ journal for the culture in the open society \u00bbAgora\u00ab, i tematske brojeve \u010dasopisa za kulturna i dru\u0161tvena pitanja \u00bbDometi\u00ab (ICR,\u00a0 Rijeka). Danas se bavi umjetni\u010dkim radom na polju kerami\u010dkog oblikovanja i ure\u0111ivanjem istovrsnih temata u \u010dasopisu \u00bbNovi Kamov\u00ab (ICR, Rijeka).<\/div>\n<div style=\"text-align: justify;\"><strong>Klju\u010dne rije\u010di:<\/strong> Nata\u0161a \u0160egota Lah, likovna kritika, likovna umjetnost, moderna umjetnost, suvremena umjetnost\u00a0 <\/p>\n<p><strong>E-mail:<\/strong> <a href=\"mailto:segotalah@gmail.com\">Nata\u0161a \u0160egota Lah<\/a><\/div>\n<div style=\"text-align: justify;\"><strong>Naslov:<\/strong> Likovne kronike<br \/><strong>Autor:<\/strong> Nata\u0161a \u0160egota Lah<br \/><strong>Broj stranica:<\/strong> 382<br \/><strong>Nakladnik:<\/strong> REDAK<br \/><strong>Godina izdanja:<\/strong> 2012.<br \/><strong>ISBN:<\/strong> 978-953-7595-98-2<br \/><strong>Tisak:<\/strong> digitalni tisak knjiga &#8211; print na zahtjev<\/div>\n","protected":false},"excerpt":{"rendered":"<p>Sa\u017eetak: Likovne kronike, za razliku od likovnih kritika, nemaju potpunu kriti\u010dku autonomiju. Nemaju autonomiju kakvu im je davalo okrilje knji\u017eevnosti (iz koje su nikle), \u0161tite\u0107i kriti\u010dku kao umjetni\u010dku izvornost pogleda na svijet. Nemaju autonomiju kakvu joj je svojevremeno dao visoki modernizam, \u0161tite\u0107i kriti\u010dku pripadnost paradigmi umjetni\u010dkog \u010dina od \u201evanjskih\u201d utjecaja kulture. Kronike likovnosti danas uglavnom [&hellip;]<\/p>\n","protected":false},"featured_media":7512,"comment_status":"open","ping_status":"closed","template":"","meta":{"_acf_changed":false},"product_brand":[],"product_cat":[1517,1544],"product_tag":[],"class_list":{"0":"post-7511","1":"product","2":"type-product","3":"status-publish","4":"has-post-thumbnail","6":"product_cat-strucna-literatura","7":"product_cat-umjetnicko-podrucje","8":"pa_autor-natasa-lah","9":"pa_nakladnik-redak","11":"first","12":"instock","13":"shipping-taxable","14":"purchasable","15":"product-type-simple"},"acf":[],"yoast_head":"<!-- This site is optimized with the Yoast SEO plugin v27.3 - https:\/\/yoast.com\/product\/yoast-seo-wordpress\/ -->\n<title>LIKOVNE KRONIKE, Nata\u0161a \u0160egota Lah - Web-knji\u017eara<\/title>\n<meta name=\"robots\" content=\"index, follow, max-snippet:-1, max-image-preview:large, max-video-preview:-1\" \/>\n<link rel=\"canonical\" href=\"https:\/\/webknjizara.hr\/proizvod\/likovne-kronike-natasa-segota-lah\/\" \/>\n<meta property=\"og:locale\" content=\"en_US\" \/>\n<meta property=\"og:type\" content=\"article\" \/>\n<meta property=\"og:title\" content=\"LIKOVNE KRONIKE, Nata\u0161a \u0160egota Lah - Web-knji\u017eara\" \/>\n<meta property=\"og:description\" content=\"Sa\u017eetak: Likovne kronike, za razliku od likovnih kritika, nemaju potpunu kriti\u010dku autonomiju. Nemaju autonomiju kakvu im je davalo okrilje knji\u017eevnosti (iz koje su nikle), \u0161tite\u0107i kriti\u010dku kao umjetni\u010dku izvornost pogleda na svijet. Nemaju autonomiju kakvu joj je svojevremeno dao visoki modernizam, \u0161tite\u0107i kriti\u010dku pripadnost paradigmi umjetni\u010dkog \u010dina od \u201evanjskih\u201d utjecaja kulture. Kronike likovnosti danas uglavnom [&hellip;]\" \/>\n<meta property=\"og:url\" content=\"https:\/\/webknjizara.hr\/proizvod\/likovne-kronike-natasa-segota-lah\/\" \/>\n<meta property=\"og:site_name\" content=\"Web-knji\u017eara\" \/>\n<meta property=\"article:modified_time\" content=\"2023-02-26T23:15:43+00:00\" \/>\n<meta property=\"og:image\" content=\"https:\/\/webknjizara.hr\/wp-content\/uploads\/nc\/images\/virtuemart\/product\/likovne-kronike-4fcf7e9b9ee50.jpg\" \/>\n\t<meta property=\"og:image:width\" content=\"357\" \/>\n\t<meta property=\"og:image:height\" content=\"500\" \/>\n\t<meta property=\"og:image:type\" content=\"image\/jpeg\" \/>\n<meta name=\"twitter:card\" content=\"summary_large_image\" \/>\n<meta name=\"twitter:label1\" content=\"Est. reading time\" \/>\n\t<meta name=\"twitter:data1\" content=\"5 minutes\" \/>\n<script type=\"application\/ld+json\" class=\"yoast-schema-graph\">{\"@context\":\"https:\\\/\\\/schema.org\",\"@graph\":[{\"@type\":\"WebPage\",\"@id\":\"https:\\\/\\\/webknjizara.hr\\\/proizvod\\\/likovne-kronike-natasa-segota-lah\\\/\",\"url\":\"https:\\\/\\\/webknjizara.hr\\\/proizvod\\\/likovne-kronike-natasa-segota-lah\\\/\",\"name\":\"LIKOVNE KRONIKE, Nata\u0161a \u0160egota Lah - Web-knji\u017eara\",\"isPartOf\":{\"@id\":\"https:\\\/\\\/webknjizara.hr\\\/#website\"},\"primaryImageOfPage\":{\"@id\":\"https:\\\/\\\/webknjizara.hr\\\/proizvod\\\/likovne-kronike-natasa-segota-lah\\\/#primaryimage\"},\"image\":{\"@id\":\"https:\\\/\\\/webknjizara.hr\\\/proizvod\\\/likovne-kronike-natasa-segota-lah\\\/#primaryimage\"},\"thumbnailUrl\":\"https:\\\/\\\/webknjizara.hr\\\/wp-content\\\/uploads\\\/nc\\\/images\\\/virtuemart\\\/product\\\/likovne-kronike-4fcf7e9b9ee50.jpg\",\"datePublished\":\"2012-06-06T16:00:27+00:00\",\"dateModified\":\"2023-02-26T23:15:43+00:00\",\"breadcrumb\":{\"@id\":\"https:\\\/\\\/webknjizara.hr\\\/proizvod\\\/likovne-kronike-natasa-segota-lah\\\/#breadcrumb\"},\"inLanguage\":\"en-US\",\"potentialAction\":[{\"@type\":\"ReadAction\",\"target\":[\"https:\\\/\\\/webknjizara.hr\\\/proizvod\\\/likovne-kronike-natasa-segota-lah\\\/\"]}]},{\"@type\":\"ImageObject\",\"inLanguage\":\"en-US\",\"@id\":\"https:\\\/\\\/webknjizara.hr\\\/proizvod\\\/likovne-kronike-natasa-segota-lah\\\/#primaryimage\",\"url\":\"https:\\\/\\\/webknjizara.hr\\\/wp-content\\\/uploads\\\/nc\\\/images\\\/virtuemart\\\/product\\\/likovne-kronike-4fcf7e9b9ee50.jpg\",\"contentUrl\":\"https:\\\/\\\/webknjizara.hr\\\/wp-content\\\/uploads\\\/nc\\\/images\\\/virtuemart\\\/product\\\/likovne-kronike-4fcf7e9b9ee50.jpg\",\"width\":357,\"height\":500,\"caption\":\"LIKOVNE KRONIKE, Nata\u0161a \u0160egota Lah\"},{\"@type\":\"BreadcrumbList\",\"@id\":\"https:\\\/\\\/webknjizara.hr\\\/proizvod\\\/likovne-kronike-natasa-segota-lah\\\/#breadcrumb\",\"itemListElement\":[{\"@type\":\"ListItem\",\"position\":1,\"name\":\"Po\u010detna stranica\",\"item\":\"https:\\\/\\\/webknjizara.hr\\\/en\\\/\"},{\"@type\":\"ListItem\",\"position\":2,\"name\":\"Shop\",\"item\":\"https:\\\/\\\/webknjizara.hr\\\/shop\\\/\"},{\"@type\":\"ListItem\",\"position\":3,\"name\":\"LIKOVNE KRONIKE, Nata\u0161a \u0160egota Lah\"}]},{\"@type\":\"WebSite\",\"@id\":\"https:\\\/\\\/webknjizara.hr\\\/#website\",\"url\":\"https:\\\/\\\/webknjizara.hr\\\/\",\"name\":\"Web Knji\u017eara\",\"description\":\"\",\"publisher\":{\"@id\":\"https:\\\/\\\/webknjizara.hr\\\/#organization\"},\"potentialAction\":[{\"@type\":\"SearchAction\",\"target\":{\"@type\":\"EntryPoint\",\"urlTemplate\":\"https:\\\/\\\/webknjizara.hr\\\/?s={search_term_string}\"},\"query-input\":{\"@type\":\"PropertyValueSpecification\",\"valueRequired\":true,\"valueName\":\"search_term_string\"}}],\"inLanguage\":\"en-US\"},{\"@type\":\"Organization\",\"@id\":\"https:\\\/\\\/webknjizara.hr\\\/#organization\",\"name\":\"REDAK D.O.O.\",\"url\":\"https:\\\/\\\/webknjizara.hr\\\/\",\"logo\":{\"@type\":\"ImageObject\",\"inLanguage\":\"en-US\",\"@id\":\"https:\\\/\\\/webknjizara.hr\\\/#\\\/schema\\\/logo\\\/image\\\/\",\"url\":\"https:\\\/\\\/webknjizara.hr\\\/wp-content\\\/uploads\\\/2023\\\/01\\\/web-knjizara-logo.webp\",\"contentUrl\":\"https:\\\/\\\/webknjizara.hr\\\/wp-content\\\/uploads\\\/2023\\\/01\\\/web-knjizara-logo.webp\",\"width\":324,\"height\":79,\"caption\":\"REDAK D.O.O.\"},\"image\":{\"@id\":\"https:\\\/\\\/webknjizara.hr\\\/#\\\/schema\\\/logo\\\/image\\\/\"}}]}<\/script>\n<!-- \/ Yoast SEO plugin. -->","yoast_head_json":{"title":"LIKOVNE KRONIKE, Nata\u0161a \u0160egota Lah - Web-knji\u017eara","robots":{"index":"index","follow":"follow","max-snippet":"max-snippet:-1","max-image-preview":"max-image-preview:large","max-video-preview":"max-video-preview:-1"},"canonical":"https:\/\/webknjizara.hr\/proizvod\/likovne-kronike-natasa-segota-lah\/","og_locale":"en_US","og_type":"article","og_title":"LIKOVNE KRONIKE, Nata\u0161a \u0160egota Lah - Web-knji\u017eara","og_description":"Sa\u017eetak: Likovne kronike, za razliku od likovnih kritika, nemaju potpunu kriti\u010dku autonomiju. Nemaju autonomiju kakvu im je davalo okrilje knji\u017eevnosti (iz koje su nikle), \u0161tite\u0107i kriti\u010dku kao umjetni\u010dku izvornost pogleda na svijet. Nemaju autonomiju kakvu joj je svojevremeno dao visoki modernizam, \u0161tite\u0107i kriti\u010dku pripadnost paradigmi umjetni\u010dkog \u010dina od \u201evanjskih\u201d utjecaja kulture. Kronike likovnosti danas uglavnom [&hellip;]","og_url":"https:\/\/webknjizara.hr\/proizvod\/likovne-kronike-natasa-segota-lah\/","og_site_name":"Web-knji\u017eara","article_modified_time":"2023-02-26T23:15:43+00:00","og_image":[{"width":357,"height":500,"url":"https:\/\/webknjizara.hr\/wp-content\/uploads\/nc\/images\/virtuemart\/product\/likovne-kronike-4fcf7e9b9ee50.jpg","type":"image\/jpeg"}],"twitter_card":"summary_large_image","twitter_misc":{"Est. reading time":"5 minutes"},"schema":{"@context":"https:\/\/schema.org","@graph":[{"@type":"WebPage","@id":"https:\/\/webknjizara.hr\/proizvod\/likovne-kronike-natasa-segota-lah\/","url":"https:\/\/webknjizara.hr\/proizvod\/likovne-kronike-natasa-segota-lah\/","name":"LIKOVNE KRONIKE, Nata\u0161a \u0160egota Lah - Web-knji\u017eara","isPartOf":{"@id":"https:\/\/webknjizara.hr\/#website"},"primaryImageOfPage":{"@id":"https:\/\/webknjizara.hr\/proizvod\/likovne-kronike-natasa-segota-lah\/#primaryimage"},"image":{"@id":"https:\/\/webknjizara.hr\/proizvod\/likovne-kronike-natasa-segota-lah\/#primaryimage"},"thumbnailUrl":"https:\/\/webknjizara.hr\/wp-content\/uploads\/nc\/images\/virtuemart\/product\/likovne-kronike-4fcf7e9b9ee50.jpg","datePublished":"2012-06-06T16:00:27+00:00","dateModified":"2023-02-26T23:15:43+00:00","breadcrumb":{"@id":"https:\/\/webknjizara.hr\/proizvod\/likovne-kronike-natasa-segota-lah\/#breadcrumb"},"inLanguage":"en-US","potentialAction":[{"@type":"ReadAction","target":["https:\/\/webknjizara.hr\/proizvod\/likovne-kronike-natasa-segota-lah\/"]}]},{"@type":"ImageObject","inLanguage":"en-US","@id":"https:\/\/webknjizara.hr\/proizvod\/likovne-kronike-natasa-segota-lah\/#primaryimage","url":"https:\/\/webknjizara.hr\/wp-content\/uploads\/nc\/images\/virtuemart\/product\/likovne-kronike-4fcf7e9b9ee50.jpg","contentUrl":"https:\/\/webknjizara.hr\/wp-content\/uploads\/nc\/images\/virtuemart\/product\/likovne-kronike-4fcf7e9b9ee50.jpg","width":357,"height":500,"caption":"LIKOVNE KRONIKE, Nata\u0161a \u0160egota Lah"},{"@type":"BreadcrumbList","@id":"https:\/\/webknjizara.hr\/proizvod\/likovne-kronike-natasa-segota-lah\/#breadcrumb","itemListElement":[{"@type":"ListItem","position":1,"name":"Po\u010detna stranica","item":"https:\/\/webknjizara.hr\/en\/"},{"@type":"ListItem","position":2,"name":"Shop","item":"https:\/\/webknjizara.hr\/shop\/"},{"@type":"ListItem","position":3,"name":"LIKOVNE KRONIKE, Nata\u0161a \u0160egota Lah"}]},{"@type":"WebSite","@id":"https:\/\/webknjizara.hr\/#website","url":"https:\/\/webknjizara.hr\/","name":"Web Knji\u017eara","description":"","publisher":{"@id":"https:\/\/webknjizara.hr\/#organization"},"potentialAction":[{"@type":"SearchAction","target":{"@type":"EntryPoint","urlTemplate":"https:\/\/webknjizara.hr\/?s={search_term_string}"},"query-input":{"@type":"PropertyValueSpecification","valueRequired":true,"valueName":"search_term_string"}}],"inLanguage":"en-US"},{"@type":"Organization","@id":"https:\/\/webknjizara.hr\/#organization","name":"REDAK D.O.O.","url":"https:\/\/webknjizara.hr\/","logo":{"@type":"ImageObject","inLanguage":"en-US","@id":"https:\/\/webknjizara.hr\/#\/schema\/logo\/image\/","url":"https:\/\/webknjizara.hr\/wp-content\/uploads\/2023\/01\/web-knjizara-logo.webp","contentUrl":"https:\/\/webknjizara.hr\/wp-content\/uploads\/2023\/01\/web-knjizara-logo.webp","width":324,"height":79,"caption":"REDAK D.O.O."},"image":{"@id":"https:\/\/webknjizara.hr\/#\/schema\/logo\/image\/"}}]}},"_links":{"self":[{"href":"https:\/\/webknjizara.hr\/en\/wp-json\/wp\/v2\/product\/7511","targetHints":{"allow":["GET"]}}],"collection":[{"href":"https:\/\/webknjizara.hr\/en\/wp-json\/wp\/v2\/product"}],"about":[{"href":"https:\/\/webknjizara.hr\/en\/wp-json\/wp\/v2\/types\/product"}],"replies":[{"embeddable":true,"href":"https:\/\/webknjizara.hr\/en\/wp-json\/wp\/v2\/comments?post=7511"}],"wp:featuredmedia":[{"embeddable":true,"href":"https:\/\/webknjizara.hr\/en\/wp-json\/wp\/v2\/media\/7512"}],"wp:attachment":[{"href":"https:\/\/webknjizara.hr\/en\/wp-json\/wp\/v2\/media?parent=7511"}],"wp:term":[{"taxonomy":"product_brand","embeddable":true,"href":"https:\/\/webknjizara.hr\/en\/wp-json\/wp\/v2\/product_brand?post=7511"},{"taxonomy":"product_cat","embeddable":true,"href":"https:\/\/webknjizara.hr\/en\/wp-json\/wp\/v2\/product_cat?post=7511"},{"taxonomy":"product_tag","embeddable":true,"href":"https:\/\/webknjizara.hr\/en\/wp-json\/wp\/v2\/product_tag?post=7511"}],"curies":[{"name":"wp","href":"https:\/\/api.w.org\/{rel}","templated":true}]}}