{"id":7509,"date":"2012-06-04T17:34:42","date_gmt":"2012-06-04T17:34:42","guid":{"rendered":"https:\/\/webknjizara.hr\/?product=nikada-umorna-ljubav-branka-mlinar"},"modified":"2023-02-27T00:15:43","modified_gmt":"2023-02-26T23:15:43","slug":"nikada-umorna-ljubav-branka-mlinar","status":"publish","type":"product","link":"https:\/\/webknjizara.hr\/en\/proizvod\/nikada-umorna-ljubav-branka-mlinar\/","title":{"rendered":"NIKADA UMORNA LJUBAV, Branka Mlinar"},"content":{"rendered":"<div style=\"text-align: justify;\"><\/div>\n<div style=\"text-align: justify;\"><strong>Sa\u017eetak: <\/strong><\/div>\n<div style=\"text-align: justify;\"><\/div>\n<div style=\"text-align: justify;\">Ovo je zbirka poezije duhovne tematike, obuhva\u0107a 96 pjesama u kojima nastojim promicati pozitivne vrijednosti \u017eivota utemeljene na snazi Bo\u017eje rije\u010di i ljubavi kako bi srca budu\u0107ih \u010ditatelja obasjalo svjetlo nade i radosti, ljepota rije\u010di koja izvire iz Krista i poziva nas slijediti njegov put istine i vjere. Iskreno se nadam da \u0107e\u00a0 ova zbirka potvrditi stvarala\u010dku originalnost i biti doprinos unaprje\u0111enju hrvatskog jezika i duhovne ba\u0161tine, a sve to na spomen bla\u017eenog Ivana Pavla II., velikog pape koji je ljubio na\u0161 hrvatski puk i moje pok. bake Marije &#8211; Lidije koja je lanternom Kristove ljubavi svakodnevno sjala u mom \u017eivotu. <br \/>Recenziju su napisali prof. dr. sc. Ivan Bodro\u017ei\u0107 i P. Mirko Nikoli\u0107 DI, urednik Glasnika Srca Isusova i Marijina. <\/p>\n<p><strong>Bilje\u0161ka o autorici: <\/strong><\/div>\n<div style=\"text-align: justify;\"><\/div>\n<div style=\"text-align: justify;\">Branka Mlinar ro\u0111ena je 04.sije\u010dnja 1987. u Splitu. \u017divi u Omi\u0161u. Studira na Katoli\u010dkom bogoslovnom fakultetu Sveu\u010dili\u0161ta u Splitu Diplomski teolo\u0161ko \u2013 katehetski studij, zavr\u0161na godina. Pi\u0161e poeziju i dobitnica je niza nagrada, pohvala i priznanja me\u0111u kojima je i Osobna nagrada grada Omi\u0161a za 2005. godinu. Do sada je objavila \u010detiri zbirke pjesama: \u010cudesne ki\u0161e 2001., San 2003., Pjesnik slika blago 2005., Misao u moru okupana 2008. Ovo joj je prva zbirka pjesama duhovne tematike. Neke od pjesama su\u00a0 uglazbljene i izvo\u0111ene na festivalima diljem Hrvatske. Papa fest &#8211; Solin, Festival duhovne glazbe Krapina i dr. \u010clanica je Matice Hrvatske i Prijatelja Maloga Isusa.<\/p>\n<p><strong>Klju\u010dne rije\u010di:<\/strong> Nikada, umorna, ljubav, Branka, Mlinar, poezija, Omi\u0161, Bog, srce, svjetlo, radost, \u017eivot, molitva<\/p>\n<p><strong>E-mail:<\/strong> <a href=\"mailto:branka.mlinar@gmail.com\">Branka Mlinar<\/a><\/p>\n<p><strong>Naslov:<\/strong> Nikada umorna ljubav<br \/><strong>Autor:<\/strong> Branka Mlinar<br \/><strong>Broj stranica:<\/strong> 126<br \/><strong>Nakladnik:<\/strong> BRANKA MLINAR, GLASNIK SRCA ISUSOVA I MARIJINA<br \/><strong>Godina izdanja:<\/strong> 2012.<br \/><strong>ISBN:<\/strong> 978-953-95198-1-8; 978-953-231-120-4 (Glasnik)<br \/><strong>Tisak:<\/strong> digitalni tisak knjiga &#8211; print na zahtjev<\/div>\n","protected":false},"excerpt":{"rendered":"<p>Sa\u017eetak: Ovo je zbirka poezije duhovne tematike, obuhva\u0107a 96 pjesama u kojima nastojim promicati pozitivne vrijednosti \u017eivota utemeljene na snazi Bo\u017eje rije\u010di i ljubavi kako bi srca budu\u0107ih \u010ditatelja obasjalo svjetlo nade i radosti, ljepota rije\u010di koja izvire iz Krista i poziva nas slijediti njegov put istine i vjere. Iskreno se nadam da \u0107e\u00a0 ova [&hellip;]<\/p>\n","protected":false},"featured_media":7510,"comment_status":"open","ping_status":"closed","template":"","meta":{"_acf_changed":false},"product_brand":[],"product_cat":[1383,1385,1388],"product_tag":[],"class_list":{"0":"post-7509","1":"product","2":"type-product","3":"status-publish","4":"has-post-thumbnail","6":"product_cat-knjige","7":"product_cat-knjizevnost","8":"product_cat-poezija","9":"pa_nakladnik-branka-mlinar","11":"first","12":"instock","13":"shipping-taxable","14":"purchasable","15":"product-type-simple"},"acf":[],"yoast_head":"<!-- This site is optimized with the Yoast SEO plugin v27.3 - https:\/\/yoast.com\/product\/yoast-seo-wordpress\/ -->\n<title>NIKADA UMORNA LJUBAV, Branka Mlinar - Web-knji\u017eara<\/title>\n<meta name=\"robots\" content=\"index, follow, max-snippet:-1, max-image-preview:large, max-video-preview:-1\" \/>\n<link rel=\"canonical\" href=\"https:\/\/webknjizara.hr\/proizvod\/nikada-umorna-ljubav-branka-mlinar\/\" \/>\n<meta property=\"og:locale\" content=\"en_US\" \/>\n<meta property=\"og:type\" content=\"article\" \/>\n<meta property=\"og:title\" content=\"NIKADA UMORNA LJUBAV, Branka Mlinar - Web-knji\u017eara\" \/>\n<meta property=\"og:description\" content=\"Sa\u017eetak: Ovo je zbirka poezije duhovne tematike, obuhva\u0107a 96 pjesama u kojima nastojim promicati pozitivne vrijednosti \u017eivota utemeljene na snazi Bo\u017eje rije\u010di i ljubavi kako bi srca budu\u0107ih \u010ditatelja obasjalo svjetlo nade i radosti, ljepota rije\u010di koja izvire iz Krista i poziva nas slijediti njegov put istine i vjere. Iskreno se nadam da \u0107e\u00a0 ova [&hellip;]\" \/>\n<meta property=\"og:url\" content=\"https:\/\/webknjizara.hr\/proizvod\/nikada-umorna-ljubav-branka-mlinar\/\" \/>\n<meta property=\"og:site_name\" content=\"Web-knji\u017eara\" \/>\n<meta property=\"article:modified_time\" content=\"2023-02-26T23:15:43+00:00\" \/>\n<meta property=\"og:image\" content=\"https:\/\/webknjizara.hr\/wp-content\/uploads\/nc\/images\/virtuemart\/product\/nikada-umorna-lj-4fccf1b2ae926.jpg\" \/>\n\t<meta property=\"og:image:width\" content=\"302\" \/>\n\t<meta property=\"og:image:height\" content=\"500\" \/>\n\t<meta property=\"og:image:type\" content=\"image\/jpeg\" \/>\n<meta name=\"twitter:card\" content=\"summary_large_image\" \/>\n<meta name=\"twitter:label1\" content=\"Est. reading time\" \/>\n\t<meta name=\"twitter:data1\" content=\"1 minute\" \/>\n<script type=\"application\/ld+json\" class=\"yoast-schema-graph\">{\"@context\":\"https:\\\/\\\/schema.org\",\"@graph\":[{\"@type\":\"WebPage\",\"@id\":\"https:\\\/\\\/webknjizara.hr\\\/proizvod\\\/nikada-umorna-ljubav-branka-mlinar\\\/\",\"url\":\"https:\\\/\\\/webknjizara.hr\\\/proizvod\\\/nikada-umorna-ljubav-branka-mlinar\\\/\",\"name\":\"NIKADA UMORNA LJUBAV, Branka Mlinar - Web-knji\u017eara\",\"isPartOf\":{\"@id\":\"https:\\\/\\\/webknjizara.hr\\\/#website\"},\"primaryImageOfPage\":{\"@id\":\"https:\\\/\\\/webknjizara.hr\\\/proizvod\\\/nikada-umorna-ljubav-branka-mlinar\\\/#primaryimage\"},\"image\":{\"@id\":\"https:\\\/\\\/webknjizara.hr\\\/proizvod\\\/nikada-umorna-ljubav-branka-mlinar\\\/#primaryimage\"},\"thumbnailUrl\":\"https:\\\/\\\/webknjizara.hr\\\/wp-content\\\/uploads\\\/nc\\\/images\\\/virtuemart\\\/product\\\/nikada-umorna-lj-4fccf1b2ae926.jpg\",\"datePublished\":\"2012-06-04T17:34:42+00:00\",\"dateModified\":\"2023-02-26T23:15:43+00:00\",\"breadcrumb\":{\"@id\":\"https:\\\/\\\/webknjizara.hr\\\/proizvod\\\/nikada-umorna-ljubav-branka-mlinar\\\/#breadcrumb\"},\"inLanguage\":\"en-US\",\"potentialAction\":[{\"@type\":\"ReadAction\",\"target\":[\"https:\\\/\\\/webknjizara.hr\\\/proizvod\\\/nikada-umorna-ljubav-branka-mlinar\\\/\"]}]},{\"@type\":\"ImageObject\",\"inLanguage\":\"en-US\",\"@id\":\"https:\\\/\\\/webknjizara.hr\\\/proizvod\\\/nikada-umorna-ljubav-branka-mlinar\\\/#primaryimage\",\"url\":\"https:\\\/\\\/webknjizara.hr\\\/wp-content\\\/uploads\\\/nc\\\/images\\\/virtuemart\\\/product\\\/nikada-umorna-lj-4fccf1b2ae926.jpg\",\"contentUrl\":\"https:\\\/\\\/webknjizara.hr\\\/wp-content\\\/uploads\\\/nc\\\/images\\\/virtuemart\\\/product\\\/nikada-umorna-lj-4fccf1b2ae926.jpg\",\"width\":302,\"height\":500,\"caption\":\"NIKADA UMORNA LJUBAV, Branka Mlinar\"},{\"@type\":\"BreadcrumbList\",\"@id\":\"https:\\\/\\\/webknjizara.hr\\\/proizvod\\\/nikada-umorna-ljubav-branka-mlinar\\\/#breadcrumb\",\"itemListElement\":[{\"@type\":\"ListItem\",\"position\":1,\"name\":\"Po\u010detna stranica\",\"item\":\"https:\\\/\\\/webknjizara.hr\\\/en\\\/\"},{\"@type\":\"ListItem\",\"position\":2,\"name\":\"Shop\",\"item\":\"https:\\\/\\\/webknjizara.hr\\\/shop\\\/\"},{\"@type\":\"ListItem\",\"position\":3,\"name\":\"NIKADA UMORNA LJUBAV, Branka Mlinar\"}]},{\"@type\":\"WebSite\",\"@id\":\"https:\\\/\\\/webknjizara.hr\\\/#website\",\"url\":\"https:\\\/\\\/webknjizara.hr\\\/\",\"name\":\"Web Knji\u017eara\",\"description\":\"\",\"publisher\":{\"@id\":\"https:\\\/\\\/webknjizara.hr\\\/#organization\"},\"potentialAction\":[{\"@type\":\"SearchAction\",\"target\":{\"@type\":\"EntryPoint\",\"urlTemplate\":\"https:\\\/\\\/webknjizara.hr\\\/?s={search_term_string}\"},\"query-input\":{\"@type\":\"PropertyValueSpecification\",\"valueRequired\":true,\"valueName\":\"search_term_string\"}}],\"inLanguage\":\"en-US\"},{\"@type\":\"Organization\",\"@id\":\"https:\\\/\\\/webknjizara.hr\\\/#organization\",\"name\":\"REDAK D.O.O.\",\"url\":\"https:\\\/\\\/webknjizara.hr\\\/\",\"logo\":{\"@type\":\"ImageObject\",\"inLanguage\":\"en-US\",\"@id\":\"https:\\\/\\\/webknjizara.hr\\\/#\\\/schema\\\/logo\\\/image\\\/\",\"url\":\"https:\\\/\\\/webknjizara.hr\\\/wp-content\\\/uploads\\\/2023\\\/01\\\/web-knjizara-logo.webp\",\"contentUrl\":\"https:\\\/\\\/webknjizara.hr\\\/wp-content\\\/uploads\\\/2023\\\/01\\\/web-knjizara-logo.webp\",\"width\":324,\"height\":79,\"caption\":\"REDAK D.O.O.\"},\"image\":{\"@id\":\"https:\\\/\\\/webknjizara.hr\\\/#\\\/schema\\\/logo\\\/image\\\/\"}}]}<\/script>\n<!-- \/ Yoast SEO plugin. -->","yoast_head_json":{"title":"NIKADA UMORNA LJUBAV, Branka Mlinar - Web-knji\u017eara","robots":{"index":"index","follow":"follow","max-snippet":"max-snippet:-1","max-image-preview":"max-image-preview:large","max-video-preview":"max-video-preview:-1"},"canonical":"https:\/\/webknjizara.hr\/proizvod\/nikada-umorna-ljubav-branka-mlinar\/","og_locale":"en_US","og_type":"article","og_title":"NIKADA UMORNA LJUBAV, Branka Mlinar - Web-knji\u017eara","og_description":"Sa\u017eetak: Ovo je zbirka poezije duhovne tematike, obuhva\u0107a 96 pjesama u kojima nastojim promicati pozitivne vrijednosti \u017eivota utemeljene na snazi Bo\u017eje rije\u010di i ljubavi kako bi srca budu\u0107ih \u010ditatelja obasjalo svjetlo nade i radosti, ljepota rije\u010di koja izvire iz Krista i poziva nas slijediti njegov put istine i vjere. Iskreno se nadam da \u0107e\u00a0 ova [&hellip;]","og_url":"https:\/\/webknjizara.hr\/proizvod\/nikada-umorna-ljubav-branka-mlinar\/","og_site_name":"Web-knji\u017eara","article_modified_time":"2023-02-26T23:15:43+00:00","og_image":[{"width":302,"height":500,"url":"https:\/\/webknjizara.hr\/wp-content\/uploads\/nc\/images\/virtuemart\/product\/nikada-umorna-lj-4fccf1b2ae926.jpg","type":"image\/jpeg"}],"twitter_card":"summary_large_image","twitter_misc":{"Est. reading time":"1 minute"},"schema":{"@context":"https:\/\/schema.org","@graph":[{"@type":"WebPage","@id":"https:\/\/webknjizara.hr\/proizvod\/nikada-umorna-ljubav-branka-mlinar\/","url":"https:\/\/webknjizara.hr\/proizvod\/nikada-umorna-ljubav-branka-mlinar\/","name":"NIKADA UMORNA LJUBAV, Branka Mlinar - Web-knji\u017eara","isPartOf":{"@id":"https:\/\/webknjizara.hr\/#website"},"primaryImageOfPage":{"@id":"https:\/\/webknjizara.hr\/proizvod\/nikada-umorna-ljubav-branka-mlinar\/#primaryimage"},"image":{"@id":"https:\/\/webknjizara.hr\/proizvod\/nikada-umorna-ljubav-branka-mlinar\/#primaryimage"},"thumbnailUrl":"https:\/\/webknjizara.hr\/wp-content\/uploads\/nc\/images\/virtuemart\/product\/nikada-umorna-lj-4fccf1b2ae926.jpg","datePublished":"2012-06-04T17:34:42+00:00","dateModified":"2023-02-26T23:15:43+00:00","breadcrumb":{"@id":"https:\/\/webknjizara.hr\/proizvod\/nikada-umorna-ljubav-branka-mlinar\/#breadcrumb"},"inLanguage":"en-US","potentialAction":[{"@type":"ReadAction","target":["https:\/\/webknjizara.hr\/proizvod\/nikada-umorna-ljubav-branka-mlinar\/"]}]},{"@type":"ImageObject","inLanguage":"en-US","@id":"https:\/\/webknjizara.hr\/proizvod\/nikada-umorna-ljubav-branka-mlinar\/#primaryimage","url":"https:\/\/webknjizara.hr\/wp-content\/uploads\/nc\/images\/virtuemart\/product\/nikada-umorna-lj-4fccf1b2ae926.jpg","contentUrl":"https:\/\/webknjizara.hr\/wp-content\/uploads\/nc\/images\/virtuemart\/product\/nikada-umorna-lj-4fccf1b2ae926.jpg","width":302,"height":500,"caption":"NIKADA UMORNA LJUBAV, Branka Mlinar"},{"@type":"BreadcrumbList","@id":"https:\/\/webknjizara.hr\/proizvod\/nikada-umorna-ljubav-branka-mlinar\/#breadcrumb","itemListElement":[{"@type":"ListItem","position":1,"name":"Po\u010detna stranica","item":"https:\/\/webknjizara.hr\/en\/"},{"@type":"ListItem","position":2,"name":"Shop","item":"https:\/\/webknjizara.hr\/shop\/"},{"@type":"ListItem","position":3,"name":"NIKADA UMORNA LJUBAV, Branka Mlinar"}]},{"@type":"WebSite","@id":"https:\/\/webknjizara.hr\/#website","url":"https:\/\/webknjizara.hr\/","name":"Web Knji\u017eara","description":"","publisher":{"@id":"https:\/\/webknjizara.hr\/#organization"},"potentialAction":[{"@type":"SearchAction","target":{"@type":"EntryPoint","urlTemplate":"https:\/\/webknjizara.hr\/?s={search_term_string}"},"query-input":{"@type":"PropertyValueSpecification","valueRequired":true,"valueName":"search_term_string"}}],"inLanguage":"en-US"},{"@type":"Organization","@id":"https:\/\/webknjizara.hr\/#organization","name":"REDAK D.O.O.","url":"https:\/\/webknjizara.hr\/","logo":{"@type":"ImageObject","inLanguage":"en-US","@id":"https:\/\/webknjizara.hr\/#\/schema\/logo\/image\/","url":"https:\/\/webknjizara.hr\/wp-content\/uploads\/2023\/01\/web-knjizara-logo.webp","contentUrl":"https:\/\/webknjizara.hr\/wp-content\/uploads\/2023\/01\/web-knjizara-logo.webp","width":324,"height":79,"caption":"REDAK D.O.O."},"image":{"@id":"https:\/\/webknjizara.hr\/#\/schema\/logo\/image\/"}}]}},"_links":{"self":[{"href":"https:\/\/webknjizara.hr\/en\/wp-json\/wp\/v2\/product\/7509","targetHints":{"allow":["GET"]}}],"collection":[{"href":"https:\/\/webknjizara.hr\/en\/wp-json\/wp\/v2\/product"}],"about":[{"href":"https:\/\/webknjizara.hr\/en\/wp-json\/wp\/v2\/types\/product"}],"replies":[{"embeddable":true,"href":"https:\/\/webknjizara.hr\/en\/wp-json\/wp\/v2\/comments?post=7509"}],"wp:featuredmedia":[{"embeddable":true,"href":"https:\/\/webknjizara.hr\/en\/wp-json\/wp\/v2\/media\/7510"}],"wp:attachment":[{"href":"https:\/\/webknjizara.hr\/en\/wp-json\/wp\/v2\/media?parent=7509"}],"wp:term":[{"taxonomy":"product_brand","embeddable":true,"href":"https:\/\/webknjizara.hr\/en\/wp-json\/wp\/v2\/product_brand?post=7509"},{"taxonomy":"product_cat","embeddable":true,"href":"https:\/\/webknjizara.hr\/en\/wp-json\/wp\/v2\/product_cat?post=7509"},{"taxonomy":"product_tag","embeddable":true,"href":"https:\/\/webknjizara.hr\/en\/wp-json\/wp\/v2\/product_tag?post=7509"}],"curies":[{"name":"wp","href":"https:\/\/api.w.org\/{rel}","templated":true}]}}