{"id":7507,"date":"2012-05-30T15:19:12","date_gmt":"2012-05-30T15:19:12","guid":{"rendered":"https:\/\/webknjizara.hr\/?product=kamisari-ante-brcic"},"modified":"2025-04-03T16:06:25","modified_gmt":"2025-04-03T14:06:25","slug":"kamisari-ante-brcic","status":"publish","type":"product","link":"https:\/\/webknjizara.hr\/en\/proizvod\/kamisari-ante-brcic\/","title":{"rendered":"KAMI\u0160ARI, Ante Br\u010di\u0107"},"content":{"rendered":"<div style=\"text-align: justify;\"><\/div>\n<div style=\"text-align: justify;\"><strong>Sa\u017eetak: <\/strong><\/div>\n<div style=\"text-align: justify;\"><\/div>\n<div style=\"text-align: justify;\">Ovo je roman-kronika, napisan na temelju stvarnih doga\u0111aja o sudbini brojnih ljudskih du\u0161a i nesretnih sudbina na hrvatskim prostorima, posebno u cetinskom kraju. Po\u010dev\u0161i od Drugog svjetskog rata i komunisti\u010dke diktature do Domovinskog rata i pora\u0107a, tragaju\u0107i po pro\u0161losti koja itekako korespondira sa sada\u0161njo\u0161\u0107u, autor donosi \u017eive scene boji\u0161nice, stradanja nemo\u0107nih u ratnom vihoru, neljudskih postupaka slugu fa\u0161izma i komunizma, ali i hrabrosti pojedinaca koji se suprotstavljaju zlu i nepravdi.<\/div>\n<div style=\"text-align: justify;\"><\/div>\n<div style=\"text-align: justify;\"><strong>Bilje\u0161ka o autoru\/autorici: <\/strong><\/div>\n<div style=\"text-align: justify;\"><\/div>\n<div style=\"text-align: justify;\">Ante Br\u010di\u0107, ro\u0111en je 9. kolovoza 1968. u Sinju. Zavr\u0161io je osnovnu \u0161kolu u Gali i Hanu, a srednju u Sinju. Visoku stru\u010dnu spremu i stru\u010dno zvanje diplomiranoga kriminalista stekao je na Visokoj policijskoj \u0161koli u Zagrebu. Do sada su mu objavljeni romani Devedeset dana od Bleiburga i Ru\u017ee na bojnikovu grobu te putopis iz Svete zemlje \u2013 Hodo\u010da\u0161\u0107e u Isusovu domovinu.<\/p>\n<p><strong>Klju\u010dne rije\u010di: <\/strong><br \/>Cetinski kraj kroz II. svjetski rat, pora\u0107e i Domovinski rat, <\/p>\n<p><strong>E-mail: <\/strong><a href=\"mailto:ante.brcic4@st.t-com.hr\">Ante Br\u010di\u0107<\/a><\/p>\n<p><strong>Naslov:<\/strong> Kami\u0161ari<br \/><strong>Autor:<\/strong> Br\u010di\u0107 Ante<br \/><strong>Broj stranica:<\/strong> 196<br \/><strong>Nakladnik:<\/strong> BR\u010cI\u0106 ANTE<br \/><strong>Godina izdanja:<\/strong> 2012.<br \/><strong>ISBN:<\/strong> 978-953-57103-0-1<br \/><strong>Tisak:<\/strong> digitalni tisak knjiga &#8211; print na zahtjev<\/div>\n","protected":false},"excerpt":{"rendered":"<p>Sa\u017eetak: Ovo je roman-kronika, napisan na temelju stvarnih doga\u0111aja o sudbini brojnih ljudskih du\u0161a i nesretnih sudbina na hrvatskim prostorima, posebno u cetinskom kraju. Po\u010dev\u0161i od Drugog svjetskog rata i komunisti\u010dke diktature do Domovinskog rata i pora\u0107a, tragaju\u0107i po pro\u0161losti koja itekako korespondira sa sada\u0161njo\u0161\u0107u, autor donosi \u017eive scene boji\u0161nice, stradanja nemo\u0107nih u ratnom vihoru, [&hellip;]<\/p>\n","protected":false},"featured_media":7508,"comment_status":"open","ping_status":"closed","template":"","meta":{"_acf_changed":false},"product_brand":[],"product_cat":[1383,1385],"product_tag":[],"class_list":{"0":"post-7507","1":"product","2":"type-product","3":"status-publish","4":"has-post-thumbnail","6":"product_cat-knjige","7":"product_cat-knjizevnost","8":"pa_nakladnik-brcic-ante","10":"first","11":"instock","12":"shipping-taxable","13":"purchasable","14":"product-type-simple"},"acf":[],"yoast_head":"<!-- This site is optimized with the Yoast SEO plugin v27.3 - https:\/\/yoast.com\/product\/yoast-seo-wordpress\/ -->\n<title>KAMI\u0160ARI, Ante Br\u010di\u0107 - Web-knji\u017eara<\/title>\n<meta name=\"robots\" content=\"index, follow, max-snippet:-1, max-image-preview:large, max-video-preview:-1\" \/>\n<link rel=\"canonical\" href=\"https:\/\/webknjizara.hr\/proizvod\/kamisari-ante-brcic\/\" \/>\n<meta property=\"og:locale\" content=\"en_US\" \/>\n<meta property=\"og:type\" content=\"article\" \/>\n<meta property=\"og:title\" content=\"KAMI\u0160ARI, Ante Br\u010di\u0107 - Web-knji\u017eara\" \/>\n<meta property=\"og:description\" content=\"Sa\u017eetak: Ovo je roman-kronika, napisan na temelju stvarnih doga\u0111aja o sudbini brojnih ljudskih du\u0161a i nesretnih sudbina na hrvatskim prostorima, posebno u cetinskom kraju. Po\u010dev\u0161i od Drugog svjetskog rata i komunisti\u010dke diktature do Domovinskog rata i pora\u0107a, tragaju\u0107i po pro\u0161losti koja itekako korespondira sa sada\u0161njo\u0161\u0107u, autor donosi \u017eive scene boji\u0161nice, stradanja nemo\u0107nih u ratnom vihoru, [&hellip;]\" \/>\n<meta property=\"og:url\" content=\"https:\/\/webknjizara.hr\/proizvod\/kamisari-ante-brcic\/\" \/>\n<meta property=\"og:site_name\" content=\"Web-knji\u017eara\" \/>\n<meta property=\"article:modified_time\" content=\"2025-04-03T14:06:25+00:00\" \/>\n<meta property=\"og:image\" content=\"https:\/\/webknjizara.hr\/wp-content\/uploads\/nc\/images\/virtuemart\/product\/kami-ari-ante-4fc63a70d1e5d.jpg\" \/>\n\t<meta property=\"og:image:width\" content=\"319\" \/>\n\t<meta property=\"og:image:height\" content=\"500\" \/>\n\t<meta property=\"og:image:type\" content=\"image\/jpeg\" \/>\n<meta name=\"twitter:card\" content=\"summary_large_image\" \/>\n<meta name=\"twitter:label1\" content=\"Est. reading time\" \/>\n\t<meta name=\"twitter:data1\" content=\"1 minute\" \/>\n<script type=\"application\/ld+json\" class=\"yoast-schema-graph\">{\"@context\":\"https:\\\/\\\/schema.org\",\"@graph\":[{\"@type\":\"WebPage\",\"@id\":\"https:\\\/\\\/webknjizara.hr\\\/proizvod\\\/kamisari-ante-brcic\\\/\",\"url\":\"https:\\\/\\\/webknjizara.hr\\\/proizvod\\\/kamisari-ante-brcic\\\/\",\"name\":\"KAMI\u0160ARI, Ante Br\u010di\u0107 - Web-knji\u017eara\",\"isPartOf\":{\"@id\":\"https:\\\/\\\/webknjizara.hr\\\/#website\"},\"primaryImageOfPage\":{\"@id\":\"https:\\\/\\\/webknjizara.hr\\\/proizvod\\\/kamisari-ante-brcic\\\/#primaryimage\"},\"image\":{\"@id\":\"https:\\\/\\\/webknjizara.hr\\\/proizvod\\\/kamisari-ante-brcic\\\/#primaryimage\"},\"thumbnailUrl\":\"https:\\\/\\\/webknjizara.hr\\\/wp-content\\\/uploads\\\/nc\\\/images\\\/virtuemart\\\/product\\\/kami-ari-ante-4fc63a70d1e5d.jpg\",\"datePublished\":\"2012-05-30T15:19:12+00:00\",\"dateModified\":\"2025-04-03T14:06:25+00:00\",\"breadcrumb\":{\"@id\":\"https:\\\/\\\/webknjizara.hr\\\/proizvod\\\/kamisari-ante-brcic\\\/#breadcrumb\"},\"inLanguage\":\"en-US\",\"potentialAction\":[{\"@type\":\"ReadAction\",\"target\":[\"https:\\\/\\\/webknjizara.hr\\\/proizvod\\\/kamisari-ante-brcic\\\/\"]}]},{\"@type\":\"ImageObject\",\"inLanguage\":\"en-US\",\"@id\":\"https:\\\/\\\/webknjizara.hr\\\/proizvod\\\/kamisari-ante-brcic\\\/#primaryimage\",\"url\":\"https:\\\/\\\/webknjizara.hr\\\/wp-content\\\/uploads\\\/nc\\\/images\\\/virtuemart\\\/product\\\/kami-ari-ante-4fc63a70d1e5d.jpg\",\"contentUrl\":\"https:\\\/\\\/webknjizara.hr\\\/wp-content\\\/uploads\\\/nc\\\/images\\\/virtuemart\\\/product\\\/kami-ari-ante-4fc63a70d1e5d.jpg\",\"width\":319,\"height\":500,\"caption\":\"KAMI\u0160ARI, Ante Br\u010di\u0107\"},{\"@type\":\"BreadcrumbList\",\"@id\":\"https:\\\/\\\/webknjizara.hr\\\/proizvod\\\/kamisari-ante-brcic\\\/#breadcrumb\",\"itemListElement\":[{\"@type\":\"ListItem\",\"position\":1,\"name\":\"Po\u010detna stranica\",\"item\":\"https:\\\/\\\/webknjizara.hr\\\/en\\\/\"},{\"@type\":\"ListItem\",\"position\":2,\"name\":\"Shop\",\"item\":\"https:\\\/\\\/webknjizara.hr\\\/shop\\\/\"},{\"@type\":\"ListItem\",\"position\":3,\"name\":\"KAMI\u0160ARI, Ante Br\u010di\u0107\"}]},{\"@type\":\"WebSite\",\"@id\":\"https:\\\/\\\/webknjizara.hr\\\/#website\",\"url\":\"https:\\\/\\\/webknjizara.hr\\\/\",\"name\":\"Web Knji\u017eara\",\"description\":\"\",\"publisher\":{\"@id\":\"https:\\\/\\\/webknjizara.hr\\\/#organization\"},\"potentialAction\":[{\"@type\":\"SearchAction\",\"target\":{\"@type\":\"EntryPoint\",\"urlTemplate\":\"https:\\\/\\\/webknjizara.hr\\\/?s={search_term_string}\"},\"query-input\":{\"@type\":\"PropertyValueSpecification\",\"valueRequired\":true,\"valueName\":\"search_term_string\"}}],\"inLanguage\":\"en-US\"},{\"@type\":\"Organization\",\"@id\":\"https:\\\/\\\/webknjizara.hr\\\/#organization\",\"name\":\"REDAK D.O.O.\",\"url\":\"https:\\\/\\\/webknjizara.hr\\\/\",\"logo\":{\"@type\":\"ImageObject\",\"inLanguage\":\"en-US\",\"@id\":\"https:\\\/\\\/webknjizara.hr\\\/#\\\/schema\\\/logo\\\/image\\\/\",\"url\":\"https:\\\/\\\/webknjizara.hr\\\/wp-content\\\/uploads\\\/2023\\\/01\\\/web-knjizara-logo.webp\",\"contentUrl\":\"https:\\\/\\\/webknjizara.hr\\\/wp-content\\\/uploads\\\/2023\\\/01\\\/web-knjizara-logo.webp\",\"width\":324,\"height\":79,\"caption\":\"REDAK D.O.O.\"},\"image\":{\"@id\":\"https:\\\/\\\/webknjizara.hr\\\/#\\\/schema\\\/logo\\\/image\\\/\"}}]}<\/script>\n<!-- \/ Yoast SEO plugin. -->","yoast_head_json":{"title":"KAMI\u0160ARI, Ante Br\u010di\u0107 - Web-knji\u017eara","robots":{"index":"index","follow":"follow","max-snippet":"max-snippet:-1","max-image-preview":"max-image-preview:large","max-video-preview":"max-video-preview:-1"},"canonical":"https:\/\/webknjizara.hr\/proizvod\/kamisari-ante-brcic\/","og_locale":"en_US","og_type":"article","og_title":"KAMI\u0160ARI, Ante Br\u010di\u0107 - Web-knji\u017eara","og_description":"Sa\u017eetak: Ovo je roman-kronika, napisan na temelju stvarnih doga\u0111aja o sudbini brojnih ljudskih du\u0161a i nesretnih sudbina na hrvatskim prostorima, posebno u cetinskom kraju. Po\u010dev\u0161i od Drugog svjetskog rata i komunisti\u010dke diktature do Domovinskog rata i pora\u0107a, tragaju\u0107i po pro\u0161losti koja itekako korespondira sa sada\u0161njo\u0161\u0107u, autor donosi \u017eive scene boji\u0161nice, stradanja nemo\u0107nih u ratnom vihoru, [&hellip;]","og_url":"https:\/\/webknjizara.hr\/proizvod\/kamisari-ante-brcic\/","og_site_name":"Web-knji\u017eara","article_modified_time":"2025-04-03T14:06:25+00:00","og_image":[{"width":319,"height":500,"url":"https:\/\/webknjizara.hr\/wp-content\/uploads\/nc\/images\/virtuemart\/product\/kami-ari-ante-4fc63a70d1e5d.jpg","type":"image\/jpeg"}],"twitter_card":"summary_large_image","twitter_misc":{"Est. reading time":"1 minute"},"schema":{"@context":"https:\/\/schema.org","@graph":[{"@type":"WebPage","@id":"https:\/\/webknjizara.hr\/proizvod\/kamisari-ante-brcic\/","url":"https:\/\/webknjizara.hr\/proizvod\/kamisari-ante-brcic\/","name":"KAMI\u0160ARI, Ante Br\u010di\u0107 - Web-knji\u017eara","isPartOf":{"@id":"https:\/\/webknjizara.hr\/#website"},"primaryImageOfPage":{"@id":"https:\/\/webknjizara.hr\/proizvod\/kamisari-ante-brcic\/#primaryimage"},"image":{"@id":"https:\/\/webknjizara.hr\/proizvod\/kamisari-ante-brcic\/#primaryimage"},"thumbnailUrl":"https:\/\/webknjizara.hr\/wp-content\/uploads\/nc\/images\/virtuemart\/product\/kami-ari-ante-4fc63a70d1e5d.jpg","datePublished":"2012-05-30T15:19:12+00:00","dateModified":"2025-04-03T14:06:25+00:00","breadcrumb":{"@id":"https:\/\/webknjizara.hr\/proizvod\/kamisari-ante-brcic\/#breadcrumb"},"inLanguage":"en-US","potentialAction":[{"@type":"ReadAction","target":["https:\/\/webknjizara.hr\/proizvod\/kamisari-ante-brcic\/"]}]},{"@type":"ImageObject","inLanguage":"en-US","@id":"https:\/\/webknjizara.hr\/proizvod\/kamisari-ante-brcic\/#primaryimage","url":"https:\/\/webknjizara.hr\/wp-content\/uploads\/nc\/images\/virtuemart\/product\/kami-ari-ante-4fc63a70d1e5d.jpg","contentUrl":"https:\/\/webknjizara.hr\/wp-content\/uploads\/nc\/images\/virtuemart\/product\/kami-ari-ante-4fc63a70d1e5d.jpg","width":319,"height":500,"caption":"KAMI\u0160ARI, Ante Br\u010di\u0107"},{"@type":"BreadcrumbList","@id":"https:\/\/webknjizara.hr\/proizvod\/kamisari-ante-brcic\/#breadcrumb","itemListElement":[{"@type":"ListItem","position":1,"name":"Po\u010detna stranica","item":"https:\/\/webknjizara.hr\/en\/"},{"@type":"ListItem","position":2,"name":"Shop","item":"https:\/\/webknjizara.hr\/shop\/"},{"@type":"ListItem","position":3,"name":"KAMI\u0160ARI, Ante Br\u010di\u0107"}]},{"@type":"WebSite","@id":"https:\/\/webknjizara.hr\/#website","url":"https:\/\/webknjizara.hr\/","name":"Web Knji\u017eara","description":"","publisher":{"@id":"https:\/\/webknjizara.hr\/#organization"},"potentialAction":[{"@type":"SearchAction","target":{"@type":"EntryPoint","urlTemplate":"https:\/\/webknjizara.hr\/?s={search_term_string}"},"query-input":{"@type":"PropertyValueSpecification","valueRequired":true,"valueName":"search_term_string"}}],"inLanguage":"en-US"},{"@type":"Organization","@id":"https:\/\/webknjizara.hr\/#organization","name":"REDAK D.O.O.","url":"https:\/\/webknjizara.hr\/","logo":{"@type":"ImageObject","inLanguage":"en-US","@id":"https:\/\/webknjizara.hr\/#\/schema\/logo\/image\/","url":"https:\/\/webknjizara.hr\/wp-content\/uploads\/2023\/01\/web-knjizara-logo.webp","contentUrl":"https:\/\/webknjizara.hr\/wp-content\/uploads\/2023\/01\/web-knjizara-logo.webp","width":324,"height":79,"caption":"REDAK D.O.O."},"image":{"@id":"https:\/\/webknjizara.hr\/#\/schema\/logo\/image\/"}}]}},"_links":{"self":[{"href":"https:\/\/webknjizara.hr\/en\/wp-json\/wp\/v2\/product\/7507","targetHints":{"allow":["GET"]}}],"collection":[{"href":"https:\/\/webknjizara.hr\/en\/wp-json\/wp\/v2\/product"}],"about":[{"href":"https:\/\/webknjizara.hr\/en\/wp-json\/wp\/v2\/types\/product"}],"replies":[{"embeddable":true,"href":"https:\/\/webknjizara.hr\/en\/wp-json\/wp\/v2\/comments?post=7507"}],"wp:featuredmedia":[{"embeddable":true,"href":"https:\/\/webknjizara.hr\/en\/wp-json\/wp\/v2\/media\/7508"}],"wp:attachment":[{"href":"https:\/\/webknjizara.hr\/en\/wp-json\/wp\/v2\/media?parent=7507"}],"wp:term":[{"taxonomy":"product_brand","embeddable":true,"href":"https:\/\/webknjizara.hr\/en\/wp-json\/wp\/v2\/product_brand?post=7507"},{"taxonomy":"product_cat","embeddable":true,"href":"https:\/\/webknjizara.hr\/en\/wp-json\/wp\/v2\/product_cat?post=7507"},{"taxonomy":"product_tag","embeddable":true,"href":"https:\/\/webknjizara.hr\/en\/wp-json\/wp\/v2\/product_tag?post=7507"}],"curies":[{"name":"wp","href":"https:\/\/api.w.org\/{rel}","templated":true}]}}