{"id":7503,"date":"2012-05-29T15:04:47","date_gmt":"2012-05-29T15:04:47","guid":{"rendered":"https:\/\/webknjizara.hr\/?product=bolesnici-s-respiratornim-bolestima-u-obiteljskoj-medicini"},"modified":"2023-02-27T00:15:42","modified_gmt":"2023-02-26T23:15:42","slug":"bolesnici-s-respiratornim-bolestima-u-obiteljskoj-medicini","status":"publish","type":"product","link":"https:\/\/webknjizara.hr\/en\/proizvod\/bolesnici-s-respiratornim-bolestima-u-obiteljskoj-medicini\/","title":{"rendered":"BOLESNICI S RESPIRATORNIM BOLESTIMA U OBITELJSKOJ MEDICINI"},"content":{"rendered":"<p style=\"text-align: justify;\">\u00a0<\/p>\n<p style=\"text-align: justify;\"><strong>Sa\u017eetak:<\/strong><\/p>\n<p style=\"text-align: justify;\">Tre\u0107i kongres Dru\u0161tva nastavnika op\u0107e\/obiteljske medicine (DNOOM) s me\u0111unarodnim sudjelovanjem odr\u017ean je u Zagrebu u o\u017eujku 2012. godine, s temom Bolesnici s respiratornim bolestima u obiteljskoj medicini. Zbornik radova tog kongresa napisan je na 286 stranica, opremljen brojnim tablicama i slikama, te podijeljen na dva dijela. Uvodni \u010dlanak o nastavi obiteljske medicine u Sloveniji napisali su autori s Odsjeka za obiteljsku medicinu Medicinskog fakulteta u Mariboru. Prvi dio zbornika sadr\u017ei 22 pregledna \u010dlanka koji obra\u0111uju teme iz podru\u010dja respiratornih bolesti, koje su po svojoj prirodi i u\u010destalosti va\u017ean dio svakodnevnog rada obiteljskog lije\u010dnika (astma, kroni\u010dna opstruktivna plu\u0107na bolest, ka\u0161alj i zaduha, dijagnostika, lije\u010denje, rehabilitacija, uporaba antimikrobnih lijekova i mnoge druge). Autori \u010dlanaka su nastavnici sa sve \u010detiri katedre obiteljske medicine u Republici Hrvatskoj, s Medicinskih fakulteta u Zagrebu, Splitu, Rijeci i Osijeku. Drugi dio zbornika sadr\u017ei sa\u017eetke postera studenata medicinskih fakulteta u Hrvatskoj, prikazanih na 3. kongresu DNOOM-a. Me\u0111u njima, 11 je s temom respiratornih bolesti a 9 s razli\u010ditim temama iz svakodnevnog rada obiteljskog lije\u010dnika (febrilna stanja, bolesti kardiovaskularnog sustava, reumatolo\u0161ke bolesti). Zbornik je namijenjen kako studentima dodiplomske nastave kao korisno nastavno \u0161tivo, tako i obiteljskim lije\u010dnicima kao priru\u010dnik u njihovom svakodnevnom radu..<\/p>\n<p><strong><\/strong><\/p>\n<p style=\"text-align: justify;\"><strong>Bilje\u0161ka o urednici: <\/strong><\/p>\n<p style=\"text-align: justify;\">Prof.dr.sc. Biserka Bergman Markovi\u0107, ro\u0111ena 13.01.1952. u Zagrebu, Hrvatska. Od 1976 godine radi u Ordinaciji op\u0107e medicine. Nakon specijalizacije iz obiteljske medicine 1982, zapo\u0161ljava se Katedri za obiteljsku medicine Medicinskog fakulteta u Zagrebu. Polje u\u017eeg interesa je prevencija kardiovaskularnih bolesti. Kao predsjednik Dru\u0161tva nastavnika op\u0107e\/obiteljske medicine od 2008. godine organizirala je svake godine kongres I dvadesetak radionica na kojima poti\u010de da lije\u010dnici obiteljske medicine sudjeluju kao nastavnici u trajnoj edukaciji lije\u010dnika obiteljske medicine. Autor nekoliko desetaka znanstvenih i stru\u010dnih radova, voditelj projekta o utjecaju intervenciji lije\u010dnika obiteljske medicine na sr\u010dano \u017eilnu bolest. <\/p>\n<p><strong>Klju\u010dne rije\u010di:<\/strong> obiteljska medicina, zbornik, respiratorne bolesti<br \/><strong><\/strong><\/p>\n<p style=\"text-align: justify;\"><strong>Link:<\/strong> <a target=\"_blank\" href=\"http:\/\/www.dnoom.org\" rel=\"noopener\">DNOOM<\/a><\/p>\n<p><strong>Naslov:<\/strong> Bolesnici s respiratornim bolestima u obiteljskoj medicini<br \/><strong>Urednica:<\/strong> Biserka Bergman Markovi\u0107 i suradnici<br \/><strong>Broj stranica:<\/strong> 286<br \/><strong>Nakladnik:<\/strong> REDAK<br \/><strong>Godina izdanja:<\/strong> 2012.<br \/><strong>ISBN:<\/strong> ISSN: 1848-4158<br \/><strong>Tisak:<\/strong> digitalni tisak knjiga &#8211; print na zahtjev<\/p>\n<p><strong>Sadr\u017eaj:<\/strong><\/p>\n<p style=\"text-align: justify;\"><strong>\u0160to mo\u017ee nastava u obiteljskoj ambulanti dati studentu medicine?<\/strong><br \/>(Zalika Klemenc-Ketis, Janko Kersnik)<\/p>\n<p style=\"text-align: justify;\"><strong>Pokazatelji\u00a0 kvalitete skrbi bolesnika s bolesti plu\u0107a u obiteljskoj medicini <\/strong><br \/>( Zlata Ozva\u010di\u0107 Ad\u017ei\u0107 )<\/p>\n<p style=\"text-align: justify;\"><strong>Odnos lije\u010dnika prema osobi u skrbi koja boluje od plu\u0107ne bolesti<\/strong><br \/>(Sanja Bla\u017eekovi\u0107 Milakovi\u0107)<\/p>\n<p style=\"text-align: justify;\"><strong>Grlobolja \u2013 me\u0111unarodne smjernice i dijagnosti\u010dke kontroverze<\/strong><br \/>(\u0110ur\u0111ica Ka\u0161uba Lazi\u0107)<\/p>\n<p style=\"text-align: justify;\"><strong>Uporaba antibiotika u respiratornim infekcijama &#8211; smjernice u odnosu na realitet<\/strong><br \/>(Milica Kati\u0107)<\/p>\n<p style=\"text-align: justify;\"><strong>Propisivanje antibiotika za infekcije gornjeg di\u0161nog sustava u Hrvatskoj. Rizici nepotrebnog propisivanja<\/strong><br \/>(Marija Vrca Botica, Iva Botica,\u00a0 Valerija Stameni\u0107, Arjana Tambi\u0107 Andra\u0161evi\u0107,,Josipa Kern, Stanislava ,Stojanovi\u0107 \u0160pehar, Linda Carkaxhiu, Marija Balajai\u0107 )<\/p>\n<p style=\"text-align: justify;\"><strong>Pristup bolesniku s ka\u0161ljem i zaduhom<\/strong><br \/>(Ines Dimini\u0107 Lisica)<\/p>\n<p style=\"text-align: justify;\"><strong>Astma<\/strong><br \/>(Jasna Vu\u010dak)<\/p>\n<p style=\"text-align: justify;\"><strong>Kroni\u010dna opstruktivna plu\u0107na bolest (KOPB)<\/strong><br \/>(Ksenija Kranj\u010devi\u0107)<\/p>\n<p><strong>Dijagnosti\u010dki testovi plu\u0107ne funkcije i ostale dijagnosti\u010dke mogu\u0107nosti\u00a0 za astmu i KOPB<\/strong><br \/>(Ljiljana Majnari\u0107-Trtica)<\/p>\n<p><strong>Farmakolo\u0161ko lije\u010denje kroni\u010dnih opstruktivnih bolesti plu\u0107a<\/strong><br \/>(Biserka Bergman Markovi\u0107)<\/p>\n<p style=\"text-align: justify;\"><strong>Astma kao psihosomatska bolest?<\/strong><br \/>(Stanislava Stojanovi\u0107- \u0160pehar)<\/p>\n<p style=\"text-align: justify;\">\u00a0<\/p>\n<p style=\"text-align: justify;\"><strong>Alergijski rinitis<\/strong><br \/>(Sanda Pribi\u0107)<br \/><strong><\/strong><\/p>\n<p style=\"text-align: justify;\">\u00a0<\/p>\n<p style=\"text-align: justify;\"><strong>Astma u djece<\/strong><br \/>(Valerija Brali\u0107 Lang)<\/p>\n<p style=\"text-align: justify;\">\u00a0<\/p>\n<p style=\"text-align: justify;\"><strong>Zbrinjavanje i trajno pra\u0107enje bolesnika &#8211; samozbrinjavanje i samokontrola &#8211; edukacija bolesnika s kroni\u010dnom plu\u0107nom bolesti<\/strong><br \/>(Nata\u0161a Mrdulja\u0161 \u0110uji\u0107)<\/p>\n<p style=\"text-align: justify;\"><strong>Plu\u0107na rehabilitacija<\/strong><br \/>(Suzana Maltar-Delija)<\/p>\n<p style=\"text-align: justify;\"><strong>Tehnika uporabe inhalacijskih lijekova<\/strong><br \/>(Dragica Ivezi\u0107-Lali\u0107)<\/p>\n<p style=\"text-align: justify;\">\u00a0<\/p>\n<p style=\"text-align: justify;\"><strong>Komplikacije virusnih bolesti di\u0161nog sustava<\/strong><br \/>(Hrvoje Tiljak)<\/p>\n<p><strong>Sindrom opstruktivne sleep-apneje<\/strong><br \/>(Davorka Vrdoljak)<\/p>\n<p><strong>Trajno lije\u010denje kisikom bolesnika s kroni\u010dnom plu\u0107nom bolesti<\/strong><br \/>(Rudika Gmajni\u0107, Kristina Milanovi\u0107)<\/p>\n<p style=\"text-align: justify;\"><strong>Akutna i hitna stanja plu\u0107nih bolesti<\/strong><br \/>(Tanja Pekez Pavli\u0161ko)<\/p>\n<p style=\"text-align: justify;\"><strong>Retrospektiva pra\u0107enja i lije\u010denja bolesnika s astmom u obiteljskoj medicini<\/strong><br \/>(\u017deljko Bakar)<br \/><strong><\/strong><\/p>\n<p style=\"text-align: justify;\"><strong>Posteri<\/strong><br \/><strong>Prikaz slu\u010daja pacijenta s kroni\u010dnom opstruktivnom bolesti plu\u0107a<\/strong><br \/>(Jasmina Antolovi\u0107, Dalija Doljanac, Josipa Glava\u0161, Zvonimir Popovi\u0107, Monika Je\u0111ud)<\/p>\n<p><strong>Prikaz slu\u010daja osmogodi\u0161njeg dje\u010daka s akutnim respiratornim infektom u ordinaciji obiteljskog lije\u010dnika<\/strong><br \/>(Nikolina Br\u010dina, Diana Para\u0107 Bebek)<\/p>\n<p><strong>Treba li pu\u0161a\u010da lije\u010diti?<\/strong><br \/>(Iva Bukvi\u0107, Biserka Bergman Markovi\u0107)<br \/><strong><\/strong><\/p>\n<p style=\"text-align: justify;\"><strong>\u017divot na kratkoj uzici<\/strong><br \/>(Antonia Buli\u0107, Biserka Bergman-Markovi\u0107)<\/p>\n<p><strong>Antibiotik \u0107e rije\u0161iti sve na\u0161e probleme?<\/strong><br \/>(Stjepan Kel\u010di\u0107, Stanislava Stojanovi\u0107-\u0160pehar)<\/p>\n<p><strong>Prikaz slu\u010daja bolesnika s astmom<\/strong><br \/>(Ivan Kotris, Tea Vukoja, Sandra Sesar, Ivana Varvodi\u0107, Jadranka Petrovi\u0107)<\/p>\n<p><strong>Je li tuberkuloza zaboravljena bolest?<\/strong><br \/>(Elvira Kre\u0161i\u0107, Biserka Bergman Markovi\u0107)<\/p>\n<p><strong>Zaduha-prikaz slu\u010daja<\/strong><br \/>(Martina Mara\u010d, Dunja Drobac, Andrijana Bari\u0161i\u0107, Branislava Popovi\u0107, Ines Dimini\u0107-Lisica )<\/p>\n<p><strong>Prikaz slu\u010daja jedanaestogodi\u0161njeg dje\u010daka s akutnim respiratornim infektom u ordinaciji obiteljske medicine<\/strong><br \/>(Viviana Radica, Aleksandar Jovanovi\u0107)<\/p>\n<p><strong>Prikaz slu\u010daja trideset\u010detverogodi\u0161njeg mu\u0161karca s infektivnom mononukleozom u ordinaciji obiteljske medicine<\/strong><br \/>(Marija Vugrin\u010di\u0107, Aleksandar Jovanovi\u0107)<br \/><strong><\/strong><\/p>\n<p style=\"text-align: justify;\"><strong>Lije\u010denje kroni\u010dnih bolesti donjih di\u0161nih puteva u tri ordinacije op\u0107e medicine 1997. i 2011. godine<\/strong><br \/>(Nevia \u010cudina, Branka Fajdi\u0107, Dijana Jadri\u0107)<\/p>\n<p><strong>Bolesnik s nejasnim febrilitetom u ordinaciji obiteljske medicine<\/strong><br \/>(Sonja Fabris-Iv\u0161i\u0107, Vedrana Faraguna- Cve\u010di\u0107 , Boris Kova\u010devi\u0107)<\/p>\n<p><strong>Pacijent s degenerativnom reumatolo\u0161kom bole\u0161\u0107u u ambulanti obiteljske medicine- Prikaz slu\u010daja<\/strong><br \/>(Darko Fratri\u0107 , Suzana Kumbrija)<\/p>\n<p><strong>Prikaz pregleda zdravog pred\u0161kolskog djeteta u savjetovali\u0161tu lije\u010dnika obiteljske medicine<\/strong><br \/>(Vanja Lovreti\u0107, Suzana Kumbrija)<\/p>\n<p><strong>Prikaz bolesnika s poreme\u0107ajem sr\u010danog ritma u ordinaciji lije\u010dnika obiteljske medicine<\/strong><br \/>(Tea Lovri\u0107, Suzana Kumbrija)<\/p>\n<p><strong>Prikaz slu\u010daja bolesnika s cisti\u010dnom fibrozom<\/strong><br \/>(Nikola Ragu\u017e-Lu\u010di\u0107, Mario \u0160afer, Ivana \u0160tefanovi\u0107, Livija Vra\u010devi\u0107, Jadranka Petrovi\u0107)<\/p>\n<p><strong>Doktorice, boli me koljeno! \u2013 prikaz slu\u010daja dvoje bolesnika s razli\u010ditim rizi\u010dnim \u010dimbenicima za razvoj gonartroze<\/strong><br \/>(Martina Rastovac, Ivana Kelava)<\/p>\n<p><strong>Fibromijalgija, da ili ne? &#8211; Prikaz slu\u010daja bolesnice s vi\u0161estrukim izvanzglobnim i zglobnim reumatizmom, u koje je postavljena radna dijagnoza\u00a0 fibromijalgije<\/strong><br \/>(Mirna Reihl, Ivana Kelava)<\/p>\n<p><strong>Prikaz slu\u010daja pacijentice sa Churg-Straussovim sindromom<\/strong><br \/>(Ivana Samard\u017ei\u0107,\u00a0\u00a0 Sanda Pribi\u0107)<\/p>\n<p><strong>Izvanzglobni reumatizam &#8211; Prikaz slu\u010daja bolesnika koji boluje od lateralnog epikondilitisa desnog lakta u obiteljskoj medicini<\/strong><br \/>(Ivan \u0160korak, Suzana Kumbrija)<\/p>\n","protected":false},"excerpt":{"rendered":"<p>\u00a0 Sa\u017eetak: Tre\u0107i kongres Dru\u0161tva nastavnika op\u0107e\/obiteljske medicine (DNOOM) s me\u0111unarodnim sudjelovanjem odr\u017ean je u Zagrebu u o\u017eujku 2012. godine, s temom Bolesnici s respiratornim bolestima u obiteljskoj medicini. Zbornik radova tog kongresa napisan je na 286 stranica, opremljen brojnim tablicama i slikama, te podijeljen na dva dijela. Uvodni \u010dlanak o nastavi obiteljske medicine u [&hellip;]<\/p>\n","protected":false},"featured_media":7504,"comment_status":"open","ping_status":"closed","template":"","meta":{"_acf_changed":false},"product_brand":[],"product_cat":[1540,1517],"product_tag":[],"class_list":{"0":"post-7503","1":"product","2":"type-product","3":"status-publish","4":"has-post-thumbnail","6":"product_cat-biomedicina-i-zdravstvo","7":"product_cat-strucna-literatura","8":"pa_autor-grupa-autora","9":"pa_autor-biserka-bergman-markovic-ur","10":"pa_nakladnik-redak","12":"first","13":"instock","14":"shipping-taxable","15":"purchasable","16":"product-type-simple"},"acf":[],"yoast_head":"<!-- This site is optimized with the Yoast SEO plugin v27.3 - https:\/\/yoast.com\/product\/yoast-seo-wordpress\/ -->\n<title>BOLESNICI S RESPIRATORNIM BOLESTIMA U OBITELJSKOJ MEDICINI - Web-knji\u017eara<\/title>\n<meta name=\"robots\" content=\"index, follow, max-snippet:-1, max-image-preview:large, max-video-preview:-1\" \/>\n<link rel=\"canonical\" href=\"https:\/\/webknjizara.hr\/proizvod\/bolesnici-s-respiratornim-bolestima-u-obiteljskoj-medicini\/\" \/>\n<meta property=\"og:locale\" content=\"en_US\" \/>\n<meta property=\"og:type\" content=\"article\" \/>\n<meta property=\"og:title\" content=\"BOLESNICI S RESPIRATORNIM BOLESTIMA U OBITELJSKOJ MEDICINI - Web-knji\u017eara\" \/>\n<meta property=\"og:description\" content=\"\u00a0 Sa\u017eetak: Tre\u0107i kongres Dru\u0161tva nastavnika op\u0107e\/obiteljske medicine (DNOOM) s me\u0111unarodnim sudjelovanjem odr\u017ean je u Zagrebu u o\u017eujku 2012. godine, s temom Bolesnici s respiratornim bolestima u obiteljskoj medicini. Zbornik radova tog kongresa napisan je na 286 stranica, opremljen brojnim tablicama i slikama, te podijeljen na dva dijela. Uvodni \u010dlanak o nastavi obiteljske medicine u [&hellip;]\" \/>\n<meta property=\"og:url\" content=\"https:\/\/webknjizara.hr\/proizvod\/bolesnici-s-respiratornim-bolestima-u-obiteljskoj-medicini\/\" \/>\n<meta property=\"og:site_name\" content=\"Web-knji\u017eara\" \/>\n<meta property=\"article:modified_time\" content=\"2023-02-26T23:15:42+00:00\" \/>\n<meta property=\"og:image\" content=\"https:\/\/webknjizara.hr\/wp-content\/uploads\/nc\/images\/virtuemart\/product\/bolesnici-s-resp-4fc4e58fa0bc8.jpg\" \/>\n\t<meta property=\"og:image:width\" content=\"353\" \/>\n\t<meta property=\"og:image:height\" content=\"500\" \/>\n\t<meta property=\"og:image:type\" content=\"image\/jpeg\" \/>\n<meta name=\"twitter:card\" content=\"summary_large_image\" \/>\n<meta name=\"twitter:label1\" content=\"Est. reading time\" \/>\n\t<meta name=\"twitter:data1\" content=\"5 minutes\" \/>\n<script type=\"application\/ld+json\" class=\"yoast-schema-graph\">{\"@context\":\"https:\\\/\\\/schema.org\",\"@graph\":[{\"@type\":\"WebPage\",\"@id\":\"https:\\\/\\\/webknjizara.hr\\\/proizvod\\\/bolesnici-s-respiratornim-bolestima-u-obiteljskoj-medicini\\\/\",\"url\":\"https:\\\/\\\/webknjizara.hr\\\/proizvod\\\/bolesnici-s-respiratornim-bolestima-u-obiteljskoj-medicini\\\/\",\"name\":\"BOLESNICI S RESPIRATORNIM BOLESTIMA U OBITELJSKOJ MEDICINI - Web-knji\u017eara\",\"isPartOf\":{\"@id\":\"https:\\\/\\\/webknjizara.hr\\\/#website\"},\"primaryImageOfPage\":{\"@id\":\"https:\\\/\\\/webknjizara.hr\\\/proizvod\\\/bolesnici-s-respiratornim-bolestima-u-obiteljskoj-medicini\\\/#primaryimage\"},\"image\":{\"@id\":\"https:\\\/\\\/webknjizara.hr\\\/proizvod\\\/bolesnici-s-respiratornim-bolestima-u-obiteljskoj-medicini\\\/#primaryimage\"},\"thumbnailUrl\":\"https:\\\/\\\/webknjizara.hr\\\/wp-content\\\/uploads\\\/nc\\\/images\\\/virtuemart\\\/product\\\/bolesnici-s-resp-4fc4e58fa0bc8.jpg\",\"datePublished\":\"2012-05-29T15:04:47+00:00\",\"dateModified\":\"2023-02-26T23:15:42+00:00\",\"breadcrumb\":{\"@id\":\"https:\\\/\\\/webknjizara.hr\\\/proizvod\\\/bolesnici-s-respiratornim-bolestima-u-obiteljskoj-medicini\\\/#breadcrumb\"},\"inLanguage\":\"en-US\",\"potentialAction\":[{\"@type\":\"ReadAction\",\"target\":[\"https:\\\/\\\/webknjizara.hr\\\/proizvod\\\/bolesnici-s-respiratornim-bolestima-u-obiteljskoj-medicini\\\/\"]}]},{\"@type\":\"ImageObject\",\"inLanguage\":\"en-US\",\"@id\":\"https:\\\/\\\/webknjizara.hr\\\/proizvod\\\/bolesnici-s-respiratornim-bolestima-u-obiteljskoj-medicini\\\/#primaryimage\",\"url\":\"https:\\\/\\\/webknjizara.hr\\\/wp-content\\\/uploads\\\/nc\\\/images\\\/virtuemart\\\/product\\\/bolesnici-s-resp-4fc4e58fa0bc8.jpg\",\"contentUrl\":\"https:\\\/\\\/webknjizara.hr\\\/wp-content\\\/uploads\\\/nc\\\/images\\\/virtuemart\\\/product\\\/bolesnici-s-resp-4fc4e58fa0bc8.jpg\",\"width\":353,\"height\":500,\"caption\":\"BOLESNICI S RESPIRATORNIM BOLESTIMA U OBITELJSKOJ MEDICINI\"},{\"@type\":\"BreadcrumbList\",\"@id\":\"https:\\\/\\\/webknjizara.hr\\\/proizvod\\\/bolesnici-s-respiratornim-bolestima-u-obiteljskoj-medicini\\\/#breadcrumb\",\"itemListElement\":[{\"@type\":\"ListItem\",\"position\":1,\"name\":\"Po\u010detna stranica\",\"item\":\"https:\\\/\\\/webknjizara.hr\\\/en\\\/\"},{\"@type\":\"ListItem\",\"position\":2,\"name\":\"Shop\",\"item\":\"https:\\\/\\\/webknjizara.hr\\\/shop\\\/\"},{\"@type\":\"ListItem\",\"position\":3,\"name\":\"BOLESNICI S RESPIRATORNIM BOLESTIMA U OBITELJSKOJ MEDICINI\"}]},{\"@type\":\"WebSite\",\"@id\":\"https:\\\/\\\/webknjizara.hr\\\/#website\",\"url\":\"https:\\\/\\\/webknjizara.hr\\\/\",\"name\":\"Web Knji\u017eara\",\"description\":\"\",\"publisher\":{\"@id\":\"https:\\\/\\\/webknjizara.hr\\\/#organization\"},\"potentialAction\":[{\"@type\":\"SearchAction\",\"target\":{\"@type\":\"EntryPoint\",\"urlTemplate\":\"https:\\\/\\\/webknjizara.hr\\\/?s={search_term_string}\"},\"query-input\":{\"@type\":\"PropertyValueSpecification\",\"valueRequired\":true,\"valueName\":\"search_term_string\"}}],\"inLanguage\":\"en-US\"},{\"@type\":\"Organization\",\"@id\":\"https:\\\/\\\/webknjizara.hr\\\/#organization\",\"name\":\"REDAK D.O.O.\",\"url\":\"https:\\\/\\\/webknjizara.hr\\\/\",\"logo\":{\"@type\":\"ImageObject\",\"inLanguage\":\"en-US\",\"@id\":\"https:\\\/\\\/webknjizara.hr\\\/#\\\/schema\\\/logo\\\/image\\\/\",\"url\":\"https:\\\/\\\/webknjizara.hr\\\/wp-content\\\/uploads\\\/2023\\\/01\\\/web-knjizara-logo.webp\",\"contentUrl\":\"https:\\\/\\\/webknjizara.hr\\\/wp-content\\\/uploads\\\/2023\\\/01\\\/web-knjizara-logo.webp\",\"width\":324,\"height\":79,\"caption\":\"REDAK D.O.O.\"},\"image\":{\"@id\":\"https:\\\/\\\/webknjizara.hr\\\/#\\\/schema\\\/logo\\\/image\\\/\"}}]}<\/script>\n<!-- \/ Yoast SEO plugin. -->","yoast_head_json":{"title":"BOLESNICI S RESPIRATORNIM BOLESTIMA U OBITELJSKOJ MEDICINI - Web-knji\u017eara","robots":{"index":"index","follow":"follow","max-snippet":"max-snippet:-1","max-image-preview":"max-image-preview:large","max-video-preview":"max-video-preview:-1"},"canonical":"https:\/\/webknjizara.hr\/proizvod\/bolesnici-s-respiratornim-bolestima-u-obiteljskoj-medicini\/","og_locale":"en_US","og_type":"article","og_title":"BOLESNICI S RESPIRATORNIM BOLESTIMA U OBITELJSKOJ MEDICINI - Web-knji\u017eara","og_description":"\u00a0 Sa\u017eetak: Tre\u0107i kongres Dru\u0161tva nastavnika op\u0107e\/obiteljske medicine (DNOOM) s me\u0111unarodnim sudjelovanjem odr\u017ean je u Zagrebu u o\u017eujku 2012. godine, s temom Bolesnici s respiratornim bolestima u obiteljskoj medicini. Zbornik radova tog kongresa napisan je na 286 stranica, opremljen brojnim tablicama i slikama, te podijeljen na dva dijela. Uvodni \u010dlanak o nastavi obiteljske medicine u [&hellip;]","og_url":"https:\/\/webknjizara.hr\/proizvod\/bolesnici-s-respiratornim-bolestima-u-obiteljskoj-medicini\/","og_site_name":"Web-knji\u017eara","article_modified_time":"2023-02-26T23:15:42+00:00","og_image":[{"width":353,"height":500,"url":"https:\/\/webknjizara.hr\/wp-content\/uploads\/nc\/images\/virtuemart\/product\/bolesnici-s-resp-4fc4e58fa0bc8.jpg","type":"image\/jpeg"}],"twitter_card":"summary_large_image","twitter_misc":{"Est. reading time":"5 minutes"},"schema":{"@context":"https:\/\/schema.org","@graph":[{"@type":"WebPage","@id":"https:\/\/webknjizara.hr\/proizvod\/bolesnici-s-respiratornim-bolestima-u-obiteljskoj-medicini\/","url":"https:\/\/webknjizara.hr\/proizvod\/bolesnici-s-respiratornim-bolestima-u-obiteljskoj-medicini\/","name":"BOLESNICI S RESPIRATORNIM BOLESTIMA U OBITELJSKOJ MEDICINI - Web-knji\u017eara","isPartOf":{"@id":"https:\/\/webknjizara.hr\/#website"},"primaryImageOfPage":{"@id":"https:\/\/webknjizara.hr\/proizvod\/bolesnici-s-respiratornim-bolestima-u-obiteljskoj-medicini\/#primaryimage"},"image":{"@id":"https:\/\/webknjizara.hr\/proizvod\/bolesnici-s-respiratornim-bolestima-u-obiteljskoj-medicini\/#primaryimage"},"thumbnailUrl":"https:\/\/webknjizara.hr\/wp-content\/uploads\/nc\/images\/virtuemart\/product\/bolesnici-s-resp-4fc4e58fa0bc8.jpg","datePublished":"2012-05-29T15:04:47+00:00","dateModified":"2023-02-26T23:15:42+00:00","breadcrumb":{"@id":"https:\/\/webknjizara.hr\/proizvod\/bolesnici-s-respiratornim-bolestima-u-obiteljskoj-medicini\/#breadcrumb"},"inLanguage":"en-US","potentialAction":[{"@type":"ReadAction","target":["https:\/\/webknjizara.hr\/proizvod\/bolesnici-s-respiratornim-bolestima-u-obiteljskoj-medicini\/"]}]},{"@type":"ImageObject","inLanguage":"en-US","@id":"https:\/\/webknjizara.hr\/proizvod\/bolesnici-s-respiratornim-bolestima-u-obiteljskoj-medicini\/#primaryimage","url":"https:\/\/webknjizara.hr\/wp-content\/uploads\/nc\/images\/virtuemart\/product\/bolesnici-s-resp-4fc4e58fa0bc8.jpg","contentUrl":"https:\/\/webknjizara.hr\/wp-content\/uploads\/nc\/images\/virtuemart\/product\/bolesnici-s-resp-4fc4e58fa0bc8.jpg","width":353,"height":500,"caption":"BOLESNICI S RESPIRATORNIM BOLESTIMA U OBITELJSKOJ MEDICINI"},{"@type":"BreadcrumbList","@id":"https:\/\/webknjizara.hr\/proizvod\/bolesnici-s-respiratornim-bolestima-u-obiteljskoj-medicini\/#breadcrumb","itemListElement":[{"@type":"ListItem","position":1,"name":"Po\u010detna stranica","item":"https:\/\/webknjizara.hr\/en\/"},{"@type":"ListItem","position":2,"name":"Shop","item":"https:\/\/webknjizara.hr\/shop\/"},{"@type":"ListItem","position":3,"name":"BOLESNICI S RESPIRATORNIM BOLESTIMA U OBITELJSKOJ MEDICINI"}]},{"@type":"WebSite","@id":"https:\/\/webknjizara.hr\/#website","url":"https:\/\/webknjizara.hr\/","name":"Web Knji\u017eara","description":"","publisher":{"@id":"https:\/\/webknjizara.hr\/#organization"},"potentialAction":[{"@type":"SearchAction","target":{"@type":"EntryPoint","urlTemplate":"https:\/\/webknjizara.hr\/?s={search_term_string}"},"query-input":{"@type":"PropertyValueSpecification","valueRequired":true,"valueName":"search_term_string"}}],"inLanguage":"en-US"},{"@type":"Organization","@id":"https:\/\/webknjizara.hr\/#organization","name":"REDAK D.O.O.","url":"https:\/\/webknjizara.hr\/","logo":{"@type":"ImageObject","inLanguage":"en-US","@id":"https:\/\/webknjizara.hr\/#\/schema\/logo\/image\/","url":"https:\/\/webknjizara.hr\/wp-content\/uploads\/2023\/01\/web-knjizara-logo.webp","contentUrl":"https:\/\/webknjizara.hr\/wp-content\/uploads\/2023\/01\/web-knjizara-logo.webp","width":324,"height":79,"caption":"REDAK D.O.O."},"image":{"@id":"https:\/\/webknjizara.hr\/#\/schema\/logo\/image\/"}}]}},"_links":{"self":[{"href":"https:\/\/webknjizara.hr\/en\/wp-json\/wp\/v2\/product\/7503","targetHints":{"allow":["GET"]}}],"collection":[{"href":"https:\/\/webknjizara.hr\/en\/wp-json\/wp\/v2\/product"}],"about":[{"href":"https:\/\/webknjizara.hr\/en\/wp-json\/wp\/v2\/types\/product"}],"replies":[{"embeddable":true,"href":"https:\/\/webknjizara.hr\/en\/wp-json\/wp\/v2\/comments?post=7503"}],"wp:featuredmedia":[{"embeddable":true,"href":"https:\/\/webknjizara.hr\/en\/wp-json\/wp\/v2\/media\/7504"}],"wp:attachment":[{"href":"https:\/\/webknjizara.hr\/en\/wp-json\/wp\/v2\/media?parent=7503"}],"wp:term":[{"taxonomy":"product_brand","embeddable":true,"href":"https:\/\/webknjizara.hr\/en\/wp-json\/wp\/v2\/product_brand?post=7503"},{"taxonomy":"product_cat","embeddable":true,"href":"https:\/\/webknjizara.hr\/en\/wp-json\/wp\/v2\/product_cat?post=7503"},{"taxonomy":"product_tag","embeddable":true,"href":"https:\/\/webknjizara.hr\/en\/wp-json\/wp\/v2\/product_tag?post=7503"}],"curies":[{"name":"wp","href":"https:\/\/api.w.org\/{rel}","templated":true}]}}