{"id":7497,"date":"2012-05-24T15:56:16","date_gmt":"2012-05-24T15:56:16","guid":{"rendered":"https:\/\/webknjizara.hr\/?product=kolajna-ud-versi-denis-kozljan"},"modified":"2023-02-27T00:15:42","modified_gmt":"2023-02-26T23:15:42","slug":"kolajna-ud-versi-denis-kozljan","status":"publish","type":"product","link":"https:\/\/webknjizara.hr\/en\/proizvod\/kolajna-ud-versi-denis-kozljan\/","title":{"rendered":"KOLAJNA UD VER\u0160I, Denis Ko\u017eljan"},"content":{"rendered":"<div style=\"text-align: justify;\"><\/div>\n<div style=\"text-align: justify;\"><strong>Sa\u017eetak:<\/strong><\/div>\n<div style=\"text-align: justify;\">&#8220;Kolajna ud ver\u0161i&#8221;, zbirka pjesama\u00a0 pisana isklju\u010divo \u010dakavskim dijalektom. Sadr\u017ei sedamdesetak pjesama podijeljenih u pet cjelina (Moji dragi ljudi, Arija lipo zadaje, Ni\u0161 ni vi\u0161e kaj nikad, Siroma\u0161tina je vela bila, Pensiri), a na samom po\u010detku zbirke uvr\u0161teno je i pet kra\u0107ih proznih uradaka iz mojih sje\u0107anja, tako\u0111er pisanih \u010dakavicom. <br \/>Kroz ovih pet cjelina dotakla sam se motiva iz \u017eivota istarskog \u010dovjeka nekad i danas, ljepote istarske zemlje, na\u010dina \u017eivota, opisala neke drage ljude koje u mom \u017eivotu zauzimaju posebno mjesto, dok je u posljednjem djelu prisutna misaono refleksivna poezija odnosno pensiri&#8230;.Zbirka sadr\u017ei 108 stranica i popra\u0107ena je prekrasnim ilustracijama urednika Nenada Grpca, koji je i urednik digitalnih knjiga. Ovu sam poeziju na \u010dakavskom\u00a0 tj. mom dijalektu, istarskom, pisala u svrhu o\u010duvanja istarskog jezika, folklora, tradicije i ba\u0161tine, a u dana\u0161njem svijetu globalizacije. Recenzent je poznati istarski pjesnik Denis Konto\u0161i\u0107.<\/p>\n<p><strong>Bilje\u0161ka o autorici: <\/strong><\/div>\n<div style=\"text-align: justify;\">Denis Ko\u017eljan, ro\u0111ena 13. 08. 1961. u Puli, gdje i sada \u017eivim i stvaram. Po struci odgajateljica, u mirovini. Pjesnikinja i knji\u017eevnica, pi\u0161em standardom i \u010dakavskim dijalektom, osim poezije pi\u0161em osvrte, kra\u0107a prozna djela, duhovnu poeziju, eseje. Pi\u0161em na nekoliko portala, imam dva svoja bloga, a neki su mi \u010dlanci objavljivani u lokalnom dnevnom listu i studentskim novinama. Organizirala sam mnoge promocije, Knji\u017eevne i glazbeno knji\u017eevne ve\u010deri, sudjelovala u humanitarnom koncertu, na Susretu \u010dakavskih pjesnika &#8220;Beside u jatu&#8221; u Barbanu, te posebnu diplomu dobila na pro\u0161logodi\u0161njem susretu Duhovne poezije &#8220;Stjepan Kranj\u010di\u0107&#8221; u Kri\u017eevcima.<\/p>\n<p>Do sada sam objavila \u010detiri samostalne zbirke pjesama: &#8220;Sva moja sje\u0107anja&#8221;, Priroda di\u0161e&#8221;, &#8220;Ljubavlju ispunjena&#8221;, &#8220;Kolajna ud ver\u0161i&#8221;, te jedna zajedni\u010dka &#8220;Beside u jatu 1.&#8221;, a ve\u0107 je u tisku i druga zajedni\u010dka &#8220;Beside u jatu2&#8221; u koju su mi u\u0161le dvije pjesme pisane \u010dakavicom, &#8220;Libar ud \u017eivota&#8221; i &#8220;Kamo god da pojden&#8221;.\u00a0\u00a0 Napisala sam preko \u010detrdeset osvrta na pro\u010ditana djela vrsnih autora i u doglednoj budu\u0107nosti spremam se izdati knjigu\u00a0 kao i svoju biografiju.<\/p>\n<p><strong>Klju\u010dne rije\u010di: <\/strong><\/div>\n<div style=\"text-align: justify;\">kolajna, ud, ver\u0161i, denis, ko\u017eljan, digitalne, knjige, bu\u0161i\u0107, u tezu, na mizi,arija, lipo, zadaje,mi\u0161, ni, vi\u0161e, kaj, nikad, siroma\u0161tina, je, bila, pensiri, u, inat, globalizaciji, Denis, Konto\u0161i\u0107,<\/p>\n<p><strong>E-mail:<\/strong><a href=\"mailto:denis.kozljan@yahoo.com\">Denis Ko\u017eljan<\/a><\/p>\n<p><strong>Naslov:<\/strong> Kolajna ud ver\u0161i<br \/><strong>Autor:<\/strong> Denis Ko\u017eljan<br \/><strong>Broj stranica:<\/strong> 104<br \/><strong>Nakladnik:<\/strong> Denis Ko\u017eljan<br \/><strong>Godina izdanja:<\/strong> 2012.<br \/><strong>ISBN:<\/strong> 978-953-56334-1-9<br \/><strong>Tisak:<\/strong> digitalni tisak knjiga &#8211; print na zahtjev<\/div>\n","protected":false},"excerpt":{"rendered":"<p>Sa\u017eetak: &#8220;Kolajna ud ver\u0161i&#8221;, zbirka pjesama\u00a0 pisana isklju\u010divo \u010dakavskim dijalektom. Sadr\u017ei sedamdesetak pjesama podijeljenih u pet cjelina (Moji dragi ljudi, Arija lipo zadaje, Ni\u0161 ni vi\u0161e kaj nikad, Siroma\u0161tina je vela bila, Pensiri), a na samom po\u010detku zbirke uvr\u0161teno je i pet kra\u0107ih proznih uradaka iz mojih sje\u0107anja, tako\u0111er pisanih \u010dakavicom. Kroz ovih pet cjelina [&hellip;]<\/p>\n","protected":false},"featured_media":7498,"comment_status":"open","ping_status":"closed","template":"","meta":{"_acf_changed":false},"product_brand":[],"product_cat":[1383,1385,1388],"product_tag":[],"class_list":{"0":"post-7497","1":"product","2":"type-product","3":"status-publish","4":"has-post-thumbnail","6":"product_cat-knjige","7":"product_cat-knjizevnost","8":"product_cat-poezija","9":"pa_autor-denis-kozljan","10":"pa_nakladnik-denis-kozljan","12":"first","13":"instock","14":"shipping-taxable","15":"purchasable","16":"product-type-simple"},"acf":[],"yoast_head":"<!-- This site is optimized with the Yoast SEO plugin v27.3 - https:\/\/yoast.com\/product\/yoast-seo-wordpress\/ -->\n<title>KOLAJNA UD VER\u0160I, Denis Ko\u017eljan - Web-knji\u017eara<\/title>\n<meta name=\"robots\" content=\"index, follow, max-snippet:-1, max-image-preview:large, max-video-preview:-1\" \/>\n<link rel=\"canonical\" href=\"https:\/\/webknjizara.hr\/proizvod\/kolajna-ud-versi-denis-kozljan\/\" \/>\n<meta property=\"og:locale\" content=\"en_US\" \/>\n<meta property=\"og:type\" content=\"article\" \/>\n<meta property=\"og:title\" content=\"KOLAJNA UD VER\u0160I, Denis Ko\u017eljan - Web-knji\u017eara\" \/>\n<meta property=\"og:description\" content=\"Sa\u017eetak: &#8220;Kolajna ud ver\u0161i&#8221;, zbirka pjesama\u00a0 pisana isklju\u010divo \u010dakavskim dijalektom. Sadr\u017ei sedamdesetak pjesama podijeljenih u pet cjelina (Moji dragi ljudi, Arija lipo zadaje, Ni\u0161 ni vi\u0161e kaj nikad, Siroma\u0161tina je vela bila, Pensiri), a na samom po\u010detku zbirke uvr\u0161teno je i pet kra\u0107ih proznih uradaka iz mojih sje\u0107anja, tako\u0111er pisanih \u010dakavicom. Kroz ovih pet cjelina [&hellip;]\" \/>\n<meta property=\"og:url\" content=\"https:\/\/webknjizara.hr\/proizvod\/kolajna-ud-versi-denis-kozljan\/\" \/>\n<meta property=\"og:site_name\" content=\"Web-knji\u017eara\" \/>\n<meta property=\"article:modified_time\" content=\"2023-02-26T23:15:42+00:00\" \/>\n<meta property=\"og:image\" content=\"https:\/\/webknjizara.hr\/wp-content\/uploads\/nc\/images\/virtuemart\/product\/kolajna-ud-ver-4fbe5a202e88d.jpg\" \/>\n\t<meta property=\"og:image:width\" content=\"375\" \/>\n\t<meta property=\"og:image:height\" content=\"500\" \/>\n\t<meta property=\"og:image:type\" content=\"image\/jpeg\" \/>\n<meta name=\"twitter:card\" content=\"summary_large_image\" \/>\n<meta name=\"twitter:label1\" content=\"Est. reading time\" \/>\n\t<meta name=\"twitter:data1\" content=\"2 minutes\" \/>\n<script type=\"application\/ld+json\" class=\"yoast-schema-graph\">{\"@context\":\"https:\\\/\\\/schema.org\",\"@graph\":[{\"@type\":\"WebPage\",\"@id\":\"https:\\\/\\\/webknjizara.hr\\\/proizvod\\\/kolajna-ud-versi-denis-kozljan\\\/\",\"url\":\"https:\\\/\\\/webknjizara.hr\\\/proizvod\\\/kolajna-ud-versi-denis-kozljan\\\/\",\"name\":\"KOLAJNA UD VER\u0160I, Denis Ko\u017eljan - Web-knji\u017eara\",\"isPartOf\":{\"@id\":\"https:\\\/\\\/webknjizara.hr\\\/#website\"},\"primaryImageOfPage\":{\"@id\":\"https:\\\/\\\/webknjizara.hr\\\/proizvod\\\/kolajna-ud-versi-denis-kozljan\\\/#primaryimage\"},\"image\":{\"@id\":\"https:\\\/\\\/webknjizara.hr\\\/proizvod\\\/kolajna-ud-versi-denis-kozljan\\\/#primaryimage\"},\"thumbnailUrl\":\"https:\\\/\\\/webknjizara.hr\\\/wp-content\\\/uploads\\\/nc\\\/images\\\/virtuemart\\\/product\\\/kolajna-ud-ver-4fbe5a202e88d.jpg\",\"datePublished\":\"2012-05-24T15:56:16+00:00\",\"dateModified\":\"2023-02-26T23:15:42+00:00\",\"breadcrumb\":{\"@id\":\"https:\\\/\\\/webknjizara.hr\\\/proizvod\\\/kolajna-ud-versi-denis-kozljan\\\/#breadcrumb\"},\"inLanguage\":\"en-US\",\"potentialAction\":[{\"@type\":\"ReadAction\",\"target\":[\"https:\\\/\\\/webknjizara.hr\\\/proizvod\\\/kolajna-ud-versi-denis-kozljan\\\/\"]}]},{\"@type\":\"ImageObject\",\"inLanguage\":\"en-US\",\"@id\":\"https:\\\/\\\/webknjizara.hr\\\/proizvod\\\/kolajna-ud-versi-denis-kozljan\\\/#primaryimage\",\"url\":\"https:\\\/\\\/webknjizara.hr\\\/wp-content\\\/uploads\\\/nc\\\/images\\\/virtuemart\\\/product\\\/kolajna-ud-ver-4fbe5a202e88d.jpg\",\"contentUrl\":\"https:\\\/\\\/webknjizara.hr\\\/wp-content\\\/uploads\\\/nc\\\/images\\\/virtuemart\\\/product\\\/kolajna-ud-ver-4fbe5a202e88d.jpg\",\"width\":375,\"height\":500,\"caption\":\"KOLAJNA UD VER\u0160I, Denis Ko\u017eljan\"},{\"@type\":\"BreadcrumbList\",\"@id\":\"https:\\\/\\\/webknjizara.hr\\\/proizvod\\\/kolajna-ud-versi-denis-kozljan\\\/#breadcrumb\",\"itemListElement\":[{\"@type\":\"ListItem\",\"position\":1,\"name\":\"Po\u010detna stranica\",\"item\":\"https:\\\/\\\/webknjizara.hr\\\/en\\\/\"},{\"@type\":\"ListItem\",\"position\":2,\"name\":\"Shop\",\"item\":\"https:\\\/\\\/webknjizara.hr\\\/shop\\\/\"},{\"@type\":\"ListItem\",\"position\":3,\"name\":\"KOLAJNA UD VER\u0160I, Denis Ko\u017eljan\"}]},{\"@type\":\"WebSite\",\"@id\":\"https:\\\/\\\/webknjizara.hr\\\/#website\",\"url\":\"https:\\\/\\\/webknjizara.hr\\\/\",\"name\":\"Web Knji\u017eara\",\"description\":\"\",\"publisher\":{\"@id\":\"https:\\\/\\\/webknjizara.hr\\\/#organization\"},\"potentialAction\":[{\"@type\":\"SearchAction\",\"target\":{\"@type\":\"EntryPoint\",\"urlTemplate\":\"https:\\\/\\\/webknjizara.hr\\\/?s={search_term_string}\"},\"query-input\":{\"@type\":\"PropertyValueSpecification\",\"valueRequired\":true,\"valueName\":\"search_term_string\"}}],\"inLanguage\":\"en-US\"},{\"@type\":\"Organization\",\"@id\":\"https:\\\/\\\/webknjizara.hr\\\/#organization\",\"name\":\"REDAK D.O.O.\",\"url\":\"https:\\\/\\\/webknjizara.hr\\\/\",\"logo\":{\"@type\":\"ImageObject\",\"inLanguage\":\"en-US\",\"@id\":\"https:\\\/\\\/webknjizara.hr\\\/#\\\/schema\\\/logo\\\/image\\\/\",\"url\":\"https:\\\/\\\/webknjizara.hr\\\/wp-content\\\/uploads\\\/2023\\\/01\\\/web-knjizara-logo.webp\",\"contentUrl\":\"https:\\\/\\\/webknjizara.hr\\\/wp-content\\\/uploads\\\/2023\\\/01\\\/web-knjizara-logo.webp\",\"width\":324,\"height\":79,\"caption\":\"REDAK D.O.O.\"},\"image\":{\"@id\":\"https:\\\/\\\/webknjizara.hr\\\/#\\\/schema\\\/logo\\\/image\\\/\"}}]}<\/script>\n<!-- \/ Yoast SEO plugin. -->","yoast_head_json":{"title":"KOLAJNA UD VER\u0160I, Denis Ko\u017eljan - Web-knji\u017eara","robots":{"index":"index","follow":"follow","max-snippet":"max-snippet:-1","max-image-preview":"max-image-preview:large","max-video-preview":"max-video-preview:-1"},"canonical":"https:\/\/webknjizara.hr\/proizvod\/kolajna-ud-versi-denis-kozljan\/","og_locale":"en_US","og_type":"article","og_title":"KOLAJNA UD VER\u0160I, Denis Ko\u017eljan - Web-knji\u017eara","og_description":"Sa\u017eetak: &#8220;Kolajna ud ver\u0161i&#8221;, zbirka pjesama\u00a0 pisana isklju\u010divo \u010dakavskim dijalektom. Sadr\u017ei sedamdesetak pjesama podijeljenih u pet cjelina (Moji dragi ljudi, Arija lipo zadaje, Ni\u0161 ni vi\u0161e kaj nikad, Siroma\u0161tina je vela bila, Pensiri), a na samom po\u010detku zbirke uvr\u0161teno je i pet kra\u0107ih proznih uradaka iz mojih sje\u0107anja, tako\u0111er pisanih \u010dakavicom. Kroz ovih pet cjelina [&hellip;]","og_url":"https:\/\/webknjizara.hr\/proizvod\/kolajna-ud-versi-denis-kozljan\/","og_site_name":"Web-knji\u017eara","article_modified_time":"2023-02-26T23:15:42+00:00","og_image":[{"width":375,"height":500,"url":"https:\/\/webknjizara.hr\/wp-content\/uploads\/nc\/images\/virtuemart\/product\/kolajna-ud-ver-4fbe5a202e88d.jpg","type":"image\/jpeg"}],"twitter_card":"summary_large_image","twitter_misc":{"Est. reading time":"2 minutes"},"schema":{"@context":"https:\/\/schema.org","@graph":[{"@type":"WebPage","@id":"https:\/\/webknjizara.hr\/proizvod\/kolajna-ud-versi-denis-kozljan\/","url":"https:\/\/webknjizara.hr\/proizvod\/kolajna-ud-versi-denis-kozljan\/","name":"KOLAJNA UD VER\u0160I, Denis Ko\u017eljan - Web-knji\u017eara","isPartOf":{"@id":"https:\/\/webknjizara.hr\/#website"},"primaryImageOfPage":{"@id":"https:\/\/webknjizara.hr\/proizvod\/kolajna-ud-versi-denis-kozljan\/#primaryimage"},"image":{"@id":"https:\/\/webknjizara.hr\/proizvod\/kolajna-ud-versi-denis-kozljan\/#primaryimage"},"thumbnailUrl":"https:\/\/webknjizara.hr\/wp-content\/uploads\/nc\/images\/virtuemart\/product\/kolajna-ud-ver-4fbe5a202e88d.jpg","datePublished":"2012-05-24T15:56:16+00:00","dateModified":"2023-02-26T23:15:42+00:00","breadcrumb":{"@id":"https:\/\/webknjizara.hr\/proizvod\/kolajna-ud-versi-denis-kozljan\/#breadcrumb"},"inLanguage":"en-US","potentialAction":[{"@type":"ReadAction","target":["https:\/\/webknjizara.hr\/proizvod\/kolajna-ud-versi-denis-kozljan\/"]}]},{"@type":"ImageObject","inLanguage":"en-US","@id":"https:\/\/webknjizara.hr\/proizvod\/kolajna-ud-versi-denis-kozljan\/#primaryimage","url":"https:\/\/webknjizara.hr\/wp-content\/uploads\/nc\/images\/virtuemart\/product\/kolajna-ud-ver-4fbe5a202e88d.jpg","contentUrl":"https:\/\/webknjizara.hr\/wp-content\/uploads\/nc\/images\/virtuemart\/product\/kolajna-ud-ver-4fbe5a202e88d.jpg","width":375,"height":500,"caption":"KOLAJNA UD VER\u0160I, Denis Ko\u017eljan"},{"@type":"BreadcrumbList","@id":"https:\/\/webknjizara.hr\/proizvod\/kolajna-ud-versi-denis-kozljan\/#breadcrumb","itemListElement":[{"@type":"ListItem","position":1,"name":"Po\u010detna stranica","item":"https:\/\/webknjizara.hr\/en\/"},{"@type":"ListItem","position":2,"name":"Shop","item":"https:\/\/webknjizara.hr\/shop\/"},{"@type":"ListItem","position":3,"name":"KOLAJNA UD VER\u0160I, Denis Ko\u017eljan"}]},{"@type":"WebSite","@id":"https:\/\/webknjizara.hr\/#website","url":"https:\/\/webknjizara.hr\/","name":"Web Knji\u017eara","description":"","publisher":{"@id":"https:\/\/webknjizara.hr\/#organization"},"potentialAction":[{"@type":"SearchAction","target":{"@type":"EntryPoint","urlTemplate":"https:\/\/webknjizara.hr\/?s={search_term_string}"},"query-input":{"@type":"PropertyValueSpecification","valueRequired":true,"valueName":"search_term_string"}}],"inLanguage":"en-US"},{"@type":"Organization","@id":"https:\/\/webknjizara.hr\/#organization","name":"REDAK D.O.O.","url":"https:\/\/webknjizara.hr\/","logo":{"@type":"ImageObject","inLanguage":"en-US","@id":"https:\/\/webknjizara.hr\/#\/schema\/logo\/image\/","url":"https:\/\/webknjizara.hr\/wp-content\/uploads\/2023\/01\/web-knjizara-logo.webp","contentUrl":"https:\/\/webknjizara.hr\/wp-content\/uploads\/2023\/01\/web-knjizara-logo.webp","width":324,"height":79,"caption":"REDAK D.O.O."},"image":{"@id":"https:\/\/webknjizara.hr\/#\/schema\/logo\/image\/"}}]}},"_links":{"self":[{"href":"https:\/\/webknjizara.hr\/en\/wp-json\/wp\/v2\/product\/7497","targetHints":{"allow":["GET"]}}],"collection":[{"href":"https:\/\/webknjizara.hr\/en\/wp-json\/wp\/v2\/product"}],"about":[{"href":"https:\/\/webknjizara.hr\/en\/wp-json\/wp\/v2\/types\/product"}],"replies":[{"embeddable":true,"href":"https:\/\/webknjizara.hr\/en\/wp-json\/wp\/v2\/comments?post=7497"}],"wp:featuredmedia":[{"embeddable":true,"href":"https:\/\/webknjizara.hr\/en\/wp-json\/wp\/v2\/media\/7498"}],"wp:attachment":[{"href":"https:\/\/webknjizara.hr\/en\/wp-json\/wp\/v2\/media?parent=7497"}],"wp:term":[{"taxonomy":"product_brand","embeddable":true,"href":"https:\/\/webknjizara.hr\/en\/wp-json\/wp\/v2\/product_brand?post=7497"},{"taxonomy":"product_cat","embeddable":true,"href":"https:\/\/webknjizara.hr\/en\/wp-json\/wp\/v2\/product_cat?post=7497"},{"taxonomy":"product_tag","embeddable":true,"href":"https:\/\/webknjizara.hr\/en\/wp-json\/wp\/v2\/product_tag?post=7497"}],"curies":[{"name":"wp","href":"https:\/\/api.w.org\/{rel}","templated":true}]}}