{"id":7495,"date":"2012-05-15T16:59:09","date_gmt":"2012-05-15T16:59:09","guid":{"rendered":"https:\/\/webknjizara.hr\/?product=hedgirati-ili-ne-ivo-speranda"},"modified":"2023-02-27T00:15:42","modified_gmt":"2023-02-26T23:15:42","slug":"hedgirati-ili-ne-ivo-speranda","status":"publish","type":"product","link":"https:\/\/webknjizara.hr\/en\/proizvod\/hedgirati-ili-ne-ivo-speranda\/","title":{"rendered":"HEDGIRATI ILI NE, Ivo \u0160peranda"},"content":{"rendered":"<div style=\"text-align: justify;\"><\/div>\n<div style=\"text-align: justify;\"><strong>Sa\u017eetak: <\/strong><\/div>\n<div style=\"text-align: justify;\"><\/div>\n<div style=\"text-align: justify;\">Cjelokupna knjiga\u00a0 svojom kako koncepcijom\u00a0 tako i kona\u010dnim izna\u0161a\u0161\u0107ima temeljenim na upotrebljenim znanstvenim metodama izlo\u017eila je i analizirala sve bitne parametre suvremene terminske trgovine s posebnim naglaskom na hedging, ispitala aktualnosti i mogu\u0107nosti \u0161to \u0161ire primjene hedginga u na\u0161oj gospodarskoj praksi, istra\u017eila i utvrdila razinu znanja hrvatskih gospodarstvenika o terminskoj trgovini, posebice o hedgingu, te ocijenila trenutna o\u010dekivanja gospodarstvenika s tim u vezi.<\/div>\n<div style=\"text-align: justify;\">Tako\u0111er, predstavljen je teoretski koncept hedginga, utvr\u0111eni su pozitivni utjecaji hedginga na rezultate poslovanja poduze\u0107a, definirana je izvozna konkurentnost i postavljen je model za utvr\u0111ivanje u\u010dinaka hedginga na ekonomi\u010dnost i profitabilnost poslovanja. Na temelju cjelokupnog istra\u017eivanja definirane su osnovne preporuke za \u0161iru upotrebu hedginga u gospodarstvu Republike Hrvatske, pri \u010demu je istaknuta uloga dr\u017eave i njenih institucija kao inicijatora i promotora kona\u010dnog uvo\u0111enja hedginga u hrvatsku gospodarsku praksu.<\/div>\n<div style=\"text-align: justify;\">U znanstvenom istra\u017eivanju i formuliranju rezultata istra\u017eivanja koristili su se u odgovaraju\u0107oj kombinaciji prikladne znanstvene metode. Navedene metode poslu\u017eile su za sustavan prikaz svih bitnih parametara suvremene terminske trgovine na me\u0111unarodnim tr\u017ei\u0161tima s posebnim akcentom na hedging, kao jednom od strategija trgovanja. Dat je i prikaz mogu\u0107nosti \u0161ire primjene hedginga u praksi, te implikacije uporabe hedginga na rezultate poslovanja poduze\u0107a i povezanosti s konkurentnom sposobnosti ukupnog hrvatskog gospodarstva.<\/div>\n<div style=\"text-align: justify;\"><\/div>\n<div style=\"text-align: justify;\">Iz svega do sada navedenog i istra\u017eenog mo\u017ee se tvrditi da se ovom knjigom\u00a0 dokazalo i pokazalo da kori\u0161tenje hedginga u velikoj mjeri pozitivno uti\u010de na financijsku stabilnost i kvalitet poslovanja poduze\u0107a, pa se time pridonosi i op\u0107oj konkurentnosti hrvatskog gospodarstva.<\/p>\n<p><strong>Bilje\u0161ka o autoru\/autorici: <\/strong><\/div>\n<div style=\"text-align: justify;\">Autor knjige je vi\u0161i asistent na Sveu\u010dili\u0161tu u Dubrovniku \u2013 Odjel za ekonomiju i poslovnu ekonomiju anga\u017eiran na izvo\u0111enju nastave na kolegijima iz podru\u010dja me\u0111unarodne ekonomije. Pored vi\u0161egodi\u0161njeg bogatog poslovnog iskustva ste\u010denog u hrvatskim i inozemnim tvrtkama i stru\u010dnog i znanstvenog usavr\u0161avanja u zemlji i inozemstvu posvetio se znanstvenom i nastavnom radu. Autor je objavio\u00a0 vi\u0161e stru\u010dnih i znanstvenih radova iz podru\u010dja terminske trgovine, burzovnog poslovanja\u00a0 i odre\u0111ivanja vrijednosti poduze\u0107a.<\/p>\n<p><strong>Klju\u010dne rije\u010di: <\/strong><\/div>\n<div style=\"text-align: justify;\">rizik; terminska trgovina; hedging; konkurentnost; hrvatsko gospodarstvo; poslovna efikasnost; poduze\u0107e<\/p>\n<p><strong>E-mail:<\/strong><a href=\"mailto:ivo.speranda@unidu.hr\">Ivo \u0160peranda<\/a><\/p>\n<p><strong>Naslov:<\/strong> Hedgirati Ili Ne<br \/><strong>Autor:<\/strong> Ivo \u0160peranda<br \/><strong>Broj stranica:<\/strong> 256<br \/><strong>Nakladnik:<\/strong> REDAK<br \/><strong>Godina izdanja:<\/strong> 2012.<br \/><strong>ISBN:<\/strong> 978-953-7595-92-0<br \/><strong>Tisak:<\/strong> digitalni tisak knjiga &#8211; print na zahtjev<\/div>\n","protected":false},"excerpt":{"rendered":"<p>Sa\u017eetak: Cjelokupna knjiga\u00a0 svojom kako koncepcijom\u00a0 tako i kona\u010dnim izna\u0161a\u0161\u0107ima temeljenim na upotrebljenim znanstvenim metodama izlo\u017eila je i analizirala sve bitne parametre suvremene terminske trgovine s posebnim naglaskom na hedging, ispitala aktualnosti i mogu\u0107nosti \u0161to \u0161ire primjene hedginga u na\u0161oj gospodarskoj praksi, istra\u017eila i utvrdila razinu znanja hrvatskih gospodarstvenika o terminskoj trgovini, posebice o hedgingu, [&hellip;]<\/p>\n","protected":false},"featured_media":7496,"comment_status":"open","ping_status":"closed","template":"","meta":{"_acf_changed":false},"product_brand":[],"product_cat":[1517],"product_tag":[],"class_list":{"0":"post-7495","1":"product","2":"type-product","3":"status-publish","4":"has-post-thumbnail","6":"product_cat-strucna-literatura","7":"pa_autor-ivo-speranda","8":"pa_nakladnik-redak","10":"first","11":"instock","12":"shipping-taxable","13":"purchasable","14":"product-type-simple"},"acf":[],"yoast_head":"<!-- This site is optimized with the Yoast SEO plugin v27.3 - https:\/\/yoast.com\/product\/yoast-seo-wordpress\/ -->\n<title>HEDGIRATI ILI NE, Ivo \u0160peranda - Web-knji\u017eara<\/title>\n<meta name=\"robots\" content=\"index, follow, max-snippet:-1, max-image-preview:large, max-video-preview:-1\" \/>\n<link rel=\"canonical\" href=\"https:\/\/webknjizara.hr\/proizvod\/hedgirati-ili-ne-ivo-speranda\/\" \/>\n<meta property=\"og:locale\" content=\"en_US\" \/>\n<meta property=\"og:type\" content=\"article\" \/>\n<meta property=\"og:title\" content=\"HEDGIRATI ILI NE, Ivo \u0160peranda - Web-knji\u017eara\" \/>\n<meta property=\"og:description\" content=\"Sa\u017eetak: Cjelokupna knjiga\u00a0 svojom kako koncepcijom\u00a0 tako i kona\u010dnim izna\u0161a\u0161\u0107ima temeljenim na upotrebljenim znanstvenim metodama izlo\u017eila je i analizirala sve bitne parametre suvremene terminske trgovine s posebnim naglaskom na hedging, ispitala aktualnosti i mogu\u0107nosti \u0161to \u0161ire primjene hedginga u na\u0161oj gospodarskoj praksi, istra\u017eila i utvrdila razinu znanja hrvatskih gospodarstvenika o terminskoj trgovini, posebice o hedgingu, [&hellip;]\" \/>\n<meta property=\"og:url\" content=\"https:\/\/webknjizara.hr\/proizvod\/hedgirati-ili-ne-ivo-speranda\/\" \/>\n<meta property=\"og:site_name\" content=\"Web-knji\u017eara\" \/>\n<meta property=\"article:modified_time\" content=\"2023-02-26T23:15:42+00:00\" \/>\n<meta property=\"og:image\" content=\"https:\/\/webknjizara.hr\/wp-content\/uploads\/nc\/images\/virtuemart\/product\/hedgirati-ili-ne-4fb28b5dc8dc3.jpg\" \/>\n\t<meta property=\"og:image:width\" content=\"358\" \/>\n\t<meta property=\"og:image:height\" content=\"500\" \/>\n\t<meta property=\"og:image:type\" content=\"image\/jpeg\" \/>\n<meta name=\"twitter:card\" content=\"summary_large_image\" \/>\n<meta name=\"twitter:label1\" content=\"Est. reading time\" \/>\n\t<meta name=\"twitter:data1\" content=\"2 minutes\" \/>\n<script type=\"application\/ld+json\" class=\"yoast-schema-graph\">{\"@context\":\"https:\\\/\\\/schema.org\",\"@graph\":[{\"@type\":\"WebPage\",\"@id\":\"https:\\\/\\\/webknjizara.hr\\\/proizvod\\\/hedgirati-ili-ne-ivo-speranda\\\/\",\"url\":\"https:\\\/\\\/webknjizara.hr\\\/proizvod\\\/hedgirati-ili-ne-ivo-speranda\\\/\",\"name\":\"HEDGIRATI ILI NE, Ivo \u0160peranda - Web-knji\u017eara\",\"isPartOf\":{\"@id\":\"https:\\\/\\\/webknjizara.hr\\\/#website\"},\"primaryImageOfPage\":{\"@id\":\"https:\\\/\\\/webknjizara.hr\\\/proizvod\\\/hedgirati-ili-ne-ivo-speranda\\\/#primaryimage\"},\"image\":{\"@id\":\"https:\\\/\\\/webknjizara.hr\\\/proizvod\\\/hedgirati-ili-ne-ivo-speranda\\\/#primaryimage\"},\"thumbnailUrl\":\"https:\\\/\\\/webknjizara.hr\\\/wp-content\\\/uploads\\\/nc\\\/images\\\/virtuemart\\\/product\\\/hedgirati-ili-ne-4fb28b5dc8dc3.jpg\",\"datePublished\":\"2012-05-15T16:59:09+00:00\",\"dateModified\":\"2023-02-26T23:15:42+00:00\",\"breadcrumb\":{\"@id\":\"https:\\\/\\\/webknjizara.hr\\\/proizvod\\\/hedgirati-ili-ne-ivo-speranda\\\/#breadcrumb\"},\"inLanguage\":\"en-US\",\"potentialAction\":[{\"@type\":\"ReadAction\",\"target\":[\"https:\\\/\\\/webknjizara.hr\\\/proizvod\\\/hedgirati-ili-ne-ivo-speranda\\\/\"]}]},{\"@type\":\"ImageObject\",\"inLanguage\":\"en-US\",\"@id\":\"https:\\\/\\\/webknjizara.hr\\\/proizvod\\\/hedgirati-ili-ne-ivo-speranda\\\/#primaryimage\",\"url\":\"https:\\\/\\\/webknjizara.hr\\\/wp-content\\\/uploads\\\/nc\\\/images\\\/virtuemart\\\/product\\\/hedgirati-ili-ne-4fb28b5dc8dc3.jpg\",\"contentUrl\":\"https:\\\/\\\/webknjizara.hr\\\/wp-content\\\/uploads\\\/nc\\\/images\\\/virtuemart\\\/product\\\/hedgirati-ili-ne-4fb28b5dc8dc3.jpg\",\"width\":358,\"height\":500,\"caption\":\"HEDGIRATI ILI NE, Ivo \u0160peranda\"},{\"@type\":\"BreadcrumbList\",\"@id\":\"https:\\\/\\\/webknjizara.hr\\\/proizvod\\\/hedgirati-ili-ne-ivo-speranda\\\/#breadcrumb\",\"itemListElement\":[{\"@type\":\"ListItem\",\"position\":1,\"name\":\"Po\u010detna stranica\",\"item\":\"https:\\\/\\\/webknjizara.hr\\\/en\\\/\"},{\"@type\":\"ListItem\",\"position\":2,\"name\":\"Shop\",\"item\":\"https:\\\/\\\/webknjizara.hr\\\/shop\\\/\"},{\"@type\":\"ListItem\",\"position\":3,\"name\":\"HEDGIRATI ILI NE, Ivo \u0160peranda\"}]},{\"@type\":\"WebSite\",\"@id\":\"https:\\\/\\\/webknjizara.hr\\\/#website\",\"url\":\"https:\\\/\\\/webknjizara.hr\\\/\",\"name\":\"Web Knji\u017eara\",\"description\":\"\",\"publisher\":{\"@id\":\"https:\\\/\\\/webknjizara.hr\\\/#organization\"},\"potentialAction\":[{\"@type\":\"SearchAction\",\"target\":{\"@type\":\"EntryPoint\",\"urlTemplate\":\"https:\\\/\\\/webknjizara.hr\\\/?s={search_term_string}\"},\"query-input\":{\"@type\":\"PropertyValueSpecification\",\"valueRequired\":true,\"valueName\":\"search_term_string\"}}],\"inLanguage\":\"en-US\"},{\"@type\":\"Organization\",\"@id\":\"https:\\\/\\\/webknjizara.hr\\\/#organization\",\"name\":\"REDAK D.O.O.\",\"url\":\"https:\\\/\\\/webknjizara.hr\\\/\",\"logo\":{\"@type\":\"ImageObject\",\"inLanguage\":\"en-US\",\"@id\":\"https:\\\/\\\/webknjizara.hr\\\/#\\\/schema\\\/logo\\\/image\\\/\",\"url\":\"https:\\\/\\\/webknjizara.hr\\\/wp-content\\\/uploads\\\/2023\\\/01\\\/web-knjizara-logo.webp\",\"contentUrl\":\"https:\\\/\\\/webknjizara.hr\\\/wp-content\\\/uploads\\\/2023\\\/01\\\/web-knjizara-logo.webp\",\"width\":324,\"height\":79,\"caption\":\"REDAK D.O.O.\"},\"image\":{\"@id\":\"https:\\\/\\\/webknjizara.hr\\\/#\\\/schema\\\/logo\\\/image\\\/\"}}]}<\/script>\n<!-- \/ Yoast SEO plugin. -->","yoast_head_json":{"title":"HEDGIRATI ILI NE, Ivo \u0160peranda - Web-knji\u017eara","robots":{"index":"index","follow":"follow","max-snippet":"max-snippet:-1","max-image-preview":"max-image-preview:large","max-video-preview":"max-video-preview:-1"},"canonical":"https:\/\/webknjizara.hr\/proizvod\/hedgirati-ili-ne-ivo-speranda\/","og_locale":"en_US","og_type":"article","og_title":"HEDGIRATI ILI NE, Ivo \u0160peranda - Web-knji\u017eara","og_description":"Sa\u017eetak: Cjelokupna knjiga\u00a0 svojom kako koncepcijom\u00a0 tako i kona\u010dnim izna\u0161a\u0161\u0107ima temeljenim na upotrebljenim znanstvenim metodama izlo\u017eila je i analizirala sve bitne parametre suvremene terminske trgovine s posebnim naglaskom na hedging, ispitala aktualnosti i mogu\u0107nosti \u0161to \u0161ire primjene hedginga u na\u0161oj gospodarskoj praksi, istra\u017eila i utvrdila razinu znanja hrvatskih gospodarstvenika o terminskoj trgovini, posebice o hedgingu, [&hellip;]","og_url":"https:\/\/webknjizara.hr\/proizvod\/hedgirati-ili-ne-ivo-speranda\/","og_site_name":"Web-knji\u017eara","article_modified_time":"2023-02-26T23:15:42+00:00","og_image":[{"width":358,"height":500,"url":"https:\/\/webknjizara.hr\/wp-content\/uploads\/nc\/images\/virtuemart\/product\/hedgirati-ili-ne-4fb28b5dc8dc3.jpg","type":"image\/jpeg"}],"twitter_card":"summary_large_image","twitter_misc":{"Est. reading time":"2 minutes"},"schema":{"@context":"https:\/\/schema.org","@graph":[{"@type":"WebPage","@id":"https:\/\/webknjizara.hr\/proizvod\/hedgirati-ili-ne-ivo-speranda\/","url":"https:\/\/webknjizara.hr\/proizvod\/hedgirati-ili-ne-ivo-speranda\/","name":"HEDGIRATI ILI NE, Ivo \u0160peranda - Web-knji\u017eara","isPartOf":{"@id":"https:\/\/webknjizara.hr\/#website"},"primaryImageOfPage":{"@id":"https:\/\/webknjizara.hr\/proizvod\/hedgirati-ili-ne-ivo-speranda\/#primaryimage"},"image":{"@id":"https:\/\/webknjizara.hr\/proizvod\/hedgirati-ili-ne-ivo-speranda\/#primaryimage"},"thumbnailUrl":"https:\/\/webknjizara.hr\/wp-content\/uploads\/nc\/images\/virtuemart\/product\/hedgirati-ili-ne-4fb28b5dc8dc3.jpg","datePublished":"2012-05-15T16:59:09+00:00","dateModified":"2023-02-26T23:15:42+00:00","breadcrumb":{"@id":"https:\/\/webknjizara.hr\/proizvod\/hedgirati-ili-ne-ivo-speranda\/#breadcrumb"},"inLanguage":"en-US","potentialAction":[{"@type":"ReadAction","target":["https:\/\/webknjizara.hr\/proizvod\/hedgirati-ili-ne-ivo-speranda\/"]}]},{"@type":"ImageObject","inLanguage":"en-US","@id":"https:\/\/webknjizara.hr\/proizvod\/hedgirati-ili-ne-ivo-speranda\/#primaryimage","url":"https:\/\/webknjizara.hr\/wp-content\/uploads\/nc\/images\/virtuemart\/product\/hedgirati-ili-ne-4fb28b5dc8dc3.jpg","contentUrl":"https:\/\/webknjizara.hr\/wp-content\/uploads\/nc\/images\/virtuemart\/product\/hedgirati-ili-ne-4fb28b5dc8dc3.jpg","width":358,"height":500,"caption":"HEDGIRATI ILI NE, Ivo \u0160peranda"},{"@type":"BreadcrumbList","@id":"https:\/\/webknjizara.hr\/proizvod\/hedgirati-ili-ne-ivo-speranda\/#breadcrumb","itemListElement":[{"@type":"ListItem","position":1,"name":"Po\u010detna stranica","item":"https:\/\/webknjizara.hr\/en\/"},{"@type":"ListItem","position":2,"name":"Shop","item":"https:\/\/webknjizara.hr\/shop\/"},{"@type":"ListItem","position":3,"name":"HEDGIRATI ILI NE, Ivo \u0160peranda"}]},{"@type":"WebSite","@id":"https:\/\/webknjizara.hr\/#website","url":"https:\/\/webknjizara.hr\/","name":"Web Knji\u017eara","description":"","publisher":{"@id":"https:\/\/webknjizara.hr\/#organization"},"potentialAction":[{"@type":"SearchAction","target":{"@type":"EntryPoint","urlTemplate":"https:\/\/webknjizara.hr\/?s={search_term_string}"},"query-input":{"@type":"PropertyValueSpecification","valueRequired":true,"valueName":"search_term_string"}}],"inLanguage":"en-US"},{"@type":"Organization","@id":"https:\/\/webknjizara.hr\/#organization","name":"REDAK D.O.O.","url":"https:\/\/webknjizara.hr\/","logo":{"@type":"ImageObject","inLanguage":"en-US","@id":"https:\/\/webknjizara.hr\/#\/schema\/logo\/image\/","url":"https:\/\/webknjizara.hr\/wp-content\/uploads\/2023\/01\/web-knjizara-logo.webp","contentUrl":"https:\/\/webknjizara.hr\/wp-content\/uploads\/2023\/01\/web-knjizara-logo.webp","width":324,"height":79,"caption":"REDAK D.O.O."},"image":{"@id":"https:\/\/webknjizara.hr\/#\/schema\/logo\/image\/"}}]}},"_links":{"self":[{"href":"https:\/\/webknjizara.hr\/en\/wp-json\/wp\/v2\/product\/7495","targetHints":{"allow":["GET"]}}],"collection":[{"href":"https:\/\/webknjizara.hr\/en\/wp-json\/wp\/v2\/product"}],"about":[{"href":"https:\/\/webknjizara.hr\/en\/wp-json\/wp\/v2\/types\/product"}],"replies":[{"embeddable":true,"href":"https:\/\/webknjizara.hr\/en\/wp-json\/wp\/v2\/comments?post=7495"}],"wp:featuredmedia":[{"embeddable":true,"href":"https:\/\/webknjizara.hr\/en\/wp-json\/wp\/v2\/media\/7496"}],"wp:attachment":[{"href":"https:\/\/webknjizara.hr\/en\/wp-json\/wp\/v2\/media?parent=7495"}],"wp:term":[{"taxonomy":"product_brand","embeddable":true,"href":"https:\/\/webknjizara.hr\/en\/wp-json\/wp\/v2\/product_brand?post=7495"},{"taxonomy":"product_cat","embeddable":true,"href":"https:\/\/webknjizara.hr\/en\/wp-json\/wp\/v2\/product_cat?post=7495"},{"taxonomy":"product_tag","embeddable":true,"href":"https:\/\/webknjizara.hr\/en\/wp-json\/wp\/v2\/product_tag?post=7495"}],"curies":[{"name":"wp","href":"https:\/\/api.w.org\/{rel}","templated":true}]}}