{"id":7489,"date":"2012-03-23T14:22:06","date_gmt":"2012-03-23T14:22:06","guid":{"rendered":"https:\/\/webknjizara.hr\/?product=kao-prsti-pred-zimu-toni-matosin"},"modified":"2025-01-22T09:51:56","modified_gmt":"2025-01-22T08:51:56","slug":"kao-prsti-pred-zimu-toni-matosin","status":"publish","type":"product","link":"https:\/\/webknjizara.hr\/en\/proizvod\/kao-prsti-pred-zimu-toni-matosin\/","title":{"rendered":"KAO PRSTI PRED ZIMU, Toni Mato\u0161in"},"content":{"rendered":"<p style=\"text-align: justify;\"><strong>Sa\u017eetak: <\/strong><\/p>\n<p style=\"text-align: justify;\">Zbirka pjesama napisanih tijekom razdoblja od 2005. do 2011, nastalih kao neka vrsta produ\u017eetka romana \u201eTuga nije izraz lica\u201c, \u010dije je pisanje dovr\u0161eno u prolje\u0107e 2005. Podijeljene u dva ve\u0107a i dva idejno su\u017eena, kra\u0107a poglavlja, pjesme su koncentrirane na \u010de\u017enju kao ki\u010dmu \u010dovjekova duha, na njezino odgonetanje i neuhvatljivu logiku. Kao takve najavljuju novo prozno djelo, roman koji bi lirsko tretiranje \u010de\u017enje trebao ponijeti dalje, a koji svoj budu\u0107i naziv dijeli s poglavljem ove zbirke (\u201eSara\u201c).<\/p>\n<p><strong>Bilje\u0161ka o autoru\/autorici: <\/strong><\/p>\n<p style=\"text-align: justify;\">Toni Mato\u0161in je ro\u0111en 30. sije\u010dnja 1977. u \u0160ibeniku, gdje i danas \u017eivi. Stalni je suradnik muzi\u010dkog web-portala SoundGuardian. Poeziju objavljuje na blogu, a pojavljivala se i na stranicama Zareza i Rije\u010di. Debitantski mu je roman \u201eTuga nije izraz lica\u201c objavljen 2009. \u201eKao prsti pred zimu\u201c njegova je prva zbirka pjesama.<\/p>\n<p><strong>Klju\u010dne rije\u010di: <\/strong><\/p>\n<p style=\"text-align: justify;\">kao prsti pred zimu, toni mato\u0161in, poezija, zbirka, stihovi, \u010de\u017enja, \u017eudnja, ljubav, bog, tuga, \u0161ibenik<\/p>\n<p><strong>Link:<\/strong> <a href=\"http:\/\/www.tonim.blog.hr\">Toni Mato\u0161in<\/a><br \/>\n<strong>E-mail:<\/strong> <a href=\"mailto:tonimatosin@yahoo.com\">Toni Mato\u0161in<\/a><\/p>\n<p style=\"text-align: justify;\"><strong>Naslov:<\/strong> Kao prsti pred zimu<br \/>\n<strong>Autor:<\/strong> Toni Mato\u0161in<br \/>\n<strong>Broj stranica:<\/strong> 132<br \/>\n<strong>Nakladnik:<\/strong> REDAK<br \/>\n<strong>Godina izdanja: <\/strong>2012.<br \/>\n<strong>ISBN:<\/strong> 978-953-7595-90-6<br \/>\n<strong>Tisak:<\/strong> digitalni tisak knjiga &#8211; print na zahtjev<\/p>\n","protected":false},"excerpt":{"rendered":"<p>Sa\u017eetak: Zbirka pjesama napisanih tijekom razdoblja od 2005. do 2011, nastalih kao neka vrsta produ\u017eetka romana \u201eTuga nije izraz lica\u201c, \u010dije je pisanje dovr\u0161eno u prolje\u0107e 2005. Podijeljene u dva ve\u0107a i dva idejno su\u017eena, kra\u0107a poglavlja, pjesme su koncentrirane na \u010de\u017enju kao ki\u010dmu \u010dovjekova duha, na njezino odgonetanje i neuhvatljivu logiku. Kao takve najavljuju [&hellip;]<\/p>\n","protected":false},"featured_media":7490,"comment_status":"open","ping_status":"closed","template":"","meta":{"_acf_changed":false},"product_brand":[],"product_cat":[1388],"product_tag":[],"class_list":{"0":"post-7489","1":"product","2":"type-product","3":"status-publish","4":"has-post-thumbnail","6":"product_cat-poezija","7":"pa_autor-u-obradi","8":"pa_nakladnik-unos-u-tijeku","10":"first","11":"instock","12":"shipping-taxable","13":"purchasable","14":"product-type-simple"},"acf":[],"yoast_head":"<!-- This site is optimized with the Yoast SEO plugin v27.3 - https:\/\/yoast.com\/product\/yoast-seo-wordpress\/ -->\n<title>KAO PRSTI PRED ZIMU, Toni Mato\u0161in - Web-knji\u017eara<\/title>\n<meta name=\"robots\" content=\"index, follow, max-snippet:-1, max-image-preview:large, max-video-preview:-1\" \/>\n<link rel=\"canonical\" href=\"https:\/\/webknjizara.hr\/proizvod\/kao-prsti-pred-zimu-toni-matosin\/\" \/>\n<meta property=\"og:locale\" content=\"en_US\" \/>\n<meta property=\"og:type\" content=\"article\" \/>\n<meta property=\"og:title\" content=\"KAO PRSTI PRED ZIMU, Toni Mato\u0161in - Web-knji\u017eara\" \/>\n<meta property=\"og:description\" content=\"Sa\u017eetak: Zbirka pjesama napisanih tijekom razdoblja od 2005. do 2011, nastalih kao neka vrsta produ\u017eetka romana \u201eTuga nije izraz lica\u201c, \u010dije je pisanje dovr\u0161eno u prolje\u0107e 2005. Podijeljene u dva ve\u0107a i dva idejno su\u017eena, kra\u0107a poglavlja, pjesme su koncentrirane na \u010de\u017enju kao ki\u010dmu \u010dovjekova duha, na njezino odgonetanje i neuhvatljivu logiku. Kao takve najavljuju [&hellip;]\" \/>\n<meta property=\"og:url\" content=\"https:\/\/webknjizara.hr\/proizvod\/kao-prsti-pred-zimu-toni-matosin\/\" \/>\n<meta property=\"og:site_name\" content=\"Web-knji\u017eara\" \/>\n<meta property=\"article:modified_time\" content=\"2025-01-22T08:51:56+00:00\" \/>\n<meta property=\"og:image\" content=\"https:\/\/webknjizara.hr\/wp-content\/uploads\/nc\/images\/virtuemart\/product\/kao-prsti-pred-z-4f98e995bf108.jpg\" \/>\n\t<meta property=\"og:image:width\" content=\"580\" \/>\n\t<meta property=\"og:image:height\" content=\"800\" \/>\n\t<meta property=\"og:image:type\" content=\"image\/jpeg\" \/>\n<meta name=\"twitter:card\" content=\"summary_large_image\" \/>\n<meta name=\"twitter:label1\" content=\"Est. reading time\" \/>\n\t<meta name=\"twitter:data1\" content=\"1 minute\" \/>\n<script type=\"application\/ld+json\" class=\"yoast-schema-graph\">{\"@context\":\"https:\\\/\\\/schema.org\",\"@graph\":[{\"@type\":\"WebPage\",\"@id\":\"https:\\\/\\\/webknjizara.hr\\\/proizvod\\\/kao-prsti-pred-zimu-toni-matosin\\\/\",\"url\":\"https:\\\/\\\/webknjizara.hr\\\/proizvod\\\/kao-prsti-pred-zimu-toni-matosin\\\/\",\"name\":\"KAO PRSTI PRED ZIMU, Toni Mato\u0161in - Web-knji\u017eara\",\"isPartOf\":{\"@id\":\"https:\\\/\\\/webknjizara.hr\\\/#website\"},\"primaryImageOfPage\":{\"@id\":\"https:\\\/\\\/webknjizara.hr\\\/proizvod\\\/kao-prsti-pred-zimu-toni-matosin\\\/#primaryimage\"},\"image\":{\"@id\":\"https:\\\/\\\/webknjizara.hr\\\/proizvod\\\/kao-prsti-pred-zimu-toni-matosin\\\/#primaryimage\"},\"thumbnailUrl\":\"https:\\\/\\\/webknjizara.hr\\\/wp-content\\\/uploads\\\/nc\\\/images\\\/virtuemart\\\/product\\\/kao-prsti-pred-z-4f98e995bf108.jpg\",\"datePublished\":\"2012-03-23T14:22:06+00:00\",\"dateModified\":\"2025-01-22T08:51:56+00:00\",\"breadcrumb\":{\"@id\":\"https:\\\/\\\/webknjizara.hr\\\/proizvod\\\/kao-prsti-pred-zimu-toni-matosin\\\/#breadcrumb\"},\"inLanguage\":\"en-US\",\"potentialAction\":[{\"@type\":\"ReadAction\",\"target\":[\"https:\\\/\\\/webknjizara.hr\\\/proizvod\\\/kao-prsti-pred-zimu-toni-matosin\\\/\"]}]},{\"@type\":\"ImageObject\",\"inLanguage\":\"en-US\",\"@id\":\"https:\\\/\\\/webknjizara.hr\\\/proizvod\\\/kao-prsti-pred-zimu-toni-matosin\\\/#primaryimage\",\"url\":\"https:\\\/\\\/webknjizara.hr\\\/wp-content\\\/uploads\\\/nc\\\/images\\\/virtuemart\\\/product\\\/kao-prsti-pred-z-4f98e995bf108.jpg\",\"contentUrl\":\"https:\\\/\\\/webknjizara.hr\\\/wp-content\\\/uploads\\\/nc\\\/images\\\/virtuemart\\\/product\\\/kao-prsti-pred-z-4f98e995bf108.jpg\",\"width\":580,\"height\":800,\"caption\":\"KAO PRSTI PRED ZIMU, Toni Mato\u0161in\"},{\"@type\":\"BreadcrumbList\",\"@id\":\"https:\\\/\\\/webknjizara.hr\\\/proizvod\\\/kao-prsti-pred-zimu-toni-matosin\\\/#breadcrumb\",\"itemListElement\":[{\"@type\":\"ListItem\",\"position\":1,\"name\":\"Po\u010detna stranica\",\"item\":\"https:\\\/\\\/webknjizara.hr\\\/en\\\/\"},{\"@type\":\"ListItem\",\"position\":2,\"name\":\"Shop\",\"item\":\"https:\\\/\\\/webknjizara.hr\\\/shop\\\/\"},{\"@type\":\"ListItem\",\"position\":3,\"name\":\"KAO PRSTI PRED ZIMU, Toni Mato\u0161in\"}]},{\"@type\":\"WebSite\",\"@id\":\"https:\\\/\\\/webknjizara.hr\\\/#website\",\"url\":\"https:\\\/\\\/webknjizara.hr\\\/\",\"name\":\"Web Knji\u017eara\",\"description\":\"\",\"publisher\":{\"@id\":\"https:\\\/\\\/webknjizara.hr\\\/#organization\"},\"potentialAction\":[{\"@type\":\"SearchAction\",\"target\":{\"@type\":\"EntryPoint\",\"urlTemplate\":\"https:\\\/\\\/webknjizara.hr\\\/?s={search_term_string}\"},\"query-input\":{\"@type\":\"PropertyValueSpecification\",\"valueRequired\":true,\"valueName\":\"search_term_string\"}}],\"inLanguage\":\"en-US\"},{\"@type\":\"Organization\",\"@id\":\"https:\\\/\\\/webknjizara.hr\\\/#organization\",\"name\":\"REDAK D.O.O.\",\"url\":\"https:\\\/\\\/webknjizara.hr\\\/\",\"logo\":{\"@type\":\"ImageObject\",\"inLanguage\":\"en-US\",\"@id\":\"https:\\\/\\\/webknjizara.hr\\\/#\\\/schema\\\/logo\\\/image\\\/\",\"url\":\"https:\\\/\\\/webknjizara.hr\\\/wp-content\\\/uploads\\\/2023\\\/01\\\/web-knjizara-logo.webp\",\"contentUrl\":\"https:\\\/\\\/webknjizara.hr\\\/wp-content\\\/uploads\\\/2023\\\/01\\\/web-knjizara-logo.webp\",\"width\":324,\"height\":79,\"caption\":\"REDAK D.O.O.\"},\"image\":{\"@id\":\"https:\\\/\\\/webknjizara.hr\\\/#\\\/schema\\\/logo\\\/image\\\/\"}}]}<\/script>\n<!-- \/ Yoast SEO plugin. -->","yoast_head_json":{"title":"KAO PRSTI PRED ZIMU, Toni Mato\u0161in - Web-knji\u017eara","robots":{"index":"index","follow":"follow","max-snippet":"max-snippet:-1","max-image-preview":"max-image-preview:large","max-video-preview":"max-video-preview:-1"},"canonical":"https:\/\/webknjizara.hr\/proizvod\/kao-prsti-pred-zimu-toni-matosin\/","og_locale":"en_US","og_type":"article","og_title":"KAO PRSTI PRED ZIMU, Toni Mato\u0161in - Web-knji\u017eara","og_description":"Sa\u017eetak: Zbirka pjesama napisanih tijekom razdoblja od 2005. do 2011, nastalih kao neka vrsta produ\u017eetka romana \u201eTuga nije izraz lica\u201c, \u010dije je pisanje dovr\u0161eno u prolje\u0107e 2005. Podijeljene u dva ve\u0107a i dva idejno su\u017eena, kra\u0107a poglavlja, pjesme su koncentrirane na \u010de\u017enju kao ki\u010dmu \u010dovjekova duha, na njezino odgonetanje i neuhvatljivu logiku. Kao takve najavljuju [&hellip;]","og_url":"https:\/\/webknjizara.hr\/proizvod\/kao-prsti-pred-zimu-toni-matosin\/","og_site_name":"Web-knji\u017eara","article_modified_time":"2025-01-22T08:51:56+00:00","og_image":[{"width":580,"height":800,"url":"https:\/\/webknjizara.hr\/wp-content\/uploads\/nc\/images\/virtuemart\/product\/kao-prsti-pred-z-4f98e995bf108.jpg","type":"image\/jpeg"}],"twitter_card":"summary_large_image","twitter_misc":{"Est. reading time":"1 minute"},"schema":{"@context":"https:\/\/schema.org","@graph":[{"@type":"WebPage","@id":"https:\/\/webknjizara.hr\/proizvod\/kao-prsti-pred-zimu-toni-matosin\/","url":"https:\/\/webknjizara.hr\/proizvod\/kao-prsti-pred-zimu-toni-matosin\/","name":"KAO PRSTI PRED ZIMU, Toni Mato\u0161in - Web-knji\u017eara","isPartOf":{"@id":"https:\/\/webknjizara.hr\/#website"},"primaryImageOfPage":{"@id":"https:\/\/webknjizara.hr\/proizvod\/kao-prsti-pred-zimu-toni-matosin\/#primaryimage"},"image":{"@id":"https:\/\/webknjizara.hr\/proizvod\/kao-prsti-pred-zimu-toni-matosin\/#primaryimage"},"thumbnailUrl":"https:\/\/webknjizara.hr\/wp-content\/uploads\/nc\/images\/virtuemart\/product\/kao-prsti-pred-z-4f98e995bf108.jpg","datePublished":"2012-03-23T14:22:06+00:00","dateModified":"2025-01-22T08:51:56+00:00","breadcrumb":{"@id":"https:\/\/webknjizara.hr\/proizvod\/kao-prsti-pred-zimu-toni-matosin\/#breadcrumb"},"inLanguage":"en-US","potentialAction":[{"@type":"ReadAction","target":["https:\/\/webknjizara.hr\/proizvod\/kao-prsti-pred-zimu-toni-matosin\/"]}]},{"@type":"ImageObject","inLanguage":"en-US","@id":"https:\/\/webknjizara.hr\/proizvod\/kao-prsti-pred-zimu-toni-matosin\/#primaryimage","url":"https:\/\/webknjizara.hr\/wp-content\/uploads\/nc\/images\/virtuemart\/product\/kao-prsti-pred-z-4f98e995bf108.jpg","contentUrl":"https:\/\/webknjizara.hr\/wp-content\/uploads\/nc\/images\/virtuemart\/product\/kao-prsti-pred-z-4f98e995bf108.jpg","width":580,"height":800,"caption":"KAO PRSTI PRED ZIMU, Toni Mato\u0161in"},{"@type":"BreadcrumbList","@id":"https:\/\/webknjizara.hr\/proizvod\/kao-prsti-pred-zimu-toni-matosin\/#breadcrumb","itemListElement":[{"@type":"ListItem","position":1,"name":"Po\u010detna stranica","item":"https:\/\/webknjizara.hr\/en\/"},{"@type":"ListItem","position":2,"name":"Shop","item":"https:\/\/webknjizara.hr\/shop\/"},{"@type":"ListItem","position":3,"name":"KAO PRSTI PRED ZIMU, Toni Mato\u0161in"}]},{"@type":"WebSite","@id":"https:\/\/webknjizara.hr\/#website","url":"https:\/\/webknjizara.hr\/","name":"Web Knji\u017eara","description":"","publisher":{"@id":"https:\/\/webknjizara.hr\/#organization"},"potentialAction":[{"@type":"SearchAction","target":{"@type":"EntryPoint","urlTemplate":"https:\/\/webknjizara.hr\/?s={search_term_string}"},"query-input":{"@type":"PropertyValueSpecification","valueRequired":true,"valueName":"search_term_string"}}],"inLanguage":"en-US"},{"@type":"Organization","@id":"https:\/\/webknjizara.hr\/#organization","name":"REDAK D.O.O.","url":"https:\/\/webknjizara.hr\/","logo":{"@type":"ImageObject","inLanguage":"en-US","@id":"https:\/\/webknjizara.hr\/#\/schema\/logo\/image\/","url":"https:\/\/webknjizara.hr\/wp-content\/uploads\/2023\/01\/web-knjizara-logo.webp","contentUrl":"https:\/\/webknjizara.hr\/wp-content\/uploads\/2023\/01\/web-knjizara-logo.webp","width":324,"height":79,"caption":"REDAK D.O.O."},"image":{"@id":"https:\/\/webknjizara.hr\/#\/schema\/logo\/image\/"}}]}},"_links":{"self":[{"href":"https:\/\/webknjizara.hr\/en\/wp-json\/wp\/v2\/product\/7489","targetHints":{"allow":["GET"]}}],"collection":[{"href":"https:\/\/webknjizara.hr\/en\/wp-json\/wp\/v2\/product"}],"about":[{"href":"https:\/\/webknjizara.hr\/en\/wp-json\/wp\/v2\/types\/product"}],"replies":[{"embeddable":true,"href":"https:\/\/webknjizara.hr\/en\/wp-json\/wp\/v2\/comments?post=7489"}],"wp:featuredmedia":[{"embeddable":true,"href":"https:\/\/webknjizara.hr\/en\/wp-json\/wp\/v2\/media\/7490"}],"wp:attachment":[{"href":"https:\/\/webknjizara.hr\/en\/wp-json\/wp\/v2\/media?parent=7489"}],"wp:term":[{"taxonomy":"product_brand","embeddable":true,"href":"https:\/\/webknjizara.hr\/en\/wp-json\/wp\/v2\/product_brand?post=7489"},{"taxonomy":"product_cat","embeddable":true,"href":"https:\/\/webknjizara.hr\/en\/wp-json\/wp\/v2\/product_cat?post=7489"},{"taxonomy":"product_tag","embeddable":true,"href":"https:\/\/webknjizara.hr\/en\/wp-json\/wp\/v2\/product_tag?post=7489"}],"curies":[{"name":"wp","href":"https:\/\/api.w.org\/{rel}","templated":true}]}}