{"id":7487,"date":"2012-03-23T14:17:32","date_gmt":"2012-03-23T14:17:32","guid":{"rendered":"https:\/\/webknjizara.hr\/?product=dani-prokletnika-jasmin-raaz-javor"},"modified":"2023-02-27T00:15:41","modified_gmt":"2023-02-26T23:15:41","slug":"dani-prokletnika-jasmin-raaz-javor","status":"publish","type":"product","link":"https:\/\/webknjizara.hr\/en\/proizvod\/dani-prokletnika-jasmin-raaz-javor\/","title":{"rendered":"DANI PROKLETNIKA, Jasmin Raaz Javor"},"content":{"rendered":"<p style=\"text-align: justify;\">\u00a0<\/p>\n<p style=\"text-align: justify;\"><strong>Sa\u017eetak: <\/strong><\/p>\n<p style=\"text-align: justify;\"><em>\u201e\u017drtve su ve\u0107 u\u010dinjene, cijene pla\u0107ene, ostaje samo dobiti ono tra\u017eeno ili u porazu dotaknuti smrt. <br \/>-Prijatelju, zovi ti mene saveznikom i dalje. To ti ide na \u010dast. Ali mora\u0161 nau\u010diti i napokon zapamtiti da ona i ja nismo ideali, mi nismo zapovjedi i strane koje mora\u0161 birati. Mi smo sredstva. \u2013podu\u010davao me opet njihovim zna\u010denjima \u2013I rekao sam ti da ljudski um ne mo\u017ee pojmiti nas dvoje bez da nas strpa u jednu od one dvije strane koje si je \u010covjek uzeo za pravo koristiti u svoje svrhe. To su Dobro i Zlo. No, kada do\u0111e do potrebe, a dolazi \u010desto, ona je ta koja \u010covjeku poma\u017ee. Ti mene poznaje\u0161, ti poznaje\u0161 moje ime i zato mora\u0161 znati i da govorim istinu. Daleko si oti\u0161ao, savezni\u010de moj. Predaleko. Predaleko za svoje Dobro.<br \/>-Moje Zlo, reci mi, je li jo\u0161 uvijek predivno? \u2013pitao sam ga tiho.<br \/>-Nije, prijatelju. U\u010dinio si ono \u0161to nisi smio. Poput \u010covjeka si po\u010deo njemu suditi krvlju u na\u0161e ime. A u \u010covjekovoj osveti \u0107e ti jedino Bezimena od sada biti mogu\u0107i spas. <br \/>-Dakle, spasa mi nema?\u201c<\/em><\/p>\n<p><strong>Bilje\u0161ka o autoru: <\/strong><\/p>\n<p style=\"text-align: justify;\">Jasmin Raaz Javor (1986.), komercijalist iz Novske i hip hop artist. Umjetni\u010dki \u017eivot zapo\u010dinje u srednjoj \u0161koli u kojoj do izra\u017eaja dolazi njegova kreativnost u proznim djelima. Slijedi pisanje rap pjesama, snimanje i nastupanje na brojnim glazbenim doga\u0111ajima. Opseg znanja pro\u0161iruje na glazbenu produkciju, re\u017eiranje spotova te organiziranje i promoviranje glazbenih doga\u0111aja. Najvi\u0161e se ipak pronalazi u filozofiji i knji\u017eevnosti, pa pisanjem knjiga napokon nalazi na\u010din izra\u017eavanja svojih razmi\u0161ljanja i analiziranja ljudske psihologije, pona\u0161anja i preispitivanja ljudskih vrijednosti.<\/p>\n<p style=\"text-align: justify;\">\u00a0<\/p>\n<p style=\"text-align: justify;\"><strong>Klju\u010dne rije\u010di:<\/strong><\/p>\n<p style=\"text-align: justify;\">Filozofija, triler, la\u017e, istina, moral, samozavaravanje, psihijatrija, ubojstvo, bra\u0107a, Bog, smrt, svijet<\/p>\n<p><strong>E-mail:<\/strong> <a href=\"mailto:jasminjavor@gmail.com\">Jasmin Raaz Javor<\/a><\/p>\n<p><strong>Naslov:<\/strong> Dani prokletnika<br \/><strong>Autor:<\/strong> Jasmin Raaz Javor<br \/><strong>Broj stranica:<\/strong> 186<br \/><strong>Nakladnik:<\/strong> REDAK<br \/><strong>Godina izdanja:<\/strong> 2012.<br \/><strong>ISBN:<\/strong> 978-953-7595-87-6<br \/><strong>Tisak:<\/strong> digitalni tisak knjiga &#8211; print na zahtjev<\/p>\n","protected":false},"excerpt":{"rendered":"<p>\u00a0 Sa\u017eetak: \u201e\u017drtve su ve\u0107 u\u010dinjene, cijene pla\u0107ene, ostaje samo dobiti ono tra\u017eeno ili u porazu dotaknuti smrt. -Prijatelju, zovi ti mene saveznikom i dalje. To ti ide na \u010dast. Ali mora\u0161 nau\u010diti i napokon zapamtiti da ona i ja nismo ideali, mi nismo zapovjedi i strane koje mora\u0161 birati. Mi smo sredstva. \u2013podu\u010davao me [&hellip;]<\/p>\n","protected":false},"featured_media":7488,"comment_status":"open","ping_status":"closed","template":"","meta":{"_acf_changed":false},"product_brand":[],"product_cat":[1383,1385],"product_tag":[],"class_list":{"0":"post-7487","1":"product","2":"type-product","3":"status-publish","4":"has-post-thumbnail","6":"product_cat-knjige","7":"product_cat-knjizevnost","8":"pa_autor-jasmin-raaz-javor","9":"pa_nakladnik-redak","11":"first","12":"instock","13":"shipping-taxable","14":"purchasable","15":"product-type-simple"},"acf":[],"yoast_head":"<!-- This site is optimized with the Yoast SEO plugin v27.3 - https:\/\/yoast.com\/product\/yoast-seo-wordpress\/ -->\n<title>DANI PROKLETNIKA, Jasmin Raaz Javor - Web-knji\u017eara<\/title>\n<meta name=\"robots\" content=\"index, follow, max-snippet:-1, max-image-preview:large, max-video-preview:-1\" \/>\n<link rel=\"canonical\" href=\"https:\/\/webknjizara.hr\/proizvod\/dani-prokletnika-jasmin-raaz-javor\/\" \/>\n<meta property=\"og:locale\" content=\"en_US\" \/>\n<meta property=\"og:type\" content=\"article\" \/>\n<meta property=\"og:title\" content=\"DANI PROKLETNIKA, Jasmin Raaz Javor - Web-knji\u017eara\" \/>\n<meta property=\"og:description\" content=\"\u00a0 Sa\u017eetak: \u201e\u017drtve su ve\u0107 u\u010dinjene, cijene pla\u0107ene, ostaje samo dobiti ono tra\u017eeno ili u porazu dotaknuti smrt. -Prijatelju, zovi ti mene saveznikom i dalje. To ti ide na \u010dast. Ali mora\u0161 nau\u010diti i napokon zapamtiti da ona i ja nismo ideali, mi nismo zapovjedi i strane koje mora\u0161 birati. Mi smo sredstva. \u2013podu\u010davao me [&hellip;]\" \/>\n<meta property=\"og:url\" content=\"https:\/\/webknjizara.hr\/proizvod\/dani-prokletnika-jasmin-raaz-javor\/\" \/>\n<meta property=\"og:site_name\" content=\"Web-knji\u017eara\" \/>\n<meta property=\"article:modified_time\" content=\"2023-02-26T23:15:41+00:00\" \/>\n<meta property=\"og:image\" content=\"https:\/\/webknjizara.hr\/wp-content\/uploads\/nc\/images\/virtuemart\/product\/dani-prokletnika-4f6c85fc30e47.jpg\" \/>\n\t<meta property=\"og:image:width\" content=\"578\" \/>\n\t<meta property=\"og:image:height\" content=\"800\" \/>\n\t<meta property=\"og:image:type\" content=\"image\/jpeg\" \/>\n<meta name=\"twitter:card\" content=\"summary_large_image\" \/>\n<meta name=\"twitter:label1\" content=\"Est. reading time\" \/>\n\t<meta name=\"twitter:data1\" content=\"2 minutes\" \/>\n<script type=\"application\/ld+json\" class=\"yoast-schema-graph\">{\"@context\":\"https:\\\/\\\/schema.org\",\"@graph\":[{\"@type\":\"WebPage\",\"@id\":\"https:\\\/\\\/webknjizara.hr\\\/proizvod\\\/dani-prokletnika-jasmin-raaz-javor\\\/\",\"url\":\"https:\\\/\\\/webknjizara.hr\\\/proizvod\\\/dani-prokletnika-jasmin-raaz-javor\\\/\",\"name\":\"DANI PROKLETNIKA, Jasmin Raaz Javor - Web-knji\u017eara\",\"isPartOf\":{\"@id\":\"https:\\\/\\\/webknjizara.hr\\\/#website\"},\"primaryImageOfPage\":{\"@id\":\"https:\\\/\\\/webknjizara.hr\\\/proizvod\\\/dani-prokletnika-jasmin-raaz-javor\\\/#primaryimage\"},\"image\":{\"@id\":\"https:\\\/\\\/webknjizara.hr\\\/proizvod\\\/dani-prokletnika-jasmin-raaz-javor\\\/#primaryimage\"},\"thumbnailUrl\":\"https:\\\/\\\/webknjizara.hr\\\/wp-content\\\/uploads\\\/nc\\\/images\\\/virtuemart\\\/product\\\/dani-prokletnika-4f6c85fc30e47.jpg\",\"datePublished\":\"2012-03-23T14:17:32+00:00\",\"dateModified\":\"2023-02-26T23:15:41+00:00\",\"breadcrumb\":{\"@id\":\"https:\\\/\\\/webknjizara.hr\\\/proizvod\\\/dani-prokletnika-jasmin-raaz-javor\\\/#breadcrumb\"},\"inLanguage\":\"en-US\",\"potentialAction\":[{\"@type\":\"ReadAction\",\"target\":[\"https:\\\/\\\/webknjizara.hr\\\/proizvod\\\/dani-prokletnika-jasmin-raaz-javor\\\/\"]}]},{\"@type\":\"ImageObject\",\"inLanguage\":\"en-US\",\"@id\":\"https:\\\/\\\/webknjizara.hr\\\/proizvod\\\/dani-prokletnika-jasmin-raaz-javor\\\/#primaryimage\",\"url\":\"https:\\\/\\\/webknjizara.hr\\\/wp-content\\\/uploads\\\/nc\\\/images\\\/virtuemart\\\/product\\\/dani-prokletnika-4f6c85fc30e47.jpg\",\"contentUrl\":\"https:\\\/\\\/webknjizara.hr\\\/wp-content\\\/uploads\\\/nc\\\/images\\\/virtuemart\\\/product\\\/dani-prokletnika-4f6c85fc30e47.jpg\",\"width\":578,\"height\":800,\"caption\":\"DANI PROKLETNIKA, Jasmin Raaz Javor\"},{\"@type\":\"BreadcrumbList\",\"@id\":\"https:\\\/\\\/webknjizara.hr\\\/proizvod\\\/dani-prokletnika-jasmin-raaz-javor\\\/#breadcrumb\",\"itemListElement\":[{\"@type\":\"ListItem\",\"position\":1,\"name\":\"Po\u010detna stranica\",\"item\":\"https:\\\/\\\/webknjizara.hr\\\/en\\\/\"},{\"@type\":\"ListItem\",\"position\":2,\"name\":\"Shop\",\"item\":\"https:\\\/\\\/webknjizara.hr\\\/shop\\\/\"},{\"@type\":\"ListItem\",\"position\":3,\"name\":\"DANI PROKLETNIKA, Jasmin Raaz Javor\"}]},{\"@type\":\"WebSite\",\"@id\":\"https:\\\/\\\/webknjizara.hr\\\/#website\",\"url\":\"https:\\\/\\\/webknjizara.hr\\\/\",\"name\":\"Web Knji\u017eara\",\"description\":\"\",\"publisher\":{\"@id\":\"https:\\\/\\\/webknjizara.hr\\\/#organization\"},\"potentialAction\":[{\"@type\":\"SearchAction\",\"target\":{\"@type\":\"EntryPoint\",\"urlTemplate\":\"https:\\\/\\\/webknjizara.hr\\\/?s={search_term_string}\"},\"query-input\":{\"@type\":\"PropertyValueSpecification\",\"valueRequired\":true,\"valueName\":\"search_term_string\"}}],\"inLanguage\":\"en-US\"},{\"@type\":\"Organization\",\"@id\":\"https:\\\/\\\/webknjizara.hr\\\/#organization\",\"name\":\"REDAK D.O.O.\",\"url\":\"https:\\\/\\\/webknjizara.hr\\\/\",\"logo\":{\"@type\":\"ImageObject\",\"inLanguage\":\"en-US\",\"@id\":\"https:\\\/\\\/webknjizara.hr\\\/#\\\/schema\\\/logo\\\/image\\\/\",\"url\":\"https:\\\/\\\/webknjizara.hr\\\/wp-content\\\/uploads\\\/2023\\\/01\\\/web-knjizara-logo.webp\",\"contentUrl\":\"https:\\\/\\\/webknjizara.hr\\\/wp-content\\\/uploads\\\/2023\\\/01\\\/web-knjizara-logo.webp\",\"width\":324,\"height\":79,\"caption\":\"REDAK D.O.O.\"},\"image\":{\"@id\":\"https:\\\/\\\/webknjizara.hr\\\/#\\\/schema\\\/logo\\\/image\\\/\"}}]}<\/script>\n<!-- \/ Yoast SEO plugin. -->","yoast_head_json":{"title":"DANI PROKLETNIKA, Jasmin Raaz Javor - Web-knji\u017eara","robots":{"index":"index","follow":"follow","max-snippet":"max-snippet:-1","max-image-preview":"max-image-preview:large","max-video-preview":"max-video-preview:-1"},"canonical":"https:\/\/webknjizara.hr\/proizvod\/dani-prokletnika-jasmin-raaz-javor\/","og_locale":"en_US","og_type":"article","og_title":"DANI PROKLETNIKA, Jasmin Raaz Javor - Web-knji\u017eara","og_description":"\u00a0 Sa\u017eetak: \u201e\u017drtve su ve\u0107 u\u010dinjene, cijene pla\u0107ene, ostaje samo dobiti ono tra\u017eeno ili u porazu dotaknuti smrt. -Prijatelju, zovi ti mene saveznikom i dalje. To ti ide na \u010dast. Ali mora\u0161 nau\u010diti i napokon zapamtiti da ona i ja nismo ideali, mi nismo zapovjedi i strane koje mora\u0161 birati. Mi smo sredstva. \u2013podu\u010davao me [&hellip;]","og_url":"https:\/\/webknjizara.hr\/proizvod\/dani-prokletnika-jasmin-raaz-javor\/","og_site_name":"Web-knji\u017eara","article_modified_time":"2023-02-26T23:15:41+00:00","og_image":[{"width":578,"height":800,"url":"https:\/\/webknjizara.hr\/wp-content\/uploads\/nc\/images\/virtuemart\/product\/dani-prokletnika-4f6c85fc30e47.jpg","type":"image\/jpeg"}],"twitter_card":"summary_large_image","twitter_misc":{"Est. reading time":"2 minutes"},"schema":{"@context":"https:\/\/schema.org","@graph":[{"@type":"WebPage","@id":"https:\/\/webknjizara.hr\/proizvod\/dani-prokletnika-jasmin-raaz-javor\/","url":"https:\/\/webknjizara.hr\/proizvod\/dani-prokletnika-jasmin-raaz-javor\/","name":"DANI PROKLETNIKA, Jasmin Raaz Javor - Web-knji\u017eara","isPartOf":{"@id":"https:\/\/webknjizara.hr\/#website"},"primaryImageOfPage":{"@id":"https:\/\/webknjizara.hr\/proizvod\/dani-prokletnika-jasmin-raaz-javor\/#primaryimage"},"image":{"@id":"https:\/\/webknjizara.hr\/proizvod\/dani-prokletnika-jasmin-raaz-javor\/#primaryimage"},"thumbnailUrl":"https:\/\/webknjizara.hr\/wp-content\/uploads\/nc\/images\/virtuemart\/product\/dani-prokletnika-4f6c85fc30e47.jpg","datePublished":"2012-03-23T14:17:32+00:00","dateModified":"2023-02-26T23:15:41+00:00","breadcrumb":{"@id":"https:\/\/webknjizara.hr\/proizvod\/dani-prokletnika-jasmin-raaz-javor\/#breadcrumb"},"inLanguage":"en-US","potentialAction":[{"@type":"ReadAction","target":["https:\/\/webknjizara.hr\/proizvod\/dani-prokletnika-jasmin-raaz-javor\/"]}]},{"@type":"ImageObject","inLanguage":"en-US","@id":"https:\/\/webknjizara.hr\/proizvod\/dani-prokletnika-jasmin-raaz-javor\/#primaryimage","url":"https:\/\/webknjizara.hr\/wp-content\/uploads\/nc\/images\/virtuemart\/product\/dani-prokletnika-4f6c85fc30e47.jpg","contentUrl":"https:\/\/webknjizara.hr\/wp-content\/uploads\/nc\/images\/virtuemart\/product\/dani-prokletnika-4f6c85fc30e47.jpg","width":578,"height":800,"caption":"DANI PROKLETNIKA, Jasmin Raaz Javor"},{"@type":"BreadcrumbList","@id":"https:\/\/webknjizara.hr\/proizvod\/dani-prokletnika-jasmin-raaz-javor\/#breadcrumb","itemListElement":[{"@type":"ListItem","position":1,"name":"Po\u010detna stranica","item":"https:\/\/webknjizara.hr\/en\/"},{"@type":"ListItem","position":2,"name":"Shop","item":"https:\/\/webknjizara.hr\/shop\/"},{"@type":"ListItem","position":3,"name":"DANI PROKLETNIKA, Jasmin Raaz Javor"}]},{"@type":"WebSite","@id":"https:\/\/webknjizara.hr\/#website","url":"https:\/\/webknjizara.hr\/","name":"Web Knji\u017eara","description":"","publisher":{"@id":"https:\/\/webknjizara.hr\/#organization"},"potentialAction":[{"@type":"SearchAction","target":{"@type":"EntryPoint","urlTemplate":"https:\/\/webknjizara.hr\/?s={search_term_string}"},"query-input":{"@type":"PropertyValueSpecification","valueRequired":true,"valueName":"search_term_string"}}],"inLanguage":"en-US"},{"@type":"Organization","@id":"https:\/\/webknjizara.hr\/#organization","name":"REDAK D.O.O.","url":"https:\/\/webknjizara.hr\/","logo":{"@type":"ImageObject","inLanguage":"en-US","@id":"https:\/\/webknjizara.hr\/#\/schema\/logo\/image\/","url":"https:\/\/webknjizara.hr\/wp-content\/uploads\/2023\/01\/web-knjizara-logo.webp","contentUrl":"https:\/\/webknjizara.hr\/wp-content\/uploads\/2023\/01\/web-knjizara-logo.webp","width":324,"height":79,"caption":"REDAK D.O.O."},"image":{"@id":"https:\/\/webknjizara.hr\/#\/schema\/logo\/image\/"}}]}},"_links":{"self":[{"href":"https:\/\/webknjizara.hr\/en\/wp-json\/wp\/v2\/product\/7487","targetHints":{"allow":["GET"]}}],"collection":[{"href":"https:\/\/webknjizara.hr\/en\/wp-json\/wp\/v2\/product"}],"about":[{"href":"https:\/\/webknjizara.hr\/en\/wp-json\/wp\/v2\/types\/product"}],"replies":[{"embeddable":true,"href":"https:\/\/webknjizara.hr\/en\/wp-json\/wp\/v2\/comments?post=7487"}],"wp:featuredmedia":[{"embeddable":true,"href":"https:\/\/webknjizara.hr\/en\/wp-json\/wp\/v2\/media\/7488"}],"wp:attachment":[{"href":"https:\/\/webknjizara.hr\/en\/wp-json\/wp\/v2\/media?parent=7487"}],"wp:term":[{"taxonomy":"product_brand","embeddable":true,"href":"https:\/\/webknjizara.hr\/en\/wp-json\/wp\/v2\/product_brand?post=7487"},{"taxonomy":"product_cat","embeddable":true,"href":"https:\/\/webknjizara.hr\/en\/wp-json\/wp\/v2\/product_cat?post=7487"},{"taxonomy":"product_tag","embeddable":true,"href":"https:\/\/webknjizara.hr\/en\/wp-json\/wp\/v2\/product_tag?post=7487"}],"curies":[{"name":"wp","href":"https:\/\/api.w.org\/{rel}","templated":true}]}}