{"id":7483,"date":"2012-03-19T22:48:15","date_gmt":"2012-03-19T22:48:15","guid":{"rendered":"https:\/\/webknjizara.hr\/?product=izgubljena-opera-klaudija-tot"},"modified":"2023-02-27T00:15:41","modified_gmt":"2023-02-26T23:15:41","slug":"izgubljena-opera-klaudija-tot","status":"publish","type":"product","link":"https:\/\/webknjizara.hr\/en\/proizvod\/izgubljena-opera-klaudija-tot\/","title":{"rendered":"IZGUBLJENA OPERA, Klaudija Tot"},"content":{"rendered":"<p style=\"text-align: justify;\">\u00a0<\/p>\n<p style=\"text-align: justify;\"><strong>Sa\u017eetak:<\/strong><\/p>\n<p style=\"text-align: justify;\">Leon Haydn, uspje\u0161an tridesetogodi\u0161nji policijski istra\u017eitelj iz Washingtona, poslan je u Hrvatsku istra\u017eiti tri misteriozna ubojstva neuobi\u010dajena za \u201enepokoreni\u201c grad Osijek. Sa pretpostavkama da se radi o serijskom ubojici, Leon se zaplete u mre\u017eu vlastitih sjena pro\u0161losti. No, ne\u0161to u vezi ubojice je potpuno nejasno i Leon po\u010dinje gubiti kontrolu nad slu\u010dajem osje\u0107aju\u0107i da ga sprje\u010davaju vlastiti hirovi. Zajedno sa osje\u010dkim narednikom Vanjom, njegovom zaru\u010dnicom Veronicom te njenom najboljom prijateljicom Kristinom otkrivaju svakim korakom novi djeli\u0107 slagalice, kao i sjene koje im ne daju mira. Poku\u0161avaju\u0107i shvatiti tajanstvene vizije, snove, doga\u0111aje te neobi\u010dne zagonetke, njih \u010detvero \u0107e se zapitati jednu stvar: \u0160to ako svijetu, kojeg poznaju, zapravo i ne pripadaju? <\/p>\n<p><strong>Bilje\u0161ka o autorici: <\/strong><\/p>\n<p style=\"text-align: justify;\">Ro\u0111ena sam 6. prosinca 1989. godine u Bietigheim-Bissingenu, u Njema\u010dkoj. Tamo sam provela svojih prvih jednaest godina \u017eivota, gdje sam poha\u0111ala osnovnu i jednu godinu srednje \u0161kole. 2001. godine doselila sam se s obitelji u Hrvatsku, u malo selo imenom Darda. Ovdje sam poha\u0111ala osnovnu \u0161kolu te zavr\u0161ila Ugostiteljsko-turisti\u010dku \u0161kolu u Osijeku kao komercijalist. Trenutno sam studentica Filozofskog fakultetu, tako\u0111er u Osijeku, gdje studiram Njema\u010dki jezik i knji\u017eevnost. Ovo je moj prvijenac i nadam se da \u0107e biti dobro primljen sa strane \u010ditateljske publike.<\/p>\n<p><strong>Klju\u010dne rije\u010di: <\/strong><\/p>\n<p style=\"text-align: justify;\">opera, fantastika, bro\u0161, Salzburg, Osijek, Red, Glasnogovornici<\/p>\n<p><strong>Naslov:<\/strong> Izgubljena opera<br \/><strong>Autor:<\/strong> Klaudija Tot<br \/><strong>Broj stranica:<\/strong> 186<br \/><strong>Nakladnik:<\/strong> REDAK<br \/><strong>Godina izdanja:<\/strong> 2012.<br \/><strong>ISBN:<\/strong> 978-953-7595-86-9<br \/><strong>Tisak:<\/strong> digitalni tisak knjiga &#8211; print na zahtjev<\/p>\n","protected":false},"excerpt":{"rendered":"<p>\u00a0 Sa\u017eetak: Leon Haydn, uspje\u0161an tridesetogodi\u0161nji policijski istra\u017eitelj iz Washingtona, poslan je u Hrvatsku istra\u017eiti tri misteriozna ubojstva neuobi\u010dajena za \u201enepokoreni\u201c grad Osijek. Sa pretpostavkama da se radi o serijskom ubojici, Leon se zaplete u mre\u017eu vlastitih sjena pro\u0161losti. No, ne\u0161to u vezi ubojice je potpuno nejasno i Leon po\u010dinje gubiti kontrolu nad slu\u010dajem osje\u0107aju\u0107i [&hellip;]<\/p>\n","protected":false},"featured_media":7484,"comment_status":"open","ping_status":"closed","template":"","meta":{"_acf_changed":false},"product_brand":[],"product_cat":[1383,1385],"product_tag":[],"class_list":{"0":"post-7483","1":"product","2":"type-product","3":"status-publish","4":"has-post-thumbnail","6":"product_cat-knjige","7":"product_cat-knjizevnost","8":"pa_autor-klaudija-tot","9":"pa_nakladnik-redak","11":"first","12":"instock","13":"shipping-taxable","14":"purchasable","15":"product-type-simple"},"acf":[],"yoast_head":"<!-- This site is optimized with the Yoast SEO plugin v27.3 - https:\/\/yoast.com\/product\/yoast-seo-wordpress\/ -->\n<title>IZGUBLJENA OPERA, Klaudija Tot - Web-knji\u017eara<\/title>\n<meta name=\"robots\" content=\"index, follow, max-snippet:-1, max-image-preview:large, max-video-preview:-1\" \/>\n<link rel=\"canonical\" href=\"https:\/\/webknjizara.hr\/proizvod\/izgubljena-opera-klaudija-tot\/\" \/>\n<meta property=\"og:locale\" content=\"en_US\" \/>\n<meta property=\"og:type\" content=\"article\" \/>\n<meta property=\"og:title\" content=\"IZGUBLJENA OPERA, Klaudija Tot - Web-knji\u017eara\" \/>\n<meta property=\"og:description\" content=\"\u00a0 Sa\u017eetak: Leon Haydn, uspje\u0161an tridesetogodi\u0161nji policijski istra\u017eitelj iz Washingtona, poslan je u Hrvatsku istra\u017eiti tri misteriozna ubojstva neuobi\u010dajena za \u201enepokoreni\u201c grad Osijek. Sa pretpostavkama da se radi o serijskom ubojici, Leon se zaplete u mre\u017eu vlastitih sjena pro\u0161losti. No, ne\u0161to u vezi ubojice je potpuno nejasno i Leon po\u010dinje gubiti kontrolu nad slu\u010dajem osje\u0107aju\u0107i [&hellip;]\" \/>\n<meta property=\"og:url\" content=\"https:\/\/webknjizara.hr\/proizvod\/izgubljena-opera-klaudija-tot\/\" \/>\n<meta property=\"og:site_name\" content=\"Web-knji\u017eara\" \/>\n<meta property=\"article:modified_time\" content=\"2023-02-26T23:15:41+00:00\" \/>\n<meta property=\"og:image\" content=\"https:\/\/webknjizara.hr\/wp-content\/uploads\/nc\/images\/virtuemart\/product\/izgubljena-opera-4f68556e35a6f.jpg\" \/>\n\t<meta property=\"og:image:width\" content=\"534\" \/>\n\t<meta property=\"og:image:height\" content=\"800\" \/>\n\t<meta property=\"og:image:type\" content=\"image\/jpeg\" \/>\n<meta name=\"twitter:card\" content=\"summary_large_image\" \/>\n<meta name=\"twitter:label1\" content=\"Est. reading time\" \/>\n\t<meta name=\"twitter:data1\" content=\"1 minute\" \/>\n<script type=\"application\/ld+json\" class=\"yoast-schema-graph\">{\"@context\":\"https:\\\/\\\/schema.org\",\"@graph\":[{\"@type\":\"WebPage\",\"@id\":\"https:\\\/\\\/webknjizara.hr\\\/proizvod\\\/izgubljena-opera-klaudija-tot\\\/\",\"url\":\"https:\\\/\\\/webknjizara.hr\\\/proizvod\\\/izgubljena-opera-klaudija-tot\\\/\",\"name\":\"IZGUBLJENA OPERA, Klaudija Tot - Web-knji\u017eara\",\"isPartOf\":{\"@id\":\"https:\\\/\\\/webknjizara.hr\\\/#website\"},\"primaryImageOfPage\":{\"@id\":\"https:\\\/\\\/webknjizara.hr\\\/proizvod\\\/izgubljena-opera-klaudija-tot\\\/#primaryimage\"},\"image\":{\"@id\":\"https:\\\/\\\/webknjizara.hr\\\/proizvod\\\/izgubljena-opera-klaudija-tot\\\/#primaryimage\"},\"thumbnailUrl\":\"https:\\\/\\\/webknjizara.hr\\\/wp-content\\\/uploads\\\/nc\\\/images\\\/virtuemart\\\/product\\\/izgubljena-opera-4f68556e35a6f.jpg\",\"datePublished\":\"2012-03-19T22:48:15+00:00\",\"dateModified\":\"2023-02-26T23:15:41+00:00\",\"breadcrumb\":{\"@id\":\"https:\\\/\\\/webknjizara.hr\\\/proizvod\\\/izgubljena-opera-klaudija-tot\\\/#breadcrumb\"},\"inLanguage\":\"en-US\",\"potentialAction\":[{\"@type\":\"ReadAction\",\"target\":[\"https:\\\/\\\/webknjizara.hr\\\/proizvod\\\/izgubljena-opera-klaudija-tot\\\/\"]}]},{\"@type\":\"ImageObject\",\"inLanguage\":\"en-US\",\"@id\":\"https:\\\/\\\/webknjizara.hr\\\/proizvod\\\/izgubljena-opera-klaudija-tot\\\/#primaryimage\",\"url\":\"https:\\\/\\\/webknjizara.hr\\\/wp-content\\\/uploads\\\/nc\\\/images\\\/virtuemart\\\/product\\\/izgubljena-opera-4f68556e35a6f.jpg\",\"contentUrl\":\"https:\\\/\\\/webknjizara.hr\\\/wp-content\\\/uploads\\\/nc\\\/images\\\/virtuemart\\\/product\\\/izgubljena-opera-4f68556e35a6f.jpg\",\"width\":534,\"height\":800,\"caption\":\"IZGUBLJENA OPERA, Klaudija Tot\"},{\"@type\":\"BreadcrumbList\",\"@id\":\"https:\\\/\\\/webknjizara.hr\\\/proizvod\\\/izgubljena-opera-klaudija-tot\\\/#breadcrumb\",\"itemListElement\":[{\"@type\":\"ListItem\",\"position\":1,\"name\":\"Po\u010detna stranica\",\"item\":\"https:\\\/\\\/webknjizara.hr\\\/en\\\/\"},{\"@type\":\"ListItem\",\"position\":2,\"name\":\"Shop\",\"item\":\"https:\\\/\\\/webknjizara.hr\\\/shop\\\/\"},{\"@type\":\"ListItem\",\"position\":3,\"name\":\"IZGUBLJENA OPERA, Klaudija Tot\"}]},{\"@type\":\"WebSite\",\"@id\":\"https:\\\/\\\/webknjizara.hr\\\/#website\",\"url\":\"https:\\\/\\\/webknjizara.hr\\\/\",\"name\":\"Web Knji\u017eara\",\"description\":\"\",\"publisher\":{\"@id\":\"https:\\\/\\\/webknjizara.hr\\\/#organization\"},\"potentialAction\":[{\"@type\":\"SearchAction\",\"target\":{\"@type\":\"EntryPoint\",\"urlTemplate\":\"https:\\\/\\\/webknjizara.hr\\\/?s={search_term_string}\"},\"query-input\":{\"@type\":\"PropertyValueSpecification\",\"valueRequired\":true,\"valueName\":\"search_term_string\"}}],\"inLanguage\":\"en-US\"},{\"@type\":\"Organization\",\"@id\":\"https:\\\/\\\/webknjizara.hr\\\/#organization\",\"name\":\"REDAK D.O.O.\",\"url\":\"https:\\\/\\\/webknjizara.hr\\\/\",\"logo\":{\"@type\":\"ImageObject\",\"inLanguage\":\"en-US\",\"@id\":\"https:\\\/\\\/webknjizara.hr\\\/#\\\/schema\\\/logo\\\/image\\\/\",\"url\":\"https:\\\/\\\/webknjizara.hr\\\/wp-content\\\/uploads\\\/2023\\\/01\\\/web-knjizara-logo.webp\",\"contentUrl\":\"https:\\\/\\\/webknjizara.hr\\\/wp-content\\\/uploads\\\/2023\\\/01\\\/web-knjizara-logo.webp\",\"width\":324,\"height\":79,\"caption\":\"REDAK D.O.O.\"},\"image\":{\"@id\":\"https:\\\/\\\/webknjizara.hr\\\/#\\\/schema\\\/logo\\\/image\\\/\"}}]}<\/script>\n<!-- \/ Yoast SEO plugin. -->","yoast_head_json":{"title":"IZGUBLJENA OPERA, Klaudija Tot - Web-knji\u017eara","robots":{"index":"index","follow":"follow","max-snippet":"max-snippet:-1","max-image-preview":"max-image-preview:large","max-video-preview":"max-video-preview:-1"},"canonical":"https:\/\/webknjizara.hr\/proizvod\/izgubljena-opera-klaudija-tot\/","og_locale":"en_US","og_type":"article","og_title":"IZGUBLJENA OPERA, Klaudija Tot - Web-knji\u017eara","og_description":"\u00a0 Sa\u017eetak: Leon Haydn, uspje\u0161an tridesetogodi\u0161nji policijski istra\u017eitelj iz Washingtona, poslan je u Hrvatsku istra\u017eiti tri misteriozna ubojstva neuobi\u010dajena za \u201enepokoreni\u201c grad Osijek. Sa pretpostavkama da se radi o serijskom ubojici, Leon se zaplete u mre\u017eu vlastitih sjena pro\u0161losti. No, ne\u0161to u vezi ubojice je potpuno nejasno i Leon po\u010dinje gubiti kontrolu nad slu\u010dajem osje\u0107aju\u0107i [&hellip;]","og_url":"https:\/\/webknjizara.hr\/proizvod\/izgubljena-opera-klaudija-tot\/","og_site_name":"Web-knji\u017eara","article_modified_time":"2023-02-26T23:15:41+00:00","og_image":[{"width":534,"height":800,"url":"https:\/\/webknjizara.hr\/wp-content\/uploads\/nc\/images\/virtuemart\/product\/izgubljena-opera-4f68556e35a6f.jpg","type":"image\/jpeg"}],"twitter_card":"summary_large_image","twitter_misc":{"Est. reading time":"1 minute"},"schema":{"@context":"https:\/\/schema.org","@graph":[{"@type":"WebPage","@id":"https:\/\/webknjizara.hr\/proizvod\/izgubljena-opera-klaudija-tot\/","url":"https:\/\/webknjizara.hr\/proizvod\/izgubljena-opera-klaudija-tot\/","name":"IZGUBLJENA OPERA, Klaudija Tot - Web-knji\u017eara","isPartOf":{"@id":"https:\/\/webknjizara.hr\/#website"},"primaryImageOfPage":{"@id":"https:\/\/webknjizara.hr\/proizvod\/izgubljena-opera-klaudija-tot\/#primaryimage"},"image":{"@id":"https:\/\/webknjizara.hr\/proizvod\/izgubljena-opera-klaudija-tot\/#primaryimage"},"thumbnailUrl":"https:\/\/webknjizara.hr\/wp-content\/uploads\/nc\/images\/virtuemart\/product\/izgubljena-opera-4f68556e35a6f.jpg","datePublished":"2012-03-19T22:48:15+00:00","dateModified":"2023-02-26T23:15:41+00:00","breadcrumb":{"@id":"https:\/\/webknjizara.hr\/proizvod\/izgubljena-opera-klaudija-tot\/#breadcrumb"},"inLanguage":"en-US","potentialAction":[{"@type":"ReadAction","target":["https:\/\/webknjizara.hr\/proizvod\/izgubljena-opera-klaudija-tot\/"]}]},{"@type":"ImageObject","inLanguage":"en-US","@id":"https:\/\/webknjizara.hr\/proizvod\/izgubljena-opera-klaudija-tot\/#primaryimage","url":"https:\/\/webknjizara.hr\/wp-content\/uploads\/nc\/images\/virtuemart\/product\/izgubljena-opera-4f68556e35a6f.jpg","contentUrl":"https:\/\/webknjizara.hr\/wp-content\/uploads\/nc\/images\/virtuemart\/product\/izgubljena-opera-4f68556e35a6f.jpg","width":534,"height":800,"caption":"IZGUBLJENA OPERA, Klaudija Tot"},{"@type":"BreadcrumbList","@id":"https:\/\/webknjizara.hr\/proizvod\/izgubljena-opera-klaudija-tot\/#breadcrumb","itemListElement":[{"@type":"ListItem","position":1,"name":"Po\u010detna stranica","item":"https:\/\/webknjizara.hr\/en\/"},{"@type":"ListItem","position":2,"name":"Shop","item":"https:\/\/webknjizara.hr\/shop\/"},{"@type":"ListItem","position":3,"name":"IZGUBLJENA OPERA, Klaudija Tot"}]},{"@type":"WebSite","@id":"https:\/\/webknjizara.hr\/#website","url":"https:\/\/webknjizara.hr\/","name":"Web Knji\u017eara","description":"","publisher":{"@id":"https:\/\/webknjizara.hr\/#organization"},"potentialAction":[{"@type":"SearchAction","target":{"@type":"EntryPoint","urlTemplate":"https:\/\/webknjizara.hr\/?s={search_term_string}"},"query-input":{"@type":"PropertyValueSpecification","valueRequired":true,"valueName":"search_term_string"}}],"inLanguage":"en-US"},{"@type":"Organization","@id":"https:\/\/webknjizara.hr\/#organization","name":"REDAK D.O.O.","url":"https:\/\/webknjizara.hr\/","logo":{"@type":"ImageObject","inLanguage":"en-US","@id":"https:\/\/webknjizara.hr\/#\/schema\/logo\/image\/","url":"https:\/\/webknjizara.hr\/wp-content\/uploads\/2023\/01\/web-knjizara-logo.webp","contentUrl":"https:\/\/webknjizara.hr\/wp-content\/uploads\/2023\/01\/web-knjizara-logo.webp","width":324,"height":79,"caption":"REDAK D.O.O."},"image":{"@id":"https:\/\/webknjizara.hr\/#\/schema\/logo\/image\/"}}]}},"_links":{"self":[{"href":"https:\/\/webknjizara.hr\/en\/wp-json\/wp\/v2\/product\/7483","targetHints":{"allow":["GET"]}}],"collection":[{"href":"https:\/\/webknjizara.hr\/en\/wp-json\/wp\/v2\/product"}],"about":[{"href":"https:\/\/webknjizara.hr\/en\/wp-json\/wp\/v2\/types\/product"}],"replies":[{"embeddable":true,"href":"https:\/\/webknjizara.hr\/en\/wp-json\/wp\/v2\/comments?post=7483"}],"wp:featuredmedia":[{"embeddable":true,"href":"https:\/\/webknjizara.hr\/en\/wp-json\/wp\/v2\/media\/7484"}],"wp:attachment":[{"href":"https:\/\/webknjizara.hr\/en\/wp-json\/wp\/v2\/media?parent=7483"}],"wp:term":[{"taxonomy":"product_brand","embeddable":true,"href":"https:\/\/webknjizara.hr\/en\/wp-json\/wp\/v2\/product_brand?post=7483"},{"taxonomy":"product_cat","embeddable":true,"href":"https:\/\/webknjizara.hr\/en\/wp-json\/wp\/v2\/product_cat?post=7483"},{"taxonomy":"product_tag","embeddable":true,"href":"https:\/\/webknjizara.hr\/en\/wp-json\/wp\/v2\/product_tag?post=7483"}],"curies":[{"name":"wp","href":"https:\/\/api.w.org\/{rel}","templated":true}]}}