{"id":7479,"date":"2012-03-14T19:57:22","date_gmt":"2012-03-14T19:57:22","guid":{"rendered":"https:\/\/webknjizara.hr\/?product=novo-sjeme-mario-skorin"},"modified":"2023-02-27T00:15:41","modified_gmt":"2023-02-26T23:15:41","slug":"novo-sjeme-mario-skorin","status":"publish","type":"product","link":"https:\/\/webknjizara.hr\/en\/proizvod\/novo-sjeme-mario-skorin\/","title":{"rendered":"NOVO SJEME, Mario \u0160korin"},"content":{"rendered":"<p style=\"text-align: justify;\">\u00a0<\/p>\n<p style=\"text-align: justify;\"><strong>Sa\u017eetak:<\/strong><\/p>\n<p style=\"text-align: justify;\">Ameri\u010dki arheolog u Londonu je zbog kontroverznog predavanja u kojem stavlja naglasak na upletanje inteligentnih bi\u0107a u kreiranje \u010dovjeka. Da bi ga privoljeli na televizijsku emisiju u kojoj bi pojasnio svoje stavove, \u010delnici mu uz honorar nude i kartu na novom superluksuznom brodu i on pristaje, htiju\u0107i sebi priu\u0161titi nekoliko dana odmora. Na brodu ga presretne novinarka \u017eeljna ekskluzivnog intervjua, no on je odbija, jo\u0161 uvijek pod dojmom novinarske bahatosti, nakon tragi\u010dne smrti supruge u avionskoj nesre\u0107i u kojoj je izgubio i dragog prijatelja. Na putu prema New Orleansu zadesi ih neo\u010dekivano nevrijeme i oni se na\u0111u na dnu Atlantika u istra\u017eiva\u010dkoj bazi izgra\u0111enoj u pradavna vremena. Istovremeno, saznav\u0161i da mu se na brodu nalazi i ne\u0107akinja, ameri\u010dki kongresmen upetljan u zakulisne radnje oko potapljanja broda, izvr\u0161i samoubojstvo i zbog osvete i gri\u017enje savjesti tajne dokumente \u0161alje \u0161efu specijalnog odjela FBI-a. Uskoro, on pogine pod \u010dudnim okolnostima, no uspio je izraditi kopiju i poslati je na tajno mjesto. Informacija sti\u017ee do samog predsjednika i on poduzima sveobuhvatnu istragu<\/p>\n<p><strong>Izvadak iz recenzija:<\/strong><\/p>\n<p> <em> \u201eIako fabula romana nije podru\u010dje koje preferiram, ovo izuzetno djelo bolje je barem za \u010detiri koplja od djela koja se, kao prijevodi sa stranih jezika,\u00a0 serviraju kao dobra knji\u017eevnost hrvatskim \u010ditateljima.\u201c<\/em><br \/>Pero Mio\u010d<br \/>umjetni\u010dki savjetnik (u mirovini) HNK \u0160ibenik<\/p>\n<p><em> \u201eIzuzetno djelo s napetom radnjom koje u osnovi i ne mora biti SF i kojem jedino jo\u0161 nedostaje nastavak.\u201c<\/em><br \/>Emil Podrug<br \/>kustos Muzeja Grada \u0160ibenika<\/p>\n<p> <em> \u201ePrije svega, \u017eelim da naglasim da mi se dopada tematika kojom se roman bavi u djelu, a predstavljaju\u0107i utrnulost i bezvoljnost savremenog \u010dovjeka i njegovog \u0161ablonizovanog \u017eivota, svjetske igre mo\u0107i &#8211; \u017ertve i gospodari, kao i upe\u010datljivost svje\u017eih de\u0161avanja: krv &#8211; nafta; hrana, ljekovi &#8211; oru\u017eje. Prikazuje u\u010daurenost nauke i stati\u010dnost savremenih intelektualaca i istra\u017eiva\u010da. U djelu se uo\u010dava\u00a0 lagana ironija, &#8220;dozira se&#8221;, pa nije gorka, ve\u0107 je vi\u0161e intelektualno iritantna, blago provocira.<br \/> Izdvojila bih citat na po\u010detku romana iz Prve knjige Mojsijeve (26.4), koji shvatam\u00a0 kao svojevrsni moto djela, naglasak je upravo na: &#8220;&#8230; blagoslovit \u0107e se svi narodi na zemlji &#8220;, jer rekla bih, suprotno prikazuje roman; niti su narodi blagoslovljeni, niti \u010dovjek &#8211;\u00a0 primjeri svakodnevnice, (\u017eivota u pro\u0161losti, sada\u0161njosti i budu\u0107nosti) utabane staze \u010dovje\u010danstva. Mislim da je autor uspio na pravi na\u010din,\u00a0 bez naporne, o\u0161tre ili zamorne gor\u010dine da lagano u\u0111e, prati, predstavlja i analizira tematiku, stvaraju\u0107i knji\u017eevne aktere i njihove situacije. U tu svrhu vrlo je pa\u017elivo na po\u010detku djela suprotstavio dvije strane \u017eivota: Virus modernog visokog dru\u0161tva i Filozofiju obi\u010dnog \u010dovjeka.<br \/> U daljem pripovjeda\u010dkom postupku isti\u010dem uspje\u0161nu deskripciji na po\u010detku Prvog i Drugog poglavlja, upe\u010datljivost slike, osje\u0107anja i atmosfere, \u010demu doprinosi i sugestivnost odabranih sintagmi: &#8220;crni taksi&#8221;, &#8220;te\u0161ka muka&#8221;,\u00a0\u00a0 &#8220;tamni oblaci&#8221;, &#8220;tmurni dan&#8221;, &#8220;zlokobni odsjaj vode&#8221; . Interesantna je i kontrastna odrednica: tamnoputi voza\u010d\/ bijeli turban, ili osmijeh naspram turobnosti, sivog okru\u017eenja. Pametno je odabrano, a \u010dini mi se i umjetni\u010dki iskori\u0161tena \u0161irina koju pru\u017ea Er forma, tre\u0107e lice pripovijedanja, odlike auktorijalnog romana. Tako\u0111e, uspje\u0161na je i sporadi\u010dna upotreba retrospekcije koja se javlja, retorska\u00a0 pitanja su efektna, primjetna su u odgovaraju\u0107im momentima, na pravom mjestu, bez pretjerivanja ili nagomilanosti. Pohvaljujem uspjelost dugih re\u010denica, ukomponovanost elemenata mistike, tj. narodnih predanja,kao i\u00a0 &#8220;kulta&#8221; \u017dila Verna, ili pjesme Homerovih sirena.\u201c<\/em><\/p>\n<p>Julijana Karad\u017ei\u0107 <br \/>dipl. prof. jezika i knjizevnosti<br \/>Podgorica, Crna Gora<\/p>\n<p style=\"text-align: justify;\"><strong>Bilje\u0161ka o autoru:<\/strong><\/p>\n<p style=\"text-align: justify;\">Ro\u0111en i odrastao u \u0160ibeniku 1960. godine, u me\u0111uvremenu proputovao svijet,\u00a0 bavio se razli\u010ditim poslovima tijekom \u017eivota ali jo\u0161 kao dijete, potpoma\u017eu\u0107i se teleskopima\u00a0 na terasi \u0161ibenske Gimnazije, uz nesebi\u010dnu pomo\u0107 Dragana Ro\u0161e i drugih entuzijasta, podizao pogled prema zvjezdanom nebu pitaju\u0107i se je li sve ba\u0161 tako kako izgleda. Od tada, rasla je \u017eelja za osobnim iskazom prostora i dru\u0161tvenih odnosa u kojima \u017eivi. Ovaj roman, ideja kojeg je, uz bilje\u0161ke i preinake,\u00a0 nastajala jo\u0161 u to rano doba pod utjecajem tada\u0161njih istra\u017eiva\u010da, pisaca SF-a, klasi\u010dne knji\u017eevnosti, krimi pri\u010da i svjetskih religija, prvi je takve vrste, no zasigurno ne i posljednji, barem tematski orjentiranih prema SF-u ili onom \u0161to se \u010dini da SF danas jest.<\/p>\n<p style=\"text-align: justify;\">\u00a0<\/p>\n<p style=\"text-align: justify;\"><strong>Klju\u010dne rije\u010di: <\/strong><\/p>\n<p style=\"text-align: justify;\"><strong><\/strong>Crni taksi, Novo sjeme, Veronika Miletich<\/p>\n<p style=\"text-align: justify;\"><strong>E-mail:<\/strong> <a href=\"mailto:rspanner01@gmail.com\">Mario \u0160korin<\/a><\/p>\n<p><strong>Naslov:<\/strong> Novo sjeme<br \/><strong>Autor:<\/strong> Mario \u0160korin<br \/><strong>Broj stranica:<\/strong> 388<br \/><strong>Nakladnik:<\/strong> REDAK<br \/><strong>Godina izdanja:<\/strong> 2012.<br \/><strong>ISBN:<\/strong> 978-953-7595-83-8<br \/><strong>Tisak:<\/strong> digitalni tisak knjiga &#8211; print na zahtjev<\/p>\n","protected":false},"excerpt":{"rendered":"<p>\u00a0 Sa\u017eetak: Ameri\u010dki arheolog u Londonu je zbog kontroverznog predavanja u kojem stavlja naglasak na upletanje inteligentnih bi\u0107a u kreiranje \u010dovjeka. Da bi ga privoljeli na televizijsku emisiju u kojoj bi pojasnio svoje stavove, \u010delnici mu uz honorar nude i kartu na novom superluksuznom brodu i on pristaje, htiju\u0107i sebi priu\u0161titi nekoliko dana odmora. Na [&hellip;]<\/p>\n","protected":false},"featured_media":7480,"comment_status":"open","ping_status":"closed","template":"","meta":{"_acf_changed":false},"product_brand":[],"product_cat":[1383,1385],"product_tag":[],"class_list":{"0":"post-7479","1":"product","2":"type-product","3":"status-publish","4":"has-post-thumbnail","6":"product_cat-knjige","7":"product_cat-knjizevnost","8":"pa_autor-mario-skorin","9":"pa_nakladnik-redak","11":"first","12":"instock","13":"shipping-taxable","14":"purchasable","15":"product-type-simple"},"acf":[],"yoast_head":"<!-- This site is optimized with the Yoast SEO plugin v27.3 - https:\/\/yoast.com\/product\/yoast-seo-wordpress\/ -->\n<title>NOVO SJEME, Mario \u0160korin - Web-knji\u017eara<\/title>\n<meta name=\"robots\" content=\"index, follow, max-snippet:-1, max-image-preview:large, max-video-preview:-1\" \/>\n<link rel=\"canonical\" href=\"https:\/\/webknjizara.hr\/proizvod\/novo-sjeme-mario-skorin\/\" \/>\n<meta property=\"og:locale\" content=\"en_US\" \/>\n<meta property=\"og:type\" content=\"article\" \/>\n<meta property=\"og:title\" content=\"NOVO SJEME, Mario \u0160korin - Web-knji\u017eara\" \/>\n<meta property=\"og:description\" content=\"\u00a0 Sa\u017eetak: Ameri\u010dki arheolog u Londonu je zbog kontroverznog predavanja u kojem stavlja naglasak na upletanje inteligentnih bi\u0107a u kreiranje \u010dovjeka. Da bi ga privoljeli na televizijsku emisiju u kojoj bi pojasnio svoje stavove, \u010delnici mu uz honorar nude i kartu na novom superluksuznom brodu i on pristaje, htiju\u0107i sebi priu\u0161titi nekoliko dana odmora. Na [&hellip;]\" \/>\n<meta property=\"og:url\" content=\"https:\/\/webknjizara.hr\/proizvod\/novo-sjeme-mario-skorin\/\" \/>\n<meta property=\"og:site_name\" content=\"Web-knji\u017eara\" \/>\n<meta property=\"article:modified_time\" content=\"2023-02-26T23:15:41+00:00\" \/>\n<meta property=\"og:image\" content=\"https:\/\/webknjizara.hr\/wp-content\/uploads\/nc\/images\/virtuemart\/product\/novo-sjeme-mari-4f61d1605f1e9.jpg\" \/>\n\t<meta property=\"og:image:width\" content=\"528\" \/>\n\t<meta property=\"og:image:height\" content=\"800\" \/>\n\t<meta property=\"og:image:type\" content=\"image\/jpeg\" \/>\n<meta name=\"twitter:card\" content=\"summary_large_image\" \/>\n<meta name=\"twitter:label1\" content=\"Est. reading time\" \/>\n\t<meta name=\"twitter:data1\" content=\"4 minutes\" \/>\n<script type=\"application\/ld+json\" class=\"yoast-schema-graph\">{\"@context\":\"https:\\\/\\\/schema.org\",\"@graph\":[{\"@type\":\"WebPage\",\"@id\":\"https:\\\/\\\/webknjizara.hr\\\/proizvod\\\/novo-sjeme-mario-skorin\\\/\",\"url\":\"https:\\\/\\\/webknjizara.hr\\\/proizvod\\\/novo-sjeme-mario-skorin\\\/\",\"name\":\"NOVO SJEME, Mario \u0160korin - Web-knji\u017eara\",\"isPartOf\":{\"@id\":\"https:\\\/\\\/webknjizara.hr\\\/#website\"},\"primaryImageOfPage\":{\"@id\":\"https:\\\/\\\/webknjizara.hr\\\/proizvod\\\/novo-sjeme-mario-skorin\\\/#primaryimage\"},\"image\":{\"@id\":\"https:\\\/\\\/webknjizara.hr\\\/proizvod\\\/novo-sjeme-mario-skorin\\\/#primaryimage\"},\"thumbnailUrl\":\"https:\\\/\\\/webknjizara.hr\\\/wp-content\\\/uploads\\\/nc\\\/images\\\/virtuemart\\\/product\\\/novo-sjeme-mari-4f61d1605f1e9.jpg\",\"datePublished\":\"2012-03-14T19:57:22+00:00\",\"dateModified\":\"2023-02-26T23:15:41+00:00\",\"breadcrumb\":{\"@id\":\"https:\\\/\\\/webknjizara.hr\\\/proizvod\\\/novo-sjeme-mario-skorin\\\/#breadcrumb\"},\"inLanguage\":\"en-US\",\"potentialAction\":[{\"@type\":\"ReadAction\",\"target\":[\"https:\\\/\\\/webknjizara.hr\\\/proizvod\\\/novo-sjeme-mario-skorin\\\/\"]}]},{\"@type\":\"ImageObject\",\"inLanguage\":\"en-US\",\"@id\":\"https:\\\/\\\/webknjizara.hr\\\/proizvod\\\/novo-sjeme-mario-skorin\\\/#primaryimage\",\"url\":\"https:\\\/\\\/webknjizara.hr\\\/wp-content\\\/uploads\\\/nc\\\/images\\\/virtuemart\\\/product\\\/novo-sjeme-mari-4f61d1605f1e9.jpg\",\"contentUrl\":\"https:\\\/\\\/webknjizara.hr\\\/wp-content\\\/uploads\\\/nc\\\/images\\\/virtuemart\\\/product\\\/novo-sjeme-mari-4f61d1605f1e9.jpg\",\"width\":528,\"height\":800,\"caption\":\"NOVO SJEME, Mario \u0160korin\"},{\"@type\":\"BreadcrumbList\",\"@id\":\"https:\\\/\\\/webknjizara.hr\\\/proizvod\\\/novo-sjeme-mario-skorin\\\/#breadcrumb\",\"itemListElement\":[{\"@type\":\"ListItem\",\"position\":1,\"name\":\"Po\u010detna stranica\",\"item\":\"https:\\\/\\\/webknjizara.hr\\\/en\\\/\"},{\"@type\":\"ListItem\",\"position\":2,\"name\":\"Shop\",\"item\":\"https:\\\/\\\/webknjizara.hr\\\/shop\\\/\"},{\"@type\":\"ListItem\",\"position\":3,\"name\":\"NOVO SJEME, Mario \u0160korin\"}]},{\"@type\":\"WebSite\",\"@id\":\"https:\\\/\\\/webknjizara.hr\\\/#website\",\"url\":\"https:\\\/\\\/webknjizara.hr\\\/\",\"name\":\"Web Knji\u017eara\",\"description\":\"\",\"publisher\":{\"@id\":\"https:\\\/\\\/webknjizara.hr\\\/#organization\"},\"potentialAction\":[{\"@type\":\"SearchAction\",\"target\":{\"@type\":\"EntryPoint\",\"urlTemplate\":\"https:\\\/\\\/webknjizara.hr\\\/?s={search_term_string}\"},\"query-input\":{\"@type\":\"PropertyValueSpecification\",\"valueRequired\":true,\"valueName\":\"search_term_string\"}}],\"inLanguage\":\"en-US\"},{\"@type\":\"Organization\",\"@id\":\"https:\\\/\\\/webknjizara.hr\\\/#organization\",\"name\":\"REDAK D.O.O.\",\"url\":\"https:\\\/\\\/webknjizara.hr\\\/\",\"logo\":{\"@type\":\"ImageObject\",\"inLanguage\":\"en-US\",\"@id\":\"https:\\\/\\\/webknjizara.hr\\\/#\\\/schema\\\/logo\\\/image\\\/\",\"url\":\"https:\\\/\\\/webknjizara.hr\\\/wp-content\\\/uploads\\\/2023\\\/01\\\/web-knjizara-logo.webp\",\"contentUrl\":\"https:\\\/\\\/webknjizara.hr\\\/wp-content\\\/uploads\\\/2023\\\/01\\\/web-knjizara-logo.webp\",\"width\":324,\"height\":79,\"caption\":\"REDAK D.O.O.\"},\"image\":{\"@id\":\"https:\\\/\\\/webknjizara.hr\\\/#\\\/schema\\\/logo\\\/image\\\/\"}}]}<\/script>\n<!-- \/ Yoast SEO plugin. -->","yoast_head_json":{"title":"NOVO SJEME, Mario \u0160korin - Web-knji\u017eara","robots":{"index":"index","follow":"follow","max-snippet":"max-snippet:-1","max-image-preview":"max-image-preview:large","max-video-preview":"max-video-preview:-1"},"canonical":"https:\/\/webknjizara.hr\/proizvod\/novo-sjeme-mario-skorin\/","og_locale":"en_US","og_type":"article","og_title":"NOVO SJEME, Mario \u0160korin - Web-knji\u017eara","og_description":"\u00a0 Sa\u017eetak: Ameri\u010dki arheolog u Londonu je zbog kontroverznog predavanja u kojem stavlja naglasak na upletanje inteligentnih bi\u0107a u kreiranje \u010dovjeka. Da bi ga privoljeli na televizijsku emisiju u kojoj bi pojasnio svoje stavove, \u010delnici mu uz honorar nude i kartu na novom superluksuznom brodu i on pristaje, htiju\u0107i sebi priu\u0161titi nekoliko dana odmora. Na [&hellip;]","og_url":"https:\/\/webknjizara.hr\/proizvod\/novo-sjeme-mario-skorin\/","og_site_name":"Web-knji\u017eara","article_modified_time":"2023-02-26T23:15:41+00:00","og_image":[{"width":528,"height":800,"url":"https:\/\/webknjizara.hr\/wp-content\/uploads\/nc\/images\/virtuemart\/product\/novo-sjeme-mari-4f61d1605f1e9.jpg","type":"image\/jpeg"}],"twitter_card":"summary_large_image","twitter_misc":{"Est. reading time":"4 minutes"},"schema":{"@context":"https:\/\/schema.org","@graph":[{"@type":"WebPage","@id":"https:\/\/webknjizara.hr\/proizvod\/novo-sjeme-mario-skorin\/","url":"https:\/\/webknjizara.hr\/proizvod\/novo-sjeme-mario-skorin\/","name":"NOVO SJEME, Mario \u0160korin - Web-knji\u017eara","isPartOf":{"@id":"https:\/\/webknjizara.hr\/#website"},"primaryImageOfPage":{"@id":"https:\/\/webknjizara.hr\/proizvod\/novo-sjeme-mario-skorin\/#primaryimage"},"image":{"@id":"https:\/\/webknjizara.hr\/proizvod\/novo-sjeme-mario-skorin\/#primaryimage"},"thumbnailUrl":"https:\/\/webknjizara.hr\/wp-content\/uploads\/nc\/images\/virtuemart\/product\/novo-sjeme-mari-4f61d1605f1e9.jpg","datePublished":"2012-03-14T19:57:22+00:00","dateModified":"2023-02-26T23:15:41+00:00","breadcrumb":{"@id":"https:\/\/webknjizara.hr\/proizvod\/novo-sjeme-mario-skorin\/#breadcrumb"},"inLanguage":"en-US","potentialAction":[{"@type":"ReadAction","target":["https:\/\/webknjizara.hr\/proizvod\/novo-sjeme-mario-skorin\/"]}]},{"@type":"ImageObject","inLanguage":"en-US","@id":"https:\/\/webknjizara.hr\/proizvod\/novo-sjeme-mario-skorin\/#primaryimage","url":"https:\/\/webknjizara.hr\/wp-content\/uploads\/nc\/images\/virtuemart\/product\/novo-sjeme-mari-4f61d1605f1e9.jpg","contentUrl":"https:\/\/webknjizara.hr\/wp-content\/uploads\/nc\/images\/virtuemart\/product\/novo-sjeme-mari-4f61d1605f1e9.jpg","width":528,"height":800,"caption":"NOVO SJEME, Mario \u0160korin"},{"@type":"BreadcrumbList","@id":"https:\/\/webknjizara.hr\/proizvod\/novo-sjeme-mario-skorin\/#breadcrumb","itemListElement":[{"@type":"ListItem","position":1,"name":"Po\u010detna stranica","item":"https:\/\/webknjizara.hr\/en\/"},{"@type":"ListItem","position":2,"name":"Shop","item":"https:\/\/webknjizara.hr\/shop\/"},{"@type":"ListItem","position":3,"name":"NOVO SJEME, Mario \u0160korin"}]},{"@type":"WebSite","@id":"https:\/\/webknjizara.hr\/#website","url":"https:\/\/webknjizara.hr\/","name":"Web Knji\u017eara","description":"","publisher":{"@id":"https:\/\/webknjizara.hr\/#organization"},"potentialAction":[{"@type":"SearchAction","target":{"@type":"EntryPoint","urlTemplate":"https:\/\/webknjizara.hr\/?s={search_term_string}"},"query-input":{"@type":"PropertyValueSpecification","valueRequired":true,"valueName":"search_term_string"}}],"inLanguage":"en-US"},{"@type":"Organization","@id":"https:\/\/webknjizara.hr\/#organization","name":"REDAK D.O.O.","url":"https:\/\/webknjizara.hr\/","logo":{"@type":"ImageObject","inLanguage":"en-US","@id":"https:\/\/webknjizara.hr\/#\/schema\/logo\/image\/","url":"https:\/\/webknjizara.hr\/wp-content\/uploads\/2023\/01\/web-knjizara-logo.webp","contentUrl":"https:\/\/webknjizara.hr\/wp-content\/uploads\/2023\/01\/web-knjizara-logo.webp","width":324,"height":79,"caption":"REDAK D.O.O."},"image":{"@id":"https:\/\/webknjizara.hr\/#\/schema\/logo\/image\/"}}]}},"_links":{"self":[{"href":"https:\/\/webknjizara.hr\/en\/wp-json\/wp\/v2\/product\/7479","targetHints":{"allow":["GET"]}}],"collection":[{"href":"https:\/\/webknjizara.hr\/en\/wp-json\/wp\/v2\/product"}],"about":[{"href":"https:\/\/webknjizara.hr\/en\/wp-json\/wp\/v2\/types\/product"}],"replies":[{"embeddable":true,"href":"https:\/\/webknjizara.hr\/en\/wp-json\/wp\/v2\/comments?post=7479"}],"wp:featuredmedia":[{"embeddable":true,"href":"https:\/\/webknjizara.hr\/en\/wp-json\/wp\/v2\/media\/7480"}],"wp:attachment":[{"href":"https:\/\/webknjizara.hr\/en\/wp-json\/wp\/v2\/media?parent=7479"}],"wp:term":[{"taxonomy":"product_brand","embeddable":true,"href":"https:\/\/webknjizara.hr\/en\/wp-json\/wp\/v2\/product_brand?post=7479"},{"taxonomy":"product_cat","embeddable":true,"href":"https:\/\/webknjizara.hr\/en\/wp-json\/wp\/v2\/product_cat?post=7479"},{"taxonomy":"product_tag","embeddable":true,"href":"https:\/\/webknjizara.hr\/en\/wp-json\/wp\/v2\/product_tag?post=7479"}],"curies":[{"name":"wp","href":"https:\/\/api.w.org\/{rel}","templated":true}]}}