{"id":7473,"date":"2012-03-06T17:29:21","date_gmt":"2012-03-06T17:29:21","guid":{"rendered":"https:\/\/webknjizara.hr\/?product=osnove-glume-matija-jaksekovic"},"modified":"2025-10-29T10:09:38","modified_gmt":"2025-10-29T09:09:38","slug":"osnove-glume-matija-jaksekovic","status":"publish","type":"product","link":"https:\/\/webknjizara.hr\/en\/proizvod\/osnove-glume-matija-jaksekovic\/","title":{"rendered":"OSNOVE GLUME, Matija Jak\u0161ekovi\u0107"},"content":{"rendered":"<div style=\"text-align: justify;\"><\/div>\n<div style=\"text-align: justify;\"><strong>Sa\u017eetak:<\/strong><\/div>\n<div style=\"text-align: justify;\"><\/div>\n<div style=\"text-align: justify;\">Ova \u0107e knjiga prvenstveno pomo\u0107i onima koji se \u017eele baviti glumom i onima koji vode ili \u017eele voditi dramske skupine (u \u0161kolama ili amaterskim kazali\u0161tima), a mogu ju \u010ditati i stru\u010dnjaci. Struka se vremenom usavr\u0161ava pa se dogodi da se, bave\u0107i se kompliciranijima, zanemare one temeljne jednostavne stvari koje se podrazumijevaju, a koje je dobro\u201eosvje\u017eiti\u201c. Ne postoji univerzalna formula kako glumiti. Postoje mnoge teorije o glumi, mnoge vje\u017ebe kojima se glumac usavr\u0161ava. Svatko bi trebao tra\u017eiti ono \u0161to njemu odgovara, odnosno, kako i autor ove knjige isti\u010de, graditi svoj individualni pristup. Netko se bolje snalazi u prostoru, netko ima bolju dikciju, netko ima bolju mo\u0107 uvjeravanja, netko ima prirodni talenat, a netko je uporan \u2013 tako \u0107e se svatko usavr\u0161avati na svoj na\u010din, odnosno, raditi na onome u \u010demu nije dovoljno dobar. Autor knjige obja\u0161njava i kako se prilazi dramskom tekstu te kako se \u201eo\u017eivljava\u201c dramsku osobu, \u0161to i nije lako jer, osim \u0161to treba biti psiholog i svakodnevno promatrati i prou\u010davati ljude kako bi specifi\u010dnostima koje je uo\u010dio u stvarnom \u017eivotu \u201eobojio\u201c lik odre\u0111enim karakteristikama (govor, pokreti, geste, tikovi&#8230;), glumac (a i voditelj) treba poznavati knji\u017eevnopovijesno razdoblje u kojemu je djelo nastalo te dobro razumjeti knji\u017eevno djelo. Ukoliko glumac ne pro\u010dita kompletno djelo, ve\u0107 samo one scene u kojima glumi, velika je vjerojatnost da \u0107e povr\u0161no odraditi svoju ulogu jer ne\u0107e poznavati bit djela. Dakle, osim \u0161to mora vje\u017ebati i usavr\u0161avati se, glumac mora i \u010ditati. U knjizi je obja\u0161njeno i kako glumac treba osvijestiti emocije i primjenjivati ih na pozornici te kako osloboditi svoje tijelo, uskladiti pokrete i kretati se na sceni. Na kraju knjige autor prila\u017ee neke vje\u017ebe koje je odabrao. To, naravno, nisu jedine vje\u017ebe. Kada se usvoje op\u0107i pojmovi o glumi, preostaju igra, ma\u0161tovitost i kreativnost koje su bitni faktori za dobru predstavu i dobru glumu. Nadam se da \u0107e vam ova knjiga pomo\u0107i u va\u0161em radu i \u017eelim vam puno uspjeha.<\/div>\n<div style=\"text-align: justify;\"><\/div>\n<div style=\"text-align: justify;\"><strong>Bilje\u0161ka o autoru:<\/strong><\/div>\n<div style=\"text-align: justify;\"><\/div>\n<div style=\"text-align: justify;\">\n<p>Matija Jak\u0161ekovi\u0107, ro\u0111. 15. rujna 1982. godine, hrvatski glumac. Srednju \u0161kolu zavr\u0161io u Bjelovaru, gdje po\u010dinje raditi u Bjelovarskom kazali\u0161tu, uskoro seli u Zagreb gdje sljede\u0107ih godina ostvaruje niz uloga u brojnim televizijskim i filmskim projektima. Postaje \u010dlan Hrvatskoga dru\u0161tva filmskih djelatnika usekciji glumaca.<br \/>\nTijekom godina sura\u0111uje s organizacijama i udrugama za pomo\u0107 i unapre\u0111enje osoba s invaliditetom, gdje vodi nekoliko projekata. Vodi po potrebi, dramske radionice i seminare.<br \/>\nOd 2008. do 2010. godine u bjelovarskom kazali\u0161tu radi kao dramski pedagog s mladim osnovno\u0161kolcima i srednjo\u0161kolcima. Sudjeluje kao \u010dlan upovjerenstvima Lidrana \u2013 za dramsku izvedbu. Neprekidno radi pojedina\u010dno na razvoju budu\u0107ih glumaca, te radi na pripremama glumaca za Akademiju dramskih umjetnosti. Danas, \u017eivi i radi u Zagrebu.<\/p>\n<p><strong>Klju\u010dne rije\u010di: <\/strong><\/p>\n<\/div>\n<div style=\"text-align: justify;\">\n<p>Gluma, osnove, gluma\u010dke vje\u017ebe, kazali\u0161te, dramski tekst, drama, uloga, audicija, teatar, teatrologija, dramaturgija, glumac<\/p>\n<p><strong>E-mail: <\/strong><a href=\"mailto:jamat.produkcija@net.hr\">Jamat produkcija<\/a><\/p>\n<p><strong>Naslov:<\/strong> Osnove glume<br \/>\n<strong>Autor:<\/strong> Matija Jak\u0161ekovi\u0107<br \/>\n<strong>Broj stranica:<\/strong> 86<br \/>\n<strong>Nakladnik:<\/strong> Jamat produkcija d.o.o.<br \/>\n<strong>Godina izdanja:<\/strong> 2012.<br \/>\n<strong>ISBN:<\/strong> 978-953-57011-0-1<br \/>\n<strong>Tisak:<\/strong> digitalni tisak knjiga &#8211; print na zahtjev<\/p>\n<\/div>\n","protected":false},"excerpt":{"rendered":"<p>Sa\u017eetak: Ova \u0107e knjiga prvenstveno pomo\u0107i onima koji se \u017eele baviti glumom i onima koji vode ili \u017eele voditi dramske skupine (u \u0161kolama ili amaterskim kazali\u0161tima), a mogu ju \u010ditati i stru\u010dnjaci. Struka se vremenom usavr\u0161ava pa se dogodi da se, bave\u0107i se kompliciranijima, zanemare one temeljne jednostavne stvari koje se podrazumijevaju, a koje je [&hellip;]<\/p>\n","protected":false},"featured_media":7474,"comment_status":"open","ping_status":"closed","template":"","meta":{"_acf_changed":false},"product_brand":[],"product_cat":[1517],"product_tag":[],"class_list":{"0":"post-7473","1":"product","2":"type-product","3":"status-publish","4":"has-post-thumbnail","6":"product_cat-strucna-literatura","7":"pa_autor-matija-jaksekovic","8":"pa_nakladnik-vlastita-naklada","10":"first","11":"instock","12":"shipping-taxable","13":"purchasable","14":"product-type-simple"},"acf":[],"yoast_head":"<!-- This site is optimized with the Yoast SEO plugin v27.3 - https:\/\/yoast.com\/product\/yoast-seo-wordpress\/ -->\n<title>OSNOVE GLUME, Matija Jak\u0161ekovi\u0107 - Web-knji\u017eara<\/title>\n<meta name=\"robots\" content=\"index, follow, max-snippet:-1, max-image-preview:large, max-video-preview:-1\" \/>\n<link rel=\"canonical\" href=\"https:\/\/webknjizara.hr\/proizvod\/osnove-glume-matija-jaksekovic\/\" \/>\n<meta property=\"og:locale\" content=\"en_US\" \/>\n<meta property=\"og:type\" content=\"article\" \/>\n<meta property=\"og:title\" content=\"OSNOVE GLUME, Matija Jak\u0161ekovi\u0107 - Web-knji\u017eara\" \/>\n<meta property=\"og:description\" content=\"Sa\u017eetak: Ova \u0107e knjiga prvenstveno pomo\u0107i onima koji se \u017eele baviti glumom i onima koji vode ili \u017eele voditi dramske skupine (u \u0161kolama ili amaterskim kazali\u0161tima), a mogu ju \u010ditati i stru\u010dnjaci. Struka se vremenom usavr\u0161ava pa se dogodi da se, bave\u0107i se kompliciranijima, zanemare one temeljne jednostavne stvari koje se podrazumijevaju, a koje je [&hellip;]\" \/>\n<meta property=\"og:url\" content=\"https:\/\/webknjizara.hr\/proizvod\/osnove-glume-matija-jaksekovic\/\" \/>\n<meta property=\"og:site_name\" content=\"Web-knji\u017eara\" \/>\n<meta property=\"article:modified_time\" content=\"2025-10-29T09:09:38+00:00\" \/>\n<meta property=\"og:image\" content=\"https:\/\/webknjizara.hr\/wp-content\/uploads\/nc\/images\/virtuemart\/product\/osnove-glume-ma-4f5649cb11db4.jpg\" \/>\n\t<meta property=\"og:image:width\" content=\"493\" \/>\n\t<meta property=\"og:image:height\" content=\"800\" \/>\n\t<meta property=\"og:image:type\" content=\"image\/jpeg\" \/>\n<meta name=\"twitter:card\" content=\"summary_large_image\" \/>\n<meta name=\"twitter:label1\" content=\"Est. reading time\" \/>\n\t<meta name=\"twitter:data1\" content=\"3 minutes\" \/>\n<script type=\"application\/ld+json\" class=\"yoast-schema-graph\">{\"@context\":\"https:\\\/\\\/schema.org\",\"@graph\":[{\"@type\":\"WebPage\",\"@id\":\"https:\\\/\\\/webknjizara.hr\\\/proizvod\\\/osnove-glume-matija-jaksekovic\\\/\",\"url\":\"https:\\\/\\\/webknjizara.hr\\\/proizvod\\\/osnove-glume-matija-jaksekovic\\\/\",\"name\":\"OSNOVE GLUME, Matija Jak\u0161ekovi\u0107 - Web-knji\u017eara\",\"isPartOf\":{\"@id\":\"https:\\\/\\\/webknjizara.hr\\\/#website\"},\"primaryImageOfPage\":{\"@id\":\"https:\\\/\\\/webknjizara.hr\\\/proizvod\\\/osnove-glume-matija-jaksekovic\\\/#primaryimage\"},\"image\":{\"@id\":\"https:\\\/\\\/webknjizara.hr\\\/proizvod\\\/osnove-glume-matija-jaksekovic\\\/#primaryimage\"},\"thumbnailUrl\":\"https:\\\/\\\/webknjizara.hr\\\/wp-content\\\/uploads\\\/nc\\\/images\\\/virtuemart\\\/product\\\/osnove-glume-ma-4f5649cb11db4.jpg\",\"datePublished\":\"2012-03-06T17:29:21+00:00\",\"dateModified\":\"2025-10-29T09:09:38+00:00\",\"breadcrumb\":{\"@id\":\"https:\\\/\\\/webknjizara.hr\\\/proizvod\\\/osnove-glume-matija-jaksekovic\\\/#breadcrumb\"},\"inLanguage\":\"en-US\",\"potentialAction\":[{\"@type\":\"ReadAction\",\"target\":[\"https:\\\/\\\/webknjizara.hr\\\/proizvod\\\/osnove-glume-matija-jaksekovic\\\/\"]}]},{\"@type\":\"ImageObject\",\"inLanguage\":\"en-US\",\"@id\":\"https:\\\/\\\/webknjizara.hr\\\/proizvod\\\/osnove-glume-matija-jaksekovic\\\/#primaryimage\",\"url\":\"https:\\\/\\\/webknjizara.hr\\\/wp-content\\\/uploads\\\/nc\\\/images\\\/virtuemart\\\/product\\\/osnove-glume-ma-4f5649cb11db4.jpg\",\"contentUrl\":\"https:\\\/\\\/webknjizara.hr\\\/wp-content\\\/uploads\\\/nc\\\/images\\\/virtuemart\\\/product\\\/osnove-glume-ma-4f5649cb11db4.jpg\",\"width\":493,\"height\":800,\"caption\":\"OSNOVE GLUME, Matija Jak\u0161ekovi\u0107\"},{\"@type\":\"BreadcrumbList\",\"@id\":\"https:\\\/\\\/webknjizara.hr\\\/proizvod\\\/osnove-glume-matija-jaksekovic\\\/#breadcrumb\",\"itemListElement\":[{\"@type\":\"ListItem\",\"position\":1,\"name\":\"Po\u010detna stranica\",\"item\":\"https:\\\/\\\/webknjizara.hr\\\/en\\\/\"},{\"@type\":\"ListItem\",\"position\":2,\"name\":\"Shop\",\"item\":\"https:\\\/\\\/webknjizara.hr\\\/shop\\\/\"},{\"@type\":\"ListItem\",\"position\":3,\"name\":\"OSNOVE GLUME, Matija Jak\u0161ekovi\u0107\"}]},{\"@type\":\"WebSite\",\"@id\":\"https:\\\/\\\/webknjizara.hr\\\/#website\",\"url\":\"https:\\\/\\\/webknjizara.hr\\\/\",\"name\":\"Web Knji\u017eara\",\"description\":\"\",\"publisher\":{\"@id\":\"https:\\\/\\\/webknjizara.hr\\\/#organization\"},\"potentialAction\":[{\"@type\":\"SearchAction\",\"target\":{\"@type\":\"EntryPoint\",\"urlTemplate\":\"https:\\\/\\\/webknjizara.hr\\\/?s={search_term_string}\"},\"query-input\":{\"@type\":\"PropertyValueSpecification\",\"valueRequired\":true,\"valueName\":\"search_term_string\"}}],\"inLanguage\":\"en-US\"},{\"@type\":\"Organization\",\"@id\":\"https:\\\/\\\/webknjizara.hr\\\/#organization\",\"name\":\"REDAK D.O.O.\",\"url\":\"https:\\\/\\\/webknjizara.hr\\\/\",\"logo\":{\"@type\":\"ImageObject\",\"inLanguage\":\"en-US\",\"@id\":\"https:\\\/\\\/webknjizara.hr\\\/#\\\/schema\\\/logo\\\/image\\\/\",\"url\":\"https:\\\/\\\/webknjizara.hr\\\/wp-content\\\/uploads\\\/2023\\\/01\\\/web-knjizara-logo.webp\",\"contentUrl\":\"https:\\\/\\\/webknjizara.hr\\\/wp-content\\\/uploads\\\/2023\\\/01\\\/web-knjizara-logo.webp\",\"width\":324,\"height\":79,\"caption\":\"REDAK D.O.O.\"},\"image\":{\"@id\":\"https:\\\/\\\/webknjizara.hr\\\/#\\\/schema\\\/logo\\\/image\\\/\"}}]}<\/script>\n<!-- \/ Yoast SEO plugin. -->","yoast_head_json":{"title":"OSNOVE GLUME, Matija Jak\u0161ekovi\u0107 - Web-knji\u017eara","robots":{"index":"index","follow":"follow","max-snippet":"max-snippet:-1","max-image-preview":"max-image-preview:large","max-video-preview":"max-video-preview:-1"},"canonical":"https:\/\/webknjizara.hr\/proizvod\/osnove-glume-matija-jaksekovic\/","og_locale":"en_US","og_type":"article","og_title":"OSNOVE GLUME, Matija Jak\u0161ekovi\u0107 - Web-knji\u017eara","og_description":"Sa\u017eetak: Ova \u0107e knjiga prvenstveno pomo\u0107i onima koji se \u017eele baviti glumom i onima koji vode ili \u017eele voditi dramske skupine (u \u0161kolama ili amaterskim kazali\u0161tima), a mogu ju \u010ditati i stru\u010dnjaci. Struka se vremenom usavr\u0161ava pa se dogodi da se, bave\u0107i se kompliciranijima, zanemare one temeljne jednostavne stvari koje se podrazumijevaju, a koje je [&hellip;]","og_url":"https:\/\/webknjizara.hr\/proizvod\/osnove-glume-matija-jaksekovic\/","og_site_name":"Web-knji\u017eara","article_modified_time":"2025-10-29T09:09:38+00:00","og_image":[{"width":493,"height":800,"url":"https:\/\/webknjizara.hr\/wp-content\/uploads\/nc\/images\/virtuemart\/product\/osnove-glume-ma-4f5649cb11db4.jpg","type":"image\/jpeg"}],"twitter_card":"summary_large_image","twitter_misc":{"Est. reading time":"3 minutes"},"schema":{"@context":"https:\/\/schema.org","@graph":[{"@type":"WebPage","@id":"https:\/\/webknjizara.hr\/proizvod\/osnove-glume-matija-jaksekovic\/","url":"https:\/\/webknjizara.hr\/proizvod\/osnove-glume-matija-jaksekovic\/","name":"OSNOVE GLUME, Matija Jak\u0161ekovi\u0107 - Web-knji\u017eara","isPartOf":{"@id":"https:\/\/webknjizara.hr\/#website"},"primaryImageOfPage":{"@id":"https:\/\/webknjizara.hr\/proizvod\/osnove-glume-matija-jaksekovic\/#primaryimage"},"image":{"@id":"https:\/\/webknjizara.hr\/proizvod\/osnove-glume-matija-jaksekovic\/#primaryimage"},"thumbnailUrl":"https:\/\/webknjizara.hr\/wp-content\/uploads\/nc\/images\/virtuemart\/product\/osnove-glume-ma-4f5649cb11db4.jpg","datePublished":"2012-03-06T17:29:21+00:00","dateModified":"2025-10-29T09:09:38+00:00","breadcrumb":{"@id":"https:\/\/webknjizara.hr\/proizvod\/osnove-glume-matija-jaksekovic\/#breadcrumb"},"inLanguage":"en-US","potentialAction":[{"@type":"ReadAction","target":["https:\/\/webknjizara.hr\/proizvod\/osnove-glume-matija-jaksekovic\/"]}]},{"@type":"ImageObject","inLanguage":"en-US","@id":"https:\/\/webknjizara.hr\/proizvod\/osnove-glume-matija-jaksekovic\/#primaryimage","url":"https:\/\/webknjizara.hr\/wp-content\/uploads\/nc\/images\/virtuemart\/product\/osnove-glume-ma-4f5649cb11db4.jpg","contentUrl":"https:\/\/webknjizara.hr\/wp-content\/uploads\/nc\/images\/virtuemart\/product\/osnove-glume-ma-4f5649cb11db4.jpg","width":493,"height":800,"caption":"OSNOVE GLUME, Matija Jak\u0161ekovi\u0107"},{"@type":"BreadcrumbList","@id":"https:\/\/webknjizara.hr\/proizvod\/osnove-glume-matija-jaksekovic\/#breadcrumb","itemListElement":[{"@type":"ListItem","position":1,"name":"Po\u010detna stranica","item":"https:\/\/webknjizara.hr\/en\/"},{"@type":"ListItem","position":2,"name":"Shop","item":"https:\/\/webknjizara.hr\/shop\/"},{"@type":"ListItem","position":3,"name":"OSNOVE GLUME, Matija Jak\u0161ekovi\u0107"}]},{"@type":"WebSite","@id":"https:\/\/webknjizara.hr\/#website","url":"https:\/\/webknjizara.hr\/","name":"Web Knji\u017eara","description":"","publisher":{"@id":"https:\/\/webknjizara.hr\/#organization"},"potentialAction":[{"@type":"SearchAction","target":{"@type":"EntryPoint","urlTemplate":"https:\/\/webknjizara.hr\/?s={search_term_string}"},"query-input":{"@type":"PropertyValueSpecification","valueRequired":true,"valueName":"search_term_string"}}],"inLanguage":"en-US"},{"@type":"Organization","@id":"https:\/\/webknjizara.hr\/#organization","name":"REDAK D.O.O.","url":"https:\/\/webknjizara.hr\/","logo":{"@type":"ImageObject","inLanguage":"en-US","@id":"https:\/\/webknjizara.hr\/#\/schema\/logo\/image\/","url":"https:\/\/webknjizara.hr\/wp-content\/uploads\/2023\/01\/web-knjizara-logo.webp","contentUrl":"https:\/\/webknjizara.hr\/wp-content\/uploads\/2023\/01\/web-knjizara-logo.webp","width":324,"height":79,"caption":"REDAK D.O.O."},"image":{"@id":"https:\/\/webknjizara.hr\/#\/schema\/logo\/image\/"}}]}},"_links":{"self":[{"href":"https:\/\/webknjizara.hr\/en\/wp-json\/wp\/v2\/product\/7473","targetHints":{"allow":["GET"]}}],"collection":[{"href":"https:\/\/webknjizara.hr\/en\/wp-json\/wp\/v2\/product"}],"about":[{"href":"https:\/\/webknjizara.hr\/en\/wp-json\/wp\/v2\/types\/product"}],"replies":[{"embeddable":true,"href":"https:\/\/webknjizara.hr\/en\/wp-json\/wp\/v2\/comments?post=7473"}],"wp:featuredmedia":[{"embeddable":true,"href":"https:\/\/webknjizara.hr\/en\/wp-json\/wp\/v2\/media\/7474"}],"wp:attachment":[{"href":"https:\/\/webknjizara.hr\/en\/wp-json\/wp\/v2\/media?parent=7473"}],"wp:term":[{"taxonomy":"product_brand","embeddable":true,"href":"https:\/\/webknjizara.hr\/en\/wp-json\/wp\/v2\/product_brand?post=7473"},{"taxonomy":"product_cat","embeddable":true,"href":"https:\/\/webknjizara.hr\/en\/wp-json\/wp\/v2\/product_cat?post=7473"},{"taxonomy":"product_tag","embeddable":true,"href":"https:\/\/webknjizara.hr\/en\/wp-json\/wp\/v2\/product_tag?post=7473"}],"curies":[{"name":"wp","href":"https:\/\/api.w.org\/{rel}","templated":true}]}}