{"id":7469,"date":"2012-02-21T10:59:13","date_gmt":"2012-02-21T10:59:13","guid":{"rendered":"https:\/\/webknjizara.hr\/?product=od-ocaja-do-bozjeg-zagrljaja-marina-klein"},"modified":"2023-02-27T00:15:40","modified_gmt":"2023-02-26T23:15:40","slug":"od-ocaja-do-bozjeg-zagrljaja-marina-klein","status":"publish","type":"product","link":"https:\/\/webknjizara.hr\/en\/proizvod\/od-ocaja-do-bozjeg-zagrljaja-marina-klein\/","title":{"rendered":"OD O\u010cAJA DO BO\u017dJEG ZAGRLJAJA, Marina Klein"},"content":{"rendered":"<p style=\"text-align: justify;\"><strong>Sa\u017eetak:<\/strong><\/p>\n<p style=\"text-align: justify;\">Dugogodi\u0161nje iskustvo intenzivnog rada kako na osobnom, tako i na duhovnom radu rezultiralo je vlastitim autorskim djelom &#8220;Od o\u010daja do Bo\u017ejeg zagrljaja&#8221;.Ono opisuje iskustvo rada i aktivnosti TT programa(Transcendence Tehnologie)za osobni razvoj i rast autora Wellingtona Rodriguesa. Specifi\u010dnost programa jest \u0161to djeluje na stanja svih aspekata \u017eivota, sinkronizira tijelo, um i emocije.<br \/>Duboko inspirirana navedenom metodologijom koja donosi stvarne rezultate,\u017eelja mi je i s drugima podijeliti svoja iskustva i potaknuti ih da ne\u0161to korisno pokrenu u svom \u017eivotu, kako bi i sami osjetili i do\u017eivjeli ljepotu i puno\u0107u \u017eivota.Knjiga sadr\u017ei ve\u0107i dio isprobanih tehnika i vje\u017ebi koje \u0107e \u010ditatelja dovesti u stanje svjesnosti o sebi, kao i odre\u0111ene osobne \u017eivotne ispovijesti kako bi ih pribli\u017eila kroz rje\u0161avanje odre\u0111enih \u017eivotnih problema i dvojbi.<\/p>\n<p><strong>Bilje\u0161ka o autoru\/autorici: <\/strong><\/p>\n<p style=\"text-align: justify;\">Marina Klein ro\u0111ena je 10 velja\u010de 1964. godine u Klju\u010du, BIH.<br \/>\u0160kolovanje je zavr\u0161ila u Zagrebu gdje i boravi do 2000. godine kada svoj profesionalni i privatni \u017eivot nastavlja u Njema\u010dkoj gdje i danas \u017eivi.<\/p>\n<p><strong>Klju\u010dne rije\u010di: <\/strong><\/p>\n<p style=\"text-align: justify;\">Transcendencija, Mo\u0107 du\u0161e, Snaga misli, Pravo Ja, Bezuvjetna ljubav, TT program<\/p>\n<p><strong>E-mail:<\/strong> <a href=\"mailto:kleinerherold@arcor.de\">Marina Klein<\/a><\/p>\n<p><strong>Naslov:<\/strong> Od o\u010daja do Bo\u017ejeg zagrljaja<br \/><strong>Autor:<\/strong> Marina Klein<br \/><strong>Broj stranica:<\/strong> 184<br \/><strong>Nakladnik:<\/strong> REDAK<br \/><strong>Godina izdanja:<\/strong> 2012.<br \/><strong>ISBN:<\/strong> 978-953-7595-84-5<br \/><strong>Tisak:<\/strong> digitalni tisak knjiga &#8211; print na zahtjev<\/p>\n","protected":false},"excerpt":{"rendered":"<p>Sa\u017eetak: Dugogodi\u0161nje iskustvo intenzivnog rada kako na osobnom, tako i na duhovnom radu rezultiralo je vlastitim autorskim djelom &#8220;Od o\u010daja do Bo\u017ejeg zagrljaja&#8221;.Ono opisuje iskustvo rada i aktivnosti TT programa(Transcendence Tehnologie)za osobni razvoj i rast autora Wellingtona Rodriguesa. Specifi\u010dnost programa jest \u0161to djeluje na stanja svih aspekata \u017eivota, sinkronizira tijelo, um i emocije.Duboko inspirirana navedenom [&hellip;]<\/p>\n","protected":false},"featured_media":7470,"comment_status":"open","ping_status":"closed","template":"","meta":{"_acf_changed":false},"product_brand":[],"product_cat":[1383,1385],"product_tag":[],"class_list":{"0":"post-7469","1":"product","2":"type-product","3":"status-publish","4":"has-post-thumbnail","6":"product_cat-knjige","7":"product_cat-knjizevnost","8":"pa_autor-marina-klein","9":"pa_nakladnik-redak","11":"first","12":"instock","13":"shipping-taxable","14":"purchasable","15":"product-type-simple"},"acf":[],"yoast_head":"<!-- This site is optimized with the Yoast SEO plugin v27.3 - https:\/\/yoast.com\/product\/yoast-seo-wordpress\/ -->\n<title>OD O\u010cAJA DO BO\u017dJEG ZAGRLJAJA, Marina Klein - Web-knji\u017eara<\/title>\n<meta name=\"robots\" content=\"index, follow, max-snippet:-1, max-image-preview:large, max-video-preview:-1\" \/>\n<link rel=\"canonical\" href=\"https:\/\/webknjizara.hr\/proizvod\/od-ocaja-do-bozjeg-zagrljaja-marina-klein\/\" \/>\n<meta property=\"og:locale\" content=\"en_US\" \/>\n<meta property=\"og:type\" content=\"article\" \/>\n<meta property=\"og:title\" content=\"OD O\u010cAJA DO BO\u017dJEG ZAGRLJAJA, Marina Klein - Web-knji\u017eara\" \/>\n<meta property=\"og:description\" content=\"Sa\u017eetak: Dugogodi\u0161nje iskustvo intenzivnog rada kako na osobnom, tako i na duhovnom radu rezultiralo je vlastitim autorskim djelom &#8220;Od o\u010daja do Bo\u017ejeg zagrljaja&#8221;.Ono opisuje iskustvo rada i aktivnosti TT programa(Transcendence Tehnologie)za osobni razvoj i rast autora Wellingtona Rodriguesa. Specifi\u010dnost programa jest \u0161to djeluje na stanja svih aspekata \u017eivota, sinkronizira tijelo, um i emocije.Duboko inspirirana navedenom [&hellip;]\" \/>\n<meta property=\"og:url\" content=\"https:\/\/webknjizara.hr\/proizvod\/od-ocaja-do-bozjeg-zagrljaja-marina-klein\/\" \/>\n<meta property=\"og:site_name\" content=\"Web-knji\u017eara\" \/>\n<meta property=\"article:modified_time\" content=\"2023-02-26T23:15:40+00:00\" \/>\n<meta property=\"og:image\" content=\"https:\/\/webknjizara.hr\/wp-content\/uploads\/nc\/images\/virtuemart\/product\/od-o-aja-do-bo-4f43790105667.jpg\" \/>\n\t<meta property=\"og:image:width\" content=\"472\" \/>\n\t<meta property=\"og:image:height\" content=\"664\" \/>\n\t<meta property=\"og:image:type\" content=\"image\/jpeg\" \/>\n<meta name=\"twitter:card\" content=\"summary_large_image\" \/>\n<meta name=\"twitter:label1\" content=\"Est. reading time\" \/>\n\t<meta name=\"twitter:data1\" content=\"1 minute\" \/>\n<script type=\"application\/ld+json\" class=\"yoast-schema-graph\">{\"@context\":\"https:\\\/\\\/schema.org\",\"@graph\":[{\"@type\":\"WebPage\",\"@id\":\"https:\\\/\\\/webknjizara.hr\\\/proizvod\\\/od-ocaja-do-bozjeg-zagrljaja-marina-klein\\\/\",\"url\":\"https:\\\/\\\/webknjizara.hr\\\/proizvod\\\/od-ocaja-do-bozjeg-zagrljaja-marina-klein\\\/\",\"name\":\"OD O\u010cAJA DO BO\u017dJEG ZAGRLJAJA, Marina Klein - Web-knji\u017eara\",\"isPartOf\":{\"@id\":\"https:\\\/\\\/webknjizara.hr\\\/#website\"},\"primaryImageOfPage\":{\"@id\":\"https:\\\/\\\/webknjizara.hr\\\/proizvod\\\/od-ocaja-do-bozjeg-zagrljaja-marina-klein\\\/#primaryimage\"},\"image\":{\"@id\":\"https:\\\/\\\/webknjizara.hr\\\/proizvod\\\/od-ocaja-do-bozjeg-zagrljaja-marina-klein\\\/#primaryimage\"},\"thumbnailUrl\":\"https:\\\/\\\/webknjizara.hr\\\/wp-content\\\/uploads\\\/nc\\\/images\\\/virtuemart\\\/product\\\/od-o-aja-do-bo-4f43790105667.jpg\",\"datePublished\":\"2012-02-21T10:59:13+00:00\",\"dateModified\":\"2023-02-26T23:15:40+00:00\",\"breadcrumb\":{\"@id\":\"https:\\\/\\\/webknjizara.hr\\\/proizvod\\\/od-ocaja-do-bozjeg-zagrljaja-marina-klein\\\/#breadcrumb\"},\"inLanguage\":\"en-US\",\"potentialAction\":[{\"@type\":\"ReadAction\",\"target\":[\"https:\\\/\\\/webknjizara.hr\\\/proizvod\\\/od-ocaja-do-bozjeg-zagrljaja-marina-klein\\\/\"]}]},{\"@type\":\"ImageObject\",\"inLanguage\":\"en-US\",\"@id\":\"https:\\\/\\\/webknjizara.hr\\\/proizvod\\\/od-ocaja-do-bozjeg-zagrljaja-marina-klein\\\/#primaryimage\",\"url\":\"https:\\\/\\\/webknjizara.hr\\\/wp-content\\\/uploads\\\/nc\\\/images\\\/virtuemart\\\/product\\\/od-o-aja-do-bo-4f43790105667.jpg\",\"contentUrl\":\"https:\\\/\\\/webknjizara.hr\\\/wp-content\\\/uploads\\\/nc\\\/images\\\/virtuemart\\\/product\\\/od-o-aja-do-bo-4f43790105667.jpg\",\"width\":472,\"height\":664,\"caption\":\"OD O\u010cAJA DO BO\u017dJEG ZAGRLJAJA, Marina Klein\"},{\"@type\":\"BreadcrumbList\",\"@id\":\"https:\\\/\\\/webknjizara.hr\\\/proizvod\\\/od-ocaja-do-bozjeg-zagrljaja-marina-klein\\\/#breadcrumb\",\"itemListElement\":[{\"@type\":\"ListItem\",\"position\":1,\"name\":\"Po\u010detna stranica\",\"item\":\"https:\\\/\\\/webknjizara.hr\\\/en\\\/\"},{\"@type\":\"ListItem\",\"position\":2,\"name\":\"Shop\",\"item\":\"https:\\\/\\\/webknjizara.hr\\\/shop\\\/\"},{\"@type\":\"ListItem\",\"position\":3,\"name\":\"OD O\u010cAJA DO BO\u017dJEG ZAGRLJAJA, Marina Klein\"}]},{\"@type\":\"WebSite\",\"@id\":\"https:\\\/\\\/webknjizara.hr\\\/#website\",\"url\":\"https:\\\/\\\/webknjizara.hr\\\/\",\"name\":\"Web Knji\u017eara\",\"description\":\"\",\"publisher\":{\"@id\":\"https:\\\/\\\/webknjizara.hr\\\/#organization\"},\"potentialAction\":[{\"@type\":\"SearchAction\",\"target\":{\"@type\":\"EntryPoint\",\"urlTemplate\":\"https:\\\/\\\/webknjizara.hr\\\/?s={search_term_string}\"},\"query-input\":{\"@type\":\"PropertyValueSpecification\",\"valueRequired\":true,\"valueName\":\"search_term_string\"}}],\"inLanguage\":\"en-US\"},{\"@type\":\"Organization\",\"@id\":\"https:\\\/\\\/webknjizara.hr\\\/#organization\",\"name\":\"REDAK D.O.O.\",\"url\":\"https:\\\/\\\/webknjizara.hr\\\/\",\"logo\":{\"@type\":\"ImageObject\",\"inLanguage\":\"en-US\",\"@id\":\"https:\\\/\\\/webknjizara.hr\\\/#\\\/schema\\\/logo\\\/image\\\/\",\"url\":\"https:\\\/\\\/webknjizara.hr\\\/wp-content\\\/uploads\\\/2023\\\/01\\\/web-knjizara-logo.webp\",\"contentUrl\":\"https:\\\/\\\/webknjizara.hr\\\/wp-content\\\/uploads\\\/2023\\\/01\\\/web-knjizara-logo.webp\",\"width\":324,\"height\":79,\"caption\":\"REDAK D.O.O.\"},\"image\":{\"@id\":\"https:\\\/\\\/webknjizara.hr\\\/#\\\/schema\\\/logo\\\/image\\\/\"}}]}<\/script>\n<!-- \/ Yoast SEO plugin. -->","yoast_head_json":{"title":"OD O\u010cAJA DO BO\u017dJEG ZAGRLJAJA, Marina Klein - Web-knji\u017eara","robots":{"index":"index","follow":"follow","max-snippet":"max-snippet:-1","max-image-preview":"max-image-preview:large","max-video-preview":"max-video-preview:-1"},"canonical":"https:\/\/webknjizara.hr\/proizvod\/od-ocaja-do-bozjeg-zagrljaja-marina-klein\/","og_locale":"en_US","og_type":"article","og_title":"OD O\u010cAJA DO BO\u017dJEG ZAGRLJAJA, Marina Klein - Web-knji\u017eara","og_description":"Sa\u017eetak: Dugogodi\u0161nje iskustvo intenzivnog rada kako na osobnom, tako i na duhovnom radu rezultiralo je vlastitim autorskim djelom &#8220;Od o\u010daja do Bo\u017ejeg zagrljaja&#8221;.Ono opisuje iskustvo rada i aktivnosti TT programa(Transcendence Tehnologie)za osobni razvoj i rast autora Wellingtona Rodriguesa. Specifi\u010dnost programa jest \u0161to djeluje na stanja svih aspekata \u017eivota, sinkronizira tijelo, um i emocije.Duboko inspirirana navedenom [&hellip;]","og_url":"https:\/\/webknjizara.hr\/proizvod\/od-ocaja-do-bozjeg-zagrljaja-marina-klein\/","og_site_name":"Web-knji\u017eara","article_modified_time":"2023-02-26T23:15:40+00:00","og_image":[{"width":472,"height":664,"url":"https:\/\/webknjizara.hr\/wp-content\/uploads\/nc\/images\/virtuemart\/product\/od-o-aja-do-bo-4f43790105667.jpg","type":"image\/jpeg"}],"twitter_card":"summary_large_image","twitter_misc":{"Est. reading time":"1 minute"},"schema":{"@context":"https:\/\/schema.org","@graph":[{"@type":"WebPage","@id":"https:\/\/webknjizara.hr\/proizvod\/od-ocaja-do-bozjeg-zagrljaja-marina-klein\/","url":"https:\/\/webknjizara.hr\/proizvod\/od-ocaja-do-bozjeg-zagrljaja-marina-klein\/","name":"OD O\u010cAJA DO BO\u017dJEG ZAGRLJAJA, Marina Klein - Web-knji\u017eara","isPartOf":{"@id":"https:\/\/webknjizara.hr\/#website"},"primaryImageOfPage":{"@id":"https:\/\/webknjizara.hr\/proizvod\/od-ocaja-do-bozjeg-zagrljaja-marina-klein\/#primaryimage"},"image":{"@id":"https:\/\/webknjizara.hr\/proizvod\/od-ocaja-do-bozjeg-zagrljaja-marina-klein\/#primaryimage"},"thumbnailUrl":"https:\/\/webknjizara.hr\/wp-content\/uploads\/nc\/images\/virtuemart\/product\/od-o-aja-do-bo-4f43790105667.jpg","datePublished":"2012-02-21T10:59:13+00:00","dateModified":"2023-02-26T23:15:40+00:00","breadcrumb":{"@id":"https:\/\/webknjizara.hr\/proizvod\/od-ocaja-do-bozjeg-zagrljaja-marina-klein\/#breadcrumb"},"inLanguage":"en-US","potentialAction":[{"@type":"ReadAction","target":["https:\/\/webknjizara.hr\/proizvod\/od-ocaja-do-bozjeg-zagrljaja-marina-klein\/"]}]},{"@type":"ImageObject","inLanguage":"en-US","@id":"https:\/\/webknjizara.hr\/proizvod\/od-ocaja-do-bozjeg-zagrljaja-marina-klein\/#primaryimage","url":"https:\/\/webknjizara.hr\/wp-content\/uploads\/nc\/images\/virtuemart\/product\/od-o-aja-do-bo-4f43790105667.jpg","contentUrl":"https:\/\/webknjizara.hr\/wp-content\/uploads\/nc\/images\/virtuemart\/product\/od-o-aja-do-bo-4f43790105667.jpg","width":472,"height":664,"caption":"OD O\u010cAJA DO BO\u017dJEG ZAGRLJAJA, Marina Klein"},{"@type":"BreadcrumbList","@id":"https:\/\/webknjizara.hr\/proizvod\/od-ocaja-do-bozjeg-zagrljaja-marina-klein\/#breadcrumb","itemListElement":[{"@type":"ListItem","position":1,"name":"Po\u010detna stranica","item":"https:\/\/webknjizara.hr\/en\/"},{"@type":"ListItem","position":2,"name":"Shop","item":"https:\/\/webknjizara.hr\/shop\/"},{"@type":"ListItem","position":3,"name":"OD O\u010cAJA DO BO\u017dJEG ZAGRLJAJA, Marina Klein"}]},{"@type":"WebSite","@id":"https:\/\/webknjizara.hr\/#website","url":"https:\/\/webknjizara.hr\/","name":"Web Knji\u017eara","description":"","publisher":{"@id":"https:\/\/webknjizara.hr\/#organization"},"potentialAction":[{"@type":"SearchAction","target":{"@type":"EntryPoint","urlTemplate":"https:\/\/webknjizara.hr\/?s={search_term_string}"},"query-input":{"@type":"PropertyValueSpecification","valueRequired":true,"valueName":"search_term_string"}}],"inLanguage":"en-US"},{"@type":"Organization","@id":"https:\/\/webknjizara.hr\/#organization","name":"REDAK D.O.O.","url":"https:\/\/webknjizara.hr\/","logo":{"@type":"ImageObject","inLanguage":"en-US","@id":"https:\/\/webknjizara.hr\/#\/schema\/logo\/image\/","url":"https:\/\/webknjizara.hr\/wp-content\/uploads\/2023\/01\/web-knjizara-logo.webp","contentUrl":"https:\/\/webknjizara.hr\/wp-content\/uploads\/2023\/01\/web-knjizara-logo.webp","width":324,"height":79,"caption":"REDAK D.O.O."},"image":{"@id":"https:\/\/webknjizara.hr\/#\/schema\/logo\/image\/"}}]}},"_links":{"self":[{"href":"https:\/\/webknjizara.hr\/en\/wp-json\/wp\/v2\/product\/7469","targetHints":{"allow":["GET"]}}],"collection":[{"href":"https:\/\/webknjizara.hr\/en\/wp-json\/wp\/v2\/product"}],"about":[{"href":"https:\/\/webknjizara.hr\/en\/wp-json\/wp\/v2\/types\/product"}],"replies":[{"embeddable":true,"href":"https:\/\/webknjizara.hr\/en\/wp-json\/wp\/v2\/comments?post=7469"}],"wp:featuredmedia":[{"embeddable":true,"href":"https:\/\/webknjizara.hr\/en\/wp-json\/wp\/v2\/media\/7470"}],"wp:attachment":[{"href":"https:\/\/webknjizara.hr\/en\/wp-json\/wp\/v2\/media?parent=7469"}],"wp:term":[{"taxonomy":"product_brand","embeddable":true,"href":"https:\/\/webknjizara.hr\/en\/wp-json\/wp\/v2\/product_brand?post=7469"},{"taxonomy":"product_cat","embeddable":true,"href":"https:\/\/webknjizara.hr\/en\/wp-json\/wp\/v2\/product_cat?post=7469"},{"taxonomy":"product_tag","embeddable":true,"href":"https:\/\/webknjizara.hr\/en\/wp-json\/wp\/v2\/product_tag?post=7469"}],"curies":[{"name":"wp","href":"https:\/\/api.w.org\/{rel}","templated":true}]}}