{"id":7465,"date":"2012-02-13T18:08:11","date_gmt":"2012-02-13T18:08:11","guid":{"rendered":"https:\/\/webknjizara.hr\/?product=tehnike-posljednje-inkarnacije-blissar"},"modified":"2025-10-07T09:25:52","modified_gmt":"2025-10-07T07:25:52","slug":"tehnike-posljednje-inkarnacije-blissar","status":"publish","type":"product","link":"https:\/\/webknjizara.hr\/en\/proizvod\/tehnike-posljednje-inkarnacije-blissar\/","title":{"rendered":"TEHNIKE POSLJEDNJE INKARNACIJE, Blissar"},"content":{"rendered":"<p style=\"text-align: justify;\">\u00a0<\/p>\n<p style=\"text-align: justify;\"><strong>Sa\u017eetak:<\/strong><\/p>\n<p style=\"text-align: justify;\"><em>Blissar je u knjizi povezao svemir, energije an\u0111ela i arkan\u0111ela u jedinstvo dobra. Predstavljene su tehnike kako djelovati da bi se otklonio uzrok nekog bolesnog stanja organizma, kako biti i \u017eivjeti sretno, i kako djelovati da bi se u na\u0161oj svakodnevnici de\u0161avalo ne\u0161to dobro, ne\u0161to \u0161to daje argumente da vjerujemo u sutra\u2026.. Blissar je u knjizi jednostavnim rije\u010dima i bez marketin\u0161kih trikova argumentirano objasnio Put, podsjetiv\u0161i na\u00a0 kako istinu razlikovati od la\u017ei. Knjiga predstavlja i svjedo\u010danstvo o Blissarovim djelima. Upravo po djelima se prepoznaju malobrojni u\u010ditelji alternative koji doista \u010dine i djeluju na dobrobit onih koje je patnja i bol uzrokovana bole\u0161\u0107u dovela do granice na kojoj se odlu\u010duje ima li dalje smisla\u2026.. Odgovori na mnoga \u017eivotna pitanja i dileme u ovome su priru\u010dniku bogatom osobnim iskustvima, naputcima i smjernicama kako ispunjenije i zadovoljnije \u017eivjeti \u017eivot.<br \/><strong><br \/>&#8211; Recenzent prof. dr. sc. Neven \u0160eri\u0107<\/strong><\/em><\/p>\n<p>U\u010denje o Posljednjoj inkarnaciji je izvorno Isusovo u\u010denje koje je donio i umre\u017eio u na\u0161e postojanje tijekom svoga fizi\u010dkog \u017eivota. Ovo u\u010denje je sustavno i sistematski zata\u0161kavano od strane religijskih u\u010denja. U\u010ditelj Isus je predvidjev\u0161i takav razvoj doga\u0111anja ukomponirao svoje u\u010denje u planetarno polje, ostaviv\u0161i ga na raspolaganje onima koji su dovoljno pro\u010di\u0161\u0107eni da ga kanaliziraju. Ova knjiga je po\u010detak kompleksnog u\u010denja o Posljednjoj inkarnaciji, koje \u0107e biti u cijelosti predstavljeno nizom knjiga. Zbog toga se ova knjiga naziva Po\u010detak. Po prvi put se u jednom djelu detaljno opisuju prve tri tehnike, Reiki, Karuna, i Excalibur, na poseban, za samostalno usvajanje, jednostavan na\u010din. U ovom priru\u010dniku detaljno su predstavljene inicijacije i simboli koji se na inicijacijskim stupnjevima u\u010de. Put predo\u010den kroz ovu, i sljede\u0107e knjige o Posljednjoj inkarnaciji, obja\u0161njava da svi mo\u017eemo samostalno djelovati u cilju svog duhovnog rasta, a istovremeno normalno i zadovoljno funkcionirati u \u017eivotnom okru\u017eenju. Knjiga je prvi primjer da kvalificirani U\u010ditelj pi\u0161e o praksi tehnika na na\u010din da obi\u010dnom \u010dovjeku pribli\u017eiti potpunu istinu o predstavljenim tehnikama.<\/p>\n<p>Nemojte u\u010diti tehnike da biste postali iscjelitelji (ego), pogotovo ne s primarnim ciljem ostvarivanja dodatne zarade, ve\u0107 u\u0111ite u frekvencijsko Bo\u017eansko prostranstvo da bi o\u010distili vlastite blokove, rije\u0161ili time osobne probleme i podigli spoznaju o samom sebi na vi\u0161i nivo svijesti. Nemojte ulaziti u tehnike da bi postali Majstori-U\u010ditelji i iscjelitelji s ciljem da bi to bio va\u0161 posao. To bi trebala biti filozofija va\u0161eg \u017eivljenja. U\u0111ite u tehniku tako da se frekvencijski doradite i vibracijski podignete na nivo koji \u0107e vam dati strukturnu osnovu za daljnji napredak. Napredak \u0107e se o\u010ditovati\u00a0 i u svim aktivnostima i poslovima kojima ste se bavili prije usvajanja tehnike. Promijenite sebe. Osvijestite se o svim Bo\u017eanskim kvalitetama koje nosite. Pogledajte na svoje postojanje iz perspektive vi\u0161eg nivoa svijesti koji stje\u010dete pravom inicijacijom i ula\u017eite u to da se va\u0161a \u017eivotna svakodnevnica promijeni na bolje.<\/p>\n<p><strong>&#8211; Blissar<\/strong><\/p>\n<p>Svakodnevne vibracije \u0107e se okrenuti u va\u0161u korist, jer \u0107ete uspje\u0161no odbaciti negativnosti iz okru\u017eenja. Umre\u017eite va\u0161e nove vrijednosti tako da poslovi kojima se bavite budu kvalitetniji, jednostavniji, i da se u strukturi kojom se bavite podignete na kvalitetniji nivo. Ljudi ne razumiju da je mogu\u0107e apsolutno \u017eivjeti visoku duhovnost, a istovremeno boraviti u biolo\u0161kom, i ispunjavati sve ono \u0161to se od nas u \u017eivotu o\u010dekuje. Vi ste ono \u0161to jeste, te funkcionirate onako kako funkcionirate, ali sada ste dovoljno sna\u017eni da se ne morate prilago\u0111avati ne\u010demu \u0161to niste, i okru\u017eenju za koje osje\u0107ate da tu ne pripadate.<\/p>\n<p style=\"text-align: justify;\"><strong>Izvadak iz knjige<\/strong>:<\/p>\n<p style=\"text-align: justify;\">Planeta Zemlja posjeduje jedinstvenu frekvenciju koja potje\u010de iz njenog magnetskog polja. Te frekvencije odr\u017eavaju balans u svim elementima. Planeta se kao i visoko duhovno bi\u0107e mora hraniti energijama \u010detvrte, i vi\u0161ih dimenzija, da bi kroz magnetno polje odr\u017eala elemente u harmoniji. Zbog toga smo mi stvoreni. Kroz na\u0161e energetske kanale protje\u010de energija brzine svjetlosti. U na\u0161im energetskim centrima se harmonizira i umre\u017eava u planetarne frekvencije. Kada bismo bili tako razvijeni odr\u017eavala bi se konstantna harmonija izme\u0111u svemira i planete. Sa znanjima i inicijacijama predstavljenima u ovome priru\u010dniku postajemo ono za \u0161to smo stvoreni: Kanali za harmonizaciju Planete Zemlje, kako bi postala savr\u0161ena &#8211; rajska planeta za \u017eivot.<\/p>\n<p><strong>Klju\u010dne rije\u010di: <\/strong><\/p>\n<p style=\"text-align: justify;\">Reiki, Karuna, Excalibur, Alternativna medicina<\/p>\n<p style=\"text-align: justify;\"><strong>Link:<\/strong> <a href=\"http:\/\/www.akenaton.hr\">Blissar<\/a><br \/><strong>E-mail:<\/strong> <a href=\"mailto:blissar@akenaton.hr\">Blissar<\/a><\/p>\n<p style=\"text-align: justify;\">\u00a0<\/p>\n<p style=\"text-align: justify;\"><strong>Naslov:<\/strong> Tehnike posljednje inkarnacije<br \/><strong>Autor:<\/strong> Blissar<br \/><strong>Broj stranica:<\/strong> 288<br \/><strong>Nakladnik:<\/strong> REDAK<br \/><strong>Godina izdanja:<\/strong> 2012.<br \/><strong>ISBN:<\/strong> 978-953-7595-80-7<br \/><strong>Tisak:<\/strong> digitalni tisak knjiga &#8211; print na zahtjev<\/p>\n","protected":false},"excerpt":{"rendered":"<p>\u00a0 Sa\u017eetak: Blissar je u knjizi povezao svemir, energije an\u0111ela i arkan\u0111ela u jedinstvo dobra. Predstavljene su tehnike kako djelovati da bi se otklonio uzrok nekog bolesnog stanja organizma, kako biti i \u017eivjeti sretno, i kako djelovati da bi se u na\u0161oj svakodnevnici de\u0161avalo ne\u0161to dobro, ne\u0161to \u0161to daje argumente da vjerujemo u sutra\u2026.. Blissar [&hellip;]<\/p>\n","protected":false},"featured_media":7466,"comment_status":"open","ping_status":"closed","template":"","meta":{"_acf_changed":false},"product_brand":[],"product_cat":[1517],"product_tag":[],"class_list":{"0":"post-7465","1":"product","2":"type-product","3":"status-publish","4":"has-post-thumbnail","6":"product_cat-strucna-literatura","7":"pa_nakladnik-redak","9":"first","10":"instock","11":"shipping-taxable","12":"purchasable","13":"product-type-simple"},"acf":[],"yoast_head":"<!-- This site is optimized with the Yoast SEO plugin v27.3 - https:\/\/yoast.com\/product\/yoast-seo-wordpress\/ -->\n<title>TEHNIKE POSLJEDNJE INKARNACIJE, Blissar - Web-knji\u017eara<\/title>\n<meta name=\"robots\" content=\"index, follow, max-snippet:-1, max-image-preview:large, max-video-preview:-1\" \/>\n<link rel=\"canonical\" href=\"https:\/\/webknjizara.hr\/proizvod\/tehnike-posljednje-inkarnacije-blissar\/\" \/>\n<meta property=\"og:locale\" content=\"en_US\" \/>\n<meta property=\"og:type\" content=\"article\" \/>\n<meta property=\"og:title\" content=\"TEHNIKE POSLJEDNJE INKARNACIJE, Blissar - Web-knji\u017eara\" \/>\n<meta property=\"og:description\" content=\"\u00a0 Sa\u017eetak: Blissar je u knjizi povezao svemir, energije an\u0111ela i arkan\u0111ela u jedinstvo dobra. Predstavljene su tehnike kako djelovati da bi se otklonio uzrok nekog bolesnog stanja organizma, kako biti i \u017eivjeti sretno, i kako djelovati da bi se u na\u0161oj svakodnevnici de\u0161avalo ne\u0161to dobro, ne\u0161to \u0161to daje argumente da vjerujemo u sutra\u2026.. Blissar [&hellip;]\" \/>\n<meta property=\"og:url\" content=\"https:\/\/webknjizara.hr\/proizvod\/tehnike-posljednje-inkarnacije-blissar\/\" \/>\n<meta property=\"og:site_name\" content=\"Web-knji\u017eara\" \/>\n<meta property=\"article:modified_time\" content=\"2025-10-07T07:25:52+00:00\" \/>\n<meta property=\"og:image\" content=\"https:\/\/webknjizara.hr\/wp-content\/uploads\/nc\/images\/virtuemart\/product\/tehnike-posljedn-4f39518b8954e.jpg\" \/>\n\t<meta property=\"og:image:width\" content=\"295\" \/>\n\t<meta property=\"og:image:height\" content=\"457\" \/>\n\t<meta property=\"og:image:type\" content=\"image\/jpeg\" \/>\n<meta name=\"twitter:card\" content=\"summary_large_image\" \/>\n<meta name=\"twitter:label1\" content=\"Est. reading time\" \/>\n\t<meta name=\"twitter:data1\" content=\"4 minutes\" \/>\n<script type=\"application\/ld+json\" class=\"yoast-schema-graph\">{\"@context\":\"https:\\\/\\\/schema.org\",\"@graph\":[{\"@type\":\"WebPage\",\"@id\":\"https:\\\/\\\/webknjizara.hr\\\/proizvod\\\/tehnike-posljednje-inkarnacije-blissar\\\/\",\"url\":\"https:\\\/\\\/webknjizara.hr\\\/proizvod\\\/tehnike-posljednje-inkarnacije-blissar\\\/\",\"name\":\"TEHNIKE POSLJEDNJE INKARNACIJE, Blissar - Web-knji\u017eara\",\"isPartOf\":{\"@id\":\"https:\\\/\\\/webknjizara.hr\\\/#website\"},\"primaryImageOfPage\":{\"@id\":\"https:\\\/\\\/webknjizara.hr\\\/proizvod\\\/tehnike-posljednje-inkarnacije-blissar\\\/#primaryimage\"},\"image\":{\"@id\":\"https:\\\/\\\/webknjizara.hr\\\/proizvod\\\/tehnike-posljednje-inkarnacije-blissar\\\/#primaryimage\"},\"thumbnailUrl\":\"https:\\\/\\\/webknjizara.hr\\\/wp-content\\\/uploads\\\/nc\\\/images\\\/virtuemart\\\/product\\\/tehnike-posljedn-4f39518b8954e.jpg\",\"datePublished\":\"2012-02-13T18:08:11+00:00\",\"dateModified\":\"2025-10-07T07:25:52+00:00\",\"breadcrumb\":{\"@id\":\"https:\\\/\\\/webknjizara.hr\\\/proizvod\\\/tehnike-posljednje-inkarnacije-blissar\\\/#breadcrumb\"},\"inLanguage\":\"en-US\",\"potentialAction\":[{\"@type\":\"ReadAction\",\"target\":[\"https:\\\/\\\/webknjizara.hr\\\/proizvod\\\/tehnike-posljednje-inkarnacije-blissar\\\/\"]}]},{\"@type\":\"ImageObject\",\"inLanguage\":\"en-US\",\"@id\":\"https:\\\/\\\/webknjizara.hr\\\/proizvod\\\/tehnike-posljednje-inkarnacije-blissar\\\/#primaryimage\",\"url\":\"https:\\\/\\\/webknjizara.hr\\\/wp-content\\\/uploads\\\/nc\\\/images\\\/virtuemart\\\/product\\\/tehnike-posljedn-4f39518b8954e.jpg\",\"contentUrl\":\"https:\\\/\\\/webknjizara.hr\\\/wp-content\\\/uploads\\\/nc\\\/images\\\/virtuemart\\\/product\\\/tehnike-posljedn-4f39518b8954e.jpg\",\"width\":295,\"height\":457,\"caption\":\"TEHNIKE POSLJEDNJE INKARNACIJE, Blissar\"},{\"@type\":\"BreadcrumbList\",\"@id\":\"https:\\\/\\\/webknjizara.hr\\\/proizvod\\\/tehnike-posljednje-inkarnacije-blissar\\\/#breadcrumb\",\"itemListElement\":[{\"@type\":\"ListItem\",\"position\":1,\"name\":\"Po\u010detna stranica\",\"item\":\"https:\\\/\\\/webknjizara.hr\\\/en\\\/\"},{\"@type\":\"ListItem\",\"position\":2,\"name\":\"Shop\",\"item\":\"https:\\\/\\\/webknjizara.hr\\\/shop\\\/\"},{\"@type\":\"ListItem\",\"position\":3,\"name\":\"TEHNIKE POSLJEDNJE INKARNACIJE, Blissar\"}]},{\"@type\":\"WebSite\",\"@id\":\"https:\\\/\\\/webknjizara.hr\\\/#website\",\"url\":\"https:\\\/\\\/webknjizara.hr\\\/\",\"name\":\"Web Knji\u017eara\",\"description\":\"\",\"publisher\":{\"@id\":\"https:\\\/\\\/webknjizara.hr\\\/#organization\"},\"potentialAction\":[{\"@type\":\"SearchAction\",\"target\":{\"@type\":\"EntryPoint\",\"urlTemplate\":\"https:\\\/\\\/webknjizara.hr\\\/?s={search_term_string}\"},\"query-input\":{\"@type\":\"PropertyValueSpecification\",\"valueRequired\":true,\"valueName\":\"search_term_string\"}}],\"inLanguage\":\"en-US\"},{\"@type\":\"Organization\",\"@id\":\"https:\\\/\\\/webknjizara.hr\\\/#organization\",\"name\":\"REDAK D.O.O.\",\"url\":\"https:\\\/\\\/webknjizara.hr\\\/\",\"logo\":{\"@type\":\"ImageObject\",\"inLanguage\":\"en-US\",\"@id\":\"https:\\\/\\\/webknjizara.hr\\\/#\\\/schema\\\/logo\\\/image\\\/\",\"url\":\"https:\\\/\\\/webknjizara.hr\\\/wp-content\\\/uploads\\\/2023\\\/01\\\/web-knjizara-logo.webp\",\"contentUrl\":\"https:\\\/\\\/webknjizara.hr\\\/wp-content\\\/uploads\\\/2023\\\/01\\\/web-knjizara-logo.webp\",\"width\":324,\"height\":79,\"caption\":\"REDAK D.O.O.\"},\"image\":{\"@id\":\"https:\\\/\\\/webknjizara.hr\\\/#\\\/schema\\\/logo\\\/image\\\/\"}}]}<\/script>\n<!-- \/ Yoast SEO plugin. -->","yoast_head_json":{"title":"TEHNIKE POSLJEDNJE INKARNACIJE, Blissar - Web-knji\u017eara","robots":{"index":"index","follow":"follow","max-snippet":"max-snippet:-1","max-image-preview":"max-image-preview:large","max-video-preview":"max-video-preview:-1"},"canonical":"https:\/\/webknjizara.hr\/proizvod\/tehnike-posljednje-inkarnacije-blissar\/","og_locale":"en_US","og_type":"article","og_title":"TEHNIKE POSLJEDNJE INKARNACIJE, Blissar - Web-knji\u017eara","og_description":"\u00a0 Sa\u017eetak: Blissar je u knjizi povezao svemir, energije an\u0111ela i arkan\u0111ela u jedinstvo dobra. Predstavljene su tehnike kako djelovati da bi se otklonio uzrok nekog bolesnog stanja organizma, kako biti i \u017eivjeti sretno, i kako djelovati da bi se u na\u0161oj svakodnevnici de\u0161avalo ne\u0161to dobro, ne\u0161to \u0161to daje argumente da vjerujemo u sutra\u2026.. Blissar [&hellip;]","og_url":"https:\/\/webknjizara.hr\/proizvod\/tehnike-posljednje-inkarnacije-blissar\/","og_site_name":"Web-knji\u017eara","article_modified_time":"2025-10-07T07:25:52+00:00","og_image":[{"width":295,"height":457,"url":"https:\/\/webknjizara.hr\/wp-content\/uploads\/nc\/images\/virtuemart\/product\/tehnike-posljedn-4f39518b8954e.jpg","type":"image\/jpeg"}],"twitter_card":"summary_large_image","twitter_misc":{"Est. reading time":"4 minutes"},"schema":{"@context":"https:\/\/schema.org","@graph":[{"@type":"WebPage","@id":"https:\/\/webknjizara.hr\/proizvod\/tehnike-posljednje-inkarnacije-blissar\/","url":"https:\/\/webknjizara.hr\/proizvod\/tehnike-posljednje-inkarnacije-blissar\/","name":"TEHNIKE POSLJEDNJE INKARNACIJE, Blissar - Web-knji\u017eara","isPartOf":{"@id":"https:\/\/webknjizara.hr\/#website"},"primaryImageOfPage":{"@id":"https:\/\/webknjizara.hr\/proizvod\/tehnike-posljednje-inkarnacije-blissar\/#primaryimage"},"image":{"@id":"https:\/\/webknjizara.hr\/proizvod\/tehnike-posljednje-inkarnacije-blissar\/#primaryimage"},"thumbnailUrl":"https:\/\/webknjizara.hr\/wp-content\/uploads\/nc\/images\/virtuemart\/product\/tehnike-posljedn-4f39518b8954e.jpg","datePublished":"2012-02-13T18:08:11+00:00","dateModified":"2025-10-07T07:25:52+00:00","breadcrumb":{"@id":"https:\/\/webknjizara.hr\/proizvod\/tehnike-posljednje-inkarnacije-blissar\/#breadcrumb"},"inLanguage":"en-US","potentialAction":[{"@type":"ReadAction","target":["https:\/\/webknjizara.hr\/proizvod\/tehnike-posljednje-inkarnacije-blissar\/"]}]},{"@type":"ImageObject","inLanguage":"en-US","@id":"https:\/\/webknjizara.hr\/proizvod\/tehnike-posljednje-inkarnacije-blissar\/#primaryimage","url":"https:\/\/webknjizara.hr\/wp-content\/uploads\/nc\/images\/virtuemart\/product\/tehnike-posljedn-4f39518b8954e.jpg","contentUrl":"https:\/\/webknjizara.hr\/wp-content\/uploads\/nc\/images\/virtuemart\/product\/tehnike-posljedn-4f39518b8954e.jpg","width":295,"height":457,"caption":"TEHNIKE POSLJEDNJE INKARNACIJE, Blissar"},{"@type":"BreadcrumbList","@id":"https:\/\/webknjizara.hr\/proizvod\/tehnike-posljednje-inkarnacije-blissar\/#breadcrumb","itemListElement":[{"@type":"ListItem","position":1,"name":"Po\u010detna stranica","item":"https:\/\/webknjizara.hr\/en\/"},{"@type":"ListItem","position":2,"name":"Shop","item":"https:\/\/webknjizara.hr\/shop\/"},{"@type":"ListItem","position":3,"name":"TEHNIKE POSLJEDNJE INKARNACIJE, Blissar"}]},{"@type":"WebSite","@id":"https:\/\/webknjizara.hr\/#website","url":"https:\/\/webknjizara.hr\/","name":"Web Knji\u017eara","description":"","publisher":{"@id":"https:\/\/webknjizara.hr\/#organization"},"potentialAction":[{"@type":"SearchAction","target":{"@type":"EntryPoint","urlTemplate":"https:\/\/webknjizara.hr\/?s={search_term_string}"},"query-input":{"@type":"PropertyValueSpecification","valueRequired":true,"valueName":"search_term_string"}}],"inLanguage":"en-US"},{"@type":"Organization","@id":"https:\/\/webknjizara.hr\/#organization","name":"REDAK D.O.O.","url":"https:\/\/webknjizara.hr\/","logo":{"@type":"ImageObject","inLanguage":"en-US","@id":"https:\/\/webknjizara.hr\/#\/schema\/logo\/image\/","url":"https:\/\/webknjizara.hr\/wp-content\/uploads\/2023\/01\/web-knjizara-logo.webp","contentUrl":"https:\/\/webknjizara.hr\/wp-content\/uploads\/2023\/01\/web-knjizara-logo.webp","width":324,"height":79,"caption":"REDAK D.O.O."},"image":{"@id":"https:\/\/webknjizara.hr\/#\/schema\/logo\/image\/"}}]}},"_links":{"self":[{"href":"https:\/\/webknjizara.hr\/en\/wp-json\/wp\/v2\/product\/7465","targetHints":{"allow":["GET"]}}],"collection":[{"href":"https:\/\/webknjizara.hr\/en\/wp-json\/wp\/v2\/product"}],"about":[{"href":"https:\/\/webknjizara.hr\/en\/wp-json\/wp\/v2\/types\/product"}],"replies":[{"embeddable":true,"href":"https:\/\/webknjizara.hr\/en\/wp-json\/wp\/v2\/comments?post=7465"}],"wp:featuredmedia":[{"embeddable":true,"href":"https:\/\/webknjizara.hr\/en\/wp-json\/wp\/v2\/media\/7466"}],"wp:attachment":[{"href":"https:\/\/webknjizara.hr\/en\/wp-json\/wp\/v2\/media?parent=7465"}],"wp:term":[{"taxonomy":"product_brand","embeddable":true,"href":"https:\/\/webknjizara.hr\/en\/wp-json\/wp\/v2\/product_brand?post=7465"},{"taxonomy":"product_cat","embeddable":true,"href":"https:\/\/webknjizara.hr\/en\/wp-json\/wp\/v2\/product_cat?post=7465"},{"taxonomy":"product_tag","embeddable":true,"href":"https:\/\/webknjizara.hr\/en\/wp-json\/wp\/v2\/product_tag?post=7465"}],"curies":[{"name":"wp","href":"https:\/\/api.w.org\/{rel}","templated":true}]}}