{"id":7463,"date":"2012-02-08T13:16:23","date_gmt":"2012-02-08T13:16:23","guid":{"rendered":"https:\/\/webknjizara.hr\/?product=priobalje-mira-buzuk-baras"},"modified":"2023-02-27T00:15:39","modified_gmt":"2023-02-26T23:15:39","slug":"priobalje-mira-buzuk-baras","status":"publish","type":"product","link":"https:\/\/webknjizara.hr\/en\/proizvod\/priobalje-mira-buzuk-baras\/","title":{"rendered":"PRIOBALJE, Mira Buzuk Baras"},"content":{"rendered":"<p>\u00a0<\/p>\n<p><strong>Sa\u017eetak: <\/strong><\/p>\n<p>Knjiga je priru\u010dnik za boravak u prirodi, u priobalju, s opisima bilja, gljiva i \u017eivotinja s recepturama jela, kozmetike i lijekova. Autorica uvodi \u010ditatelja, iz mjeseca u mjesec upu\u0107uju\u0107i ga sto ubrati i uloviti u prirodi.<\/p>\n<p>\u00a0<\/p>\n<p><strong>Bilje\u0161ka o autoru:<\/strong><\/p>\n<p>Mira Buzuk Baras instruktor je prehrane u prirodi. Voditeljica je niza te\u010dajeva i \u0161kola u prirodi u kojima su polaznici obu\u010deni kako se sna\u0107i pri boravku na pustom otoku.<\/p>\n<p>\u00a0<\/p>\n<p><strong>Klju\u010dne rijeci:<\/strong><\/p>\n<p>priobalje,priroda, hrana, \u010dajevi, kozmetika s receptima<\/p>\n<p><strong>Naslov:<\/strong> Priobalje<br \/><strong>Autor:<\/strong> Mira Buzuk Baras<br \/><strong>Broj stranica:<\/strong> 224<br \/><strong>Nakladnik:<\/strong> REDAK<br \/><strong>Godina izdanja:<\/strong> 2010.<br \/><strong>ISBN:<\/strong> 987-953-7595-18-8<br \/><strong>Tisak:<\/strong> digitalni tisak knjiga &#8211; print na zahtjev<\/p>\n","protected":false},"excerpt":{"rendered":"<p>\u00a0 Sa\u017eetak: Knjiga je priru\u010dnik za boravak u prirodi, u priobalju, s opisima bilja, gljiva i \u017eivotinja s recepturama jela, kozmetike i lijekova. Autorica uvodi \u010ditatelja, iz mjeseca u mjesec upu\u0107uju\u0107i ga sto ubrati i uloviti u prirodi. \u00a0 Bilje\u0161ka o autoru: Mira Buzuk Baras instruktor je prehrane u prirodi. Voditeljica je niza te\u010dajeva i [&hellip;]<\/p>\n","protected":false},"featured_media":7464,"comment_status":"open","ping_status":"closed","template":"","meta":{"_acf_changed":false},"product_brand":[],"product_cat":[1517],"product_tag":[],"class_list":{"0":"post-7463","1":"product","2":"type-product","3":"status-publish","4":"has-post-thumbnail","6":"product_cat-strucna-literatura","7":"pa_autor-mira-buzuk-baras","8":"pa_nakladnik-redak","10":"first","11":"instock","12":"shipping-taxable","13":"purchasable","14":"product-type-simple"},"acf":[],"yoast_head":"<!-- This site is optimized with the Yoast SEO plugin v27.3 - https:\/\/yoast.com\/product\/yoast-seo-wordpress\/ -->\n<title>PRIOBALJE, Mira Buzuk Baras - Web-knji\u017eara<\/title>\n<meta name=\"robots\" content=\"index, follow, max-snippet:-1, max-image-preview:large, max-video-preview:-1\" \/>\n<link rel=\"canonical\" href=\"https:\/\/webknjizara.hr\/proizvod\/priobalje-mira-buzuk-baras\/\" \/>\n<meta property=\"og:locale\" content=\"en_US\" \/>\n<meta property=\"og:type\" content=\"article\" \/>\n<meta property=\"og:title\" content=\"PRIOBALJE, Mira Buzuk Baras - Web-knji\u017eara\" \/>\n<meta property=\"og:description\" content=\"\u00a0 Sa\u017eetak: Knjiga je priru\u010dnik za boravak u prirodi, u priobalju, s opisima bilja, gljiva i \u017eivotinja s recepturama jela, kozmetike i lijekova. Autorica uvodi \u010ditatelja, iz mjeseca u mjesec upu\u0107uju\u0107i ga sto ubrati i uloviti u prirodi. \u00a0 Bilje\u0161ka o autoru: Mira Buzuk Baras instruktor je prehrane u prirodi. Voditeljica je niza te\u010dajeva i [&hellip;]\" \/>\n<meta property=\"og:url\" content=\"https:\/\/webknjizara.hr\/proizvod\/priobalje-mira-buzuk-baras\/\" \/>\n<meta property=\"og:site_name\" content=\"Web-knji\u017eara\" \/>\n<meta property=\"article:modified_time\" content=\"2023-02-26T23:15:39+00:00\" \/>\n<meta property=\"og:image\" content=\"https:\/\/webknjizara.hr\/wp-content\/uploads\/nc\/images\/virtuemart\/product\/priobalje-mira-4f3275a764920.jpg\" \/>\n\t<meta property=\"og:image:width\" content=\"283\" \/>\n\t<meta property=\"og:image:height\" content=\"395\" \/>\n\t<meta property=\"og:image:type\" content=\"image\/jpeg\" \/>\n<meta name=\"twitter:card\" content=\"summary_large_image\" \/>\n<meta name=\"twitter:label1\" content=\"Est. reading time\" \/>\n\t<meta name=\"twitter:data1\" content=\"1 minute\" \/>\n<script type=\"application\/ld+json\" class=\"yoast-schema-graph\">{\"@context\":\"https:\\\/\\\/schema.org\",\"@graph\":[{\"@type\":\"WebPage\",\"@id\":\"https:\\\/\\\/webknjizara.hr\\\/proizvod\\\/priobalje-mira-buzuk-baras\\\/\",\"url\":\"https:\\\/\\\/webknjizara.hr\\\/proizvod\\\/priobalje-mira-buzuk-baras\\\/\",\"name\":\"PRIOBALJE, Mira Buzuk Baras - Web-knji\u017eara\",\"isPartOf\":{\"@id\":\"https:\\\/\\\/webknjizara.hr\\\/#website\"},\"primaryImageOfPage\":{\"@id\":\"https:\\\/\\\/webknjizara.hr\\\/proizvod\\\/priobalje-mira-buzuk-baras\\\/#primaryimage\"},\"image\":{\"@id\":\"https:\\\/\\\/webknjizara.hr\\\/proizvod\\\/priobalje-mira-buzuk-baras\\\/#primaryimage\"},\"thumbnailUrl\":\"https:\\\/\\\/webknjizara.hr\\\/wp-content\\\/uploads\\\/nc\\\/images\\\/virtuemart\\\/product\\\/priobalje-mira-4f3275a764920.jpg\",\"datePublished\":\"2012-02-08T13:16:23+00:00\",\"dateModified\":\"2023-02-26T23:15:39+00:00\",\"breadcrumb\":{\"@id\":\"https:\\\/\\\/webknjizara.hr\\\/proizvod\\\/priobalje-mira-buzuk-baras\\\/#breadcrumb\"},\"inLanguage\":\"en-US\",\"potentialAction\":[{\"@type\":\"ReadAction\",\"target\":[\"https:\\\/\\\/webknjizara.hr\\\/proizvod\\\/priobalje-mira-buzuk-baras\\\/\"]}]},{\"@type\":\"ImageObject\",\"inLanguage\":\"en-US\",\"@id\":\"https:\\\/\\\/webknjizara.hr\\\/proizvod\\\/priobalje-mira-buzuk-baras\\\/#primaryimage\",\"url\":\"https:\\\/\\\/webknjizara.hr\\\/wp-content\\\/uploads\\\/nc\\\/images\\\/virtuemart\\\/product\\\/priobalje-mira-4f3275a764920.jpg\",\"contentUrl\":\"https:\\\/\\\/webknjizara.hr\\\/wp-content\\\/uploads\\\/nc\\\/images\\\/virtuemart\\\/product\\\/priobalje-mira-4f3275a764920.jpg\",\"width\":283,\"height\":395,\"caption\":\"PRIOBALJE, Mira Buzuk Baras\"},{\"@type\":\"BreadcrumbList\",\"@id\":\"https:\\\/\\\/webknjizara.hr\\\/proizvod\\\/priobalje-mira-buzuk-baras\\\/#breadcrumb\",\"itemListElement\":[{\"@type\":\"ListItem\",\"position\":1,\"name\":\"Po\u010detna stranica\",\"item\":\"https:\\\/\\\/webknjizara.hr\\\/en\\\/\"},{\"@type\":\"ListItem\",\"position\":2,\"name\":\"Shop\",\"item\":\"https:\\\/\\\/webknjizara.hr\\\/shop\\\/\"},{\"@type\":\"ListItem\",\"position\":3,\"name\":\"PRIOBALJE, Mira Buzuk Baras\"}]},{\"@type\":\"WebSite\",\"@id\":\"https:\\\/\\\/webknjizara.hr\\\/#website\",\"url\":\"https:\\\/\\\/webknjizara.hr\\\/\",\"name\":\"Web Knji\u017eara\",\"description\":\"\",\"publisher\":{\"@id\":\"https:\\\/\\\/webknjizara.hr\\\/#organization\"},\"potentialAction\":[{\"@type\":\"SearchAction\",\"target\":{\"@type\":\"EntryPoint\",\"urlTemplate\":\"https:\\\/\\\/webknjizara.hr\\\/?s={search_term_string}\"},\"query-input\":{\"@type\":\"PropertyValueSpecification\",\"valueRequired\":true,\"valueName\":\"search_term_string\"}}],\"inLanguage\":\"en-US\"},{\"@type\":\"Organization\",\"@id\":\"https:\\\/\\\/webknjizara.hr\\\/#organization\",\"name\":\"REDAK D.O.O.\",\"url\":\"https:\\\/\\\/webknjizara.hr\\\/\",\"logo\":{\"@type\":\"ImageObject\",\"inLanguage\":\"en-US\",\"@id\":\"https:\\\/\\\/webknjizara.hr\\\/#\\\/schema\\\/logo\\\/image\\\/\",\"url\":\"https:\\\/\\\/webknjizara.hr\\\/wp-content\\\/uploads\\\/2023\\\/01\\\/web-knjizara-logo.webp\",\"contentUrl\":\"https:\\\/\\\/webknjizara.hr\\\/wp-content\\\/uploads\\\/2023\\\/01\\\/web-knjizara-logo.webp\",\"width\":324,\"height\":79,\"caption\":\"REDAK D.O.O.\"},\"image\":{\"@id\":\"https:\\\/\\\/webknjizara.hr\\\/#\\\/schema\\\/logo\\\/image\\\/\"}}]}<\/script>\n<!-- \/ Yoast SEO plugin. -->","yoast_head_json":{"title":"PRIOBALJE, Mira Buzuk Baras - Web-knji\u017eara","robots":{"index":"index","follow":"follow","max-snippet":"max-snippet:-1","max-image-preview":"max-image-preview:large","max-video-preview":"max-video-preview:-1"},"canonical":"https:\/\/webknjizara.hr\/proizvod\/priobalje-mira-buzuk-baras\/","og_locale":"en_US","og_type":"article","og_title":"PRIOBALJE, Mira Buzuk Baras - Web-knji\u017eara","og_description":"\u00a0 Sa\u017eetak: Knjiga je priru\u010dnik za boravak u prirodi, u priobalju, s opisima bilja, gljiva i \u017eivotinja s recepturama jela, kozmetike i lijekova. Autorica uvodi \u010ditatelja, iz mjeseca u mjesec upu\u0107uju\u0107i ga sto ubrati i uloviti u prirodi. \u00a0 Bilje\u0161ka o autoru: Mira Buzuk Baras instruktor je prehrane u prirodi. Voditeljica je niza te\u010dajeva i [&hellip;]","og_url":"https:\/\/webknjizara.hr\/proizvod\/priobalje-mira-buzuk-baras\/","og_site_name":"Web-knji\u017eara","article_modified_time":"2023-02-26T23:15:39+00:00","og_image":[{"width":283,"height":395,"url":"https:\/\/webknjizara.hr\/wp-content\/uploads\/nc\/images\/virtuemart\/product\/priobalje-mira-4f3275a764920.jpg","type":"image\/jpeg"}],"twitter_card":"summary_large_image","twitter_misc":{"Est. reading time":"1 minute"},"schema":{"@context":"https:\/\/schema.org","@graph":[{"@type":"WebPage","@id":"https:\/\/webknjizara.hr\/proizvod\/priobalje-mira-buzuk-baras\/","url":"https:\/\/webknjizara.hr\/proizvod\/priobalje-mira-buzuk-baras\/","name":"PRIOBALJE, Mira Buzuk Baras - Web-knji\u017eara","isPartOf":{"@id":"https:\/\/webknjizara.hr\/#website"},"primaryImageOfPage":{"@id":"https:\/\/webknjizara.hr\/proizvod\/priobalje-mira-buzuk-baras\/#primaryimage"},"image":{"@id":"https:\/\/webknjizara.hr\/proizvod\/priobalje-mira-buzuk-baras\/#primaryimage"},"thumbnailUrl":"https:\/\/webknjizara.hr\/wp-content\/uploads\/nc\/images\/virtuemart\/product\/priobalje-mira-4f3275a764920.jpg","datePublished":"2012-02-08T13:16:23+00:00","dateModified":"2023-02-26T23:15:39+00:00","breadcrumb":{"@id":"https:\/\/webknjizara.hr\/proizvod\/priobalje-mira-buzuk-baras\/#breadcrumb"},"inLanguage":"en-US","potentialAction":[{"@type":"ReadAction","target":["https:\/\/webknjizara.hr\/proizvod\/priobalje-mira-buzuk-baras\/"]}]},{"@type":"ImageObject","inLanguage":"en-US","@id":"https:\/\/webknjizara.hr\/proizvod\/priobalje-mira-buzuk-baras\/#primaryimage","url":"https:\/\/webknjizara.hr\/wp-content\/uploads\/nc\/images\/virtuemart\/product\/priobalje-mira-4f3275a764920.jpg","contentUrl":"https:\/\/webknjizara.hr\/wp-content\/uploads\/nc\/images\/virtuemart\/product\/priobalje-mira-4f3275a764920.jpg","width":283,"height":395,"caption":"PRIOBALJE, Mira Buzuk Baras"},{"@type":"BreadcrumbList","@id":"https:\/\/webknjizara.hr\/proizvod\/priobalje-mira-buzuk-baras\/#breadcrumb","itemListElement":[{"@type":"ListItem","position":1,"name":"Po\u010detna stranica","item":"https:\/\/webknjizara.hr\/en\/"},{"@type":"ListItem","position":2,"name":"Shop","item":"https:\/\/webknjizara.hr\/shop\/"},{"@type":"ListItem","position":3,"name":"PRIOBALJE, Mira Buzuk Baras"}]},{"@type":"WebSite","@id":"https:\/\/webknjizara.hr\/#website","url":"https:\/\/webknjizara.hr\/","name":"Web Knji\u017eara","description":"","publisher":{"@id":"https:\/\/webknjizara.hr\/#organization"},"potentialAction":[{"@type":"SearchAction","target":{"@type":"EntryPoint","urlTemplate":"https:\/\/webknjizara.hr\/?s={search_term_string}"},"query-input":{"@type":"PropertyValueSpecification","valueRequired":true,"valueName":"search_term_string"}}],"inLanguage":"en-US"},{"@type":"Organization","@id":"https:\/\/webknjizara.hr\/#organization","name":"REDAK D.O.O.","url":"https:\/\/webknjizara.hr\/","logo":{"@type":"ImageObject","inLanguage":"en-US","@id":"https:\/\/webknjizara.hr\/#\/schema\/logo\/image\/","url":"https:\/\/webknjizara.hr\/wp-content\/uploads\/2023\/01\/web-knjizara-logo.webp","contentUrl":"https:\/\/webknjizara.hr\/wp-content\/uploads\/2023\/01\/web-knjizara-logo.webp","width":324,"height":79,"caption":"REDAK D.O.O."},"image":{"@id":"https:\/\/webknjizara.hr\/#\/schema\/logo\/image\/"}}]}},"_links":{"self":[{"href":"https:\/\/webknjizara.hr\/en\/wp-json\/wp\/v2\/product\/7463","targetHints":{"allow":["GET"]}}],"collection":[{"href":"https:\/\/webknjizara.hr\/en\/wp-json\/wp\/v2\/product"}],"about":[{"href":"https:\/\/webknjizara.hr\/en\/wp-json\/wp\/v2\/types\/product"}],"replies":[{"embeddable":true,"href":"https:\/\/webknjizara.hr\/en\/wp-json\/wp\/v2\/comments?post=7463"}],"wp:featuredmedia":[{"embeddable":true,"href":"https:\/\/webknjizara.hr\/en\/wp-json\/wp\/v2\/media\/7464"}],"wp:attachment":[{"href":"https:\/\/webknjizara.hr\/en\/wp-json\/wp\/v2\/media?parent=7463"}],"wp:term":[{"taxonomy":"product_brand","embeddable":true,"href":"https:\/\/webknjizara.hr\/en\/wp-json\/wp\/v2\/product_brand?post=7463"},{"taxonomy":"product_cat","embeddable":true,"href":"https:\/\/webknjizara.hr\/en\/wp-json\/wp\/v2\/product_cat?post=7463"},{"taxonomy":"product_tag","embeddable":true,"href":"https:\/\/webknjizara.hr\/en\/wp-json\/wp\/v2\/product_tag?post=7463"}],"curies":[{"name":"wp","href":"https:\/\/api.w.org\/{rel}","templated":true}]}}