{"id":7457,"date":"2012-01-27T08:12:41","date_gmt":"2012-01-27T08:12:41","guid":{"rendered":"https:\/\/webknjizara.hr\/?product=kraljice-sahovnice-dario-krpan"},"modified":"2023-02-27T00:15:39","modified_gmt":"2023-02-26T23:15:39","slug":"kraljice-sahovnice-dario-krpan","status":"publish","type":"product","link":"https:\/\/webknjizara.hr\/en\/proizvod\/kraljice-sahovnice-dario-krpan\/","title":{"rendered":"KRALJICE \u0160AHOVNICE, Dario Krpan"},"content":{"rendered":"<p style=\"text-align: justify;\">\u00a0<\/p>\n<p style=\"text-align: justify;\"><strong>Sa\u017eetak:<\/strong><\/p>\n<p style=\"text-align: justify;\">Radnja ove knjige je neznatna pa se nema \u0161to sa\u017eeti. Ideje su premnogobrojne pa se ni one ne mogu sa\u017eeti. Jedino \u0161to se mo\u017ee sa\u017eeti je na\u010din na koji je knjiga pisana i kako se treba \u010ditati. Tema je nastala jo\u0161 2003. u rap pjesmi <em>\u201cKraljice \u0160ahovnice\u201d<\/em> koja je snimljena, ali nikad objavljena. U narednih godinu i pol sam razvijao ideje koje su trebale biti uvr\u0161tene u knjigu, ali nakon toga sam prekinuo rad na njima i po\u010deo raditi na idejama za drugu knjigu \u010dija mi se tema u tom trenutku vi\u0161e svi\u0111ala. Te sam ideje i svakakve druge zamisli razvijao jo\u0161 oko godinu i pol, a 2006. me Kraljice \u0160ahovnice ponovno privukla i po\u010deo sam iznenada pisati knjigu potpuno izmijeniv\u0161i prvotne zamisli i spojiv\u0161i ih sa zamislima knjige na kojoj sam do tada radio. U razdoblju u kojem sam pisao <em>Kraljice \u0160ahovnice<\/em> \u017eivio sam u uvjetima samonametnute osamljenosti u kojoj nekad po mjesec ili 2 nisam razgovarao niti vidio nikog poznatog \u2013 na\u010din \u017eivota koji mnogi ljudi iskuse tek u dubokoj starosti kad su gotovo svi oko njih ve\u0107 mrtvi pa ni nemaju drugog izbora \u2013 kako bih se mogao posvetiti idejama i isprobavati ih na sebi, a bez da me itko u tom spre\u010dava. To je razdoblje trajalo oko 4 godine i ve\u0107ina knjige je napisana unutar njega, \u0161to se u njenom sadr\u017eaju mo\u017ee i vidjeti. Zapravo, napisana su samo njena prva 3 dijela koji tvore zasebnu cjelinu, a 4. i zadnji dio dovr\u0161it \u0107u za mnogo godina, kad skupim sve ideje koje u njega \u017eelim uvrstiti. Prema tome, ova knjiga je vjerojatno najambiciozniji projekt u povijesti hrvatske knji\u017eevnosti. Iako knjigu svrstavam pod knji\u017eevnost, ne mislim da ona pripada pojedinoj knji\u017eevnoj vrsti niti je za mene knji\u017eevnost ono \u0161to se ina\u010de pod njom podrazumijeva. Knji\u017eevnost je jedino podru\u010dje koje dopu\u0161ta neograni\u010deno razmi\u0161ljanje o bilo kojim zamislima neovisno o tome pod koje se drugo podru\u010dje one mogu ili ne mogu svrstati (knji\u017eevnost=razmi\u0161ljanje). Tu mogu\u0107nost knji\u017eevnosti u Kraljice \u0160ahovnice do kraja iskori\u0161tavam i zato je za njeno \u010ditanje potrebna velika koncentracija, pogotovo \u0161to se ti\u010de 3. dijela \u2013 \u010ditatelju niti neko znanje prikupljeno za \u017eivota niti dostupne informacije ne\u0107e pomo\u0107i u razumijevanju ve\u0107ine sadr\u017eaja.<\/p>\n<p style=\"text-align: justify;\">\u00a0<\/p>\n<p style=\"text-align: justify;\"><strong>Bilje\u0161ka o autoru: <\/strong><\/p>\n<p style=\"text-align: justify;\">Dario Krpan je ro\u0111en 15. 5. 1986. u 4:45 sati ujutro. Od 0. do 9. godine bje\u017ei iz vrti\u0107a, igra se u parku, mama i baka mu poma\u017eu u razra\u0111ivanju raznih zamisli i sjedi mirno u \u0161koli unato\u010d hiperaktivnosti. Od 9. do 17. godine igra ko\u0161arku u Ciboni. Od 17. godine do danas bavi se vlastitim idejama pa nije napravio ni\u0161ta sa \u010dime bi popunio CV. 2011. je zavr\u0161io magisterij iz socijalno-kognitivne psihologije na sveu\u010dili\u0161tu u Cambridge-u, a trenutno je tamo na doktorskom studiju. Njegov znanstveni i knji\u017eevni rad dvije su potpune suprotnosti.<\/p>\n<p style=\"text-align: justify;\"><strong>Klju\u010dne rije\u010di:<\/strong> <br \/>\u0160ah,kraljevstvo,\u0161ahovnica,crna kraljica,bijela kraljica,crni kralj,bijeli kralj,kraljevi,abeceda,stvaranje,knji\u017eevnost,filozofija,znanost,ruministi,slikarstvo,poezija,dizajn,glazba,kreativnost,rat,slobodna volja,povezivanje,osobne radnje,osnovne radnje,osobno znanje,radnja,dosada,izolacija,ideja,proizvod razmi\u0161ljanja,osobnost,hrvatski rap,razmi\u0161ljanje,proces,kula,lovac,pje\u0161ak,pijun,figura,polje,\u0161ah mat,pojesti,psihologija<\/p>\n<p><strong>E-mail:<\/strong> <a href=\"mailto:ruministi@yahoo.com\">Dario Krpan<\/a><\/p>\n<p><strong>Naslov:<\/strong> Kraljice \u0161ahovnice<br \/><strong>Autor:<\/strong> Dario Krpan<br \/><strong>Broj stranica:<\/strong> 212<br \/><strong>Nakladnik:<\/strong> REDAK<br \/><strong>Godina izdanja:<\/strong> 2012.<br \/><strong>ISBN:<\/strong> 978-953-7595-77-7<br \/><strong>Tisak:<\/strong> digitalni tisak knjiga &#8211; print na zahtjev<\/p>\n","protected":false},"excerpt":{"rendered":"<p>\u00a0 Sa\u017eetak: Radnja ove knjige je neznatna pa se nema \u0161to sa\u017eeti. Ideje su premnogobrojne pa se ni one ne mogu sa\u017eeti. Jedino \u0161to se mo\u017ee sa\u017eeti je na\u010din na koji je knjiga pisana i kako se treba \u010ditati. Tema je nastala jo\u0161 2003. u rap pjesmi \u201cKraljice \u0160ahovnice\u201d koja je snimljena, ali nikad objavljena. [&hellip;]<\/p>\n","protected":false},"featured_media":7458,"comment_status":"open","ping_status":"closed","template":"","meta":{"_acf_changed":false},"product_brand":[],"product_cat":[1383,1385],"product_tag":[],"class_list":{"0":"post-7457","1":"product","2":"type-product","3":"status-publish","4":"has-post-thumbnail","6":"product_cat-knjige","7":"product_cat-knjizevnost","8":"pa_nakladnik-redak","10":"first","11":"instock","12":"shipping-taxable","13":"purchasable","14":"product-type-simple"},"acf":[],"yoast_head":"<!-- This site is optimized with the Yoast SEO plugin v27.3 - https:\/\/yoast.com\/product\/yoast-seo-wordpress\/ -->\n<title>KRALJICE \u0160AHOVNICE, Dario Krpan - Web-knji\u017eara<\/title>\n<meta name=\"robots\" content=\"index, follow, max-snippet:-1, max-image-preview:large, max-video-preview:-1\" \/>\n<link rel=\"canonical\" href=\"https:\/\/webknjizara.hr\/proizvod\/kraljice-sahovnice-dario-krpan\/\" \/>\n<meta property=\"og:locale\" content=\"en_US\" \/>\n<meta property=\"og:type\" content=\"article\" \/>\n<meta property=\"og:title\" content=\"KRALJICE \u0160AHOVNICE, Dario Krpan - Web-knji\u017eara\" \/>\n<meta property=\"og:description\" content=\"\u00a0 Sa\u017eetak: Radnja ove knjige je neznatna pa se nema \u0161to sa\u017eeti. Ideje su premnogobrojne pa se ni one ne mogu sa\u017eeti. Jedino \u0161to se mo\u017ee sa\u017eeti je na\u010din na koji je knjiga pisana i kako se treba \u010ditati. Tema je nastala jo\u0161 2003. u rap pjesmi \u201cKraljice \u0160ahovnice\u201d koja je snimljena, ali nikad objavljena. [&hellip;]\" \/>\n<meta property=\"og:url\" content=\"https:\/\/webknjizara.hr\/proizvod\/kraljice-sahovnice-dario-krpan\/\" \/>\n<meta property=\"og:site_name\" content=\"Web-knji\u017eara\" \/>\n<meta property=\"article:modified_time\" content=\"2023-02-26T23:15:39+00:00\" \/>\n<meta property=\"og:image\" content=\"https:\/\/webknjizara.hr\/wp-content\/uploads\/nc\/images\/virtuemart\/product\/kraljice-ahovn-4f225c7904360.jpg\" \/>\n\t<meta property=\"og:image:width\" content=\"295\" \/>\n\t<meta property=\"og:image:height\" content=\"420\" \/>\n\t<meta property=\"og:image:type\" content=\"image\/jpeg\" \/>\n<meta name=\"twitter:card\" content=\"summary_large_image\" \/>\n<meta name=\"twitter:label1\" content=\"Est. reading time\" \/>\n\t<meta name=\"twitter:data1\" content=\"3 minutes\" \/>\n<script type=\"application\/ld+json\" class=\"yoast-schema-graph\">{\"@context\":\"https:\\\/\\\/schema.org\",\"@graph\":[{\"@type\":\"WebPage\",\"@id\":\"https:\\\/\\\/webknjizara.hr\\\/proizvod\\\/kraljice-sahovnice-dario-krpan\\\/\",\"url\":\"https:\\\/\\\/webknjizara.hr\\\/proizvod\\\/kraljice-sahovnice-dario-krpan\\\/\",\"name\":\"KRALJICE \u0160AHOVNICE, Dario Krpan - Web-knji\u017eara\",\"isPartOf\":{\"@id\":\"https:\\\/\\\/webknjizara.hr\\\/#website\"},\"primaryImageOfPage\":{\"@id\":\"https:\\\/\\\/webknjizara.hr\\\/proizvod\\\/kraljice-sahovnice-dario-krpan\\\/#primaryimage\"},\"image\":{\"@id\":\"https:\\\/\\\/webknjizara.hr\\\/proizvod\\\/kraljice-sahovnice-dario-krpan\\\/#primaryimage\"},\"thumbnailUrl\":\"https:\\\/\\\/webknjizara.hr\\\/wp-content\\\/uploads\\\/nc\\\/images\\\/virtuemart\\\/product\\\/kraljice-ahovn-4f225c7904360.jpg\",\"datePublished\":\"2012-01-27T08:12:41+00:00\",\"dateModified\":\"2023-02-26T23:15:39+00:00\",\"breadcrumb\":{\"@id\":\"https:\\\/\\\/webknjizara.hr\\\/proizvod\\\/kraljice-sahovnice-dario-krpan\\\/#breadcrumb\"},\"inLanguage\":\"en-US\",\"potentialAction\":[{\"@type\":\"ReadAction\",\"target\":[\"https:\\\/\\\/webknjizara.hr\\\/proizvod\\\/kraljice-sahovnice-dario-krpan\\\/\"]}]},{\"@type\":\"ImageObject\",\"inLanguage\":\"en-US\",\"@id\":\"https:\\\/\\\/webknjizara.hr\\\/proizvod\\\/kraljice-sahovnice-dario-krpan\\\/#primaryimage\",\"url\":\"https:\\\/\\\/webknjizara.hr\\\/wp-content\\\/uploads\\\/nc\\\/images\\\/virtuemart\\\/product\\\/kraljice-ahovn-4f225c7904360.jpg\",\"contentUrl\":\"https:\\\/\\\/webknjizara.hr\\\/wp-content\\\/uploads\\\/nc\\\/images\\\/virtuemart\\\/product\\\/kraljice-ahovn-4f225c7904360.jpg\",\"width\":295,\"height\":420,\"caption\":\"KRALJICE \u0160AHOVNICE, Dario Krpan\"},{\"@type\":\"BreadcrumbList\",\"@id\":\"https:\\\/\\\/webknjizara.hr\\\/proizvod\\\/kraljice-sahovnice-dario-krpan\\\/#breadcrumb\",\"itemListElement\":[{\"@type\":\"ListItem\",\"position\":1,\"name\":\"Po\u010detna stranica\",\"item\":\"https:\\\/\\\/webknjizara.hr\\\/en\\\/\"},{\"@type\":\"ListItem\",\"position\":2,\"name\":\"Shop\",\"item\":\"https:\\\/\\\/webknjizara.hr\\\/shop\\\/\"},{\"@type\":\"ListItem\",\"position\":3,\"name\":\"KRALJICE \u0160AHOVNICE, Dario Krpan\"}]},{\"@type\":\"WebSite\",\"@id\":\"https:\\\/\\\/webknjizara.hr\\\/#website\",\"url\":\"https:\\\/\\\/webknjizara.hr\\\/\",\"name\":\"Web Knji\u017eara\",\"description\":\"\",\"publisher\":{\"@id\":\"https:\\\/\\\/webknjizara.hr\\\/#organization\"},\"potentialAction\":[{\"@type\":\"SearchAction\",\"target\":{\"@type\":\"EntryPoint\",\"urlTemplate\":\"https:\\\/\\\/webknjizara.hr\\\/?s={search_term_string}\"},\"query-input\":{\"@type\":\"PropertyValueSpecification\",\"valueRequired\":true,\"valueName\":\"search_term_string\"}}],\"inLanguage\":\"en-US\"},{\"@type\":\"Organization\",\"@id\":\"https:\\\/\\\/webknjizara.hr\\\/#organization\",\"name\":\"REDAK D.O.O.\",\"url\":\"https:\\\/\\\/webknjizara.hr\\\/\",\"logo\":{\"@type\":\"ImageObject\",\"inLanguage\":\"en-US\",\"@id\":\"https:\\\/\\\/webknjizara.hr\\\/#\\\/schema\\\/logo\\\/image\\\/\",\"url\":\"https:\\\/\\\/webknjizara.hr\\\/wp-content\\\/uploads\\\/2023\\\/01\\\/web-knjizara-logo.webp\",\"contentUrl\":\"https:\\\/\\\/webknjizara.hr\\\/wp-content\\\/uploads\\\/2023\\\/01\\\/web-knjizara-logo.webp\",\"width\":324,\"height\":79,\"caption\":\"REDAK D.O.O.\"},\"image\":{\"@id\":\"https:\\\/\\\/webknjizara.hr\\\/#\\\/schema\\\/logo\\\/image\\\/\"}}]}<\/script>\n<!-- \/ Yoast SEO plugin. -->","yoast_head_json":{"title":"KRALJICE \u0160AHOVNICE, Dario Krpan - Web-knji\u017eara","robots":{"index":"index","follow":"follow","max-snippet":"max-snippet:-1","max-image-preview":"max-image-preview:large","max-video-preview":"max-video-preview:-1"},"canonical":"https:\/\/webknjizara.hr\/proizvod\/kraljice-sahovnice-dario-krpan\/","og_locale":"en_US","og_type":"article","og_title":"KRALJICE \u0160AHOVNICE, Dario Krpan - Web-knji\u017eara","og_description":"\u00a0 Sa\u017eetak: Radnja ove knjige je neznatna pa se nema \u0161to sa\u017eeti. Ideje su premnogobrojne pa se ni one ne mogu sa\u017eeti. Jedino \u0161to se mo\u017ee sa\u017eeti je na\u010din na koji je knjiga pisana i kako se treba \u010ditati. Tema je nastala jo\u0161 2003. u rap pjesmi \u201cKraljice \u0160ahovnice\u201d koja je snimljena, ali nikad objavljena. [&hellip;]","og_url":"https:\/\/webknjizara.hr\/proizvod\/kraljice-sahovnice-dario-krpan\/","og_site_name":"Web-knji\u017eara","article_modified_time":"2023-02-26T23:15:39+00:00","og_image":[{"width":295,"height":420,"url":"https:\/\/webknjizara.hr\/wp-content\/uploads\/nc\/images\/virtuemart\/product\/kraljice-ahovn-4f225c7904360.jpg","type":"image\/jpeg"}],"twitter_card":"summary_large_image","twitter_misc":{"Est. reading time":"3 minutes"},"schema":{"@context":"https:\/\/schema.org","@graph":[{"@type":"WebPage","@id":"https:\/\/webknjizara.hr\/proizvod\/kraljice-sahovnice-dario-krpan\/","url":"https:\/\/webknjizara.hr\/proizvod\/kraljice-sahovnice-dario-krpan\/","name":"KRALJICE \u0160AHOVNICE, Dario Krpan - Web-knji\u017eara","isPartOf":{"@id":"https:\/\/webknjizara.hr\/#website"},"primaryImageOfPage":{"@id":"https:\/\/webknjizara.hr\/proizvod\/kraljice-sahovnice-dario-krpan\/#primaryimage"},"image":{"@id":"https:\/\/webknjizara.hr\/proizvod\/kraljice-sahovnice-dario-krpan\/#primaryimage"},"thumbnailUrl":"https:\/\/webknjizara.hr\/wp-content\/uploads\/nc\/images\/virtuemart\/product\/kraljice-ahovn-4f225c7904360.jpg","datePublished":"2012-01-27T08:12:41+00:00","dateModified":"2023-02-26T23:15:39+00:00","breadcrumb":{"@id":"https:\/\/webknjizara.hr\/proizvod\/kraljice-sahovnice-dario-krpan\/#breadcrumb"},"inLanguage":"en-US","potentialAction":[{"@type":"ReadAction","target":["https:\/\/webknjizara.hr\/proizvod\/kraljice-sahovnice-dario-krpan\/"]}]},{"@type":"ImageObject","inLanguage":"en-US","@id":"https:\/\/webknjizara.hr\/proizvod\/kraljice-sahovnice-dario-krpan\/#primaryimage","url":"https:\/\/webknjizara.hr\/wp-content\/uploads\/nc\/images\/virtuemart\/product\/kraljice-ahovn-4f225c7904360.jpg","contentUrl":"https:\/\/webknjizara.hr\/wp-content\/uploads\/nc\/images\/virtuemart\/product\/kraljice-ahovn-4f225c7904360.jpg","width":295,"height":420,"caption":"KRALJICE \u0160AHOVNICE, Dario Krpan"},{"@type":"BreadcrumbList","@id":"https:\/\/webknjizara.hr\/proizvod\/kraljice-sahovnice-dario-krpan\/#breadcrumb","itemListElement":[{"@type":"ListItem","position":1,"name":"Po\u010detna stranica","item":"https:\/\/webknjizara.hr\/en\/"},{"@type":"ListItem","position":2,"name":"Shop","item":"https:\/\/webknjizara.hr\/shop\/"},{"@type":"ListItem","position":3,"name":"KRALJICE \u0160AHOVNICE, Dario Krpan"}]},{"@type":"WebSite","@id":"https:\/\/webknjizara.hr\/#website","url":"https:\/\/webknjizara.hr\/","name":"Web Knji\u017eara","description":"","publisher":{"@id":"https:\/\/webknjizara.hr\/#organization"},"potentialAction":[{"@type":"SearchAction","target":{"@type":"EntryPoint","urlTemplate":"https:\/\/webknjizara.hr\/?s={search_term_string}"},"query-input":{"@type":"PropertyValueSpecification","valueRequired":true,"valueName":"search_term_string"}}],"inLanguage":"en-US"},{"@type":"Organization","@id":"https:\/\/webknjizara.hr\/#organization","name":"REDAK D.O.O.","url":"https:\/\/webknjizara.hr\/","logo":{"@type":"ImageObject","inLanguage":"en-US","@id":"https:\/\/webknjizara.hr\/#\/schema\/logo\/image\/","url":"https:\/\/webknjizara.hr\/wp-content\/uploads\/2023\/01\/web-knjizara-logo.webp","contentUrl":"https:\/\/webknjizara.hr\/wp-content\/uploads\/2023\/01\/web-knjizara-logo.webp","width":324,"height":79,"caption":"REDAK D.O.O."},"image":{"@id":"https:\/\/webknjizara.hr\/#\/schema\/logo\/image\/"}}]}},"_links":{"self":[{"href":"https:\/\/webknjizara.hr\/en\/wp-json\/wp\/v2\/product\/7457","targetHints":{"allow":["GET"]}}],"collection":[{"href":"https:\/\/webknjizara.hr\/en\/wp-json\/wp\/v2\/product"}],"about":[{"href":"https:\/\/webknjizara.hr\/en\/wp-json\/wp\/v2\/types\/product"}],"replies":[{"embeddable":true,"href":"https:\/\/webknjizara.hr\/en\/wp-json\/wp\/v2\/comments?post=7457"}],"wp:featuredmedia":[{"embeddable":true,"href":"https:\/\/webknjizara.hr\/en\/wp-json\/wp\/v2\/media\/7458"}],"wp:attachment":[{"href":"https:\/\/webknjizara.hr\/en\/wp-json\/wp\/v2\/media?parent=7457"}],"wp:term":[{"taxonomy":"product_brand","embeddable":true,"href":"https:\/\/webknjizara.hr\/en\/wp-json\/wp\/v2\/product_brand?post=7457"},{"taxonomy":"product_cat","embeddable":true,"href":"https:\/\/webknjizara.hr\/en\/wp-json\/wp\/v2\/product_cat?post=7457"},{"taxonomy":"product_tag","embeddable":true,"href":"https:\/\/webknjizara.hr\/en\/wp-json\/wp\/v2\/product_tag?post=7457"}],"curies":[{"name":"wp","href":"https:\/\/api.w.org\/{rel}","templated":true}]}}