{"id":7453,"date":"2012-01-06T23:41:09","date_gmt":"2012-01-06T23:41:09","guid":{"rendered":"https:\/\/webknjizara.hr\/?product=obiteljska-medicina-odabrana-poglavlja-m-rumboldt-d-petric"},"modified":"2023-02-27T00:15:39","modified_gmt":"2023-02-26T23:15:39","slug":"obiteljska-medicina-odabrana-poglavlja-m-rumboldt-d-petric","status":"publish","type":"product","link":"https:\/\/webknjizara.hr\/en\/proizvod\/obiteljska-medicina-odabrana-poglavlja-m-rumboldt-d-petric\/","title":{"rendered":"OBITELJSKA MEDICINA &#8211; ODABRANA POGLAVLJA, M. Rumboldt, D. Petric"},"content":{"rendered":"<p>\u00a0<\/p>\n<p><strong>Sa\u017eetak:<\/strong><\/p>\n<p style=\"text-align: justify;\">Obiteljska medicina \u2013 odabrana poglavlja je ud\u017ebenik (350 stranica sa 46 poglavlja, 52 tablice 16 slika i dijagrama te 308 referencija) na\u010dinjen prvenstveno za potrebe dodiplomske nastave. Knjiga je podijeljena u tri dijela: prvi, op\u0107i dio sadr\u017eava teme koje se odnose na upoznavanje s djelokrugom rada lije\u010dnika obiteljske medicine, mjestom i ulogom obiteljske medicine kao struke i akademske discipline u zdravstvu i u akademskoj zajednici. Zatim su razmotreni op\u0107i principi komunikacije, deontolo\u0161ka na\u010dela i prava pacijenata, te kvaliteta i kvantiteta \u017eivota uz danas vrlo aktualnu za\u0161titu mentalnog zdravlja. U drugom dijelu su obra\u0111eni razni nozolo\u0161ki entiteti, odnosno simptomi zbog kojih pacijenti dolaze u ordinaciju, npr. glavobolja, vrtoglavica, bol u trbuhu, seksualne disfunkcije, povi\u0161ena temperatura, sindrom bolnih le\u0111a, poreme\u0107aji spavanja, gojaznost i sl. Tre\u0107i dio je posve\u0107en naj\u010de\u0161\u0107im bolestima u ordinaciji lije\u010dnika obiteljske medicine, npr.\u00a0 hipertenziji, dijabetesu, akutnim i kroni\u010dnim respiratornim bolestima, ali i onima koje imaju poseban, specifi\u010dan pristup na razini primarne zdravstvene za\u0161tite. Na kraju je dan kratki podsjetnik ispravnog pisanja dijagnoza latinskim jezikom.<\/p>\n<p><strong>Bilje\u0161ka o autorima: <\/strong><\/p>\n<p><strong style=\"text-align: justify;\">Prof. dr. sc. Mirjana Rumboldt<\/strong><span style=\"text-align: justify;\">\u00a0objavila je preko 200 znanstvenih i\/ili stru\u010dnih radova te vi\u0161e nastavnih knjiga; nakladna tvrtka Redak je npr. tiskala ve\u0107 dva izdanja ud\u017ebenika\u00a0<\/span><a href=\"hr\/component\/virtuemart\/?page=shop.product_details&#038;flypage=flypage.tpl&#038;category_id=31&#038;product_id=160\" target=\"_blank\" style=\"text-align: justify;\" rel=\"noopener\">\u201eObiteljska medicina\u201c<\/a><span style=\"text-align: justify;\">\u00a0i dva izdanja priru\u010dnika\u00a0<\/span><a href=\"hr\/component\/virtuemart\/?page=shop.product_details&#038;flypage=flypage.tpl&#038;category_id=31&#038;product_id=366\" target=\"_blank\" style=\"text-align: justify;\" rel=\"noopener\">\u201eOSCE\/OSKI&#8221;<\/a><span style=\"text-align: justify;\">. Praktikum vje\u0161tina za studente i specijalizante obiteljske medicine\u201c i poglavlja u drugim knjigama. Urednica ud\u017ebenika i autorica 17 od 65 poglavlja (26%).\u00a0<\/span><br style=\"text-align: justify;\" \/><br style=\"text-align: justify;\" \/><strong style=\"text-align: justify;\">Prim.dr. med. Dragomir Petric<\/strong><span style=\"text-align: justify;\">\u00a0objavio je 98 stru\u010dnih i znanstvenih radova u doma\u0107im i stranim \u010dasopisima kao i poglavlja u knjigama. Kourednik je dva izdanja studentskog ud\u017ebenika\u00a0<\/span><a href=\"hr\/component\/virtuemart\/?page=shop.product_details&#038;flypage=flypage.tpl&#038;category_id=31&#038;product_id=160\" target=\"_blank\" style=\"text-align: justify;\" rel=\"noopener\">\u201eObiteljska medicina\u201c<\/a><span style=\"text-align: justify;\">\u00a0s 9 napisanih poglavlja kao i drugog izdanja Praktikuma vje\u0161tina\u00a0<\/span><a href=\"hr\/component\/virtuemart\/?page=shop.product_details&#038;flypage=flypage.tpl&#038;category_id=31&#038;product_id=366\" target=\"_blank\" style=\"text-align: justify;\" rel=\"noopener\">\u201eOSCE\/OSKI\u201c<\/a><span style=\"text-align: justify;\">.<\/span><\/p>\n<p><strong>Klju\u010dne rije\u010di: <\/strong>obiteljska medicina, odabrana poglavlja, ud\u017ebenik, katedra obiteljske medicine, nastava<\/p>\n<p><strong>Link: <\/strong><a href=\"http:\/\/neuron.mefst.hr\/docs\/katedre\/obiteljska_m\/CV MR novi.doc\">Mirjana Rumboldt<\/a><br \/><strong>E-mail:<br \/><\/strong> <br \/><strong>Naslov:<\/strong> Obiteljska medicina &#8211; odabrana poglavlja<br \/><strong>Autor:<\/strong> Mirjana Rumboldt, Dragomir Petric<br \/><strong>Broj stranica:<\/strong> 352<br \/><strong>Nakladnik:<\/strong> REDAK<br \/><strong>Godina izdanja:<\/strong> 2011<br \/><strong>ISBN:<\/strong> 978-953-7595-74-6<br \/><strong>Tisak:<\/strong> digitalni tisak knjiga &#8211; print na zahtjev\u00a0<\/p>\n<hr \/>\n<p style=\"text-align: justify;\"><strong>Kako naru\u010diti knjigu?\u00a0<\/strong>Proces online kupovine jednako funkcionira za sve kupce, s jedinom razlikom u tome \u0161to \u0161to kupci iz inozemstva za podru\u010dje dostave moraju odabrati &#8220;Europa&#8221; ili &#8220;Ostale zemlje svijeta&#8221;, a za vrstu pla\u0107anja WSPay (kreditna kartica) ili Virmanom (bankovni transfer).<\/p>\n<p style=\"text-align: justify;\">Molimo kliknite ovdje za\u00a0<a href=\"hr\/kako-kupovati\" target=\"_blank\" rel=\"noopener\">detaljni vodi\u010d kroz proces narud\u017ebe<\/a>\u00a0ili nas\u00a0<a href=\"hr\/kontakt\" target=\"_blank\" rel=\"noopener\">kontaktirajte<\/a>\u00a0za vi\u0161e informacija.<\/p>\n","protected":false},"excerpt":{"rendered":"<p>Mirjana Rumboldt, Dragomir Petric<\/p>\n","protected":false},"featured_media":7454,"comment_status":"open","ping_status":"closed","template":"","meta":{"_acf_changed":false},"product_brand":[],"product_cat":[1539],"product_tag":[],"class_list":{"0":"post-7453","1":"product","2":"type-product","3":"status-publish","4":"has-post-thumbnail","6":"product_cat-sveucilisni-udzbenici-i-prirucnici","7":"pa_autor-dragomir-petric","8":"pa_autor-mirjana-rumboldt","9":"pa_nakladnik-redak","11":"first","12":"instock","13":"shipping-taxable","14":"purchasable","15":"product-type-simple"},"acf":[],"yoast_head":"<!-- This site is optimized with the Yoast SEO plugin v27.3 - https:\/\/yoast.com\/product\/yoast-seo-wordpress\/ -->\n<title>OBITELJSKA MEDICINA - ODABRANA POGLAVLJA, M. Rumboldt, D. Petric - Web-knji\u017eara<\/title>\n<meta name=\"robots\" content=\"index, follow, max-snippet:-1, max-image-preview:large, max-video-preview:-1\" \/>\n<link rel=\"canonical\" href=\"https:\/\/webknjizara.hr\/proizvod\/obiteljska-medicina-odabrana-poglavlja-m-rumboldt-d-petric\/\" \/>\n<meta property=\"og:locale\" content=\"en_US\" \/>\n<meta property=\"og:type\" content=\"article\" \/>\n<meta property=\"og:title\" content=\"OBITELJSKA MEDICINA - ODABRANA POGLAVLJA, M. Rumboldt, D. Petric - Web-knji\u017eara\" \/>\n<meta property=\"og:description\" content=\"Mirjana Rumboldt, Dragomir Petric\" \/>\n<meta property=\"og:url\" content=\"https:\/\/webknjizara.hr\/proizvod\/obiteljska-medicina-odabrana-poglavlja-m-rumboldt-d-petric\/\" \/>\n<meta property=\"og:site_name\" content=\"Web-knji\u017eara\" \/>\n<meta property=\"article:modified_time\" content=\"2023-02-26T23:15:39+00:00\" \/>\n<meta property=\"og:image\" content=\"https:\/\/webknjizara.hr\/wp-content\/uploads\/nc\/images\/virtuemart\/product\/obiteljska-medic-4f081e5a5987d.jpg\" \/>\n\t<meta property=\"og:image:width\" content=\"295\" \/>\n\t<meta property=\"og:image:height\" content=\"412\" \/>\n\t<meta property=\"og:image:type\" content=\"image\/jpeg\" \/>\n<meta name=\"twitter:card\" content=\"summary_large_image\" \/>\n<meta name=\"twitter:label1\" content=\"Est. reading time\" \/>\n\t<meta name=\"twitter:data1\" content=\"2 minutes\" \/>\n<script type=\"application\/ld+json\" class=\"yoast-schema-graph\">{\"@context\":\"https:\\\/\\\/schema.org\",\"@graph\":[{\"@type\":\"WebPage\",\"@id\":\"https:\\\/\\\/webknjizara.hr\\\/proizvod\\\/obiteljska-medicina-odabrana-poglavlja-m-rumboldt-d-petric\\\/\",\"url\":\"https:\\\/\\\/webknjizara.hr\\\/proizvod\\\/obiteljska-medicina-odabrana-poglavlja-m-rumboldt-d-petric\\\/\",\"name\":\"OBITELJSKA MEDICINA - ODABRANA POGLAVLJA, M. Rumboldt, D. Petric - Web-knji\u017eara\",\"isPartOf\":{\"@id\":\"https:\\\/\\\/webknjizara.hr\\\/#website\"},\"primaryImageOfPage\":{\"@id\":\"https:\\\/\\\/webknjizara.hr\\\/proizvod\\\/obiteljska-medicina-odabrana-poglavlja-m-rumboldt-d-petric\\\/#primaryimage\"},\"image\":{\"@id\":\"https:\\\/\\\/webknjizara.hr\\\/proizvod\\\/obiteljska-medicina-odabrana-poglavlja-m-rumboldt-d-petric\\\/#primaryimage\"},\"thumbnailUrl\":\"https:\\\/\\\/webknjizara.hr\\\/wp-content\\\/uploads\\\/nc\\\/images\\\/virtuemart\\\/product\\\/obiteljska-medic-4f081e5a5987d.jpg\",\"datePublished\":\"2012-01-06T23:41:09+00:00\",\"dateModified\":\"2023-02-26T23:15:39+00:00\",\"breadcrumb\":{\"@id\":\"https:\\\/\\\/webknjizara.hr\\\/proizvod\\\/obiteljska-medicina-odabrana-poglavlja-m-rumboldt-d-petric\\\/#breadcrumb\"},\"inLanguage\":\"en-US\",\"potentialAction\":[{\"@type\":\"ReadAction\",\"target\":[\"https:\\\/\\\/webknjizara.hr\\\/proizvod\\\/obiteljska-medicina-odabrana-poglavlja-m-rumboldt-d-petric\\\/\"]}]},{\"@type\":\"ImageObject\",\"inLanguage\":\"en-US\",\"@id\":\"https:\\\/\\\/webknjizara.hr\\\/proizvod\\\/obiteljska-medicina-odabrana-poglavlja-m-rumboldt-d-petric\\\/#primaryimage\",\"url\":\"https:\\\/\\\/webknjizara.hr\\\/wp-content\\\/uploads\\\/nc\\\/images\\\/virtuemart\\\/product\\\/obiteljska-medic-4f081e5a5987d.jpg\",\"contentUrl\":\"https:\\\/\\\/webknjizara.hr\\\/wp-content\\\/uploads\\\/nc\\\/images\\\/virtuemart\\\/product\\\/obiteljska-medic-4f081e5a5987d.jpg\",\"width\":295,\"height\":412,\"caption\":\"OBITELJSKA MEDICINA - ODABRANA POGLAVLJA, M. Rumboldt, D. Petric\"},{\"@type\":\"BreadcrumbList\",\"@id\":\"https:\\\/\\\/webknjizara.hr\\\/proizvod\\\/obiteljska-medicina-odabrana-poglavlja-m-rumboldt-d-petric\\\/#breadcrumb\",\"itemListElement\":[{\"@type\":\"ListItem\",\"position\":1,\"name\":\"Po\u010detna stranica\",\"item\":\"https:\\\/\\\/webknjizara.hr\\\/en\\\/\"},{\"@type\":\"ListItem\",\"position\":2,\"name\":\"Shop\",\"item\":\"https:\\\/\\\/webknjizara.hr\\\/shop\\\/\"},{\"@type\":\"ListItem\",\"position\":3,\"name\":\"OBITELJSKA MEDICINA &#8211; ODABRANA POGLAVLJA, M. Rumboldt, D. Petric\"}]},{\"@type\":\"WebSite\",\"@id\":\"https:\\\/\\\/webknjizara.hr\\\/#website\",\"url\":\"https:\\\/\\\/webknjizara.hr\\\/\",\"name\":\"Web Knji\u017eara\",\"description\":\"\",\"publisher\":{\"@id\":\"https:\\\/\\\/webknjizara.hr\\\/#organization\"},\"potentialAction\":[{\"@type\":\"SearchAction\",\"target\":{\"@type\":\"EntryPoint\",\"urlTemplate\":\"https:\\\/\\\/webknjizara.hr\\\/?s={search_term_string}\"},\"query-input\":{\"@type\":\"PropertyValueSpecification\",\"valueRequired\":true,\"valueName\":\"search_term_string\"}}],\"inLanguage\":\"en-US\"},{\"@type\":\"Organization\",\"@id\":\"https:\\\/\\\/webknjizara.hr\\\/#organization\",\"name\":\"REDAK D.O.O.\",\"url\":\"https:\\\/\\\/webknjizara.hr\\\/\",\"logo\":{\"@type\":\"ImageObject\",\"inLanguage\":\"en-US\",\"@id\":\"https:\\\/\\\/webknjizara.hr\\\/#\\\/schema\\\/logo\\\/image\\\/\",\"url\":\"https:\\\/\\\/webknjizara.hr\\\/wp-content\\\/uploads\\\/2023\\\/01\\\/web-knjizara-logo.webp\",\"contentUrl\":\"https:\\\/\\\/webknjizara.hr\\\/wp-content\\\/uploads\\\/2023\\\/01\\\/web-knjizara-logo.webp\",\"width\":324,\"height\":79,\"caption\":\"REDAK D.O.O.\"},\"image\":{\"@id\":\"https:\\\/\\\/webknjizara.hr\\\/#\\\/schema\\\/logo\\\/image\\\/\"}}]}<\/script>\n<!-- \/ Yoast SEO plugin. -->","yoast_head_json":{"title":"OBITELJSKA MEDICINA - ODABRANA POGLAVLJA, M. Rumboldt, D. Petric - Web-knji\u017eara","robots":{"index":"index","follow":"follow","max-snippet":"max-snippet:-1","max-image-preview":"max-image-preview:large","max-video-preview":"max-video-preview:-1"},"canonical":"https:\/\/webknjizara.hr\/proizvod\/obiteljska-medicina-odabrana-poglavlja-m-rumboldt-d-petric\/","og_locale":"en_US","og_type":"article","og_title":"OBITELJSKA MEDICINA - ODABRANA POGLAVLJA, M. Rumboldt, D. Petric - Web-knji\u017eara","og_description":"Mirjana Rumboldt, Dragomir Petric","og_url":"https:\/\/webknjizara.hr\/proizvod\/obiteljska-medicina-odabrana-poglavlja-m-rumboldt-d-petric\/","og_site_name":"Web-knji\u017eara","article_modified_time":"2023-02-26T23:15:39+00:00","og_image":[{"width":295,"height":412,"url":"https:\/\/webknjizara.hr\/wp-content\/uploads\/nc\/images\/virtuemart\/product\/obiteljska-medic-4f081e5a5987d.jpg","type":"image\/jpeg"}],"twitter_card":"summary_large_image","twitter_misc":{"Est. reading time":"2 minutes"},"schema":{"@context":"https:\/\/schema.org","@graph":[{"@type":"WebPage","@id":"https:\/\/webknjizara.hr\/proizvod\/obiteljska-medicina-odabrana-poglavlja-m-rumboldt-d-petric\/","url":"https:\/\/webknjizara.hr\/proizvod\/obiteljska-medicina-odabrana-poglavlja-m-rumboldt-d-petric\/","name":"OBITELJSKA MEDICINA - ODABRANA POGLAVLJA, M. Rumboldt, D. Petric - Web-knji\u017eara","isPartOf":{"@id":"https:\/\/webknjizara.hr\/#website"},"primaryImageOfPage":{"@id":"https:\/\/webknjizara.hr\/proizvod\/obiteljska-medicina-odabrana-poglavlja-m-rumboldt-d-petric\/#primaryimage"},"image":{"@id":"https:\/\/webknjizara.hr\/proizvod\/obiteljska-medicina-odabrana-poglavlja-m-rumboldt-d-petric\/#primaryimage"},"thumbnailUrl":"https:\/\/webknjizara.hr\/wp-content\/uploads\/nc\/images\/virtuemart\/product\/obiteljska-medic-4f081e5a5987d.jpg","datePublished":"2012-01-06T23:41:09+00:00","dateModified":"2023-02-26T23:15:39+00:00","breadcrumb":{"@id":"https:\/\/webknjizara.hr\/proizvod\/obiteljska-medicina-odabrana-poglavlja-m-rumboldt-d-petric\/#breadcrumb"},"inLanguage":"en-US","potentialAction":[{"@type":"ReadAction","target":["https:\/\/webknjizara.hr\/proizvod\/obiteljska-medicina-odabrana-poglavlja-m-rumboldt-d-petric\/"]}]},{"@type":"ImageObject","inLanguage":"en-US","@id":"https:\/\/webknjizara.hr\/proizvod\/obiteljska-medicina-odabrana-poglavlja-m-rumboldt-d-petric\/#primaryimage","url":"https:\/\/webknjizara.hr\/wp-content\/uploads\/nc\/images\/virtuemart\/product\/obiteljska-medic-4f081e5a5987d.jpg","contentUrl":"https:\/\/webknjizara.hr\/wp-content\/uploads\/nc\/images\/virtuemart\/product\/obiteljska-medic-4f081e5a5987d.jpg","width":295,"height":412,"caption":"OBITELJSKA MEDICINA - ODABRANA POGLAVLJA, M. Rumboldt, D. Petric"},{"@type":"BreadcrumbList","@id":"https:\/\/webknjizara.hr\/proizvod\/obiteljska-medicina-odabrana-poglavlja-m-rumboldt-d-petric\/#breadcrumb","itemListElement":[{"@type":"ListItem","position":1,"name":"Po\u010detna stranica","item":"https:\/\/webknjizara.hr\/en\/"},{"@type":"ListItem","position":2,"name":"Shop","item":"https:\/\/webknjizara.hr\/shop\/"},{"@type":"ListItem","position":3,"name":"OBITELJSKA MEDICINA &#8211; ODABRANA POGLAVLJA, M. Rumboldt, D. Petric"}]},{"@type":"WebSite","@id":"https:\/\/webknjizara.hr\/#website","url":"https:\/\/webknjizara.hr\/","name":"Web Knji\u017eara","description":"","publisher":{"@id":"https:\/\/webknjizara.hr\/#organization"},"potentialAction":[{"@type":"SearchAction","target":{"@type":"EntryPoint","urlTemplate":"https:\/\/webknjizara.hr\/?s={search_term_string}"},"query-input":{"@type":"PropertyValueSpecification","valueRequired":true,"valueName":"search_term_string"}}],"inLanguage":"en-US"},{"@type":"Organization","@id":"https:\/\/webknjizara.hr\/#organization","name":"REDAK D.O.O.","url":"https:\/\/webknjizara.hr\/","logo":{"@type":"ImageObject","inLanguage":"en-US","@id":"https:\/\/webknjizara.hr\/#\/schema\/logo\/image\/","url":"https:\/\/webknjizara.hr\/wp-content\/uploads\/2023\/01\/web-knjizara-logo.webp","contentUrl":"https:\/\/webknjizara.hr\/wp-content\/uploads\/2023\/01\/web-knjizara-logo.webp","width":324,"height":79,"caption":"REDAK D.O.O."},"image":{"@id":"https:\/\/webknjizara.hr\/#\/schema\/logo\/image\/"}}]}},"_links":{"self":[{"href":"https:\/\/webknjizara.hr\/en\/wp-json\/wp\/v2\/product\/7453","targetHints":{"allow":["GET"]}}],"collection":[{"href":"https:\/\/webknjizara.hr\/en\/wp-json\/wp\/v2\/product"}],"about":[{"href":"https:\/\/webknjizara.hr\/en\/wp-json\/wp\/v2\/types\/product"}],"replies":[{"embeddable":true,"href":"https:\/\/webknjizara.hr\/en\/wp-json\/wp\/v2\/comments?post=7453"}],"wp:featuredmedia":[{"embeddable":true,"href":"https:\/\/webknjizara.hr\/en\/wp-json\/wp\/v2\/media\/7454"}],"wp:attachment":[{"href":"https:\/\/webknjizara.hr\/en\/wp-json\/wp\/v2\/media?parent=7453"}],"wp:term":[{"taxonomy":"product_brand","embeddable":true,"href":"https:\/\/webknjizara.hr\/en\/wp-json\/wp\/v2\/product_brand?post=7453"},{"taxonomy":"product_cat","embeddable":true,"href":"https:\/\/webknjizara.hr\/en\/wp-json\/wp\/v2\/product_cat?post=7453"},{"taxonomy":"product_tag","embeddable":true,"href":"https:\/\/webknjizara.hr\/en\/wp-json\/wp\/v2\/product_tag?post=7453"}],"curies":[{"name":"wp","href":"https:\/\/api.w.org\/{rel}","templated":true}]}}