{"id":7445,"date":"2011-12-17T01:50:08","date_gmt":"2011-12-17T01:50:08","guid":{"rendered":"https:\/\/webknjizara.hr\/?product=sjecanje-duse-zorica-zukic-krc"},"modified":"2023-02-27T00:15:38","modified_gmt":"2023-02-26T23:15:38","slug":"sjecanje-duse-zorica-zukic-krc","status":"publish","type":"product","link":"https:\/\/webknjizara.hr\/en\/proizvod\/sjecanje-duse-zorica-zukic-krc\/","title":{"rendered":"SJE\u0106ANJE DU\u0160E, Zorica Zuki\u0107-Kr\u010d"},"content":{"rendered":"<p style=\"text-align: justify;\">\u00a0<\/p>\n<p style=\"text-align: justify;\"><strong>Sa\u017eetak:<\/strong><\/p>\n<p style=\"text-align: justify;\"><em>Brojno\u0161\u0107u svojih lica i oblika &#8211; svejedno je li glasna ili tiha, zvu\u010dna ili pritajena, je li satkana od velikih ili malih rije\u010di \u2013 poezija na svoj na\u010din i svojim sredstvima, \u010desto u istoj rije\u010di ili slici\/metafori, otkriva i sakriva \u010dovjekova duboka i nedoku\u010diva prostranstva, slutnje i nemire, nadanja i klonu\u0107a. Kao najdublji izraz \u010dovjekove duhovnosti, ona je duboki i neprekinuti \u010dovjekov govor sa sobom i stanjima uznemirena pejza\u017ea du\u0161e. A upravo je du\u0161a, sinonim i metafora i drugo lice \u010dovjekova svijeta, i u nazivniku ove duboko intimne knjige. Ona oprostoruje njezine koordinate, motivske i tematske registre, raspore\u0111uje unutarnji kolorit, pokre\u0107e emocionalna raspolo\u017eenja, metaforiku, slikovnost\u2026 . I vi\u0161e od toga: sje\u0107anja du\u0161e, da se poslu\u017eimo naslovnom odrednicom, u svojim odjecima i tragovima skrivaju i istovremeno otkrivaju svijet i svijest \u017eenskoga pjesni\u010dkog subjekta koji zagonetkom slova nastoji ostaviti svoj trag, uvjeren da je smirenje mogu\u0107e tek onda kada se navedeni teret podijeli s drugim, svejedno je li rije\u010d o onome kojemu se izravno obra\u0107a i s njim stalno komunicira ili pak s pretpostavljenim \u010ditateljem koji \u0107e u njezinim porukama tra\u017eiti odgovore i na svoja pitanja i dvojbe. Doista, u svojim intimnim dimenzijama ova poezija ne skriva adresata kojemu se obra\u0107a; iako ga izrijekom nikada ne imenuje, dostatno je nabrojati imena i atribucije u koje je pohranila i sakrila njegov identitet. On je njezin leptir (&#8220;leptiru moj&#8221;), ljubav\/moja ljubav (s kojom se opra\u0161ta) i koja ju slijedi, u njegovu bi\u0107u \u017eivi &#8220;neuhvatljivi sjaj svjetlosti svemirskih dubina&#8221;, on je njezin udes i njezina sudbina. S njime ona dijeli sve, radosti i patnje, vidi ga u &#8220;svakoj slici krajolika&#8221; pa ne \u010dudi da bez njega ni ona ne bi bila to \u0161to jest. Stoga ga \u010desto pita kako mu je bez nje, moli ga da ne o\u010dajava, a kada ga obuzmu sjeta i tuge, kazuje mu da samo nasloni svoje &#8220;uvojke na njezino lice&#8221; , zaspe u &#8220;njezinu poljupcu&#8221;, u koji je pohranjen cijeli njihov \u017eivot. Ona ga vidi &#8220;u oblaku&#8221;, u &#8220;kosi an\u0111ela&#8221; i &#8220;dobroti Stvoritelja&#8221;, on je njezin &#8220;dobri vitez&#8221;, ali i &#8220;gorski potok&#8221; i &#8220;\u017ertveno vino&#8221;, &#8220;izvor u o\u010dima&#8221;, duh sam. On je &#8220;nje\u017eni i strasni prijatelj&#8221;, vjera i po\/uzdanje, on je sve i u svemu. Kao izvor i uto\u010di\u0161te vidi ga u svakom djeli\u0107u krajolika, u \u010dempresima, u grudi smrznute boli; on je \u010dvornata grana u kro\u0161nji masline, u njegovim blistavim o\u010dim zeleni se sjaj prolje\u0107a i &#8220;blistave svjetlosti&#8221;, on je &#8220;lahor s pu\u010dine&#8221; i &#8220;istina&#8221; kojoj &#8220;sve misli vode&#8221;\u2026<\/em><em><\/em><\/p>\n<p style=\"text-align: justify;\"><em>U pregr\u0161ti ovih stihova i intonacija, \u010das discipliniranih rimama, \u010das ritamski oslobo\u0111enih naglasaka, (\u017eenski) pjesni\u010dki subjekt sluti da je odlazak neminovan\u2026 Iako pomiren s time i svjestan da bi &#8220;mogao i umrijeti&#8221;, ne o\u010dajava; duboko je uvjeren da se \u017eivot nastavlja (&#8220;\u2026ostalo je sjeme&#8221;)! U jednoj pjesmi, sa snagom oporuke\/testamenta, zato i mo\u017ee napisati: &#8220;Tebi du\u0161o pjesma du\u0161e&#8221;, izrijekom odrediv\u0161i da njezina poezija i nije do li duboki, nikad prekinuti razgovor njihove ljubavi, intimni spomenar trajnog zajedni\u0161tva ispisan rije\u010dima ljubavi. U njemu zajedni\u010dki \u017eivot dobiva nove oblike i nastavlja se u licima koje samo poezija\/rije\u010d mo\u017ee izraziti. \u0160tovi\u0161e, rije\u010d je i poruka i oporuka. <\/em><\/p>\n<p style=\"text-align: justify;\"><em>Po najdubljim svojstvima ova je poezija osobna, intimna, prepuna topline i iskrenosti. Vidljiva na prvi pogled, ta svojstva me\u0111utim ne umanjuju uspjelosti pjesni\u010dkih slika, svje\u017eih sintagmi i metafora, iskrenost poruka\u2026Zato ne sumnjam u njezin dobar odjek kod \u010ditalaca, pogotovo kod onih, brojnih, koji \u0107e u njezinim prostorima tra\u017eiti, i nalaziti, uzdarje za dvojbe i nemire od kojih su satkani i njihovi \u017eivoti. To je ono zbog \u010dega poezija privla\u010di i u \u010demu se krije tajna njezine ljepote.<\/em><br \/> &#8211; Ivan J. Bo\u0161kovi\u0107 <br \/><strong><br \/>Bilje\u0161ka o autorici: <\/strong><\/p>\n<p style=\"text-align: justify;\">Zorica Zuki\u0107 Kr\u010d ro\u0111ena je 30. studenoga 1943. u Zagrebu, a od 1946.,<br \/>pa sve do svoje smrti, 20. o\u017eujka 2011. godine, \u017eivjela je u Splitu.<\/p>\n<p> Godine 1974. diplomirala je engleski i hrvatski jezik na Pedago\u0161koj akademiji u Splitu,<br \/>gdje je 1981. diplomirala i pred\u0161kolski odgoj. Za vrijeme studiranja radila je u putni\u010dkoj<br \/>agenciji \u201eCroatia express\u201c i u osnovnoj \u0161koli u Imotskom. Majka je dvoje djece.<\/p>\n<p> Potje\u010de iz radni\u010dke obitelji. U \u0161koli se isticala odli\u010dnim uspjehom i pona\u0161anjem, uvijek<br \/>spremna pomo\u0107i slabijim u\u010denicima. Ve\u0107 u djetinjstvu po\u010dela je pisati pjesme, a u<br \/>gimnazijskim danima objavila je svoje pjesni\u010dke radove u splitskom omladinskom literarnom<br \/>\u010dasopisu \u201eVidiku\u201c i u zadarskome \u201eNovom listu\u201c. Dvije pjesme bile su uglazbljene, od kojih je za jednu, \u201eTo su djeca\u201c, nagra\u0111ena Zlatnom kamelijom za najbolji tekst na opatijskom<br \/>festivalu zabavne glazbe 1969. godine.<\/p>\n<p> Od 1978. do 1984. godine, uz knjigu pjesama \u201eSje\u0107anja du\u0161e\u201c, napisala je i jednu<br \/>pri\u010du koja je trebala biti ekranizirana, ali se to nikada nije dogodilo.<\/p>\n<p> Od 1991. do 1996. godine napisala je tri bajke, \u201eUkleta pe\u0107ina\u201c, \u201eRajski otok\u201c i<br \/>\u201eBradonjica\u201c: Pro\u010ditali su ih mnogi kompetentni umjetnici, ugledni prosvjetni radnici,<br \/>kriti\u010dari, odgojitelji; bile su \u010ditane djeci u vrti\u0107ima. Svi su oni ocijenili da te bajke treba<br \/>neminovno objaviti i ponuditi ih ne samo mladima nego i starijima \u017eeljnima utjehe i ohrabrenja.<\/p>\n<p><strong>Naslov:<\/strong> Sje\u0107anje du\u0161e<br \/><strong>Autor:<\/strong> Zorica Zuki\u0107-Kr\u010d<br \/><strong>Broj stranica:<\/strong> 86<br \/><strong>Nakladnik:<\/strong> Ogranak Matice hrvatske &#8211; Split<br \/><strong>Godina izdanja:<\/strong> 2011<br \/><strong>ISBN:<\/strong> 978-953-7797-14-0<br \/><strong>Tisak:<\/strong> digitalni tisak knjiga &#8211; print na zahtjev<\/p>\n","protected":false},"excerpt":{"rendered":"<p>\u00a0 Sa\u017eetak: Brojno\u0161\u0107u svojih lica i oblika &#8211; svejedno je li glasna ili tiha, zvu\u010dna ili pritajena, je li satkana od velikih ili malih rije\u010di \u2013 poezija na svoj na\u010din i svojim sredstvima, \u010desto u istoj rije\u010di ili slici\/metafori, otkriva i sakriva \u010dovjekova duboka i nedoku\u010diva prostranstva, slutnje i nemire, nadanja i klonu\u0107a. Kao najdublji [&hellip;]<\/p>\n","protected":false},"featured_media":7446,"comment_status":"open","ping_status":"closed","template":"","meta":{"_acf_changed":false},"product_brand":[],"product_cat":[1383,1385,1388],"product_tag":[],"class_list":{"0":"post-7445","1":"product","2":"type-product","3":"status-publish","4":"has-post-thumbnail","6":"product_cat-knjige","7":"product_cat-knjizevnost","8":"product_cat-poezija","9":"pa_autor-zorica-zukic-krc","10":"pa_nakladnik-ogranak-matice-hrvatske-split","12":"first","13":"instock","14":"shipping-taxable","15":"purchasable","16":"product-type-simple"},"acf":[],"yoast_head":"<!-- This site is optimized with the Yoast SEO plugin v27.3 - https:\/\/yoast.com\/product\/yoast-seo-wordpress\/ -->\n<title>SJE\u0106ANJE DU\u0160E, Zorica Zuki\u0107-Kr\u010d - Web-knji\u017eara<\/title>\n<meta name=\"robots\" content=\"index, follow, max-snippet:-1, max-image-preview:large, max-video-preview:-1\" \/>\n<link rel=\"canonical\" href=\"https:\/\/webknjizara.hr\/proizvod\/sjecanje-duse-zorica-zukic-krc\/\" \/>\n<meta property=\"og:locale\" content=\"en_US\" \/>\n<meta property=\"og:type\" content=\"article\" \/>\n<meta property=\"og:title\" content=\"SJE\u0106ANJE DU\u0160E, Zorica Zuki\u0107-Kr\u010d - Web-knji\u017eara\" \/>\n<meta property=\"og:description\" content=\"\u00a0 Sa\u017eetak: Brojno\u0161\u0107u svojih lica i oblika &#8211; svejedno je li glasna ili tiha, zvu\u010dna ili pritajena, je li satkana od velikih ili malih rije\u010di \u2013 poezija na svoj na\u010din i svojim sredstvima, \u010desto u istoj rije\u010di ili slici\/metafori, otkriva i sakriva \u010dovjekova duboka i nedoku\u010diva prostranstva, slutnje i nemire, nadanja i klonu\u0107a. Kao najdublji [&hellip;]\" \/>\n<meta property=\"og:url\" content=\"https:\/\/webknjizara.hr\/proizvod\/sjecanje-duse-zorica-zukic-krc\/\" \/>\n<meta property=\"og:site_name\" content=\"Web-knji\u017eara\" \/>\n<meta property=\"article:modified_time\" content=\"2023-02-26T23:15:38+00:00\" \/>\n<meta property=\"og:image\" content=\"https:\/\/webknjizara.hr\/wp-content\/uploads\/nc\/images\/virtuemart\/product\/sje-anje-du-e-4eebf5502bec5.jpg\" \/>\n\t<meta property=\"og:image:width\" content=\"398\" \/>\n\t<meta property=\"og:image:height\" content=\"602\" \/>\n\t<meta property=\"og:image:type\" content=\"image\/jpeg\" \/>\n<meta name=\"twitter:card\" content=\"summary_large_image\" \/>\n<meta name=\"twitter:label1\" content=\"Est. reading time\" \/>\n\t<meta name=\"twitter:data1\" content=\"5 minutes\" \/>\n<script type=\"application\/ld+json\" class=\"yoast-schema-graph\">{\"@context\":\"https:\\\/\\\/schema.org\",\"@graph\":[{\"@type\":\"WebPage\",\"@id\":\"https:\\\/\\\/webknjizara.hr\\\/proizvod\\\/sjecanje-duse-zorica-zukic-krc\\\/\",\"url\":\"https:\\\/\\\/webknjizara.hr\\\/proizvod\\\/sjecanje-duse-zorica-zukic-krc\\\/\",\"name\":\"SJE\u0106ANJE DU\u0160E, Zorica Zuki\u0107-Kr\u010d - Web-knji\u017eara\",\"isPartOf\":{\"@id\":\"https:\\\/\\\/webknjizara.hr\\\/#website\"},\"primaryImageOfPage\":{\"@id\":\"https:\\\/\\\/webknjizara.hr\\\/proizvod\\\/sjecanje-duse-zorica-zukic-krc\\\/#primaryimage\"},\"image\":{\"@id\":\"https:\\\/\\\/webknjizara.hr\\\/proizvod\\\/sjecanje-duse-zorica-zukic-krc\\\/#primaryimage\"},\"thumbnailUrl\":\"https:\\\/\\\/webknjizara.hr\\\/wp-content\\\/uploads\\\/nc\\\/images\\\/virtuemart\\\/product\\\/sje-anje-du-e-4eebf5502bec5.jpg\",\"datePublished\":\"2011-12-17T01:50:08+00:00\",\"dateModified\":\"2023-02-26T23:15:38+00:00\",\"breadcrumb\":{\"@id\":\"https:\\\/\\\/webknjizara.hr\\\/proizvod\\\/sjecanje-duse-zorica-zukic-krc\\\/#breadcrumb\"},\"inLanguage\":\"en-US\",\"potentialAction\":[{\"@type\":\"ReadAction\",\"target\":[\"https:\\\/\\\/webknjizara.hr\\\/proizvod\\\/sjecanje-duse-zorica-zukic-krc\\\/\"]}]},{\"@type\":\"ImageObject\",\"inLanguage\":\"en-US\",\"@id\":\"https:\\\/\\\/webknjizara.hr\\\/proizvod\\\/sjecanje-duse-zorica-zukic-krc\\\/#primaryimage\",\"url\":\"https:\\\/\\\/webknjizara.hr\\\/wp-content\\\/uploads\\\/nc\\\/images\\\/virtuemart\\\/product\\\/sje-anje-du-e-4eebf5502bec5.jpg\",\"contentUrl\":\"https:\\\/\\\/webknjizara.hr\\\/wp-content\\\/uploads\\\/nc\\\/images\\\/virtuemart\\\/product\\\/sje-anje-du-e-4eebf5502bec5.jpg\",\"width\":398,\"height\":602,\"caption\":\"SJE\u0106ANJE DU\u0160E, Zorica Zuki\u0107-Kr\u010d\"},{\"@type\":\"BreadcrumbList\",\"@id\":\"https:\\\/\\\/webknjizara.hr\\\/proizvod\\\/sjecanje-duse-zorica-zukic-krc\\\/#breadcrumb\",\"itemListElement\":[{\"@type\":\"ListItem\",\"position\":1,\"name\":\"Po\u010detna stranica\",\"item\":\"https:\\\/\\\/webknjizara.hr\\\/en\\\/\"},{\"@type\":\"ListItem\",\"position\":2,\"name\":\"Shop\",\"item\":\"https:\\\/\\\/webknjizara.hr\\\/shop\\\/\"},{\"@type\":\"ListItem\",\"position\":3,\"name\":\"SJE\u0106ANJE DU\u0160E, Zorica Zuki\u0107-Kr\u010d\"}]},{\"@type\":\"WebSite\",\"@id\":\"https:\\\/\\\/webknjizara.hr\\\/#website\",\"url\":\"https:\\\/\\\/webknjizara.hr\\\/\",\"name\":\"Web Knji\u017eara\",\"description\":\"\",\"publisher\":{\"@id\":\"https:\\\/\\\/webknjizara.hr\\\/#organization\"},\"potentialAction\":[{\"@type\":\"SearchAction\",\"target\":{\"@type\":\"EntryPoint\",\"urlTemplate\":\"https:\\\/\\\/webknjizara.hr\\\/?s={search_term_string}\"},\"query-input\":{\"@type\":\"PropertyValueSpecification\",\"valueRequired\":true,\"valueName\":\"search_term_string\"}}],\"inLanguage\":\"en-US\"},{\"@type\":\"Organization\",\"@id\":\"https:\\\/\\\/webknjizara.hr\\\/#organization\",\"name\":\"REDAK D.O.O.\",\"url\":\"https:\\\/\\\/webknjizara.hr\\\/\",\"logo\":{\"@type\":\"ImageObject\",\"inLanguage\":\"en-US\",\"@id\":\"https:\\\/\\\/webknjizara.hr\\\/#\\\/schema\\\/logo\\\/image\\\/\",\"url\":\"https:\\\/\\\/webknjizara.hr\\\/wp-content\\\/uploads\\\/2023\\\/01\\\/web-knjizara-logo.webp\",\"contentUrl\":\"https:\\\/\\\/webknjizara.hr\\\/wp-content\\\/uploads\\\/2023\\\/01\\\/web-knjizara-logo.webp\",\"width\":324,\"height\":79,\"caption\":\"REDAK D.O.O.\"},\"image\":{\"@id\":\"https:\\\/\\\/webknjizara.hr\\\/#\\\/schema\\\/logo\\\/image\\\/\"}}]}<\/script>\n<!-- \/ Yoast SEO plugin. -->","yoast_head_json":{"title":"SJE\u0106ANJE DU\u0160E, Zorica Zuki\u0107-Kr\u010d - Web-knji\u017eara","robots":{"index":"index","follow":"follow","max-snippet":"max-snippet:-1","max-image-preview":"max-image-preview:large","max-video-preview":"max-video-preview:-1"},"canonical":"https:\/\/webknjizara.hr\/proizvod\/sjecanje-duse-zorica-zukic-krc\/","og_locale":"en_US","og_type":"article","og_title":"SJE\u0106ANJE DU\u0160E, Zorica Zuki\u0107-Kr\u010d - Web-knji\u017eara","og_description":"\u00a0 Sa\u017eetak: Brojno\u0161\u0107u svojih lica i oblika &#8211; svejedno je li glasna ili tiha, zvu\u010dna ili pritajena, je li satkana od velikih ili malih rije\u010di \u2013 poezija na svoj na\u010din i svojim sredstvima, \u010desto u istoj rije\u010di ili slici\/metafori, otkriva i sakriva \u010dovjekova duboka i nedoku\u010diva prostranstva, slutnje i nemire, nadanja i klonu\u0107a. Kao najdublji [&hellip;]","og_url":"https:\/\/webknjizara.hr\/proizvod\/sjecanje-duse-zorica-zukic-krc\/","og_site_name":"Web-knji\u017eara","article_modified_time":"2023-02-26T23:15:38+00:00","og_image":[{"width":398,"height":602,"url":"https:\/\/webknjizara.hr\/wp-content\/uploads\/nc\/images\/virtuemart\/product\/sje-anje-du-e-4eebf5502bec5.jpg","type":"image\/jpeg"}],"twitter_card":"summary_large_image","twitter_misc":{"Est. reading time":"5 minutes"},"schema":{"@context":"https:\/\/schema.org","@graph":[{"@type":"WebPage","@id":"https:\/\/webknjizara.hr\/proizvod\/sjecanje-duse-zorica-zukic-krc\/","url":"https:\/\/webknjizara.hr\/proizvod\/sjecanje-duse-zorica-zukic-krc\/","name":"SJE\u0106ANJE DU\u0160E, Zorica Zuki\u0107-Kr\u010d - Web-knji\u017eara","isPartOf":{"@id":"https:\/\/webknjizara.hr\/#website"},"primaryImageOfPage":{"@id":"https:\/\/webknjizara.hr\/proizvod\/sjecanje-duse-zorica-zukic-krc\/#primaryimage"},"image":{"@id":"https:\/\/webknjizara.hr\/proizvod\/sjecanje-duse-zorica-zukic-krc\/#primaryimage"},"thumbnailUrl":"https:\/\/webknjizara.hr\/wp-content\/uploads\/nc\/images\/virtuemart\/product\/sje-anje-du-e-4eebf5502bec5.jpg","datePublished":"2011-12-17T01:50:08+00:00","dateModified":"2023-02-26T23:15:38+00:00","breadcrumb":{"@id":"https:\/\/webknjizara.hr\/proizvod\/sjecanje-duse-zorica-zukic-krc\/#breadcrumb"},"inLanguage":"en-US","potentialAction":[{"@type":"ReadAction","target":["https:\/\/webknjizara.hr\/proizvod\/sjecanje-duse-zorica-zukic-krc\/"]}]},{"@type":"ImageObject","inLanguage":"en-US","@id":"https:\/\/webknjizara.hr\/proizvod\/sjecanje-duse-zorica-zukic-krc\/#primaryimage","url":"https:\/\/webknjizara.hr\/wp-content\/uploads\/nc\/images\/virtuemart\/product\/sje-anje-du-e-4eebf5502bec5.jpg","contentUrl":"https:\/\/webknjizara.hr\/wp-content\/uploads\/nc\/images\/virtuemart\/product\/sje-anje-du-e-4eebf5502bec5.jpg","width":398,"height":602,"caption":"SJE\u0106ANJE DU\u0160E, Zorica Zuki\u0107-Kr\u010d"},{"@type":"BreadcrumbList","@id":"https:\/\/webknjizara.hr\/proizvod\/sjecanje-duse-zorica-zukic-krc\/#breadcrumb","itemListElement":[{"@type":"ListItem","position":1,"name":"Po\u010detna stranica","item":"https:\/\/webknjizara.hr\/en\/"},{"@type":"ListItem","position":2,"name":"Shop","item":"https:\/\/webknjizara.hr\/shop\/"},{"@type":"ListItem","position":3,"name":"SJE\u0106ANJE DU\u0160E, Zorica Zuki\u0107-Kr\u010d"}]},{"@type":"WebSite","@id":"https:\/\/webknjizara.hr\/#website","url":"https:\/\/webknjizara.hr\/","name":"Web Knji\u017eara","description":"","publisher":{"@id":"https:\/\/webknjizara.hr\/#organization"},"potentialAction":[{"@type":"SearchAction","target":{"@type":"EntryPoint","urlTemplate":"https:\/\/webknjizara.hr\/?s={search_term_string}"},"query-input":{"@type":"PropertyValueSpecification","valueRequired":true,"valueName":"search_term_string"}}],"inLanguage":"en-US"},{"@type":"Organization","@id":"https:\/\/webknjizara.hr\/#organization","name":"REDAK D.O.O.","url":"https:\/\/webknjizara.hr\/","logo":{"@type":"ImageObject","inLanguage":"en-US","@id":"https:\/\/webknjizara.hr\/#\/schema\/logo\/image\/","url":"https:\/\/webknjizara.hr\/wp-content\/uploads\/2023\/01\/web-knjizara-logo.webp","contentUrl":"https:\/\/webknjizara.hr\/wp-content\/uploads\/2023\/01\/web-knjizara-logo.webp","width":324,"height":79,"caption":"REDAK D.O.O."},"image":{"@id":"https:\/\/webknjizara.hr\/#\/schema\/logo\/image\/"}}]}},"_links":{"self":[{"href":"https:\/\/webknjizara.hr\/en\/wp-json\/wp\/v2\/product\/7445","targetHints":{"allow":["GET"]}}],"collection":[{"href":"https:\/\/webknjizara.hr\/en\/wp-json\/wp\/v2\/product"}],"about":[{"href":"https:\/\/webknjizara.hr\/en\/wp-json\/wp\/v2\/types\/product"}],"replies":[{"embeddable":true,"href":"https:\/\/webknjizara.hr\/en\/wp-json\/wp\/v2\/comments?post=7445"}],"wp:featuredmedia":[{"embeddable":true,"href":"https:\/\/webknjizara.hr\/en\/wp-json\/wp\/v2\/media\/7446"}],"wp:attachment":[{"href":"https:\/\/webknjizara.hr\/en\/wp-json\/wp\/v2\/media?parent=7445"}],"wp:term":[{"taxonomy":"product_brand","embeddable":true,"href":"https:\/\/webknjizara.hr\/en\/wp-json\/wp\/v2\/product_brand?post=7445"},{"taxonomy":"product_cat","embeddable":true,"href":"https:\/\/webknjizara.hr\/en\/wp-json\/wp\/v2\/product_cat?post=7445"},{"taxonomy":"product_tag","embeddable":true,"href":"https:\/\/webknjizara.hr\/en\/wp-json\/wp\/v2\/product_tag?post=7445"}],"curies":[{"name":"wp","href":"https:\/\/api.w.org\/{rel}","templated":true}]}}