{"id":7443,"date":"2011-12-11T23:08:40","date_gmt":"2011-12-11T23:08:40","guid":{"rendered":"https:\/\/webknjizara.hr\/?product=moj-andeo-dario-babic"},"modified":"2023-02-27T00:15:38","modified_gmt":"2023-02-26T23:15:38","slug":"moj-andeo-dario-babic","status":"publish","type":"product","link":"https:\/\/webknjizara.hr\/en\/proizvod\/moj-andeo-dario-babic\/","title":{"rendered":"MOJ AN\u0110EO, Dario Babi\u0107"},"content":{"rendered":"<p>\u00a0<\/p>\n<p style=\"text-align: justify;\"><strong>Sa\u017eetak:<\/strong><\/p>\n<p style=\"text-align: justify;\">Zbirka pjesama sa ljubavnom tematikom.Knjiga je posve\u0107ena jednoj predivnoj djevojci koja mi je svojom dobrotom i toplinom srca uvelike promijenila pogled na svijet.<\/p>\n<p style=\"text-align: justify;\">\u00a0<\/p>\n<p style=\"text-align: justify;\"><strong>Bilje\u0161ka o autoru\/autorici: <\/strong><\/p>\n<div style=\"text-align: justify;\">Dario Babi\u0107 ro\u0111en je u ve\u010dernjim satima 3. travnja 1990. godine u Zaboku.Osnovnu \u0161kolu zavr\u0161io je u Ma\u010du,nakon toga poha\u0111a srednju \u0161kolu u Konj\u0161\u010dini.U to vrijeme sa 17 godina po\u010dinje pisati poeziju.Me\u0111u najdra\u017eim autorima isti\u010de se neponovljivi \u0110or\u0111e Bala\u0161evi\u0107.\u201cMoj an\u0111eo\u201c je njegova prva izdana zbirka pjesama koju je posvetio predivnoj djevojci,svom an\u0111elu, Ivani.<br \/><em>&#8220;Voli\u0161 li ti nju? Slegao sam ramenima, podigao ruku i prislonio sat na uho&#8230;Pa,\u0161ta ja znam&#8230;Primjetio sam da mi i sat ubrza svaki put kad je netko spomene&#8230;&#8221; &#8211;<\/em> \u0110or\u0111e Bala\u0161evi\u0107<\/p>\n<p><strong>Klju\u010dne rije\u010di: <\/strong><br \/>an\u0111eo,ljubav<\/div>\n<p><strong>E-mail:<\/strong> <a href=\"mailto:dario_babo@hotmail.com\">Dario Babi\u0107<\/a><\/p>\n<p><strong>Naslov:<\/strong> Moj an\u0111eo<br \/><strong>Autor:<\/strong> Dario Babi\u0107<br \/><strong>Broj stranica:<\/strong> 74<br \/><strong>Nakladnik:<\/strong> REDAK<br \/><strong>Godina izdanja:<\/strong> 2011<br \/><strong>ISBN:<\/strong> 978-953-7595-70-8<br \/><strong>Tisak:<\/strong> digitalni tisak knjiga &#8211; print na zahtjev<\/p>\n","protected":false},"excerpt":{"rendered":"<p>\u00a0 Sa\u017eetak: Zbirka pjesama sa ljubavnom tematikom.Knjiga je posve\u0107ena jednoj predivnoj djevojci koja mi je svojom dobrotom i toplinom srca uvelike promijenila pogled na svijet. \u00a0 Bilje\u0161ka o autoru\/autorici: Dario Babi\u0107 ro\u0111en je u ve\u010dernjim satima 3. travnja 1990. godine u Zaboku.Osnovnu \u0161kolu zavr\u0161io je u Ma\u010du,nakon toga poha\u0111a srednju \u0161kolu u Konj\u0161\u010dini.U to vrijeme [&hellip;]<\/p>\n","protected":false},"featured_media":7444,"comment_status":"open","ping_status":"closed","template":"","meta":{"_acf_changed":false},"product_brand":[],"product_cat":[1383,1385,1388],"product_tag":[],"class_list":{"0":"post-7443","1":"product","2":"type-product","3":"status-publish","4":"has-post-thumbnail","6":"product_cat-knjige","7":"product_cat-knjizevnost","8":"product_cat-poezija","9":"pa_nakladnik-redak","11":"first","12":"instock","13":"shipping-taxable","14":"purchasable","15":"product-type-simple"},"acf":[],"yoast_head":"<!-- This site is optimized with the Yoast SEO plugin v27.3 - https:\/\/yoast.com\/product\/yoast-seo-wordpress\/ -->\n<title>MOJ AN\u0110EO, Dario Babi\u0107 - Web-knji\u017eara<\/title>\n<meta name=\"robots\" content=\"index, follow, max-snippet:-1, max-image-preview:large, max-video-preview:-1\" \/>\n<link rel=\"canonical\" href=\"https:\/\/webknjizara.hr\/proizvod\/moj-andeo-dario-babic\/\" \/>\n<meta property=\"og:locale\" content=\"en_US\" \/>\n<meta property=\"og:type\" content=\"article\" \/>\n<meta property=\"og:title\" content=\"MOJ AN\u0110EO, Dario Babi\u0107 - Web-knji\u017eara\" \/>\n<meta property=\"og:description\" content=\"\u00a0 Sa\u017eetak: Zbirka pjesama sa ljubavnom tematikom.Knjiga je posve\u0107ena jednoj predivnoj djevojci koja mi je svojom dobrotom i toplinom srca uvelike promijenila pogled na svijet. \u00a0 Bilje\u0161ka o autoru\/autorici: Dario Babi\u0107 ro\u0111en je u ve\u010dernjim satima 3. travnja 1990. godine u Zaboku.Osnovnu \u0161kolu zavr\u0161io je u Ma\u010du,nakon toga poha\u0111a srednju \u0161kolu u Konj\u0161\u010dini.U to vrijeme [&hellip;]\" \/>\n<meta property=\"og:url\" content=\"https:\/\/webknjizara.hr\/proizvod\/moj-andeo-dario-babic\/\" \/>\n<meta property=\"og:site_name\" content=\"Web-knji\u017eara\" \/>\n<meta property=\"article:modified_time\" content=\"2023-02-26T23:15:38+00:00\" \/>\n<meta property=\"og:image\" content=\"https:\/\/webknjizara.hr\/wp-content\/uploads\/nc\/images\/virtuemart\/product\/moj-an-eo-dari-4ee537f896df4.jpg\" \/>\n\t<meta property=\"og:image:width\" content=\"354\" \/>\n\t<meta property=\"og:image:height\" content=\"620\" \/>\n\t<meta property=\"og:image:type\" content=\"image\/jpeg\" \/>\n<meta name=\"twitter:card\" content=\"summary_large_image\" \/>\n<meta name=\"twitter:label1\" content=\"Est. reading time\" \/>\n\t<meta name=\"twitter:data1\" content=\"1 minute\" \/>\n<script type=\"application\/ld+json\" class=\"yoast-schema-graph\">{\"@context\":\"https:\\\/\\\/schema.org\",\"@graph\":[{\"@type\":\"WebPage\",\"@id\":\"https:\\\/\\\/webknjizara.hr\\\/proizvod\\\/moj-andeo-dario-babic\\\/\",\"url\":\"https:\\\/\\\/webknjizara.hr\\\/proizvod\\\/moj-andeo-dario-babic\\\/\",\"name\":\"MOJ AN\u0110EO, Dario Babi\u0107 - Web-knji\u017eara\",\"isPartOf\":{\"@id\":\"https:\\\/\\\/webknjizara.hr\\\/#website\"},\"primaryImageOfPage\":{\"@id\":\"https:\\\/\\\/webknjizara.hr\\\/proizvod\\\/moj-andeo-dario-babic\\\/#primaryimage\"},\"image\":{\"@id\":\"https:\\\/\\\/webknjizara.hr\\\/proizvod\\\/moj-andeo-dario-babic\\\/#primaryimage\"},\"thumbnailUrl\":\"https:\\\/\\\/webknjizara.hr\\\/wp-content\\\/uploads\\\/nc\\\/images\\\/virtuemart\\\/product\\\/moj-an-eo-dari-4ee537f896df4.jpg\",\"datePublished\":\"2011-12-11T23:08:40+00:00\",\"dateModified\":\"2023-02-26T23:15:38+00:00\",\"breadcrumb\":{\"@id\":\"https:\\\/\\\/webknjizara.hr\\\/proizvod\\\/moj-andeo-dario-babic\\\/#breadcrumb\"},\"inLanguage\":\"en-US\",\"potentialAction\":[{\"@type\":\"ReadAction\",\"target\":[\"https:\\\/\\\/webknjizara.hr\\\/proizvod\\\/moj-andeo-dario-babic\\\/\"]}]},{\"@type\":\"ImageObject\",\"inLanguage\":\"en-US\",\"@id\":\"https:\\\/\\\/webknjizara.hr\\\/proizvod\\\/moj-andeo-dario-babic\\\/#primaryimage\",\"url\":\"https:\\\/\\\/webknjizara.hr\\\/wp-content\\\/uploads\\\/nc\\\/images\\\/virtuemart\\\/product\\\/moj-an-eo-dari-4ee537f896df4.jpg\",\"contentUrl\":\"https:\\\/\\\/webknjizara.hr\\\/wp-content\\\/uploads\\\/nc\\\/images\\\/virtuemart\\\/product\\\/moj-an-eo-dari-4ee537f896df4.jpg\",\"width\":354,\"height\":620,\"caption\":\"MOJ AN\u0110EO, Dario Babi\u0107\"},{\"@type\":\"BreadcrumbList\",\"@id\":\"https:\\\/\\\/webknjizara.hr\\\/proizvod\\\/moj-andeo-dario-babic\\\/#breadcrumb\",\"itemListElement\":[{\"@type\":\"ListItem\",\"position\":1,\"name\":\"Po\u010detna stranica\",\"item\":\"https:\\\/\\\/webknjizara.hr\\\/en\\\/\"},{\"@type\":\"ListItem\",\"position\":2,\"name\":\"Shop\",\"item\":\"https:\\\/\\\/webknjizara.hr\\\/shop\\\/\"},{\"@type\":\"ListItem\",\"position\":3,\"name\":\"MOJ AN\u0110EO, Dario Babi\u0107\"}]},{\"@type\":\"WebSite\",\"@id\":\"https:\\\/\\\/webknjizara.hr\\\/#website\",\"url\":\"https:\\\/\\\/webknjizara.hr\\\/\",\"name\":\"Web Knji\u017eara\",\"description\":\"\",\"publisher\":{\"@id\":\"https:\\\/\\\/webknjizara.hr\\\/#organization\"},\"potentialAction\":[{\"@type\":\"SearchAction\",\"target\":{\"@type\":\"EntryPoint\",\"urlTemplate\":\"https:\\\/\\\/webknjizara.hr\\\/?s={search_term_string}\"},\"query-input\":{\"@type\":\"PropertyValueSpecification\",\"valueRequired\":true,\"valueName\":\"search_term_string\"}}],\"inLanguage\":\"en-US\"},{\"@type\":\"Organization\",\"@id\":\"https:\\\/\\\/webknjizara.hr\\\/#organization\",\"name\":\"REDAK D.O.O.\",\"url\":\"https:\\\/\\\/webknjizara.hr\\\/\",\"logo\":{\"@type\":\"ImageObject\",\"inLanguage\":\"en-US\",\"@id\":\"https:\\\/\\\/webknjizara.hr\\\/#\\\/schema\\\/logo\\\/image\\\/\",\"url\":\"https:\\\/\\\/webknjizara.hr\\\/wp-content\\\/uploads\\\/2023\\\/01\\\/web-knjizara-logo.webp\",\"contentUrl\":\"https:\\\/\\\/webknjizara.hr\\\/wp-content\\\/uploads\\\/2023\\\/01\\\/web-knjizara-logo.webp\",\"width\":324,\"height\":79,\"caption\":\"REDAK D.O.O.\"},\"image\":{\"@id\":\"https:\\\/\\\/webknjizara.hr\\\/#\\\/schema\\\/logo\\\/image\\\/\"}}]}<\/script>\n<!-- \/ Yoast SEO plugin. -->","yoast_head_json":{"title":"MOJ AN\u0110EO, Dario Babi\u0107 - Web-knji\u017eara","robots":{"index":"index","follow":"follow","max-snippet":"max-snippet:-1","max-image-preview":"max-image-preview:large","max-video-preview":"max-video-preview:-1"},"canonical":"https:\/\/webknjizara.hr\/proizvod\/moj-andeo-dario-babic\/","og_locale":"en_US","og_type":"article","og_title":"MOJ AN\u0110EO, Dario Babi\u0107 - Web-knji\u017eara","og_description":"\u00a0 Sa\u017eetak: Zbirka pjesama sa ljubavnom tematikom.Knjiga je posve\u0107ena jednoj predivnoj djevojci koja mi je svojom dobrotom i toplinom srca uvelike promijenila pogled na svijet. \u00a0 Bilje\u0161ka o autoru\/autorici: Dario Babi\u0107 ro\u0111en je u ve\u010dernjim satima 3. travnja 1990. godine u Zaboku.Osnovnu \u0161kolu zavr\u0161io je u Ma\u010du,nakon toga poha\u0111a srednju \u0161kolu u Konj\u0161\u010dini.U to vrijeme [&hellip;]","og_url":"https:\/\/webknjizara.hr\/proizvod\/moj-andeo-dario-babic\/","og_site_name":"Web-knji\u017eara","article_modified_time":"2023-02-26T23:15:38+00:00","og_image":[{"width":354,"height":620,"url":"https:\/\/webknjizara.hr\/wp-content\/uploads\/nc\/images\/virtuemart\/product\/moj-an-eo-dari-4ee537f896df4.jpg","type":"image\/jpeg"}],"twitter_card":"summary_large_image","twitter_misc":{"Est. reading time":"1 minute"},"schema":{"@context":"https:\/\/schema.org","@graph":[{"@type":"WebPage","@id":"https:\/\/webknjizara.hr\/proizvod\/moj-andeo-dario-babic\/","url":"https:\/\/webknjizara.hr\/proizvod\/moj-andeo-dario-babic\/","name":"MOJ AN\u0110EO, Dario Babi\u0107 - Web-knji\u017eara","isPartOf":{"@id":"https:\/\/webknjizara.hr\/#website"},"primaryImageOfPage":{"@id":"https:\/\/webknjizara.hr\/proizvod\/moj-andeo-dario-babic\/#primaryimage"},"image":{"@id":"https:\/\/webknjizara.hr\/proizvod\/moj-andeo-dario-babic\/#primaryimage"},"thumbnailUrl":"https:\/\/webknjizara.hr\/wp-content\/uploads\/nc\/images\/virtuemart\/product\/moj-an-eo-dari-4ee537f896df4.jpg","datePublished":"2011-12-11T23:08:40+00:00","dateModified":"2023-02-26T23:15:38+00:00","breadcrumb":{"@id":"https:\/\/webknjizara.hr\/proizvod\/moj-andeo-dario-babic\/#breadcrumb"},"inLanguage":"en-US","potentialAction":[{"@type":"ReadAction","target":["https:\/\/webknjizara.hr\/proizvod\/moj-andeo-dario-babic\/"]}]},{"@type":"ImageObject","inLanguage":"en-US","@id":"https:\/\/webknjizara.hr\/proizvod\/moj-andeo-dario-babic\/#primaryimage","url":"https:\/\/webknjizara.hr\/wp-content\/uploads\/nc\/images\/virtuemart\/product\/moj-an-eo-dari-4ee537f896df4.jpg","contentUrl":"https:\/\/webknjizara.hr\/wp-content\/uploads\/nc\/images\/virtuemart\/product\/moj-an-eo-dari-4ee537f896df4.jpg","width":354,"height":620,"caption":"MOJ AN\u0110EO, Dario Babi\u0107"},{"@type":"BreadcrumbList","@id":"https:\/\/webknjizara.hr\/proizvod\/moj-andeo-dario-babic\/#breadcrumb","itemListElement":[{"@type":"ListItem","position":1,"name":"Po\u010detna stranica","item":"https:\/\/webknjizara.hr\/en\/"},{"@type":"ListItem","position":2,"name":"Shop","item":"https:\/\/webknjizara.hr\/shop\/"},{"@type":"ListItem","position":3,"name":"MOJ AN\u0110EO, Dario Babi\u0107"}]},{"@type":"WebSite","@id":"https:\/\/webknjizara.hr\/#website","url":"https:\/\/webknjizara.hr\/","name":"Web Knji\u017eara","description":"","publisher":{"@id":"https:\/\/webknjizara.hr\/#organization"},"potentialAction":[{"@type":"SearchAction","target":{"@type":"EntryPoint","urlTemplate":"https:\/\/webknjizara.hr\/?s={search_term_string}"},"query-input":{"@type":"PropertyValueSpecification","valueRequired":true,"valueName":"search_term_string"}}],"inLanguage":"en-US"},{"@type":"Organization","@id":"https:\/\/webknjizara.hr\/#organization","name":"REDAK D.O.O.","url":"https:\/\/webknjizara.hr\/","logo":{"@type":"ImageObject","inLanguage":"en-US","@id":"https:\/\/webknjizara.hr\/#\/schema\/logo\/image\/","url":"https:\/\/webknjizara.hr\/wp-content\/uploads\/2023\/01\/web-knjizara-logo.webp","contentUrl":"https:\/\/webknjizara.hr\/wp-content\/uploads\/2023\/01\/web-knjizara-logo.webp","width":324,"height":79,"caption":"REDAK D.O.O."},"image":{"@id":"https:\/\/webknjizara.hr\/#\/schema\/logo\/image\/"}}]}},"_links":{"self":[{"href":"https:\/\/webknjizara.hr\/en\/wp-json\/wp\/v2\/product\/7443","targetHints":{"allow":["GET"]}}],"collection":[{"href":"https:\/\/webknjizara.hr\/en\/wp-json\/wp\/v2\/product"}],"about":[{"href":"https:\/\/webknjizara.hr\/en\/wp-json\/wp\/v2\/types\/product"}],"replies":[{"embeddable":true,"href":"https:\/\/webknjizara.hr\/en\/wp-json\/wp\/v2\/comments?post=7443"}],"wp:featuredmedia":[{"embeddable":true,"href":"https:\/\/webknjizara.hr\/en\/wp-json\/wp\/v2\/media\/7444"}],"wp:attachment":[{"href":"https:\/\/webknjizara.hr\/en\/wp-json\/wp\/v2\/media?parent=7443"}],"wp:term":[{"taxonomy":"product_brand","embeddable":true,"href":"https:\/\/webknjizara.hr\/en\/wp-json\/wp\/v2\/product_brand?post=7443"},{"taxonomy":"product_cat","embeddable":true,"href":"https:\/\/webknjizara.hr\/en\/wp-json\/wp\/v2\/product_cat?post=7443"},{"taxonomy":"product_tag","embeddable":true,"href":"https:\/\/webknjizara.hr\/en\/wp-json\/wp\/v2\/product_tag?post=7443"}],"curies":[{"name":"wp","href":"https:\/\/api.w.org\/{rel}","templated":true}]}}