{"id":7435,"date":"2011-10-26T11:05:12","date_gmt":"2011-10-26T11:05:12","guid":{"rendered":"https:\/\/webknjizara.hr\/?product=memento-mjerenje-vol-3-jasmina-bajic"},"modified":"2023-02-27T00:15:38","modified_gmt":"2023-02-26T23:15:38","slug":"memento-mjerenje-vol-3-jasmina-bajic","status":"publish","type":"product","link":"https:\/\/webknjizara.hr\/en\/proizvod\/memento-mjerenje-vol-3-jasmina-bajic\/","title":{"rendered":"MEMENTO &#8211; MJERENJE vol. 3, Jasmina Baji\u0107"},"content":{"rendered":"<p>\u00a0<\/p>\n<div style=\"text-align: justify;\"><strong>Sa\u017eetak:<\/strong><\/div>\n<div style=\"text-align: justify;\"><\/div>\n<div style=\"text-align: justify;\">Memento <strong>MJERENJE<\/strong> vol.3., 2011. (<strong>MEASUREMENT<\/strong>, Vol.3, 2011) predstavlja <strong>METODOLO\u0160KI PODSJETNIK<\/strong> koji poma\u017ee studentima i stru\u010dnjacima s podru\u010dja dru\u0161tvenih znanosti (i \u0161ire) u pra\u0107enju stru\u010dne (sociolo\u0161ke i sli\u010dne) literature s metodolo\u0161kim (empirijskim ili istra\u017eiva\u010dkim) sadr\u017eajima. U tom smislu ovaj <strong>MEMENTO<\/strong> samo je primjerena pomo\u0107 i svojevrstan metodolo\u0161ki vodi\u010d, a nikako ne mo\u017ee biti<\/div>\n<p style=\"text-align: justify;\">zamjena za adekvatna tematski sli\u010dna metodolo\u0161ka (stru\u010dna i znanstvena) djela.<\/p>\n<div style=\"text-align: justify;\">Nastao je kao rezultat nastavnoga, posebno istra\u017eiva\u010dkoga rada sa studentima Odsjeka za sociologiju Filozofskog fakulteta u Splitu, u metodolo\u0161kom modulu na predmetima \u010dija je nositeljica prof. dr. sc. An\u010di Leburi\u0107 (redovita profesorica) i u okviru kojih seminare izvode dr. sc. Marija Lon\u010dar (docentica) i Zorana \u0160uljug Vu\u010dica (asistentica).<\/div>\n<p>\u00a0<\/p>\n<div style=\"text-align: justify;\"><strong>Bilje\u0161ka o autoru\/autorici: <\/strong><\/div>\n<div style=\"text-align: justify;\"><\/div>\n<div style=\"text-align: justify;\"><\/div>\n<p style=\"text-align: justify;\"><strong>Baji\u0107 Jasmina<\/strong>, ro\u0111ena 1984. godine u Splitu, gdje je zavr\u0161ila osnovnu i srednju \u0161kolu. Trenuta\u010dno je studentica III. godine predidplomskog studija jednopredmetne sociologije istra\u017eiva\u010dkog usmjerenja, na Filozofskom fakultetu (Sveu\u010dili\u0161ta u Splitu). <br \/>Objavila je tri metodolo\u0161ka eseja na teme \u201eIstra\u017eiva\u010dko kreiranje odnosa izme\u0111u postavljene teorije i empirijskih podataka\u201c, \u201eNaj\u010de\u0161\u0107e kori\u0161ten tip intervjua u sociolo\u0161kom istra\u017eivanju\u201c i \u201ePote\u0161ko\u0107e u koncipiranju istra\u017eiva\u010dke strategije (na primjeru sociolo\u0161kog istra\u017eivanja mladih)\u201c<\/p>\n<p style=\"text-align: justify;\">\u00a0<\/p>\n<div style=\"text-align: justify;\"><strong>Link:<\/strong> <a href=\"http:\/\/www.ffst.hr\/dokumenti\/izdavastvo\/studentski\/sociologija\/index.htm\">Jasmina Baji\u0107<\/a><\/p>\n<p><strong>E-mail:<\/strong> <a href=\"mailto:jasbaj@ffst.hr\">Jasmina Baji\u0107<\/a><\/p>\n<p><strong>Klju\u010dne rije\u010di: <\/strong>memento, mjerenje, jasmina baji\u0107, metodolo\u0161ki podsjetnik, sociologija, measurement<\/div>\n<p>\u00a0<\/p>\n<p><strong>Naslov: <\/strong>MEMENTO &#8211; MJERENJE vol. 3<br \/><strong>Autor:<\/strong> Jasmina Baji\u0107<br \/><strong>Broj stranica:<\/strong> 4<br \/><strong>Nakladnik:<\/strong> REDAK<br \/><strong>Godina izdanja: <\/strong>2011<br \/><strong>ISBN:<\/strong> 978-953-7595-63-3<br \/><strong>Tisak: <\/strong>digitalni tisak knjiga &#8211; print na zahtjev<\/p>\n","protected":false},"excerpt":{"rendered":"<p>\u00a0 Sa\u017eetak: Memento MJERENJE vol.3., 2011. (MEASUREMENT, Vol.3, 2011) predstavlja METODOLO\u0160KI PODSJETNIK koji poma\u017ee studentima i stru\u010dnjacima s podru\u010dja dru\u0161tvenih znanosti (i \u0161ire) u pra\u0107enju stru\u010dne (sociolo\u0161ke i sli\u010dne) literature s metodolo\u0161kim (empirijskim ili istra\u017eiva\u010dkim) sadr\u017eajima. U tom smislu ovaj MEMENTO samo je primjerena pomo\u0107 i svojevrstan metodolo\u0161ki vodi\u010d, a nikako ne mo\u017ee biti zamjena [&hellip;]<\/p>\n","protected":false},"featured_media":7436,"comment_status":"open","ping_status":"closed","template":"","meta":{"_acf_changed":false},"product_brand":[],"product_cat":[1517],"product_tag":[],"class_list":{"0":"post-7435","1":"product","2":"type-product","3":"status-publish","4":"has-post-thumbnail","6":"product_cat-strucna-literatura","7":"pa_autor-jasmina-bajic","8":"pa_nakladnik-redak","10":"first","11":"instock","12":"shipping-taxable","13":"purchasable","14":"product-type-simple"},"acf":[],"yoast_head":"<!-- This site is optimized with the Yoast SEO plugin v27.3 - https:\/\/yoast.com\/product\/yoast-seo-wordpress\/ -->\n<title>MEMENTO - MJERENJE vol. 3, Jasmina Baji\u0107 - Web-knji\u017eara<\/title>\n<meta name=\"robots\" content=\"index, follow, max-snippet:-1, max-image-preview:large, max-video-preview:-1\" \/>\n<link rel=\"canonical\" href=\"https:\/\/webknjizara.hr\/proizvod\/memento-mjerenje-vol-3-jasmina-bajic\/\" \/>\n<meta property=\"og:locale\" content=\"en_US\" \/>\n<meta property=\"og:type\" content=\"article\" \/>\n<meta property=\"og:title\" content=\"MEMENTO - MJERENJE vol. 3, Jasmina Baji\u0107 - Web-knji\u017eara\" \/>\n<meta property=\"og:description\" content=\"\u00a0 Sa\u017eetak: Memento MJERENJE vol.3., 2011. (MEASUREMENT, Vol.3, 2011) predstavlja METODOLO\u0160KI PODSJETNIK koji poma\u017ee studentima i stru\u010dnjacima s podru\u010dja dru\u0161tvenih znanosti (i \u0161ire) u pra\u0107enju stru\u010dne (sociolo\u0161ke i sli\u010dne) literature s metodolo\u0161kim (empirijskim ili istra\u017eiva\u010dkim) sadr\u017eajima. U tom smislu ovaj MEMENTO samo je primjerena pomo\u0107 i svojevrstan metodolo\u0161ki vodi\u010d, a nikako ne mo\u017ee biti zamjena [&hellip;]\" \/>\n<meta property=\"og:url\" content=\"https:\/\/webknjizara.hr\/proizvod\/memento-mjerenje-vol-3-jasmina-bajic\/\" \/>\n<meta property=\"og:site_name\" content=\"Web-knji\u017eara\" \/>\n<meta property=\"article:modified_time\" content=\"2023-02-26T23:15:38+00:00\" \/>\n<meta property=\"og:image\" content=\"https:\/\/webknjizara.hr\/wp-content\/uploads\/nc\/images\/virtuemart\/product\/memento-mjeren-4ebd07fe660d0.jpg\" \/>\n\t<meta property=\"og:image:width\" content=\"203\" \/>\n\t<meta property=\"og:image:height\" content=\"283\" \/>\n\t<meta property=\"og:image:type\" content=\"image\/jpeg\" \/>\n<meta name=\"twitter:card\" content=\"summary_large_image\" \/>\n<meta name=\"twitter:label1\" content=\"Est. reading time\" \/>\n\t<meta name=\"twitter:data1\" content=\"1 minute\" \/>\n<script type=\"application\/ld+json\" class=\"yoast-schema-graph\">{\"@context\":\"https:\\\/\\\/schema.org\",\"@graph\":[{\"@type\":\"WebPage\",\"@id\":\"https:\\\/\\\/webknjizara.hr\\\/proizvod\\\/memento-mjerenje-vol-3-jasmina-bajic\\\/\",\"url\":\"https:\\\/\\\/webknjizara.hr\\\/proizvod\\\/memento-mjerenje-vol-3-jasmina-bajic\\\/\",\"name\":\"MEMENTO - MJERENJE vol. 3, Jasmina Baji\u0107 - Web-knji\u017eara\",\"isPartOf\":{\"@id\":\"https:\\\/\\\/webknjizara.hr\\\/#website\"},\"primaryImageOfPage\":{\"@id\":\"https:\\\/\\\/webknjizara.hr\\\/proizvod\\\/memento-mjerenje-vol-3-jasmina-bajic\\\/#primaryimage\"},\"image\":{\"@id\":\"https:\\\/\\\/webknjizara.hr\\\/proizvod\\\/memento-mjerenje-vol-3-jasmina-bajic\\\/#primaryimage\"},\"thumbnailUrl\":\"https:\\\/\\\/webknjizara.hr\\\/wp-content\\\/uploads\\\/nc\\\/images\\\/virtuemart\\\/product\\\/memento-mjeren-4ebd07fe660d0.jpg\",\"datePublished\":\"2011-10-26T11:05:12+00:00\",\"dateModified\":\"2023-02-26T23:15:38+00:00\",\"breadcrumb\":{\"@id\":\"https:\\\/\\\/webknjizara.hr\\\/proizvod\\\/memento-mjerenje-vol-3-jasmina-bajic\\\/#breadcrumb\"},\"inLanguage\":\"en-US\",\"potentialAction\":[{\"@type\":\"ReadAction\",\"target\":[\"https:\\\/\\\/webknjizara.hr\\\/proizvod\\\/memento-mjerenje-vol-3-jasmina-bajic\\\/\"]}]},{\"@type\":\"ImageObject\",\"inLanguage\":\"en-US\",\"@id\":\"https:\\\/\\\/webknjizara.hr\\\/proizvod\\\/memento-mjerenje-vol-3-jasmina-bajic\\\/#primaryimage\",\"url\":\"https:\\\/\\\/webknjizara.hr\\\/wp-content\\\/uploads\\\/nc\\\/images\\\/virtuemart\\\/product\\\/memento-mjeren-4ebd07fe660d0.jpg\",\"contentUrl\":\"https:\\\/\\\/webknjizara.hr\\\/wp-content\\\/uploads\\\/nc\\\/images\\\/virtuemart\\\/product\\\/memento-mjeren-4ebd07fe660d0.jpg\",\"width\":203,\"height\":283,\"caption\":\"MEMENTO - MJERENJE vol. 3, Jasmina Baji\u0107\"},{\"@type\":\"BreadcrumbList\",\"@id\":\"https:\\\/\\\/webknjizara.hr\\\/proizvod\\\/memento-mjerenje-vol-3-jasmina-bajic\\\/#breadcrumb\",\"itemListElement\":[{\"@type\":\"ListItem\",\"position\":1,\"name\":\"Po\u010detna stranica\",\"item\":\"https:\\\/\\\/webknjizara.hr\\\/en\\\/\"},{\"@type\":\"ListItem\",\"position\":2,\"name\":\"Shop\",\"item\":\"https:\\\/\\\/webknjizara.hr\\\/shop\\\/\"},{\"@type\":\"ListItem\",\"position\":3,\"name\":\"MEMENTO &#8211; MJERENJE vol. 3, Jasmina Baji\u0107\"}]},{\"@type\":\"WebSite\",\"@id\":\"https:\\\/\\\/webknjizara.hr\\\/#website\",\"url\":\"https:\\\/\\\/webknjizara.hr\\\/\",\"name\":\"Web Knji\u017eara\",\"description\":\"\",\"publisher\":{\"@id\":\"https:\\\/\\\/webknjizara.hr\\\/#organization\"},\"potentialAction\":[{\"@type\":\"SearchAction\",\"target\":{\"@type\":\"EntryPoint\",\"urlTemplate\":\"https:\\\/\\\/webknjizara.hr\\\/?s={search_term_string}\"},\"query-input\":{\"@type\":\"PropertyValueSpecification\",\"valueRequired\":true,\"valueName\":\"search_term_string\"}}],\"inLanguage\":\"en-US\"},{\"@type\":\"Organization\",\"@id\":\"https:\\\/\\\/webknjizara.hr\\\/#organization\",\"name\":\"REDAK D.O.O.\",\"url\":\"https:\\\/\\\/webknjizara.hr\\\/\",\"logo\":{\"@type\":\"ImageObject\",\"inLanguage\":\"en-US\",\"@id\":\"https:\\\/\\\/webknjizara.hr\\\/#\\\/schema\\\/logo\\\/image\\\/\",\"url\":\"https:\\\/\\\/webknjizara.hr\\\/wp-content\\\/uploads\\\/2023\\\/01\\\/web-knjizara-logo.webp\",\"contentUrl\":\"https:\\\/\\\/webknjizara.hr\\\/wp-content\\\/uploads\\\/2023\\\/01\\\/web-knjizara-logo.webp\",\"width\":324,\"height\":79,\"caption\":\"REDAK D.O.O.\"},\"image\":{\"@id\":\"https:\\\/\\\/webknjizara.hr\\\/#\\\/schema\\\/logo\\\/image\\\/\"}}]}<\/script>\n<!-- \/ Yoast SEO plugin. -->","yoast_head_json":{"title":"MEMENTO - MJERENJE vol. 3, Jasmina Baji\u0107 - Web-knji\u017eara","robots":{"index":"index","follow":"follow","max-snippet":"max-snippet:-1","max-image-preview":"max-image-preview:large","max-video-preview":"max-video-preview:-1"},"canonical":"https:\/\/webknjizara.hr\/proizvod\/memento-mjerenje-vol-3-jasmina-bajic\/","og_locale":"en_US","og_type":"article","og_title":"MEMENTO - MJERENJE vol. 3, Jasmina Baji\u0107 - Web-knji\u017eara","og_description":"\u00a0 Sa\u017eetak: Memento MJERENJE vol.3., 2011. (MEASUREMENT, Vol.3, 2011) predstavlja METODOLO\u0160KI PODSJETNIK koji poma\u017ee studentima i stru\u010dnjacima s podru\u010dja dru\u0161tvenih znanosti (i \u0161ire) u pra\u0107enju stru\u010dne (sociolo\u0161ke i sli\u010dne) literature s metodolo\u0161kim (empirijskim ili istra\u017eiva\u010dkim) sadr\u017eajima. U tom smislu ovaj MEMENTO samo je primjerena pomo\u0107 i svojevrstan metodolo\u0161ki vodi\u010d, a nikako ne mo\u017ee biti zamjena [&hellip;]","og_url":"https:\/\/webknjizara.hr\/proizvod\/memento-mjerenje-vol-3-jasmina-bajic\/","og_site_name":"Web-knji\u017eara","article_modified_time":"2023-02-26T23:15:38+00:00","og_image":[{"width":203,"height":283,"url":"https:\/\/webknjizara.hr\/wp-content\/uploads\/nc\/images\/virtuemart\/product\/memento-mjeren-4ebd07fe660d0.jpg","type":"image\/jpeg"}],"twitter_card":"summary_large_image","twitter_misc":{"Est. reading time":"1 minute"},"schema":{"@context":"https:\/\/schema.org","@graph":[{"@type":"WebPage","@id":"https:\/\/webknjizara.hr\/proizvod\/memento-mjerenje-vol-3-jasmina-bajic\/","url":"https:\/\/webknjizara.hr\/proizvod\/memento-mjerenje-vol-3-jasmina-bajic\/","name":"MEMENTO - MJERENJE vol. 3, Jasmina Baji\u0107 - Web-knji\u017eara","isPartOf":{"@id":"https:\/\/webknjizara.hr\/#website"},"primaryImageOfPage":{"@id":"https:\/\/webknjizara.hr\/proizvod\/memento-mjerenje-vol-3-jasmina-bajic\/#primaryimage"},"image":{"@id":"https:\/\/webknjizara.hr\/proizvod\/memento-mjerenje-vol-3-jasmina-bajic\/#primaryimage"},"thumbnailUrl":"https:\/\/webknjizara.hr\/wp-content\/uploads\/nc\/images\/virtuemart\/product\/memento-mjeren-4ebd07fe660d0.jpg","datePublished":"2011-10-26T11:05:12+00:00","dateModified":"2023-02-26T23:15:38+00:00","breadcrumb":{"@id":"https:\/\/webknjizara.hr\/proizvod\/memento-mjerenje-vol-3-jasmina-bajic\/#breadcrumb"},"inLanguage":"en-US","potentialAction":[{"@type":"ReadAction","target":["https:\/\/webknjizara.hr\/proizvod\/memento-mjerenje-vol-3-jasmina-bajic\/"]}]},{"@type":"ImageObject","inLanguage":"en-US","@id":"https:\/\/webknjizara.hr\/proizvod\/memento-mjerenje-vol-3-jasmina-bajic\/#primaryimage","url":"https:\/\/webknjizara.hr\/wp-content\/uploads\/nc\/images\/virtuemart\/product\/memento-mjeren-4ebd07fe660d0.jpg","contentUrl":"https:\/\/webknjizara.hr\/wp-content\/uploads\/nc\/images\/virtuemart\/product\/memento-mjeren-4ebd07fe660d0.jpg","width":203,"height":283,"caption":"MEMENTO - MJERENJE vol. 3, Jasmina Baji\u0107"},{"@type":"BreadcrumbList","@id":"https:\/\/webknjizara.hr\/proizvod\/memento-mjerenje-vol-3-jasmina-bajic\/#breadcrumb","itemListElement":[{"@type":"ListItem","position":1,"name":"Po\u010detna stranica","item":"https:\/\/webknjizara.hr\/en\/"},{"@type":"ListItem","position":2,"name":"Shop","item":"https:\/\/webknjizara.hr\/shop\/"},{"@type":"ListItem","position":3,"name":"MEMENTO &#8211; MJERENJE vol. 3, Jasmina Baji\u0107"}]},{"@type":"WebSite","@id":"https:\/\/webknjizara.hr\/#website","url":"https:\/\/webknjizara.hr\/","name":"Web Knji\u017eara","description":"","publisher":{"@id":"https:\/\/webknjizara.hr\/#organization"},"potentialAction":[{"@type":"SearchAction","target":{"@type":"EntryPoint","urlTemplate":"https:\/\/webknjizara.hr\/?s={search_term_string}"},"query-input":{"@type":"PropertyValueSpecification","valueRequired":true,"valueName":"search_term_string"}}],"inLanguage":"en-US"},{"@type":"Organization","@id":"https:\/\/webknjizara.hr\/#organization","name":"REDAK D.O.O.","url":"https:\/\/webknjizara.hr\/","logo":{"@type":"ImageObject","inLanguage":"en-US","@id":"https:\/\/webknjizara.hr\/#\/schema\/logo\/image\/","url":"https:\/\/webknjizara.hr\/wp-content\/uploads\/2023\/01\/web-knjizara-logo.webp","contentUrl":"https:\/\/webknjizara.hr\/wp-content\/uploads\/2023\/01\/web-knjizara-logo.webp","width":324,"height":79,"caption":"REDAK D.O.O."},"image":{"@id":"https:\/\/webknjizara.hr\/#\/schema\/logo\/image\/"}}]}},"_links":{"self":[{"href":"https:\/\/webknjizara.hr\/en\/wp-json\/wp\/v2\/product\/7435","targetHints":{"allow":["GET"]}}],"collection":[{"href":"https:\/\/webknjizara.hr\/en\/wp-json\/wp\/v2\/product"}],"about":[{"href":"https:\/\/webknjizara.hr\/en\/wp-json\/wp\/v2\/types\/product"}],"replies":[{"embeddable":true,"href":"https:\/\/webknjizara.hr\/en\/wp-json\/wp\/v2\/comments?post=7435"}],"wp:featuredmedia":[{"embeddable":true,"href":"https:\/\/webknjizara.hr\/en\/wp-json\/wp\/v2\/media\/7436"}],"wp:attachment":[{"href":"https:\/\/webknjizara.hr\/en\/wp-json\/wp\/v2\/media?parent=7435"}],"wp:term":[{"taxonomy":"product_brand","embeddable":true,"href":"https:\/\/webknjizara.hr\/en\/wp-json\/wp\/v2\/product_brand?post=7435"},{"taxonomy":"product_cat","embeddable":true,"href":"https:\/\/webknjizara.hr\/en\/wp-json\/wp\/v2\/product_cat?post=7435"},{"taxonomy":"product_tag","embeddable":true,"href":"https:\/\/webknjizara.hr\/en\/wp-json\/wp\/v2\/product_tag?post=7435"}],"curies":[{"name":"wp","href":"https:\/\/api.w.org\/{rel}","templated":true}]}}