{"id":7433,"date":"2011-10-26T09:58:34","date_gmt":"2011-10-26T09:58:34","guid":{"rendered":"https:\/\/webknjizara.hr\/?product=komuniciranje-u-turizmu-sime-knezevic"},"modified":"2023-02-27T00:15:38","modified_gmt":"2023-02-26T23:15:38","slug":"komuniciranje-u-turizmu-sime-knezevic","status":"publish","type":"product","link":"https:\/\/webknjizara.hr\/en\/proizvod\/komuniciranje-u-turizmu-sime-knezevic\/","title":{"rendered":"KOMUNICIRANJE U TURIZMU, \u0160ime Kne\u017eevi\u0107"},"content":{"rendered":"<p style=\"text-align: justify;\">\u00a0<\/p>\n<p style=\"text-align: justify;\"><strong>Sa\u017eetak:<\/strong><\/p>\n<p style=\"text-align: justify;\">Knjiga obra\u0111uje iznimno suvremenu tematiku, podru\u010dje komuniciranja i podru\u010dje turizma. Komuniciranjem zalazi u podru\u010dje komunikolo\u0161kih znanosti, a u turizmu se bavi tematikom koja izrazito proizlazi iz ekonomskih znanosti.\u00a0 <br \/>Ona predstavlja novo djelo koje na poseban na\u010din objedinjava brojne teorijske i prakti\u010dne aspekte poslovanja u turizmu, a nastalo je na temeljima dugogodi\u0161njeg rada autora u poslovnoj praksi. Djelo je u svom prete\u017eitom dijelu fokusirano na tr\u017ei\u0161nu komunikaciju izme\u0111u brojnih subjekata koji \u010dine slo\u017eeno turisti\u010dko tr\u017ei\u0161te. <br \/>Za razliku od ostale dostupne gra\u0111e iz podru\u010dja marketinga u turizmu, elektroni\u010dkog poslovanja u turizmu, ekonomike turizma, turisti\u010dkog posredovanja i dr., ovo djelo svojim \u010ditateljima omogu\u0107ava jedinstven pogled i pregled same tehnike komunikacije koja se stje\u010de dugogodi\u0161njim radom u turisti\u010dkoj operativi.<br \/>Knjiga je prvenstveno namijenjena studenticama i studentima Odjela za komunikacijske znanosti Sveu\u010dili\u0161ta u Zadru, ali je svakako vrijedna literatura i ostalim studentima koji studiraju turizam i komunikologiju na fakultetima i visokim \u0161kolama.<\/p>\n<p><strong>Bilje\u0161ka o autoru:<\/strong><\/p>\n<div style=\"text-align: justify;\">\u0160ime Kne\u017eevi\u0107 ro\u0111en je 18. listopada 1955. u Selinama, od majke Grgice, ro\u0111. Jusup i oca Jure.<br \/>Osnovno obrazovanje zavr\u0161io je u Starigradu-Paklenici a srednje u Zadru i Zagrebu. Studij njema\u010dkog jezika i knji\u017eevnosti i francuskog jezika i knji\u017eevnosti zavr\u0161io je na Filozofskom fakultetu u Zadru (Dana\u0161nje Sveu\u010dili\u0161te u Zadru).<br \/>Po\u00a0 programu\u00a0 Ekonomskog\u00a0 fakulteta\u00a0 u\u00a0 Zagrebu\u00a0 polo\u017eio\u00a0 je\u00a0 stru\u010dni\u00a0 ispit\u00a0 za vanjskotrgovinsko poslovanje, a po programu poznatog europskog turisti\u010dkog osiguranja \u00abElvia\u00bb jednogodi\u0161nju specijalizaciju iz podru\u010dja osiguranja u turisti\u010dkom poslovanju.<br \/>Vo\u0111en \u017eeljom za kontaktima i upoznavanjem europskog turisti\u010dkog tr\u017ei\u0161ta a koriste\u0107i strane jezike kao sredstvo komuniciranja, najve\u0107i dio svog radnog anga\u017emana je proveo u turizmu, u Hrvatskoj i u inozemstvu, te stekao brojna korisna i zanimljiva iskustva o europskom turisti\u010dkom tr\u017ei\u0161tu.U svojoj poslovnoj karijeri obna\u0161ao je vi\u0161e funkcija u turizmu. Sudionik je vi\u0161e znanstvenih i stru\u010dnih skupova u Hrvatskoj i inozemstvu. Sudjelovao u vi\u0161e turisti\u010dkih projekata o poslovnoj suradnji inozemnih i hrvatskih partnera i institucija.<br \/>Interes su mu razna podru\u010dja, od turizma europskih zemalja njema\u010dkog i francuskog govornog podru\u010dja (Njema\u010dke, Austrije, \u0160vicarske, Francuske) do povijesti i obi\u010daja njegovog rodnog Podgorja. Pored toga pi\u0161e pjesme te razne zapisa o ljudima i doga\u0111ajima.<br \/>Stalni je sudski tuma\u010d za njema\u010dki jezik.<br \/>Sretni je otac troje djece, \u017eivi i radi u Zadru i Selinama.<br \/>Na Odjelu za turizam i komunikacijske znanosti Sveu\u010dili\u0161ta u Zadru, od<br \/>2004. godine sudjeluje u izvo\u0111enju nastave iz kolegija Komuniciranje u kulturi i turizmu. <\/div>\n<p><strong>Klju\u010dne rije\u010di:<\/strong> komuniciranje, turizam, kultura, destinacija, tr\u017ei\u0161te, turoperator, putovanje, turist<\/p>\n<p><strong>Naslov:<\/strong> Komuniciranje u turizmu<br \/><strong>Autor:<\/strong> \u0160ime Kne\u017eevi\u0107<br \/><strong>Broj stranica:<\/strong> 146<br \/><strong>Nakladnik:<\/strong> REDAK<br \/><strong>Godina izdanja:<\/strong> 2011<br \/><strong>ISBN:<\/strong> 978-953-7595-65-4<br \/><strong>Tisak:<\/strong> digitalni tisak knjiga &#8211; print na zahtjev<\/p>\n","protected":false},"excerpt":{"rendered":"<p>\u00a0 Sa\u017eetak: Knjiga obra\u0111uje iznimno suvremenu tematiku, podru\u010dje komuniciranja i podru\u010dje turizma. Komuniciranjem zalazi u podru\u010dje komunikolo\u0161kih znanosti, a u turizmu se bavi tematikom koja izrazito proizlazi iz ekonomskih znanosti.\u00a0 Ona predstavlja novo djelo koje na poseban na\u010din objedinjava brojne teorijske i prakti\u010dne aspekte poslovanja u turizmu, a nastalo je na temeljima dugogodi\u0161njeg rada autora [&hellip;]<\/p>\n","protected":false},"featured_media":7434,"comment_status":"open","ping_status":"closed","template":"","meta":{"_acf_changed":false},"product_brand":[],"product_cat":[1539],"product_tag":[],"class_list":{"0":"post-7433","1":"product","2":"type-product","3":"status-publish","4":"has-post-thumbnail","6":"product_cat-sveucilisni-udzbenici-i-prirucnici","7":"pa_autor-sime-knezevic","8":"pa_nakladnik-redak","10":"first","11":"instock","12":"shipping-taxable","13":"purchasable","14":"product-type-simple"},"acf":[],"yoast_head":"<!-- This site is optimized with the Yoast SEO plugin v27.3 - https:\/\/yoast.com\/product\/yoast-seo-wordpress\/ -->\n<title>KOMUNICIRANJE U TURIZMU, \u0160ime Kne\u017eevi\u0107 - Web-knji\u017eara<\/title>\n<meta name=\"robots\" content=\"index, follow, max-snippet:-1, max-image-preview:large, max-video-preview:-1\" \/>\n<link rel=\"canonical\" href=\"https:\/\/webknjizara.hr\/proizvod\/komuniciranje-u-turizmu-sime-knezevic\/\" \/>\n<meta property=\"og:locale\" content=\"en_US\" \/>\n<meta property=\"og:type\" content=\"article\" \/>\n<meta property=\"og:title\" content=\"KOMUNICIRANJE U TURIZMU, \u0160ime Kne\u017eevi\u0107 - Web-knji\u017eara\" \/>\n<meta property=\"og:description\" content=\"\u00a0 Sa\u017eetak: Knjiga obra\u0111uje iznimno suvremenu tematiku, podru\u010dje komuniciranja i podru\u010dje turizma. Komuniciranjem zalazi u podru\u010dje komunikolo\u0161kih znanosti, a u turizmu se bavi tematikom koja izrazito proizlazi iz ekonomskih znanosti.\u00a0 Ona predstavlja novo djelo koje na poseban na\u010din objedinjava brojne teorijske i prakti\u010dne aspekte poslovanja u turizmu, a nastalo je na temeljima dugogodi\u0161njeg rada autora [&hellip;]\" \/>\n<meta property=\"og:url\" content=\"https:\/\/webknjizara.hr\/proizvod\/komuniciranje-u-turizmu-sime-knezevic\/\" \/>\n<meta property=\"og:site_name\" content=\"Web-knji\u017eara\" \/>\n<meta property=\"article:modified_time\" content=\"2023-02-26T23:15:38+00:00\" \/>\n<meta property=\"og:image\" content=\"https:\/\/webknjizara.hr\/wp-content\/uploads\/nc\/images\/virtuemart\/product\/komuniciranje-u-4ea7d9ca9c8c7.jpg\" \/>\n\t<meta property=\"og:image:width\" content=\"472\" \/>\n\t<meta property=\"og:image:height\" content=\"664\" \/>\n\t<meta property=\"og:image:type\" content=\"image\/jpeg\" \/>\n<meta name=\"twitter:card\" content=\"summary_large_image\" \/>\n<meta name=\"twitter:label1\" content=\"Est. reading time\" \/>\n\t<meta name=\"twitter:data1\" content=\"2 minutes\" \/>\n<script type=\"application\/ld+json\" class=\"yoast-schema-graph\">{\"@context\":\"https:\\\/\\\/schema.org\",\"@graph\":[{\"@type\":\"WebPage\",\"@id\":\"https:\\\/\\\/webknjizara.hr\\\/proizvod\\\/komuniciranje-u-turizmu-sime-knezevic\\\/\",\"url\":\"https:\\\/\\\/webknjizara.hr\\\/proizvod\\\/komuniciranje-u-turizmu-sime-knezevic\\\/\",\"name\":\"KOMUNICIRANJE U TURIZMU, \u0160ime Kne\u017eevi\u0107 - Web-knji\u017eara\",\"isPartOf\":{\"@id\":\"https:\\\/\\\/webknjizara.hr\\\/#website\"},\"primaryImageOfPage\":{\"@id\":\"https:\\\/\\\/webknjizara.hr\\\/proizvod\\\/komuniciranje-u-turizmu-sime-knezevic\\\/#primaryimage\"},\"image\":{\"@id\":\"https:\\\/\\\/webknjizara.hr\\\/proizvod\\\/komuniciranje-u-turizmu-sime-knezevic\\\/#primaryimage\"},\"thumbnailUrl\":\"https:\\\/\\\/webknjizara.hr\\\/wp-content\\\/uploads\\\/nc\\\/images\\\/virtuemart\\\/product\\\/komuniciranje-u-4ea7d9ca9c8c7.jpg\",\"datePublished\":\"2011-10-26T09:58:34+00:00\",\"dateModified\":\"2023-02-26T23:15:38+00:00\",\"breadcrumb\":{\"@id\":\"https:\\\/\\\/webknjizara.hr\\\/proizvod\\\/komuniciranje-u-turizmu-sime-knezevic\\\/#breadcrumb\"},\"inLanguage\":\"en-US\",\"potentialAction\":[{\"@type\":\"ReadAction\",\"target\":[\"https:\\\/\\\/webknjizara.hr\\\/proizvod\\\/komuniciranje-u-turizmu-sime-knezevic\\\/\"]}]},{\"@type\":\"ImageObject\",\"inLanguage\":\"en-US\",\"@id\":\"https:\\\/\\\/webknjizara.hr\\\/proizvod\\\/komuniciranje-u-turizmu-sime-knezevic\\\/#primaryimage\",\"url\":\"https:\\\/\\\/webknjizara.hr\\\/wp-content\\\/uploads\\\/nc\\\/images\\\/virtuemart\\\/product\\\/komuniciranje-u-4ea7d9ca9c8c7.jpg\",\"contentUrl\":\"https:\\\/\\\/webknjizara.hr\\\/wp-content\\\/uploads\\\/nc\\\/images\\\/virtuemart\\\/product\\\/komuniciranje-u-4ea7d9ca9c8c7.jpg\",\"width\":472,\"height\":664,\"caption\":\"KOMUNICIRANJE U TURIZMU, \u0160ime Kne\u017eevi\u0107\"},{\"@type\":\"BreadcrumbList\",\"@id\":\"https:\\\/\\\/webknjizara.hr\\\/proizvod\\\/komuniciranje-u-turizmu-sime-knezevic\\\/#breadcrumb\",\"itemListElement\":[{\"@type\":\"ListItem\",\"position\":1,\"name\":\"Po\u010detna stranica\",\"item\":\"https:\\\/\\\/webknjizara.hr\\\/en\\\/\"},{\"@type\":\"ListItem\",\"position\":2,\"name\":\"Shop\",\"item\":\"https:\\\/\\\/webknjizara.hr\\\/shop\\\/\"},{\"@type\":\"ListItem\",\"position\":3,\"name\":\"KOMUNICIRANJE U TURIZMU, \u0160ime Kne\u017eevi\u0107\"}]},{\"@type\":\"WebSite\",\"@id\":\"https:\\\/\\\/webknjizara.hr\\\/#website\",\"url\":\"https:\\\/\\\/webknjizara.hr\\\/\",\"name\":\"Web Knji\u017eara\",\"description\":\"\",\"publisher\":{\"@id\":\"https:\\\/\\\/webknjizara.hr\\\/#organization\"},\"potentialAction\":[{\"@type\":\"SearchAction\",\"target\":{\"@type\":\"EntryPoint\",\"urlTemplate\":\"https:\\\/\\\/webknjizara.hr\\\/?s={search_term_string}\"},\"query-input\":{\"@type\":\"PropertyValueSpecification\",\"valueRequired\":true,\"valueName\":\"search_term_string\"}}],\"inLanguage\":\"en-US\"},{\"@type\":\"Organization\",\"@id\":\"https:\\\/\\\/webknjizara.hr\\\/#organization\",\"name\":\"REDAK D.O.O.\",\"url\":\"https:\\\/\\\/webknjizara.hr\\\/\",\"logo\":{\"@type\":\"ImageObject\",\"inLanguage\":\"en-US\",\"@id\":\"https:\\\/\\\/webknjizara.hr\\\/#\\\/schema\\\/logo\\\/image\\\/\",\"url\":\"https:\\\/\\\/webknjizara.hr\\\/wp-content\\\/uploads\\\/2023\\\/01\\\/web-knjizara-logo.webp\",\"contentUrl\":\"https:\\\/\\\/webknjizara.hr\\\/wp-content\\\/uploads\\\/2023\\\/01\\\/web-knjizara-logo.webp\",\"width\":324,\"height\":79,\"caption\":\"REDAK D.O.O.\"},\"image\":{\"@id\":\"https:\\\/\\\/webknjizara.hr\\\/#\\\/schema\\\/logo\\\/image\\\/\"}}]}<\/script>\n<!-- \/ Yoast SEO plugin. -->","yoast_head_json":{"title":"KOMUNICIRANJE U TURIZMU, \u0160ime Kne\u017eevi\u0107 - Web-knji\u017eara","robots":{"index":"index","follow":"follow","max-snippet":"max-snippet:-1","max-image-preview":"max-image-preview:large","max-video-preview":"max-video-preview:-1"},"canonical":"https:\/\/webknjizara.hr\/proizvod\/komuniciranje-u-turizmu-sime-knezevic\/","og_locale":"en_US","og_type":"article","og_title":"KOMUNICIRANJE U TURIZMU, \u0160ime Kne\u017eevi\u0107 - Web-knji\u017eara","og_description":"\u00a0 Sa\u017eetak: Knjiga obra\u0111uje iznimno suvremenu tematiku, podru\u010dje komuniciranja i podru\u010dje turizma. Komuniciranjem zalazi u podru\u010dje komunikolo\u0161kih znanosti, a u turizmu se bavi tematikom koja izrazito proizlazi iz ekonomskih znanosti.\u00a0 Ona predstavlja novo djelo koje na poseban na\u010din objedinjava brojne teorijske i prakti\u010dne aspekte poslovanja u turizmu, a nastalo je na temeljima dugogodi\u0161njeg rada autora [&hellip;]","og_url":"https:\/\/webknjizara.hr\/proizvod\/komuniciranje-u-turizmu-sime-knezevic\/","og_site_name":"Web-knji\u017eara","article_modified_time":"2023-02-26T23:15:38+00:00","og_image":[{"width":472,"height":664,"url":"https:\/\/webknjizara.hr\/wp-content\/uploads\/nc\/images\/virtuemart\/product\/komuniciranje-u-4ea7d9ca9c8c7.jpg","type":"image\/jpeg"}],"twitter_card":"summary_large_image","twitter_misc":{"Est. reading time":"2 minutes"},"schema":{"@context":"https:\/\/schema.org","@graph":[{"@type":"WebPage","@id":"https:\/\/webknjizara.hr\/proizvod\/komuniciranje-u-turizmu-sime-knezevic\/","url":"https:\/\/webknjizara.hr\/proizvod\/komuniciranje-u-turizmu-sime-knezevic\/","name":"KOMUNICIRANJE U TURIZMU, \u0160ime Kne\u017eevi\u0107 - Web-knji\u017eara","isPartOf":{"@id":"https:\/\/webknjizara.hr\/#website"},"primaryImageOfPage":{"@id":"https:\/\/webknjizara.hr\/proizvod\/komuniciranje-u-turizmu-sime-knezevic\/#primaryimage"},"image":{"@id":"https:\/\/webknjizara.hr\/proizvod\/komuniciranje-u-turizmu-sime-knezevic\/#primaryimage"},"thumbnailUrl":"https:\/\/webknjizara.hr\/wp-content\/uploads\/nc\/images\/virtuemart\/product\/komuniciranje-u-4ea7d9ca9c8c7.jpg","datePublished":"2011-10-26T09:58:34+00:00","dateModified":"2023-02-26T23:15:38+00:00","breadcrumb":{"@id":"https:\/\/webknjizara.hr\/proizvod\/komuniciranje-u-turizmu-sime-knezevic\/#breadcrumb"},"inLanguage":"en-US","potentialAction":[{"@type":"ReadAction","target":["https:\/\/webknjizara.hr\/proizvod\/komuniciranje-u-turizmu-sime-knezevic\/"]}]},{"@type":"ImageObject","inLanguage":"en-US","@id":"https:\/\/webknjizara.hr\/proizvod\/komuniciranje-u-turizmu-sime-knezevic\/#primaryimage","url":"https:\/\/webknjizara.hr\/wp-content\/uploads\/nc\/images\/virtuemart\/product\/komuniciranje-u-4ea7d9ca9c8c7.jpg","contentUrl":"https:\/\/webknjizara.hr\/wp-content\/uploads\/nc\/images\/virtuemart\/product\/komuniciranje-u-4ea7d9ca9c8c7.jpg","width":472,"height":664,"caption":"KOMUNICIRANJE U TURIZMU, \u0160ime Kne\u017eevi\u0107"},{"@type":"BreadcrumbList","@id":"https:\/\/webknjizara.hr\/proizvod\/komuniciranje-u-turizmu-sime-knezevic\/#breadcrumb","itemListElement":[{"@type":"ListItem","position":1,"name":"Po\u010detna stranica","item":"https:\/\/webknjizara.hr\/en\/"},{"@type":"ListItem","position":2,"name":"Shop","item":"https:\/\/webknjizara.hr\/shop\/"},{"@type":"ListItem","position":3,"name":"KOMUNICIRANJE U TURIZMU, \u0160ime Kne\u017eevi\u0107"}]},{"@type":"WebSite","@id":"https:\/\/webknjizara.hr\/#website","url":"https:\/\/webknjizara.hr\/","name":"Web Knji\u017eara","description":"","publisher":{"@id":"https:\/\/webknjizara.hr\/#organization"},"potentialAction":[{"@type":"SearchAction","target":{"@type":"EntryPoint","urlTemplate":"https:\/\/webknjizara.hr\/?s={search_term_string}"},"query-input":{"@type":"PropertyValueSpecification","valueRequired":true,"valueName":"search_term_string"}}],"inLanguage":"en-US"},{"@type":"Organization","@id":"https:\/\/webknjizara.hr\/#organization","name":"REDAK D.O.O.","url":"https:\/\/webknjizara.hr\/","logo":{"@type":"ImageObject","inLanguage":"en-US","@id":"https:\/\/webknjizara.hr\/#\/schema\/logo\/image\/","url":"https:\/\/webknjizara.hr\/wp-content\/uploads\/2023\/01\/web-knjizara-logo.webp","contentUrl":"https:\/\/webknjizara.hr\/wp-content\/uploads\/2023\/01\/web-knjizara-logo.webp","width":324,"height":79,"caption":"REDAK D.O.O."},"image":{"@id":"https:\/\/webknjizara.hr\/#\/schema\/logo\/image\/"}}]}},"_links":{"self":[{"href":"https:\/\/webknjizara.hr\/en\/wp-json\/wp\/v2\/product\/7433","targetHints":{"allow":["GET"]}}],"collection":[{"href":"https:\/\/webknjizara.hr\/en\/wp-json\/wp\/v2\/product"}],"about":[{"href":"https:\/\/webknjizara.hr\/en\/wp-json\/wp\/v2\/types\/product"}],"replies":[{"embeddable":true,"href":"https:\/\/webknjizara.hr\/en\/wp-json\/wp\/v2\/comments?post=7433"}],"wp:featuredmedia":[{"embeddable":true,"href":"https:\/\/webknjizara.hr\/en\/wp-json\/wp\/v2\/media\/7434"}],"wp:attachment":[{"href":"https:\/\/webknjizara.hr\/en\/wp-json\/wp\/v2\/media?parent=7433"}],"wp:term":[{"taxonomy":"product_brand","embeddable":true,"href":"https:\/\/webknjizara.hr\/en\/wp-json\/wp\/v2\/product_brand?post=7433"},{"taxonomy":"product_cat","embeddable":true,"href":"https:\/\/webknjizara.hr\/en\/wp-json\/wp\/v2\/product_cat?post=7433"},{"taxonomy":"product_tag","embeddable":true,"href":"https:\/\/webknjizara.hr\/en\/wp-json\/wp\/v2\/product_tag?post=7433"}],"curies":[{"name":"wp","href":"https:\/\/api.w.org\/{rel}","templated":true}]}}