{"id":7431,"date":"2011-10-18T11:29:53","date_gmt":"2011-10-18T11:29:53","guid":{"rendered":"https:\/\/webknjizara.hr\/?product=prirucnik-za-mikroskopske-vjezbe"},"modified":"2026-04-16T10:02:36","modified_gmt":"2026-04-16T08:02:36","slug":"prirucnik-za-mikroskopske-vjezbe","status":"publish","type":"product","link":"https:\/\/webknjizara.hr\/en\/proizvod\/prirucnik-za-mikroskopske-vjezbe\/","title":{"rendered":"PRIRU\u010cNIK ZA MIKROSKOPSKE VJE\u017dBE"},"content":{"rendered":"<p><strong>Sa\u017eetak:<\/strong><\/p>\n<p>Priru\u010dnik je namijenjen prvenstveno studentima medicine i dentalne medicine, a mo\u017ee biti koristan i studentima biomedicinskih i prirodoslovnih znanosti te nastavnicima koji predaju predmet <em>Biologija<\/em>. U ovom priru\u010dniku na razini svjetlosnog mikroskopa obra\u0111ene su prokariotske, eukariotske, \u017eivotinjske, biljne i ljudske stanice. Gradivo je podijeljeno u deset poglavlja: <em>1. Uvod u mikroskopiranje, 2. Stanice prokariota i eukariota, 3. Istra\u017eivanje stanica, 4. Membrana stanice, 5. Membrane stani\u010dnih organela i stani\u010dna energetika, 6. Stani\u010dni ciklus, 7. Reproduktivni sustav, oplodnja i rani razvoj, 8. Rani embrionalni i kasni fetalni razvoj kralje\u0161njaka, 9. Teratogeneza i 10. Literatura.<\/em><\/p>\n<p>U <em>prvom poglavlju<\/em> uvodni dio priru\u010dnika sadr\u017ei detaljan opis gra\u0111e svjetlosnog mikroskopa, tehnike ispravnog rukovanja, pronala\u017eenja i izo\u0161travanja slike na razli\u010ditim pove\u0107anjima te izradu nativnih i trajnih mikroskopskih preparata. Slijede opisi fiksnih numeri\u010dkih vrijednosti i postupci izra\u010dunavanja nekih vrijednosti karakteristi\u010dnih za pojedina pove\u0107anja mikroskopa: numeri\u010dka apertura, mo\u0107 razlu\u010divanja mikroskopa, radna daljina i ukupno pove\u0107anje mikroskopa. Detaljan opis odre\u0111ivanja promjera i stvarne veli\u010dine vidnog polja koristi studentima u percipiranju stvarne veli\u010dine stanica koje mikroskopiraju i relacijama veli\u010dine me\u0111u njima (usporedba \u017eiv\u010dane stanice \u010dovjeka na malom i velikom pove\u0107anju). Vje\u0161tinu mikroskopiranja student \u0107e najbolje savladati pomo\u0107u jednostavnih preparata, strelice i stanica pluta, uz \u010diji opis se nalaze upute o centriranju i fokusiranju slike prilikom prelaska s manjeg na ve\u0107e pove\u0107anje. <em>Drugo poglavlje<\/em> opisuje preparate pomo\u0107u kojih student treba nau\u010diti razliku izme\u0111u stanica prokariota (bakterije) i eukariota (stanice plo\u010dastog epitela povr\u0161ine jezika \u010dovjeka, mi\u0161i\u0107ne stanice \u010dovjeka i \u0161takora, eritrociti \u017eabe). U <em>tre\u0107em<\/em> poglavlju obja\u0161njena je tehnika frakcioniranja i centrifugiranja stanica kojom se mogu razdvojiti organele i dijelovi stanice prema njihovoj veli\u010dini (jetra \u0161takora). <em>\u010cetvrto poglavlje<\/em> opisuje tehniku istra\u017eivanja stani\u010dnih membrana i transport kroz membranu. Obja\u0161njene su metode dokazivanja lipidne i proteinske osnove gra\u0111e membrane. Na primjeru umjetne membrane, Traubeova stanica, opisano je svojstvo polupropusnosti membrane i difuzije vode kroz membranu, a na modelu najbolje istra\u017eene membrane eritrocita \u010dovjeka obja\u0161njeni su pojmovi hipotoni\u010dne, hipertoni\u010dne i izotoni\u010dne otopine te hemoliza i plazmoliza. Tako\u0111er je opisano pona\u0161anje biljnih stanica u otopinama razli\u010ditih koncentracija te plazmoliza i deplazmoliza (stanice poko\u017eice luka s antocijanom). Uo\u010dena je razlika u pona\u0161anju i odgovoru biljnih i ljudskih stanica ovisno o razlici\u00a0 koncentracije otopljene tvari izvan stanice. U <em>petom poglavlju <\/em>analizirani su preparati jetre \u0161takora gdje su specifi\u010dnom metodom bojanja prikazani brojni mitohondriji. U stanicama lista vodene kuge mogu se vidjeti kloroplasti koji se gibaju (cikloza). <em>\u0160esto poglavlje<\/em> sadr\u017ei opis svih faza stani\u010dnog ciklusa, nakon \u010dega slijedi mikroskopiranje trajnih preparata: vr\u0161ak korjen\u010di\u0107a luka sa stanicama u interfazi i mitozi, sekundarni folikul ovarija \u0161takora sa folikularnim stanicama u mitozi, kulture tkiva fibroblasta \u010dovjeka sa stanicama u interfazi i tumorske HeLa stanice od kojih je velik dio u mitozi zbog intenzivne diobe. Zatvorena mitoza mikroskopira se u nativnom preparatu svje\u017eeg pekarskog kvasca. Slijedi uputa o izradi kariograma kod odraslog \u010dovjeka, Moorhedova metoda, te analiza kariotipa: broj, veli\u010dina, ispruganost i tipovi kromosoma. Analizira se i studira prisutnost ili odsutnost spolnog kromatina (Barrovo tjele\u0161ce) u interfaznim stanicama bukalne sluznice \u010dovjeka. Tako\u0111er se mikroskopiraju specifi\u010dni gorostasni politeni kromosomi u \u017elijezdama slinovnicama vinske mu\u0161ice. U <em>sedmom poglavlju<\/em> studira se mu\u0161ki i \u017eenski reproduktivni sustav, mikroskopiraju \u017eivi spermiji mu\u017ejaka i vaginalni razmazi u razli\u010ditim fazama estrus ciklusa \u017eenki \u0161takora. Slijede usporedni opisi i mikroskopska analiza gra\u0111e testisa, epididimisa i ovarija \u0161takora, \u010dovjeka i \u017eabe te eksperimentalno izazvanih policisti\u010dnih ovarija \u0161takora. Tako\u0111er je opisana oplodnja kod morskog je\u017einca te razvoj blastule, gastrule i li\u010dinke (pluteus). <em>Osmo poglavlje<\/em> prou\u010dava rani embrionalni i kasni fetalni razvoj kralje\u0161njaka &#8211; \u017eabe (blastula, gastrula, neurula, li\u010dinka &#8211; punoglavac), pileta (blastula, gastrula, neurula) i sisavca (blastocista, embrij, fetus). Priru\u010dnik zavr\u0161ava <em>devetim poglavljem<\/em> &#8211; Teratogeneza koje studira nastanak i gra\u0111u teratoma i teratokarcinoma. Posebna pozornost poklanja se normalnom ranom i kasnom embrionalnom razvoju sisavaca te eksperimentalno izazvanoj teratogenezi u \u0161takora. U izradi priru\u010dnika kori\u0161tena je suvremena literatura (25 citata) koja pokriva sve teme opisane u ovom priru\u010dniku (<em>deseto poglavlje<\/em>). Tekst ima 78 slika, 6 tablica te zadatke i pitanja za vje\u017ebu. Uz crno bijelu tiskanu verziju (86 stranica) dodan je CD sa slikama mikroskopskih preparata u boji i popisom literature s odabranim mre\u017enim stranicama.<\/p>\n<p><strong>Bilje\u0161ka o autoru\/ici: <\/strong><\/p>\n<p><strong>Marijana Peruzovi\u0107 (djevoja\u010dki Gradt)<\/strong> ro\u0111ena je u Zagrebu 1945. godine. Diplomirala je na Prirodoslovno-matemati\u010dkom fakultetu Sveu\u010dili\u0161ta u Zagrebu 1969., magistrirala 1979., a doktorirala 1980. godine na Sveu\u010dili\u0161tu u Zagrebu. Radno iskustvo: od 1970.-1986. god. Sveu\u010dili\u0161te u Zagrebu, Medicinski fakultet, Zavod za biologiju. Od 1986.-1997. god. Sveu\u010dili\u0161te u Zagrebu, Medicinski fakultet, Zavod za biologiju, Studij medicine u Splitu. Od 1997.-2010. god. Sveu\u010dili\u0161te u Splitu, Medicinski fakultet, Katedra za biologiju, redoviti profesor u trajnom zvanju (2005.) Predlo\u017eena je za po\u010dasno zvanje professor emeritus na Sveu\u010dili\u0161tu u Splitu. Zadu\u017eenja: voditeljica dislociranog Zavoda za biologiju Studija medicine u Splitu i znanstveno-istra\u017eiva\u010dkog laboratorija, organizatorica prve jedinice za uzgoj laboratorijskih \u017eivotinja u Splitu, nositeljica predmeta Medicinska biologija, prva pro\u010delnica Katedre za biologiju Medicinskog fakulteta Sveu\u010dili\u0161ta u Splitu, \u010dlanica fakultetskih povjerenstava. Nastavno iskustvo stjecala je dugogodi\u0161njim radom u svim oblicima nastave na dodiplomskom i poslijediplomskom studiju. Prevela je nekoliko poglavlja nastavnog teksta ud\u017ebenika za studente medicine, koautor je skripte obvezatnog i dvaju izbornih predmeta, a na poslijediplomskom doktorskom studiju Medicinskog fakulteta u Splitu bila je voditelj dvaju izbornih predmeta. Uspje\u0161no je utemeljila prvu organiziranu jedinicu za uzgoj i pokuse na sisavcima (\u0161takori) koja je slu\u017eila za potrebe nastave i znanstveno-istra\u017eiva\u010dkog rada Medicinskog studija i KBC Split. Sudjelovala je u realizaciji devet doma\u0107ih i dva me\u0111unarodna projekta te dala stru\u010dni i znanstveni doprinos u podru\u010dju perinatalne endokrinologije, posebice vezano za kriti\u010dna razdoblja razvoja sisavaca i u\u010dinka razli\u010ditih faktora (hormona, stresa, prehrane, herbicida, dobi) na hipofizno-adrenalno-gonadalni sustav. Jedna je od rijetkih istra\u017eiva\u010da u Hrvatskoj koja se bavila pona\u0161anjem sisavaca. Do sada je objavila ukupno 103 rada te sudjelovala na doma\u0107im i me\u0111unarodnim znanstvenim skupovima. Mentorica je doktorske disertacije, magistarskih, diplomskih, studentskih i maturalnih radova. \u010clan je doma\u0107ih i me\u0111unarodnih dru\u0161tava, pozvani predava\u010d na tribinama, recenzent u \u010dasopisu, recenzent i promotor knjiga iz podru\u010dja bioetike te promicatelj najnovijih znanstvenih spoznaja vezanih uz zdravlje \u010dovjeka u \u010dasopisu Maslina. Nagrade i priznanja: zahvalnica Zbora lije\u010dnika Hrvatske &#8211; Sekcija za perinatalnu medicinu za dugogodi\u0161nje sudjelovanje na \u00abPerinatalnim danima\u00bb; spomen plaketa, priznanje i diploma Republi\u010dke komisije za biologiju \u00abPokret nauku mladima\u00bb i Odbora susreta mladih istra\u017eiva\u010da \u00abNikola Tesla\u00bb.<\/p>\n<p><strong>Tatijana Zemunik<\/strong> ro\u0111ena je u Splitu 1964. godine. Diplomirala je 1988. godine na Medicinskom fakultetu Sveu\u010dili\u0161ta u Zagrebu, 1994. godine postala je magistar znanosti iz podru\u010dja medicine, a 1997. doktor znanosti u podru\u010dju biomedicine i zdravstva. Zaposlena je na Medicinskom fakultetu u Splitu u Katedri Medicinska biologija od 1992. godine, a 2010. godine izabrana je u zvanje redovitog profesora. Bila je suradnik i voditelj nekoliko znanstvenih projekata Ministarstva znanosti, obrazovanja i \u0161porta, trenutno je voditelj projekta \u201eGenetska epidemiologija \u0161e\u0107erne bolesti tip 1 u populaciji Hrvatske\u201d broj 216-1080315-0293. Projekt je dio programa \u201eHrvatska biobanka &#8211; resursi za istra\u017eivanje odrednica zdravlja i bolesti u populaciji\u201d kojem je voditelj prof. dr. sc. Igor Rudan. Suradnja s kolegama u programu rezultirala je radom na zajedni\u010dkom projektu nazvanom &#8220;10001 Dalmatinac&#8221;. U dva navrata usavr\u0161avala se u \u201cInstitute of Cell Culture Technology, Faculty of Technical Sciences, University of Bielefeld\u201d U prvom terminu radila je na projektu \u201cProcessing and signal transduction of extracellular macromolecules\u201d (Sonderforschungsbereich 459) financiranom od Deutsche Forschungsgemeinschaft DFG, a podr\u017eanom od Univerziteta u Bielefeldu, dok je drugi boravak financiran iz sredstava DAAD stipendije. Sudjelovala je u radu razli\u010ditih fakultetskih tijela, od 2001. do danas pomo\u0107nik je voditelja stru\u010dnog studija Sestrinstvo, a od 2008. \u010dlan je Upravnog odbora i voditeljica Odjela za velike populacijske studije Hrvatskog centra za globalno zdravlje pri Medicinskom fakultetu u Splitu. Recenzent je u nekoliko \u010dasopisa indeksiranih u CC\/SCI . Bila je izvjestitelj studijskih programa i recenzent\u00a0 projekata MZO\u0160 RH. Nositeljica predmeta Medicinska biologija na Medicinskom fakultetu u Splitu, voditeljica dva izborna kolegija na poslijediplomskom doktorskom studiju Medicinskog fakulteta u Splitu, a od 2007. godine pozvani je predava\u010d na Medicinskom fakultetu u Mostaru u predmetu Biologija stanice i genetika. Autorica je i\/ili koautorica 47 znanstvenih radova, od \u010dega 38 radova u CC referiranim \u010dasopisima. Mentor je i komentor u tri doktorske disertacije. Aktivni je sudionik na preko dvadeset skupova, simpozija i kongresa: nacionalnih, regionalnih i me\u0111unarodnih iz podru\u010dja biomedicine od 1992. godine do danas.<\/p>\n<p>Autorice su za ovaj sveu\u010dili\u0161ni Priru\u010dnik dobile <em>Priznanje za najbolji nastavni tekst u 2010. godini<\/em> na Medicinskom fakultetu u Splitu.<\/p>\n<p><strong>Klju\u010dne rije\u010di:<\/strong> Mikroskop, stanice, prokarioti, eukarioti, stani\u010dne organele, stani\u010dna membrana, transport kroz membranu, umjetne membrane, membrana eritrocita \u010dovjeka, mitohondriji, kloroplasti, jezgra, stani\u010dni ciklus, mitoza, kromatin, kromosomi, kariotip, kariogram, Barrovo tjele\u0161ce, spolni kromatin, politeni kromosomi, reproduktivni sustav sisavaca, testis, epididimis, spermij, ovarij, folikul, oocita, policisti\u010dni ovarij, estrus ciklus \u0161takora, oplodnja, zigota, blastocista, blastula, gastrula, neurula, embrionalni razvoj, fetalni razvoj, morski je\u017einac, vodozemci, ptice, sisavci, teratogeneza, tumor, teratom, teratokarcinom.<\/p>\n<p><strong>Recenzije &#8211; izvodi iz recenzija: <\/strong><\/p>\n<p>\u201eRadi se o izvornom djelu izra\u0111enom na temelju dugogodi\u0161njeg nastavnog iskustva i tradiciji pou\u010davanja predmeta medicinska biologija na medicinskim fakultetima u Hrvatskoj. Sli\u010dnog priru\u010dnika u pisanom obliku nema na na\u0161im Medicinskim fakultetima, te je kao takvo, dobrodo\u0161lo za edukaciju studenata medicine, stomatologije i ostalih studenata biomedicinskog usmjerenja\u201c &#8211; prof. dr. sc. Florijana Buli\u0107, redoviti profesor Medicinskog fakulteta Sveu\u010dili\u0161ta u Zagrebu.<\/p>\n<p>\u201ePriru\u010dnik je metodi\u010dki u cijelosti prilago\u0111en predmetu, na kraju je navedena recentna literatura i odgovaraju\u0107e mre\u017ene stranice. Rije\u010d je o izvornom djelu. Priru\u010dnik ovakvog sadr\u017eaja do sada nije objavljen u Hrvatskoj\u201c &#8211; prof. dr. sc. Snje\u017eana Tomi\u0107, redoviti profesor Medicinskog fakulteta u Splitu.<\/p>\n<p>Kori\u0161tenje naziva sveu\u010dili\u0161ni priru\u010dnik odobreno je Odlukom Senata Sveu\u010dili\u0161ta u Splitu pod brojem 01-1-41\/16-1-2010. na sjednici odr\u017eanoj 1. o\u017eujka 2010. godine te upotreba za\u0161titnog znaka Sveu\u010dili\u0161ta u Splitu i natpis Manualia universitatis studiorum Spalatensis.<\/p>\n<p><strong>Izjava autora:<\/strong><\/p>\n<p>Priru\u010dnik je potreban studentima medicine i dentalne medicine u lak\u0161em savladavanju prakti\u010dne nastave iz predmeta Medicinska biologija, a mo\u017ee koristiti i studentima biomedicinskih i prirodoslovnih znanosti te nastavnicima predmeta Biologija.<br \/>\nPriru\u010dnik je izvorno djelo autora sa originalnim snimkama mikroskopskih preparata iz zbirke Katedre za biologiju Medicinskog fakulteta u Splitu. Popra\u0107en je CD-om na kojem se nalaze snimke preparata najve\u0107im dijelom u boji.<\/p>\n<p><strong>E-mail: <\/strong><br \/>\n<a href=\"mailto:marijana.peruzovic@mefst.hr\">Prof. dr. sc. Marijana Peruzovic<\/a><br \/>\n<a href=\"mailto:tatijana.zemunik@mefst.hr\">Prof. dr. sc. Tatijana Zemunik<\/a><\/p>\n<p><strong>Naslov:<\/strong> PRIRU\u010cNIK ZA MIKROSKOPSKE VJE\u017dBE<br \/>\n<strong>Autor:<\/strong> Marijana Peruzovi\u0107. Tatijana Zemunik<br \/>\n<strong>Broj stranica:<\/strong> 86<br \/>\n<strong>Nakladnik:<\/strong> REDAK<br \/>\n<strong>Godina izdanja:<\/strong> 2010<br \/>\n<strong>ISBN:<\/strong> 978-953-7595-20-3<br \/>\n<strong>Tisak:<\/strong> digitalni tisak knjiga &#8211; print na zahtjev<\/p>\n","protected":false},"excerpt":{"rendered":"<p>Sa\u017eetak: Priru\u010dnik je namijenjen prvenstveno studentima medicine i dentalne medicine, a mo\u017ee biti koristan i studentima biomedicinskih i prirodoslovnih znanosti te nastavnicima koji predaju predmet Biologija. U ovom priru\u010dniku na razini svjetlosnog mikroskopa obra\u0111ene su prokariotske, eukariotske, \u017eivotinjske, biljne i ljudske stanice. Gradivo je podijeljeno u deset poglavlja: 1. Uvod u mikroskopiranje, 2. Stanice prokariota [&hellip;]<\/p>\n","protected":false},"featured_media":7432,"comment_status":"open","ping_status":"closed","template":"","meta":{"_acf_changed":false},"product_brand":[],"product_cat":[1539],"product_tag":[],"class_list":{"0":"post-7431","1":"product","2":"type-product","3":"status-publish","4":"has-post-thumbnail","6":"product_cat-sveucilisni-udzbenici-i-prirucnici","7":"pa_autor-marijana-peruzovic","8":"pa_autor-tatijana-zemunik","9":"pa_nakladnik-redak","11":"first","12":"instock","13":"shipping-taxable","14":"purchasable","15":"product-type-simple"},"acf":[],"yoast_head":"<!-- This site is optimized with the Yoast SEO plugin v27.3 - https:\/\/yoast.com\/product\/yoast-seo-wordpress\/ -->\n<title>PRIRU\u010cNIK ZA MIKROSKOPSKE VJE\u017dBE - Web-knji\u017eara<\/title>\n<meta name=\"robots\" content=\"index, follow, max-snippet:-1, max-image-preview:large, max-video-preview:-1\" \/>\n<link rel=\"canonical\" href=\"https:\/\/webknjizara.hr\/proizvod\/prirucnik-za-mikroskopske-vjezbe\/\" \/>\n<meta property=\"og:locale\" content=\"en_US\" \/>\n<meta property=\"og:type\" content=\"article\" \/>\n<meta property=\"og:title\" content=\"PRIRU\u010cNIK ZA MIKROSKOPSKE VJE\u017dBE - Web-knji\u017eara\" \/>\n<meta property=\"og:description\" content=\"Sa\u017eetak: Priru\u010dnik je namijenjen prvenstveno studentima medicine i dentalne medicine, a mo\u017ee biti koristan i studentima biomedicinskih i prirodoslovnih znanosti te nastavnicima koji predaju predmet Biologija. U ovom priru\u010dniku na razini svjetlosnog mikroskopa obra\u0111ene su prokariotske, eukariotske, \u017eivotinjske, biljne i ljudske stanice. Gradivo je podijeljeno u deset poglavlja: 1. Uvod u mikroskopiranje, 2. Stanice prokariota [&hellip;]\" \/>\n<meta property=\"og:url\" content=\"https:\/\/webknjizara.hr\/proizvod\/prirucnik-za-mikroskopske-vjezbe\/\" \/>\n<meta property=\"og:site_name\" content=\"Web-knji\u017eara\" \/>\n<meta property=\"article:modified_time\" content=\"2026-04-16T08:02:36+00:00\" \/>\n<meta property=\"og:image\" content=\"https:\/\/webknjizara.hr\/wp-content\/uploads\/nc\/images\/virtuemart\/product\/priru-nik-za-mi-4e9d6331f1e43.jpg\" \/>\n\t<meta property=\"og:image:width\" content=\"283\" \/>\n\t<meta property=\"og:image:height\" content=\"400\" \/>\n\t<meta property=\"og:image:type\" content=\"image\/jpeg\" \/>\n<meta name=\"twitter:card\" content=\"summary_large_image\" \/>\n<meta name=\"twitter:label1\" content=\"Est. reading time\" \/>\n\t<meta name=\"twitter:data1\" content=\"10 minutes\" \/>\n<script type=\"application\/ld+json\" class=\"yoast-schema-graph\">{\"@context\":\"https:\\\/\\\/schema.org\",\"@graph\":[{\"@type\":\"WebPage\",\"@id\":\"https:\\\/\\\/webknjizara.hr\\\/proizvod\\\/prirucnik-za-mikroskopske-vjezbe\\\/\",\"url\":\"https:\\\/\\\/webknjizara.hr\\\/proizvod\\\/prirucnik-za-mikroskopske-vjezbe\\\/\",\"name\":\"PRIRU\u010cNIK ZA MIKROSKOPSKE VJE\u017dBE - Web-knji\u017eara\",\"isPartOf\":{\"@id\":\"https:\\\/\\\/webknjizara.hr\\\/#website\"},\"primaryImageOfPage\":{\"@id\":\"https:\\\/\\\/webknjizara.hr\\\/proizvod\\\/prirucnik-za-mikroskopske-vjezbe\\\/#primaryimage\"},\"image\":{\"@id\":\"https:\\\/\\\/webknjizara.hr\\\/proizvod\\\/prirucnik-za-mikroskopske-vjezbe\\\/#primaryimage\"},\"thumbnailUrl\":\"https:\\\/\\\/webknjizara.hr\\\/wp-content\\\/uploads\\\/nc\\\/images\\\/virtuemart\\\/product\\\/priru-nik-za-mi-4e9d6331f1e43.jpg\",\"datePublished\":\"2011-10-18T11:29:53+00:00\",\"dateModified\":\"2026-04-16T08:02:36+00:00\",\"breadcrumb\":{\"@id\":\"https:\\\/\\\/webknjizara.hr\\\/proizvod\\\/prirucnik-za-mikroskopske-vjezbe\\\/#breadcrumb\"},\"inLanguage\":\"en-US\",\"potentialAction\":[{\"@type\":\"ReadAction\",\"target\":[\"https:\\\/\\\/webknjizara.hr\\\/proizvod\\\/prirucnik-za-mikroskopske-vjezbe\\\/\"]}]},{\"@type\":\"ImageObject\",\"inLanguage\":\"en-US\",\"@id\":\"https:\\\/\\\/webknjizara.hr\\\/proizvod\\\/prirucnik-za-mikroskopske-vjezbe\\\/#primaryimage\",\"url\":\"https:\\\/\\\/webknjizara.hr\\\/wp-content\\\/uploads\\\/nc\\\/images\\\/virtuemart\\\/product\\\/priru-nik-za-mi-4e9d6331f1e43.jpg\",\"contentUrl\":\"https:\\\/\\\/webknjizara.hr\\\/wp-content\\\/uploads\\\/nc\\\/images\\\/virtuemart\\\/product\\\/priru-nik-za-mi-4e9d6331f1e43.jpg\",\"width\":283,\"height\":400,\"caption\":\"PRIRU\u010cNIK ZA MIKROSKOPSKE VJE\u017dBE\"},{\"@type\":\"BreadcrumbList\",\"@id\":\"https:\\\/\\\/webknjizara.hr\\\/proizvod\\\/prirucnik-za-mikroskopske-vjezbe\\\/#breadcrumb\",\"itemListElement\":[{\"@type\":\"ListItem\",\"position\":1,\"name\":\"Po\u010detna stranica\",\"item\":\"https:\\\/\\\/webknjizara.hr\\\/en\\\/\"},{\"@type\":\"ListItem\",\"position\":2,\"name\":\"Shop\",\"item\":\"https:\\\/\\\/webknjizara.hr\\\/shop\\\/\"},{\"@type\":\"ListItem\",\"position\":3,\"name\":\"PRIRU\u010cNIK ZA MIKROSKOPSKE VJE\u017dBE\"}]},{\"@type\":\"WebSite\",\"@id\":\"https:\\\/\\\/webknjizara.hr\\\/#website\",\"url\":\"https:\\\/\\\/webknjizara.hr\\\/\",\"name\":\"Web Knji\u017eara\",\"description\":\"\",\"publisher\":{\"@id\":\"https:\\\/\\\/webknjizara.hr\\\/#organization\"},\"potentialAction\":[{\"@type\":\"SearchAction\",\"target\":{\"@type\":\"EntryPoint\",\"urlTemplate\":\"https:\\\/\\\/webknjizara.hr\\\/?s={search_term_string}\"},\"query-input\":{\"@type\":\"PropertyValueSpecification\",\"valueRequired\":true,\"valueName\":\"search_term_string\"}}],\"inLanguage\":\"en-US\"},{\"@type\":\"Organization\",\"@id\":\"https:\\\/\\\/webknjizara.hr\\\/#organization\",\"name\":\"REDAK D.O.O.\",\"url\":\"https:\\\/\\\/webknjizara.hr\\\/\",\"logo\":{\"@type\":\"ImageObject\",\"inLanguage\":\"en-US\",\"@id\":\"https:\\\/\\\/webknjizara.hr\\\/#\\\/schema\\\/logo\\\/image\\\/\",\"url\":\"https:\\\/\\\/webknjizara.hr\\\/wp-content\\\/uploads\\\/2023\\\/01\\\/web-knjizara-logo.webp\",\"contentUrl\":\"https:\\\/\\\/webknjizara.hr\\\/wp-content\\\/uploads\\\/2023\\\/01\\\/web-knjizara-logo.webp\",\"width\":324,\"height\":79,\"caption\":\"REDAK D.O.O.\"},\"image\":{\"@id\":\"https:\\\/\\\/webknjizara.hr\\\/#\\\/schema\\\/logo\\\/image\\\/\"}}]}<\/script>\n<!-- \/ Yoast SEO plugin. -->","yoast_head_json":{"title":"PRIRU\u010cNIK ZA MIKROSKOPSKE VJE\u017dBE - Web-knji\u017eara","robots":{"index":"index","follow":"follow","max-snippet":"max-snippet:-1","max-image-preview":"max-image-preview:large","max-video-preview":"max-video-preview:-1"},"canonical":"https:\/\/webknjizara.hr\/proizvod\/prirucnik-za-mikroskopske-vjezbe\/","og_locale":"en_US","og_type":"article","og_title":"PRIRU\u010cNIK ZA MIKROSKOPSKE VJE\u017dBE - Web-knji\u017eara","og_description":"Sa\u017eetak: Priru\u010dnik je namijenjen prvenstveno studentima medicine i dentalne medicine, a mo\u017ee biti koristan i studentima biomedicinskih i prirodoslovnih znanosti te nastavnicima koji predaju predmet Biologija. U ovom priru\u010dniku na razini svjetlosnog mikroskopa obra\u0111ene su prokariotske, eukariotske, \u017eivotinjske, biljne i ljudske stanice. Gradivo je podijeljeno u deset poglavlja: 1. Uvod u mikroskopiranje, 2. Stanice prokariota [&hellip;]","og_url":"https:\/\/webknjizara.hr\/proizvod\/prirucnik-za-mikroskopske-vjezbe\/","og_site_name":"Web-knji\u017eara","article_modified_time":"2026-04-16T08:02:36+00:00","og_image":[{"width":283,"height":400,"url":"https:\/\/webknjizara.hr\/wp-content\/uploads\/nc\/images\/virtuemart\/product\/priru-nik-za-mi-4e9d6331f1e43.jpg","type":"image\/jpeg"}],"twitter_card":"summary_large_image","twitter_misc":{"Est. reading time":"10 minutes"},"schema":{"@context":"https:\/\/schema.org","@graph":[{"@type":"WebPage","@id":"https:\/\/webknjizara.hr\/proizvod\/prirucnik-za-mikroskopske-vjezbe\/","url":"https:\/\/webknjizara.hr\/proizvod\/prirucnik-za-mikroskopske-vjezbe\/","name":"PRIRU\u010cNIK ZA MIKROSKOPSKE VJE\u017dBE - Web-knji\u017eara","isPartOf":{"@id":"https:\/\/webknjizara.hr\/#website"},"primaryImageOfPage":{"@id":"https:\/\/webknjizara.hr\/proizvod\/prirucnik-za-mikroskopske-vjezbe\/#primaryimage"},"image":{"@id":"https:\/\/webknjizara.hr\/proizvod\/prirucnik-za-mikroskopske-vjezbe\/#primaryimage"},"thumbnailUrl":"https:\/\/webknjizara.hr\/wp-content\/uploads\/nc\/images\/virtuemart\/product\/priru-nik-za-mi-4e9d6331f1e43.jpg","datePublished":"2011-10-18T11:29:53+00:00","dateModified":"2026-04-16T08:02:36+00:00","breadcrumb":{"@id":"https:\/\/webknjizara.hr\/proizvod\/prirucnik-za-mikroskopske-vjezbe\/#breadcrumb"},"inLanguage":"en-US","potentialAction":[{"@type":"ReadAction","target":["https:\/\/webknjizara.hr\/proizvod\/prirucnik-za-mikroskopske-vjezbe\/"]}]},{"@type":"ImageObject","inLanguage":"en-US","@id":"https:\/\/webknjizara.hr\/proizvod\/prirucnik-za-mikroskopske-vjezbe\/#primaryimage","url":"https:\/\/webknjizara.hr\/wp-content\/uploads\/nc\/images\/virtuemart\/product\/priru-nik-za-mi-4e9d6331f1e43.jpg","contentUrl":"https:\/\/webknjizara.hr\/wp-content\/uploads\/nc\/images\/virtuemart\/product\/priru-nik-za-mi-4e9d6331f1e43.jpg","width":283,"height":400,"caption":"PRIRU\u010cNIK ZA MIKROSKOPSKE VJE\u017dBE"},{"@type":"BreadcrumbList","@id":"https:\/\/webknjizara.hr\/proizvod\/prirucnik-za-mikroskopske-vjezbe\/#breadcrumb","itemListElement":[{"@type":"ListItem","position":1,"name":"Po\u010detna stranica","item":"https:\/\/webknjizara.hr\/en\/"},{"@type":"ListItem","position":2,"name":"Shop","item":"https:\/\/webknjizara.hr\/shop\/"},{"@type":"ListItem","position":3,"name":"PRIRU\u010cNIK ZA MIKROSKOPSKE VJE\u017dBE"}]},{"@type":"WebSite","@id":"https:\/\/webknjizara.hr\/#website","url":"https:\/\/webknjizara.hr\/","name":"Web Knji\u017eara","description":"","publisher":{"@id":"https:\/\/webknjizara.hr\/#organization"},"potentialAction":[{"@type":"SearchAction","target":{"@type":"EntryPoint","urlTemplate":"https:\/\/webknjizara.hr\/?s={search_term_string}"},"query-input":{"@type":"PropertyValueSpecification","valueRequired":true,"valueName":"search_term_string"}}],"inLanguage":"en-US"},{"@type":"Organization","@id":"https:\/\/webknjizara.hr\/#organization","name":"REDAK D.O.O.","url":"https:\/\/webknjizara.hr\/","logo":{"@type":"ImageObject","inLanguage":"en-US","@id":"https:\/\/webknjizara.hr\/#\/schema\/logo\/image\/","url":"https:\/\/webknjizara.hr\/wp-content\/uploads\/2023\/01\/web-knjizara-logo.webp","contentUrl":"https:\/\/webknjizara.hr\/wp-content\/uploads\/2023\/01\/web-knjizara-logo.webp","width":324,"height":79,"caption":"REDAK D.O.O."},"image":{"@id":"https:\/\/webknjizara.hr\/#\/schema\/logo\/image\/"}}]}},"_links":{"self":[{"href":"https:\/\/webknjizara.hr\/en\/wp-json\/wp\/v2\/product\/7431","targetHints":{"allow":["GET"]}}],"collection":[{"href":"https:\/\/webknjizara.hr\/en\/wp-json\/wp\/v2\/product"}],"about":[{"href":"https:\/\/webknjizara.hr\/en\/wp-json\/wp\/v2\/types\/product"}],"replies":[{"embeddable":true,"href":"https:\/\/webknjizara.hr\/en\/wp-json\/wp\/v2\/comments?post=7431"}],"wp:featuredmedia":[{"embeddable":true,"href":"https:\/\/webknjizara.hr\/en\/wp-json\/wp\/v2\/media\/7432"}],"wp:attachment":[{"href":"https:\/\/webknjizara.hr\/en\/wp-json\/wp\/v2\/media?parent=7431"}],"wp:term":[{"taxonomy":"product_brand","embeddable":true,"href":"https:\/\/webknjizara.hr\/en\/wp-json\/wp\/v2\/product_brand?post=7431"},{"taxonomy":"product_cat","embeddable":true,"href":"https:\/\/webknjizara.hr\/en\/wp-json\/wp\/v2\/product_cat?post=7431"},{"taxonomy":"product_tag","embeddable":true,"href":"https:\/\/webknjizara.hr\/en\/wp-json\/wp\/v2\/product_tag?post=7431"}],"curies":[{"name":"wp","href":"https:\/\/api.w.org\/{rel}","templated":true}]}}