{"id":7425,"date":"2011-09-01T08:46:26","date_gmt":"2011-09-01T08:46:26","guid":{"rendered":"https:\/\/webknjizara.hr\/?product=pupavere-ivan-spanja"},"modified":"2023-02-27T00:15:37","modified_gmt":"2023-02-26T23:15:37","slug":"pupavere-ivan-spanja","status":"publish","type":"product","link":"https:\/\/webknjizara.hr\/en\/proizvod\/pupavere-ivan-spanja\/","title":{"rendered":"PUPAVERE, Ivan \u0160panja"},"content":{"rendered":"<p>\u00a0<\/p>\n<p><strong>Sa\u017eetak:<\/strong><\/p>\n<p style=\"text-align: justify;\">Pupavere vidi invertno svijet, onakav kakav je, bez slijepih slika koje odvra\u0107aju pozornost, te mu istodobno \u017eeli pomo\u0107i ali tako\u0111er i nastaviti progres razvijanja ostavljaju\u0107i povr\u0161ne kukavice iza sebe.<\/p>\n<p style=\"text-align: justify;\">\u00a0<\/p>\n<p style=\"text-align: justify;\"><strong>Biografija:<\/strong><\/p>\n<p style=\"text-align: justify;\">Ivan \u0160panja, ro\u0111en 8.10.1991. u \u0161ibenskoj Op\u0107oj bolnici. Od svog ro\u0111enja do danas \u017eivi u Brodarici, malo bodulsko mjesto uz more smje\u0161teno 5 km ju\u017eno od \u0160ibenika. Zavr\u0161io je Osnovnu \u0160kolu u Brodarici i Srednju \u010detverogodi\u0161nju strukovnu Prometno-tehni\u010dku \u0161kolu u \u0160ibeniku. Nakon srednje \u0161kole prisiljeno uzima 1. godinu studija poslovne ekonomije na Dubrova\u010dkom sveu\u010dili\u0161tu jer za ono fakultetsko obrazovanje koje je okvirno \u201c\u017eelio\u201c biva prevaren. Kroz svoje rano djetinjstvo, jedinim kreativnim stvarima s kojima se izra\u017eenije i \u010de\u0161\u0107e bavio je bilo komponiranje glazbe te kasnije pisanjem i pjevanjem pjesama. U grupne radove se nije ozbiljnije upu\u0161tao jer vjeruje da onaj koji je ne\u0161to osjetio i do\u017eivio, jedino mo\u017ee sam najiskrenije iz sebe izraziti.<\/p>\n<p style=\"text-align: justify;\">\u00a0<\/p>\n<p><strong>Klju\u010dne rije\u010di: <\/strong><\/p>\n<div>Pupavere, Ivan,\u0160panja, Realizam, Realno, Brodarica, \u0160ibenik, Poezija, Naivno, Ljubav, Kuna, Pomo\u0107i, Nau\u010diti,\u00a0 Problem, Lutka, Marioneta, 70, Naivna, Pupa, Vere, Veredoll, \u0160i\u0161kov, Knjiga, Hrvatska, Dalmacija, Cijena,\u00a0 Knji\u017eevnost, Poezija, Redak, Split, Naivan, Bodulac, Bodul, Mladi, Pisac, Autor, Apokaliti\u010dna, Zagreb, Djelo<\/p>\n<\/div>\n<div style=\"text-align: justify;\"><\/div>\n<p><strong>E-mail:<\/strong> <a href=\"mailto:ivan.veredoll.spanja@gmail.com\">Ivan \u0160panja<\/a><\/p>\n<p><strong>Naslov:<\/strong> Pupavere<\/p>\n<p><strong>Autor:<\/strong> Ivan \u0160panja<\/p>\n<p><strong>Broj stranica:<\/strong> 148<\/p>\n<p><strong>Nakladnik:<\/strong> REDAK<\/p>\n<p><strong>Godina izdanja:<\/strong> 2011<\/p>\n<p><strong>ISBN:<\/strong> 978-953-7595-64-7<\/p>\n<p><strong>Tisak:<\/strong> digitalni tisak knjiga &#8211; print na zahtjev<\/p>\n","protected":false},"excerpt":{"rendered":"<p>\u00a0 Sa\u017eetak: Pupavere vidi invertno svijet, onakav kakav je, bez slijepih slika koje odvra\u0107aju pozornost, te mu istodobno \u017eeli pomo\u0107i ali tako\u0111er i nastaviti progres razvijanja ostavljaju\u0107i povr\u0161ne kukavice iza sebe. \u00a0 Biografija: Ivan \u0160panja, ro\u0111en 8.10.1991. u \u0161ibenskoj Op\u0107oj bolnici. Od svog ro\u0111enja do danas \u017eivi u Brodarici, malo bodulsko mjesto uz more smje\u0161teno [&hellip;]<\/p>\n","protected":false},"featured_media":7426,"comment_status":"open","ping_status":"closed","template":"","meta":{"_acf_changed":false},"product_brand":[],"product_cat":[1383,1385,1388],"product_tag":[],"class_list":{"0":"post-7425","1":"product","2":"type-product","3":"status-publish","4":"has-post-thumbnail","6":"product_cat-knjige","7":"product_cat-knjizevnost","8":"product_cat-poezija","9":"pa_autor-ivan-spanja","10":"pa_nakladnik-redak","12":"first","13":"instock","14":"shipping-taxable","15":"purchasable","16":"product-type-simple"},"acf":[],"yoast_head":"<!-- This site is optimized with the Yoast SEO plugin v27.3 - https:\/\/yoast.com\/product\/yoast-seo-wordpress\/ -->\n<title>PUPAVERE, Ivan \u0160panja - Web-knji\u017eara<\/title>\n<meta name=\"robots\" content=\"index, follow, max-snippet:-1, max-image-preview:large, max-video-preview:-1\" \/>\n<link rel=\"canonical\" href=\"https:\/\/webknjizara.hr\/proizvod\/pupavere-ivan-spanja\/\" \/>\n<meta property=\"og:locale\" content=\"en_US\" \/>\n<meta property=\"og:type\" content=\"article\" \/>\n<meta property=\"og:title\" content=\"PUPAVERE, Ivan \u0160panja - Web-knji\u017eara\" \/>\n<meta property=\"og:description\" content=\"\u00a0 Sa\u017eetak: Pupavere vidi invertno svijet, onakav kakav je, bez slijepih slika koje odvra\u0107aju pozornost, te mu istodobno \u017eeli pomo\u0107i ali tako\u0111er i nastaviti progres razvijanja ostavljaju\u0107i povr\u0161ne kukavice iza sebe. \u00a0 Biografija: Ivan \u0160panja, ro\u0111en 8.10.1991. u \u0161ibenskoj Op\u0107oj bolnici. Od svog ro\u0111enja do danas \u017eivi u Brodarici, malo bodulsko mjesto uz more smje\u0161teno [&hellip;]\" \/>\n<meta property=\"og:url\" content=\"https:\/\/webknjizara.hr\/proizvod\/pupavere-ivan-spanja\/\" \/>\n<meta property=\"og:site_name\" content=\"Web-knji\u017eara\" \/>\n<meta property=\"article:modified_time\" content=\"2023-02-26T23:15:37+00:00\" \/>\n<meta property=\"og:image\" content=\"https:\/\/webknjizara.hr\/wp-content\/uploads\/nc\/images\/virtuemart\/product\/pupavere-4e5f4662a05fe.jpg\" \/>\n\t<meta property=\"og:image:width\" content=\"283\" \/>\n\t<meta property=\"og:image:height\" content=\"415\" \/>\n\t<meta property=\"og:image:type\" content=\"image\/jpeg\" \/>\n<meta name=\"twitter:card\" content=\"summary_large_image\" \/>\n<meta name=\"twitter:label1\" content=\"Est. reading time\" \/>\n\t<meta name=\"twitter:data1\" content=\"1 minute\" \/>\n<script type=\"application\/ld+json\" class=\"yoast-schema-graph\">{\"@context\":\"https:\\\/\\\/schema.org\",\"@graph\":[{\"@type\":\"WebPage\",\"@id\":\"https:\\\/\\\/webknjizara.hr\\\/proizvod\\\/pupavere-ivan-spanja\\\/\",\"url\":\"https:\\\/\\\/webknjizara.hr\\\/proizvod\\\/pupavere-ivan-spanja\\\/\",\"name\":\"PUPAVERE, Ivan \u0160panja - Web-knji\u017eara\",\"isPartOf\":{\"@id\":\"https:\\\/\\\/webknjizara.hr\\\/#website\"},\"primaryImageOfPage\":{\"@id\":\"https:\\\/\\\/webknjizara.hr\\\/proizvod\\\/pupavere-ivan-spanja\\\/#primaryimage\"},\"image\":{\"@id\":\"https:\\\/\\\/webknjizara.hr\\\/proizvod\\\/pupavere-ivan-spanja\\\/#primaryimage\"},\"thumbnailUrl\":\"https:\\\/\\\/webknjizara.hr\\\/wp-content\\\/uploads\\\/nc\\\/images\\\/virtuemart\\\/product\\\/pupavere-4e5f4662a05fe.jpg\",\"datePublished\":\"2011-09-01T08:46:26+00:00\",\"dateModified\":\"2023-02-26T23:15:37+00:00\",\"breadcrumb\":{\"@id\":\"https:\\\/\\\/webknjizara.hr\\\/proizvod\\\/pupavere-ivan-spanja\\\/#breadcrumb\"},\"inLanguage\":\"en-US\",\"potentialAction\":[{\"@type\":\"ReadAction\",\"target\":[\"https:\\\/\\\/webknjizara.hr\\\/proizvod\\\/pupavere-ivan-spanja\\\/\"]}]},{\"@type\":\"ImageObject\",\"inLanguage\":\"en-US\",\"@id\":\"https:\\\/\\\/webknjizara.hr\\\/proizvod\\\/pupavere-ivan-spanja\\\/#primaryimage\",\"url\":\"https:\\\/\\\/webknjizara.hr\\\/wp-content\\\/uploads\\\/nc\\\/images\\\/virtuemart\\\/product\\\/pupavere-4e5f4662a05fe.jpg\",\"contentUrl\":\"https:\\\/\\\/webknjizara.hr\\\/wp-content\\\/uploads\\\/nc\\\/images\\\/virtuemart\\\/product\\\/pupavere-4e5f4662a05fe.jpg\",\"width\":283,\"height\":415,\"caption\":\"PUPAVERE, Ivan \u0160panja\"},{\"@type\":\"BreadcrumbList\",\"@id\":\"https:\\\/\\\/webknjizara.hr\\\/proizvod\\\/pupavere-ivan-spanja\\\/#breadcrumb\",\"itemListElement\":[{\"@type\":\"ListItem\",\"position\":1,\"name\":\"Po\u010detna stranica\",\"item\":\"https:\\\/\\\/webknjizara.hr\\\/en\\\/\"},{\"@type\":\"ListItem\",\"position\":2,\"name\":\"Shop\",\"item\":\"https:\\\/\\\/webknjizara.hr\\\/shop\\\/\"},{\"@type\":\"ListItem\",\"position\":3,\"name\":\"PUPAVERE, Ivan \u0160panja\"}]},{\"@type\":\"WebSite\",\"@id\":\"https:\\\/\\\/webknjizara.hr\\\/#website\",\"url\":\"https:\\\/\\\/webknjizara.hr\\\/\",\"name\":\"Web Knji\u017eara\",\"description\":\"\",\"publisher\":{\"@id\":\"https:\\\/\\\/webknjizara.hr\\\/#organization\"},\"potentialAction\":[{\"@type\":\"SearchAction\",\"target\":{\"@type\":\"EntryPoint\",\"urlTemplate\":\"https:\\\/\\\/webknjizara.hr\\\/?s={search_term_string}\"},\"query-input\":{\"@type\":\"PropertyValueSpecification\",\"valueRequired\":true,\"valueName\":\"search_term_string\"}}],\"inLanguage\":\"en-US\"},{\"@type\":\"Organization\",\"@id\":\"https:\\\/\\\/webknjizara.hr\\\/#organization\",\"name\":\"REDAK D.O.O.\",\"url\":\"https:\\\/\\\/webknjizara.hr\\\/\",\"logo\":{\"@type\":\"ImageObject\",\"inLanguage\":\"en-US\",\"@id\":\"https:\\\/\\\/webknjizara.hr\\\/#\\\/schema\\\/logo\\\/image\\\/\",\"url\":\"https:\\\/\\\/webknjizara.hr\\\/wp-content\\\/uploads\\\/2023\\\/01\\\/web-knjizara-logo.webp\",\"contentUrl\":\"https:\\\/\\\/webknjizara.hr\\\/wp-content\\\/uploads\\\/2023\\\/01\\\/web-knjizara-logo.webp\",\"width\":324,\"height\":79,\"caption\":\"REDAK D.O.O.\"},\"image\":{\"@id\":\"https:\\\/\\\/webknjizara.hr\\\/#\\\/schema\\\/logo\\\/image\\\/\"}}]}<\/script>\n<!-- \/ Yoast SEO plugin. -->","yoast_head_json":{"title":"PUPAVERE, Ivan \u0160panja - Web-knji\u017eara","robots":{"index":"index","follow":"follow","max-snippet":"max-snippet:-1","max-image-preview":"max-image-preview:large","max-video-preview":"max-video-preview:-1"},"canonical":"https:\/\/webknjizara.hr\/proizvod\/pupavere-ivan-spanja\/","og_locale":"en_US","og_type":"article","og_title":"PUPAVERE, Ivan \u0160panja - Web-knji\u017eara","og_description":"\u00a0 Sa\u017eetak: Pupavere vidi invertno svijet, onakav kakav je, bez slijepih slika koje odvra\u0107aju pozornost, te mu istodobno \u017eeli pomo\u0107i ali tako\u0111er i nastaviti progres razvijanja ostavljaju\u0107i povr\u0161ne kukavice iza sebe. \u00a0 Biografija: Ivan \u0160panja, ro\u0111en 8.10.1991. u \u0161ibenskoj Op\u0107oj bolnici. Od svog ro\u0111enja do danas \u017eivi u Brodarici, malo bodulsko mjesto uz more smje\u0161teno [&hellip;]","og_url":"https:\/\/webknjizara.hr\/proizvod\/pupavere-ivan-spanja\/","og_site_name":"Web-knji\u017eara","article_modified_time":"2023-02-26T23:15:37+00:00","og_image":[{"width":283,"height":415,"url":"https:\/\/webknjizara.hr\/wp-content\/uploads\/nc\/images\/virtuemart\/product\/pupavere-4e5f4662a05fe.jpg","type":"image\/jpeg"}],"twitter_card":"summary_large_image","twitter_misc":{"Est. reading time":"1 minute"},"schema":{"@context":"https:\/\/schema.org","@graph":[{"@type":"WebPage","@id":"https:\/\/webknjizara.hr\/proizvod\/pupavere-ivan-spanja\/","url":"https:\/\/webknjizara.hr\/proizvod\/pupavere-ivan-spanja\/","name":"PUPAVERE, Ivan \u0160panja - Web-knji\u017eara","isPartOf":{"@id":"https:\/\/webknjizara.hr\/#website"},"primaryImageOfPage":{"@id":"https:\/\/webknjizara.hr\/proizvod\/pupavere-ivan-spanja\/#primaryimage"},"image":{"@id":"https:\/\/webknjizara.hr\/proizvod\/pupavere-ivan-spanja\/#primaryimage"},"thumbnailUrl":"https:\/\/webknjizara.hr\/wp-content\/uploads\/nc\/images\/virtuemart\/product\/pupavere-4e5f4662a05fe.jpg","datePublished":"2011-09-01T08:46:26+00:00","dateModified":"2023-02-26T23:15:37+00:00","breadcrumb":{"@id":"https:\/\/webknjizara.hr\/proizvod\/pupavere-ivan-spanja\/#breadcrumb"},"inLanguage":"en-US","potentialAction":[{"@type":"ReadAction","target":["https:\/\/webknjizara.hr\/proizvod\/pupavere-ivan-spanja\/"]}]},{"@type":"ImageObject","inLanguage":"en-US","@id":"https:\/\/webknjizara.hr\/proizvod\/pupavere-ivan-spanja\/#primaryimage","url":"https:\/\/webknjizara.hr\/wp-content\/uploads\/nc\/images\/virtuemart\/product\/pupavere-4e5f4662a05fe.jpg","contentUrl":"https:\/\/webknjizara.hr\/wp-content\/uploads\/nc\/images\/virtuemart\/product\/pupavere-4e5f4662a05fe.jpg","width":283,"height":415,"caption":"PUPAVERE, Ivan \u0160panja"},{"@type":"BreadcrumbList","@id":"https:\/\/webknjizara.hr\/proizvod\/pupavere-ivan-spanja\/#breadcrumb","itemListElement":[{"@type":"ListItem","position":1,"name":"Po\u010detna stranica","item":"https:\/\/webknjizara.hr\/en\/"},{"@type":"ListItem","position":2,"name":"Shop","item":"https:\/\/webknjizara.hr\/shop\/"},{"@type":"ListItem","position":3,"name":"PUPAVERE, Ivan \u0160panja"}]},{"@type":"WebSite","@id":"https:\/\/webknjizara.hr\/#website","url":"https:\/\/webknjizara.hr\/","name":"Web Knji\u017eara","description":"","publisher":{"@id":"https:\/\/webknjizara.hr\/#organization"},"potentialAction":[{"@type":"SearchAction","target":{"@type":"EntryPoint","urlTemplate":"https:\/\/webknjizara.hr\/?s={search_term_string}"},"query-input":{"@type":"PropertyValueSpecification","valueRequired":true,"valueName":"search_term_string"}}],"inLanguage":"en-US"},{"@type":"Organization","@id":"https:\/\/webknjizara.hr\/#organization","name":"REDAK D.O.O.","url":"https:\/\/webknjizara.hr\/","logo":{"@type":"ImageObject","inLanguage":"en-US","@id":"https:\/\/webknjizara.hr\/#\/schema\/logo\/image\/","url":"https:\/\/webknjizara.hr\/wp-content\/uploads\/2023\/01\/web-knjizara-logo.webp","contentUrl":"https:\/\/webknjizara.hr\/wp-content\/uploads\/2023\/01\/web-knjizara-logo.webp","width":324,"height":79,"caption":"REDAK D.O.O."},"image":{"@id":"https:\/\/webknjizara.hr\/#\/schema\/logo\/image\/"}}]}},"_links":{"self":[{"href":"https:\/\/webknjizara.hr\/en\/wp-json\/wp\/v2\/product\/7425","targetHints":{"allow":["GET"]}}],"collection":[{"href":"https:\/\/webknjizara.hr\/en\/wp-json\/wp\/v2\/product"}],"about":[{"href":"https:\/\/webknjizara.hr\/en\/wp-json\/wp\/v2\/types\/product"}],"replies":[{"embeddable":true,"href":"https:\/\/webknjizara.hr\/en\/wp-json\/wp\/v2\/comments?post=7425"}],"wp:featuredmedia":[{"embeddable":true,"href":"https:\/\/webknjizara.hr\/en\/wp-json\/wp\/v2\/media\/7426"}],"wp:attachment":[{"href":"https:\/\/webknjizara.hr\/en\/wp-json\/wp\/v2\/media?parent=7425"}],"wp:term":[{"taxonomy":"product_brand","embeddable":true,"href":"https:\/\/webknjizara.hr\/en\/wp-json\/wp\/v2\/product_brand?post=7425"},{"taxonomy":"product_cat","embeddable":true,"href":"https:\/\/webknjizara.hr\/en\/wp-json\/wp\/v2\/product_cat?post=7425"},{"taxonomy":"product_tag","embeddable":true,"href":"https:\/\/webknjizara.hr\/en\/wp-json\/wp\/v2\/product_tag?post=7425"}],"curies":[{"name":"wp","href":"https:\/\/api.w.org\/{rel}","templated":true}]}}