{"id":7417,"date":"2011-07-19T10:42:05","date_gmt":"2011-07-19T10:42:05","guid":{"rendered":"https:\/\/webknjizara.hr\/?product=dekameron-hrvatskih-kapetana-josip-kljakovic-santic"},"modified":"2023-02-27T00:15:36","modified_gmt":"2023-02-26T23:15:36","slug":"dekameron-hrvatskih-kapetana-josip-kljakovic-santic","status":"publish","type":"product","link":"https:\/\/webknjizara.hr\/en\/proizvod\/dekameron-hrvatskih-kapetana-josip-kljakovic-santic\/","title":{"rendered":"DEKAMERON HRVATSKIH KAPETANA, Josip Kljakovi\u0107 \u0160anti\u0107"},"content":{"rendered":"<p>\u00a0<\/p>\n<p><strong>Sa\u017eetak:<\/strong><\/p>\n<p><em>Junaci pri\u010da, hrvatski kapetani i pomorski \u010dasnici, vezani su morskim rutama s cijelim svijetom. Odgojeni u hrvatsko-mediteranskoj tradiciji, oni vrlo \u010desto plove u surovoj svakodnevnici broda, mora i neba, \u0161to poja\u010dava ma\u0161tanja o \u017eeni s kojom dijele \u010daroliju ljubavi. To \u010dine na na\u010din kako je hrvatski knji\u017eevnik, pjesnik s otoka Zlarina, Mladen Bja\u017ei\u0107 opisao u pjesmi: &#8216;O\u010de&#8217; : <strong>&#8216;\u0106a\u0107o moj&#8230;Moj o\u010de! Ne znan kako bi te zva da san te zna. U meni su samo tvoji geni, ljubav za Zlarin, za more i brode,&#8230;za \u017eene &#8211; sve \u017eene ke su nan bile pronte dati ljubav i kima smo se davali punoga srca.&#8217;<\/strong>(*) ili kako autor zavr\u0161ava zadnju pri\u010du &#8216;Dekamerona&#8217;: <strong>&#8216;Bio sam sretan zbog sre\u0107e te drage, mlade, krhke \u017eene&#8230;Osje\u0107ao sam se kao iscjelitelj koji je spojio tijelo i du\u0161u jedne nje\u017ene \u017eene, kao kipar koji je isklesao i slikar koji je naslikao svoju najljep\u0161u Veneru.&#8217;<\/strong><br \/><\/em><\/p>\n<p><em>(*)Mladen Bja\u017ei\u0107: &#8216;Nevere i bonace&#8217;,str.20.izd.Gradska<br \/>knji\u017eara\u00a0 &#8220;Juraj \u0160i\u0161gori\u0107&#8221;,\u00a0 \u0160ibenik, 2007. <\/em><\/p>\n<p>\u00a0<\/p>\n<p><strong>Bilje\u0161ka o autoru:<\/strong><\/p>\n<p>Josip Kljakovi\u0107 \u0160anti\u0107, r.1941.g.Gradac(Plo\u010de). Od 1962. oficir JRM; 1972. do 1977. novinar &#8216;Narodne Armije&#8217;, Beograd; ratni dopisnik iz Kaira u IV A\/I ratu 1973.g. Zavr\u0161io novinarsku i Visoku vojnu \u0161kolu JNA; Zbog \u0161ikaniranja u slu\u017ebi napustio JRM 1987; polo\u017eio ispit kapetana duge plovidbe; Rujna 1991. u\u010destvovao u obrani Splita. Od kraja 1991. Do 2006. navigaje \u0161irom svijeta. Napisao: <em>&#8220;Iseljeni\u010dke i mornarske elegije&#8221; <\/em>(pjesme), sa sestrom; <em>&#8220;Hrvatski patrioti protiv velikosrpske tiranije&#8221;<\/em>; povjesni roman. Ovo je autorova druga samostalna knjiga.<\/p>\n<p>\u00a0<\/p>\n<p><strong>Klju\u010dne rije\u010di:<\/strong> More,nebo,\u017eena,ljubav,avantura<\/p>\n<p><strong>E-mail:<\/strong> <a href=\"mailto:jk.bhur@hotmail.com\">Josip Kljakovi\u0107 \u0160anti\u0107<\/a><br \/><strong>Naslov:<\/strong> Dekameron hrvatskih kapetana<br \/><strong>Autor:<\/strong> Josip Kljakovi\u0107 \u0160anti\u0107<br \/><strong>Broj stranica:<\/strong> 170<br \/><strong>Nakladnik: <\/strong>Josip Kljakovi\u0107 \u0160anti\u0107<br \/><strong>Godina izdanja:<\/strong> 2011<br \/><strong>ISBN:<\/strong> 978-953-55087-2-4<br \/><strong>Tisak:<\/strong> digitalni tisak knjiga &#8211; print na zahtjev<\/p>\n","protected":false},"excerpt":{"rendered":"<p>\u00a0 Sa\u017eetak: Junaci pri\u010da, hrvatski kapetani i pomorski \u010dasnici, vezani su morskim rutama s cijelim svijetom. Odgojeni u hrvatsko-mediteranskoj tradiciji, oni vrlo \u010desto plove u surovoj svakodnevnici broda, mora i neba, \u0161to poja\u010dava ma\u0161tanja o \u017eeni s kojom dijele \u010daroliju ljubavi. To \u010dine na na\u010din kako je hrvatski knji\u017eevnik, pjesnik s otoka Zlarina, Mladen Bja\u017ei\u0107 [&hellip;]<\/p>\n","protected":false},"featured_media":7418,"comment_status":"open","ping_status":"closed","template":"","meta":{"_acf_changed":false},"product_brand":[],"product_cat":[1383,1385],"product_tag":[],"class_list":{"0":"post-7417","1":"product","2":"type-product","3":"status-publish","4":"has-post-thumbnail","6":"product_cat-knjige","7":"product_cat-knjizevnost","8":"pa_autor-josip-kljakovic-santic","9":"pa_nakladnik-josip-kljakovic-santic","11":"first","12":"instock","13":"shipping-taxable","14":"purchasable","15":"product-type-simple"},"acf":[],"yoast_head":"<!-- This site is optimized with the Yoast SEO plugin v27.3 - https:\/\/yoast.com\/product\/yoast-seo-wordpress\/ -->\n<title>DEKAMERON HRVATSKIH KAPETANA, Josip Kljakovi\u0107 \u0160anti\u0107 - Web-knji\u017eara<\/title>\n<meta name=\"robots\" content=\"index, follow, max-snippet:-1, max-image-preview:large, max-video-preview:-1\" \/>\n<link rel=\"canonical\" href=\"https:\/\/webknjizara.hr\/proizvod\/dekameron-hrvatskih-kapetana-josip-kljakovic-santic\/\" \/>\n<meta property=\"og:locale\" content=\"en_US\" \/>\n<meta property=\"og:type\" content=\"article\" \/>\n<meta property=\"og:title\" content=\"DEKAMERON HRVATSKIH KAPETANA, Josip Kljakovi\u0107 \u0160anti\u0107 - Web-knji\u017eara\" \/>\n<meta property=\"og:description\" content=\"\u00a0 Sa\u017eetak: Junaci pri\u010da, hrvatski kapetani i pomorski \u010dasnici, vezani su morskim rutama s cijelim svijetom. Odgojeni u hrvatsko-mediteranskoj tradiciji, oni vrlo \u010desto plove u surovoj svakodnevnici broda, mora i neba, \u0161to poja\u010dava ma\u0161tanja o \u017eeni s kojom dijele \u010daroliju ljubavi. To \u010dine na na\u010din kako je hrvatski knji\u017eevnik, pjesnik s otoka Zlarina, Mladen Bja\u017ei\u0107 [&hellip;]\" \/>\n<meta property=\"og:url\" content=\"https:\/\/webknjizara.hr\/proizvod\/dekameron-hrvatskih-kapetana-josip-kljakovic-santic\/\" \/>\n<meta property=\"og:site_name\" content=\"Web-knji\u017eara\" \/>\n<meta property=\"article:modified_time\" content=\"2023-02-26T23:15:36+00:00\" \/>\n<meta property=\"og:image\" content=\"https:\/\/webknjizara.hr\/wp-content\/uploads\/nc\/images\/virtuemart\/product\/dekameron-hrvats-4e255f7db60aa.jpg\" \/>\n\t<meta property=\"og:image:width\" content=\"283\" \/>\n\t<meta property=\"og:image:height\" content=\"446\" \/>\n\t<meta property=\"og:image:type\" content=\"image\/jpeg\" \/>\n<meta name=\"twitter:card\" content=\"summary_large_image\" \/>\n<meta name=\"twitter:label1\" content=\"Est. reading time\" \/>\n\t<meta name=\"twitter:data1\" content=\"2 minutes\" \/>\n<script type=\"application\/ld+json\" class=\"yoast-schema-graph\">{\"@context\":\"https:\\\/\\\/schema.org\",\"@graph\":[{\"@type\":\"WebPage\",\"@id\":\"https:\\\/\\\/webknjizara.hr\\\/proizvod\\\/dekameron-hrvatskih-kapetana-josip-kljakovic-santic\\\/\",\"url\":\"https:\\\/\\\/webknjizara.hr\\\/proizvod\\\/dekameron-hrvatskih-kapetana-josip-kljakovic-santic\\\/\",\"name\":\"DEKAMERON HRVATSKIH KAPETANA, Josip Kljakovi\u0107 \u0160anti\u0107 - Web-knji\u017eara\",\"isPartOf\":{\"@id\":\"https:\\\/\\\/webknjizara.hr\\\/#website\"},\"primaryImageOfPage\":{\"@id\":\"https:\\\/\\\/webknjizara.hr\\\/proizvod\\\/dekameron-hrvatskih-kapetana-josip-kljakovic-santic\\\/#primaryimage\"},\"image\":{\"@id\":\"https:\\\/\\\/webknjizara.hr\\\/proizvod\\\/dekameron-hrvatskih-kapetana-josip-kljakovic-santic\\\/#primaryimage\"},\"thumbnailUrl\":\"https:\\\/\\\/webknjizara.hr\\\/wp-content\\\/uploads\\\/nc\\\/images\\\/virtuemart\\\/product\\\/dekameron-hrvats-4e255f7db60aa.jpg\",\"datePublished\":\"2011-07-19T10:42:05+00:00\",\"dateModified\":\"2023-02-26T23:15:36+00:00\",\"breadcrumb\":{\"@id\":\"https:\\\/\\\/webknjizara.hr\\\/proizvod\\\/dekameron-hrvatskih-kapetana-josip-kljakovic-santic\\\/#breadcrumb\"},\"inLanguage\":\"en-US\",\"potentialAction\":[{\"@type\":\"ReadAction\",\"target\":[\"https:\\\/\\\/webknjizara.hr\\\/proizvod\\\/dekameron-hrvatskih-kapetana-josip-kljakovic-santic\\\/\"]}]},{\"@type\":\"ImageObject\",\"inLanguage\":\"en-US\",\"@id\":\"https:\\\/\\\/webknjizara.hr\\\/proizvod\\\/dekameron-hrvatskih-kapetana-josip-kljakovic-santic\\\/#primaryimage\",\"url\":\"https:\\\/\\\/webknjizara.hr\\\/wp-content\\\/uploads\\\/nc\\\/images\\\/virtuemart\\\/product\\\/dekameron-hrvats-4e255f7db60aa.jpg\",\"contentUrl\":\"https:\\\/\\\/webknjizara.hr\\\/wp-content\\\/uploads\\\/nc\\\/images\\\/virtuemart\\\/product\\\/dekameron-hrvats-4e255f7db60aa.jpg\",\"width\":283,\"height\":446,\"caption\":\"DEKAMERON HRVATSKIH KAPETANA, Josip Kljakovi\u0107 \u0160anti\u0107\"},{\"@type\":\"BreadcrumbList\",\"@id\":\"https:\\\/\\\/webknjizara.hr\\\/proizvod\\\/dekameron-hrvatskih-kapetana-josip-kljakovic-santic\\\/#breadcrumb\",\"itemListElement\":[{\"@type\":\"ListItem\",\"position\":1,\"name\":\"Po\u010detna stranica\",\"item\":\"https:\\\/\\\/webknjizara.hr\\\/en\\\/\"},{\"@type\":\"ListItem\",\"position\":2,\"name\":\"Shop\",\"item\":\"https:\\\/\\\/webknjizara.hr\\\/shop\\\/\"},{\"@type\":\"ListItem\",\"position\":3,\"name\":\"DEKAMERON HRVATSKIH KAPETANA, Josip Kljakovi\u0107 \u0160anti\u0107\"}]},{\"@type\":\"WebSite\",\"@id\":\"https:\\\/\\\/webknjizara.hr\\\/#website\",\"url\":\"https:\\\/\\\/webknjizara.hr\\\/\",\"name\":\"Web Knji\u017eara\",\"description\":\"\",\"publisher\":{\"@id\":\"https:\\\/\\\/webknjizara.hr\\\/#organization\"},\"potentialAction\":[{\"@type\":\"SearchAction\",\"target\":{\"@type\":\"EntryPoint\",\"urlTemplate\":\"https:\\\/\\\/webknjizara.hr\\\/?s={search_term_string}\"},\"query-input\":{\"@type\":\"PropertyValueSpecification\",\"valueRequired\":true,\"valueName\":\"search_term_string\"}}],\"inLanguage\":\"en-US\"},{\"@type\":\"Organization\",\"@id\":\"https:\\\/\\\/webknjizara.hr\\\/#organization\",\"name\":\"REDAK D.O.O.\",\"url\":\"https:\\\/\\\/webknjizara.hr\\\/\",\"logo\":{\"@type\":\"ImageObject\",\"inLanguage\":\"en-US\",\"@id\":\"https:\\\/\\\/webknjizara.hr\\\/#\\\/schema\\\/logo\\\/image\\\/\",\"url\":\"https:\\\/\\\/webknjizara.hr\\\/wp-content\\\/uploads\\\/2023\\\/01\\\/web-knjizara-logo.webp\",\"contentUrl\":\"https:\\\/\\\/webknjizara.hr\\\/wp-content\\\/uploads\\\/2023\\\/01\\\/web-knjizara-logo.webp\",\"width\":324,\"height\":79,\"caption\":\"REDAK D.O.O.\"},\"image\":{\"@id\":\"https:\\\/\\\/webknjizara.hr\\\/#\\\/schema\\\/logo\\\/image\\\/\"}}]}<\/script>\n<!-- \/ Yoast SEO plugin. -->","yoast_head_json":{"title":"DEKAMERON HRVATSKIH KAPETANA, Josip Kljakovi\u0107 \u0160anti\u0107 - Web-knji\u017eara","robots":{"index":"index","follow":"follow","max-snippet":"max-snippet:-1","max-image-preview":"max-image-preview:large","max-video-preview":"max-video-preview:-1"},"canonical":"https:\/\/webknjizara.hr\/proizvod\/dekameron-hrvatskih-kapetana-josip-kljakovic-santic\/","og_locale":"en_US","og_type":"article","og_title":"DEKAMERON HRVATSKIH KAPETANA, Josip Kljakovi\u0107 \u0160anti\u0107 - Web-knji\u017eara","og_description":"\u00a0 Sa\u017eetak: Junaci pri\u010da, hrvatski kapetani i pomorski \u010dasnici, vezani su morskim rutama s cijelim svijetom. Odgojeni u hrvatsko-mediteranskoj tradiciji, oni vrlo \u010desto plove u surovoj svakodnevnici broda, mora i neba, \u0161to poja\u010dava ma\u0161tanja o \u017eeni s kojom dijele \u010daroliju ljubavi. To \u010dine na na\u010din kako je hrvatski knji\u017eevnik, pjesnik s otoka Zlarina, Mladen Bja\u017ei\u0107 [&hellip;]","og_url":"https:\/\/webknjizara.hr\/proizvod\/dekameron-hrvatskih-kapetana-josip-kljakovic-santic\/","og_site_name":"Web-knji\u017eara","article_modified_time":"2023-02-26T23:15:36+00:00","og_image":[{"width":283,"height":446,"url":"https:\/\/webknjizara.hr\/wp-content\/uploads\/nc\/images\/virtuemart\/product\/dekameron-hrvats-4e255f7db60aa.jpg","type":"image\/jpeg"}],"twitter_card":"summary_large_image","twitter_misc":{"Est. reading time":"2 minutes"},"schema":{"@context":"https:\/\/schema.org","@graph":[{"@type":"WebPage","@id":"https:\/\/webknjizara.hr\/proizvod\/dekameron-hrvatskih-kapetana-josip-kljakovic-santic\/","url":"https:\/\/webknjizara.hr\/proizvod\/dekameron-hrvatskih-kapetana-josip-kljakovic-santic\/","name":"DEKAMERON HRVATSKIH KAPETANA, Josip Kljakovi\u0107 \u0160anti\u0107 - Web-knji\u017eara","isPartOf":{"@id":"https:\/\/webknjizara.hr\/#website"},"primaryImageOfPage":{"@id":"https:\/\/webknjizara.hr\/proizvod\/dekameron-hrvatskih-kapetana-josip-kljakovic-santic\/#primaryimage"},"image":{"@id":"https:\/\/webknjizara.hr\/proizvod\/dekameron-hrvatskih-kapetana-josip-kljakovic-santic\/#primaryimage"},"thumbnailUrl":"https:\/\/webknjizara.hr\/wp-content\/uploads\/nc\/images\/virtuemart\/product\/dekameron-hrvats-4e255f7db60aa.jpg","datePublished":"2011-07-19T10:42:05+00:00","dateModified":"2023-02-26T23:15:36+00:00","breadcrumb":{"@id":"https:\/\/webknjizara.hr\/proizvod\/dekameron-hrvatskih-kapetana-josip-kljakovic-santic\/#breadcrumb"},"inLanguage":"en-US","potentialAction":[{"@type":"ReadAction","target":["https:\/\/webknjizara.hr\/proizvod\/dekameron-hrvatskih-kapetana-josip-kljakovic-santic\/"]}]},{"@type":"ImageObject","inLanguage":"en-US","@id":"https:\/\/webknjizara.hr\/proizvod\/dekameron-hrvatskih-kapetana-josip-kljakovic-santic\/#primaryimage","url":"https:\/\/webknjizara.hr\/wp-content\/uploads\/nc\/images\/virtuemart\/product\/dekameron-hrvats-4e255f7db60aa.jpg","contentUrl":"https:\/\/webknjizara.hr\/wp-content\/uploads\/nc\/images\/virtuemart\/product\/dekameron-hrvats-4e255f7db60aa.jpg","width":283,"height":446,"caption":"DEKAMERON HRVATSKIH KAPETANA, Josip Kljakovi\u0107 \u0160anti\u0107"},{"@type":"BreadcrumbList","@id":"https:\/\/webknjizara.hr\/proizvod\/dekameron-hrvatskih-kapetana-josip-kljakovic-santic\/#breadcrumb","itemListElement":[{"@type":"ListItem","position":1,"name":"Po\u010detna stranica","item":"https:\/\/webknjizara.hr\/en\/"},{"@type":"ListItem","position":2,"name":"Shop","item":"https:\/\/webknjizara.hr\/shop\/"},{"@type":"ListItem","position":3,"name":"DEKAMERON HRVATSKIH KAPETANA, Josip Kljakovi\u0107 \u0160anti\u0107"}]},{"@type":"WebSite","@id":"https:\/\/webknjizara.hr\/#website","url":"https:\/\/webknjizara.hr\/","name":"Web Knji\u017eara","description":"","publisher":{"@id":"https:\/\/webknjizara.hr\/#organization"},"potentialAction":[{"@type":"SearchAction","target":{"@type":"EntryPoint","urlTemplate":"https:\/\/webknjizara.hr\/?s={search_term_string}"},"query-input":{"@type":"PropertyValueSpecification","valueRequired":true,"valueName":"search_term_string"}}],"inLanguage":"en-US"},{"@type":"Organization","@id":"https:\/\/webknjizara.hr\/#organization","name":"REDAK D.O.O.","url":"https:\/\/webknjizara.hr\/","logo":{"@type":"ImageObject","inLanguage":"en-US","@id":"https:\/\/webknjizara.hr\/#\/schema\/logo\/image\/","url":"https:\/\/webknjizara.hr\/wp-content\/uploads\/2023\/01\/web-knjizara-logo.webp","contentUrl":"https:\/\/webknjizara.hr\/wp-content\/uploads\/2023\/01\/web-knjizara-logo.webp","width":324,"height":79,"caption":"REDAK D.O.O."},"image":{"@id":"https:\/\/webknjizara.hr\/#\/schema\/logo\/image\/"}}]}},"_links":{"self":[{"href":"https:\/\/webknjizara.hr\/en\/wp-json\/wp\/v2\/product\/7417","targetHints":{"allow":["GET"]}}],"collection":[{"href":"https:\/\/webknjizara.hr\/en\/wp-json\/wp\/v2\/product"}],"about":[{"href":"https:\/\/webknjizara.hr\/en\/wp-json\/wp\/v2\/types\/product"}],"replies":[{"embeddable":true,"href":"https:\/\/webknjizara.hr\/en\/wp-json\/wp\/v2\/comments?post=7417"}],"wp:featuredmedia":[{"embeddable":true,"href":"https:\/\/webknjizara.hr\/en\/wp-json\/wp\/v2\/media\/7418"}],"wp:attachment":[{"href":"https:\/\/webknjizara.hr\/en\/wp-json\/wp\/v2\/media?parent=7417"}],"wp:term":[{"taxonomy":"product_brand","embeddable":true,"href":"https:\/\/webknjizara.hr\/en\/wp-json\/wp\/v2\/product_brand?post=7417"},{"taxonomy":"product_cat","embeddable":true,"href":"https:\/\/webknjizara.hr\/en\/wp-json\/wp\/v2\/product_cat?post=7417"},{"taxonomy":"product_tag","embeddable":true,"href":"https:\/\/webknjizara.hr\/en\/wp-json\/wp\/v2\/product_tag?post=7417"}],"curies":[{"name":"wp","href":"https:\/\/api.w.org\/{rel}","templated":true}]}}