{"id":7415,"date":"2011-07-13T13:13:33","date_gmt":"2011-07-13T13:13:33","guid":{"rendered":"https:\/\/webknjizara.hr\/?product=vise-od-ljubavi"},"modified":"2023-02-27T00:15:36","modified_gmt":"2023-02-26T23:15:36","slug":"vise-od-ljubavi","status":"publish","type":"product","link":"https:\/\/webknjizara.hr\/en\/proizvod\/vise-od-ljubavi\/","title":{"rendered":"Vi\u0161e od ljubavi"},"content":{"rendered":"<p>\u00a0<\/p>\n<p><strong>Sa\u017eetak:<\/strong><\/p>\n<div style=\"text-align: justify;\">Vi\u0161e od ljubavi je ma\u0161tovito, na momente nadrealno i apstraktno ljubavno \u0161tivo koje povla\u010di vje\u010dno pitanje potrage za srodnom du\u0161om. U \u010de\u017enji za osje\u0107ajem potpunog jedinstva Benjamin \u017eudi za svojom srodnom du\u0161om, priziva je u snu i javi. Svoju Ivanu vidi u svakoj \u017eeni, prolaznici, svakom smije\u0161ku i pogledu. Ponekad je ona sirena, a ponekad poetesa ili an\u0111eo. Ma\u0161tanje ili ne Ivana i Benjamin su se prona\u0161li, slu\u010dajno ili ne prosudite sami kada pro\u010ditate ovaj nadasve poeti\u010dan i ljubavlju protkan roman.<\/div>\n<p><strong>Bilje\u0161ka o autoru: <\/strong><\/p>\n<div style=\"text-align: justify;\">Zlatko Luki\u0107 (11.2.1953. Zagreb) do 1992. \u017eivio u Banjaluci, a od 1992. u \u0160vedskoj, Norve\u0161koj, Njema\u010dkoj, Nizozemskoj i sada u Hrvatskoj.<br \/>Izvedene drame: &#8220;Crveni kesten&#8221;, &#8220;Djeca no\u0107i&#8221;, &#8220;Hibernatori&#8221;.<br \/>Objavljeni romani: &#8220;Antigona Bosanska&#8221;, &#8220;Tajna knjiga&#8221;, &#8220;Progonstvo&#8221;, &#8220;Posrtanje knjige&#8221;, &#8220;Kara\u0111oz&#8221;, &#8220;Kino Bosna&#8221; (svaki naslov je tiskan u dva izdanja), i &#8220;Katarza&#8221;.<br \/>Ostalo: &#8220;Bosanska sehara&#8221; (poslovice i fraze u BiH), &#8220;Geneza Bo\u0161njaka&#8221; (esej), &#8220;Anatomija zla na Balkanu&#8221; (esej)<br \/>Nagrade: Pjesma &#8220;Moja naiva&#8221;, nagrada Knji\u017eevne omladine za poeziju BiH 1975, Pripovijetka &#8220;Njih dvojica&#8221; nagrada &#8220;Oslobo\u0111enja&#8221; za novinska pri\u010du 1978, Drama &#8220;Djeca no\u0107i&#8221;, nagrada za originalni dramski tekst, Travnik 1982. Roman &#8220;Katarza&#8221;, nagrada za najbolji roman, Kre\u0161evo, 2007.<br \/>Uvr\u0161ten u antologiju bh pripovijetke 1979. u redakciji \u010dasopisa &#8220;\u017divot&#8221; s pri\u010dom &#8220;Golubovi ne umiru&#8221;.<\/div>\n<div style=\"text-align: justify;\"><strong>Klju\u010dne rije\u010di:<\/strong><\/div>\n<div style=\"text-align: justify;\">Vi\u0161e od ljubavi, srodna du\u0161a, ljubav, ma\u0161ta, zlatko luki\u0107, roman, ivana, benjamin, astralno putovanje, sirena, an\u0111eo, cyber romansa, dobri duh, sjena, iluzije, ekstaza, labudova pjesma, strast du\u0161e<\/div>\n<div style=\"text-align: justify;\"><\/div>\n<p><strong>Link: <\/strong><a href=\"http:\/\/www.zlatkolukic.com\">www.zlatkolukic.com<\/a><br \/><strong>E-mail:<\/strong> <a href=\"mailto:aurelius777@gmail.com\">aurelius777@gmail.com<\/a><br \/><strong>Naslov:<\/strong> Vi\u0161e od ljubavi<br \/><strong>Autor:<\/strong> Zlatko Luki\u0107<br \/><strong>Broj stranica:<\/strong> 150<br \/><strong>Nakladnik: <\/strong>REDAK<br \/><strong>Godina izdanja:<\/strong> 2011<br \/><strong>ISBN:<\/strong> 978-953-7595-51-7<br \/><strong>Tisak:<\/strong> digitalni tisak knjiga &#8211; print na zahtjev<\/p>\n","protected":false},"excerpt":{"rendered":"<p>Zlatko Luki\u0107<\/p>\n","protected":false},"featured_media":7416,"comment_status":"open","ping_status":"closed","template":"","meta":{"_acf_changed":false},"product_brand":[],"product_cat":[1383,1385],"product_tag":[],"class_list":{"0":"post-7415","1":"product","2":"type-product","3":"status-publish","4":"has-post-thumbnail","6":"product_cat-knjige","7":"product_cat-knjizevnost","8":"pa_autor-zlatko-lukic","9":"pa_nakladnik-redak","11":"first","12":"instock","13":"shipping-taxable","14":"purchasable","15":"product-type-simple"},"acf":[],"yoast_head":"<!-- This site is optimized with the Yoast SEO plugin v27.3 - https:\/\/yoast.com\/product\/yoast-seo-wordpress\/ -->\n<title>Vi\u0161e od ljubavi - Web-knji\u017eara<\/title>\n<meta name=\"robots\" content=\"index, follow, max-snippet:-1, max-image-preview:large, max-video-preview:-1\" \/>\n<link rel=\"canonical\" href=\"https:\/\/webknjizara.hr\/proizvod\/vise-od-ljubavi\/\" \/>\n<meta property=\"og:locale\" content=\"en_US\" \/>\n<meta property=\"og:type\" content=\"article\" \/>\n<meta property=\"og:title\" content=\"Vi\u0161e od ljubavi - Web-knji\u017eara\" \/>\n<meta property=\"og:description\" content=\"Zlatko Luki\u0107\" \/>\n<meta property=\"og:url\" content=\"https:\/\/webknjizara.hr\/proizvod\/vise-od-ljubavi\/\" \/>\n<meta property=\"og:site_name\" content=\"Web-knji\u017eara\" \/>\n<meta property=\"article:modified_time\" content=\"2023-02-26T23:15:36+00:00\" \/>\n<meta property=\"og:image\" content=\"https:\/\/webknjizara.hr\/wp-content\/uploads\/nc\/images\/virtuemart\/product\/vi-e-od-ljubavi-4e1d99fd16b3d.jpg\" \/>\n\t<meta property=\"og:image:width\" content=\"283\" \/>\n\t<meta property=\"og:image:height\" content=\"425\" \/>\n\t<meta property=\"og:image:type\" content=\"image\/jpeg\" \/>\n<meta name=\"twitter:card\" content=\"summary_large_image\" \/>\n<meta name=\"twitter:label1\" content=\"Est. reading time\" \/>\n\t<meta name=\"twitter:data1\" content=\"1 minute\" \/>\n<script type=\"application\/ld+json\" class=\"yoast-schema-graph\">{\"@context\":\"https:\\\/\\\/schema.org\",\"@graph\":[{\"@type\":\"WebPage\",\"@id\":\"https:\\\/\\\/webknjizara.hr\\\/proizvod\\\/vise-od-ljubavi\\\/\",\"url\":\"https:\\\/\\\/webknjizara.hr\\\/proizvod\\\/vise-od-ljubavi\\\/\",\"name\":\"Vi\u0161e od ljubavi - Web-knji\u017eara\",\"isPartOf\":{\"@id\":\"https:\\\/\\\/webknjizara.hr\\\/#website\"},\"primaryImageOfPage\":{\"@id\":\"https:\\\/\\\/webknjizara.hr\\\/proizvod\\\/vise-od-ljubavi\\\/#primaryimage\"},\"image\":{\"@id\":\"https:\\\/\\\/webknjizara.hr\\\/proizvod\\\/vise-od-ljubavi\\\/#primaryimage\"},\"thumbnailUrl\":\"https:\\\/\\\/webknjizara.hr\\\/wp-content\\\/uploads\\\/nc\\\/images\\\/virtuemart\\\/product\\\/vi-e-od-ljubavi-4e1d99fd16b3d.jpg\",\"datePublished\":\"2011-07-13T13:13:33+00:00\",\"dateModified\":\"2023-02-26T23:15:36+00:00\",\"breadcrumb\":{\"@id\":\"https:\\\/\\\/webknjizara.hr\\\/proizvod\\\/vise-od-ljubavi\\\/#breadcrumb\"},\"inLanguage\":\"en-US\",\"potentialAction\":[{\"@type\":\"ReadAction\",\"target\":[\"https:\\\/\\\/webknjizara.hr\\\/proizvod\\\/vise-od-ljubavi\\\/\"]}]},{\"@type\":\"ImageObject\",\"inLanguage\":\"en-US\",\"@id\":\"https:\\\/\\\/webknjizara.hr\\\/proizvod\\\/vise-od-ljubavi\\\/#primaryimage\",\"url\":\"https:\\\/\\\/webknjizara.hr\\\/wp-content\\\/uploads\\\/nc\\\/images\\\/virtuemart\\\/product\\\/vi-e-od-ljubavi-4e1d99fd16b3d.jpg\",\"contentUrl\":\"https:\\\/\\\/webknjizara.hr\\\/wp-content\\\/uploads\\\/nc\\\/images\\\/virtuemart\\\/product\\\/vi-e-od-ljubavi-4e1d99fd16b3d.jpg\",\"width\":283,\"height\":425,\"caption\":\"Vi\u0161e od ljubavi\"},{\"@type\":\"BreadcrumbList\",\"@id\":\"https:\\\/\\\/webknjizara.hr\\\/proizvod\\\/vise-od-ljubavi\\\/#breadcrumb\",\"itemListElement\":[{\"@type\":\"ListItem\",\"position\":1,\"name\":\"Po\u010detna stranica\",\"item\":\"https:\\\/\\\/webknjizara.hr\\\/en\\\/\"},{\"@type\":\"ListItem\",\"position\":2,\"name\":\"Shop\",\"item\":\"https:\\\/\\\/webknjizara.hr\\\/shop\\\/\"},{\"@type\":\"ListItem\",\"position\":3,\"name\":\"Vi\u0161e od ljubavi\"}]},{\"@type\":\"WebSite\",\"@id\":\"https:\\\/\\\/webknjizara.hr\\\/#website\",\"url\":\"https:\\\/\\\/webknjizara.hr\\\/\",\"name\":\"Web Knji\u017eara\",\"description\":\"\",\"publisher\":{\"@id\":\"https:\\\/\\\/webknjizara.hr\\\/#organization\"},\"potentialAction\":[{\"@type\":\"SearchAction\",\"target\":{\"@type\":\"EntryPoint\",\"urlTemplate\":\"https:\\\/\\\/webknjizara.hr\\\/?s={search_term_string}\"},\"query-input\":{\"@type\":\"PropertyValueSpecification\",\"valueRequired\":true,\"valueName\":\"search_term_string\"}}],\"inLanguage\":\"en-US\"},{\"@type\":\"Organization\",\"@id\":\"https:\\\/\\\/webknjizara.hr\\\/#organization\",\"name\":\"REDAK D.O.O.\",\"url\":\"https:\\\/\\\/webknjizara.hr\\\/\",\"logo\":{\"@type\":\"ImageObject\",\"inLanguage\":\"en-US\",\"@id\":\"https:\\\/\\\/webknjizara.hr\\\/#\\\/schema\\\/logo\\\/image\\\/\",\"url\":\"https:\\\/\\\/webknjizara.hr\\\/wp-content\\\/uploads\\\/2023\\\/01\\\/web-knjizara-logo.webp\",\"contentUrl\":\"https:\\\/\\\/webknjizara.hr\\\/wp-content\\\/uploads\\\/2023\\\/01\\\/web-knjizara-logo.webp\",\"width\":324,\"height\":79,\"caption\":\"REDAK D.O.O.\"},\"image\":{\"@id\":\"https:\\\/\\\/webknjizara.hr\\\/#\\\/schema\\\/logo\\\/image\\\/\"}}]}<\/script>\n<!-- \/ Yoast SEO plugin. -->","yoast_head_json":{"title":"Vi\u0161e od ljubavi - Web-knji\u017eara","robots":{"index":"index","follow":"follow","max-snippet":"max-snippet:-1","max-image-preview":"max-image-preview:large","max-video-preview":"max-video-preview:-1"},"canonical":"https:\/\/webknjizara.hr\/proizvod\/vise-od-ljubavi\/","og_locale":"en_US","og_type":"article","og_title":"Vi\u0161e od ljubavi - Web-knji\u017eara","og_description":"Zlatko Luki\u0107","og_url":"https:\/\/webknjizara.hr\/proizvod\/vise-od-ljubavi\/","og_site_name":"Web-knji\u017eara","article_modified_time":"2023-02-26T23:15:36+00:00","og_image":[{"width":283,"height":425,"url":"https:\/\/webknjizara.hr\/wp-content\/uploads\/nc\/images\/virtuemart\/product\/vi-e-od-ljubavi-4e1d99fd16b3d.jpg","type":"image\/jpeg"}],"twitter_card":"summary_large_image","twitter_misc":{"Est. reading time":"1 minute"},"schema":{"@context":"https:\/\/schema.org","@graph":[{"@type":"WebPage","@id":"https:\/\/webknjizara.hr\/proizvod\/vise-od-ljubavi\/","url":"https:\/\/webknjizara.hr\/proizvod\/vise-od-ljubavi\/","name":"Vi\u0161e od ljubavi - Web-knji\u017eara","isPartOf":{"@id":"https:\/\/webknjizara.hr\/#website"},"primaryImageOfPage":{"@id":"https:\/\/webknjizara.hr\/proizvod\/vise-od-ljubavi\/#primaryimage"},"image":{"@id":"https:\/\/webknjizara.hr\/proizvod\/vise-od-ljubavi\/#primaryimage"},"thumbnailUrl":"https:\/\/webknjizara.hr\/wp-content\/uploads\/nc\/images\/virtuemart\/product\/vi-e-od-ljubavi-4e1d99fd16b3d.jpg","datePublished":"2011-07-13T13:13:33+00:00","dateModified":"2023-02-26T23:15:36+00:00","breadcrumb":{"@id":"https:\/\/webknjizara.hr\/proizvod\/vise-od-ljubavi\/#breadcrumb"},"inLanguage":"en-US","potentialAction":[{"@type":"ReadAction","target":["https:\/\/webknjizara.hr\/proizvod\/vise-od-ljubavi\/"]}]},{"@type":"ImageObject","inLanguage":"en-US","@id":"https:\/\/webknjizara.hr\/proizvod\/vise-od-ljubavi\/#primaryimage","url":"https:\/\/webknjizara.hr\/wp-content\/uploads\/nc\/images\/virtuemart\/product\/vi-e-od-ljubavi-4e1d99fd16b3d.jpg","contentUrl":"https:\/\/webknjizara.hr\/wp-content\/uploads\/nc\/images\/virtuemart\/product\/vi-e-od-ljubavi-4e1d99fd16b3d.jpg","width":283,"height":425,"caption":"Vi\u0161e od ljubavi"},{"@type":"BreadcrumbList","@id":"https:\/\/webknjizara.hr\/proizvod\/vise-od-ljubavi\/#breadcrumb","itemListElement":[{"@type":"ListItem","position":1,"name":"Po\u010detna stranica","item":"https:\/\/webknjizara.hr\/en\/"},{"@type":"ListItem","position":2,"name":"Shop","item":"https:\/\/webknjizara.hr\/shop\/"},{"@type":"ListItem","position":3,"name":"Vi\u0161e od ljubavi"}]},{"@type":"WebSite","@id":"https:\/\/webknjizara.hr\/#website","url":"https:\/\/webknjizara.hr\/","name":"Web Knji\u017eara","description":"","publisher":{"@id":"https:\/\/webknjizara.hr\/#organization"},"potentialAction":[{"@type":"SearchAction","target":{"@type":"EntryPoint","urlTemplate":"https:\/\/webknjizara.hr\/?s={search_term_string}"},"query-input":{"@type":"PropertyValueSpecification","valueRequired":true,"valueName":"search_term_string"}}],"inLanguage":"en-US"},{"@type":"Organization","@id":"https:\/\/webknjizara.hr\/#organization","name":"REDAK D.O.O.","url":"https:\/\/webknjizara.hr\/","logo":{"@type":"ImageObject","inLanguage":"en-US","@id":"https:\/\/webknjizara.hr\/#\/schema\/logo\/image\/","url":"https:\/\/webknjizara.hr\/wp-content\/uploads\/2023\/01\/web-knjizara-logo.webp","contentUrl":"https:\/\/webknjizara.hr\/wp-content\/uploads\/2023\/01\/web-knjizara-logo.webp","width":324,"height":79,"caption":"REDAK D.O.O."},"image":{"@id":"https:\/\/webknjizara.hr\/#\/schema\/logo\/image\/"}}]}},"_links":{"self":[{"href":"https:\/\/webknjizara.hr\/en\/wp-json\/wp\/v2\/product\/7415","targetHints":{"allow":["GET"]}}],"collection":[{"href":"https:\/\/webknjizara.hr\/en\/wp-json\/wp\/v2\/product"}],"about":[{"href":"https:\/\/webknjizara.hr\/en\/wp-json\/wp\/v2\/types\/product"}],"replies":[{"embeddable":true,"href":"https:\/\/webknjizara.hr\/en\/wp-json\/wp\/v2\/comments?post=7415"}],"wp:featuredmedia":[{"embeddable":true,"href":"https:\/\/webknjizara.hr\/en\/wp-json\/wp\/v2\/media\/7416"}],"wp:attachment":[{"href":"https:\/\/webknjizara.hr\/en\/wp-json\/wp\/v2\/media?parent=7415"}],"wp:term":[{"taxonomy":"product_brand","embeddable":true,"href":"https:\/\/webknjizara.hr\/en\/wp-json\/wp\/v2\/product_brand?post=7415"},{"taxonomy":"product_cat","embeddable":true,"href":"https:\/\/webknjizara.hr\/en\/wp-json\/wp\/v2\/product_cat?post=7415"},{"taxonomy":"product_tag","embeddable":true,"href":"https:\/\/webknjizara.hr\/en\/wp-json\/wp\/v2\/product_tag?post=7415"}],"curies":[{"name":"wp","href":"https:\/\/api.w.org\/{rel}","templated":true}]}}