{"id":7413,"date":"2011-07-13T12:56:11","date_gmt":"2011-07-13T12:56:11","guid":{"rendered":"https:\/\/webknjizara.hr\/?product=poznajes-li-mala-grlo-moje"},"modified":"2023-02-27T00:15:36","modified_gmt":"2023-02-26T23:15:36","slug":"poznajes-li-mala-grlo-moje","status":"publish","type":"product","link":"https:\/\/webknjizara.hr\/en\/proizvod\/poznajes-li-mala-grlo-moje\/","title":{"rendered":"Poznaje\u0161 li mala grlo moje"},"content":{"rendered":"<p>\u00a0<\/p>\n<p><strong>Sa\u017eetak:<\/strong><\/p>\n<p style=\"text-align: justify;\"><strong>Pivaj seko lipo nan se sla\u017ee<\/strong><\/p>\n<p>Proteklo je dosta godina otkako je ojkalica (ganga, rera, treskavica) pro\u0161la svoj kri\u017eni put, kada je sredinom pro\u0161log stolje\u0107a \u017eivjela svoju najve\u0107u slavu (pjevali su je i na fe\u0161tama i na ra\u0111i, u ku\u0107i i na polju, u brdu i na silima), preko godina njezina odumiranja (kada su je se njezini sinovi i unuci stidjeli, odricali i pre\u0161u\u0107ivali, pri \u010demu je gotovo presahnula u grlima kr\u0161nih momaka i cura iz Dalmatinske zagore i zapadne Hercegovine), do njezina uskrsavanja na koncu prvog desetlje\u0107a tre\u0107eg tisu\u0107lje\u0107a. Naime, zahvaljuju\u0107i zaljubljeni\u00acku u to tradicijsko pu\u010dko pjevanje Tomislavu Mat\u00ackovi\u0107u, Ministarstvo kulture Republike Hrvatske u ljeto 2009. godine za\u0161titilo je gangu kao hrvatsko nematerijalno dobro. Zahvaljuju\u0107i etnomuzikolo\u00acgu mr. sc. Jo\u0161ku \u0106aleti i njegovim suradnicima, 14. studenoga 2010. godine na zasjedanju UNESCO-a u Nairobiju, osebujni na\u010din pjevanja na\u0161e ojkavica upisan je u svjetsku duhovnu ba\u0161tinu.<\/p>\n<p style=\"text-align: justify;\">Budu\u0107i da je netemperirano pjevanje poput gange objektivno vrlo te\u0161ko notno zapisati, bit \u0107e jo\u0161 dosta stru\u010dnih i znanstvenih tekstova koji \u0107e poku\u0161ati iscrpno objasniti ono \u0161to je neopisivo \u2013 kako ojkanje nije deranje jer svaki pravi pjeva\u010d ima vlastitu interpretaciju i neponovljivo treskanje glasom, po \u010demu se pjevanje razlikuje od sela do sela, od skupine do skupine ganga\u0161a. Osim te glazbene i interpretativne vrijednosti, ne manja va\u017enost ojkavice gnijezdi se i u njezinim tekstovima \u2013 britkim narodnim dvostisima (isti se koriste i u li\u010dkim i slavonskim be\u0107arcima, samo uz drugu melodiju i pratnju glazbala).<\/p>\n<p style=\"text-align: justify;\">Stoga valja pozdraviti trud Milke Saratlije, koja je zabilje\u017eila petstotinjak ojkavica koje je \u010dula, sama smislila i pjevala proteklih desetlje\u0107a kada joj je bilo te\u0161ko, odmah potom ljep\u0161e, jer se tim glazbenim aspirinom lije\u010dila tuga du\u0161e, \u201etrenila rosa sa srca\u201c, kako bi kazala i moja mater za pjevanje najdra\u017ee joj gange. Pravi je to na\u010din \u010duvanja, njegovanja i promicanja te glazbene pu\u010dke forme koja u dvadeset slogova, uz redukcijski slogan \u201emanje je vi\u0161e\u201c, lapidarno i poslo\u00acvi\u010dno \u0161aljivo sa\u017eme cijelu istinu o nama i o onome \u0161to je zatomljeno duboko u nama. Autorica priznaje pobratimstvo uha u svemiru glazbenog ojkanja pa spominje raznolike istosti:<\/p>\n<p style=\"text-align: justify;\"><em>Sinjska rera imotsko ganganje,<br \/>To je moje male u\u017eivanje.<\/em><\/p>\n<p>Uz poneke osmerce, naj\u010de\u0161\u0107e su to dva rimo\u00acvana deseterca nepoznatog autora, koja su bru\u0161ena do dragulja prelaze\u0107i s usne na usnu, no rijetki su slu\u010dajevi da je rima polo\u017eena unutar istog stiha, kada se ne rimuju uobi\u010dajeno prvi i drugi stih, ve\u0107 tre\u0107i i \u010detvrti s devetim i desetim slogom istog stiha, kao u slu\u010daju:<\/p>\n<p style=\"text-align: justify;\"><em>Srce moje pukni mi na dvoje,<br \/>Pola meni pola ko te \u017eeni.<\/em><\/p>\n<p>Jezik ovih ojkavica je svagda\u0161nji govor \u010dovjeka s kamena, ikavica s lokalizmima koji ozna\u010duju dijelove ognji\u0161ta ili oku\u0107nice, u koje su uronjeni toponimi \u201evla\u0161kih\u201c prijestolnica, zbog zadatosti rime zna se \u201eprogutati\u201c pokoji samoglasnik (gla\u00acgol \u201eje\u201c je zapisan kao \u201ej\u201c, a gotovo redovito se glasovi <em>h<\/em> i <em>r<\/em> gube na kraju rije\u010di (mater = mate&#8217;, dajde&#8217;\u2026).<\/p>\n<p style=\"text-align: justify;\">Ovi su distisi vrsna gra\u0111a i za na\u0161e etnologe i sociologe koji prou\u010davaju fenomene urbanizacije kroz rastakanja na\u0161eg sela i starih patrijarhalnih obi\u010daja. Rukovet ukori\u010denih lirskih male\u0161nica odjek su svoga doba, kroni\u010darski su bilje\u017eili sjaj i tamu kr\u0161kih zaselaka bez struje i televizije, kada je slu\u017eenje preduga\u010dkih vojnih rokova u jugoslaven\u00acskoj vojsci zauvijek preusmjerilo sudbine brojnih djevojaka, kada je stid kao najljep\u0161i ures na obrazu djevojaka kopnio, kada se \u201edivoja\u010dka \u010dast\u201c \u010duvala do zadnjeg trena (vjen\u010danja), \u201ezamiralo\u201c se drago kraji\u010dkom nasmije\u0161enih usnica i pogledima kroz prozor\u010di\u0107e, u\u017eivalo u bogatstvu siroma\u0161tva, tj. \u010duvanju blaga, pa tako sve do ovodobnog zemana kada se napu\u0161tena sela preure\u0111uju u eko-etno izleti\u0161ta, a Rado\u0161i\u0107 krasi &#8211; bikijada! Ne treba isticati kako duhovitost i poruga ponajve\u0107ma priskrbljuju duzine karata u zlatnim ojkavicama, poput ove minijaturne satire na \u201e\u0161kotsku\u201c temu:<\/p>\n<p style=\"text-align: justify;\"><em>Kad bodulci do\u010dekaju zeta,<br \/>Ispeku mu jezik od pileta.<\/em><\/p>\n<p>Autorica je mahom zapisala ljubavne napjeve, kroz koje se milo ili odrje\u0161ito poru\u010duje momku, curi, suparnici ili svekrvi ono \u0161to je \u201emirita\u201c, a nezaobilazne su u tom ozra\u010dju i erotske gange kao nastavak zrele i putene ljubavi. Zapisiva\u010dica tog narodnog blaga naj\u010de\u0161\u0107e ne prelazi granicu lascivnog prostakluka i pornografije, njezini upareni stihovi opare \u010ditatelja vrelinom metafore, poput one kako na ledini naglo naraste \u201establo od bombona\u201c, ma \u0161to to zna\u010dilo! Spolovila ljubavnika se imenuju kao \u010duna, kesa, kita, klipi\u0107, kobasa, kubura, o\u017eeg, stragu\u0161a, ili pak koka, pica, tvorilo, vo\u0107e\u2026 U tim tekstualnim pohvalama Erosu i Prijapu zapisiva\u010dica je hrabra, ne cenzurira narodski jezik, i davno prije suvremene poplave priru\u010dnika za samopomo\u0107 i psiholo\u0161ke savjetnike o umije\u0107u dostizanja (izostaju\u0107eg) \u017eenskog orgazma, takozvani konzervativni narod iz zabr\u0111a je mudro pjevao \u201e\u017eensko pismo\u201c:<\/p>\n<p style=\"text-align: justify;\"><em>Vidi male ba\u0161 se i ne smije,<br \/>Koke dala a svr\u0161ila nije.<\/em><\/p>\n<p>Tekstualni predlo\u0161ci za ojkanje i ganganje stru\u010dno bi se dali poredati tematski, abecedno, na mu\u0161ke i \u017eenske, ili neki drugi na\u010din, no autorica ih je nanizala ba\u0161 u mrs, kako i sam \u017eivot naj\u010de\u0161\u0107e nala\u017ee, da sekundu smija prekine dan tuge, da se \u017eu\u010dna gor\u010dina zasladi mednim sladostra\u0161\u0107em, uz tvrdu vjeru da nas osna\u017ei sve ono \u0161to nas ne ubije, da su suza tugovanka i radosnica sestre blizanke u nepresu\u0161nom jezeru na\u0161eg oka. Tako \u0107e se i ova knji\u017eica \u010ditati na preskok, i poput lutrije darivati nas tabletama vedrine. Najvi\u0161e narodnih gangi u hrvatskoj knji\u017eevnosti u svojim su vi\u0161estrukim izdanjima objavili An\u0111elko Mijatovi\u0107 i Zvonimir Toldi (slavonski be\u0107arci), a tom mozaiku na\u0161e usmene knji\u017eevnosti malu ali slatku mrvicu pri\u00acdonijela je Milka Saratlija, kojoj mogu pripjevati na pu\u010dku:<\/p>\n<p style=\"text-align: justify;\"><em>Papir pi\u0161e Milka Saratlija<br \/>Ojkalicu zavolio i ja.<\/em><\/p>\n<p>Na\u0161i pjesnici osvajahu brojna odli\u010dja u slaganju japanskih haikua, a ja ovim tekstom dajem hvalu Milki, neka njezina ra\u0111a ba\u0161tinjenja doma\u0107ega, hrvatskoga, kona\u010dno i svjetski prizna\u00actoga, bude poticajem i drugima da sa\u010duvaju na\u0161u iskonsku pu\u010dku du\u0161u, dok je ne utrnu glo\u00acbalizacijski vjetrovi. Ka\u017eu da dvostruko moli tko moli pjevaju\u0107i, a to poru\u010duje i ponajljep\u0161a ojkalica iz ove knji\u017eice \u2013 glazbena molitva:<\/p>\n<p><em>Slu\u0161an malu kako lipo piva,<br \/>Kao da mi an\u0111ele doziva.<\/em><\/p>\n<div style=\"text-align: justify;\">&#8211; Mladen Vukovi\u0107<\/div>\n<p><strong>Bilje\u0161ka o autorici:<\/strong><\/p>\n<p style=\"text-align: justify;\">Milka Saratlija (djevoja\u010dko prezime Dre\u017ean\u010di\u0107) ro\u0111ena je u Trogiru 5. 2. 1954. (pukin slu\u010dajen, jer jon je mate\u2019 gonila tuke na Travaricu, pa usput zavr\u0161ila u Trogirsko rodili\u0161te). Odrasla u Prgometu. Udala se u Primorski Dolac za pok. Nikolu Saratlija (\u0160I\u0106U). \u017divili su u Splitu.<br \/>Ovu zbirku ojkalica posvetila je svome ljublje\u00acnome \u0160i\u0107i. Iznad svega volio je svoje obi\u010daje i svoj Dolac. Uvik su pivali zajedno i u lipin i u grubin trenutcima svoga zajedni\u010dkog \u017eivota.<br \/>\u010cin bi sili u auto on bi reka: \u201eAjde stara kreni jednu!\u201c A uz svoju ojkalicu bili su sritni ka mala dica. \u010cin bi njegovu Milu u gradu uvatila grinta on bi reka: \u201eAjmo dico u Dolac, mate\u2019 mora zaojkati.\u201c A upravo tako je i bilo, jer ojkalica je njegovoj Mili li\u010dila i du\u0161u i tilo. Jo\u0161 je mogla napisati malo, ali jon je karte ponestalo.<\/p>\n<p><strong>Klju\u010dne rije\u010di:<\/strong> ojkalica, ganganje<\/p>\n<p><strong>Naslov:<\/strong> Poznaje\u0161 li mala grlo moje<br \/><strong>Autor:<\/strong> Milka Saratlija<br \/><strong>Broj stranica:<\/strong> 118<br \/><strong>Nakladnik:<\/strong> REDAK<br \/><strong>Godina izdanja:<\/strong> 2011<br \/><strong>ISBN:<\/strong> 978-953-7595-56-2<br \/><strong>Tisak:<\/strong> digitalni tisak knjiga &#8211; print na zahtjev<\/p>\n","protected":false},"excerpt":{"rendered":"<p>Milka Saratlija<\/p>\n","protected":false},"featured_media":7414,"comment_status":"open","ping_status":"closed","template":"","meta":{"_acf_changed":false},"product_brand":[],"product_cat":[1383,1385,1388],"product_tag":[],"class_list":{"0":"post-7413","1":"product","2":"type-product","3":"status-publish","4":"has-post-thumbnail","6":"product_cat-knjige","7":"product_cat-knjizevnost","8":"product_cat-poezija","9":"pa_autor-milka-saratlija","10":"pa_nakladnik-redak","12":"first","13":"instock","14":"shipping-taxable","15":"purchasable","16":"product-type-simple"},"acf":[],"yoast_head":"<!-- This site is optimized with the Yoast SEO plugin v27.3 - https:\/\/yoast.com\/product\/yoast-seo-wordpress\/ -->\n<title>Poznaje\u0161 li mala grlo moje - Web-knji\u017eara<\/title>\n<meta name=\"robots\" content=\"index, follow, max-snippet:-1, max-image-preview:large, max-video-preview:-1\" \/>\n<link rel=\"canonical\" href=\"https:\/\/webknjizara.hr\/proizvod\/poznajes-li-mala-grlo-moje\/\" \/>\n<meta property=\"og:locale\" content=\"en_US\" \/>\n<meta property=\"og:type\" content=\"article\" \/>\n<meta property=\"og:title\" content=\"Poznaje\u0161 li mala grlo moje - Web-knji\u017eara\" \/>\n<meta property=\"og:description\" content=\"Milka Saratlija\" \/>\n<meta property=\"og:url\" content=\"https:\/\/webknjizara.hr\/proizvod\/poznajes-li-mala-grlo-moje\/\" \/>\n<meta property=\"og:site_name\" content=\"Web-knji\u017eara\" \/>\n<meta property=\"article:modified_time\" content=\"2023-02-26T23:15:36+00:00\" \/>\n<meta property=\"og:image\" content=\"https:\/\/webknjizara.hr\/wp-content\/uploads\/nc\/images\/virtuemart\/product\/poznaje-li-mal-4e1d95eb76087.jpg\" \/>\n\t<meta property=\"og:image:width\" content=\"310\" \/>\n\t<meta property=\"og:image:height\" content=\"436\" \/>\n\t<meta property=\"og:image:type\" content=\"image\/jpeg\" \/>\n<meta name=\"twitter:card\" content=\"summary_large_image\" \/>\n<meta name=\"twitter:label1\" content=\"Est. reading time\" \/>\n\t<meta name=\"twitter:data1\" content=\"7 minutes\" \/>\n<script type=\"application\/ld+json\" class=\"yoast-schema-graph\">{\"@context\":\"https:\\\/\\\/schema.org\",\"@graph\":[{\"@type\":\"WebPage\",\"@id\":\"https:\\\/\\\/webknjizara.hr\\\/proizvod\\\/poznajes-li-mala-grlo-moje\\\/\",\"url\":\"https:\\\/\\\/webknjizara.hr\\\/proizvod\\\/poznajes-li-mala-grlo-moje\\\/\",\"name\":\"Poznaje\u0161 li mala grlo moje - Web-knji\u017eara\",\"isPartOf\":{\"@id\":\"https:\\\/\\\/webknjizara.hr\\\/#website\"},\"primaryImageOfPage\":{\"@id\":\"https:\\\/\\\/webknjizara.hr\\\/proizvod\\\/poznajes-li-mala-grlo-moje\\\/#primaryimage\"},\"image\":{\"@id\":\"https:\\\/\\\/webknjizara.hr\\\/proizvod\\\/poznajes-li-mala-grlo-moje\\\/#primaryimage\"},\"thumbnailUrl\":\"https:\\\/\\\/webknjizara.hr\\\/wp-content\\\/uploads\\\/nc\\\/images\\\/virtuemart\\\/product\\\/poznaje-li-mal-4e1d95eb76087.jpg\",\"datePublished\":\"2011-07-13T12:56:11+00:00\",\"dateModified\":\"2023-02-26T23:15:36+00:00\",\"breadcrumb\":{\"@id\":\"https:\\\/\\\/webknjizara.hr\\\/proizvod\\\/poznajes-li-mala-grlo-moje\\\/#breadcrumb\"},\"inLanguage\":\"en-US\",\"potentialAction\":[{\"@type\":\"ReadAction\",\"target\":[\"https:\\\/\\\/webknjizara.hr\\\/proizvod\\\/poznajes-li-mala-grlo-moje\\\/\"]}]},{\"@type\":\"ImageObject\",\"inLanguage\":\"en-US\",\"@id\":\"https:\\\/\\\/webknjizara.hr\\\/proizvod\\\/poznajes-li-mala-grlo-moje\\\/#primaryimage\",\"url\":\"https:\\\/\\\/webknjizara.hr\\\/wp-content\\\/uploads\\\/nc\\\/images\\\/virtuemart\\\/product\\\/poznaje-li-mal-4e1d95eb76087.jpg\",\"contentUrl\":\"https:\\\/\\\/webknjizara.hr\\\/wp-content\\\/uploads\\\/nc\\\/images\\\/virtuemart\\\/product\\\/poznaje-li-mal-4e1d95eb76087.jpg\",\"width\":310,\"height\":436,\"caption\":\"Poznaje\u0161 li mala grlo moje\"},{\"@type\":\"BreadcrumbList\",\"@id\":\"https:\\\/\\\/webknjizara.hr\\\/proizvod\\\/poznajes-li-mala-grlo-moje\\\/#breadcrumb\",\"itemListElement\":[{\"@type\":\"ListItem\",\"position\":1,\"name\":\"Po\u010detna stranica\",\"item\":\"https:\\\/\\\/webknjizara.hr\\\/en\\\/\"},{\"@type\":\"ListItem\",\"position\":2,\"name\":\"Shop\",\"item\":\"https:\\\/\\\/webknjizara.hr\\\/shop\\\/\"},{\"@type\":\"ListItem\",\"position\":3,\"name\":\"Poznaje\u0161 li mala grlo moje\"}]},{\"@type\":\"WebSite\",\"@id\":\"https:\\\/\\\/webknjizara.hr\\\/#website\",\"url\":\"https:\\\/\\\/webknjizara.hr\\\/\",\"name\":\"Web Knji\u017eara\",\"description\":\"\",\"publisher\":{\"@id\":\"https:\\\/\\\/webknjizara.hr\\\/#organization\"},\"potentialAction\":[{\"@type\":\"SearchAction\",\"target\":{\"@type\":\"EntryPoint\",\"urlTemplate\":\"https:\\\/\\\/webknjizara.hr\\\/?s={search_term_string}\"},\"query-input\":{\"@type\":\"PropertyValueSpecification\",\"valueRequired\":true,\"valueName\":\"search_term_string\"}}],\"inLanguage\":\"en-US\"},{\"@type\":\"Organization\",\"@id\":\"https:\\\/\\\/webknjizara.hr\\\/#organization\",\"name\":\"REDAK D.O.O.\",\"url\":\"https:\\\/\\\/webknjizara.hr\\\/\",\"logo\":{\"@type\":\"ImageObject\",\"inLanguage\":\"en-US\",\"@id\":\"https:\\\/\\\/webknjizara.hr\\\/#\\\/schema\\\/logo\\\/image\\\/\",\"url\":\"https:\\\/\\\/webknjizara.hr\\\/wp-content\\\/uploads\\\/2023\\\/01\\\/web-knjizara-logo.webp\",\"contentUrl\":\"https:\\\/\\\/webknjizara.hr\\\/wp-content\\\/uploads\\\/2023\\\/01\\\/web-knjizara-logo.webp\",\"width\":324,\"height\":79,\"caption\":\"REDAK D.O.O.\"},\"image\":{\"@id\":\"https:\\\/\\\/webknjizara.hr\\\/#\\\/schema\\\/logo\\\/image\\\/\"}}]}<\/script>\n<!-- \/ Yoast SEO plugin. -->","yoast_head_json":{"title":"Poznaje\u0161 li mala grlo moje - Web-knji\u017eara","robots":{"index":"index","follow":"follow","max-snippet":"max-snippet:-1","max-image-preview":"max-image-preview:large","max-video-preview":"max-video-preview:-1"},"canonical":"https:\/\/webknjizara.hr\/proizvod\/poznajes-li-mala-grlo-moje\/","og_locale":"en_US","og_type":"article","og_title":"Poznaje\u0161 li mala grlo moje - Web-knji\u017eara","og_description":"Milka Saratlija","og_url":"https:\/\/webknjizara.hr\/proizvod\/poznajes-li-mala-grlo-moje\/","og_site_name":"Web-knji\u017eara","article_modified_time":"2023-02-26T23:15:36+00:00","og_image":[{"width":310,"height":436,"url":"https:\/\/webknjizara.hr\/wp-content\/uploads\/nc\/images\/virtuemart\/product\/poznaje-li-mal-4e1d95eb76087.jpg","type":"image\/jpeg"}],"twitter_card":"summary_large_image","twitter_misc":{"Est. reading time":"7 minutes"},"schema":{"@context":"https:\/\/schema.org","@graph":[{"@type":"WebPage","@id":"https:\/\/webknjizara.hr\/proizvod\/poznajes-li-mala-grlo-moje\/","url":"https:\/\/webknjizara.hr\/proizvod\/poznajes-li-mala-grlo-moje\/","name":"Poznaje\u0161 li mala grlo moje - Web-knji\u017eara","isPartOf":{"@id":"https:\/\/webknjizara.hr\/#website"},"primaryImageOfPage":{"@id":"https:\/\/webknjizara.hr\/proizvod\/poznajes-li-mala-grlo-moje\/#primaryimage"},"image":{"@id":"https:\/\/webknjizara.hr\/proizvod\/poznajes-li-mala-grlo-moje\/#primaryimage"},"thumbnailUrl":"https:\/\/webknjizara.hr\/wp-content\/uploads\/nc\/images\/virtuemart\/product\/poznaje-li-mal-4e1d95eb76087.jpg","datePublished":"2011-07-13T12:56:11+00:00","dateModified":"2023-02-26T23:15:36+00:00","breadcrumb":{"@id":"https:\/\/webknjizara.hr\/proizvod\/poznajes-li-mala-grlo-moje\/#breadcrumb"},"inLanguage":"en-US","potentialAction":[{"@type":"ReadAction","target":["https:\/\/webknjizara.hr\/proizvod\/poznajes-li-mala-grlo-moje\/"]}]},{"@type":"ImageObject","inLanguage":"en-US","@id":"https:\/\/webknjizara.hr\/proizvod\/poznajes-li-mala-grlo-moje\/#primaryimage","url":"https:\/\/webknjizara.hr\/wp-content\/uploads\/nc\/images\/virtuemart\/product\/poznaje-li-mal-4e1d95eb76087.jpg","contentUrl":"https:\/\/webknjizara.hr\/wp-content\/uploads\/nc\/images\/virtuemart\/product\/poznaje-li-mal-4e1d95eb76087.jpg","width":310,"height":436,"caption":"Poznaje\u0161 li mala grlo moje"},{"@type":"BreadcrumbList","@id":"https:\/\/webknjizara.hr\/proizvod\/poznajes-li-mala-grlo-moje\/#breadcrumb","itemListElement":[{"@type":"ListItem","position":1,"name":"Po\u010detna stranica","item":"https:\/\/webknjizara.hr\/en\/"},{"@type":"ListItem","position":2,"name":"Shop","item":"https:\/\/webknjizara.hr\/shop\/"},{"@type":"ListItem","position":3,"name":"Poznaje\u0161 li mala grlo moje"}]},{"@type":"WebSite","@id":"https:\/\/webknjizara.hr\/#website","url":"https:\/\/webknjizara.hr\/","name":"Web Knji\u017eara","description":"","publisher":{"@id":"https:\/\/webknjizara.hr\/#organization"},"potentialAction":[{"@type":"SearchAction","target":{"@type":"EntryPoint","urlTemplate":"https:\/\/webknjizara.hr\/?s={search_term_string}"},"query-input":{"@type":"PropertyValueSpecification","valueRequired":true,"valueName":"search_term_string"}}],"inLanguage":"en-US"},{"@type":"Organization","@id":"https:\/\/webknjizara.hr\/#organization","name":"REDAK D.O.O.","url":"https:\/\/webknjizara.hr\/","logo":{"@type":"ImageObject","inLanguage":"en-US","@id":"https:\/\/webknjizara.hr\/#\/schema\/logo\/image\/","url":"https:\/\/webknjizara.hr\/wp-content\/uploads\/2023\/01\/web-knjizara-logo.webp","contentUrl":"https:\/\/webknjizara.hr\/wp-content\/uploads\/2023\/01\/web-knjizara-logo.webp","width":324,"height":79,"caption":"REDAK D.O.O."},"image":{"@id":"https:\/\/webknjizara.hr\/#\/schema\/logo\/image\/"}}]}},"_links":{"self":[{"href":"https:\/\/webknjizara.hr\/en\/wp-json\/wp\/v2\/product\/7413","targetHints":{"allow":["GET"]}}],"collection":[{"href":"https:\/\/webknjizara.hr\/en\/wp-json\/wp\/v2\/product"}],"about":[{"href":"https:\/\/webknjizara.hr\/en\/wp-json\/wp\/v2\/types\/product"}],"replies":[{"embeddable":true,"href":"https:\/\/webknjizara.hr\/en\/wp-json\/wp\/v2\/comments?post=7413"}],"wp:featuredmedia":[{"embeddable":true,"href":"https:\/\/webknjizara.hr\/en\/wp-json\/wp\/v2\/media\/7414"}],"wp:attachment":[{"href":"https:\/\/webknjizara.hr\/en\/wp-json\/wp\/v2\/media?parent=7413"}],"wp:term":[{"taxonomy":"product_brand","embeddable":true,"href":"https:\/\/webknjizara.hr\/en\/wp-json\/wp\/v2\/product_brand?post=7413"},{"taxonomy":"product_cat","embeddable":true,"href":"https:\/\/webknjizara.hr\/en\/wp-json\/wp\/v2\/product_cat?post=7413"},{"taxonomy":"product_tag","embeddable":true,"href":"https:\/\/webknjizara.hr\/en\/wp-json\/wp\/v2\/product_tag?post=7413"}],"curies":[{"name":"wp","href":"https:\/\/api.w.org\/{rel}","templated":true}]}}