{"id":7409,"date":"2011-06-29T12:01:41","date_gmt":"2011-06-29T12:01:41","guid":{"rendered":"https:\/\/webknjizara.hr\/?product=moja-pisma-iz-japana-ivica-veza"},"modified":"2023-02-27T00:15:36","modified_gmt":"2023-02-26T23:15:36","slug":"moja-pisma-iz-japana-ivica-veza","status":"publish","type":"product","link":"https:\/\/webknjizara.hr\/en\/proizvod\/moja-pisma-iz-japana-ivica-veza\/","title":{"rendered":"Moja pisma iz Japana, Ivica Ve\u017ea"},"content":{"rendered":"<p>\u00a0<\/p>\n<p><strong>Sa\u017eetak:<\/strong><\/p>\n<div style=\"text-align: justify;\">Za vrijeme jednog DAAAM kongresa u Be\u010du autor je upoznao Soemona, s njim krenuo u pri\u010du i pozitivno odgovorio na njegov poziv. Pisma su pisana za autorovog jednosemestralnog boravka kao gosta profesora na Sveu\u010dili\u0161tu u Nagoyi. Pisana su obi\u010dno subotom ujutro, u njegovom privremenom domu, uz kavu i melankoliju osame. Pisana su prijateljima i poslana elektroni\u010dkom po\u0161tom. Nakon prvog pisma i pozitivnih reakcija, u kojima su mu prijatelji napisali kako \u017eele da nastavim s novim pismima, dobio je motivaciju za nastavke. Dio pisama objavljen je u \u010detiri nastavka 2008. godine u Slobodnoj Dalmaciji. To mu je sve dalo dalji poticaj da ih objavi u knjizi.<\/div>\n<p><strong>Bilje\u0161ka o autoru: <\/strong><\/p>\n<div style=\"text-align: justify;\">Ivica Ve\u017ea ro\u0111en je 26. kolovoza 1951. godine u Splitu, Osnovnu \u0161kolu i srednju tehni\u010dku \u0161kolu poha\u0111ao je i zavr\u0161io u Splitu. Godine 1970. upisao se na Elektrotehni\u010dki fakultet u Splitu, Odjel strojarstva. Studiranje je nastavio na Fakultetu strojarstva i brodogradnje u Zagrebu, na kojem je 1975. godine diplomirao na proizvodno-tehnolo\u0161kom usmjerenju.<br \/>Redoviti professor u trajnom zvanju na Fakultetu elektrotehnike, strojarstva i brodogradnje Sveu\u010dili\u0161ta u Splitu.<br \/>Vodio je vi\u0161e me\u0111unarodnih projekata TEMPUS, CEEPUS, dva bilateralna Slovensko-hrvatska.projekta i dr.<br \/>Bio je voditelj vi\u0161e tehnologijskih projekata za BICRO, Hrvatski institut za tehnologiju i dr.<br \/>Objavio je 10 knjiga, 10 poglavlja u znanstvenim knjigama, 24 rada u \u010dasopisima, 147 radova u zbornicima radova sa me\u0111unardnih i doma\u0107ih simpozija, vodio je 4 me\u0111unarodna i 7 doma\u0107ih znanstvenih projekata, odr\u017eao je vi\u0161e desetaka pozvanih predavanja u Hrvatskoj i inozemstvu, sudjelovao je radu na 43 rada za potrebe gospodarstva.<br \/>Bio je mentor 5 doktoranata, 4 magistranta i 110 studenata na stru\u010dnim, preddiplomskim i diplomskim studijima.<br \/>Odr\u017eao je vi\u0161e predavanja iz podru\u010dja Ra\u010dunalom integrirane proizvodnje i Logistike za djelatnike poduze\u0107a splitske regije, Gospodarsku komoru Hrvatske \u017dupanijska komora Split, Europski dom, HAZU, profesore srednjih \u0161kola i dr., te u inozemstvu (Njema\u010dka, \u010ce\u0161ka, Slovenija, Japan, Slova\u010dka, Italija, Bosna i Hercegovina i dr). <br \/>Suradnik je Odbora za proizvodnju vo\u0111enju ra\u010dunalom Hrvatske akademije znanosti i umjetnosti i \u010dlan vi\u0161e me\u0111unarodnih i doma\u0107ih znanstvenih i stru\u010dnih udru\u017eenja.<br \/>Za svoju znanstvenu djelatnost dodijeljeno mu je vi\u0161e doma\u0107ih i me\u0111unarodnih nagrada i priznanja.<br \/>Od 2000. god. redoviti je \u010dlan Hrvatske akademije tehni\u010dkih znanosti, a u periodu od 2004. do 2008. godine bio je tajnik Odjela za strojarstvo i brodogradnju. <br \/>Od 2000. do 2007. godine bio je \u010dlan uprave Tehnolo\u0161kog centra u Splitu.<br \/>Od 2008. godine redoviti je \u010dlan European Academy of Industrial Management.<br \/>Od 2008. god. vodi projekt TEMPUS-2008-IT-JPCR 144959, Master study program in Product Lifecycle Management with Sustainable Production, u kojem je uveden smjer na diplomskom studiju Industrijskog in\u017eenjerstva.<br \/>Od 2005. god. voditelj je razvoja Hrvatske tehnologijske platforme pri Europskoj inicijativi http:\/\/www.manufuture.org<br \/>Savjetnik je \u017eupana Splitsko-dalmatinske \u017eupanije za znanost. U okviru svoje djelatnosti u \u017dupaniji sudjeluje u razvoju Tehnologijskog parka na lokaciji Vu\u010devica.<br \/>Od 2006. godine predsjednik je udruge Brodogra\u0111evni klaster Splitsko-dalmatinske \u017eupanije, koja broji 47 poduze\u0107a s oko 8.000 zaposlenih.<br \/>U svibnju 2011. god. na PTW u Darmstadtu je potpisao s predstavnicima 10 europskih sveu\u010dili\u0161ta inicijativu o gradnji Edukacijske tvornice (Learning factory), kojom bi se promjenila paradigm obrazovanja in\u017eenjera.<br \/>Dopredsjednik je Lean management inicijative, koja je osnovana 2010. god. u Zagrebu.<br \/>\u010clan je Nadzornog odbora Brodosplita d.d. i Brodogradili\u0161ta d.o.o.<br \/>Govori, \u010dita i pi\u0161e njema\u010dki jezik, a slu\u017ei se engleskim i ruskim jezikom. <br \/>O\u017eenjen je i otac \u010detvero djece.<\/div>\n<p><strong>Klju\u010dne rije\u010di: <\/strong>Japan, kultura, gradovi, Toyota<\/p>\n<p><strong>LINK:<\/strong> <a href=\"http:\/\/www.fesb.hr\/~iveza\/\">Ivica Ve\u017ea<\/a><br \/><strong>E-MAIL:<\/strong> <a href=\"mailto:iveza@fesb.hr\">Ivica Ve\u017ea<\/a><br \/><strong>Naslov: <\/strong>Moja pisma iz Japana<br \/><strong>Autor: <\/strong>Ivica Ve\u017ea<br \/><strong>Broj stranica:<\/strong> 140<br \/><strong>Nakladnik:<\/strong> REDAK<br \/><strong>Godina izdanja:<\/strong> 2011<br \/><strong>ISBN:<\/strong> 978-953-7595-53-1<br \/><strong>Tisak:<\/strong> digitalni tisak knjiga &#8211; print na zahtjev<\/p>\n","protected":false},"excerpt":{"rendered":"<p>\u00a0 Sa\u017eetak: Za vrijeme jednog DAAAM kongresa u Be\u010du autor je upoznao Soemona, s njim krenuo u pri\u010du i pozitivno odgovorio na njegov poziv. Pisma su pisana za autorovog jednosemestralnog boravka kao gosta profesora na Sveu\u010dili\u0161tu u Nagoyi. Pisana su obi\u010dno subotom ujutro, u njegovom privremenom domu, uz kavu i melankoliju osame. Pisana su prijateljima [&hellip;]<\/p>\n","protected":false},"featured_media":7410,"comment_status":"open","ping_status":"closed","template":"","meta":{"_acf_changed":false},"product_brand":[],"product_cat":[1383,1385],"product_tag":[],"class_list":{"0":"post-7409","1":"product","2":"type-product","3":"status-publish","4":"has-post-thumbnail","6":"product_cat-knjige","7":"product_cat-knjizevnost","8":"pa_autor-ivica-veza","9":"pa_nakladnik-redak","11":"first","12":"instock","13":"shipping-taxable","14":"purchasable","15":"product-type-simple"},"acf":[],"yoast_head":"<!-- This site is optimized with the Yoast SEO plugin v27.3 - https:\/\/yoast.com\/product\/yoast-seo-wordpress\/ -->\n<title>Moja pisma iz Japana, Ivica Ve\u017ea - Web-knji\u017eara<\/title>\n<meta name=\"robots\" content=\"index, follow, max-snippet:-1, max-image-preview:large, max-video-preview:-1\" \/>\n<link rel=\"canonical\" href=\"https:\/\/webknjizara.hr\/proizvod\/moja-pisma-iz-japana-ivica-veza\/\" \/>\n<meta property=\"og:locale\" content=\"en_US\" \/>\n<meta property=\"og:type\" content=\"article\" \/>\n<meta property=\"og:title\" content=\"Moja pisma iz Japana, Ivica Ve\u017ea - Web-knji\u017eara\" \/>\n<meta property=\"og:description\" content=\"\u00a0 Sa\u017eetak: Za vrijeme jednog DAAAM kongresa u Be\u010du autor je upoznao Soemona, s njim krenuo u pri\u010du i pozitivno odgovorio na njegov poziv. Pisma su pisana za autorovog jednosemestralnog boravka kao gosta profesora na Sveu\u010dili\u0161tu u Nagoyi. Pisana su obi\u010dno subotom ujutro, u njegovom privremenom domu, uz kavu i melankoliju osame. Pisana su prijateljima [&hellip;]\" \/>\n<meta property=\"og:url\" content=\"https:\/\/webknjizara.hr\/proizvod\/moja-pisma-iz-japana-ivica-veza\/\" \/>\n<meta property=\"og:site_name\" content=\"Web-knji\u017eara\" \/>\n<meta property=\"article:modified_time\" content=\"2023-02-26T23:15:36+00:00\" \/>\n<meta property=\"og:image\" content=\"https:\/\/webknjizara.hr\/wp-content\/uploads\/nc\/images\/virtuemart\/product\/moja-pisma-iz-ja-4e0b1425306e3.jpg\" \/>\n\t<meta property=\"og:image:width\" content=\"620\" \/>\n\t<meta property=\"og:image:height\" content=\"877\" \/>\n\t<meta property=\"og:image:type\" content=\"image\/jpeg\" \/>\n<meta name=\"twitter:card\" content=\"summary_large_image\" \/>\n<meta name=\"twitter:label1\" content=\"Est. reading time\" \/>\n\t<meta name=\"twitter:data1\" content=\"3 minutes\" \/>\n<script type=\"application\/ld+json\" class=\"yoast-schema-graph\">{\"@context\":\"https:\\\/\\\/schema.org\",\"@graph\":[{\"@type\":\"WebPage\",\"@id\":\"https:\\\/\\\/webknjizara.hr\\\/proizvod\\\/moja-pisma-iz-japana-ivica-veza\\\/\",\"url\":\"https:\\\/\\\/webknjizara.hr\\\/proizvod\\\/moja-pisma-iz-japana-ivica-veza\\\/\",\"name\":\"Moja pisma iz Japana, Ivica Ve\u017ea - Web-knji\u017eara\",\"isPartOf\":{\"@id\":\"https:\\\/\\\/webknjizara.hr\\\/#website\"},\"primaryImageOfPage\":{\"@id\":\"https:\\\/\\\/webknjizara.hr\\\/proizvod\\\/moja-pisma-iz-japana-ivica-veza\\\/#primaryimage\"},\"image\":{\"@id\":\"https:\\\/\\\/webknjizara.hr\\\/proizvod\\\/moja-pisma-iz-japana-ivica-veza\\\/#primaryimage\"},\"thumbnailUrl\":\"https:\\\/\\\/webknjizara.hr\\\/wp-content\\\/uploads\\\/nc\\\/images\\\/virtuemart\\\/product\\\/moja-pisma-iz-ja-4e0b1425306e3.jpg\",\"datePublished\":\"2011-06-29T12:01:41+00:00\",\"dateModified\":\"2023-02-26T23:15:36+00:00\",\"breadcrumb\":{\"@id\":\"https:\\\/\\\/webknjizara.hr\\\/proizvod\\\/moja-pisma-iz-japana-ivica-veza\\\/#breadcrumb\"},\"inLanguage\":\"en-US\",\"potentialAction\":[{\"@type\":\"ReadAction\",\"target\":[\"https:\\\/\\\/webknjizara.hr\\\/proizvod\\\/moja-pisma-iz-japana-ivica-veza\\\/\"]}]},{\"@type\":\"ImageObject\",\"inLanguage\":\"en-US\",\"@id\":\"https:\\\/\\\/webknjizara.hr\\\/proizvod\\\/moja-pisma-iz-japana-ivica-veza\\\/#primaryimage\",\"url\":\"https:\\\/\\\/webknjizara.hr\\\/wp-content\\\/uploads\\\/nc\\\/images\\\/virtuemart\\\/product\\\/moja-pisma-iz-ja-4e0b1425306e3.jpg\",\"contentUrl\":\"https:\\\/\\\/webknjizara.hr\\\/wp-content\\\/uploads\\\/nc\\\/images\\\/virtuemart\\\/product\\\/moja-pisma-iz-ja-4e0b1425306e3.jpg\",\"width\":620,\"height\":877,\"caption\":\"Moja pisma iz Japana, Ivica Ve\u017ea\"},{\"@type\":\"BreadcrumbList\",\"@id\":\"https:\\\/\\\/webknjizara.hr\\\/proizvod\\\/moja-pisma-iz-japana-ivica-veza\\\/#breadcrumb\",\"itemListElement\":[{\"@type\":\"ListItem\",\"position\":1,\"name\":\"Po\u010detna stranica\",\"item\":\"https:\\\/\\\/webknjizara.hr\\\/en\\\/\"},{\"@type\":\"ListItem\",\"position\":2,\"name\":\"Shop\",\"item\":\"https:\\\/\\\/webknjizara.hr\\\/shop\\\/\"},{\"@type\":\"ListItem\",\"position\":3,\"name\":\"Moja pisma iz Japana, Ivica Ve\u017ea\"}]},{\"@type\":\"WebSite\",\"@id\":\"https:\\\/\\\/webknjizara.hr\\\/#website\",\"url\":\"https:\\\/\\\/webknjizara.hr\\\/\",\"name\":\"Web Knji\u017eara\",\"description\":\"\",\"publisher\":{\"@id\":\"https:\\\/\\\/webknjizara.hr\\\/#organization\"},\"potentialAction\":[{\"@type\":\"SearchAction\",\"target\":{\"@type\":\"EntryPoint\",\"urlTemplate\":\"https:\\\/\\\/webknjizara.hr\\\/?s={search_term_string}\"},\"query-input\":{\"@type\":\"PropertyValueSpecification\",\"valueRequired\":true,\"valueName\":\"search_term_string\"}}],\"inLanguage\":\"en-US\"},{\"@type\":\"Organization\",\"@id\":\"https:\\\/\\\/webknjizara.hr\\\/#organization\",\"name\":\"REDAK D.O.O.\",\"url\":\"https:\\\/\\\/webknjizara.hr\\\/\",\"logo\":{\"@type\":\"ImageObject\",\"inLanguage\":\"en-US\",\"@id\":\"https:\\\/\\\/webknjizara.hr\\\/#\\\/schema\\\/logo\\\/image\\\/\",\"url\":\"https:\\\/\\\/webknjizara.hr\\\/wp-content\\\/uploads\\\/2023\\\/01\\\/web-knjizara-logo.webp\",\"contentUrl\":\"https:\\\/\\\/webknjizara.hr\\\/wp-content\\\/uploads\\\/2023\\\/01\\\/web-knjizara-logo.webp\",\"width\":324,\"height\":79,\"caption\":\"REDAK D.O.O.\"},\"image\":{\"@id\":\"https:\\\/\\\/webknjizara.hr\\\/#\\\/schema\\\/logo\\\/image\\\/\"}}]}<\/script>\n<!-- \/ Yoast SEO plugin. -->","yoast_head_json":{"title":"Moja pisma iz Japana, Ivica Ve\u017ea - Web-knji\u017eara","robots":{"index":"index","follow":"follow","max-snippet":"max-snippet:-1","max-image-preview":"max-image-preview:large","max-video-preview":"max-video-preview:-1"},"canonical":"https:\/\/webknjizara.hr\/proizvod\/moja-pisma-iz-japana-ivica-veza\/","og_locale":"en_US","og_type":"article","og_title":"Moja pisma iz Japana, Ivica Ve\u017ea - Web-knji\u017eara","og_description":"\u00a0 Sa\u017eetak: Za vrijeme jednog DAAAM kongresa u Be\u010du autor je upoznao Soemona, s njim krenuo u pri\u010du i pozitivno odgovorio na njegov poziv. Pisma su pisana za autorovog jednosemestralnog boravka kao gosta profesora na Sveu\u010dili\u0161tu u Nagoyi. Pisana su obi\u010dno subotom ujutro, u njegovom privremenom domu, uz kavu i melankoliju osame. Pisana su prijateljima [&hellip;]","og_url":"https:\/\/webknjizara.hr\/proizvod\/moja-pisma-iz-japana-ivica-veza\/","og_site_name":"Web-knji\u017eara","article_modified_time":"2023-02-26T23:15:36+00:00","og_image":[{"width":620,"height":877,"url":"https:\/\/webknjizara.hr\/wp-content\/uploads\/nc\/images\/virtuemart\/product\/moja-pisma-iz-ja-4e0b1425306e3.jpg","type":"image\/jpeg"}],"twitter_card":"summary_large_image","twitter_misc":{"Est. reading time":"3 minutes"},"schema":{"@context":"https:\/\/schema.org","@graph":[{"@type":"WebPage","@id":"https:\/\/webknjizara.hr\/proizvod\/moja-pisma-iz-japana-ivica-veza\/","url":"https:\/\/webknjizara.hr\/proizvod\/moja-pisma-iz-japana-ivica-veza\/","name":"Moja pisma iz Japana, Ivica Ve\u017ea - Web-knji\u017eara","isPartOf":{"@id":"https:\/\/webknjizara.hr\/#website"},"primaryImageOfPage":{"@id":"https:\/\/webknjizara.hr\/proizvod\/moja-pisma-iz-japana-ivica-veza\/#primaryimage"},"image":{"@id":"https:\/\/webknjizara.hr\/proizvod\/moja-pisma-iz-japana-ivica-veza\/#primaryimage"},"thumbnailUrl":"https:\/\/webknjizara.hr\/wp-content\/uploads\/nc\/images\/virtuemart\/product\/moja-pisma-iz-ja-4e0b1425306e3.jpg","datePublished":"2011-06-29T12:01:41+00:00","dateModified":"2023-02-26T23:15:36+00:00","breadcrumb":{"@id":"https:\/\/webknjizara.hr\/proizvod\/moja-pisma-iz-japana-ivica-veza\/#breadcrumb"},"inLanguage":"en-US","potentialAction":[{"@type":"ReadAction","target":["https:\/\/webknjizara.hr\/proizvod\/moja-pisma-iz-japana-ivica-veza\/"]}]},{"@type":"ImageObject","inLanguage":"en-US","@id":"https:\/\/webknjizara.hr\/proizvod\/moja-pisma-iz-japana-ivica-veza\/#primaryimage","url":"https:\/\/webknjizara.hr\/wp-content\/uploads\/nc\/images\/virtuemart\/product\/moja-pisma-iz-ja-4e0b1425306e3.jpg","contentUrl":"https:\/\/webknjizara.hr\/wp-content\/uploads\/nc\/images\/virtuemart\/product\/moja-pisma-iz-ja-4e0b1425306e3.jpg","width":620,"height":877,"caption":"Moja pisma iz Japana, Ivica Ve\u017ea"},{"@type":"BreadcrumbList","@id":"https:\/\/webknjizara.hr\/proizvod\/moja-pisma-iz-japana-ivica-veza\/#breadcrumb","itemListElement":[{"@type":"ListItem","position":1,"name":"Po\u010detna stranica","item":"https:\/\/webknjizara.hr\/en\/"},{"@type":"ListItem","position":2,"name":"Shop","item":"https:\/\/webknjizara.hr\/shop\/"},{"@type":"ListItem","position":3,"name":"Moja pisma iz Japana, Ivica Ve\u017ea"}]},{"@type":"WebSite","@id":"https:\/\/webknjizara.hr\/#website","url":"https:\/\/webknjizara.hr\/","name":"Web Knji\u017eara","description":"","publisher":{"@id":"https:\/\/webknjizara.hr\/#organization"},"potentialAction":[{"@type":"SearchAction","target":{"@type":"EntryPoint","urlTemplate":"https:\/\/webknjizara.hr\/?s={search_term_string}"},"query-input":{"@type":"PropertyValueSpecification","valueRequired":true,"valueName":"search_term_string"}}],"inLanguage":"en-US"},{"@type":"Organization","@id":"https:\/\/webknjizara.hr\/#organization","name":"REDAK D.O.O.","url":"https:\/\/webknjizara.hr\/","logo":{"@type":"ImageObject","inLanguage":"en-US","@id":"https:\/\/webknjizara.hr\/#\/schema\/logo\/image\/","url":"https:\/\/webknjizara.hr\/wp-content\/uploads\/2023\/01\/web-knjizara-logo.webp","contentUrl":"https:\/\/webknjizara.hr\/wp-content\/uploads\/2023\/01\/web-knjizara-logo.webp","width":324,"height":79,"caption":"REDAK D.O.O."},"image":{"@id":"https:\/\/webknjizara.hr\/#\/schema\/logo\/image\/"}}]}},"_links":{"self":[{"href":"https:\/\/webknjizara.hr\/en\/wp-json\/wp\/v2\/product\/7409","targetHints":{"allow":["GET"]}}],"collection":[{"href":"https:\/\/webknjizara.hr\/en\/wp-json\/wp\/v2\/product"}],"about":[{"href":"https:\/\/webknjizara.hr\/en\/wp-json\/wp\/v2\/types\/product"}],"replies":[{"embeddable":true,"href":"https:\/\/webknjizara.hr\/en\/wp-json\/wp\/v2\/comments?post=7409"}],"wp:featuredmedia":[{"embeddable":true,"href":"https:\/\/webknjizara.hr\/en\/wp-json\/wp\/v2\/media\/7410"}],"wp:attachment":[{"href":"https:\/\/webknjizara.hr\/en\/wp-json\/wp\/v2\/media?parent=7409"}],"wp:term":[{"taxonomy":"product_brand","embeddable":true,"href":"https:\/\/webknjizara.hr\/en\/wp-json\/wp\/v2\/product_brand?post=7409"},{"taxonomy":"product_cat","embeddable":true,"href":"https:\/\/webknjizara.hr\/en\/wp-json\/wp\/v2\/product_cat?post=7409"},{"taxonomy":"product_tag","embeddable":true,"href":"https:\/\/webknjizara.hr\/en\/wp-json\/wp\/v2\/product_tag?post=7409"}],"curies":[{"name":"wp","href":"https:\/\/api.w.org\/{rel}","templated":true}]}}