{"id":7405,"date":"2011-06-15T10:58:33","date_gmt":"2011-06-15T10:58:33","guid":{"rendered":"https:\/\/webknjizara.hr\/?product=repka-u-beskrajnim-dubinama-mora-tatjana-udovic"},"modified":"2023-02-27T00:15:35","modified_gmt":"2023-02-26T23:15:35","slug":"repka-u-beskrajnim-dubinama-mora-tatjana-udovic","status":"publish","type":"product","link":"https:\/\/webknjizara.hr\/en\/proizvod\/repka-u-beskrajnim-dubinama-mora-tatjana-udovic\/","title":{"rendered":"REPKA U BESKRAJNIM DUBINAMA MORA, Tatjana Udovi\u0107"},"content":{"rendered":"<p>\u00a0<\/p>\n<p><strong>Sa\u017eetak:<\/strong><\/p>\n<div style=\"text-align: justify;\"><em>\u201eRepka u beskrajnim dubinama mora\u201c ma\u0161tovita je bajka o podmorskom svijetu. Jedan od stanovnika je mala riba, velikog repa i stoga imenom Repka. Naoko se od stanovnika morskag prostranstva razlikuje glomazno\u0161\u0107u svoga repa, ali njena posebnost\u00a0 je u tome \u0161to je ona spremna za duhovne vrijednosti \u017ertvovati svoj \u017eivot. Na\u010din na koji to iskazuje do\u017eivljaj je koji \u0107e svakog \u010ditaoca dirnuti u du\u0161u. <br \/> \u201eRepka u dubini mora\u201c, pisana proznim stilom, nije tek bajka za uspavljivanje djece ve\u0107 za osvite njihovih du\u0161a. Njeguju\u0107i tako djecu odrasli stvaraju bolji svijet. Svaki pojedinac mo\u017ee tome doprinijeti na svoj na\u010din. Spisateljica Tatjana Udovi\u0107 preta\u010de svoj plemeniti duh u pisanu rije\u010d i time ostvaruje putovanje boljem sutra. I \u010ditaoc \u2013 kre\u0107e s njom na taj \u010dudesni put!\u00a0 <br \/>Tatjani Udovi\u0107 stoga zahvaljujemo na ovoj bajci i ve\u0107 sljede\u0107oj koju \u0107e nam ispisati vilinskim perom s ljubavlju<\/em><br \/> <em>&#8211; \u00a0 Tatjana Jedri\u0161ko Pan\u010delat<\/em><\/div>\n<p>\u00a0<\/p>\n<p><strong>Bilje\u0161ka o autorici: <\/strong><\/p>\n<div style=\"text-align: justify;\"><strong>Tatjana Udovi\u0107<\/strong> (Rijeka, 11. 3. 1983.) mlada je novinarka i spisateljica s Marini\u0107a, op\u0107ina Vi\u0161kovo. Vrlo rano pokazuje zanimanje i talent za literarno stvarala\u0161tvo. U osnovnoj i srednjoj \u0161koli redovito sudjeluje u\u00a0 novinarskim i literarnim grupama, kao i na\u00a0 natje\u010dajima, od kojih se posebno isti\u010du Susreti mladih umjetnika &#8220;\u010cakav\u010di\u0107i pul Ronjgi&#8221;. <br \/> Poha\u0111ala je O\u0161 &#8220;Sveti Matej&#8221; u Vi\u0161kovu i srednju Hotelijersko-turisti\u010dku \u0161kolu u Opatiji te se do\u0161kolovala za web-dizajnericu pri Veleu\u010dili\u0161tu u Rijeci, za turisti\u010dku animatoricu\u00a0 pri Fakultetu za turisti\u010dki i hotelijerski menad\u017ement, a kao turisti\u010dka animatorica je vi\u0161e godina i radila.<br \/>Trenutno je studentica kulturologije na Filozofskom fakultetu u Rijeci.<br \/>Sa \u0161esnaest godina postala je najmla\u0111a dopisnica rubrike &#8220;Beseda&#8221; u uglednim dnevnim novinama &#8220;Novi list&#8221;. Tatjana Udovi\u0107 pi\u0161e jo\u0161 i crtice, vijesti, objave i intervjue za &#8220;Glasnik Op\u0107ine Vi\u0161kovo&#8221;, kao i za mnoge internetske stranice. Od 2010. godine pi\u0161e i za List \u201eKvarnerina\u201c.<br \/>\u010clanica je Hrvatskog knji\u017eevnog dru\u0161tva, Ogranka Matice hrvatske u Vi\u0161kovu i \u010cakavske katedre &#8211; Ronjgi u sklopu kojih sudjeluje na raznim knji\u017eevnim i poetskim ve\u010derima, kao i u samoj organizaciji istih. <br \/>2007. godine izdan je njen prvi roman za mlade Triesduja. 2008. izlazi i njen drugi roman Ludilo\u00a0 koji se tako\u0111er bavi problematikom mladih.<br \/>Oba su romana vrlo dobro prihva\u0107ena od mla\u0111e i starije publike te se redovito odr\u017eavaju promocije po osnovnim i srednjim \u0161kolama te u\u010deni\u010dkim domovima i knji\u017enicama.<br \/>Kroz svoj literarni rad Tatjana Udovi\u0107 najvi\u0161e zanimanja pokazuje za mlade i djecu. Mnogo vremena provodi sa svojim malim ne\u0107acima, koji su je na neki na\u010din vratili u svijet dje\u010dje ma\u0161te i zaigranosti. Iz tog izvori\u0161ta nastale su bajke Plavobradi \u010darobnjak (2009.) te Vjerkina pekara (2009.) koje nam kao i sve bajke na jednostavan na\u010din prenose vrijedne \u017eivotne pouke. 2010. izlazi i njena prva bajka na \u010dakav\u0161tini Ro\u017eica va koloreh mavrice. Ve\u0107 sljede\u0107e godine, 2011., izlazi nova bajka Repka u nebeskim dubinama mora.<br \/>S bajkama za djecu Tatjana tijekom \u0161kolske godina odr\u017eava knji\u017eevne radionice i susrete u dje\u010djim vrti\u0107ima, osnovnim \u0161kolama i knji\u017enicama \u010dime kod mla\u0111e djece budi osje\u0107aj za stvarala\u0161tvo, pisanu rije\u010d i kulturu.<br \/> 2011.godine iza\u0161la je i knjiga koja svjedo\u010di o nekada\u0161njem \u017eivljenju \u017eena s podru\u010dja Kastav\u0161tine, \u201eMlekarice\u201c autorica Jadranke Cetina i Du\u0161e Slosar Cernjar, a \u010dija je Tatjana suautorica.<br \/>Sa svojim djelima Tatjana je sudjelovala u humanitarnim akcijama: Snjeguljica u srcu 2008. &#8211; za djecu oboljelu od autizma, Bo\u017ei\u0107na revija 2009. \u2013 za Dom I.B.Ma\u017eurani\u0107, Hip-hop za Edina 2010.<\/div>\n<div style=\"text-align: justify;\"><\/div>\n<p><strong>Link:<\/strong> <a href=\"http:\/\/www.tatjanaudovic.com\">Tatjana Udovi\u0107<\/a><br \/><strong>E-mail:<\/strong> <a href=\"mailto:info@tatjanaudovic.com\">Tatjana Udovi\u0107<\/a><\/p>\n<p><strong>Naslov:<\/strong> Repka u beskrajnim dubinama mora<br \/><strong>Autor:<\/strong> Tatjana Udovi\u0107<br \/><strong>Broj stranica:<\/strong> 8<br \/><strong>Nakladnik:<\/strong> REDAK<br \/><strong>Godina izdanja:<\/strong> 2011.<br \/><strong>ISBN:<\/strong> 978-953-7595-46-3<br \/><strong>Tisak:<\/strong> digitalni tisak knjiga &#8211; print na zahtjev<\/p>\n","protected":false},"excerpt":{"rendered":"<p>\u00a0 Sa\u017eetak: \u201eRepka u beskrajnim dubinama mora\u201c ma\u0161tovita je bajka o podmorskom svijetu. Jedan od stanovnika je mala riba, velikog repa i stoga imenom Repka. Naoko se od stanovnika morskag prostranstva razlikuje glomazno\u0161\u0107u svoga repa, ali njena posebnost\u00a0 je u tome \u0161to je ona spremna za duhovne vrijednosti \u017ertvovati svoj \u017eivot. Na\u010din na koji to [&hellip;]<\/p>\n","protected":false},"featured_media":7406,"comment_status":"open","ping_status":"closed","template":"","meta":{"_acf_changed":false},"product_brand":[],"product_cat":[1383,1385],"product_tag":[],"class_list":{"0":"post-7405","1":"product","2":"type-product","3":"status-publish","4":"has-post-thumbnail","6":"product_cat-knjige","7":"product_cat-knjizevnost","8":"pa_autor-tatjana-udovic","9":"pa_nakladnik-redak","11":"first","12":"instock","13":"shipping-taxable","14":"purchasable","15":"product-type-simple"},"acf":[],"yoast_head":"<!-- This site is optimized with the Yoast SEO plugin v27.3 - https:\/\/yoast.com\/product\/yoast-seo-wordpress\/ -->\n<title>REPKA U BESKRAJNIM DUBINAMA MORA, Tatjana Udovi\u0107 - Web-knji\u017eara<\/title>\n<meta name=\"robots\" content=\"index, follow, max-snippet:-1, max-image-preview:large, max-video-preview:-1\" \/>\n<link rel=\"canonical\" href=\"https:\/\/webknjizara.hr\/proizvod\/repka-u-beskrajnim-dubinama-mora-tatjana-udovic\/\" \/>\n<meta property=\"og:locale\" content=\"en_US\" \/>\n<meta property=\"og:type\" content=\"article\" \/>\n<meta property=\"og:title\" content=\"REPKA U BESKRAJNIM DUBINAMA MORA, Tatjana Udovi\u0107 - Web-knji\u017eara\" \/>\n<meta property=\"og:description\" content=\"\u00a0 Sa\u017eetak: \u201eRepka u beskrajnim dubinama mora\u201c ma\u0161tovita je bajka o podmorskom svijetu. Jedan od stanovnika je mala riba, velikog repa i stoga imenom Repka. Naoko se od stanovnika morskag prostranstva razlikuje glomazno\u0161\u0107u svoga repa, ali njena posebnost\u00a0 je u tome \u0161to je ona spremna za duhovne vrijednosti \u017ertvovati svoj \u017eivot. Na\u010din na koji to [&hellip;]\" \/>\n<meta property=\"og:url\" content=\"https:\/\/webknjizara.hr\/proizvod\/repka-u-beskrajnim-dubinama-mora-tatjana-udovic\/\" \/>\n<meta property=\"og:site_name\" content=\"Web-knji\u017eara\" \/>\n<meta property=\"article:modified_time\" content=\"2023-02-26T23:15:35+00:00\" \/>\n<meta property=\"og:image\" content=\"https:\/\/webknjizara.hr\/wp-content\/uploads\/nc\/images\/virtuemart\/product\/repka-u-beskrajn-4df8905977b45.jpg\" \/>\n\t<meta property=\"og:image:width\" content=\"283\" \/>\n\t<meta property=\"og:image:height\" content=\"400\" \/>\n\t<meta property=\"og:image:type\" content=\"image\/jpeg\" \/>\n<meta name=\"twitter:card\" content=\"summary_large_image\" \/>\n<meta name=\"twitter:label1\" content=\"Est. reading time\" \/>\n\t<meta name=\"twitter:data1\" content=\"3 minutes\" \/>\n<script type=\"application\/ld+json\" class=\"yoast-schema-graph\">{\"@context\":\"https:\\\/\\\/schema.org\",\"@graph\":[{\"@type\":\"WebPage\",\"@id\":\"https:\\\/\\\/webknjizara.hr\\\/proizvod\\\/repka-u-beskrajnim-dubinama-mora-tatjana-udovic\\\/\",\"url\":\"https:\\\/\\\/webknjizara.hr\\\/proizvod\\\/repka-u-beskrajnim-dubinama-mora-tatjana-udovic\\\/\",\"name\":\"REPKA U BESKRAJNIM DUBINAMA MORA, Tatjana Udovi\u0107 - Web-knji\u017eara\",\"isPartOf\":{\"@id\":\"https:\\\/\\\/webknjizara.hr\\\/#website\"},\"primaryImageOfPage\":{\"@id\":\"https:\\\/\\\/webknjizara.hr\\\/proizvod\\\/repka-u-beskrajnim-dubinama-mora-tatjana-udovic\\\/#primaryimage\"},\"image\":{\"@id\":\"https:\\\/\\\/webknjizara.hr\\\/proizvod\\\/repka-u-beskrajnim-dubinama-mora-tatjana-udovic\\\/#primaryimage\"},\"thumbnailUrl\":\"https:\\\/\\\/webknjizara.hr\\\/wp-content\\\/uploads\\\/nc\\\/images\\\/virtuemart\\\/product\\\/repka-u-beskrajn-4df8905977b45.jpg\",\"datePublished\":\"2011-06-15T10:58:33+00:00\",\"dateModified\":\"2023-02-26T23:15:35+00:00\",\"breadcrumb\":{\"@id\":\"https:\\\/\\\/webknjizara.hr\\\/proizvod\\\/repka-u-beskrajnim-dubinama-mora-tatjana-udovic\\\/#breadcrumb\"},\"inLanguage\":\"en-US\",\"potentialAction\":[{\"@type\":\"ReadAction\",\"target\":[\"https:\\\/\\\/webknjizara.hr\\\/proizvod\\\/repka-u-beskrajnim-dubinama-mora-tatjana-udovic\\\/\"]}]},{\"@type\":\"ImageObject\",\"inLanguage\":\"en-US\",\"@id\":\"https:\\\/\\\/webknjizara.hr\\\/proizvod\\\/repka-u-beskrajnim-dubinama-mora-tatjana-udovic\\\/#primaryimage\",\"url\":\"https:\\\/\\\/webknjizara.hr\\\/wp-content\\\/uploads\\\/nc\\\/images\\\/virtuemart\\\/product\\\/repka-u-beskrajn-4df8905977b45.jpg\",\"contentUrl\":\"https:\\\/\\\/webknjizara.hr\\\/wp-content\\\/uploads\\\/nc\\\/images\\\/virtuemart\\\/product\\\/repka-u-beskrajn-4df8905977b45.jpg\",\"width\":283,\"height\":400,\"caption\":\"REPKA U BESKRAJNIM DUBINAMA MORA, Tatjana Udovi\u0107\"},{\"@type\":\"BreadcrumbList\",\"@id\":\"https:\\\/\\\/webknjizara.hr\\\/proizvod\\\/repka-u-beskrajnim-dubinama-mora-tatjana-udovic\\\/#breadcrumb\",\"itemListElement\":[{\"@type\":\"ListItem\",\"position\":1,\"name\":\"Po\u010detna stranica\",\"item\":\"https:\\\/\\\/webknjizara.hr\\\/en\\\/\"},{\"@type\":\"ListItem\",\"position\":2,\"name\":\"Shop\",\"item\":\"https:\\\/\\\/webknjizara.hr\\\/shop\\\/\"},{\"@type\":\"ListItem\",\"position\":3,\"name\":\"REPKA U BESKRAJNIM DUBINAMA MORA, Tatjana Udovi\u0107\"}]},{\"@type\":\"WebSite\",\"@id\":\"https:\\\/\\\/webknjizara.hr\\\/#website\",\"url\":\"https:\\\/\\\/webknjizara.hr\\\/\",\"name\":\"Web Knji\u017eara\",\"description\":\"\",\"publisher\":{\"@id\":\"https:\\\/\\\/webknjizara.hr\\\/#organization\"},\"potentialAction\":[{\"@type\":\"SearchAction\",\"target\":{\"@type\":\"EntryPoint\",\"urlTemplate\":\"https:\\\/\\\/webknjizara.hr\\\/?s={search_term_string}\"},\"query-input\":{\"@type\":\"PropertyValueSpecification\",\"valueRequired\":true,\"valueName\":\"search_term_string\"}}],\"inLanguage\":\"en-US\"},{\"@type\":\"Organization\",\"@id\":\"https:\\\/\\\/webknjizara.hr\\\/#organization\",\"name\":\"REDAK D.O.O.\",\"url\":\"https:\\\/\\\/webknjizara.hr\\\/\",\"logo\":{\"@type\":\"ImageObject\",\"inLanguage\":\"en-US\",\"@id\":\"https:\\\/\\\/webknjizara.hr\\\/#\\\/schema\\\/logo\\\/image\\\/\",\"url\":\"https:\\\/\\\/webknjizara.hr\\\/wp-content\\\/uploads\\\/2023\\\/01\\\/web-knjizara-logo.webp\",\"contentUrl\":\"https:\\\/\\\/webknjizara.hr\\\/wp-content\\\/uploads\\\/2023\\\/01\\\/web-knjizara-logo.webp\",\"width\":324,\"height\":79,\"caption\":\"REDAK D.O.O.\"},\"image\":{\"@id\":\"https:\\\/\\\/webknjizara.hr\\\/#\\\/schema\\\/logo\\\/image\\\/\"}}]}<\/script>\n<!-- \/ Yoast SEO plugin. -->","yoast_head_json":{"title":"REPKA U BESKRAJNIM DUBINAMA MORA, Tatjana Udovi\u0107 - Web-knji\u017eara","robots":{"index":"index","follow":"follow","max-snippet":"max-snippet:-1","max-image-preview":"max-image-preview:large","max-video-preview":"max-video-preview:-1"},"canonical":"https:\/\/webknjizara.hr\/proizvod\/repka-u-beskrajnim-dubinama-mora-tatjana-udovic\/","og_locale":"en_US","og_type":"article","og_title":"REPKA U BESKRAJNIM DUBINAMA MORA, Tatjana Udovi\u0107 - Web-knji\u017eara","og_description":"\u00a0 Sa\u017eetak: \u201eRepka u beskrajnim dubinama mora\u201c ma\u0161tovita je bajka o podmorskom svijetu. Jedan od stanovnika je mala riba, velikog repa i stoga imenom Repka. Naoko se od stanovnika morskag prostranstva razlikuje glomazno\u0161\u0107u svoga repa, ali njena posebnost\u00a0 je u tome \u0161to je ona spremna za duhovne vrijednosti \u017ertvovati svoj \u017eivot. Na\u010din na koji to [&hellip;]","og_url":"https:\/\/webknjizara.hr\/proizvod\/repka-u-beskrajnim-dubinama-mora-tatjana-udovic\/","og_site_name":"Web-knji\u017eara","article_modified_time":"2023-02-26T23:15:35+00:00","og_image":[{"width":283,"height":400,"url":"https:\/\/webknjizara.hr\/wp-content\/uploads\/nc\/images\/virtuemart\/product\/repka-u-beskrajn-4df8905977b45.jpg","type":"image\/jpeg"}],"twitter_card":"summary_large_image","twitter_misc":{"Est. reading time":"3 minutes"},"schema":{"@context":"https:\/\/schema.org","@graph":[{"@type":"WebPage","@id":"https:\/\/webknjizara.hr\/proizvod\/repka-u-beskrajnim-dubinama-mora-tatjana-udovic\/","url":"https:\/\/webknjizara.hr\/proizvod\/repka-u-beskrajnim-dubinama-mora-tatjana-udovic\/","name":"REPKA U BESKRAJNIM DUBINAMA MORA, Tatjana Udovi\u0107 - Web-knji\u017eara","isPartOf":{"@id":"https:\/\/webknjizara.hr\/#website"},"primaryImageOfPage":{"@id":"https:\/\/webknjizara.hr\/proizvod\/repka-u-beskrajnim-dubinama-mora-tatjana-udovic\/#primaryimage"},"image":{"@id":"https:\/\/webknjizara.hr\/proizvod\/repka-u-beskrajnim-dubinama-mora-tatjana-udovic\/#primaryimage"},"thumbnailUrl":"https:\/\/webknjizara.hr\/wp-content\/uploads\/nc\/images\/virtuemart\/product\/repka-u-beskrajn-4df8905977b45.jpg","datePublished":"2011-06-15T10:58:33+00:00","dateModified":"2023-02-26T23:15:35+00:00","breadcrumb":{"@id":"https:\/\/webknjizara.hr\/proizvod\/repka-u-beskrajnim-dubinama-mora-tatjana-udovic\/#breadcrumb"},"inLanguage":"en-US","potentialAction":[{"@type":"ReadAction","target":["https:\/\/webknjizara.hr\/proizvod\/repka-u-beskrajnim-dubinama-mora-tatjana-udovic\/"]}]},{"@type":"ImageObject","inLanguage":"en-US","@id":"https:\/\/webknjizara.hr\/proizvod\/repka-u-beskrajnim-dubinama-mora-tatjana-udovic\/#primaryimage","url":"https:\/\/webknjizara.hr\/wp-content\/uploads\/nc\/images\/virtuemart\/product\/repka-u-beskrajn-4df8905977b45.jpg","contentUrl":"https:\/\/webknjizara.hr\/wp-content\/uploads\/nc\/images\/virtuemart\/product\/repka-u-beskrajn-4df8905977b45.jpg","width":283,"height":400,"caption":"REPKA U BESKRAJNIM DUBINAMA MORA, Tatjana Udovi\u0107"},{"@type":"BreadcrumbList","@id":"https:\/\/webknjizara.hr\/proizvod\/repka-u-beskrajnim-dubinama-mora-tatjana-udovic\/#breadcrumb","itemListElement":[{"@type":"ListItem","position":1,"name":"Po\u010detna stranica","item":"https:\/\/webknjizara.hr\/en\/"},{"@type":"ListItem","position":2,"name":"Shop","item":"https:\/\/webknjizara.hr\/shop\/"},{"@type":"ListItem","position":3,"name":"REPKA U BESKRAJNIM DUBINAMA MORA, Tatjana Udovi\u0107"}]},{"@type":"WebSite","@id":"https:\/\/webknjizara.hr\/#website","url":"https:\/\/webknjizara.hr\/","name":"Web Knji\u017eara","description":"","publisher":{"@id":"https:\/\/webknjizara.hr\/#organization"},"potentialAction":[{"@type":"SearchAction","target":{"@type":"EntryPoint","urlTemplate":"https:\/\/webknjizara.hr\/?s={search_term_string}"},"query-input":{"@type":"PropertyValueSpecification","valueRequired":true,"valueName":"search_term_string"}}],"inLanguage":"en-US"},{"@type":"Organization","@id":"https:\/\/webknjizara.hr\/#organization","name":"REDAK D.O.O.","url":"https:\/\/webknjizara.hr\/","logo":{"@type":"ImageObject","inLanguage":"en-US","@id":"https:\/\/webknjizara.hr\/#\/schema\/logo\/image\/","url":"https:\/\/webknjizara.hr\/wp-content\/uploads\/2023\/01\/web-knjizara-logo.webp","contentUrl":"https:\/\/webknjizara.hr\/wp-content\/uploads\/2023\/01\/web-knjizara-logo.webp","width":324,"height":79,"caption":"REDAK D.O.O."},"image":{"@id":"https:\/\/webknjizara.hr\/#\/schema\/logo\/image\/"}}]}},"_links":{"self":[{"href":"https:\/\/webknjizara.hr\/en\/wp-json\/wp\/v2\/product\/7405","targetHints":{"allow":["GET"]}}],"collection":[{"href":"https:\/\/webknjizara.hr\/en\/wp-json\/wp\/v2\/product"}],"about":[{"href":"https:\/\/webknjizara.hr\/en\/wp-json\/wp\/v2\/types\/product"}],"replies":[{"embeddable":true,"href":"https:\/\/webknjizara.hr\/en\/wp-json\/wp\/v2\/comments?post=7405"}],"wp:featuredmedia":[{"embeddable":true,"href":"https:\/\/webknjizara.hr\/en\/wp-json\/wp\/v2\/media\/7406"}],"wp:attachment":[{"href":"https:\/\/webknjizara.hr\/en\/wp-json\/wp\/v2\/media?parent=7405"}],"wp:term":[{"taxonomy":"product_brand","embeddable":true,"href":"https:\/\/webknjizara.hr\/en\/wp-json\/wp\/v2\/product_brand?post=7405"},{"taxonomy":"product_cat","embeddable":true,"href":"https:\/\/webknjizara.hr\/en\/wp-json\/wp\/v2\/product_cat?post=7405"},{"taxonomy":"product_tag","embeddable":true,"href":"https:\/\/webknjizara.hr\/en\/wp-json\/wp\/v2\/product_tag?post=7405"}],"curies":[{"name":"wp","href":"https:\/\/api.w.org\/{rel}","templated":true}]}}