{"id":7403,"date":"2011-06-15T10:47:37","date_gmt":"2011-06-15T10:47:37","guid":{"rendered":"https:\/\/webknjizara.hr\/?product=pustolovni-zivot-gorana-filipovica-i-dio-ante-majic"},"modified":"2023-02-27T00:15:35","modified_gmt":"2023-02-26T23:15:35","slug":"pustolovni-zivot-gorana-filipovica-i-dio-ante-majic","status":"publish","type":"product","link":"https:\/\/webknjizara.hr\/en\/proizvod\/pustolovni-zivot-gorana-filipovica-i-dio-ante-majic\/","title":{"rendered":"PUSTOLOVNI \u017dIVOT GORANA FILIPOVI\u0106A &#8211; I. DIO, Ante Maji\u0107"},"content":{"rendered":"<p>\u00a0<\/p>\n<p><strong>Sa\u017eetak:<\/strong><\/p>\n<div style=\"text-align: justify;\">Ovaj roman bavi se djetinjstvom i odrastanjem Gorana, dje\u010daka u provincijskom okru\u017eenju s mno\u0161tvom dje\u010da\u010dkih pustolovina (gradnja brane, formiranje dru\u017eine, susret s \u010dlanovima kriminalne skupine, njihovo hvatanje i privo\u0111enje), smrt oca i odlazak na \u0161kolovanje koji opisuju naglo sazrijevanje dje\u010daka. Razvijena fabula romana odvija se u veselom, pitoresknom seoskom ambijentu s mno\u0161tvom zanimljivih doga\u0111anja i predstavlja period u \u017eivotu dje\u010daka s jasnom i pou\u010dnom porukom na kraju pri\u010de. Skori nastavak ovog romana mo\u017eemo ubrzo o\u010dekivati.<\/div>\n<p><strong>Bilje\u0161ka o autoru:<\/strong><\/p>\n<div style=\"text-align: justify;\">Ante Maji\u0107 ro\u0111en je 13. listopada 1977. godine u Imotskom. <br \/>Srednju kemijsko-tehni\u010dku \u0161kolu zavr\u0161io u Imotskom, diplomirao na Visokoj policijskoj \u0161koli te stekao zvanje kriminalist. <br \/>Pi\u0161e i objavljuje poeziju: International Literary Institute, ERATO 04 (&#8216;Jer ja sam pjesnik&#8217;), objavljuje po raznim \u010dasopisima, pi\u0161e tekstove za glazbu (klapska pjesma &#8216;Dalmacijo ti si na\u0161a mati&#8217;, glazba: Ante Vujevi\u0107 \u0110igo; sakralna pjesma &#8216;Bo\u017eji pastir&#8217; izvedena na Zlatnoj harfi &#8217;10, glazba: Ivan Glibota Crni, balada &#8216;Uvenula grana&#8217; izvo\u0111ena na Imofestu &#8217;04, glazba: Leo \u0160karo itd.) <br \/>Ovo je prvi roman u kojem je opisano odrastanje i \u017eivot seoskog dje\u010daka na \u017eivotnoj prekretnici kojemu mo\u017eemo o\u010dekivati skori nastavak.<\/div>\n<div style=\"text-align: justify;\"><\/div>\n<p><strong>Link: <\/strong><a href=\"http:\/\/www.facebook.com\/amajic2\">Ante Maji\u0107<\/a><br \/><strong>E-mail:<\/strong> <a href=\"mailto:ante.majic77@gmail.com\">Ante Maji\u0107 1<\/a>, <a href=\"mailto:a.majic@inet.hr\">Ante Maji\u0107 2<\/a>, <a href=\"mailto:amajic2@facebook.com\">Ante Maji\u0107<\/a><br \/><strong>Naslov:<\/strong> Pustolovni \u017eivot Gorana Filipovi\u0107a &#8211; I. dio<br \/><strong>Autor:<\/strong> Ante Maji\u0107<br \/><strong>Broj stranica:<\/strong> 46<br \/><strong>Nakladnik:<\/strong> REDAK<br \/><strong>Godina izdanja:<\/strong> 2011<br \/><strong>ISBN:<\/strong> 978-953-7595-54-8<br \/><strong>Tisak:<\/strong> digitalni tisak knjiga &#8211; print na zahtjev<\/p>\n","protected":false},"excerpt":{"rendered":"<p>\u00a0 Sa\u017eetak: Ovaj roman bavi se djetinjstvom i odrastanjem Gorana, dje\u010daka u provincijskom okru\u017eenju s mno\u0161tvom dje\u010da\u010dkih pustolovina (gradnja brane, formiranje dru\u017eine, susret s \u010dlanovima kriminalne skupine, njihovo hvatanje i privo\u0111enje), smrt oca i odlazak na \u0161kolovanje koji opisuju naglo sazrijevanje dje\u010daka. Razvijena fabula romana odvija se u veselom, pitoresknom seoskom ambijentu s mno\u0161tvom zanimljivih [&hellip;]<\/p>\n","protected":false},"featured_media":7404,"comment_status":"open","ping_status":"closed","template":"","meta":{"_acf_changed":false},"product_brand":[],"product_cat":[1383,1385],"product_tag":[],"class_list":{"0":"post-7403","1":"product","2":"type-product","3":"status-publish","4":"has-post-thumbnail","6":"product_cat-knjige","7":"product_cat-knjizevnost","8":"pa_nakladnik-redak","10":"first","11":"instock","12":"shipping-taxable","13":"purchasable","14":"product-type-simple"},"acf":[],"yoast_head":"<!-- This site is optimized with the Yoast SEO plugin v27.3 - https:\/\/yoast.com\/product\/yoast-seo-wordpress\/ -->\n<title>PUSTOLOVNI \u017dIVOT GORANA FILIPOVI\u0106A - I. DIO, Ante Maji\u0107 - Web-knji\u017eara<\/title>\n<meta name=\"robots\" content=\"index, follow, max-snippet:-1, max-image-preview:large, max-video-preview:-1\" \/>\n<link rel=\"canonical\" href=\"https:\/\/webknjizara.hr\/proizvod\/pustolovni-zivot-gorana-filipovica-i-dio-ante-majic\/\" \/>\n<meta property=\"og:locale\" content=\"en_US\" \/>\n<meta property=\"og:type\" content=\"article\" \/>\n<meta property=\"og:title\" content=\"PUSTOLOVNI \u017dIVOT GORANA FILIPOVI\u0106A - I. DIO, Ante Maji\u0107 - Web-knji\u017eara\" \/>\n<meta property=\"og:description\" content=\"\u00a0 Sa\u017eetak: Ovaj roman bavi se djetinjstvom i odrastanjem Gorana, dje\u010daka u provincijskom okru\u017eenju s mno\u0161tvom dje\u010da\u010dkih pustolovina (gradnja brane, formiranje dru\u017eine, susret s \u010dlanovima kriminalne skupine, njihovo hvatanje i privo\u0111enje), smrt oca i odlazak na \u0161kolovanje koji opisuju naglo sazrijevanje dje\u010daka. Razvijena fabula romana odvija se u veselom, pitoresknom seoskom ambijentu s mno\u0161tvom zanimljivih [&hellip;]\" \/>\n<meta property=\"og:url\" content=\"https:\/\/webknjizara.hr\/proizvod\/pustolovni-zivot-gorana-filipovica-i-dio-ante-majic\/\" \/>\n<meta property=\"og:site_name\" content=\"Web-knji\u017eara\" \/>\n<meta property=\"article:modified_time\" content=\"2023-02-26T23:15:35+00:00\" \/>\n<meta property=\"og:image\" content=\"https:\/\/webknjizara.hr\/wp-content\/uploads\/nc\/images\/virtuemart\/product\/pustolovni-ivo-4df88dc91edb3.jpg\" \/>\n\t<meta property=\"og:image:width\" content=\"283\" \/>\n\t<meta property=\"og:image:height\" content=\"400\" \/>\n\t<meta property=\"og:image:type\" content=\"image\/jpeg\" \/>\n<meta name=\"twitter:card\" content=\"summary_large_image\" \/>\n<meta name=\"twitter:label1\" content=\"Est. reading time\" \/>\n\t<meta name=\"twitter:data1\" content=\"1 minute\" \/>\n<script type=\"application\/ld+json\" class=\"yoast-schema-graph\">{\"@context\":\"https:\\\/\\\/schema.org\",\"@graph\":[{\"@type\":\"WebPage\",\"@id\":\"https:\\\/\\\/webknjizara.hr\\\/proizvod\\\/pustolovni-zivot-gorana-filipovica-i-dio-ante-majic\\\/\",\"url\":\"https:\\\/\\\/webknjizara.hr\\\/proizvod\\\/pustolovni-zivot-gorana-filipovica-i-dio-ante-majic\\\/\",\"name\":\"PUSTOLOVNI \u017dIVOT GORANA FILIPOVI\u0106A - I. DIO, Ante Maji\u0107 - Web-knji\u017eara\",\"isPartOf\":{\"@id\":\"https:\\\/\\\/webknjizara.hr\\\/#website\"},\"primaryImageOfPage\":{\"@id\":\"https:\\\/\\\/webknjizara.hr\\\/proizvod\\\/pustolovni-zivot-gorana-filipovica-i-dio-ante-majic\\\/#primaryimage\"},\"image\":{\"@id\":\"https:\\\/\\\/webknjizara.hr\\\/proizvod\\\/pustolovni-zivot-gorana-filipovica-i-dio-ante-majic\\\/#primaryimage\"},\"thumbnailUrl\":\"https:\\\/\\\/webknjizara.hr\\\/wp-content\\\/uploads\\\/nc\\\/images\\\/virtuemart\\\/product\\\/pustolovni-ivo-4df88dc91edb3.jpg\",\"datePublished\":\"2011-06-15T10:47:37+00:00\",\"dateModified\":\"2023-02-26T23:15:35+00:00\",\"breadcrumb\":{\"@id\":\"https:\\\/\\\/webknjizara.hr\\\/proizvod\\\/pustolovni-zivot-gorana-filipovica-i-dio-ante-majic\\\/#breadcrumb\"},\"inLanguage\":\"en-US\",\"potentialAction\":[{\"@type\":\"ReadAction\",\"target\":[\"https:\\\/\\\/webknjizara.hr\\\/proizvod\\\/pustolovni-zivot-gorana-filipovica-i-dio-ante-majic\\\/\"]}]},{\"@type\":\"ImageObject\",\"inLanguage\":\"en-US\",\"@id\":\"https:\\\/\\\/webknjizara.hr\\\/proizvod\\\/pustolovni-zivot-gorana-filipovica-i-dio-ante-majic\\\/#primaryimage\",\"url\":\"https:\\\/\\\/webknjizara.hr\\\/wp-content\\\/uploads\\\/nc\\\/images\\\/virtuemart\\\/product\\\/pustolovni-ivo-4df88dc91edb3.jpg\",\"contentUrl\":\"https:\\\/\\\/webknjizara.hr\\\/wp-content\\\/uploads\\\/nc\\\/images\\\/virtuemart\\\/product\\\/pustolovni-ivo-4df88dc91edb3.jpg\",\"width\":283,\"height\":400,\"caption\":\"PUSTOLOVNI \u017dIVOT GORANA FILIPOVI\u0106A - I. DIO, Ante Maji\u0107\"},{\"@type\":\"BreadcrumbList\",\"@id\":\"https:\\\/\\\/webknjizara.hr\\\/proizvod\\\/pustolovni-zivot-gorana-filipovica-i-dio-ante-majic\\\/#breadcrumb\",\"itemListElement\":[{\"@type\":\"ListItem\",\"position\":1,\"name\":\"Po\u010detna stranica\",\"item\":\"https:\\\/\\\/webknjizara.hr\\\/en\\\/\"},{\"@type\":\"ListItem\",\"position\":2,\"name\":\"Shop\",\"item\":\"https:\\\/\\\/webknjizara.hr\\\/shop\\\/\"},{\"@type\":\"ListItem\",\"position\":3,\"name\":\"PUSTOLOVNI \u017dIVOT GORANA FILIPOVI\u0106A &#8211; I. DIO, Ante Maji\u0107\"}]},{\"@type\":\"WebSite\",\"@id\":\"https:\\\/\\\/webknjizara.hr\\\/#website\",\"url\":\"https:\\\/\\\/webknjizara.hr\\\/\",\"name\":\"Web Knji\u017eara\",\"description\":\"\",\"publisher\":{\"@id\":\"https:\\\/\\\/webknjizara.hr\\\/#organization\"},\"potentialAction\":[{\"@type\":\"SearchAction\",\"target\":{\"@type\":\"EntryPoint\",\"urlTemplate\":\"https:\\\/\\\/webknjizara.hr\\\/?s={search_term_string}\"},\"query-input\":{\"@type\":\"PropertyValueSpecification\",\"valueRequired\":true,\"valueName\":\"search_term_string\"}}],\"inLanguage\":\"en-US\"},{\"@type\":\"Organization\",\"@id\":\"https:\\\/\\\/webknjizara.hr\\\/#organization\",\"name\":\"REDAK D.O.O.\",\"url\":\"https:\\\/\\\/webknjizara.hr\\\/\",\"logo\":{\"@type\":\"ImageObject\",\"inLanguage\":\"en-US\",\"@id\":\"https:\\\/\\\/webknjizara.hr\\\/#\\\/schema\\\/logo\\\/image\\\/\",\"url\":\"https:\\\/\\\/webknjizara.hr\\\/wp-content\\\/uploads\\\/2023\\\/01\\\/web-knjizara-logo.webp\",\"contentUrl\":\"https:\\\/\\\/webknjizara.hr\\\/wp-content\\\/uploads\\\/2023\\\/01\\\/web-knjizara-logo.webp\",\"width\":324,\"height\":79,\"caption\":\"REDAK D.O.O.\"},\"image\":{\"@id\":\"https:\\\/\\\/webknjizara.hr\\\/#\\\/schema\\\/logo\\\/image\\\/\"}}]}<\/script>\n<!-- \/ Yoast SEO plugin. -->","yoast_head_json":{"title":"PUSTOLOVNI \u017dIVOT GORANA FILIPOVI\u0106A - I. DIO, Ante Maji\u0107 - Web-knji\u017eara","robots":{"index":"index","follow":"follow","max-snippet":"max-snippet:-1","max-image-preview":"max-image-preview:large","max-video-preview":"max-video-preview:-1"},"canonical":"https:\/\/webknjizara.hr\/proizvod\/pustolovni-zivot-gorana-filipovica-i-dio-ante-majic\/","og_locale":"en_US","og_type":"article","og_title":"PUSTOLOVNI \u017dIVOT GORANA FILIPOVI\u0106A - I. DIO, Ante Maji\u0107 - Web-knji\u017eara","og_description":"\u00a0 Sa\u017eetak: Ovaj roman bavi se djetinjstvom i odrastanjem Gorana, dje\u010daka u provincijskom okru\u017eenju s mno\u0161tvom dje\u010da\u010dkih pustolovina (gradnja brane, formiranje dru\u017eine, susret s \u010dlanovima kriminalne skupine, njihovo hvatanje i privo\u0111enje), smrt oca i odlazak na \u0161kolovanje koji opisuju naglo sazrijevanje dje\u010daka. Razvijena fabula romana odvija se u veselom, pitoresknom seoskom ambijentu s mno\u0161tvom zanimljivih [&hellip;]","og_url":"https:\/\/webknjizara.hr\/proizvod\/pustolovni-zivot-gorana-filipovica-i-dio-ante-majic\/","og_site_name":"Web-knji\u017eara","article_modified_time":"2023-02-26T23:15:35+00:00","og_image":[{"width":283,"height":400,"url":"https:\/\/webknjizara.hr\/wp-content\/uploads\/nc\/images\/virtuemart\/product\/pustolovni-ivo-4df88dc91edb3.jpg","type":"image\/jpeg"}],"twitter_card":"summary_large_image","twitter_misc":{"Est. reading time":"1 minute"},"schema":{"@context":"https:\/\/schema.org","@graph":[{"@type":"WebPage","@id":"https:\/\/webknjizara.hr\/proizvod\/pustolovni-zivot-gorana-filipovica-i-dio-ante-majic\/","url":"https:\/\/webknjizara.hr\/proizvod\/pustolovni-zivot-gorana-filipovica-i-dio-ante-majic\/","name":"PUSTOLOVNI \u017dIVOT GORANA FILIPOVI\u0106A - I. DIO, Ante Maji\u0107 - Web-knji\u017eara","isPartOf":{"@id":"https:\/\/webknjizara.hr\/#website"},"primaryImageOfPage":{"@id":"https:\/\/webknjizara.hr\/proizvod\/pustolovni-zivot-gorana-filipovica-i-dio-ante-majic\/#primaryimage"},"image":{"@id":"https:\/\/webknjizara.hr\/proizvod\/pustolovni-zivot-gorana-filipovica-i-dio-ante-majic\/#primaryimage"},"thumbnailUrl":"https:\/\/webknjizara.hr\/wp-content\/uploads\/nc\/images\/virtuemart\/product\/pustolovni-ivo-4df88dc91edb3.jpg","datePublished":"2011-06-15T10:47:37+00:00","dateModified":"2023-02-26T23:15:35+00:00","breadcrumb":{"@id":"https:\/\/webknjizara.hr\/proizvod\/pustolovni-zivot-gorana-filipovica-i-dio-ante-majic\/#breadcrumb"},"inLanguage":"en-US","potentialAction":[{"@type":"ReadAction","target":["https:\/\/webknjizara.hr\/proizvod\/pustolovni-zivot-gorana-filipovica-i-dio-ante-majic\/"]}]},{"@type":"ImageObject","inLanguage":"en-US","@id":"https:\/\/webknjizara.hr\/proizvod\/pustolovni-zivot-gorana-filipovica-i-dio-ante-majic\/#primaryimage","url":"https:\/\/webknjizara.hr\/wp-content\/uploads\/nc\/images\/virtuemart\/product\/pustolovni-ivo-4df88dc91edb3.jpg","contentUrl":"https:\/\/webknjizara.hr\/wp-content\/uploads\/nc\/images\/virtuemart\/product\/pustolovni-ivo-4df88dc91edb3.jpg","width":283,"height":400,"caption":"PUSTOLOVNI \u017dIVOT GORANA FILIPOVI\u0106A - I. DIO, Ante Maji\u0107"},{"@type":"BreadcrumbList","@id":"https:\/\/webknjizara.hr\/proizvod\/pustolovni-zivot-gorana-filipovica-i-dio-ante-majic\/#breadcrumb","itemListElement":[{"@type":"ListItem","position":1,"name":"Po\u010detna stranica","item":"https:\/\/webknjizara.hr\/en\/"},{"@type":"ListItem","position":2,"name":"Shop","item":"https:\/\/webknjizara.hr\/shop\/"},{"@type":"ListItem","position":3,"name":"PUSTOLOVNI \u017dIVOT GORANA FILIPOVI\u0106A &#8211; I. DIO, Ante Maji\u0107"}]},{"@type":"WebSite","@id":"https:\/\/webknjizara.hr\/#website","url":"https:\/\/webknjizara.hr\/","name":"Web Knji\u017eara","description":"","publisher":{"@id":"https:\/\/webknjizara.hr\/#organization"},"potentialAction":[{"@type":"SearchAction","target":{"@type":"EntryPoint","urlTemplate":"https:\/\/webknjizara.hr\/?s={search_term_string}"},"query-input":{"@type":"PropertyValueSpecification","valueRequired":true,"valueName":"search_term_string"}}],"inLanguage":"en-US"},{"@type":"Organization","@id":"https:\/\/webknjizara.hr\/#organization","name":"REDAK D.O.O.","url":"https:\/\/webknjizara.hr\/","logo":{"@type":"ImageObject","inLanguage":"en-US","@id":"https:\/\/webknjizara.hr\/#\/schema\/logo\/image\/","url":"https:\/\/webknjizara.hr\/wp-content\/uploads\/2023\/01\/web-knjizara-logo.webp","contentUrl":"https:\/\/webknjizara.hr\/wp-content\/uploads\/2023\/01\/web-knjizara-logo.webp","width":324,"height":79,"caption":"REDAK D.O.O."},"image":{"@id":"https:\/\/webknjizara.hr\/#\/schema\/logo\/image\/"}}]}},"_links":{"self":[{"href":"https:\/\/webknjizara.hr\/en\/wp-json\/wp\/v2\/product\/7403","targetHints":{"allow":["GET"]}}],"collection":[{"href":"https:\/\/webknjizara.hr\/en\/wp-json\/wp\/v2\/product"}],"about":[{"href":"https:\/\/webknjizara.hr\/en\/wp-json\/wp\/v2\/types\/product"}],"replies":[{"embeddable":true,"href":"https:\/\/webknjizara.hr\/en\/wp-json\/wp\/v2\/comments?post=7403"}],"wp:featuredmedia":[{"embeddable":true,"href":"https:\/\/webknjizara.hr\/en\/wp-json\/wp\/v2\/media\/7404"}],"wp:attachment":[{"href":"https:\/\/webknjizara.hr\/en\/wp-json\/wp\/v2\/media?parent=7403"}],"wp:term":[{"taxonomy":"product_brand","embeddable":true,"href":"https:\/\/webknjizara.hr\/en\/wp-json\/wp\/v2\/product_brand?post=7403"},{"taxonomy":"product_cat","embeddable":true,"href":"https:\/\/webknjizara.hr\/en\/wp-json\/wp\/v2\/product_cat?post=7403"},{"taxonomy":"product_tag","embeddable":true,"href":"https:\/\/webknjizara.hr\/en\/wp-json\/wp\/v2\/product_tag?post=7403"}],"curies":[{"name":"wp","href":"https:\/\/api.w.org\/{rel}","templated":true}]}}