{"id":7395,"date":"2011-05-13T10:45:14","date_gmt":"2011-05-13T10:45:14","guid":{"rendered":"https:\/\/webknjizara.hr\/?product=recepcija-djecje-knjizevnosti-vlado-pandzic"},"modified":"2023-02-27T00:15:35","modified_gmt":"2023-02-26T23:15:35","slug":"recepcija-djecje-knjizevnosti-vlado-pandzic","status":"publish","type":"product","link":"https:\/\/webknjizara.hr\/en\/proizvod\/recepcija-djecje-knjizevnosti-vlado-pandzic\/","title":{"rendered":"RECEPCIJA DJE\u010cJE KNJI\u017dEVNOSTI, Vlado Pand\u017ei\u0107"},"content":{"rendered":"<p>\u00a0<\/p>\n<p><strong>Sa\u017eetak:<\/strong><\/p>\n<div style=\"text-align: justify;\">Pred\u0161kolsko dijete i knjiga. Recepcija kritike dje\u010dje knji\u017eevnosti u \u0161kolskim relacijama. Dje\u010dja knjiga i o\u010dekivani recipijenti. Temeljci hrvatske teorije recepcije dje\u010dje poezije. \u0160kolske kazali\u0161ne djelatnosti u Hrvatskoj. Iz izbora najljep\u0161ih svjetskih slikovnica. Recepcija knji\u017eevnosti u odgoju djece i mlade\u017ei. Recepcija obiteljskih sveza i govora u suvremenim hrvatskim lektirnim romanima (u vi\u0161im razredima osnovne \u0161kole). Predaja, legenda i mit u hrvatskim \u0161kolama u inozemstvu.<\/div>\n<p>\u00a0<\/p>\n<p><strong>Bilje\u0161ka o autoru:<\/strong><\/p>\n<div style=\"text-align: justify;\">Dr. sc. Vlado Pand\u017ei\u0107 je redoviti profesor (u trajnom zvanju) u Odsjeku za kroatistiku Filozofskog fakulteta u Zagrebu. Predstojnik je Katedre za metodiku nastave hrvatskoga jezika i knji\u017eevnosti. Bio je pro\u010delnik Odsjeka za kroatistiku Filozofskog fakulteta u Zagrebu (2000-2002). Dugogodi\u0161nji je vanjski suradnik (1997-2009) u Odjelu za kroatistiku i slavistiku Sveu\u010dili\u0161ta u Zadru. Gostuju\u0107i je profesor u Odsjeku za hrvatski jezik i knji\u017eevnost Filozofskog fakulteta u Splitu (2004-2009). Predsjednik je Odjela za metodiku nastave hrvatskoga jezika, knji\u017eevnosti, govornoga i pismenoga izra\u017eavanja te medijske kulture Hrvatskoga filolo\u0161kog dru\u0161tva. Istaknuti je govornik i sveu\u010dili\u0161ni predava\u010d (metodike nastave hrvatskoga jezika, knji\u017eevnosti i govorni\u0161tva). U razdoblju od \u010detrdesetak godina odr\u017eao je u domovini i inozemstvu nekoliko tisu\u0107a uzornih stru\u010dnih i oglednih predavanja te raznovrsnih govora, me\u0111u kojima je i desetak antologijskih. Pisac je osamdesetak znanstvenih i oko tristo pedeset stru\u010dnih radova te petnaestak znanstvenih knjiga i vi\u0161e od trideset ud\u017ebenika i priru\u010dnika iz knji\u017eevnosti i hrvatskoga jezika. Voditelj je znanstvenoga projekta Dramski tekst kao lingvometodi\u010dki predlo\u017eak. Bio je urednik mnogih listova, \u010dasopisa, zbornika i knjiga. Glavni je urednik \u010dasopisa Hrvatski.<\/div>\n<div style=\"text-align: justify;\"><\/div>\n<p><strong>Klju\u010dne rije\u010di:<\/strong> Recepcija, dje\u010dja knji\u017eevnost, djeca, knjiga, odgoj.<\/p>\n<div style=\"text-align: justify;\">\n<div style=\"text-align: justify;\"><strong>E-mail: <\/strong><a href=\"mailto:vpandzic@ffzg.hr\">Vlado Pand\u017ei\u0107<\/a><\/div>\n<div style=\"text-align: justify;\"><\/div>\n<div style=\"text-align: justify;\"><strong>Naslov:<\/strong> RECEPCIJA DJE\u010cJE KNJI\u017dEVNOSTI<br \/><strong>Autor:<\/strong> Vlado Pand\u017ei\u0107<br \/><strong>Broj stranica:<\/strong> 190<br \/><strong>Nakladnik:<\/strong> Redak<br \/><strong>Godina izdanja: <\/strong>2011.<br \/><strong>ISBN:<\/strong> 978-953-7595-47-0<\/div>\n<div style=\"text-align: justify;\"><strong>Tisak:<\/strong> digitalni tisak knjiga &#8211; print na zahtjev<\/div>\n<\/div>\n","protected":false},"excerpt":{"rendered":"<p>\u00a0 Sa\u017eetak: Pred\u0161kolsko dijete i knjiga. Recepcija kritike dje\u010dje knji\u017eevnosti u \u0161kolskim relacijama. Dje\u010dja knjiga i o\u010dekivani recipijenti. Temeljci hrvatske teorije recepcije dje\u010dje poezije. \u0160kolske kazali\u0161ne djelatnosti u Hrvatskoj. Iz izbora najljep\u0161ih svjetskih slikovnica. Recepcija knji\u017eevnosti u odgoju djece i mlade\u017ei. Recepcija obiteljskih sveza i govora u suvremenim hrvatskim lektirnim romanima (u vi\u0161im razredima osnovne [&hellip;]<\/p>\n","protected":false},"featured_media":7396,"comment_status":"open","ping_status":"closed","template":"","meta":{"_acf_changed":false},"product_brand":[],"product_cat":[1383,1385],"product_tag":[],"class_list":{"0":"post-7395","1":"product","2":"type-product","3":"status-publish","4":"has-post-thumbnail","6":"product_cat-knjige","7":"product_cat-knjizevnost","8":"pa_autor-vlado-pandzic","9":"pa_nakladnik-redak","11":"first","12":"instock","13":"shipping-taxable","14":"purchasable","15":"product-type-simple"},"acf":[],"yoast_head":"<!-- This site is optimized with the Yoast SEO plugin v27.3 - https:\/\/yoast.com\/product\/yoast-seo-wordpress\/ -->\n<title>RECEPCIJA DJE\u010cJE KNJI\u017dEVNOSTI, Vlado Pand\u017ei\u0107 - Web-knji\u017eara<\/title>\n<meta name=\"robots\" content=\"index, follow, max-snippet:-1, max-image-preview:large, max-video-preview:-1\" \/>\n<link rel=\"canonical\" href=\"https:\/\/webknjizara.hr\/proizvod\/recepcija-djecje-knjizevnosti-vlado-pandzic\/\" \/>\n<meta property=\"og:locale\" content=\"en_US\" \/>\n<meta property=\"og:type\" content=\"article\" \/>\n<meta property=\"og:title\" content=\"RECEPCIJA DJE\u010cJE KNJI\u017dEVNOSTI, Vlado Pand\u017ei\u0107 - Web-knji\u017eara\" \/>\n<meta property=\"og:description\" content=\"\u00a0 Sa\u017eetak: Pred\u0161kolsko dijete i knjiga. Recepcija kritike dje\u010dje knji\u017eevnosti u \u0161kolskim relacijama. Dje\u010dja knjiga i o\u010dekivani recipijenti. Temeljci hrvatske teorije recepcije dje\u010dje poezije. \u0160kolske kazali\u0161ne djelatnosti u Hrvatskoj. Iz izbora najljep\u0161ih svjetskih slikovnica. Recepcija knji\u017eevnosti u odgoju djece i mlade\u017ei. Recepcija obiteljskih sveza i govora u suvremenim hrvatskim lektirnim romanima (u vi\u0161im razredima osnovne [&hellip;]\" \/>\n<meta property=\"og:url\" content=\"https:\/\/webknjizara.hr\/proizvod\/recepcija-djecje-knjizevnosti-vlado-pandzic\/\" \/>\n<meta property=\"og:site_name\" content=\"Web-knji\u017eara\" \/>\n<meta property=\"article:modified_time\" content=\"2023-02-26T23:15:35+00:00\" \/>\n<meta property=\"og:image\" content=\"https:\/\/webknjizara.hr\/wp-content\/uploads\/nc\/images\/virtuemart\/product\/recepcija-dje-j-4dcd0d554848f.jpg\" \/>\n\t<meta property=\"og:image:width\" content=\"283\" \/>\n\t<meta property=\"og:image:height\" content=\"403\" \/>\n\t<meta property=\"og:image:type\" content=\"image\/jpeg\" \/>\n<meta name=\"twitter:card\" content=\"summary_large_image\" \/>\n<meta name=\"twitter:label1\" content=\"Est. reading time\" \/>\n\t<meta name=\"twitter:data1\" content=\"2 minutes\" \/>\n<script type=\"application\/ld+json\" class=\"yoast-schema-graph\">{\"@context\":\"https:\\\/\\\/schema.org\",\"@graph\":[{\"@type\":\"WebPage\",\"@id\":\"https:\\\/\\\/webknjizara.hr\\\/proizvod\\\/recepcija-djecje-knjizevnosti-vlado-pandzic\\\/\",\"url\":\"https:\\\/\\\/webknjizara.hr\\\/proizvod\\\/recepcija-djecje-knjizevnosti-vlado-pandzic\\\/\",\"name\":\"RECEPCIJA DJE\u010cJE KNJI\u017dEVNOSTI, Vlado Pand\u017ei\u0107 - Web-knji\u017eara\",\"isPartOf\":{\"@id\":\"https:\\\/\\\/webknjizara.hr\\\/#website\"},\"primaryImageOfPage\":{\"@id\":\"https:\\\/\\\/webknjizara.hr\\\/proizvod\\\/recepcija-djecje-knjizevnosti-vlado-pandzic\\\/#primaryimage\"},\"image\":{\"@id\":\"https:\\\/\\\/webknjizara.hr\\\/proizvod\\\/recepcija-djecje-knjizevnosti-vlado-pandzic\\\/#primaryimage\"},\"thumbnailUrl\":\"https:\\\/\\\/webknjizara.hr\\\/wp-content\\\/uploads\\\/nc\\\/images\\\/virtuemart\\\/product\\\/recepcija-dje-j-4dcd0d554848f.jpg\",\"datePublished\":\"2011-05-13T10:45:14+00:00\",\"dateModified\":\"2023-02-26T23:15:35+00:00\",\"breadcrumb\":{\"@id\":\"https:\\\/\\\/webknjizara.hr\\\/proizvod\\\/recepcija-djecje-knjizevnosti-vlado-pandzic\\\/#breadcrumb\"},\"inLanguage\":\"en-US\",\"potentialAction\":[{\"@type\":\"ReadAction\",\"target\":[\"https:\\\/\\\/webknjizara.hr\\\/proizvod\\\/recepcija-djecje-knjizevnosti-vlado-pandzic\\\/\"]}]},{\"@type\":\"ImageObject\",\"inLanguage\":\"en-US\",\"@id\":\"https:\\\/\\\/webknjizara.hr\\\/proizvod\\\/recepcija-djecje-knjizevnosti-vlado-pandzic\\\/#primaryimage\",\"url\":\"https:\\\/\\\/webknjizara.hr\\\/wp-content\\\/uploads\\\/nc\\\/images\\\/virtuemart\\\/product\\\/recepcija-dje-j-4dcd0d554848f.jpg\",\"contentUrl\":\"https:\\\/\\\/webknjizara.hr\\\/wp-content\\\/uploads\\\/nc\\\/images\\\/virtuemart\\\/product\\\/recepcija-dje-j-4dcd0d554848f.jpg\",\"width\":283,\"height\":403,\"caption\":\"RECEPCIJA DJE\u010cJE KNJI\u017dEVNOSTI, Vlado Pand\u017ei\u0107\"},{\"@type\":\"BreadcrumbList\",\"@id\":\"https:\\\/\\\/webknjizara.hr\\\/proizvod\\\/recepcija-djecje-knjizevnosti-vlado-pandzic\\\/#breadcrumb\",\"itemListElement\":[{\"@type\":\"ListItem\",\"position\":1,\"name\":\"Po\u010detna stranica\",\"item\":\"https:\\\/\\\/webknjizara.hr\\\/en\\\/\"},{\"@type\":\"ListItem\",\"position\":2,\"name\":\"Shop\",\"item\":\"https:\\\/\\\/webknjizara.hr\\\/shop\\\/\"},{\"@type\":\"ListItem\",\"position\":3,\"name\":\"RECEPCIJA DJE\u010cJE KNJI\u017dEVNOSTI, Vlado Pand\u017ei\u0107\"}]},{\"@type\":\"WebSite\",\"@id\":\"https:\\\/\\\/webknjizara.hr\\\/#website\",\"url\":\"https:\\\/\\\/webknjizara.hr\\\/\",\"name\":\"Web Knji\u017eara\",\"description\":\"\",\"publisher\":{\"@id\":\"https:\\\/\\\/webknjizara.hr\\\/#organization\"},\"potentialAction\":[{\"@type\":\"SearchAction\",\"target\":{\"@type\":\"EntryPoint\",\"urlTemplate\":\"https:\\\/\\\/webknjizara.hr\\\/?s={search_term_string}\"},\"query-input\":{\"@type\":\"PropertyValueSpecification\",\"valueRequired\":true,\"valueName\":\"search_term_string\"}}],\"inLanguage\":\"en-US\"},{\"@type\":\"Organization\",\"@id\":\"https:\\\/\\\/webknjizara.hr\\\/#organization\",\"name\":\"REDAK D.O.O.\",\"url\":\"https:\\\/\\\/webknjizara.hr\\\/\",\"logo\":{\"@type\":\"ImageObject\",\"inLanguage\":\"en-US\",\"@id\":\"https:\\\/\\\/webknjizara.hr\\\/#\\\/schema\\\/logo\\\/image\\\/\",\"url\":\"https:\\\/\\\/webknjizara.hr\\\/wp-content\\\/uploads\\\/2023\\\/01\\\/web-knjizara-logo.webp\",\"contentUrl\":\"https:\\\/\\\/webknjizara.hr\\\/wp-content\\\/uploads\\\/2023\\\/01\\\/web-knjizara-logo.webp\",\"width\":324,\"height\":79,\"caption\":\"REDAK D.O.O.\"},\"image\":{\"@id\":\"https:\\\/\\\/webknjizara.hr\\\/#\\\/schema\\\/logo\\\/image\\\/\"}}]}<\/script>\n<!-- \/ Yoast SEO plugin. -->","yoast_head_json":{"title":"RECEPCIJA DJE\u010cJE KNJI\u017dEVNOSTI, Vlado Pand\u017ei\u0107 - Web-knji\u017eara","robots":{"index":"index","follow":"follow","max-snippet":"max-snippet:-1","max-image-preview":"max-image-preview:large","max-video-preview":"max-video-preview:-1"},"canonical":"https:\/\/webknjizara.hr\/proizvod\/recepcija-djecje-knjizevnosti-vlado-pandzic\/","og_locale":"en_US","og_type":"article","og_title":"RECEPCIJA DJE\u010cJE KNJI\u017dEVNOSTI, Vlado Pand\u017ei\u0107 - Web-knji\u017eara","og_description":"\u00a0 Sa\u017eetak: Pred\u0161kolsko dijete i knjiga. Recepcija kritike dje\u010dje knji\u017eevnosti u \u0161kolskim relacijama. Dje\u010dja knjiga i o\u010dekivani recipijenti. Temeljci hrvatske teorije recepcije dje\u010dje poezije. \u0160kolske kazali\u0161ne djelatnosti u Hrvatskoj. Iz izbora najljep\u0161ih svjetskih slikovnica. Recepcija knji\u017eevnosti u odgoju djece i mlade\u017ei. Recepcija obiteljskih sveza i govora u suvremenim hrvatskim lektirnim romanima (u vi\u0161im razredima osnovne [&hellip;]","og_url":"https:\/\/webknjizara.hr\/proizvod\/recepcija-djecje-knjizevnosti-vlado-pandzic\/","og_site_name":"Web-knji\u017eara","article_modified_time":"2023-02-26T23:15:35+00:00","og_image":[{"width":283,"height":403,"url":"https:\/\/webknjizara.hr\/wp-content\/uploads\/nc\/images\/virtuemart\/product\/recepcija-dje-j-4dcd0d554848f.jpg","type":"image\/jpeg"}],"twitter_card":"summary_large_image","twitter_misc":{"Est. reading time":"2 minutes"},"schema":{"@context":"https:\/\/schema.org","@graph":[{"@type":"WebPage","@id":"https:\/\/webknjizara.hr\/proizvod\/recepcija-djecje-knjizevnosti-vlado-pandzic\/","url":"https:\/\/webknjizara.hr\/proizvod\/recepcija-djecje-knjizevnosti-vlado-pandzic\/","name":"RECEPCIJA DJE\u010cJE KNJI\u017dEVNOSTI, Vlado Pand\u017ei\u0107 - Web-knji\u017eara","isPartOf":{"@id":"https:\/\/webknjizara.hr\/#website"},"primaryImageOfPage":{"@id":"https:\/\/webknjizara.hr\/proizvod\/recepcija-djecje-knjizevnosti-vlado-pandzic\/#primaryimage"},"image":{"@id":"https:\/\/webknjizara.hr\/proizvod\/recepcija-djecje-knjizevnosti-vlado-pandzic\/#primaryimage"},"thumbnailUrl":"https:\/\/webknjizara.hr\/wp-content\/uploads\/nc\/images\/virtuemart\/product\/recepcija-dje-j-4dcd0d554848f.jpg","datePublished":"2011-05-13T10:45:14+00:00","dateModified":"2023-02-26T23:15:35+00:00","breadcrumb":{"@id":"https:\/\/webknjizara.hr\/proizvod\/recepcija-djecje-knjizevnosti-vlado-pandzic\/#breadcrumb"},"inLanguage":"en-US","potentialAction":[{"@type":"ReadAction","target":["https:\/\/webknjizara.hr\/proizvod\/recepcija-djecje-knjizevnosti-vlado-pandzic\/"]}]},{"@type":"ImageObject","inLanguage":"en-US","@id":"https:\/\/webknjizara.hr\/proizvod\/recepcija-djecje-knjizevnosti-vlado-pandzic\/#primaryimage","url":"https:\/\/webknjizara.hr\/wp-content\/uploads\/nc\/images\/virtuemart\/product\/recepcija-dje-j-4dcd0d554848f.jpg","contentUrl":"https:\/\/webknjizara.hr\/wp-content\/uploads\/nc\/images\/virtuemart\/product\/recepcija-dje-j-4dcd0d554848f.jpg","width":283,"height":403,"caption":"RECEPCIJA DJE\u010cJE KNJI\u017dEVNOSTI, Vlado Pand\u017ei\u0107"},{"@type":"BreadcrumbList","@id":"https:\/\/webknjizara.hr\/proizvod\/recepcija-djecje-knjizevnosti-vlado-pandzic\/#breadcrumb","itemListElement":[{"@type":"ListItem","position":1,"name":"Po\u010detna stranica","item":"https:\/\/webknjizara.hr\/en\/"},{"@type":"ListItem","position":2,"name":"Shop","item":"https:\/\/webknjizara.hr\/shop\/"},{"@type":"ListItem","position":3,"name":"RECEPCIJA DJE\u010cJE KNJI\u017dEVNOSTI, Vlado Pand\u017ei\u0107"}]},{"@type":"WebSite","@id":"https:\/\/webknjizara.hr\/#website","url":"https:\/\/webknjizara.hr\/","name":"Web Knji\u017eara","description":"","publisher":{"@id":"https:\/\/webknjizara.hr\/#organization"},"potentialAction":[{"@type":"SearchAction","target":{"@type":"EntryPoint","urlTemplate":"https:\/\/webknjizara.hr\/?s={search_term_string}"},"query-input":{"@type":"PropertyValueSpecification","valueRequired":true,"valueName":"search_term_string"}}],"inLanguage":"en-US"},{"@type":"Organization","@id":"https:\/\/webknjizara.hr\/#organization","name":"REDAK D.O.O.","url":"https:\/\/webknjizara.hr\/","logo":{"@type":"ImageObject","inLanguage":"en-US","@id":"https:\/\/webknjizara.hr\/#\/schema\/logo\/image\/","url":"https:\/\/webknjizara.hr\/wp-content\/uploads\/2023\/01\/web-knjizara-logo.webp","contentUrl":"https:\/\/webknjizara.hr\/wp-content\/uploads\/2023\/01\/web-knjizara-logo.webp","width":324,"height":79,"caption":"REDAK D.O.O."},"image":{"@id":"https:\/\/webknjizara.hr\/#\/schema\/logo\/image\/"}}]}},"_links":{"self":[{"href":"https:\/\/webknjizara.hr\/en\/wp-json\/wp\/v2\/product\/7395","targetHints":{"allow":["GET"]}}],"collection":[{"href":"https:\/\/webknjizara.hr\/en\/wp-json\/wp\/v2\/product"}],"about":[{"href":"https:\/\/webknjizara.hr\/en\/wp-json\/wp\/v2\/types\/product"}],"replies":[{"embeddable":true,"href":"https:\/\/webknjizara.hr\/en\/wp-json\/wp\/v2\/comments?post=7395"}],"wp:featuredmedia":[{"embeddable":true,"href":"https:\/\/webknjizara.hr\/en\/wp-json\/wp\/v2\/media\/7396"}],"wp:attachment":[{"href":"https:\/\/webknjizara.hr\/en\/wp-json\/wp\/v2\/media?parent=7395"}],"wp:term":[{"taxonomy":"product_brand","embeddable":true,"href":"https:\/\/webknjizara.hr\/en\/wp-json\/wp\/v2\/product_brand?post=7395"},{"taxonomy":"product_cat","embeddable":true,"href":"https:\/\/webknjizara.hr\/en\/wp-json\/wp\/v2\/product_cat?post=7395"},{"taxonomy":"product_tag","embeddable":true,"href":"https:\/\/webknjizara.hr\/en\/wp-json\/wp\/v2\/product_tag?post=7395"}],"curies":[{"name":"wp","href":"https:\/\/api.w.org\/{rel}","templated":true}]}}