{"id":7389,"date":"2011-05-11T10:35:38","date_gmt":"2011-05-11T10:35:38","guid":{"rendered":"https:\/\/webknjizara.hr\/?product=gdje-noc-pocinje-michel-percan-conda"},"modified":"2023-02-27T00:15:35","modified_gmt":"2023-02-26T23:15:35","slug":"gdje-noc-pocinje-michel-percan-conda","status":"publish","type":"product","link":"https:\/\/webknjizara.hr\/en\/proizvod\/gdje-noc-pocinje-michel-percan-conda\/","title":{"rendered":"GDJE NO\u0106 PO\u010cINJE, Michel Percan \u010conda"},"content":{"rendered":"<p><strong>Sa\u017eetak: <\/strong><\/p>\n<div style=\"text-align: justify;\">Uobi\u010dajeni ve\u010dernji izlazak na \u0161anku, Dalena \u0107e odvesti u sasvim neobi\u010dnu no\u0107, kad upozna tajanstvenu, pripitu djevojku koja ubrzo pada u nesvijest. Trude\u0107i se raditi dobre poteze, ispratit \u0107e je i do njene hotelske sobe, no kada se ona razbudi, shvatit \u0107e da je upao na krivo mjesto u krivo vrijeme, mjesto prepuno kriminalnih likova i uzbudljivih, sablasnih parkova, ali i mjesto gdje bi lako, kroz dvije sasvim druga\u010dije no\u0107i nego ih je ikad do\u017eivio u Gavranovu, mogao uz malo sre\u0107e upoznati i pravu romansu.<\/div>\n<p><strong>Bilje\u0161ka o autoru:<\/strong><\/p>\n<div style=\"text-align: justify;\">Ro\u0111en na zadnji dan 1986. u Puli. Od malih nogu dru\u017ei se sa koricama knjiga i bezbrojnim pri\u010dama. Srednju \u0161kola za turizam i ugostiteljstvo zavr\u0161ava tako\u0111er u Puli, gdje i \u017eivi cijelo vrijeme. Osim romana, pi\u0161e i pjesme ljubavne tematike, a roman &#8220;Gdje no\u0107 po\u010dinje&#8221; njegov je prvijenac objavljen 2011. godine.<\/div>\n<div style=\"text-align: justify;\"><\/div>\n<div style=\"text-align: justify;\"><strong>Naslov: <\/strong>GDJE NO\u0106 PO\u010cINJE<br \/><strong>Autor:<\/strong> Michel Percan \u010conda<br \/><strong>Broj stranica:<\/strong> 120<br \/><strong>Nakladnik:<\/strong> Redak<br \/><strong>Godina izdanja: <\/strong>2011.<br \/><strong>Prilog: <\/strong>978-953-7595-48-7<br \/><strong>Tisak: <\/strong>digitalni tisak knjiga &#8211; print na zahtjev<\/div>\n<p>\u00a0<\/p>\n","protected":false},"excerpt":{"rendered":"<p>Sa\u017eetak: Uobi\u010dajeni ve\u010dernji izlazak na \u0161anku, Dalena \u0107e odvesti u sasvim neobi\u010dnu no\u0107, kad upozna tajanstvenu, pripitu djevojku koja ubrzo pada u nesvijest. Trude\u0107i se raditi dobre poteze, ispratit \u0107e je i do njene hotelske sobe, no kada se ona razbudi, shvatit \u0107e da je upao na krivo mjesto u krivo vrijeme, mjesto prepuno kriminalnih [&hellip;]<\/p>\n","protected":false},"featured_media":7390,"comment_status":"open","ping_status":"closed","template":"","meta":{"_acf_changed":false},"product_brand":[],"product_cat":[1383,1385],"product_tag":[],"class_list":{"0":"post-7389","1":"product","2":"type-product","3":"status-publish","4":"has-post-thumbnail","6":"product_cat-knjige","7":"product_cat-knjizevnost","8":"pa_autor-michel-percan-conda","9":"pa_nakladnik-redak","11":"first","12":"instock","13":"shipping-taxable","14":"purchasable","15":"product-type-simple"},"acf":[],"yoast_head":"<!-- This site is optimized with the Yoast SEO plugin v27.3 - https:\/\/yoast.com\/product\/yoast-seo-wordpress\/ -->\n<title>GDJE NO\u0106 PO\u010cINJE, Michel Percan \u010conda - Web-knji\u017eara<\/title>\n<meta name=\"robots\" content=\"index, follow, max-snippet:-1, max-image-preview:large, max-video-preview:-1\" \/>\n<link rel=\"canonical\" href=\"https:\/\/webknjizara.hr\/proizvod\/gdje-noc-pocinje-michel-percan-conda\/\" \/>\n<meta property=\"og:locale\" content=\"en_US\" \/>\n<meta property=\"og:type\" content=\"article\" \/>\n<meta property=\"og:title\" content=\"GDJE NO\u0106 PO\u010cINJE, Michel Percan \u010conda - Web-knji\u017eara\" \/>\n<meta property=\"og:description\" content=\"Sa\u017eetak: Uobi\u010dajeni ve\u010dernji izlazak na \u0161anku, Dalena \u0107e odvesti u sasvim neobi\u010dnu no\u0107, kad upozna tajanstvenu, pripitu djevojku koja ubrzo pada u nesvijest. Trude\u0107i se raditi dobre poteze, ispratit \u0107e je i do njene hotelske sobe, no kada se ona razbudi, shvatit \u0107e da je upao na krivo mjesto u krivo vrijeme, mjesto prepuno kriminalnih [&hellip;]\" \/>\n<meta property=\"og:url\" content=\"https:\/\/webknjizara.hr\/proizvod\/gdje-noc-pocinje-michel-percan-conda\/\" \/>\n<meta property=\"og:site_name\" content=\"Web-knji\u017eara\" \/>\n<meta property=\"article:modified_time\" content=\"2023-02-26T23:15:35+00:00\" \/>\n<meta property=\"og:image\" content=\"https:\/\/webknjizara.hr\/wp-content\/uploads\/nc\/images\/virtuemart\/product\/gdje-no-po-in-4dca667abb743.jpg\" \/>\n\t<meta property=\"og:image:width\" content=\"283\" \/>\n\t<meta property=\"og:image:height\" content=\"395\" \/>\n\t<meta property=\"og:image:type\" content=\"image\/jpeg\" \/>\n<meta name=\"twitter:card\" content=\"summary_large_image\" \/>\n<meta name=\"twitter:label1\" content=\"Est. reading time\" \/>\n\t<meta name=\"twitter:data1\" content=\"1 minute\" \/>\n<script type=\"application\/ld+json\" class=\"yoast-schema-graph\">{\"@context\":\"https:\\\/\\\/schema.org\",\"@graph\":[{\"@type\":\"WebPage\",\"@id\":\"https:\\\/\\\/webknjizara.hr\\\/proizvod\\\/gdje-noc-pocinje-michel-percan-conda\\\/\",\"url\":\"https:\\\/\\\/webknjizara.hr\\\/proizvod\\\/gdje-noc-pocinje-michel-percan-conda\\\/\",\"name\":\"GDJE NO\u0106 PO\u010cINJE, Michel Percan \u010conda - Web-knji\u017eara\",\"isPartOf\":{\"@id\":\"https:\\\/\\\/webknjizara.hr\\\/#website\"},\"primaryImageOfPage\":{\"@id\":\"https:\\\/\\\/webknjizara.hr\\\/proizvod\\\/gdje-noc-pocinje-michel-percan-conda\\\/#primaryimage\"},\"image\":{\"@id\":\"https:\\\/\\\/webknjizara.hr\\\/proizvod\\\/gdje-noc-pocinje-michel-percan-conda\\\/#primaryimage\"},\"thumbnailUrl\":\"https:\\\/\\\/webknjizara.hr\\\/wp-content\\\/uploads\\\/nc\\\/images\\\/virtuemart\\\/product\\\/gdje-no-po-in-4dca667abb743.jpg\",\"datePublished\":\"2011-05-11T10:35:38+00:00\",\"dateModified\":\"2023-02-26T23:15:35+00:00\",\"breadcrumb\":{\"@id\":\"https:\\\/\\\/webknjizara.hr\\\/proizvod\\\/gdje-noc-pocinje-michel-percan-conda\\\/#breadcrumb\"},\"inLanguage\":\"en-US\",\"potentialAction\":[{\"@type\":\"ReadAction\",\"target\":[\"https:\\\/\\\/webknjizara.hr\\\/proizvod\\\/gdje-noc-pocinje-michel-percan-conda\\\/\"]}]},{\"@type\":\"ImageObject\",\"inLanguage\":\"en-US\",\"@id\":\"https:\\\/\\\/webknjizara.hr\\\/proizvod\\\/gdje-noc-pocinje-michel-percan-conda\\\/#primaryimage\",\"url\":\"https:\\\/\\\/webknjizara.hr\\\/wp-content\\\/uploads\\\/nc\\\/images\\\/virtuemart\\\/product\\\/gdje-no-po-in-4dca667abb743.jpg\",\"contentUrl\":\"https:\\\/\\\/webknjizara.hr\\\/wp-content\\\/uploads\\\/nc\\\/images\\\/virtuemart\\\/product\\\/gdje-no-po-in-4dca667abb743.jpg\",\"width\":283,\"height\":395,\"caption\":\"GDJE NO\u0106 PO\u010cINJE, Michel Percan \u010conda\"},{\"@type\":\"BreadcrumbList\",\"@id\":\"https:\\\/\\\/webknjizara.hr\\\/proizvod\\\/gdje-noc-pocinje-michel-percan-conda\\\/#breadcrumb\",\"itemListElement\":[{\"@type\":\"ListItem\",\"position\":1,\"name\":\"Po\u010detna stranica\",\"item\":\"https:\\\/\\\/webknjizara.hr\\\/en\\\/\"},{\"@type\":\"ListItem\",\"position\":2,\"name\":\"Shop\",\"item\":\"https:\\\/\\\/webknjizara.hr\\\/shop\\\/\"},{\"@type\":\"ListItem\",\"position\":3,\"name\":\"GDJE NO\u0106 PO\u010cINJE, Michel Percan \u010conda\"}]},{\"@type\":\"WebSite\",\"@id\":\"https:\\\/\\\/webknjizara.hr\\\/#website\",\"url\":\"https:\\\/\\\/webknjizara.hr\\\/\",\"name\":\"Web Knji\u017eara\",\"description\":\"\",\"publisher\":{\"@id\":\"https:\\\/\\\/webknjizara.hr\\\/#organization\"},\"potentialAction\":[{\"@type\":\"SearchAction\",\"target\":{\"@type\":\"EntryPoint\",\"urlTemplate\":\"https:\\\/\\\/webknjizara.hr\\\/?s={search_term_string}\"},\"query-input\":{\"@type\":\"PropertyValueSpecification\",\"valueRequired\":true,\"valueName\":\"search_term_string\"}}],\"inLanguage\":\"en-US\"},{\"@type\":\"Organization\",\"@id\":\"https:\\\/\\\/webknjizara.hr\\\/#organization\",\"name\":\"REDAK D.O.O.\",\"url\":\"https:\\\/\\\/webknjizara.hr\\\/\",\"logo\":{\"@type\":\"ImageObject\",\"inLanguage\":\"en-US\",\"@id\":\"https:\\\/\\\/webknjizara.hr\\\/#\\\/schema\\\/logo\\\/image\\\/\",\"url\":\"https:\\\/\\\/webknjizara.hr\\\/wp-content\\\/uploads\\\/2023\\\/01\\\/web-knjizara-logo.webp\",\"contentUrl\":\"https:\\\/\\\/webknjizara.hr\\\/wp-content\\\/uploads\\\/2023\\\/01\\\/web-knjizara-logo.webp\",\"width\":324,\"height\":79,\"caption\":\"REDAK D.O.O.\"},\"image\":{\"@id\":\"https:\\\/\\\/webknjizara.hr\\\/#\\\/schema\\\/logo\\\/image\\\/\"}}]}<\/script>\n<!-- \/ Yoast SEO plugin. -->","yoast_head_json":{"title":"GDJE NO\u0106 PO\u010cINJE, Michel Percan \u010conda - Web-knji\u017eara","robots":{"index":"index","follow":"follow","max-snippet":"max-snippet:-1","max-image-preview":"max-image-preview:large","max-video-preview":"max-video-preview:-1"},"canonical":"https:\/\/webknjizara.hr\/proizvod\/gdje-noc-pocinje-michel-percan-conda\/","og_locale":"en_US","og_type":"article","og_title":"GDJE NO\u0106 PO\u010cINJE, Michel Percan \u010conda - Web-knji\u017eara","og_description":"Sa\u017eetak: Uobi\u010dajeni ve\u010dernji izlazak na \u0161anku, Dalena \u0107e odvesti u sasvim neobi\u010dnu no\u0107, kad upozna tajanstvenu, pripitu djevojku koja ubrzo pada u nesvijest. Trude\u0107i se raditi dobre poteze, ispratit \u0107e je i do njene hotelske sobe, no kada se ona razbudi, shvatit \u0107e da je upao na krivo mjesto u krivo vrijeme, mjesto prepuno kriminalnih [&hellip;]","og_url":"https:\/\/webknjizara.hr\/proizvod\/gdje-noc-pocinje-michel-percan-conda\/","og_site_name":"Web-knji\u017eara","article_modified_time":"2023-02-26T23:15:35+00:00","og_image":[{"width":283,"height":395,"url":"https:\/\/webknjizara.hr\/wp-content\/uploads\/nc\/images\/virtuemart\/product\/gdje-no-po-in-4dca667abb743.jpg","type":"image\/jpeg"}],"twitter_card":"summary_large_image","twitter_misc":{"Est. reading time":"1 minute"},"schema":{"@context":"https:\/\/schema.org","@graph":[{"@type":"WebPage","@id":"https:\/\/webknjizara.hr\/proizvod\/gdje-noc-pocinje-michel-percan-conda\/","url":"https:\/\/webknjizara.hr\/proizvod\/gdje-noc-pocinje-michel-percan-conda\/","name":"GDJE NO\u0106 PO\u010cINJE, Michel Percan \u010conda - Web-knji\u017eara","isPartOf":{"@id":"https:\/\/webknjizara.hr\/#website"},"primaryImageOfPage":{"@id":"https:\/\/webknjizara.hr\/proizvod\/gdje-noc-pocinje-michel-percan-conda\/#primaryimage"},"image":{"@id":"https:\/\/webknjizara.hr\/proizvod\/gdje-noc-pocinje-michel-percan-conda\/#primaryimage"},"thumbnailUrl":"https:\/\/webknjizara.hr\/wp-content\/uploads\/nc\/images\/virtuemart\/product\/gdje-no-po-in-4dca667abb743.jpg","datePublished":"2011-05-11T10:35:38+00:00","dateModified":"2023-02-26T23:15:35+00:00","breadcrumb":{"@id":"https:\/\/webknjizara.hr\/proizvod\/gdje-noc-pocinje-michel-percan-conda\/#breadcrumb"},"inLanguage":"en-US","potentialAction":[{"@type":"ReadAction","target":["https:\/\/webknjizara.hr\/proizvod\/gdje-noc-pocinje-michel-percan-conda\/"]}]},{"@type":"ImageObject","inLanguage":"en-US","@id":"https:\/\/webknjizara.hr\/proizvod\/gdje-noc-pocinje-michel-percan-conda\/#primaryimage","url":"https:\/\/webknjizara.hr\/wp-content\/uploads\/nc\/images\/virtuemart\/product\/gdje-no-po-in-4dca667abb743.jpg","contentUrl":"https:\/\/webknjizara.hr\/wp-content\/uploads\/nc\/images\/virtuemart\/product\/gdje-no-po-in-4dca667abb743.jpg","width":283,"height":395,"caption":"GDJE NO\u0106 PO\u010cINJE, Michel Percan \u010conda"},{"@type":"BreadcrumbList","@id":"https:\/\/webknjizara.hr\/proizvod\/gdje-noc-pocinje-michel-percan-conda\/#breadcrumb","itemListElement":[{"@type":"ListItem","position":1,"name":"Po\u010detna stranica","item":"https:\/\/webknjizara.hr\/en\/"},{"@type":"ListItem","position":2,"name":"Shop","item":"https:\/\/webknjizara.hr\/shop\/"},{"@type":"ListItem","position":3,"name":"GDJE NO\u0106 PO\u010cINJE, Michel Percan \u010conda"}]},{"@type":"WebSite","@id":"https:\/\/webknjizara.hr\/#website","url":"https:\/\/webknjizara.hr\/","name":"Web Knji\u017eara","description":"","publisher":{"@id":"https:\/\/webknjizara.hr\/#organization"},"potentialAction":[{"@type":"SearchAction","target":{"@type":"EntryPoint","urlTemplate":"https:\/\/webknjizara.hr\/?s={search_term_string}"},"query-input":{"@type":"PropertyValueSpecification","valueRequired":true,"valueName":"search_term_string"}}],"inLanguage":"en-US"},{"@type":"Organization","@id":"https:\/\/webknjizara.hr\/#organization","name":"REDAK D.O.O.","url":"https:\/\/webknjizara.hr\/","logo":{"@type":"ImageObject","inLanguage":"en-US","@id":"https:\/\/webknjizara.hr\/#\/schema\/logo\/image\/","url":"https:\/\/webknjizara.hr\/wp-content\/uploads\/2023\/01\/web-knjizara-logo.webp","contentUrl":"https:\/\/webknjizara.hr\/wp-content\/uploads\/2023\/01\/web-knjizara-logo.webp","width":324,"height":79,"caption":"REDAK D.O.O."},"image":{"@id":"https:\/\/webknjizara.hr\/#\/schema\/logo\/image\/"}}]}},"_links":{"self":[{"href":"https:\/\/webknjizara.hr\/en\/wp-json\/wp\/v2\/product\/7389","targetHints":{"allow":["GET"]}}],"collection":[{"href":"https:\/\/webknjizara.hr\/en\/wp-json\/wp\/v2\/product"}],"about":[{"href":"https:\/\/webknjizara.hr\/en\/wp-json\/wp\/v2\/types\/product"}],"replies":[{"embeddable":true,"href":"https:\/\/webknjizara.hr\/en\/wp-json\/wp\/v2\/comments?post=7389"}],"wp:featuredmedia":[{"embeddable":true,"href":"https:\/\/webknjizara.hr\/en\/wp-json\/wp\/v2\/media\/7390"}],"wp:attachment":[{"href":"https:\/\/webknjizara.hr\/en\/wp-json\/wp\/v2\/media?parent=7389"}],"wp:term":[{"taxonomy":"product_brand","embeddable":true,"href":"https:\/\/webknjizara.hr\/en\/wp-json\/wp\/v2\/product_brand?post=7389"},{"taxonomy":"product_cat","embeddable":true,"href":"https:\/\/webknjizara.hr\/en\/wp-json\/wp\/v2\/product_cat?post=7389"},{"taxonomy":"product_tag","embeddable":true,"href":"https:\/\/webknjizara.hr\/en\/wp-json\/wp\/v2\/product_tag?post=7389"}],"curies":[{"name":"wp","href":"https:\/\/api.w.org\/{rel}","templated":true}]}}