{"id":7381,"date":"2011-04-13T07:39:11","date_gmt":"2011-04-13T07:39:11","guid":{"rendered":"https:\/\/webknjizara.hr\/?product=moj-pas-alpi-sonja-krvavica"},"modified":"2023-02-27T00:15:33","modified_gmt":"2023-02-26T23:15:33","slug":"moj-pas-alpi-sonja-krvavica","status":"publish","type":"product","link":"https:\/\/webknjizara.hr\/en\/proizvod\/moj-pas-alpi-sonja-krvavica\/","title":{"rendered":"MOJ PAS ALPI, Sonja Krvavica"},"content":{"rendered":"<p>\u00a0<\/p>\n<p><strong>Bilje\u0161ka o autorici:<\/strong><\/p>\n<div style=\"text-align: justify;\">Sonja Krvavica ro\u0111ena je u Splitu. Srednjo\u0161kolska je profesorica. Ima razli\u010dite interese: voli dobru knjigu, glazbu i zdravu hranu, a najvi\u0161e Bornu i Tenu.<br \/>Dru\u017eenje sa svojim \u010detverono\u0161cima, Alpijem i Muc, ali i Malenim i Iom, bilo je za nju novo, posebno i \u010dudesno iskustvo.<\/div>\n<div style=\"text-align: justify;\"><\/div>\n<div style=\"text-align: justify;\"><strong>Reference to the author<\/strong>:<br \/>Sonja Krvavica born in Split. Secondary School teacher. Variety of interests: loves good books, music and health food, best of all her grandchildren Borna and Tena.<br \/> Socialising with her four-legged friends Alpi and Muts, and Shorty and Io, too, were for her a special and miraculous experience.<\/div>\n<p><strong>Sa\u017eetak<\/strong>:<\/p>\n<div style=\"text-align: justify;\">Alpi je bio nje\u017ean, ovisan o na\u0161oj pomo\u0107i kao malo dijete. Gledao nas je sretno i zaljubljeno velikim, toplim, sjajnim, sme\u0111im o\u010dima u mladosti i na isti na\u010din u starosti, iako su se njegove o\u010di smanjile i prekrile nekom plavi\u010dastom sluzi kao finom koprenom. I kada je osijedio oko nju\u0161kice i hladnog nosa crnog poput velike maline, ostao je dijete.<br \/>A tko dijete koje smo odgojili, hranili, spremali na po\u010dinak, veselili mu se i korili ga ne \u0107e voljeti?<\/div>\n<div style=\"text-align: justify;\"><\/div>\n<div>\n<p class=\"MsoNormal\"><strong><span lang=\"HR\">Abstract\/ the book has also its English version<\/span><\/strong><\/p>\n<p style=\"text-align: justify;\" class=\"MsoNormal\"><span lang=\"HR\">Alpi was delicate, dependant on our help like a child. He looked at us happily and fondly with his big warm bright brown eyes in his youth as well as in his old age though they shrank and hazed with some purplish mucus like a fine gossamer. Even grey-haired round his mouth and cool nose as black as a big bramble, he remained a little one. So who wouldn&#8217;t be fond of the young one that wa raised, fed, got off to sleep, liked and scolded.<\/span><\/p>\n<\/div>\n<div style=\"text-align: justify;\"><\/div>\n<div style=\"text-align: justify;\"><strong>Naslov:<\/strong> MOJ PAS ALPI<br \/><strong>Autor:<\/strong> Sonja Krvavica<br \/><strong>Broj stranica:<\/strong> 80<br \/><strong>Nakladnik:<\/strong> Fotosinteza Split<br \/><strong>Godina izdanja:<\/strong> 2010.<br \/><strong>ISBN: <\/strong>978-953-56104-0-3<br \/><strong>Tisak:<\/strong> digitalni tisak knjiga &#8211; print na zahtjev<\/div>\n<p>\u00a0<\/p>\n","protected":false},"excerpt":{"rendered":"<p>Biografija, memoari<\/p>\n","protected":false},"featured_media":7382,"comment_status":"open","ping_status":"closed","template":"","meta":{"_acf_changed":false},"product_brand":[],"product_cat":[1489],"product_tag":[],"class_list":{"0":"post-7381","1":"product","2":"type-product","3":"status-publish","4":"has-post-thumbnail","6":"product_cat-publicistika","7":"pa_autor-sonja-zarko-krvavica","8":"pa_nakladnik-fotosinteza-split","10":"first","11":"instock","12":"shipping-taxable","13":"purchasable","14":"product-type-simple"},"acf":[],"yoast_head":"<!-- This site is optimized with the Yoast SEO plugin v27.3 - https:\/\/yoast.com\/product\/yoast-seo-wordpress\/ -->\n<title>MOJ PAS ALPI, Sonja Krvavica - Web-knji\u017eara<\/title>\n<meta name=\"robots\" content=\"index, follow, max-snippet:-1, max-image-preview:large, max-video-preview:-1\" \/>\n<link rel=\"canonical\" href=\"https:\/\/webknjizara.hr\/proizvod\/moj-pas-alpi-sonja-krvavica\/\" \/>\n<meta property=\"og:locale\" content=\"en_US\" \/>\n<meta property=\"og:type\" content=\"article\" \/>\n<meta property=\"og:title\" content=\"MOJ PAS ALPI, Sonja Krvavica - Web-knji\u017eara\" \/>\n<meta property=\"og:description\" content=\"Biografija, memoari\" \/>\n<meta property=\"og:url\" content=\"https:\/\/webknjizara.hr\/proizvod\/moj-pas-alpi-sonja-krvavica\/\" \/>\n<meta property=\"og:site_name\" content=\"Web-knji\u017eara\" \/>\n<meta property=\"article:modified_time\" content=\"2023-02-26T23:15:33+00:00\" \/>\n<meta property=\"og:image\" content=\"https:\/\/webknjizara.hr\/wp-content\/uploads\/nc\/images\/virtuemart\/product\/moj-pas-alpi-so-4da576ba4986b.jpg\" \/>\n\t<meta property=\"og:image:width\" content=\"283\" \/>\n\t<meta property=\"og:image:height\" content=\"403\" \/>\n\t<meta property=\"og:image:type\" content=\"image\/jpeg\" \/>\n<meta name=\"twitter:card\" content=\"summary_large_image\" \/>\n<meta name=\"twitter:label1\" content=\"Est. reading time\" \/>\n\t<meta name=\"twitter:data1\" content=\"2 minutes\" \/>\n<script type=\"application\/ld+json\" class=\"yoast-schema-graph\">{\"@context\":\"https:\\\/\\\/schema.org\",\"@graph\":[{\"@type\":\"WebPage\",\"@id\":\"https:\\\/\\\/webknjizara.hr\\\/proizvod\\\/moj-pas-alpi-sonja-krvavica\\\/\",\"url\":\"https:\\\/\\\/webknjizara.hr\\\/proizvod\\\/moj-pas-alpi-sonja-krvavica\\\/\",\"name\":\"MOJ PAS ALPI, Sonja Krvavica - Web-knji\u017eara\",\"isPartOf\":{\"@id\":\"https:\\\/\\\/webknjizara.hr\\\/#website\"},\"primaryImageOfPage\":{\"@id\":\"https:\\\/\\\/webknjizara.hr\\\/proizvod\\\/moj-pas-alpi-sonja-krvavica\\\/#primaryimage\"},\"image\":{\"@id\":\"https:\\\/\\\/webknjizara.hr\\\/proizvod\\\/moj-pas-alpi-sonja-krvavica\\\/#primaryimage\"},\"thumbnailUrl\":\"https:\\\/\\\/webknjizara.hr\\\/wp-content\\\/uploads\\\/nc\\\/images\\\/virtuemart\\\/product\\\/moj-pas-alpi-so-4da576ba4986b.jpg\",\"datePublished\":\"2011-04-13T07:39:11+00:00\",\"dateModified\":\"2023-02-26T23:15:33+00:00\",\"breadcrumb\":{\"@id\":\"https:\\\/\\\/webknjizara.hr\\\/proizvod\\\/moj-pas-alpi-sonja-krvavica\\\/#breadcrumb\"},\"inLanguage\":\"en-US\",\"potentialAction\":[{\"@type\":\"ReadAction\",\"target\":[\"https:\\\/\\\/webknjizara.hr\\\/proizvod\\\/moj-pas-alpi-sonja-krvavica\\\/\"]}]},{\"@type\":\"ImageObject\",\"inLanguage\":\"en-US\",\"@id\":\"https:\\\/\\\/webknjizara.hr\\\/proizvod\\\/moj-pas-alpi-sonja-krvavica\\\/#primaryimage\",\"url\":\"https:\\\/\\\/webknjizara.hr\\\/wp-content\\\/uploads\\\/nc\\\/images\\\/virtuemart\\\/product\\\/moj-pas-alpi-so-4da576ba4986b.jpg\",\"contentUrl\":\"https:\\\/\\\/webknjizara.hr\\\/wp-content\\\/uploads\\\/nc\\\/images\\\/virtuemart\\\/product\\\/moj-pas-alpi-so-4da576ba4986b.jpg\",\"width\":283,\"height\":403,\"caption\":\"MOJ PAS ALPI, Sonja Krvavica\"},{\"@type\":\"BreadcrumbList\",\"@id\":\"https:\\\/\\\/webknjizara.hr\\\/proizvod\\\/moj-pas-alpi-sonja-krvavica\\\/#breadcrumb\",\"itemListElement\":[{\"@type\":\"ListItem\",\"position\":1,\"name\":\"Po\u010detna stranica\",\"item\":\"https:\\\/\\\/webknjizara.hr\\\/en\\\/\"},{\"@type\":\"ListItem\",\"position\":2,\"name\":\"Shop\",\"item\":\"https:\\\/\\\/webknjizara.hr\\\/shop\\\/\"},{\"@type\":\"ListItem\",\"position\":3,\"name\":\"MOJ PAS ALPI, Sonja Krvavica\"}]},{\"@type\":\"WebSite\",\"@id\":\"https:\\\/\\\/webknjizara.hr\\\/#website\",\"url\":\"https:\\\/\\\/webknjizara.hr\\\/\",\"name\":\"Web Knji\u017eara\",\"description\":\"\",\"publisher\":{\"@id\":\"https:\\\/\\\/webknjizara.hr\\\/#organization\"},\"potentialAction\":[{\"@type\":\"SearchAction\",\"target\":{\"@type\":\"EntryPoint\",\"urlTemplate\":\"https:\\\/\\\/webknjizara.hr\\\/?s={search_term_string}\"},\"query-input\":{\"@type\":\"PropertyValueSpecification\",\"valueRequired\":true,\"valueName\":\"search_term_string\"}}],\"inLanguage\":\"en-US\"},{\"@type\":\"Organization\",\"@id\":\"https:\\\/\\\/webknjizara.hr\\\/#organization\",\"name\":\"REDAK D.O.O.\",\"url\":\"https:\\\/\\\/webknjizara.hr\\\/\",\"logo\":{\"@type\":\"ImageObject\",\"inLanguage\":\"en-US\",\"@id\":\"https:\\\/\\\/webknjizara.hr\\\/#\\\/schema\\\/logo\\\/image\\\/\",\"url\":\"https:\\\/\\\/webknjizara.hr\\\/wp-content\\\/uploads\\\/2023\\\/01\\\/web-knjizara-logo.webp\",\"contentUrl\":\"https:\\\/\\\/webknjizara.hr\\\/wp-content\\\/uploads\\\/2023\\\/01\\\/web-knjizara-logo.webp\",\"width\":324,\"height\":79,\"caption\":\"REDAK D.O.O.\"},\"image\":{\"@id\":\"https:\\\/\\\/webknjizara.hr\\\/#\\\/schema\\\/logo\\\/image\\\/\"}}]}<\/script>\n<!-- \/ Yoast SEO plugin. -->","yoast_head_json":{"title":"MOJ PAS ALPI, Sonja Krvavica - Web-knji\u017eara","robots":{"index":"index","follow":"follow","max-snippet":"max-snippet:-1","max-image-preview":"max-image-preview:large","max-video-preview":"max-video-preview:-1"},"canonical":"https:\/\/webknjizara.hr\/proizvod\/moj-pas-alpi-sonja-krvavica\/","og_locale":"en_US","og_type":"article","og_title":"MOJ PAS ALPI, Sonja Krvavica - Web-knji\u017eara","og_description":"Biografija, memoari","og_url":"https:\/\/webknjizara.hr\/proizvod\/moj-pas-alpi-sonja-krvavica\/","og_site_name":"Web-knji\u017eara","article_modified_time":"2023-02-26T23:15:33+00:00","og_image":[{"width":283,"height":403,"url":"https:\/\/webknjizara.hr\/wp-content\/uploads\/nc\/images\/virtuemart\/product\/moj-pas-alpi-so-4da576ba4986b.jpg","type":"image\/jpeg"}],"twitter_card":"summary_large_image","twitter_misc":{"Est. reading time":"2 minutes"},"schema":{"@context":"https:\/\/schema.org","@graph":[{"@type":"WebPage","@id":"https:\/\/webknjizara.hr\/proizvod\/moj-pas-alpi-sonja-krvavica\/","url":"https:\/\/webknjizara.hr\/proizvod\/moj-pas-alpi-sonja-krvavica\/","name":"MOJ PAS ALPI, Sonja Krvavica - Web-knji\u017eara","isPartOf":{"@id":"https:\/\/webknjizara.hr\/#website"},"primaryImageOfPage":{"@id":"https:\/\/webknjizara.hr\/proizvod\/moj-pas-alpi-sonja-krvavica\/#primaryimage"},"image":{"@id":"https:\/\/webknjizara.hr\/proizvod\/moj-pas-alpi-sonja-krvavica\/#primaryimage"},"thumbnailUrl":"https:\/\/webknjizara.hr\/wp-content\/uploads\/nc\/images\/virtuemart\/product\/moj-pas-alpi-so-4da576ba4986b.jpg","datePublished":"2011-04-13T07:39:11+00:00","dateModified":"2023-02-26T23:15:33+00:00","breadcrumb":{"@id":"https:\/\/webknjizara.hr\/proizvod\/moj-pas-alpi-sonja-krvavica\/#breadcrumb"},"inLanguage":"en-US","potentialAction":[{"@type":"ReadAction","target":["https:\/\/webknjizara.hr\/proizvod\/moj-pas-alpi-sonja-krvavica\/"]}]},{"@type":"ImageObject","inLanguage":"en-US","@id":"https:\/\/webknjizara.hr\/proizvod\/moj-pas-alpi-sonja-krvavica\/#primaryimage","url":"https:\/\/webknjizara.hr\/wp-content\/uploads\/nc\/images\/virtuemart\/product\/moj-pas-alpi-so-4da576ba4986b.jpg","contentUrl":"https:\/\/webknjizara.hr\/wp-content\/uploads\/nc\/images\/virtuemart\/product\/moj-pas-alpi-so-4da576ba4986b.jpg","width":283,"height":403,"caption":"MOJ PAS ALPI, Sonja Krvavica"},{"@type":"BreadcrumbList","@id":"https:\/\/webknjizara.hr\/proizvod\/moj-pas-alpi-sonja-krvavica\/#breadcrumb","itemListElement":[{"@type":"ListItem","position":1,"name":"Po\u010detna stranica","item":"https:\/\/webknjizara.hr\/en\/"},{"@type":"ListItem","position":2,"name":"Shop","item":"https:\/\/webknjizara.hr\/shop\/"},{"@type":"ListItem","position":3,"name":"MOJ PAS ALPI, Sonja Krvavica"}]},{"@type":"WebSite","@id":"https:\/\/webknjizara.hr\/#website","url":"https:\/\/webknjizara.hr\/","name":"Web Knji\u017eara","description":"","publisher":{"@id":"https:\/\/webknjizara.hr\/#organization"},"potentialAction":[{"@type":"SearchAction","target":{"@type":"EntryPoint","urlTemplate":"https:\/\/webknjizara.hr\/?s={search_term_string}"},"query-input":{"@type":"PropertyValueSpecification","valueRequired":true,"valueName":"search_term_string"}}],"inLanguage":"en-US"},{"@type":"Organization","@id":"https:\/\/webknjizara.hr\/#organization","name":"REDAK D.O.O.","url":"https:\/\/webknjizara.hr\/","logo":{"@type":"ImageObject","inLanguage":"en-US","@id":"https:\/\/webknjizara.hr\/#\/schema\/logo\/image\/","url":"https:\/\/webknjizara.hr\/wp-content\/uploads\/2023\/01\/web-knjizara-logo.webp","contentUrl":"https:\/\/webknjizara.hr\/wp-content\/uploads\/2023\/01\/web-knjizara-logo.webp","width":324,"height":79,"caption":"REDAK D.O.O."},"image":{"@id":"https:\/\/webknjizara.hr\/#\/schema\/logo\/image\/"}}]}},"_links":{"self":[{"href":"https:\/\/webknjizara.hr\/en\/wp-json\/wp\/v2\/product\/7381","targetHints":{"allow":["GET"]}}],"collection":[{"href":"https:\/\/webknjizara.hr\/en\/wp-json\/wp\/v2\/product"}],"about":[{"href":"https:\/\/webknjizara.hr\/en\/wp-json\/wp\/v2\/types\/product"}],"replies":[{"embeddable":true,"href":"https:\/\/webknjizara.hr\/en\/wp-json\/wp\/v2\/comments?post=7381"}],"wp:featuredmedia":[{"embeddable":true,"href":"https:\/\/webknjizara.hr\/en\/wp-json\/wp\/v2\/media\/7382"}],"wp:attachment":[{"href":"https:\/\/webknjizara.hr\/en\/wp-json\/wp\/v2\/media?parent=7381"}],"wp:term":[{"taxonomy":"product_brand","embeddable":true,"href":"https:\/\/webknjizara.hr\/en\/wp-json\/wp\/v2\/product_brand?post=7381"},{"taxonomy":"product_cat","embeddable":true,"href":"https:\/\/webknjizara.hr\/en\/wp-json\/wp\/v2\/product_cat?post=7381"},{"taxonomy":"product_tag","embeddable":true,"href":"https:\/\/webknjizara.hr\/en\/wp-json\/wp\/v2\/product_tag?post=7381"}],"curies":[{"name":"wp","href":"https:\/\/api.w.org\/{rel}","templated":true}]}}