{"id":7375,"date":"2011-03-15T11:40:08","date_gmt":"2011-03-15T11:40:08","guid":{"rendered":"https:\/\/webknjizara.hr\/?product=ne-daj-ciklamama-da-klonu-opinian"},"modified":"2025-01-22T09:49:57","modified_gmt":"2025-01-22T08:49:57","slug":"ne-daj-ciklamama-da-klonu-opinian","status":"publish","type":"product","link":"https:\/\/webknjizara.hr\/en\/proizvod\/ne-daj-ciklamama-da-klonu-opinian\/","title":{"rendered":"NE DAJ CIKLAMAMA DA KLONU, Opinian"},"content":{"rendered":"<p class=\"MsoNormal\" style=\"text-align: justify;\"><strong>Sa\u017eetak:<\/strong><\/p>\n<p class=\"MsoNormal\" style=\"text-align: justify;\">Zbirka ljubavne poezije \u201eNe daj ciklamama da klonu\u201c, samozatajnog pjesnika koji pi\u0161e pod pseudonimom Opinian, ima za cilj doprijeti do srca svih onih iskrenih ljubitelja poezije i probuditi emocije jednom novom osna\u017eavaju\u0107om vatrom. Ciklame, u ovoj zbirci, predstavljaju \u010distu, esencijalnu ,samopo\u017ertvovnu ljubav, nenadma\u0161nu mo\u0107 \u0161irenja iste na sve koji se na\u0111u u njezinoj blizini &#8211; upravo kakva je i priroda samog cvijeta, kad \u0161iri svoj neodoljivi miris. U u\u017eem kontekstu, naravno, predstavlja romanti\u010dnu ljubav, koja u dana\u0161njem materijalisti\u010dkom i ubrzanom tempu \u017eivota nekako sve te\u017ee uspijeva opstati.<\/p>\n<p class=\"MsoNormal\" style=\"text-align: justify;\">Primje\u0107ujemo li nekada \u201eciklame\u201c koje i pored sve svoje snage i opstojnosti ipak nekad zatrebaju na\u0161u pomo\u0107? Osje\u0107amo li poriv da djelujemo u skladu s porukom iz naslova \u201eNe daj ciklamama da klonu\u201c? Ova \u0107e nam Zbirka pomo\u0107i da prepoznamo te osje\u0107aje i da djelujemo u skladu sa svojim emocijama!<\/p>\n<p class=\"MsoNormal\" style=\"text-align: justify;\">Nadasve, knjiga je idealan na\u010din da nekome poka\u017eemo da nam je stalo do njega. Mo\u017ee biti idealan poklon za neku posebnu obljetnicu ili godi\u0161njicu, ili u svim onim prilikama i datumima kad dar predstavlja ugodno iznena\u0111enje a ne ne\u0161to o\u010dekivano. Zbirka pjesama poklonjena uz neki cvijet nezaboravljiv je poklon, a kad cvijet i uvene knjiga zauvijek ostane. Pogodna je i za recitaciju za jedno idealno ve\u010de udvoje, uz svije\u0107e. Tada \u0107e stihovi koji se u njoj nalaze zaista imati u\u010dinak kakav Pjesnik predvi\u0111a u jednom ulomku, iz jedne svoje pjesme:<\/p>\n<p class=\"MsoNormal\" style=\"text-align: center;\"><span style=\"color: #c00000;\">\u201e\u2026<\/span><span style=\"color: #c00000;\">ponesi igra\u010dku mojih misli<br \/>\nbezazlenu naizgled<br \/>\na jaku,<br \/>\nkutiju sa slovima<br \/>\ntrudom i ljubavlju<br \/>\nuzgojenim<\/span><span style=\"color: #c00000;\">,<br \/>\nkao matice p\u010dele<br \/>\nu mati\u010dnjaku(\u2026)<\/span><\/p>\n<p class=\"MsoNormal\" style=\"text-align: center;\"><span style=\"color: #c00000;\">I zareza ti stavih malo,<br \/>\nuskli\u010dnika, pitanja i to\u010dki&#8230;<br \/>\nSamo ih razbacaj nje\u017eno<br \/>\ni vidjet \u0107e\u0161 kako dr\u0161\u0107u<br \/>\nzavla\u010de\u0107i se pod tvoje dlanove tople,<br \/>\nkao pili\u0107i nejaki<br \/>\npod krila kvo\u010dki!\u201c<\/span><\/p>\n<p class=\"MsoNormal\">Tada \u0107e pjesme , kako stoji u posveti Zbirke, uistinu postati<\/p>\n<p style=\"text-align: center;\"><span style=\"color: #c00000;\">\u201e\u2026sretna polusiro\u010dad<br \/>\ndjeca vjetra i djeca sviju onih<br \/>\nkoji ih \u010ditaju\u0107i udomljuju<br \/>\nu toplom domu srca.\u201c<\/span><\/p>\n<p style=\"text-align: left;\"><strong>Web:<\/strong> <a href=\"http:\/\/nedajciklamamadaklonu.weebly.com\/\" target=\"_blank\" rel=\"noopener\">Ne daj ciklamama da klonu<\/a><\/p>\n<p style=\"text-align: left;\"><strong>Naslov:<\/strong> NE DAJ CIKLAMAMA DA KLONU<br \/>\n<strong>Autor:<\/strong> Opinian<br \/>\n<strong>Broj stranica:<\/strong> 120<br \/>\n<strong>Nakladnik:<\/strong> Redak<br \/>\n<strong>Godina izdanja: <\/strong>2011.<br \/>\n<strong>ISBN:<\/strong>978-953-7595-41-8<br \/>\n<strong>Tisak: <\/strong>digitalni tisak knjiga &#8211; print na zahtjev<\/p>\n","protected":false},"excerpt":{"rendered":"<p>Zbirka pjesama<\/p>\n","protected":false},"featured_media":7376,"comment_status":"open","ping_status":"closed","template":"","meta":{"_acf_changed":false},"product_brand":[],"product_cat":[1388],"product_tag":[],"class_list":{"0":"post-7375","1":"product","2":"type-product","3":"status-publish","4":"has-post-thumbnail","6":"product_cat-poezija","7":"pa_autor-u-obradi","8":"pa_nakladnik-unos-u-tijeku","10":"first","11":"instock","12":"shipping-taxable","13":"purchasable","14":"product-type-simple"},"acf":[],"yoast_head":"<!-- This site is optimized with the Yoast SEO plugin v27.3 - https:\/\/yoast.com\/product\/yoast-seo-wordpress\/ -->\n<title>NE DAJ CIKLAMAMA DA KLONU, Opinian - Web-knji\u017eara<\/title>\n<meta name=\"robots\" content=\"index, follow, max-snippet:-1, max-image-preview:large, max-video-preview:-1\" \/>\n<link rel=\"canonical\" href=\"https:\/\/webknjizara.hr\/proizvod\/ne-daj-ciklamama-da-klonu-opinian\/\" \/>\n<meta property=\"og:locale\" content=\"en_US\" \/>\n<meta property=\"og:type\" content=\"article\" \/>\n<meta property=\"og:title\" content=\"NE DAJ CIKLAMAMA DA KLONU, Opinian - Web-knji\u017eara\" \/>\n<meta property=\"og:description\" content=\"Zbirka pjesama\" \/>\n<meta property=\"og:url\" content=\"https:\/\/webknjizara.hr\/proizvod\/ne-daj-ciklamama-da-klonu-opinian\/\" \/>\n<meta property=\"og:site_name\" content=\"Web-knji\u017eara\" \/>\n<meta property=\"article:modified_time\" content=\"2025-01-22T08:49:57+00:00\" \/>\n<meta property=\"og:image\" content=\"https:\/\/webknjizara.hr\/wp-content\/uploads\/nc\/images\/virtuemart\/product\/na-daj-ciklamama-4d7f50187892c.jpg\" \/>\n\t<meta property=\"og:image:width\" content=\"283\" \/>\n\t<meta property=\"og:image:height\" content=\"407\" \/>\n\t<meta property=\"og:image:type\" content=\"image\/jpeg\" \/>\n<meta name=\"twitter:card\" content=\"summary_large_image\" \/>\n<meta name=\"twitter:label1\" content=\"Est. reading time\" \/>\n\t<meta name=\"twitter:data1\" content=\"2 minutes\" \/>\n<script type=\"application\/ld+json\" class=\"yoast-schema-graph\">{\"@context\":\"https:\\\/\\\/schema.org\",\"@graph\":[{\"@type\":\"WebPage\",\"@id\":\"https:\\\/\\\/webknjizara.hr\\\/proizvod\\\/ne-daj-ciklamama-da-klonu-opinian\\\/\",\"url\":\"https:\\\/\\\/webknjizara.hr\\\/proizvod\\\/ne-daj-ciklamama-da-klonu-opinian\\\/\",\"name\":\"NE DAJ CIKLAMAMA DA KLONU, Opinian - Web-knji\u017eara\",\"isPartOf\":{\"@id\":\"https:\\\/\\\/webknjizara.hr\\\/#website\"},\"primaryImageOfPage\":{\"@id\":\"https:\\\/\\\/webknjizara.hr\\\/proizvod\\\/ne-daj-ciklamama-da-klonu-opinian\\\/#primaryimage\"},\"image\":{\"@id\":\"https:\\\/\\\/webknjizara.hr\\\/proizvod\\\/ne-daj-ciklamama-da-klonu-opinian\\\/#primaryimage\"},\"thumbnailUrl\":\"https:\\\/\\\/webknjizara.hr\\\/wp-content\\\/uploads\\\/nc\\\/images\\\/virtuemart\\\/product\\\/na-daj-ciklamama-4d7f50187892c.jpg\",\"datePublished\":\"2011-03-15T11:40:08+00:00\",\"dateModified\":\"2025-01-22T08:49:57+00:00\",\"breadcrumb\":{\"@id\":\"https:\\\/\\\/webknjizara.hr\\\/proizvod\\\/ne-daj-ciklamama-da-klonu-opinian\\\/#breadcrumb\"},\"inLanguage\":\"en-US\",\"potentialAction\":[{\"@type\":\"ReadAction\",\"target\":[\"https:\\\/\\\/webknjizara.hr\\\/proizvod\\\/ne-daj-ciklamama-da-klonu-opinian\\\/\"]}]},{\"@type\":\"ImageObject\",\"inLanguage\":\"en-US\",\"@id\":\"https:\\\/\\\/webknjizara.hr\\\/proizvod\\\/ne-daj-ciklamama-da-klonu-opinian\\\/#primaryimage\",\"url\":\"https:\\\/\\\/webknjizara.hr\\\/wp-content\\\/uploads\\\/nc\\\/images\\\/virtuemart\\\/product\\\/na-daj-ciklamama-4d7f50187892c.jpg\",\"contentUrl\":\"https:\\\/\\\/webknjizara.hr\\\/wp-content\\\/uploads\\\/nc\\\/images\\\/virtuemart\\\/product\\\/na-daj-ciklamama-4d7f50187892c.jpg\",\"width\":283,\"height\":407,\"caption\":\"NE DAJ CIKLAMAMA DA KLONU, Opinian\"},{\"@type\":\"BreadcrumbList\",\"@id\":\"https:\\\/\\\/webknjizara.hr\\\/proizvod\\\/ne-daj-ciklamama-da-klonu-opinian\\\/#breadcrumb\",\"itemListElement\":[{\"@type\":\"ListItem\",\"position\":1,\"name\":\"Po\u010detna stranica\",\"item\":\"https:\\\/\\\/webknjizara.hr\\\/en\\\/\"},{\"@type\":\"ListItem\",\"position\":2,\"name\":\"Shop\",\"item\":\"https:\\\/\\\/webknjizara.hr\\\/shop\\\/\"},{\"@type\":\"ListItem\",\"position\":3,\"name\":\"NE DAJ CIKLAMAMA DA KLONU, Opinian\"}]},{\"@type\":\"WebSite\",\"@id\":\"https:\\\/\\\/webknjizara.hr\\\/#website\",\"url\":\"https:\\\/\\\/webknjizara.hr\\\/\",\"name\":\"Web Knji\u017eara\",\"description\":\"\",\"publisher\":{\"@id\":\"https:\\\/\\\/webknjizara.hr\\\/#organization\"},\"potentialAction\":[{\"@type\":\"SearchAction\",\"target\":{\"@type\":\"EntryPoint\",\"urlTemplate\":\"https:\\\/\\\/webknjizara.hr\\\/?s={search_term_string}\"},\"query-input\":{\"@type\":\"PropertyValueSpecification\",\"valueRequired\":true,\"valueName\":\"search_term_string\"}}],\"inLanguage\":\"en-US\"},{\"@type\":\"Organization\",\"@id\":\"https:\\\/\\\/webknjizara.hr\\\/#organization\",\"name\":\"REDAK D.O.O.\",\"url\":\"https:\\\/\\\/webknjizara.hr\\\/\",\"logo\":{\"@type\":\"ImageObject\",\"inLanguage\":\"en-US\",\"@id\":\"https:\\\/\\\/webknjizara.hr\\\/#\\\/schema\\\/logo\\\/image\\\/\",\"url\":\"https:\\\/\\\/webknjizara.hr\\\/wp-content\\\/uploads\\\/2023\\\/01\\\/web-knjizara-logo.webp\",\"contentUrl\":\"https:\\\/\\\/webknjizara.hr\\\/wp-content\\\/uploads\\\/2023\\\/01\\\/web-knjizara-logo.webp\",\"width\":324,\"height\":79,\"caption\":\"REDAK D.O.O.\"},\"image\":{\"@id\":\"https:\\\/\\\/webknjizara.hr\\\/#\\\/schema\\\/logo\\\/image\\\/\"}}]}<\/script>\n<!-- \/ Yoast SEO plugin. -->","yoast_head_json":{"title":"NE DAJ CIKLAMAMA DA KLONU, Opinian - Web-knji\u017eara","robots":{"index":"index","follow":"follow","max-snippet":"max-snippet:-1","max-image-preview":"max-image-preview:large","max-video-preview":"max-video-preview:-1"},"canonical":"https:\/\/webknjizara.hr\/proizvod\/ne-daj-ciklamama-da-klonu-opinian\/","og_locale":"en_US","og_type":"article","og_title":"NE DAJ CIKLAMAMA DA KLONU, Opinian - Web-knji\u017eara","og_description":"Zbirka pjesama","og_url":"https:\/\/webknjizara.hr\/proizvod\/ne-daj-ciklamama-da-klonu-opinian\/","og_site_name":"Web-knji\u017eara","article_modified_time":"2025-01-22T08:49:57+00:00","og_image":[{"width":283,"height":407,"url":"https:\/\/webknjizara.hr\/wp-content\/uploads\/nc\/images\/virtuemart\/product\/na-daj-ciklamama-4d7f50187892c.jpg","type":"image\/jpeg"}],"twitter_card":"summary_large_image","twitter_misc":{"Est. reading time":"2 minutes"},"schema":{"@context":"https:\/\/schema.org","@graph":[{"@type":"WebPage","@id":"https:\/\/webknjizara.hr\/proizvod\/ne-daj-ciklamama-da-klonu-opinian\/","url":"https:\/\/webknjizara.hr\/proizvod\/ne-daj-ciklamama-da-klonu-opinian\/","name":"NE DAJ CIKLAMAMA DA KLONU, Opinian - Web-knji\u017eara","isPartOf":{"@id":"https:\/\/webknjizara.hr\/#website"},"primaryImageOfPage":{"@id":"https:\/\/webknjizara.hr\/proizvod\/ne-daj-ciklamama-da-klonu-opinian\/#primaryimage"},"image":{"@id":"https:\/\/webknjizara.hr\/proizvod\/ne-daj-ciklamama-da-klonu-opinian\/#primaryimage"},"thumbnailUrl":"https:\/\/webknjizara.hr\/wp-content\/uploads\/nc\/images\/virtuemart\/product\/na-daj-ciklamama-4d7f50187892c.jpg","datePublished":"2011-03-15T11:40:08+00:00","dateModified":"2025-01-22T08:49:57+00:00","breadcrumb":{"@id":"https:\/\/webknjizara.hr\/proizvod\/ne-daj-ciklamama-da-klonu-opinian\/#breadcrumb"},"inLanguage":"en-US","potentialAction":[{"@type":"ReadAction","target":["https:\/\/webknjizara.hr\/proizvod\/ne-daj-ciklamama-da-klonu-opinian\/"]}]},{"@type":"ImageObject","inLanguage":"en-US","@id":"https:\/\/webknjizara.hr\/proizvod\/ne-daj-ciklamama-da-klonu-opinian\/#primaryimage","url":"https:\/\/webknjizara.hr\/wp-content\/uploads\/nc\/images\/virtuemart\/product\/na-daj-ciklamama-4d7f50187892c.jpg","contentUrl":"https:\/\/webknjizara.hr\/wp-content\/uploads\/nc\/images\/virtuemart\/product\/na-daj-ciklamama-4d7f50187892c.jpg","width":283,"height":407,"caption":"NE DAJ CIKLAMAMA DA KLONU, Opinian"},{"@type":"BreadcrumbList","@id":"https:\/\/webknjizara.hr\/proizvod\/ne-daj-ciklamama-da-klonu-opinian\/#breadcrumb","itemListElement":[{"@type":"ListItem","position":1,"name":"Po\u010detna stranica","item":"https:\/\/webknjizara.hr\/en\/"},{"@type":"ListItem","position":2,"name":"Shop","item":"https:\/\/webknjizara.hr\/shop\/"},{"@type":"ListItem","position":3,"name":"NE DAJ CIKLAMAMA DA KLONU, Opinian"}]},{"@type":"WebSite","@id":"https:\/\/webknjizara.hr\/#website","url":"https:\/\/webknjizara.hr\/","name":"Web Knji\u017eara","description":"","publisher":{"@id":"https:\/\/webknjizara.hr\/#organization"},"potentialAction":[{"@type":"SearchAction","target":{"@type":"EntryPoint","urlTemplate":"https:\/\/webknjizara.hr\/?s={search_term_string}"},"query-input":{"@type":"PropertyValueSpecification","valueRequired":true,"valueName":"search_term_string"}}],"inLanguage":"en-US"},{"@type":"Organization","@id":"https:\/\/webknjizara.hr\/#organization","name":"REDAK D.O.O.","url":"https:\/\/webknjizara.hr\/","logo":{"@type":"ImageObject","inLanguage":"en-US","@id":"https:\/\/webknjizara.hr\/#\/schema\/logo\/image\/","url":"https:\/\/webknjizara.hr\/wp-content\/uploads\/2023\/01\/web-knjizara-logo.webp","contentUrl":"https:\/\/webknjizara.hr\/wp-content\/uploads\/2023\/01\/web-knjizara-logo.webp","width":324,"height":79,"caption":"REDAK D.O.O."},"image":{"@id":"https:\/\/webknjizara.hr\/#\/schema\/logo\/image\/"}}]}},"_links":{"self":[{"href":"https:\/\/webknjizara.hr\/en\/wp-json\/wp\/v2\/product\/7375","targetHints":{"allow":["GET"]}}],"collection":[{"href":"https:\/\/webknjizara.hr\/en\/wp-json\/wp\/v2\/product"}],"about":[{"href":"https:\/\/webknjizara.hr\/en\/wp-json\/wp\/v2\/types\/product"}],"replies":[{"embeddable":true,"href":"https:\/\/webknjizara.hr\/en\/wp-json\/wp\/v2\/comments?post=7375"}],"wp:featuredmedia":[{"embeddable":true,"href":"https:\/\/webknjizara.hr\/en\/wp-json\/wp\/v2\/media\/7376"}],"wp:attachment":[{"href":"https:\/\/webknjizara.hr\/en\/wp-json\/wp\/v2\/media?parent=7375"}],"wp:term":[{"taxonomy":"product_brand","embeddable":true,"href":"https:\/\/webknjizara.hr\/en\/wp-json\/wp\/v2\/product_brand?post=7375"},{"taxonomy":"product_cat","embeddable":true,"href":"https:\/\/webknjizara.hr\/en\/wp-json\/wp\/v2\/product_cat?post=7375"},{"taxonomy":"product_tag","embeddable":true,"href":"https:\/\/webknjizara.hr\/en\/wp-json\/wp\/v2\/product_tag?post=7375"}],"curies":[{"name":"wp","href":"https:\/\/api.w.org\/{rel}","templated":true}]}}