{"id":7373,"date":"2011-03-09T07:36:19","date_gmt":"2011-03-09T06:36:19","guid":{"rendered":"https:\/\/webknjizara.hr\/?product=toksikologija-hrane"},"modified":"2025-06-24T15:29:31","modified_gmt":"2025-06-24T13:29:31","slug":"toksikologija-hrane","status":"publish","type":"product","link":"https:\/\/webknjizara.hr\/en\/proizvod\/toksikologija-hrane\/","title":{"rendered":"TOKSIKOLOGIJA HRANE"},"content":{"rendered":"<p>\u00a0<\/p>\n<p><strong>Sa\u017eetak:<\/strong><\/p>\n<div style=\"text-align: justify;\">Kao sveu\u010dili\u0161ni ud\u017ebenik ovo je djelo namijenjeno prije svega studentima, polaznicima preddiplomskih, diplomskih, integriranih, specijalisti\u010dkih i doktorskih studija, ali i svima onima koji se bave toksikologijom hrane ili su zainteresirani za istra\u017eivanja u tom podru\u010dju. Tako\u0111er je namijenjeno svim institucijama koje raspola\u017eu znanjima o analiti\u010dkim postupcima za odre\u0111ivanje toksi\u010dnih sastojaka u hrani te stalnoj poduci svih onih koji se nalaze u lancu tih institucija. \u017delja nam je da takve institucije dobiju ve\u0107e zna\u010denje. Time bi mogu\u0107nost dodavanja nepo\u017eeljnih i nedeklariranih sastojaka hrani bila znatno umanjena. Nove spoznaje dovode do znatno ve\u0107e odgovornosti toksikologa pri odre\u0111ivanju zdravstvene ispravnosti hrane. <br \/>Kako je toksikologija hrane multidisciplinarna znanost, tekstovi u knjizi podijeljeni su u \u010detrnaest poglavlja koja su napisali najkompetentniji stru\u010dnjaci. <br \/>Dan je prikaz osnovnih pojmova u toksikologiji te sudbina otrova u ljudskom organizmu. Obra\u0111eni su pojmovi sigurnosti, odnosno rizika i mogu\u0107i izvori\u00a0 kontaminanata u hrani nastali zaga\u0111enjem okoli\u0161a, s naglaskom na pesticide, metale, prirodne toksine, aditive te utjecaj ionizacijskog zra\u010denja. Prvi se put na hrvatskome jeziku pojavljuje tekst o GMO hrani.<\/div>\n<p>Uvod (Davorka Sutlovi\u0107 i Jadranka Maru\u0161i\u0107)<br \/>Sudbina otrova u ljudskom organizmu\u00a0 (Davorka Sutlovi\u0107)<br \/>Utjecaj biosfere na kontaminaciju\u00a0 hrane (Angela Stipi\u0161i\u0107)<br \/>Rizi\u010dna hrana (Vedran Poljak)<br \/>Trovanja hranom uzrokovana mikroorganizmima (Danja La\u0161tre Primorac)<br \/>Pesticidi\u00a0 (Zrinka Maji\u0107)<br \/>Prehrambeni aditivi (Sanja Lueti\u0107\u00a0 i Zlatka Knezovi\u0107)<br \/>Hrana podvrgnuta ioniziracijskom zracenju (Jasminka Papi\u0107)<br \/>Toksi\u010dni metali I metaloidi u hrani (Angela Stipi\u0161i\u0107)<br \/>Genetski modificirani organizmi i GM hrana (Jelena \u017dafran Novak i Hrvoje Fulgosi)<br \/>Prirodni toksini (Zlatka Knezovi\u0107)<br \/>Toksikologija dodataka prehrani (Lea Pollak)<br \/>Toksikologija gljiva (Irena \u017duntar i Franjo Plav\u0161i\u0107)<br \/>Zakonodavstvo (Jadranka Maru\u0161i\u0107)<\/p>\n<p>\u00a0<\/p>\n<p><strong>Bilje\u0161ka o autorici<\/strong>:<\/p>\n<p class=\"NoSpacing\" style=\"text-align: justify;\">Dr. sc. Davorka Sutlovi\u0107, prof.<span lang=\"HR\">,<span> <\/span><\/span>Voditelj je djelatnosti kemije I na Odjelu sudske medicine Zavoda za patologiju, sudsku medicinu i citologiju KBC Split. Radi na Medicinskom fakultetu Sveu\u010dili\u0161ta u Splitu na Katedri za sudsku medicinu.<span> <\/span>Na diplomskom Sveu\u010dili\u0161nom studiju forenzike<span> <\/span>voditelj je Modula Forenzi\u010dna kemija i molekularna biologija i voditelj Katedre za forenzi\u010dnu kemiju i toksikologiju pri kojoj vodi nekoliko predmeta. Sudjeluje u poslijediplomskoj nastavi na Medicinskom i Pravnom fakultetu Sveu\u010dili\u0161ta u Splitu.<\/p>\n<p class=\"MsoNormal\" style=\"margin-bottom: 0.0001pt; text-align: justify; line-height: normal;\">Autorica je vi\u0161e znanstvenih i stru\u010dnih radova iz podru\u010dja forenzi\u010dne genetike i toksikologije. \u010clanica je nekoliko znanstvenih strukovnih organizacija i stalni sudski vje\u0161tak na \u017dupanijskom sudu Split.<\/p>\n<p>\u00a0<\/p>\n<p><strong>Naslov: <\/strong>TOKSIKOLOGIJA HRANE<strong><br \/>Autor: <\/strong>Davorka Sutlovi\u0107<strong><br \/>Broj stranica:<\/strong> 312<strong><br \/>Nakladnik: <\/strong>Redak<strong><br \/>Godina izdanja: <\/strong>2011.<strong><br \/>ISBN:<\/strong> 978-953-7595-40-1<strong><br \/>Tisak: <\/strong>digitalni tisak knjiga &#8211; print na zahtjev<\/p>\n<p>\u00a0<\/p>\n","protected":false},"excerpt":{"rendered":"<p>Davorka Sutlovi\u0107<\/p>\n","protected":false},"featured_media":7374,"comment_status":"open","ping_status":"closed","template":"","meta":{"_acf_changed":false},"product_brand":[],"product_cat":[1517],"product_tag":[],"class_list":{"0":"post-7373","1":"product","2":"type-product","3":"status-publish","4":"has-post-thumbnail","6":"product_cat-strucna-literatura","7":"pa_autor-u-obradi","8":"pa_nakladnik-unos-u-tijeku","10":"first","11":"instock","12":"shipping-taxable","13":"purchasable","14":"product-type-simple"},"acf":[],"yoast_head":"<!-- This site is optimized with the Yoast SEO plugin v27.3 - https:\/\/yoast.com\/product\/yoast-seo-wordpress\/ -->\n<title>TOKSIKOLOGIJA HRANE - Web-knji\u017eara<\/title>\n<meta name=\"robots\" content=\"index, follow, max-snippet:-1, max-image-preview:large, max-video-preview:-1\" \/>\n<link rel=\"canonical\" href=\"https:\/\/webknjizara.hr\/proizvod\/toksikologija-hrane\/\" \/>\n<meta property=\"og:locale\" content=\"en_US\" \/>\n<meta property=\"og:type\" content=\"article\" \/>\n<meta property=\"og:title\" content=\"TOKSIKOLOGIJA HRANE - Web-knji\u017eara\" \/>\n<meta property=\"og:description\" content=\"Davorka Sutlovi\u0107\" \/>\n<meta property=\"og:url\" content=\"https:\/\/webknjizara.hr\/proizvod\/toksikologija-hrane\/\" \/>\n<meta property=\"og:site_name\" content=\"Web-knji\u017eara\" \/>\n<meta property=\"article:modified_time\" content=\"2025-06-24T13:29:31+00:00\" \/>\n<meta property=\"og:image\" content=\"https:\/\/webknjizara.hr\/wp-content\/uploads\/nc\/images\/virtuemart\/product\/toksikologija-hr-4d773f9642bec.jpg\" \/>\n\t<meta property=\"og:image:width\" content=\"283\" \/>\n\t<meta property=\"og:image:height\" content=\"402\" \/>\n\t<meta property=\"og:image:type\" content=\"image\/jpeg\" \/>\n<meta name=\"twitter:card\" content=\"summary_large_image\" \/>\n<meta name=\"twitter:label1\" content=\"Est. reading time\" \/>\n\t<meta name=\"twitter:data1\" content=\"2 minutes\" \/>\n<script type=\"application\/ld+json\" class=\"yoast-schema-graph\">{\"@context\":\"https:\\\/\\\/schema.org\",\"@graph\":[{\"@type\":\"WebPage\",\"@id\":\"https:\\\/\\\/webknjizara.hr\\\/proizvod\\\/toksikologija-hrane\\\/\",\"url\":\"https:\\\/\\\/webknjizara.hr\\\/proizvod\\\/toksikologija-hrane\\\/\",\"name\":\"TOKSIKOLOGIJA HRANE - Web-knji\u017eara\",\"isPartOf\":{\"@id\":\"https:\\\/\\\/webknjizara.hr\\\/#website\"},\"primaryImageOfPage\":{\"@id\":\"https:\\\/\\\/webknjizara.hr\\\/proizvod\\\/toksikologija-hrane\\\/#primaryimage\"},\"image\":{\"@id\":\"https:\\\/\\\/webknjizara.hr\\\/proizvod\\\/toksikologija-hrane\\\/#primaryimage\"},\"thumbnailUrl\":\"https:\\\/\\\/webknjizara.hr\\\/wp-content\\\/uploads\\\/nc\\\/images\\\/virtuemart\\\/product\\\/toksikologija-hr-4d773f9642bec.jpg\",\"datePublished\":\"2011-03-09T06:36:19+00:00\",\"dateModified\":\"2025-06-24T13:29:31+00:00\",\"breadcrumb\":{\"@id\":\"https:\\\/\\\/webknjizara.hr\\\/proizvod\\\/toksikologija-hrane\\\/#breadcrumb\"},\"inLanguage\":\"en-US\",\"potentialAction\":[{\"@type\":\"ReadAction\",\"target\":[\"https:\\\/\\\/webknjizara.hr\\\/proizvod\\\/toksikologija-hrane\\\/\"]}]},{\"@type\":\"ImageObject\",\"inLanguage\":\"en-US\",\"@id\":\"https:\\\/\\\/webknjizara.hr\\\/proizvod\\\/toksikologija-hrane\\\/#primaryimage\",\"url\":\"https:\\\/\\\/webknjizara.hr\\\/wp-content\\\/uploads\\\/nc\\\/images\\\/virtuemart\\\/product\\\/toksikologija-hr-4d773f9642bec.jpg\",\"contentUrl\":\"https:\\\/\\\/webknjizara.hr\\\/wp-content\\\/uploads\\\/nc\\\/images\\\/virtuemart\\\/product\\\/toksikologija-hr-4d773f9642bec.jpg\",\"width\":283,\"height\":402,\"caption\":\"TOKSIKOLOGIJA HRANE\"},{\"@type\":\"BreadcrumbList\",\"@id\":\"https:\\\/\\\/webknjizara.hr\\\/proizvod\\\/toksikologija-hrane\\\/#breadcrumb\",\"itemListElement\":[{\"@type\":\"ListItem\",\"position\":1,\"name\":\"Po\u010detna stranica\",\"item\":\"https:\\\/\\\/webknjizara.hr\\\/en\\\/\"},{\"@type\":\"ListItem\",\"position\":2,\"name\":\"Shop\",\"item\":\"https:\\\/\\\/webknjizara.hr\\\/shop\\\/\"},{\"@type\":\"ListItem\",\"position\":3,\"name\":\"TOKSIKOLOGIJA HRANE\"}]},{\"@type\":\"WebSite\",\"@id\":\"https:\\\/\\\/webknjizara.hr\\\/#website\",\"url\":\"https:\\\/\\\/webknjizara.hr\\\/\",\"name\":\"Web Knji\u017eara\",\"description\":\"\",\"publisher\":{\"@id\":\"https:\\\/\\\/webknjizara.hr\\\/#organization\"},\"potentialAction\":[{\"@type\":\"SearchAction\",\"target\":{\"@type\":\"EntryPoint\",\"urlTemplate\":\"https:\\\/\\\/webknjizara.hr\\\/?s={search_term_string}\"},\"query-input\":{\"@type\":\"PropertyValueSpecification\",\"valueRequired\":true,\"valueName\":\"search_term_string\"}}],\"inLanguage\":\"en-US\"},{\"@type\":\"Organization\",\"@id\":\"https:\\\/\\\/webknjizara.hr\\\/#organization\",\"name\":\"REDAK D.O.O.\",\"url\":\"https:\\\/\\\/webknjizara.hr\\\/\",\"logo\":{\"@type\":\"ImageObject\",\"inLanguage\":\"en-US\",\"@id\":\"https:\\\/\\\/webknjizara.hr\\\/#\\\/schema\\\/logo\\\/image\\\/\",\"url\":\"https:\\\/\\\/webknjizara.hr\\\/wp-content\\\/uploads\\\/2023\\\/01\\\/web-knjizara-logo.webp\",\"contentUrl\":\"https:\\\/\\\/webknjizara.hr\\\/wp-content\\\/uploads\\\/2023\\\/01\\\/web-knjizara-logo.webp\",\"width\":324,\"height\":79,\"caption\":\"REDAK D.O.O.\"},\"image\":{\"@id\":\"https:\\\/\\\/webknjizara.hr\\\/#\\\/schema\\\/logo\\\/image\\\/\"}}]}<\/script>\n<!-- \/ Yoast SEO plugin. -->","yoast_head_json":{"title":"TOKSIKOLOGIJA HRANE - Web-knji\u017eara","robots":{"index":"index","follow":"follow","max-snippet":"max-snippet:-1","max-image-preview":"max-image-preview:large","max-video-preview":"max-video-preview:-1"},"canonical":"https:\/\/webknjizara.hr\/proizvod\/toksikologija-hrane\/","og_locale":"en_US","og_type":"article","og_title":"TOKSIKOLOGIJA HRANE - Web-knji\u017eara","og_description":"Davorka Sutlovi\u0107","og_url":"https:\/\/webknjizara.hr\/proizvod\/toksikologija-hrane\/","og_site_name":"Web-knji\u017eara","article_modified_time":"2025-06-24T13:29:31+00:00","og_image":[{"width":283,"height":402,"url":"https:\/\/webknjizara.hr\/wp-content\/uploads\/nc\/images\/virtuemart\/product\/toksikologija-hr-4d773f9642bec.jpg","type":"image\/jpeg"}],"twitter_card":"summary_large_image","twitter_misc":{"Est. reading time":"2 minutes"},"schema":{"@context":"https:\/\/schema.org","@graph":[{"@type":"WebPage","@id":"https:\/\/webknjizara.hr\/proizvod\/toksikologija-hrane\/","url":"https:\/\/webknjizara.hr\/proizvod\/toksikologija-hrane\/","name":"TOKSIKOLOGIJA HRANE - Web-knji\u017eara","isPartOf":{"@id":"https:\/\/webknjizara.hr\/#website"},"primaryImageOfPage":{"@id":"https:\/\/webknjizara.hr\/proizvod\/toksikologija-hrane\/#primaryimage"},"image":{"@id":"https:\/\/webknjizara.hr\/proizvod\/toksikologija-hrane\/#primaryimage"},"thumbnailUrl":"https:\/\/webknjizara.hr\/wp-content\/uploads\/nc\/images\/virtuemart\/product\/toksikologija-hr-4d773f9642bec.jpg","datePublished":"2011-03-09T06:36:19+00:00","dateModified":"2025-06-24T13:29:31+00:00","breadcrumb":{"@id":"https:\/\/webknjizara.hr\/proizvod\/toksikologija-hrane\/#breadcrumb"},"inLanguage":"en-US","potentialAction":[{"@type":"ReadAction","target":["https:\/\/webknjizara.hr\/proizvod\/toksikologija-hrane\/"]}]},{"@type":"ImageObject","inLanguage":"en-US","@id":"https:\/\/webknjizara.hr\/proizvod\/toksikologija-hrane\/#primaryimage","url":"https:\/\/webknjizara.hr\/wp-content\/uploads\/nc\/images\/virtuemart\/product\/toksikologija-hr-4d773f9642bec.jpg","contentUrl":"https:\/\/webknjizara.hr\/wp-content\/uploads\/nc\/images\/virtuemart\/product\/toksikologija-hr-4d773f9642bec.jpg","width":283,"height":402,"caption":"TOKSIKOLOGIJA HRANE"},{"@type":"BreadcrumbList","@id":"https:\/\/webknjizara.hr\/proizvod\/toksikologija-hrane\/#breadcrumb","itemListElement":[{"@type":"ListItem","position":1,"name":"Po\u010detna stranica","item":"https:\/\/webknjizara.hr\/en\/"},{"@type":"ListItem","position":2,"name":"Shop","item":"https:\/\/webknjizara.hr\/shop\/"},{"@type":"ListItem","position":3,"name":"TOKSIKOLOGIJA HRANE"}]},{"@type":"WebSite","@id":"https:\/\/webknjizara.hr\/#website","url":"https:\/\/webknjizara.hr\/","name":"Web Knji\u017eara","description":"","publisher":{"@id":"https:\/\/webknjizara.hr\/#organization"},"potentialAction":[{"@type":"SearchAction","target":{"@type":"EntryPoint","urlTemplate":"https:\/\/webknjizara.hr\/?s={search_term_string}"},"query-input":{"@type":"PropertyValueSpecification","valueRequired":true,"valueName":"search_term_string"}}],"inLanguage":"en-US"},{"@type":"Organization","@id":"https:\/\/webknjizara.hr\/#organization","name":"REDAK D.O.O.","url":"https:\/\/webknjizara.hr\/","logo":{"@type":"ImageObject","inLanguage":"en-US","@id":"https:\/\/webknjizara.hr\/#\/schema\/logo\/image\/","url":"https:\/\/webknjizara.hr\/wp-content\/uploads\/2023\/01\/web-knjizara-logo.webp","contentUrl":"https:\/\/webknjizara.hr\/wp-content\/uploads\/2023\/01\/web-knjizara-logo.webp","width":324,"height":79,"caption":"REDAK D.O.O."},"image":{"@id":"https:\/\/webknjizara.hr\/#\/schema\/logo\/image\/"}}]}},"_links":{"self":[{"href":"https:\/\/webknjizara.hr\/en\/wp-json\/wp\/v2\/product\/7373","targetHints":{"allow":["GET"]}}],"collection":[{"href":"https:\/\/webknjizara.hr\/en\/wp-json\/wp\/v2\/product"}],"about":[{"href":"https:\/\/webknjizara.hr\/en\/wp-json\/wp\/v2\/types\/product"}],"replies":[{"embeddable":true,"href":"https:\/\/webknjizara.hr\/en\/wp-json\/wp\/v2\/comments?post=7373"}],"wp:featuredmedia":[{"embeddable":true,"href":"https:\/\/webknjizara.hr\/en\/wp-json\/wp\/v2\/media\/7374"}],"wp:attachment":[{"href":"https:\/\/webknjizara.hr\/en\/wp-json\/wp\/v2\/media?parent=7373"}],"wp:term":[{"taxonomy":"product_brand","embeddable":true,"href":"https:\/\/webknjizara.hr\/en\/wp-json\/wp\/v2\/product_brand?post=7373"},{"taxonomy":"product_cat","embeddable":true,"href":"https:\/\/webknjizara.hr\/en\/wp-json\/wp\/v2\/product_cat?post=7373"},{"taxonomy":"product_tag","embeddable":true,"href":"https:\/\/webknjizara.hr\/en\/wp-json\/wp\/v2\/product_tag?post=7373"}],"curies":[{"name":"wp","href":"https:\/\/api.w.org\/{rel}","templated":true}]}}