{"id":7367,"date":"2011-02-17T14:35:47","date_gmt":"2011-02-17T14:35:47","guid":{"rendered":"https:\/\/webknjizara.hr\/?product=facebook-kao-oruzje-ivo-scepanovic"},"modified":"2023-02-27T00:15:33","modified_gmt":"2023-02-26T23:15:33","slug":"facebook-kao-oruzje-ivo-scepanovic","status":"publish","type":"product","link":"https:\/\/webknjizara.hr\/en\/proizvod\/facebook-kao-oruzje-ivo-scepanovic\/","title":{"rendered":"FACEBOOK KAO ORU\u017dJE, Ivo \u0160\u0107epanovi\u0107"},"content":{"rendered":"<p>\u00a0<\/p>\n<p><strong>Sa\u017eetak:<\/strong><\/p>\n<p style=\"text-align: justify;\">Djevojka ruskog porijekla nakon smrti roditelja ostaje sama u Splitu, u\u017eivaju\u0107i potporu strica tajkuna iz Moskve. Skromna Ana Sultanbekova, nezaposlena veterinarka, nesklona modernoj tehnologiji, trpi uvrede i izdaju od razma\u017eenih i neosje\u0107ajnih doju\u010dera\u0161njih prijatelja te biv\u0161eg momka. U jednom trenutku odlu\u010di &#8221;kazniti neke ljude&#8221;, a kao glavno sredstvo osvete odlu\u010di izabrati &#8211; Facebook.<\/p>\n<p>\u00a0<\/p>\n<p><strong>Bilje\u0161ka o autoru:<\/strong><\/p>\n<p style=\"text-align: justify;\">Ivo \u0160\u0107epanovi\u0107 novinar je agencije Central European News, ro\u0111en 9. srpnja 1968. u Hvaru. Dugi niz godina radio je kao reporter lista Slobodna Dalmacija, a nakon toga objavljuje tekstove u nekim od vode\u0107ih svjetskih listova poput londonskog Timesa ili Telegrapha, te u novinama i \u010dasopisima na doslovno svim kontinentima. Ko-autor je i knjige dokumentaristi\u010dkog pristupa &#8221;Me\u0111ugorje &#8211; 30 godina fenomena&#8221;, izdane na \u0161est jezika.<\/p>\n<p><span style=\"color: #333399;\"><span id=\"result_box\" lang=\"en\"><span title=\"Kliknite za alternativne prijevode\" class=\"hps\"><\/span><span title=\"Kliknite za alternativne prijevode\"><\/span><a href=\"hr\/about-joomla?page=shop.product_details&#038;category_id=4&#038;flypage=flypage.tpl&#038;product_id=125\"><span title=\"Kliknite za alternativne prijevode\" class=\"hps\">FACEBOOK AS A WEAPON (english)<\/span><\/a><a href=\"hr\/component\/virtuemart\/?page=shop.product_details&#038;flypage=flypage.tpl&#038;category_id=4&#038;product_id=125\"><span title=\"Kliknite za alternativne prijevode\" class=\"hps\"><\/span><\/a><\/span><\/span><\/p>\n<p><strong>Naslov:<\/strong> FACEBOOK KAO ORU\u017dJE<br \/><strong>Autor:<\/strong> Ivo \u0160\u0107epanovi\u0107<br \/><strong>Broj stranica:<\/strong> 108<br \/><strong>Nakladnik:<\/strong> Redak<br \/><strong>Godina izdanja: <\/strong>2011.<br \/><strong>ISBN:<\/strong> 978-953-7595-33-3<br \/><strong>Tisak:<\/strong> digitalni tisak knjiga &#8211; print na zahtjev<\/p>\n","protected":false},"excerpt":{"rendered":"<p>\u00a0 Sa\u017eetak: Djevojka ruskog porijekla nakon smrti roditelja ostaje sama u Splitu, u\u017eivaju\u0107i potporu strica tajkuna iz Moskve. Skromna Ana Sultanbekova, nezaposlena veterinarka, nesklona modernoj tehnologiji, trpi uvrede i izdaju od razma\u017eenih i neosje\u0107ajnih doju\u010dera\u0161njih prijatelja te biv\u0161eg momka. U jednom trenutku odlu\u010di &#8221;kazniti neke ljude&#8221;, a kao glavno sredstvo osvete odlu\u010di izabrati &#8211; Facebook. [&hellip;]<\/p>\n","protected":false},"featured_media":7368,"comment_status":"open","ping_status":"closed","template":"","meta":{"_acf_changed":false},"product_brand":[],"product_cat":[1383,1385],"product_tag":[],"class_list":{"0":"post-7367","1":"product","2":"type-product","3":"status-publish","4":"has-post-thumbnail","6":"product_cat-knjige","7":"product_cat-knjizevnost","8":"pa_autor-ivo-scepanovic","9":"pa_nakladnik-redak","11":"first","12":"instock","13":"shipping-taxable","14":"purchasable","15":"product-type-simple"},"acf":[],"yoast_head":"<!-- This site is optimized with the Yoast SEO plugin v27.3 - https:\/\/yoast.com\/product\/yoast-seo-wordpress\/ -->\n<title>FACEBOOK KAO ORU\u017dJE, Ivo \u0160\u0107epanovi\u0107 - Web-knji\u017eara<\/title>\n<meta name=\"robots\" content=\"index, follow, max-snippet:-1, max-image-preview:large, max-video-preview:-1\" \/>\n<link rel=\"canonical\" href=\"https:\/\/webknjizara.hr\/proizvod\/facebook-kao-oruzje-ivo-scepanovic\/\" \/>\n<meta property=\"og:locale\" content=\"en_US\" \/>\n<meta property=\"og:type\" content=\"article\" \/>\n<meta property=\"og:title\" content=\"FACEBOOK KAO ORU\u017dJE, Ivo \u0160\u0107epanovi\u0107 - Web-knji\u017eara\" \/>\n<meta property=\"og:description\" content=\"\u00a0 Sa\u017eetak: Djevojka ruskog porijekla nakon smrti roditelja ostaje sama u Splitu, u\u017eivaju\u0107i potporu strica tajkuna iz Moskve. Skromna Ana Sultanbekova, nezaposlena veterinarka, nesklona modernoj tehnologiji, trpi uvrede i izdaju od razma\u017eenih i neosje\u0107ajnih doju\u010dera\u0161njih prijatelja te biv\u0161eg momka. U jednom trenutku odlu\u010di &#8221;kazniti neke ljude&#8221;, a kao glavno sredstvo osvete odlu\u010di izabrati &#8211; Facebook. [&hellip;]\" \/>\n<meta property=\"og:url\" content=\"https:\/\/webknjizara.hr\/proizvod\/facebook-kao-oruzje-ivo-scepanovic\/\" \/>\n<meta property=\"og:site_name\" content=\"Web-knji\u017eara\" \/>\n<meta property=\"article:modified_time\" content=\"2023-02-26T23:15:33+00:00\" \/>\n<meta property=\"og:image\" content=\"https:\/\/webknjizara.hr\/wp-content\/uploads\/nc\/images\/virtuemart\/product\/facebook-kao-oru-4d5d3243483e0.jpg\" \/>\n\t<meta property=\"og:image:width\" content=\"283\" \/>\n\t<meta property=\"og:image:height\" content=\"478\" \/>\n\t<meta property=\"og:image:type\" content=\"image\/jpeg\" \/>\n<meta name=\"twitter:card\" content=\"summary_large_image\" \/>\n<meta name=\"twitter:label1\" content=\"Est. reading time\" \/>\n\t<meta name=\"twitter:data1\" content=\"1 minute\" \/>\n<script type=\"application\/ld+json\" class=\"yoast-schema-graph\">{\"@context\":\"https:\\\/\\\/schema.org\",\"@graph\":[{\"@type\":\"WebPage\",\"@id\":\"https:\\\/\\\/webknjizara.hr\\\/proizvod\\\/facebook-kao-oruzje-ivo-scepanovic\\\/\",\"url\":\"https:\\\/\\\/webknjizara.hr\\\/proizvod\\\/facebook-kao-oruzje-ivo-scepanovic\\\/\",\"name\":\"FACEBOOK KAO ORU\u017dJE, Ivo \u0160\u0107epanovi\u0107 - Web-knji\u017eara\",\"isPartOf\":{\"@id\":\"https:\\\/\\\/webknjizara.hr\\\/#website\"},\"primaryImageOfPage\":{\"@id\":\"https:\\\/\\\/webknjizara.hr\\\/proizvod\\\/facebook-kao-oruzje-ivo-scepanovic\\\/#primaryimage\"},\"image\":{\"@id\":\"https:\\\/\\\/webknjizara.hr\\\/proizvod\\\/facebook-kao-oruzje-ivo-scepanovic\\\/#primaryimage\"},\"thumbnailUrl\":\"https:\\\/\\\/webknjizara.hr\\\/wp-content\\\/uploads\\\/nc\\\/images\\\/virtuemart\\\/product\\\/facebook-kao-oru-4d5d3243483e0.jpg\",\"datePublished\":\"2011-02-17T14:35:47+00:00\",\"dateModified\":\"2023-02-26T23:15:33+00:00\",\"breadcrumb\":{\"@id\":\"https:\\\/\\\/webknjizara.hr\\\/proizvod\\\/facebook-kao-oruzje-ivo-scepanovic\\\/#breadcrumb\"},\"inLanguage\":\"en-US\",\"potentialAction\":[{\"@type\":\"ReadAction\",\"target\":[\"https:\\\/\\\/webknjizara.hr\\\/proizvod\\\/facebook-kao-oruzje-ivo-scepanovic\\\/\"]}]},{\"@type\":\"ImageObject\",\"inLanguage\":\"en-US\",\"@id\":\"https:\\\/\\\/webknjizara.hr\\\/proizvod\\\/facebook-kao-oruzje-ivo-scepanovic\\\/#primaryimage\",\"url\":\"https:\\\/\\\/webknjizara.hr\\\/wp-content\\\/uploads\\\/nc\\\/images\\\/virtuemart\\\/product\\\/facebook-kao-oru-4d5d3243483e0.jpg\",\"contentUrl\":\"https:\\\/\\\/webknjizara.hr\\\/wp-content\\\/uploads\\\/nc\\\/images\\\/virtuemart\\\/product\\\/facebook-kao-oru-4d5d3243483e0.jpg\",\"width\":283,\"height\":478,\"caption\":\"FACEBOOK KAO ORU\u017dJE, Ivo \u0160\u0107epanovi\u0107\"},{\"@type\":\"BreadcrumbList\",\"@id\":\"https:\\\/\\\/webknjizara.hr\\\/proizvod\\\/facebook-kao-oruzje-ivo-scepanovic\\\/#breadcrumb\",\"itemListElement\":[{\"@type\":\"ListItem\",\"position\":1,\"name\":\"Po\u010detna stranica\",\"item\":\"https:\\\/\\\/webknjizara.hr\\\/en\\\/\"},{\"@type\":\"ListItem\",\"position\":2,\"name\":\"Shop\",\"item\":\"https:\\\/\\\/webknjizara.hr\\\/shop\\\/\"},{\"@type\":\"ListItem\",\"position\":3,\"name\":\"FACEBOOK KAO ORU\u017dJE, Ivo \u0160\u0107epanovi\u0107\"}]},{\"@type\":\"WebSite\",\"@id\":\"https:\\\/\\\/webknjizara.hr\\\/#website\",\"url\":\"https:\\\/\\\/webknjizara.hr\\\/\",\"name\":\"Web Knji\u017eara\",\"description\":\"\",\"publisher\":{\"@id\":\"https:\\\/\\\/webknjizara.hr\\\/#organization\"},\"potentialAction\":[{\"@type\":\"SearchAction\",\"target\":{\"@type\":\"EntryPoint\",\"urlTemplate\":\"https:\\\/\\\/webknjizara.hr\\\/?s={search_term_string}\"},\"query-input\":{\"@type\":\"PropertyValueSpecification\",\"valueRequired\":true,\"valueName\":\"search_term_string\"}}],\"inLanguage\":\"en-US\"},{\"@type\":\"Organization\",\"@id\":\"https:\\\/\\\/webknjizara.hr\\\/#organization\",\"name\":\"REDAK D.O.O.\",\"url\":\"https:\\\/\\\/webknjizara.hr\\\/\",\"logo\":{\"@type\":\"ImageObject\",\"inLanguage\":\"en-US\",\"@id\":\"https:\\\/\\\/webknjizara.hr\\\/#\\\/schema\\\/logo\\\/image\\\/\",\"url\":\"https:\\\/\\\/webknjizara.hr\\\/wp-content\\\/uploads\\\/2023\\\/01\\\/web-knjizara-logo.webp\",\"contentUrl\":\"https:\\\/\\\/webknjizara.hr\\\/wp-content\\\/uploads\\\/2023\\\/01\\\/web-knjizara-logo.webp\",\"width\":324,\"height\":79,\"caption\":\"REDAK D.O.O.\"},\"image\":{\"@id\":\"https:\\\/\\\/webknjizara.hr\\\/#\\\/schema\\\/logo\\\/image\\\/\"}}]}<\/script>\n<!-- \/ Yoast SEO plugin. -->","yoast_head_json":{"title":"FACEBOOK KAO ORU\u017dJE, Ivo \u0160\u0107epanovi\u0107 - Web-knji\u017eara","robots":{"index":"index","follow":"follow","max-snippet":"max-snippet:-1","max-image-preview":"max-image-preview:large","max-video-preview":"max-video-preview:-1"},"canonical":"https:\/\/webknjizara.hr\/proizvod\/facebook-kao-oruzje-ivo-scepanovic\/","og_locale":"en_US","og_type":"article","og_title":"FACEBOOK KAO ORU\u017dJE, Ivo \u0160\u0107epanovi\u0107 - Web-knji\u017eara","og_description":"\u00a0 Sa\u017eetak: Djevojka ruskog porijekla nakon smrti roditelja ostaje sama u Splitu, u\u017eivaju\u0107i potporu strica tajkuna iz Moskve. Skromna Ana Sultanbekova, nezaposlena veterinarka, nesklona modernoj tehnologiji, trpi uvrede i izdaju od razma\u017eenih i neosje\u0107ajnih doju\u010dera\u0161njih prijatelja te biv\u0161eg momka. U jednom trenutku odlu\u010di &#8221;kazniti neke ljude&#8221;, a kao glavno sredstvo osvete odlu\u010di izabrati &#8211; Facebook. [&hellip;]","og_url":"https:\/\/webknjizara.hr\/proizvod\/facebook-kao-oruzje-ivo-scepanovic\/","og_site_name":"Web-knji\u017eara","article_modified_time":"2023-02-26T23:15:33+00:00","og_image":[{"width":283,"height":478,"url":"https:\/\/webknjizara.hr\/wp-content\/uploads\/nc\/images\/virtuemart\/product\/facebook-kao-oru-4d5d3243483e0.jpg","type":"image\/jpeg"}],"twitter_card":"summary_large_image","twitter_misc":{"Est. reading time":"1 minute"},"schema":{"@context":"https:\/\/schema.org","@graph":[{"@type":"WebPage","@id":"https:\/\/webknjizara.hr\/proizvod\/facebook-kao-oruzje-ivo-scepanovic\/","url":"https:\/\/webknjizara.hr\/proizvod\/facebook-kao-oruzje-ivo-scepanovic\/","name":"FACEBOOK KAO ORU\u017dJE, Ivo \u0160\u0107epanovi\u0107 - Web-knji\u017eara","isPartOf":{"@id":"https:\/\/webknjizara.hr\/#website"},"primaryImageOfPage":{"@id":"https:\/\/webknjizara.hr\/proizvod\/facebook-kao-oruzje-ivo-scepanovic\/#primaryimage"},"image":{"@id":"https:\/\/webknjizara.hr\/proizvod\/facebook-kao-oruzje-ivo-scepanovic\/#primaryimage"},"thumbnailUrl":"https:\/\/webknjizara.hr\/wp-content\/uploads\/nc\/images\/virtuemart\/product\/facebook-kao-oru-4d5d3243483e0.jpg","datePublished":"2011-02-17T14:35:47+00:00","dateModified":"2023-02-26T23:15:33+00:00","breadcrumb":{"@id":"https:\/\/webknjizara.hr\/proizvod\/facebook-kao-oruzje-ivo-scepanovic\/#breadcrumb"},"inLanguage":"en-US","potentialAction":[{"@type":"ReadAction","target":["https:\/\/webknjizara.hr\/proizvod\/facebook-kao-oruzje-ivo-scepanovic\/"]}]},{"@type":"ImageObject","inLanguage":"en-US","@id":"https:\/\/webknjizara.hr\/proizvod\/facebook-kao-oruzje-ivo-scepanovic\/#primaryimage","url":"https:\/\/webknjizara.hr\/wp-content\/uploads\/nc\/images\/virtuemart\/product\/facebook-kao-oru-4d5d3243483e0.jpg","contentUrl":"https:\/\/webknjizara.hr\/wp-content\/uploads\/nc\/images\/virtuemart\/product\/facebook-kao-oru-4d5d3243483e0.jpg","width":283,"height":478,"caption":"FACEBOOK KAO ORU\u017dJE, Ivo \u0160\u0107epanovi\u0107"},{"@type":"BreadcrumbList","@id":"https:\/\/webknjizara.hr\/proizvod\/facebook-kao-oruzje-ivo-scepanovic\/#breadcrumb","itemListElement":[{"@type":"ListItem","position":1,"name":"Po\u010detna stranica","item":"https:\/\/webknjizara.hr\/en\/"},{"@type":"ListItem","position":2,"name":"Shop","item":"https:\/\/webknjizara.hr\/shop\/"},{"@type":"ListItem","position":3,"name":"FACEBOOK KAO ORU\u017dJE, Ivo \u0160\u0107epanovi\u0107"}]},{"@type":"WebSite","@id":"https:\/\/webknjizara.hr\/#website","url":"https:\/\/webknjizara.hr\/","name":"Web Knji\u017eara","description":"","publisher":{"@id":"https:\/\/webknjizara.hr\/#organization"},"potentialAction":[{"@type":"SearchAction","target":{"@type":"EntryPoint","urlTemplate":"https:\/\/webknjizara.hr\/?s={search_term_string}"},"query-input":{"@type":"PropertyValueSpecification","valueRequired":true,"valueName":"search_term_string"}}],"inLanguage":"en-US"},{"@type":"Organization","@id":"https:\/\/webknjizara.hr\/#organization","name":"REDAK D.O.O.","url":"https:\/\/webknjizara.hr\/","logo":{"@type":"ImageObject","inLanguage":"en-US","@id":"https:\/\/webknjizara.hr\/#\/schema\/logo\/image\/","url":"https:\/\/webknjizara.hr\/wp-content\/uploads\/2023\/01\/web-knjizara-logo.webp","contentUrl":"https:\/\/webknjizara.hr\/wp-content\/uploads\/2023\/01\/web-knjizara-logo.webp","width":324,"height":79,"caption":"REDAK D.O.O."},"image":{"@id":"https:\/\/webknjizara.hr\/#\/schema\/logo\/image\/"}}]}},"_links":{"self":[{"href":"https:\/\/webknjizara.hr\/en\/wp-json\/wp\/v2\/product\/7367","targetHints":{"allow":["GET"]}}],"collection":[{"href":"https:\/\/webknjizara.hr\/en\/wp-json\/wp\/v2\/product"}],"about":[{"href":"https:\/\/webknjizara.hr\/en\/wp-json\/wp\/v2\/types\/product"}],"replies":[{"embeddable":true,"href":"https:\/\/webknjizara.hr\/en\/wp-json\/wp\/v2\/comments?post=7367"}],"wp:featuredmedia":[{"embeddable":true,"href":"https:\/\/webknjizara.hr\/en\/wp-json\/wp\/v2\/media\/7368"}],"wp:attachment":[{"href":"https:\/\/webknjizara.hr\/en\/wp-json\/wp\/v2\/media?parent=7367"}],"wp:term":[{"taxonomy":"product_brand","embeddable":true,"href":"https:\/\/webknjizara.hr\/en\/wp-json\/wp\/v2\/product_brand?post=7367"},{"taxonomy":"product_cat","embeddable":true,"href":"https:\/\/webknjizara.hr\/en\/wp-json\/wp\/v2\/product_cat?post=7367"},{"taxonomy":"product_tag","embeddable":true,"href":"https:\/\/webknjizara.hr\/en\/wp-json\/wp\/v2\/product_tag?post=7367"}],"curies":[{"name":"wp","href":"https:\/\/api.w.org\/{rel}","templated":true}]}}