{"id":7359,"date":"2011-01-21T15:15:31","date_gmt":"2011-01-21T15:15:31","guid":{"rendered":"https:\/\/webknjizara.hr\/?product=financijsko-racunovodstvo-ii-2011-jasenka-bubic"},"modified":"2023-02-27T00:15:32","modified_gmt":"2023-02-26T23:15:32","slug":"financijsko-racunovodstvo-ii-2011-jasenka-bubic","status":"publish","type":"product","link":"https:\/\/webknjizara.hr\/en\/proizvod\/financijsko-racunovodstvo-ii-2011-jasenka-bubic\/","title":{"rendered":"FINANCIJSKO RA\u010cUNOVODSTVO II (2011) Jasenka Bubi\u0107"},"content":{"rendered":"<p>\u00a0<\/p>\n<p><strong>Sa\u017eetak:<\/strong><\/p>\n<div style=\"text-align: justify;\">Knjiga \u00abFinancijsko ra\u010dunovodstvo II- ra\u010dunovodstveno porezni koncepti\u00bb namijenjena je stru\u010dnoj javnosti koja se bavi naprednim financijskim ra\u010dunovodstvom i korporacijskim porezom. Djelo je tako\u0111er usmjereno ka visokim u\u010dili\u0161tima ekonomskih studija na kojima se izu\u010dava predmet naprednog financijskog ra\u010dunovodstva i predmeti koji tangiraju koncepte korporacijskog poreza.<\/div>\n<p><\/p>\n<div style=\"text-align: justify;\">Predmetna tematika promatra se kroz pet tematskih cjelina. Prva cjelina definira i obra\u0111uje naknadno mjerenje i metode naknadnog mjerenja dugotrajne materijalne imovine. Drugom cjelinom prezentira se podru\u010dje svih oblika najmova dugotrajne materijalne imovine.Temeljna odre\u0111enja po\u010detnog i naknadnog vrednovanja imovine Ulaganja u nekretnine (investicijske nekretnine) prezentiraju se u tre\u0107oj tematskoj cjelini. \u010cetvrta cjelina obrazla\u017ee ra\u010dunovodstveni obuhvat razli\u010ditih poslovnih kombinacija te odre\u0111enja konsolidiranih financijskih izvje\u0161taja. Izvje\u0161tavanje o kapitalu i njegovo o\u010duvanje prema razli\u010ditim konceptima kapitala izla\u017ee se u petoj tematskoj cjelini.<\/div>\n<p><strong>Bilje\u0161ka o autorici:<\/strong><\/p>\n<div style=\"text-align: justify;\">Dr. sc. Jasenka Bubi\u0107, u zvanju je vi\u0161eg predava\u010da na Odsjeku za Ra\u010dunovodstvo i financije Sveu\u010dili\u0161ta u Splitu, Sveu\u010dili\u0161nog studijskog centra za stru\u010dne studije. Nositeljica je kolegija na preddiplomskom stru\u010dnom studiju i to za Ra\u010dunovodstvo, Financijsko ra\u010dunovodstvo I, Financijsko ra\u010dunovodstvo II i Ra\u010dunovodstvo tro\u0161kova. Na specijalisti\u010dkom diplomskom stru\u010dnom studiju RIF-a, nositeljica je kolegija Krizni management te kolegija Oporezivanje dobiti na Specijalisti\u010dkim diplomskom stru\u010dnom studiju Management na Ekonomskom fakultetu u Splitu kao vanjski suradnik. Autorica je dvadesetak znanstvenih i stru\u010dnih radova iz podru\u010dja ra\u010dunovodstva, menad\u017ementa i poreza. \u010clanica je nekoliko stru\u010dnih asocijacija.<\/div>\n<p><strong>Naslov: <\/strong>Financijsko ra\u010dunovodstvo II<br \/><strong>Autor:<\/strong> Jasenka Bubi\u0107<br \/><strong>Broj stranica:<\/strong> 72<br \/><strong>Nakladnik:<\/strong> Redak <br \/><strong>Godina izdanja:<\/strong> 2011.<br \/><strong>ISBN:<\/strong> 978-953-7595-32-6<br \/><strong>Tisak:<\/strong> digitalni tisak knjiga &#8211; print na zahtjev<\/p>\n","protected":false},"excerpt":{"rendered":"<p>\u00a0 Sa\u017eetak: Knjiga \u00abFinancijsko ra\u010dunovodstvo II- ra\u010dunovodstveno porezni koncepti\u00bb namijenjena je stru\u010dnoj javnosti koja se bavi naprednim financijskim ra\u010dunovodstvom i korporacijskim porezom. Djelo je tako\u0111er usmjereno ka visokim u\u010dili\u0161tima ekonomskih studija na kojima se izu\u010dava predmet naprednog financijskog ra\u010dunovodstva i predmeti koji tangiraju koncepte korporacijskog poreza. Predmetna tematika promatra se kroz pet tematskih cjelina. Prva [&hellip;]<\/p>\n","protected":false},"featured_media":7360,"comment_status":"open","ping_status":"closed","template":"","meta":{"_acf_changed":false},"product_brand":[],"product_cat":[1517],"product_tag":[],"class_list":{"0":"post-7359","1":"product","2":"type-product","3":"status-publish","4":"has-post-thumbnail","6":"product_cat-strucna-literatura","7":"pa_autor-jasenka-bubic","8":"pa_nakladnik-redak","10":"first","11":"instock","12":"shipping-taxable","13":"purchasable","14":"product-type-simple"},"acf":[],"yoast_head":"<!-- This site is optimized with the Yoast SEO plugin v27.3 - https:\/\/yoast.com\/product\/yoast-seo-wordpress\/ -->\n<title>FINANCIJSKO RA\u010cUNOVODSTVO II (2011) Jasenka Bubi\u0107 - Web-knji\u017eara<\/title>\n<meta name=\"robots\" content=\"index, follow, max-snippet:-1, max-image-preview:large, max-video-preview:-1\" \/>\n<link rel=\"canonical\" href=\"https:\/\/webknjizara.hr\/proizvod\/financijsko-racunovodstvo-ii-2011-jasenka-bubic\/\" \/>\n<meta property=\"og:locale\" content=\"en_US\" \/>\n<meta property=\"og:type\" content=\"article\" \/>\n<meta property=\"og:title\" content=\"FINANCIJSKO RA\u010cUNOVODSTVO II (2011) Jasenka Bubi\u0107 - Web-knji\u017eara\" \/>\n<meta property=\"og:description\" content=\"\u00a0 Sa\u017eetak: Knjiga \u00abFinancijsko ra\u010dunovodstvo II- ra\u010dunovodstveno porezni koncepti\u00bb namijenjena je stru\u010dnoj javnosti koja se bavi naprednim financijskim ra\u010dunovodstvom i korporacijskim porezom. Djelo je tako\u0111er usmjereno ka visokim u\u010dili\u0161tima ekonomskih studija na kojima se izu\u010dava predmet naprednog financijskog ra\u010dunovodstva i predmeti koji tangiraju koncepte korporacijskog poreza. Predmetna tematika promatra se kroz pet tematskih cjelina. Prva [&hellip;]\" \/>\n<meta property=\"og:url\" content=\"https:\/\/webknjizara.hr\/proizvod\/financijsko-racunovodstvo-ii-2011-jasenka-bubic\/\" \/>\n<meta property=\"og:site_name\" content=\"Web-knji\u017eara\" \/>\n<meta property=\"article:modified_time\" content=\"2023-02-26T23:15:32+00:00\" \/>\n<meta property=\"og:image\" content=\"https:\/\/webknjizara.hr\/wp-content\/uploads\/nc\/images\/virtuemart\/product\/financijsko-ra-4d39a313acd4f.jpg\" \/>\n\t<meta property=\"og:image:width\" content=\"283\" \/>\n\t<meta property=\"og:image:height\" content=\"408\" \/>\n\t<meta property=\"og:image:type\" content=\"image\/jpeg\" \/>\n<meta name=\"twitter:card\" content=\"summary_large_image\" \/>\n<meta name=\"twitter:label1\" content=\"Est. reading time\" \/>\n\t<meta name=\"twitter:data1\" content=\"1 minute\" \/>\n<script type=\"application\/ld+json\" class=\"yoast-schema-graph\">{\"@context\":\"https:\\\/\\\/schema.org\",\"@graph\":[{\"@type\":\"WebPage\",\"@id\":\"https:\\\/\\\/webknjizara.hr\\\/proizvod\\\/financijsko-racunovodstvo-ii-2011-jasenka-bubic\\\/\",\"url\":\"https:\\\/\\\/webknjizara.hr\\\/proizvod\\\/financijsko-racunovodstvo-ii-2011-jasenka-bubic\\\/\",\"name\":\"FINANCIJSKO RA\u010cUNOVODSTVO II (2011) Jasenka Bubi\u0107 - Web-knji\u017eara\",\"isPartOf\":{\"@id\":\"https:\\\/\\\/webknjizara.hr\\\/#website\"},\"primaryImageOfPage\":{\"@id\":\"https:\\\/\\\/webknjizara.hr\\\/proizvod\\\/financijsko-racunovodstvo-ii-2011-jasenka-bubic\\\/#primaryimage\"},\"image\":{\"@id\":\"https:\\\/\\\/webknjizara.hr\\\/proizvod\\\/financijsko-racunovodstvo-ii-2011-jasenka-bubic\\\/#primaryimage\"},\"thumbnailUrl\":\"https:\\\/\\\/webknjizara.hr\\\/wp-content\\\/uploads\\\/nc\\\/images\\\/virtuemart\\\/product\\\/financijsko-ra-4d39a313acd4f.jpg\",\"datePublished\":\"2011-01-21T15:15:31+00:00\",\"dateModified\":\"2023-02-26T23:15:32+00:00\",\"breadcrumb\":{\"@id\":\"https:\\\/\\\/webknjizara.hr\\\/proizvod\\\/financijsko-racunovodstvo-ii-2011-jasenka-bubic\\\/#breadcrumb\"},\"inLanguage\":\"en-US\",\"potentialAction\":[{\"@type\":\"ReadAction\",\"target\":[\"https:\\\/\\\/webknjizara.hr\\\/proizvod\\\/financijsko-racunovodstvo-ii-2011-jasenka-bubic\\\/\"]}]},{\"@type\":\"ImageObject\",\"inLanguage\":\"en-US\",\"@id\":\"https:\\\/\\\/webknjizara.hr\\\/proizvod\\\/financijsko-racunovodstvo-ii-2011-jasenka-bubic\\\/#primaryimage\",\"url\":\"https:\\\/\\\/webknjizara.hr\\\/wp-content\\\/uploads\\\/nc\\\/images\\\/virtuemart\\\/product\\\/financijsko-ra-4d39a313acd4f.jpg\",\"contentUrl\":\"https:\\\/\\\/webknjizara.hr\\\/wp-content\\\/uploads\\\/nc\\\/images\\\/virtuemart\\\/product\\\/financijsko-ra-4d39a313acd4f.jpg\",\"width\":283,\"height\":408,\"caption\":\"FINANCIJSKO RA\u010cUNOVODSTVO II (2011) Jasenka Bubi\u0107\"},{\"@type\":\"BreadcrumbList\",\"@id\":\"https:\\\/\\\/webknjizara.hr\\\/proizvod\\\/financijsko-racunovodstvo-ii-2011-jasenka-bubic\\\/#breadcrumb\",\"itemListElement\":[{\"@type\":\"ListItem\",\"position\":1,\"name\":\"Po\u010detna stranica\",\"item\":\"https:\\\/\\\/webknjizara.hr\\\/en\\\/\"},{\"@type\":\"ListItem\",\"position\":2,\"name\":\"Shop\",\"item\":\"https:\\\/\\\/webknjizara.hr\\\/shop\\\/\"},{\"@type\":\"ListItem\",\"position\":3,\"name\":\"FINANCIJSKO RA\u010cUNOVODSTVO II (2011) Jasenka Bubi\u0107\"}]},{\"@type\":\"WebSite\",\"@id\":\"https:\\\/\\\/webknjizara.hr\\\/#website\",\"url\":\"https:\\\/\\\/webknjizara.hr\\\/\",\"name\":\"Web Knji\u017eara\",\"description\":\"\",\"publisher\":{\"@id\":\"https:\\\/\\\/webknjizara.hr\\\/#organization\"},\"potentialAction\":[{\"@type\":\"SearchAction\",\"target\":{\"@type\":\"EntryPoint\",\"urlTemplate\":\"https:\\\/\\\/webknjizara.hr\\\/?s={search_term_string}\"},\"query-input\":{\"@type\":\"PropertyValueSpecification\",\"valueRequired\":true,\"valueName\":\"search_term_string\"}}],\"inLanguage\":\"en-US\"},{\"@type\":\"Organization\",\"@id\":\"https:\\\/\\\/webknjizara.hr\\\/#organization\",\"name\":\"REDAK D.O.O.\",\"url\":\"https:\\\/\\\/webknjizara.hr\\\/\",\"logo\":{\"@type\":\"ImageObject\",\"inLanguage\":\"en-US\",\"@id\":\"https:\\\/\\\/webknjizara.hr\\\/#\\\/schema\\\/logo\\\/image\\\/\",\"url\":\"https:\\\/\\\/webknjizara.hr\\\/wp-content\\\/uploads\\\/2023\\\/01\\\/web-knjizara-logo.webp\",\"contentUrl\":\"https:\\\/\\\/webknjizara.hr\\\/wp-content\\\/uploads\\\/2023\\\/01\\\/web-knjizara-logo.webp\",\"width\":324,\"height\":79,\"caption\":\"REDAK D.O.O.\"},\"image\":{\"@id\":\"https:\\\/\\\/webknjizara.hr\\\/#\\\/schema\\\/logo\\\/image\\\/\"}}]}<\/script>\n<!-- \/ Yoast SEO plugin. -->","yoast_head_json":{"title":"FINANCIJSKO RA\u010cUNOVODSTVO II (2011) Jasenka Bubi\u0107 - Web-knji\u017eara","robots":{"index":"index","follow":"follow","max-snippet":"max-snippet:-1","max-image-preview":"max-image-preview:large","max-video-preview":"max-video-preview:-1"},"canonical":"https:\/\/webknjizara.hr\/proizvod\/financijsko-racunovodstvo-ii-2011-jasenka-bubic\/","og_locale":"en_US","og_type":"article","og_title":"FINANCIJSKO RA\u010cUNOVODSTVO II (2011) Jasenka Bubi\u0107 - Web-knji\u017eara","og_description":"\u00a0 Sa\u017eetak: Knjiga \u00abFinancijsko ra\u010dunovodstvo II- ra\u010dunovodstveno porezni koncepti\u00bb namijenjena je stru\u010dnoj javnosti koja se bavi naprednim financijskim ra\u010dunovodstvom i korporacijskim porezom. Djelo je tako\u0111er usmjereno ka visokim u\u010dili\u0161tima ekonomskih studija na kojima se izu\u010dava predmet naprednog financijskog ra\u010dunovodstva i predmeti koji tangiraju koncepte korporacijskog poreza. Predmetna tematika promatra se kroz pet tematskih cjelina. Prva [&hellip;]","og_url":"https:\/\/webknjizara.hr\/proizvod\/financijsko-racunovodstvo-ii-2011-jasenka-bubic\/","og_site_name":"Web-knji\u017eara","article_modified_time":"2023-02-26T23:15:32+00:00","og_image":[{"width":283,"height":408,"url":"https:\/\/webknjizara.hr\/wp-content\/uploads\/nc\/images\/virtuemart\/product\/financijsko-ra-4d39a313acd4f.jpg","type":"image\/jpeg"}],"twitter_card":"summary_large_image","twitter_misc":{"Est. reading time":"1 minute"},"schema":{"@context":"https:\/\/schema.org","@graph":[{"@type":"WebPage","@id":"https:\/\/webknjizara.hr\/proizvod\/financijsko-racunovodstvo-ii-2011-jasenka-bubic\/","url":"https:\/\/webknjizara.hr\/proizvod\/financijsko-racunovodstvo-ii-2011-jasenka-bubic\/","name":"FINANCIJSKO RA\u010cUNOVODSTVO II (2011) Jasenka Bubi\u0107 - Web-knji\u017eara","isPartOf":{"@id":"https:\/\/webknjizara.hr\/#website"},"primaryImageOfPage":{"@id":"https:\/\/webknjizara.hr\/proizvod\/financijsko-racunovodstvo-ii-2011-jasenka-bubic\/#primaryimage"},"image":{"@id":"https:\/\/webknjizara.hr\/proizvod\/financijsko-racunovodstvo-ii-2011-jasenka-bubic\/#primaryimage"},"thumbnailUrl":"https:\/\/webknjizara.hr\/wp-content\/uploads\/nc\/images\/virtuemart\/product\/financijsko-ra-4d39a313acd4f.jpg","datePublished":"2011-01-21T15:15:31+00:00","dateModified":"2023-02-26T23:15:32+00:00","breadcrumb":{"@id":"https:\/\/webknjizara.hr\/proizvod\/financijsko-racunovodstvo-ii-2011-jasenka-bubic\/#breadcrumb"},"inLanguage":"en-US","potentialAction":[{"@type":"ReadAction","target":["https:\/\/webknjizara.hr\/proizvod\/financijsko-racunovodstvo-ii-2011-jasenka-bubic\/"]}]},{"@type":"ImageObject","inLanguage":"en-US","@id":"https:\/\/webknjizara.hr\/proizvod\/financijsko-racunovodstvo-ii-2011-jasenka-bubic\/#primaryimage","url":"https:\/\/webknjizara.hr\/wp-content\/uploads\/nc\/images\/virtuemart\/product\/financijsko-ra-4d39a313acd4f.jpg","contentUrl":"https:\/\/webknjizara.hr\/wp-content\/uploads\/nc\/images\/virtuemart\/product\/financijsko-ra-4d39a313acd4f.jpg","width":283,"height":408,"caption":"FINANCIJSKO RA\u010cUNOVODSTVO II (2011) Jasenka Bubi\u0107"},{"@type":"BreadcrumbList","@id":"https:\/\/webknjizara.hr\/proizvod\/financijsko-racunovodstvo-ii-2011-jasenka-bubic\/#breadcrumb","itemListElement":[{"@type":"ListItem","position":1,"name":"Po\u010detna stranica","item":"https:\/\/webknjizara.hr\/en\/"},{"@type":"ListItem","position":2,"name":"Shop","item":"https:\/\/webknjizara.hr\/shop\/"},{"@type":"ListItem","position":3,"name":"FINANCIJSKO RA\u010cUNOVODSTVO II (2011) Jasenka Bubi\u0107"}]},{"@type":"WebSite","@id":"https:\/\/webknjizara.hr\/#website","url":"https:\/\/webknjizara.hr\/","name":"Web Knji\u017eara","description":"","publisher":{"@id":"https:\/\/webknjizara.hr\/#organization"},"potentialAction":[{"@type":"SearchAction","target":{"@type":"EntryPoint","urlTemplate":"https:\/\/webknjizara.hr\/?s={search_term_string}"},"query-input":{"@type":"PropertyValueSpecification","valueRequired":true,"valueName":"search_term_string"}}],"inLanguage":"en-US"},{"@type":"Organization","@id":"https:\/\/webknjizara.hr\/#organization","name":"REDAK D.O.O.","url":"https:\/\/webknjizara.hr\/","logo":{"@type":"ImageObject","inLanguage":"en-US","@id":"https:\/\/webknjizara.hr\/#\/schema\/logo\/image\/","url":"https:\/\/webknjizara.hr\/wp-content\/uploads\/2023\/01\/web-knjizara-logo.webp","contentUrl":"https:\/\/webknjizara.hr\/wp-content\/uploads\/2023\/01\/web-knjizara-logo.webp","width":324,"height":79,"caption":"REDAK D.O.O."},"image":{"@id":"https:\/\/webknjizara.hr\/#\/schema\/logo\/image\/"}}]}},"_links":{"self":[{"href":"https:\/\/webknjizara.hr\/en\/wp-json\/wp\/v2\/product\/7359","targetHints":{"allow":["GET"]}}],"collection":[{"href":"https:\/\/webknjizara.hr\/en\/wp-json\/wp\/v2\/product"}],"about":[{"href":"https:\/\/webknjizara.hr\/en\/wp-json\/wp\/v2\/types\/product"}],"replies":[{"embeddable":true,"href":"https:\/\/webknjizara.hr\/en\/wp-json\/wp\/v2\/comments?post=7359"}],"wp:featuredmedia":[{"embeddable":true,"href":"https:\/\/webknjizara.hr\/en\/wp-json\/wp\/v2\/media\/7360"}],"wp:attachment":[{"href":"https:\/\/webknjizara.hr\/en\/wp-json\/wp\/v2\/media?parent=7359"}],"wp:term":[{"taxonomy":"product_brand","embeddable":true,"href":"https:\/\/webknjizara.hr\/en\/wp-json\/wp\/v2\/product_brand?post=7359"},{"taxonomy":"product_cat","embeddable":true,"href":"https:\/\/webknjizara.hr\/en\/wp-json\/wp\/v2\/product_cat?post=7359"},{"taxonomy":"product_tag","embeddable":true,"href":"https:\/\/webknjizara.hr\/en\/wp-json\/wp\/v2\/product_tag?post=7359"}],"curies":[{"name":"wp","href":"https:\/\/api.w.org\/{rel}","templated":true}]}}