{"id":7357,"date":"2011-01-03T14:04:37","date_gmt":"2011-01-03T14:04:37","guid":{"rendered":"https:\/\/webknjizara.hr\/?product=medjugorje-30-anni-di-fenomeni"},"modified":"2023-02-27T00:15:32","modified_gmt":"2023-02-26T23:15:32","slug":"medjugorje-30-anni-di-fenomeni","status":"publish","type":"product","link":"https:\/\/webknjizara.hr\/en\/proizvod\/medjugorje-30-anni-di-fenomeni\/","title":{"rendered":"MEDJUGORJE &#8211; 30 anni di fenomeni"},"content":{"rendered":"<div style=\"text-align: justify;\"><\/div>\n<div style=\"text-align: justify;\"><span style=\"color: #0000ff;\"><span style=\"color: #333399;\"><strong>IMPORTANTE!<\/strong> Per ordinare questo libro o nel caso d\u2019altre richieste, vi preghiamo d\u2019inviarci i vostri dati a<\/span><span style=\"color: #000080;\"> <span style=\"color: #333399;\"><a href=\"mailto:knjizara@redak.hr\"><span>web knjizara<\/span><\/a><\/span><\/span><\/span><span style=\"color: #008080;\"><br \/><\/span><\/div>\n<div style=\"text-align: justify;\"><span style=\"color: #008080;\"><br \/><\/span><\/div>\n<div style=\"text-align: justify;\"><span style=\"color: #000000;\"><strong>Cenni sugli autori:<\/strong><\/span><\/div>\n<p>Marijan Sivric \u00e8 nato il\u00a0 18 agosto 1955 a Medjugorje. Si \u00e8 laureato in Economia presso la facolt\u00e0 di Sarajevo. Negli ultimi venti anni si \u00e8 occupato di giornalismo, per lo pi\u00f9 indagando sugli avvenimenti legati a Medjugorje. Su Medjugorje ha scritto pi\u00f9 articoli che qualsiasi altro giornalista. Per lo pi\u00f9 ha pubblicato sul quotidiano croato Slobodna Dalmacija, ma scrive anche per altri quotidiani. <\/p>\n<div style=\"text-align: justify;\">Ivo Scepanovic, giornalista dell\u2019agenzia Central European News, \u00e8 nato il\u00a0 9 luglio 1968 a Hvar, Croazia. Per molti anni ha lavorato come reporter del quotidiano Slobodna Dalmacija, dopo di che ha pubblicato pezzi su alcuni dei principali giornali del mondo, come il londinese Times o il\u00a0 Telegraph,\u00a0 cos\u00ec come su tanti altri giornali e riviste internazionali.<\/p>\n<p><strong>Riepilogo:<\/strong><\/div>\n<p>Nel questo libro abbiamo raccolto i fatti di Medjugorje degli ultimi 30 anni. Qui vi offriamo tutto ci\u00f2 che riguarda Medjugorje. Il libro \u00e8 pensato come un documento dei tempi, riporta i fatti, vi fa riflettere, svela ci\u00f2 che i veggenti di Medjugorje hanno detto sul Paradiso, sul Purgatorio e sull\u2019Inferno, ammonisce l\u2019umanit\u00e0, invita alla pace.<\/p>\n<div style=\"text-align: justify;\">Il libro, inoltre, attraverso le parole dei veggenti ci svela la vita oltre la morte:<br \/>\u201cIl Paradiso \u00e8 uno spazio infinitamente grande, illuminato da una luce che in terra non esiste. Abbiamo visto gente vestita di grigio, di rosa e di giallo. Camminavano, pregavano e cantavano, e sopra di loro volteggiavano dei piccoli angeli.\u201d<br \/>\u201cAnche il Purgatorio \u00e8 uno spazio enorme, ma in esso le persone non si vedono. Si vede solo tenebra, grigia come la cenere. Si ha l\u2019impressione che le persone abbiano spasmi, si scontrino e si battano.\u201d<br \/>\u201cAll\u2019Inferno c\u2019\u00e8 un gigantesco fuoco nel mezzo. La Madonna ci ha anzitutto mostrato le persone nella condizione normale, e poi come sono differenti appena uscite dal fuoco. Pi\u00f9 cadono nel profondo del fuoco, pi\u00f9 sono stati contrari a Dio.\u201d<\/div>\n<div style=\"text-align: justify;\"><\/div>\n<div style=\"text-align: justify;\">\n<div style=\"text-align: justify;\">\n<div style=\"text-align: justify;\"><span style=\"color: #0000ff;\"><span style=\"color: #333399;\"><strong>IMPORTANTE!<\/strong> Per ordinare questo libro o nel caso d\u2019altre richieste, vi preghiamo d\u2019inviarci i vostri dati a<\/span> <a href=\"mailto:knjizara@redak.hr\"><span style=\"color: #0000ff;\">web knjizara<\/span><\/a><\/span><span style=\"color: #008080;\"><br \/><\/span><\/div>\n<\/div>\n<div style=\"text-align: justify;\"><\/div>\n<div style=\"text-align: justify;\"><span style=\"color: #333399;\"><a href=\"https:\/\/webknjizara.hr\/hr\/component\/virtuemart\/?page=shop.product_details&#038;flypage=flypage.tpl&#038;category_id=25&#038;product_id=110\">MEDJUGORJE &#8211; 30 ans d&#8217;un ph\u00e9nom\u00e8ne (fran\u00e7aise)<\/a><br \/><a href=\"https:\/\/webknjizara.hr\/hr\/component\/virtuemart\/?page=shop.product_details&#038;flypage=flypage.tpl&#038;category_id=25&#038;product_id=109\">MEDJUGORJE &#8211; 30 years of a phenomenon (english)<\/a><br \/><a href=\"https:\/\/webknjizara.hr\/hr\/component\/virtuemart\/?page=shop.product_details&#038;flypage=flypage.tpl&#038;category_id=25&#038;product_id=108\">ME\u0110UGORJE &#8211; 30 godina fenomena (hrvatski)<br \/><\/a><\/span><\/div>\n<div style=\"text-align: justify;\"><\/div>\n<div style=\"text-align: justify;\"><span style=\"color: #008080;\"><br \/><\/span><\/div>\n<\/div>\n<div style=\"text-align: justify;\"><strong>Titolo: <\/strong>Medjugorje &#8211; 30 anni di fenomeni<br \/><strong>Autore:<\/strong> Marijan Sivric, Ivo \u0160cepanovic<br \/><strong>Pagine:<\/strong> 104<br \/><strong>Edizione:<\/strong> 2011.<\/p>\n<\/div>\n","protected":false},"excerpt":{"rendered":"<p>Marijan Sivric, Ivo Scepanovic<\/p>\n","protected":false},"featured_media":7358,"comment_status":"open","ping_status":"closed","template":"","meta":{"_acf_changed":false},"product_brand":[],"product_cat":[1510],"product_tag":[],"class_list":{"0":"post-7357","1":"product","2":"type-product","3":"status-publish","4":"has-post-thumbnail","6":"product_cat-nekategorizirane","7":"pa_autor-u-obradi","8":"pa_nakladnik-unos-u-tijeku","10":"first","11":"instock","12":"shipping-taxable","13":"purchasable","14":"product-type-simple"},"acf":[],"yoast_head":"<!-- This site is optimized with the Yoast SEO plugin v27.3 - https:\/\/yoast.com\/product\/yoast-seo-wordpress\/ -->\n<title>MEDJUGORJE - 30 anni di fenomeni - Web-knji\u017eara<\/title>\n<meta name=\"robots\" content=\"index, follow, max-snippet:-1, max-image-preview:large, max-video-preview:-1\" \/>\n<link rel=\"canonical\" href=\"https:\/\/webknjizara.hr\/proizvod\/medjugorje-30-anni-di-fenomeni\/\" \/>\n<meta property=\"og:locale\" content=\"en_US\" \/>\n<meta property=\"og:type\" content=\"article\" \/>\n<meta property=\"og:title\" content=\"MEDJUGORJE - 30 anni di fenomeni - Web-knji\u017eara\" \/>\n<meta property=\"og:description\" content=\"Marijan Sivric, Ivo Scepanovic\" \/>\n<meta property=\"og:url\" content=\"https:\/\/webknjizara.hr\/proizvod\/medjugorje-30-anni-di-fenomeni\/\" \/>\n<meta property=\"og:site_name\" content=\"Web-knji\u017eara\" \/>\n<meta property=\"article:modified_time\" content=\"2023-02-26T23:15:32+00:00\" \/>\n<meta property=\"og:image\" content=\"https:\/\/webknjizara.hr\/wp-content\/uploads\/nc\/images\/virtuemart\/product\/medjugorje-30-4d247228bd403.jpg\" \/>\n\t<meta property=\"og:image:width\" content=\"283\" \/>\n\t<meta property=\"og:image:height\" content=\"425\" \/>\n\t<meta property=\"og:image:type\" content=\"image\/jpeg\" \/>\n<meta name=\"twitter:card\" content=\"summary_large_image\" \/>\n<meta name=\"twitter:label1\" content=\"Est. reading time\" \/>\n\t<meta name=\"twitter:data1\" content=\"2 minutes\" \/>\n<script type=\"application\/ld+json\" class=\"yoast-schema-graph\">{\"@context\":\"https:\\\/\\\/schema.org\",\"@graph\":[{\"@type\":\"WebPage\",\"@id\":\"https:\\\/\\\/webknjizara.hr\\\/proizvod\\\/medjugorje-30-anni-di-fenomeni\\\/\",\"url\":\"https:\\\/\\\/webknjizara.hr\\\/proizvod\\\/medjugorje-30-anni-di-fenomeni\\\/\",\"name\":\"MEDJUGORJE - 30 anni di fenomeni - Web-knji\u017eara\",\"isPartOf\":{\"@id\":\"https:\\\/\\\/webknjizara.hr\\\/#website\"},\"primaryImageOfPage\":{\"@id\":\"https:\\\/\\\/webknjizara.hr\\\/proizvod\\\/medjugorje-30-anni-di-fenomeni\\\/#primaryimage\"},\"image\":{\"@id\":\"https:\\\/\\\/webknjizara.hr\\\/proizvod\\\/medjugorje-30-anni-di-fenomeni\\\/#primaryimage\"},\"thumbnailUrl\":\"https:\\\/\\\/webknjizara.hr\\\/wp-content\\\/uploads\\\/nc\\\/images\\\/virtuemart\\\/product\\\/medjugorje-30-4d247228bd403.jpg\",\"datePublished\":\"2011-01-03T14:04:37+00:00\",\"dateModified\":\"2023-02-26T23:15:32+00:00\",\"breadcrumb\":{\"@id\":\"https:\\\/\\\/webknjizara.hr\\\/proizvod\\\/medjugorje-30-anni-di-fenomeni\\\/#breadcrumb\"},\"inLanguage\":\"en-US\",\"potentialAction\":[{\"@type\":\"ReadAction\",\"target\":[\"https:\\\/\\\/webknjizara.hr\\\/proizvod\\\/medjugorje-30-anni-di-fenomeni\\\/\"]}]},{\"@type\":\"ImageObject\",\"inLanguage\":\"en-US\",\"@id\":\"https:\\\/\\\/webknjizara.hr\\\/proizvod\\\/medjugorje-30-anni-di-fenomeni\\\/#primaryimage\",\"url\":\"https:\\\/\\\/webknjizara.hr\\\/wp-content\\\/uploads\\\/nc\\\/images\\\/virtuemart\\\/product\\\/medjugorje-30-4d247228bd403.jpg\",\"contentUrl\":\"https:\\\/\\\/webknjizara.hr\\\/wp-content\\\/uploads\\\/nc\\\/images\\\/virtuemart\\\/product\\\/medjugorje-30-4d247228bd403.jpg\",\"width\":283,\"height\":425,\"caption\":\"MEDJUGORJE - 30 anni di fenomeni\"},{\"@type\":\"BreadcrumbList\",\"@id\":\"https:\\\/\\\/webknjizara.hr\\\/proizvod\\\/medjugorje-30-anni-di-fenomeni\\\/#breadcrumb\",\"itemListElement\":[{\"@type\":\"ListItem\",\"position\":1,\"name\":\"Po\u010detna stranica\",\"item\":\"https:\\\/\\\/webknjizara.hr\\\/en\\\/\"},{\"@type\":\"ListItem\",\"position\":2,\"name\":\"Shop\",\"item\":\"https:\\\/\\\/webknjizara.hr\\\/shop\\\/\"},{\"@type\":\"ListItem\",\"position\":3,\"name\":\"MEDJUGORJE &#8211; 30 anni di fenomeni\"}]},{\"@type\":\"WebSite\",\"@id\":\"https:\\\/\\\/webknjizara.hr\\\/#website\",\"url\":\"https:\\\/\\\/webknjizara.hr\\\/\",\"name\":\"Web Knji\u017eara\",\"description\":\"\",\"publisher\":{\"@id\":\"https:\\\/\\\/webknjizara.hr\\\/#organization\"},\"potentialAction\":[{\"@type\":\"SearchAction\",\"target\":{\"@type\":\"EntryPoint\",\"urlTemplate\":\"https:\\\/\\\/webknjizara.hr\\\/?s={search_term_string}\"},\"query-input\":{\"@type\":\"PropertyValueSpecification\",\"valueRequired\":true,\"valueName\":\"search_term_string\"}}],\"inLanguage\":\"en-US\"},{\"@type\":\"Organization\",\"@id\":\"https:\\\/\\\/webknjizara.hr\\\/#organization\",\"name\":\"REDAK D.O.O.\",\"url\":\"https:\\\/\\\/webknjizara.hr\\\/\",\"logo\":{\"@type\":\"ImageObject\",\"inLanguage\":\"en-US\",\"@id\":\"https:\\\/\\\/webknjizara.hr\\\/#\\\/schema\\\/logo\\\/image\\\/\",\"url\":\"https:\\\/\\\/webknjizara.hr\\\/wp-content\\\/uploads\\\/2023\\\/01\\\/web-knjizara-logo.webp\",\"contentUrl\":\"https:\\\/\\\/webknjizara.hr\\\/wp-content\\\/uploads\\\/2023\\\/01\\\/web-knjizara-logo.webp\",\"width\":324,\"height\":79,\"caption\":\"REDAK D.O.O.\"},\"image\":{\"@id\":\"https:\\\/\\\/webknjizara.hr\\\/#\\\/schema\\\/logo\\\/image\\\/\"}}]}<\/script>\n<!-- \/ Yoast SEO plugin. -->","yoast_head_json":{"title":"MEDJUGORJE - 30 anni di fenomeni - Web-knji\u017eara","robots":{"index":"index","follow":"follow","max-snippet":"max-snippet:-1","max-image-preview":"max-image-preview:large","max-video-preview":"max-video-preview:-1"},"canonical":"https:\/\/webknjizara.hr\/proizvod\/medjugorje-30-anni-di-fenomeni\/","og_locale":"en_US","og_type":"article","og_title":"MEDJUGORJE - 30 anni di fenomeni - Web-knji\u017eara","og_description":"Marijan Sivric, Ivo Scepanovic","og_url":"https:\/\/webknjizara.hr\/proizvod\/medjugorje-30-anni-di-fenomeni\/","og_site_name":"Web-knji\u017eara","article_modified_time":"2023-02-26T23:15:32+00:00","og_image":[{"width":283,"height":425,"url":"https:\/\/webknjizara.hr\/wp-content\/uploads\/nc\/images\/virtuemart\/product\/medjugorje-30-4d247228bd403.jpg","type":"image\/jpeg"}],"twitter_card":"summary_large_image","twitter_misc":{"Est. reading time":"2 minutes"},"schema":{"@context":"https:\/\/schema.org","@graph":[{"@type":"WebPage","@id":"https:\/\/webknjizara.hr\/proizvod\/medjugorje-30-anni-di-fenomeni\/","url":"https:\/\/webknjizara.hr\/proizvod\/medjugorje-30-anni-di-fenomeni\/","name":"MEDJUGORJE - 30 anni di fenomeni - Web-knji\u017eara","isPartOf":{"@id":"https:\/\/webknjizara.hr\/#website"},"primaryImageOfPage":{"@id":"https:\/\/webknjizara.hr\/proizvod\/medjugorje-30-anni-di-fenomeni\/#primaryimage"},"image":{"@id":"https:\/\/webknjizara.hr\/proizvod\/medjugorje-30-anni-di-fenomeni\/#primaryimage"},"thumbnailUrl":"https:\/\/webknjizara.hr\/wp-content\/uploads\/nc\/images\/virtuemart\/product\/medjugorje-30-4d247228bd403.jpg","datePublished":"2011-01-03T14:04:37+00:00","dateModified":"2023-02-26T23:15:32+00:00","breadcrumb":{"@id":"https:\/\/webknjizara.hr\/proizvod\/medjugorje-30-anni-di-fenomeni\/#breadcrumb"},"inLanguage":"en-US","potentialAction":[{"@type":"ReadAction","target":["https:\/\/webknjizara.hr\/proizvod\/medjugorje-30-anni-di-fenomeni\/"]}]},{"@type":"ImageObject","inLanguage":"en-US","@id":"https:\/\/webknjizara.hr\/proizvod\/medjugorje-30-anni-di-fenomeni\/#primaryimage","url":"https:\/\/webknjizara.hr\/wp-content\/uploads\/nc\/images\/virtuemart\/product\/medjugorje-30-4d247228bd403.jpg","contentUrl":"https:\/\/webknjizara.hr\/wp-content\/uploads\/nc\/images\/virtuemart\/product\/medjugorje-30-4d247228bd403.jpg","width":283,"height":425,"caption":"MEDJUGORJE - 30 anni di fenomeni"},{"@type":"BreadcrumbList","@id":"https:\/\/webknjizara.hr\/proizvod\/medjugorje-30-anni-di-fenomeni\/#breadcrumb","itemListElement":[{"@type":"ListItem","position":1,"name":"Po\u010detna stranica","item":"https:\/\/webknjizara.hr\/en\/"},{"@type":"ListItem","position":2,"name":"Shop","item":"https:\/\/webknjizara.hr\/shop\/"},{"@type":"ListItem","position":3,"name":"MEDJUGORJE &#8211; 30 anni di fenomeni"}]},{"@type":"WebSite","@id":"https:\/\/webknjizara.hr\/#website","url":"https:\/\/webknjizara.hr\/","name":"Web Knji\u017eara","description":"","publisher":{"@id":"https:\/\/webknjizara.hr\/#organization"},"potentialAction":[{"@type":"SearchAction","target":{"@type":"EntryPoint","urlTemplate":"https:\/\/webknjizara.hr\/?s={search_term_string}"},"query-input":{"@type":"PropertyValueSpecification","valueRequired":true,"valueName":"search_term_string"}}],"inLanguage":"en-US"},{"@type":"Organization","@id":"https:\/\/webknjizara.hr\/#organization","name":"REDAK D.O.O.","url":"https:\/\/webknjizara.hr\/","logo":{"@type":"ImageObject","inLanguage":"en-US","@id":"https:\/\/webknjizara.hr\/#\/schema\/logo\/image\/","url":"https:\/\/webknjizara.hr\/wp-content\/uploads\/2023\/01\/web-knjizara-logo.webp","contentUrl":"https:\/\/webknjizara.hr\/wp-content\/uploads\/2023\/01\/web-knjizara-logo.webp","width":324,"height":79,"caption":"REDAK D.O.O."},"image":{"@id":"https:\/\/webknjizara.hr\/#\/schema\/logo\/image\/"}}]}},"_links":{"self":[{"href":"https:\/\/webknjizara.hr\/en\/wp-json\/wp\/v2\/product\/7357","targetHints":{"allow":["GET"]}}],"collection":[{"href":"https:\/\/webknjizara.hr\/en\/wp-json\/wp\/v2\/product"}],"about":[{"href":"https:\/\/webknjizara.hr\/en\/wp-json\/wp\/v2\/types\/product"}],"replies":[{"embeddable":true,"href":"https:\/\/webknjizara.hr\/en\/wp-json\/wp\/v2\/comments?post=7357"}],"wp:featuredmedia":[{"embeddable":true,"href":"https:\/\/webknjizara.hr\/en\/wp-json\/wp\/v2\/media\/7358"}],"wp:attachment":[{"href":"https:\/\/webknjizara.hr\/en\/wp-json\/wp\/v2\/media?parent=7357"}],"wp:term":[{"taxonomy":"product_brand","embeddable":true,"href":"https:\/\/webknjizara.hr\/en\/wp-json\/wp\/v2\/product_brand?post=7357"},{"taxonomy":"product_cat","embeddable":true,"href":"https:\/\/webknjizara.hr\/en\/wp-json\/wp\/v2\/product_cat?post=7357"},{"taxonomy":"product_tag","embeddable":true,"href":"https:\/\/webknjizara.hr\/en\/wp-json\/wp\/v2\/product_tag?post=7357"}],"curies":[{"name":"wp","href":"https:\/\/api.w.org\/{rel}","templated":true}]}}