{"id":7349,"date":"2010-12-20T11:12:32","date_gmt":"2010-12-20T11:12:32","guid":{"rendered":"https:\/\/webknjizara.hr\/?product=dvojnik-i-njegova-zelja-arturo-graf-i-luigi-pirandello-2010"},"modified":"2023-02-27T00:15:32","modified_gmt":"2023-02-26T23:15:32","slug":"dvojnik-i-njegova-zelja-arturo-graf-i-luigi-pirandello-2010","status":"publish","type":"product","link":"https:\/\/webknjizara.hr\/en\/proizvod\/dvojnik-i-njegova-zelja-arturo-graf-i-luigi-pirandello-2010\/","title":{"rendered":"DVOJNIK I NJEGOVA \u017dELJA: ARTURO GRAF I LUIGI PIRANDELLO (2010)"},"content":{"rendered":"<div style=\"text-align: justify;\"><\/div>\n<div style=\"text-align: justify;\"><strong>Sa\u017eetak:<\/strong><br \/>Cilj ove knjige jest prikazati u novome svjetlu stvarala\u0161tvo talijanskog autora Artura Grafa koji je \u017eivio i djelovao u drugoj polovici 19. stolje\u0107a i na po\u010detku 20. stolje\u0107a i to u dijalo\u0161kom odnosu s drugim talijanskim knji\u017eevnikom i Grafovim suvremenikom, Luigijem Pirandellom, te u paralelnom i\u0161\u010ditavanju tekstova obojice autora uspostaviti novo tuma\u010denje njihova opusa. Kriterij odabira knji\u017eevnog stvarala\u0161tva temelji se prvenstveno na motivu dvojnika i podvostru\u010denja u tekstovima dvojice autora. Komparativna analiza provedena je na nekim novelama jednog i drugog autora, jednom romanu svakog autora i na jednom Pirandellovu spjevu te se pritom uzela u obzir fluidnost \u017eanrova koja omogu\u0107uje uspostavljanje intertekstualnih relacija i izvan granica kojima su knji\u017eevni \u017eanrovi odre\u0111eni. Polazna to\u010dka ovome istra\u017eivanju jest teorija intertekstualnosti te antropolo\u0161ke i psihoanaliti\u010dke studije. U tom pogledu ponajvi\u0161e je uzeta u obzir Girardova antropolo\u0161ka studija mimeti\u010dkog suparni\u0161tva te se po uzoru na autorovu metodogiju i\u0161\u010ditavanja teksta na temelju mimeti\u010dkog trokuta i mimeti\u010dke \u017eelje poku\u0161alo i\u0161\u010ditati i interpretirati motiv dvojnika u knji\u017eevnim tekstovima Grafa i Pirandella.<br \/>Autorica je u svojoj studiji postavila okvir istra\u017eivanja unutar kojeg utvr\u0111uje postojanje intertekstualnih odnosa izme\u0111u knji\u017eevnog opusa jednog i drugog autora, vrstu intertekstualnosti, precizira zna\u010daj intertekstualnih tragova Grafova stvarala\u0161tva u Pirandellovu djelu te ih obrazla\u017ee, kako bi na koncu protuma\u010dila zna\u010denje intertekstualnog utjecaja Pirandellova opusa u Grafovu djelu. Pritom istra\u017euje nazo\u010dnost doslovnih citata u proznom stvarala\u0161tvu, nazo\u010dnost nepotpunih citata u proznom stvarala\u0161tvu, postojanje pseudocitata i paracitata u knji\u017eevnim tekstovima, stupanj va\u017enosti intertekstualnog poticaja Pirandellova stvarala\u0161tva za Grafovo djelo, utvr\u0111uje tipologiju naslije\u0111a: podudarnost na tematskom podru\u010dju, podudarnost na strukturalnom podru\u010dju te podudarnost na podru\u010dju fraza i stilema, odnosno jezi\u010dne podudarnosti. Naposljetku, provedenom komparativnom analizom utvr\u0111uje se kako motiv dvojnika predstavlja osnovnu dodirnu to\u010dku me\u0111u dvojicom autora.<br \/>Va\u017enost ove studije prvenstveno je u tome \u0161to ona predstavlja dragocjen doprinos prou\u010davanju djela Artura Grafa, pisca koji je hrvatskom \u010ditateljstvu gotovo nepoznat i o kojemu u hrvatskoj znanosti o knji\u017eevnosti nedostaje relevantnih radova kao i u tome \u0161to baca novo svjetlo na glasoviti opus Luigija Pirandella.<br \/>Knjiga je namijenjena studentima preddiplomskog, diplomskog i poslijediplomskog studija talijanistike, istra\u017eiva\u010dima u podru\u010dju teorije knji\u017eevnosti i poredbene knji\u017eevnosti ali i \u0161iroj \u010ditateljskoj publici, odnosno svim ljubiteljima talijanske knji\u017eevnosti.<\/p>\n<p><strong>Bilje\u0161ka o autorici:<\/strong><br \/>Nikica Mihaljevi\u0107 zaposlena je na Odsjeku za talijanski jezik i knji\u017eevnost Filozofskog fakulteta u Splitu.<br \/>Diplomirala je na Filozofskom fakultetu Sveu\u010dili\u0161ta u Zadru talijanski jezik i knji\u017eevnost i engleski jezik i knji\u017eevnost.<br \/>Pri Filozofskom fakultetu Sveu\u010dili\u0161ta u Zagrebu magistrirala je knji\u017eevnost.<br \/>Pri Filozofskom fakultetu Sveu\u010dili\u0161ta u Macerati, Italija, doktorirala je komparativnu knji\u017eevnost. Sudjelovala je na brojnim znanstvenim skupovima u zemlji i inozemstvu. Objavljuje znanstvene radove iz podru\u010dja teorije i povijesti knji\u017eevnosti te komparativne knji\u017eevnosti, s posebnim naglaskom na talijanskoj knji\u017eevnosti 19. i 20. stolje\u0107a.<br \/>\u010clanica je nekoliko doma\u0107ih i me\u0111unarodnih stru\u010dnih udruga.<\/div>\n<div style=\"text-align: justify;\"><\/div>\n<div style=\"text-align: justify;\"><strong>e-mail: <\/strong><a href=\"mailto:nikica@ffst.hr\">Nikica Mihaljevi\u0107<\/a><\/div>\n<div style=\"text-align: justify;\"><\/div>\n<div style=\"text-align: justify;\"><strong>Naslov: <\/strong>DVOJNIK I NJEGOVA \u017dELJA: ARTURO GRAF I LUIGI PIRANDELLO<strong><br \/>Autor: <\/strong>Nikica Mihaljevi\u0107<strong><br \/>Broj stranica: <\/strong>230<strong><br \/>Nakladnik: <\/strong>Redak<strong><br \/>Godina izdanja: <\/strong>2010.<strong><br \/>Prilog:<\/strong> 978-953-7595-29-6<strong><br \/>Tisak: <\/strong>digitalni tisak knjiga &#8211; print na zahtjev<\/div>\n<div style=\"text-align: justify;\"><\/div>\n","protected":false},"excerpt":{"rendered":"<p>Nikica Mihaljevi\u0107<br \/>\n<br \/>\nPoredbena knji\u017eevnost<\/p>\n","protected":false},"featured_media":7350,"comment_status":"open","ping_status":"closed","template":"","meta":{"_acf_changed":false},"product_brand":[],"product_cat":[1399,1517,1395],"product_tag":[],"class_list":{"0":"post-7349","1":"product","2":"type-product","3":"status-publish","4":"has-post-thumbnail","6":"product_cat-filologija","7":"product_cat-strucna-literatura","8":"product_cat-humanisticke-znanosti","9":"pa_autor-nikica-mihaljevic","10":"pa_nakladnik-redak","12":"first","13":"instock","14":"shipping-taxable","15":"purchasable","16":"product-type-simple"},"acf":[],"yoast_head":"<!-- This site is optimized with the Yoast SEO plugin v27.3 - https:\/\/yoast.com\/product\/yoast-seo-wordpress\/ -->\n<title>DVOJNIK I NJEGOVA \u017dELJA: ARTURO GRAF I LUIGI PIRANDELLO (2010) - Web-knji\u017eara<\/title>\n<meta name=\"robots\" content=\"index, follow, max-snippet:-1, max-image-preview:large, max-video-preview:-1\" \/>\n<link rel=\"canonical\" href=\"https:\/\/webknjizara.hr\/proizvod\/dvojnik-i-njegova-zelja-arturo-graf-i-luigi-pirandello-2010\/\" \/>\n<meta property=\"og:locale\" content=\"en_US\" \/>\n<meta property=\"og:type\" content=\"article\" \/>\n<meta property=\"og:title\" content=\"DVOJNIK I NJEGOVA \u017dELJA: ARTURO GRAF I LUIGI PIRANDELLO (2010) - Web-knji\u017eara\" \/>\n<meta property=\"og:description\" content=\"Nikica Mihaljevi\u0107  Poredbena knji\u017eevnost\" \/>\n<meta property=\"og:url\" content=\"https:\/\/webknjizara.hr\/proizvod\/dvojnik-i-njegova-zelja-arturo-graf-i-luigi-pirandello-2010\/\" \/>\n<meta property=\"og:site_name\" content=\"Web-knji\u017eara\" \/>\n<meta property=\"article:modified_time\" content=\"2023-02-26T23:15:32+00:00\" \/>\n<meta property=\"og:image\" content=\"https:\/\/webknjizara.hr\/wp-content\/uploads\/nc\/images\/virtuemart\/product\/dvojnik-i-njegov-4d37fbf9e27e7.jpg\" \/>\n\t<meta property=\"og:image:width\" content=\"283\" \/>\n\t<meta property=\"og:image:height\" content=\"411\" \/>\n\t<meta property=\"og:image:type\" content=\"image\/jpeg\" \/>\n<meta name=\"twitter:card\" content=\"summary_large_image\" \/>\n<meta name=\"twitter:label1\" content=\"Est. reading time\" \/>\n\t<meta name=\"twitter:data1\" content=\"3 minutes\" \/>\n<script type=\"application\/ld+json\" class=\"yoast-schema-graph\">{\"@context\":\"https:\\\/\\\/schema.org\",\"@graph\":[{\"@type\":\"WebPage\",\"@id\":\"https:\\\/\\\/webknjizara.hr\\\/proizvod\\\/dvojnik-i-njegova-zelja-arturo-graf-i-luigi-pirandello-2010\\\/\",\"url\":\"https:\\\/\\\/webknjizara.hr\\\/proizvod\\\/dvojnik-i-njegova-zelja-arturo-graf-i-luigi-pirandello-2010\\\/\",\"name\":\"DVOJNIK I NJEGOVA \u017dELJA: ARTURO GRAF I LUIGI PIRANDELLO (2010) - Web-knji\u017eara\",\"isPartOf\":{\"@id\":\"https:\\\/\\\/webknjizara.hr\\\/#website\"},\"primaryImageOfPage\":{\"@id\":\"https:\\\/\\\/webknjizara.hr\\\/proizvod\\\/dvojnik-i-njegova-zelja-arturo-graf-i-luigi-pirandello-2010\\\/#primaryimage\"},\"image\":{\"@id\":\"https:\\\/\\\/webknjizara.hr\\\/proizvod\\\/dvojnik-i-njegova-zelja-arturo-graf-i-luigi-pirandello-2010\\\/#primaryimage\"},\"thumbnailUrl\":\"https:\\\/\\\/webknjizara.hr\\\/wp-content\\\/uploads\\\/nc\\\/images\\\/virtuemart\\\/product\\\/dvojnik-i-njegov-4d37fbf9e27e7.jpg\",\"datePublished\":\"2010-12-20T11:12:32+00:00\",\"dateModified\":\"2023-02-26T23:15:32+00:00\",\"breadcrumb\":{\"@id\":\"https:\\\/\\\/webknjizara.hr\\\/proizvod\\\/dvojnik-i-njegova-zelja-arturo-graf-i-luigi-pirandello-2010\\\/#breadcrumb\"},\"inLanguage\":\"en-US\",\"potentialAction\":[{\"@type\":\"ReadAction\",\"target\":[\"https:\\\/\\\/webknjizara.hr\\\/proizvod\\\/dvojnik-i-njegova-zelja-arturo-graf-i-luigi-pirandello-2010\\\/\"]}]},{\"@type\":\"ImageObject\",\"inLanguage\":\"en-US\",\"@id\":\"https:\\\/\\\/webknjizara.hr\\\/proizvod\\\/dvojnik-i-njegova-zelja-arturo-graf-i-luigi-pirandello-2010\\\/#primaryimage\",\"url\":\"https:\\\/\\\/webknjizara.hr\\\/wp-content\\\/uploads\\\/nc\\\/images\\\/virtuemart\\\/product\\\/dvojnik-i-njegov-4d37fbf9e27e7.jpg\",\"contentUrl\":\"https:\\\/\\\/webknjizara.hr\\\/wp-content\\\/uploads\\\/nc\\\/images\\\/virtuemart\\\/product\\\/dvojnik-i-njegov-4d37fbf9e27e7.jpg\",\"width\":283,\"height\":411,\"caption\":\"DVOJNIK I NJEGOVA \u017dELJA: ARTURO GRAF I LUIGI PIRANDELLO (2010)\"},{\"@type\":\"BreadcrumbList\",\"@id\":\"https:\\\/\\\/webknjizara.hr\\\/proizvod\\\/dvojnik-i-njegova-zelja-arturo-graf-i-luigi-pirandello-2010\\\/#breadcrumb\",\"itemListElement\":[{\"@type\":\"ListItem\",\"position\":1,\"name\":\"Po\u010detna stranica\",\"item\":\"https:\\\/\\\/webknjizara.hr\\\/en\\\/\"},{\"@type\":\"ListItem\",\"position\":2,\"name\":\"Shop\",\"item\":\"https:\\\/\\\/webknjizara.hr\\\/shop\\\/\"},{\"@type\":\"ListItem\",\"position\":3,\"name\":\"DVOJNIK I NJEGOVA \u017dELJA: ARTURO GRAF I LUIGI PIRANDELLO (2010)\"}]},{\"@type\":\"WebSite\",\"@id\":\"https:\\\/\\\/webknjizara.hr\\\/#website\",\"url\":\"https:\\\/\\\/webknjizara.hr\\\/\",\"name\":\"Web Knji\u017eara\",\"description\":\"\",\"publisher\":{\"@id\":\"https:\\\/\\\/webknjizara.hr\\\/#organization\"},\"potentialAction\":[{\"@type\":\"SearchAction\",\"target\":{\"@type\":\"EntryPoint\",\"urlTemplate\":\"https:\\\/\\\/webknjizara.hr\\\/?s={search_term_string}\"},\"query-input\":{\"@type\":\"PropertyValueSpecification\",\"valueRequired\":true,\"valueName\":\"search_term_string\"}}],\"inLanguage\":\"en-US\"},{\"@type\":\"Organization\",\"@id\":\"https:\\\/\\\/webknjizara.hr\\\/#organization\",\"name\":\"REDAK D.O.O.\",\"url\":\"https:\\\/\\\/webknjizara.hr\\\/\",\"logo\":{\"@type\":\"ImageObject\",\"inLanguage\":\"en-US\",\"@id\":\"https:\\\/\\\/webknjizara.hr\\\/#\\\/schema\\\/logo\\\/image\\\/\",\"url\":\"https:\\\/\\\/webknjizara.hr\\\/wp-content\\\/uploads\\\/2023\\\/01\\\/web-knjizara-logo.webp\",\"contentUrl\":\"https:\\\/\\\/webknjizara.hr\\\/wp-content\\\/uploads\\\/2023\\\/01\\\/web-knjizara-logo.webp\",\"width\":324,\"height\":79,\"caption\":\"REDAK D.O.O.\"},\"image\":{\"@id\":\"https:\\\/\\\/webknjizara.hr\\\/#\\\/schema\\\/logo\\\/image\\\/\"}}]}<\/script>\n<!-- \/ Yoast SEO plugin. -->","yoast_head_json":{"title":"DVOJNIK I NJEGOVA \u017dELJA: ARTURO GRAF I LUIGI PIRANDELLO (2010) - Web-knji\u017eara","robots":{"index":"index","follow":"follow","max-snippet":"max-snippet:-1","max-image-preview":"max-image-preview:large","max-video-preview":"max-video-preview:-1"},"canonical":"https:\/\/webknjizara.hr\/proizvod\/dvojnik-i-njegova-zelja-arturo-graf-i-luigi-pirandello-2010\/","og_locale":"en_US","og_type":"article","og_title":"DVOJNIK I NJEGOVA \u017dELJA: ARTURO GRAF I LUIGI PIRANDELLO (2010) - Web-knji\u017eara","og_description":"Nikica Mihaljevi\u0107  Poredbena knji\u017eevnost","og_url":"https:\/\/webknjizara.hr\/proizvod\/dvojnik-i-njegova-zelja-arturo-graf-i-luigi-pirandello-2010\/","og_site_name":"Web-knji\u017eara","article_modified_time":"2023-02-26T23:15:32+00:00","og_image":[{"width":283,"height":411,"url":"https:\/\/webknjizara.hr\/wp-content\/uploads\/nc\/images\/virtuemart\/product\/dvojnik-i-njegov-4d37fbf9e27e7.jpg","type":"image\/jpeg"}],"twitter_card":"summary_large_image","twitter_misc":{"Est. reading time":"3 minutes"},"schema":{"@context":"https:\/\/schema.org","@graph":[{"@type":"WebPage","@id":"https:\/\/webknjizara.hr\/proizvod\/dvojnik-i-njegova-zelja-arturo-graf-i-luigi-pirandello-2010\/","url":"https:\/\/webknjizara.hr\/proizvod\/dvojnik-i-njegova-zelja-arturo-graf-i-luigi-pirandello-2010\/","name":"DVOJNIK I NJEGOVA \u017dELJA: ARTURO GRAF I LUIGI PIRANDELLO (2010) - Web-knji\u017eara","isPartOf":{"@id":"https:\/\/webknjizara.hr\/#website"},"primaryImageOfPage":{"@id":"https:\/\/webknjizara.hr\/proizvod\/dvojnik-i-njegova-zelja-arturo-graf-i-luigi-pirandello-2010\/#primaryimage"},"image":{"@id":"https:\/\/webknjizara.hr\/proizvod\/dvojnik-i-njegova-zelja-arturo-graf-i-luigi-pirandello-2010\/#primaryimage"},"thumbnailUrl":"https:\/\/webknjizara.hr\/wp-content\/uploads\/nc\/images\/virtuemart\/product\/dvojnik-i-njegov-4d37fbf9e27e7.jpg","datePublished":"2010-12-20T11:12:32+00:00","dateModified":"2023-02-26T23:15:32+00:00","breadcrumb":{"@id":"https:\/\/webknjizara.hr\/proizvod\/dvojnik-i-njegova-zelja-arturo-graf-i-luigi-pirandello-2010\/#breadcrumb"},"inLanguage":"en-US","potentialAction":[{"@type":"ReadAction","target":["https:\/\/webknjizara.hr\/proizvod\/dvojnik-i-njegova-zelja-arturo-graf-i-luigi-pirandello-2010\/"]}]},{"@type":"ImageObject","inLanguage":"en-US","@id":"https:\/\/webknjizara.hr\/proizvod\/dvojnik-i-njegova-zelja-arturo-graf-i-luigi-pirandello-2010\/#primaryimage","url":"https:\/\/webknjizara.hr\/wp-content\/uploads\/nc\/images\/virtuemart\/product\/dvojnik-i-njegov-4d37fbf9e27e7.jpg","contentUrl":"https:\/\/webknjizara.hr\/wp-content\/uploads\/nc\/images\/virtuemart\/product\/dvojnik-i-njegov-4d37fbf9e27e7.jpg","width":283,"height":411,"caption":"DVOJNIK I NJEGOVA \u017dELJA: ARTURO GRAF I LUIGI PIRANDELLO (2010)"},{"@type":"BreadcrumbList","@id":"https:\/\/webknjizara.hr\/proizvod\/dvojnik-i-njegova-zelja-arturo-graf-i-luigi-pirandello-2010\/#breadcrumb","itemListElement":[{"@type":"ListItem","position":1,"name":"Po\u010detna stranica","item":"https:\/\/webknjizara.hr\/en\/"},{"@type":"ListItem","position":2,"name":"Shop","item":"https:\/\/webknjizara.hr\/shop\/"},{"@type":"ListItem","position":3,"name":"DVOJNIK I NJEGOVA \u017dELJA: ARTURO GRAF I LUIGI PIRANDELLO (2010)"}]},{"@type":"WebSite","@id":"https:\/\/webknjizara.hr\/#website","url":"https:\/\/webknjizara.hr\/","name":"Web Knji\u017eara","description":"","publisher":{"@id":"https:\/\/webknjizara.hr\/#organization"},"potentialAction":[{"@type":"SearchAction","target":{"@type":"EntryPoint","urlTemplate":"https:\/\/webknjizara.hr\/?s={search_term_string}"},"query-input":{"@type":"PropertyValueSpecification","valueRequired":true,"valueName":"search_term_string"}}],"inLanguage":"en-US"},{"@type":"Organization","@id":"https:\/\/webknjizara.hr\/#organization","name":"REDAK D.O.O.","url":"https:\/\/webknjizara.hr\/","logo":{"@type":"ImageObject","inLanguage":"en-US","@id":"https:\/\/webknjizara.hr\/#\/schema\/logo\/image\/","url":"https:\/\/webknjizara.hr\/wp-content\/uploads\/2023\/01\/web-knjizara-logo.webp","contentUrl":"https:\/\/webknjizara.hr\/wp-content\/uploads\/2023\/01\/web-knjizara-logo.webp","width":324,"height":79,"caption":"REDAK D.O.O."},"image":{"@id":"https:\/\/webknjizara.hr\/#\/schema\/logo\/image\/"}}]}},"_links":{"self":[{"href":"https:\/\/webknjizara.hr\/en\/wp-json\/wp\/v2\/product\/7349","targetHints":{"allow":["GET"]}}],"collection":[{"href":"https:\/\/webknjizara.hr\/en\/wp-json\/wp\/v2\/product"}],"about":[{"href":"https:\/\/webknjizara.hr\/en\/wp-json\/wp\/v2\/types\/product"}],"replies":[{"embeddable":true,"href":"https:\/\/webknjizara.hr\/en\/wp-json\/wp\/v2\/comments?post=7349"}],"wp:featuredmedia":[{"embeddable":true,"href":"https:\/\/webknjizara.hr\/en\/wp-json\/wp\/v2\/media\/7350"}],"wp:attachment":[{"href":"https:\/\/webknjizara.hr\/en\/wp-json\/wp\/v2\/media?parent=7349"}],"wp:term":[{"taxonomy":"product_brand","embeddable":true,"href":"https:\/\/webknjizara.hr\/en\/wp-json\/wp\/v2\/product_brand?post=7349"},{"taxonomy":"product_cat","embeddable":true,"href":"https:\/\/webknjizara.hr\/en\/wp-json\/wp\/v2\/product_cat?post=7349"},{"taxonomy":"product_tag","embeddable":true,"href":"https:\/\/webknjizara.hr\/en\/wp-json\/wp\/v2\/product_tag?post=7349"}],"curies":[{"name":"wp","href":"https:\/\/api.w.org\/{rel}","templated":true}]}}