{"id":7345,"date":"2010-11-29T10:11:46","date_gmt":"2010-11-29T10:11:46","guid":{"rendered":"https:\/\/webknjizara.hr\/?product=price-iz-malog-dzepa-petar-androvic"},"modified":"2023-02-27T00:15:32","modified_gmt":"2023-02-26T23:15:32","slug":"price-iz-malog-dzepa-petar-androvic","status":"publish","type":"product","link":"https:\/\/webknjizara.hr\/en\/proizvod\/price-iz-malog-dzepa-petar-androvic\/","title":{"rendered":"PRI\u010cE IZ MALOG D\u017dEPA, Petar Androvi\u0107"},"content":{"rendered":"<p>\u00a0<\/p>\n<p style=\"text-align: justify;\"><strong>Sa\u017eetak<\/strong><br \/>Knjiga je skup pri\u010da i pri\u010dica iz svakodnevnog \u017eivota za\u010dinjena po kojom humoristi\u010dnom crticom. Pri\u010de su neovisne jedna o drugoj osim prve koja je podijeljena u nekoliko podnaslova i prati \u017eivot jednog \u010dovjeka. Sadr\u017eaj knjige je lagano \u0161tivo namjenjeno zabavi a ako vam je pone\u0161to\u00a0 smije\u0161no mo\u017eete se i nasmijati. Dakle da ne pri\u010dam puno najbolje da je prelistate i pogledate \u0161to je to na stranicama napisano.<\/p>\n<p><strong>Bilje\u0161ka o autoru<\/strong><br \/>Petar Androvi\u0107 ro\u0111en je u Boki Kotorskoj (Bogi\u0161i\u0107i) 10.07.1949 god.<br \/>Djetinjstvo provodi u rodnom kraju gdje poha\u0111a osnovnu i srednju industrijsku \u0161kolu.<br \/>\u017divotni vihori 1971 godine ga dovode u \u0160ibenik gdje je i zasnovao obitelj te provodi svoj radni vijek.<br \/>Kao metalac u slobodno vrijeme se bavi inovacijama za koje na doma\u0107im i svjetskim izlo\u017ebama osvaja zapa\u017eena priznanja i zlatne medalje. <br \/>Ima nekoliko patenata na podru\u010dju strojarstva.<br \/>Pisanje ga zanima od djetinjstva gdje je kao pu\u010dko\u0161kolac pisao ske\u010deve za priredbe i poeziju. Na\u017ealost ti njegovi rani radovi su netragom nestali i na podru\u010dju pisanja nastaje jedna praznina, vrijeme kada se moralo misliti na zaradu da bi se zbrinula obitelj.<br \/>Od kada je u mirovini ponovo se probudila stara ljubav za pisanjem a u tome mu je uvelike pomoglo \u0161to se aktivirao na blogu.<br \/>Voli pisati kratke pri\u010de i pripovjetke bogate humorom i satirom. <br \/>Pisanje do\u017eivljava kao ispu\u0161ni ventil i to \u010dini iz hobija. Pi\u0161e i poeziju.<br \/>Petar Androvi\u0107 je po nacionalnosti Hrvat a po vjeroispovijesti rimokatolik. Valja napomenuti da ni jedno ni drugo ne koristi kao &#8220;zanimanje&#8221; ve\u0107 kao normalan slijed i prirodno postojanje.<br \/>Nije \u0161ovinista i ne miri se sa rigidnim istupima pojedinaca koji time \u0161tete \u0161iroj zajednici.<br \/>Svoje vrijeme provodi uz komputer, \u0161etnju i na moru. Obo\u017eava udi\u010darenje iz kai\u0107a uz olovku i komadi\u0107 papira.<\/p>\n<p>\u00a0<\/p>\n<p><strong>e-mail:<\/strong> <a href=\"mailto:petar.androvic@hotmail.com\">petar.androvic@hotmail.com<\/a><br \/><strong>web<\/strong>: <a href=\"http:\/\/www.civordnaratep.blog.com\" target=\"_blank\" rel=\"noopener\">www.civordnaratep.blog.com<\/a><\/p>\n<p><strong>Naslov:<\/strong> PRI\u010cE IZ MALOG D\u017dEPA<br \/><strong>Autor:<\/strong> Petar Androvi\u0107<br \/><strong>Broj stranica<\/strong>: 126<br \/><strong>Nakladnik<\/strong>: REDAK<br \/><strong>Godina izdanja:<\/strong> 2010.<br \/><strong>ISBN:<\/strong> 978-953-7595-27-2<br \/><strong>Tisak:<\/strong> digitalni tisak knjiga &#8211; print na zahtjev<\/p>\n","protected":false},"excerpt":{"rendered":"<p>\u00a0 Sa\u017eetakKnjiga je skup pri\u010da i pri\u010dica iz svakodnevnog \u017eivota za\u010dinjena po kojom humoristi\u010dnom crticom. Pri\u010de su neovisne jedna o drugoj osim prve koja je podijeljena u nekoliko podnaslova i prati \u017eivot jednog \u010dovjeka. Sadr\u017eaj knjige je lagano \u0161tivo namjenjeno zabavi a ako vam je pone\u0161to\u00a0 smije\u0161no mo\u017eete se i nasmijati. Dakle da ne pri\u010dam [&hellip;]<\/p>\n","protected":false},"featured_media":7346,"comment_status":"open","ping_status":"closed","template":"","meta":{"_acf_changed":false},"product_brand":[],"product_cat":[1383,1385],"product_tag":[],"class_list":{"0":"post-7345","1":"product","2":"type-product","3":"status-publish","4":"has-post-thumbnail","6":"product_cat-knjige","7":"product_cat-knjizevnost","8":"pa_autor-petar-androvic","9":"pa_nakladnik-redak","11":"first","12":"instock","13":"shipping-taxable","14":"purchasable","15":"product-type-simple"},"acf":[],"yoast_head":"<!-- This site is optimized with the Yoast SEO plugin v27.3 - https:\/\/yoast.com\/product\/yoast-seo-wordpress\/ -->\n<title>PRI\u010cE IZ MALOG D\u017dEPA, Petar Androvi\u0107 - Web-knji\u017eara<\/title>\n<meta name=\"robots\" content=\"index, follow, max-snippet:-1, max-image-preview:large, max-video-preview:-1\" \/>\n<link rel=\"canonical\" href=\"https:\/\/webknjizara.hr\/proizvod\/price-iz-malog-dzepa-petar-androvic\/\" \/>\n<meta property=\"og:locale\" content=\"en_US\" \/>\n<meta property=\"og:type\" content=\"article\" \/>\n<meta property=\"og:title\" content=\"PRI\u010cE IZ MALOG D\u017dEPA, Petar Androvi\u0107 - Web-knji\u017eara\" \/>\n<meta property=\"og:description\" content=\"\u00a0 Sa\u017eetakKnjiga je skup pri\u010da i pri\u010dica iz svakodnevnog \u017eivota za\u010dinjena po kojom humoristi\u010dnom crticom. Pri\u010de su neovisne jedna o drugoj osim prve koja je podijeljena u nekoliko podnaslova i prati \u017eivot jednog \u010dovjeka. Sadr\u017eaj knjige je lagano \u0161tivo namjenjeno zabavi a ako vam je pone\u0161to\u00a0 smije\u0161no mo\u017eete se i nasmijati. Dakle da ne pri\u010dam [&hellip;]\" \/>\n<meta property=\"og:url\" content=\"https:\/\/webknjizara.hr\/proizvod\/price-iz-malog-dzepa-petar-androvic\/\" \/>\n<meta property=\"og:site_name\" content=\"Web-knji\u017eara\" \/>\n<meta property=\"article:modified_time\" content=\"2023-02-26T23:15:32+00:00\" \/>\n<meta property=\"og:image\" content=\"https:\/\/webknjizara.hr\/wp-content\/uploads\/nc\/images\/virtuemart\/product\/pri-e-iz-malog-4cf37ccf0eceb.jpg\" \/>\n\t<meta property=\"og:image:width\" content=\"283\" \/>\n\t<meta property=\"og:image:height\" content=\"435\" \/>\n\t<meta property=\"og:image:type\" content=\"image\/jpeg\" \/>\n<meta name=\"twitter:card\" content=\"summary_large_image\" \/>\n<meta name=\"twitter:label1\" content=\"Est. reading time\" \/>\n\t<meta name=\"twitter:data1\" content=\"2 minutes\" \/>\n<script type=\"application\/ld+json\" class=\"yoast-schema-graph\">{\"@context\":\"https:\\\/\\\/schema.org\",\"@graph\":[{\"@type\":\"WebPage\",\"@id\":\"https:\\\/\\\/webknjizara.hr\\\/proizvod\\\/price-iz-malog-dzepa-petar-androvic\\\/\",\"url\":\"https:\\\/\\\/webknjizara.hr\\\/proizvod\\\/price-iz-malog-dzepa-petar-androvic\\\/\",\"name\":\"PRI\u010cE IZ MALOG D\u017dEPA, Petar Androvi\u0107 - Web-knji\u017eara\",\"isPartOf\":{\"@id\":\"https:\\\/\\\/webknjizara.hr\\\/#website\"},\"primaryImageOfPage\":{\"@id\":\"https:\\\/\\\/webknjizara.hr\\\/proizvod\\\/price-iz-malog-dzepa-petar-androvic\\\/#primaryimage\"},\"image\":{\"@id\":\"https:\\\/\\\/webknjizara.hr\\\/proizvod\\\/price-iz-malog-dzepa-petar-androvic\\\/#primaryimage\"},\"thumbnailUrl\":\"https:\\\/\\\/webknjizara.hr\\\/wp-content\\\/uploads\\\/nc\\\/images\\\/virtuemart\\\/product\\\/pri-e-iz-malog-4cf37ccf0eceb.jpg\",\"datePublished\":\"2010-11-29T10:11:46+00:00\",\"dateModified\":\"2023-02-26T23:15:32+00:00\",\"breadcrumb\":{\"@id\":\"https:\\\/\\\/webknjizara.hr\\\/proizvod\\\/price-iz-malog-dzepa-petar-androvic\\\/#breadcrumb\"},\"inLanguage\":\"en-US\",\"potentialAction\":[{\"@type\":\"ReadAction\",\"target\":[\"https:\\\/\\\/webknjizara.hr\\\/proizvod\\\/price-iz-malog-dzepa-petar-androvic\\\/\"]}]},{\"@type\":\"ImageObject\",\"inLanguage\":\"en-US\",\"@id\":\"https:\\\/\\\/webknjizara.hr\\\/proizvod\\\/price-iz-malog-dzepa-petar-androvic\\\/#primaryimage\",\"url\":\"https:\\\/\\\/webknjizara.hr\\\/wp-content\\\/uploads\\\/nc\\\/images\\\/virtuemart\\\/product\\\/pri-e-iz-malog-4cf37ccf0eceb.jpg\",\"contentUrl\":\"https:\\\/\\\/webknjizara.hr\\\/wp-content\\\/uploads\\\/nc\\\/images\\\/virtuemart\\\/product\\\/pri-e-iz-malog-4cf37ccf0eceb.jpg\",\"width\":283,\"height\":435,\"caption\":\"PRI\u010cE IZ MALOG D\u017dEPA, Petar Androvi\u0107\"},{\"@type\":\"BreadcrumbList\",\"@id\":\"https:\\\/\\\/webknjizara.hr\\\/proizvod\\\/price-iz-malog-dzepa-petar-androvic\\\/#breadcrumb\",\"itemListElement\":[{\"@type\":\"ListItem\",\"position\":1,\"name\":\"Po\u010detna stranica\",\"item\":\"https:\\\/\\\/webknjizara.hr\\\/en\\\/\"},{\"@type\":\"ListItem\",\"position\":2,\"name\":\"Shop\",\"item\":\"https:\\\/\\\/webknjizara.hr\\\/shop\\\/\"},{\"@type\":\"ListItem\",\"position\":3,\"name\":\"PRI\u010cE IZ MALOG D\u017dEPA, Petar Androvi\u0107\"}]},{\"@type\":\"WebSite\",\"@id\":\"https:\\\/\\\/webknjizara.hr\\\/#website\",\"url\":\"https:\\\/\\\/webknjizara.hr\\\/\",\"name\":\"Web Knji\u017eara\",\"description\":\"\",\"publisher\":{\"@id\":\"https:\\\/\\\/webknjizara.hr\\\/#organization\"},\"potentialAction\":[{\"@type\":\"SearchAction\",\"target\":{\"@type\":\"EntryPoint\",\"urlTemplate\":\"https:\\\/\\\/webknjizara.hr\\\/?s={search_term_string}\"},\"query-input\":{\"@type\":\"PropertyValueSpecification\",\"valueRequired\":true,\"valueName\":\"search_term_string\"}}],\"inLanguage\":\"en-US\"},{\"@type\":\"Organization\",\"@id\":\"https:\\\/\\\/webknjizara.hr\\\/#organization\",\"name\":\"REDAK D.O.O.\",\"url\":\"https:\\\/\\\/webknjizara.hr\\\/\",\"logo\":{\"@type\":\"ImageObject\",\"inLanguage\":\"en-US\",\"@id\":\"https:\\\/\\\/webknjizara.hr\\\/#\\\/schema\\\/logo\\\/image\\\/\",\"url\":\"https:\\\/\\\/webknjizara.hr\\\/wp-content\\\/uploads\\\/2023\\\/01\\\/web-knjizara-logo.webp\",\"contentUrl\":\"https:\\\/\\\/webknjizara.hr\\\/wp-content\\\/uploads\\\/2023\\\/01\\\/web-knjizara-logo.webp\",\"width\":324,\"height\":79,\"caption\":\"REDAK D.O.O.\"},\"image\":{\"@id\":\"https:\\\/\\\/webknjizara.hr\\\/#\\\/schema\\\/logo\\\/image\\\/\"}}]}<\/script>\n<!-- \/ Yoast SEO plugin. -->","yoast_head_json":{"title":"PRI\u010cE IZ MALOG D\u017dEPA, Petar Androvi\u0107 - Web-knji\u017eara","robots":{"index":"index","follow":"follow","max-snippet":"max-snippet:-1","max-image-preview":"max-image-preview:large","max-video-preview":"max-video-preview:-1"},"canonical":"https:\/\/webknjizara.hr\/proizvod\/price-iz-malog-dzepa-petar-androvic\/","og_locale":"en_US","og_type":"article","og_title":"PRI\u010cE IZ MALOG D\u017dEPA, Petar Androvi\u0107 - Web-knji\u017eara","og_description":"\u00a0 Sa\u017eetakKnjiga je skup pri\u010da i pri\u010dica iz svakodnevnog \u017eivota za\u010dinjena po kojom humoristi\u010dnom crticom. Pri\u010de su neovisne jedna o drugoj osim prve koja je podijeljena u nekoliko podnaslova i prati \u017eivot jednog \u010dovjeka. Sadr\u017eaj knjige je lagano \u0161tivo namjenjeno zabavi a ako vam je pone\u0161to\u00a0 smije\u0161no mo\u017eete se i nasmijati. Dakle da ne pri\u010dam [&hellip;]","og_url":"https:\/\/webknjizara.hr\/proizvod\/price-iz-malog-dzepa-petar-androvic\/","og_site_name":"Web-knji\u017eara","article_modified_time":"2023-02-26T23:15:32+00:00","og_image":[{"width":283,"height":435,"url":"https:\/\/webknjizara.hr\/wp-content\/uploads\/nc\/images\/virtuemart\/product\/pri-e-iz-malog-4cf37ccf0eceb.jpg","type":"image\/jpeg"}],"twitter_card":"summary_large_image","twitter_misc":{"Est. reading time":"2 minutes"},"schema":{"@context":"https:\/\/schema.org","@graph":[{"@type":"WebPage","@id":"https:\/\/webknjizara.hr\/proizvod\/price-iz-malog-dzepa-petar-androvic\/","url":"https:\/\/webknjizara.hr\/proizvod\/price-iz-malog-dzepa-petar-androvic\/","name":"PRI\u010cE IZ MALOG D\u017dEPA, Petar Androvi\u0107 - Web-knji\u017eara","isPartOf":{"@id":"https:\/\/webknjizara.hr\/#website"},"primaryImageOfPage":{"@id":"https:\/\/webknjizara.hr\/proizvod\/price-iz-malog-dzepa-petar-androvic\/#primaryimage"},"image":{"@id":"https:\/\/webknjizara.hr\/proizvod\/price-iz-malog-dzepa-petar-androvic\/#primaryimage"},"thumbnailUrl":"https:\/\/webknjizara.hr\/wp-content\/uploads\/nc\/images\/virtuemart\/product\/pri-e-iz-malog-4cf37ccf0eceb.jpg","datePublished":"2010-11-29T10:11:46+00:00","dateModified":"2023-02-26T23:15:32+00:00","breadcrumb":{"@id":"https:\/\/webknjizara.hr\/proizvod\/price-iz-malog-dzepa-petar-androvic\/#breadcrumb"},"inLanguage":"en-US","potentialAction":[{"@type":"ReadAction","target":["https:\/\/webknjizara.hr\/proizvod\/price-iz-malog-dzepa-petar-androvic\/"]}]},{"@type":"ImageObject","inLanguage":"en-US","@id":"https:\/\/webknjizara.hr\/proizvod\/price-iz-malog-dzepa-petar-androvic\/#primaryimage","url":"https:\/\/webknjizara.hr\/wp-content\/uploads\/nc\/images\/virtuemart\/product\/pri-e-iz-malog-4cf37ccf0eceb.jpg","contentUrl":"https:\/\/webknjizara.hr\/wp-content\/uploads\/nc\/images\/virtuemart\/product\/pri-e-iz-malog-4cf37ccf0eceb.jpg","width":283,"height":435,"caption":"PRI\u010cE IZ MALOG D\u017dEPA, Petar Androvi\u0107"},{"@type":"BreadcrumbList","@id":"https:\/\/webknjizara.hr\/proizvod\/price-iz-malog-dzepa-petar-androvic\/#breadcrumb","itemListElement":[{"@type":"ListItem","position":1,"name":"Po\u010detna stranica","item":"https:\/\/webknjizara.hr\/en\/"},{"@type":"ListItem","position":2,"name":"Shop","item":"https:\/\/webknjizara.hr\/shop\/"},{"@type":"ListItem","position":3,"name":"PRI\u010cE IZ MALOG D\u017dEPA, Petar Androvi\u0107"}]},{"@type":"WebSite","@id":"https:\/\/webknjizara.hr\/#website","url":"https:\/\/webknjizara.hr\/","name":"Web Knji\u017eara","description":"","publisher":{"@id":"https:\/\/webknjizara.hr\/#organization"},"potentialAction":[{"@type":"SearchAction","target":{"@type":"EntryPoint","urlTemplate":"https:\/\/webknjizara.hr\/?s={search_term_string}"},"query-input":{"@type":"PropertyValueSpecification","valueRequired":true,"valueName":"search_term_string"}}],"inLanguage":"en-US"},{"@type":"Organization","@id":"https:\/\/webknjizara.hr\/#organization","name":"REDAK D.O.O.","url":"https:\/\/webknjizara.hr\/","logo":{"@type":"ImageObject","inLanguage":"en-US","@id":"https:\/\/webknjizara.hr\/#\/schema\/logo\/image\/","url":"https:\/\/webknjizara.hr\/wp-content\/uploads\/2023\/01\/web-knjizara-logo.webp","contentUrl":"https:\/\/webknjizara.hr\/wp-content\/uploads\/2023\/01\/web-knjizara-logo.webp","width":324,"height":79,"caption":"REDAK D.O.O."},"image":{"@id":"https:\/\/webknjizara.hr\/#\/schema\/logo\/image\/"}}]}},"_links":{"self":[{"href":"https:\/\/webknjizara.hr\/en\/wp-json\/wp\/v2\/product\/7345","targetHints":{"allow":["GET"]}}],"collection":[{"href":"https:\/\/webknjizara.hr\/en\/wp-json\/wp\/v2\/product"}],"about":[{"href":"https:\/\/webknjizara.hr\/en\/wp-json\/wp\/v2\/types\/product"}],"replies":[{"embeddable":true,"href":"https:\/\/webknjizara.hr\/en\/wp-json\/wp\/v2\/comments?post=7345"}],"wp:featuredmedia":[{"embeddable":true,"href":"https:\/\/webknjizara.hr\/en\/wp-json\/wp\/v2\/media\/7346"}],"wp:attachment":[{"href":"https:\/\/webknjizara.hr\/en\/wp-json\/wp\/v2\/media?parent=7345"}],"wp:term":[{"taxonomy":"product_brand","embeddable":true,"href":"https:\/\/webknjizara.hr\/en\/wp-json\/wp\/v2\/product_brand?post=7345"},{"taxonomy":"product_cat","embeddable":true,"href":"https:\/\/webknjizara.hr\/en\/wp-json\/wp\/v2\/product_cat?post=7345"},{"taxonomy":"product_tag","embeddable":true,"href":"https:\/\/webknjizara.hr\/en\/wp-json\/wp\/v2\/product_tag?post=7345"}],"curies":[{"name":"wp","href":"https:\/\/api.w.org\/{rel}","templated":true}]}}