{"id":7343,"date":"2010-11-16T14:15:53","date_gmt":"2010-11-16T14:15:53","guid":{"rendered":"https:\/\/webknjizara.hr\/?product=novi-metodoloski-zanr-u-sociologiji-postmoderno-istrazivanje"},"modified":"2023-02-27T00:15:31","modified_gmt":"2023-02-26T23:15:31","slug":"novi-metodoloski-zanr-u-sociologiji-postmoderno-istrazivanje","status":"publish","type":"product","link":"https:\/\/webknjizara.hr\/en\/proizvod\/novi-metodoloski-zanr-u-sociologiji-postmoderno-istrazivanje\/","title":{"rendered":"NOVI METODOLO\u0160KI \u017dANR U SOCIOLOGIJI: POSTMODERNO ISTRA\u017dIVANJE"},"content":{"rendered":"<p style=\"text-align: justify;\">\u00a0<\/p>\n<p style=\"text-align: justify;\"><strong>Sa\u017eetak:<\/strong><br \/>Strukturalne i institucionalne promjene suvremenoga dru\u0161tva izazov su suvremenoj sociologiji i postoje\u0107im kategorijama s obzirom na njihovu neadekvatnost u obja\u0161njavanju dosad nepoznatih dru\u0161tvenih tendencija, situacija i trendova. Postmodernisti\u010dke teme otvaraju neka va\u017ena pitanja, koja se nalaze u sredi\u0161tu teorijskih i metodolo\u0161kih rasprava. Postmodernizam dovodi u pitanje \u201estare\u201c teorije i tradicionalne procedure sociologije tako \u0161to napu\u0161ta potragu za velikim istinama, usmjeruju\u0107i se prema razumijevanju kompleksnosti dru\u0161tvene stvarnosti, demistificira ortodoksnu tradiciju objektivnosti u korist pove\u0107ane svjesnosti vrijednosti, zna\u010denja i interpretacija, te dovodi u pitanje ulogu sociologa.<br \/>Aktualne relevantne spoznaje upu\u0107uju na potrebu temeljne analize promjena tradicionalnih teorijskih i metodolo\u0161kih koncepata, koje su pod utjecajem postmodernisti\u010dkih ideja. Stoga se u tekstu utjecaj postmodernisti\u010dkih koncepcija razmatra u odnosu na suvremenu istra\u017eiva\u010dku metodologiju. Naime, postaje o\u010dito da se principi postmodernoga istra\u017eivanja u radovima pojedinih autora odlu\u010dno pomi\u010du u mainstream sociologije, izazivaju\u0107i i postaju\u0107i dio njihove prihva\u0107ene sociolo\u0161ke (teorijske i istra\u017eiva\u010dke) prakse.<br \/>O\u010dito je da se sociolozi u novije vrijeme bave \u0161irokim rasponom pitanja i problema suvremenoga dru\u0161tva, koje nosi postmoderne zna\u010dajke kompleksnosti, neodre\u0111enosti, razli\u010ditosti i jedinstvenosti. Suvremena sociologija bi u perspektivi ne\u010dega \u0161to tek dolazi ponovno iskazala svoje kreativne i refleksivne napore u promi\u0161ljanjima dru\u0161tvenih fenomena, a sociolo\u0161ka istra\u017eivanja u poku\u0161ajima predstavljanja suvremene dru\u0161tvene prakse, doga\u0111ajnosti, iznenadnosti, brzine, neutemeljenosti suvremenoga dru\u0161tva, koji mogu biti nazvani postmodernizmom. Na taj na\u010din pronalazimo opravdanost \u201epri\u010de\u201c o postmodernizmu i neuspjehu moderne sociologije da pru\u017ei obja\u0161njenja za fenomene (brzina promjena, nove situacije, trendovi&#8230;) teku\u0107ega postmodernoga dru\u0161tva.<br \/>Postmodernizam u kona\u010dnici otvara sociolo\u0161ku teoriju \u010ditavom nizu teorijskih i metodolo\u0161kih pitanja, koje je u istra\u017eiva\u010dkim okvirima postmoderne metodolo\u0161ke paradigme mogu\u0107e adekvatnije artikulirati. Stoga su opravdana na\u0161a o\u010dekivanja kako \u0107e uz postoje\u0107e kritike konvencionalnih istra\u017eiva\u010dkih pristupa istra\u017eiva\u010di u svojim sociolo\u0161kim projektima i studijama implementirati principe postmodernoga istra\u017eivanja.<\/p>\n<p><strong>Bilje\u0161ka o autorici: <\/strong><br \/>Marija Lon\u010dar, vi\u0161a asistentica na katedri sociolo\u0161ke metodologije Odsjeka za sociologiju Filozofskog fakulteta u Splitu. Znanstvena grana u kojoj istra\u017euje i objavljuje je sociolo\u0161ka metodologija, urbana sociologija, sociologija mladih i sociologija medija. Sudjelovala u sociolo\u0161kim projektima i istra\u017eivanjima kao anketarka, intervjuerka, realizaciji i koordinaciji terenskih faza istra\u017eivanja, te obradi empirijskih podataka. Suautorica je studije Anketno istra\u017eivanje zadarske periferije u studiji \u201eNevidljivi Zadar\u201c (projekt ZaSad, programski paket za GUP, Zadar, 2006), te knjiga: Socioklimatski utjecaji na suvremeno \u017eivljenje: sociolo\u0161ko istra\u017eivanje stanovnika Hrvatske (Split, Redak, 2008) i Jezi\u010dna stvarnost medija: rezultati sociolo\u0161kog istra\u017eivanja (Split, Redak, 2010).<br \/>\u010clanica je Hrvatskog sociolo\u0161kog dru\u0161tva.<\/p>\n<p><strong>e-mail:<\/strong> <a href=\"mailto:marija.loncar@ffst.hr\">marija.loncar@ffst.hr<\/a><\/p>\n<p><strong>Naslov:<\/strong> NOVI METODOLO\u0160KI \u017dANR U SOCIOLOGIJI<br \/><strong>Autor:<\/strong> Marija Lon\u010dar<br \/><strong>Broj stranica<\/strong>: 252<br \/><strong>Nakladnik<\/strong>: REDAK<br \/><strong>Godina izdanja:<\/strong> 2010.<br \/><strong>ISBN:<\/strong> 978-953-7595-28-9<br \/><strong>Tisak:<\/strong> digitalni tisak knjiga &#8211; print na zahtjev<\/p>\n","protected":false},"excerpt":{"rendered":"<p>Novi metodolo\u0161ki \u017eanr u sociologiji(2010)  Marija Lon\u010dar<br \/>\n<br \/>\n<i><b>New methodological genre in sociology: Postmodern research <\/b><\/i><\/p>\n","protected":false},"featured_media":7344,"comment_status":"open","ping_status":"closed","template":"","meta":{"_acf_changed":false},"product_brand":[],"product_cat":[1517,1390],"product_tag":[],"class_list":{"0":"post-7343","1":"product","2":"type-product","3":"status-publish","4":"has-post-thumbnail","6":"product_cat-strucna-literatura","7":"product_cat-drustvene-znanosti","8":"pa_autor-marija-loncar","9":"pa_nakladnik-redak","11":"first","12":"instock","13":"shipping-taxable","14":"purchasable","15":"product-type-simple"},"acf":[],"yoast_head":"<!-- This site is optimized with the Yoast SEO plugin v27.3 - https:\/\/yoast.com\/product\/yoast-seo-wordpress\/ -->\n<title>NOVI METODOLO\u0160KI \u017dANR U SOCIOLOGIJI: POSTMODERNO ISTRA\u017dIVANJE - Web-knji\u017eara<\/title>\n<meta name=\"robots\" content=\"index, follow, max-snippet:-1, max-image-preview:large, max-video-preview:-1\" \/>\n<link rel=\"canonical\" href=\"https:\/\/webknjizara.hr\/proizvod\/novi-metodoloski-zanr-u-sociologiji-postmoderno-istrazivanje\/\" \/>\n<meta property=\"og:locale\" content=\"en_US\" \/>\n<meta property=\"og:type\" content=\"article\" \/>\n<meta property=\"og:title\" content=\"NOVI METODOLO\u0160KI \u017dANR U SOCIOLOGIJI: POSTMODERNO ISTRA\u017dIVANJE - Web-knji\u017eara\" \/>\n<meta property=\"og:description\" content=\"Novi metodolo\u0161ki \u017eanr u sociologiji(2010) Marija Lon\u010dar  New methodological genre in sociology: Postmodern research\" \/>\n<meta property=\"og:url\" content=\"https:\/\/webknjizara.hr\/proizvod\/novi-metodoloski-zanr-u-sociologiji-postmoderno-istrazivanje\/\" \/>\n<meta property=\"og:site_name\" content=\"Web-knji\u017eara\" \/>\n<meta property=\"article:modified_time\" content=\"2023-02-26T23:15:31+00:00\" \/>\n<meta property=\"og:image\" content=\"https:\/\/webknjizara.hr\/wp-content\/uploads\/nc\/images\/virtuemart\/product\/novi-metodolo-k-4ce2926e0783c.jpg\" \/>\n\t<meta property=\"og:image:width\" content=\"283\" \/>\n\t<meta property=\"og:image:height\" content=\"407\" \/>\n\t<meta property=\"og:image:type\" content=\"image\/jpeg\" \/>\n<meta name=\"twitter:card\" content=\"summary_large_image\" \/>\n<meta name=\"twitter:label1\" content=\"Est. reading time\" \/>\n\t<meta name=\"twitter:data1\" content=\"2 minutes\" \/>\n<script type=\"application\/ld+json\" class=\"yoast-schema-graph\">{\"@context\":\"https:\\\/\\\/schema.org\",\"@graph\":[{\"@type\":\"WebPage\",\"@id\":\"https:\\\/\\\/webknjizara.hr\\\/proizvod\\\/novi-metodoloski-zanr-u-sociologiji-postmoderno-istrazivanje\\\/\",\"url\":\"https:\\\/\\\/webknjizara.hr\\\/proizvod\\\/novi-metodoloski-zanr-u-sociologiji-postmoderno-istrazivanje\\\/\",\"name\":\"NOVI METODOLO\u0160KI \u017dANR U SOCIOLOGIJI: POSTMODERNO ISTRA\u017dIVANJE - Web-knji\u017eara\",\"isPartOf\":{\"@id\":\"https:\\\/\\\/webknjizara.hr\\\/#website\"},\"primaryImageOfPage\":{\"@id\":\"https:\\\/\\\/webknjizara.hr\\\/proizvod\\\/novi-metodoloski-zanr-u-sociologiji-postmoderno-istrazivanje\\\/#primaryimage\"},\"image\":{\"@id\":\"https:\\\/\\\/webknjizara.hr\\\/proizvod\\\/novi-metodoloski-zanr-u-sociologiji-postmoderno-istrazivanje\\\/#primaryimage\"},\"thumbnailUrl\":\"https:\\\/\\\/webknjizara.hr\\\/wp-content\\\/uploads\\\/nc\\\/images\\\/virtuemart\\\/product\\\/novi-metodolo-k-4ce2926e0783c.jpg\",\"datePublished\":\"2010-11-16T14:15:53+00:00\",\"dateModified\":\"2023-02-26T23:15:31+00:00\",\"breadcrumb\":{\"@id\":\"https:\\\/\\\/webknjizara.hr\\\/proizvod\\\/novi-metodoloski-zanr-u-sociologiji-postmoderno-istrazivanje\\\/#breadcrumb\"},\"inLanguage\":\"en-US\",\"potentialAction\":[{\"@type\":\"ReadAction\",\"target\":[\"https:\\\/\\\/webknjizara.hr\\\/proizvod\\\/novi-metodoloski-zanr-u-sociologiji-postmoderno-istrazivanje\\\/\"]}]},{\"@type\":\"ImageObject\",\"inLanguage\":\"en-US\",\"@id\":\"https:\\\/\\\/webknjizara.hr\\\/proizvod\\\/novi-metodoloski-zanr-u-sociologiji-postmoderno-istrazivanje\\\/#primaryimage\",\"url\":\"https:\\\/\\\/webknjizara.hr\\\/wp-content\\\/uploads\\\/nc\\\/images\\\/virtuemart\\\/product\\\/novi-metodolo-k-4ce2926e0783c.jpg\",\"contentUrl\":\"https:\\\/\\\/webknjizara.hr\\\/wp-content\\\/uploads\\\/nc\\\/images\\\/virtuemart\\\/product\\\/novi-metodolo-k-4ce2926e0783c.jpg\",\"width\":283,\"height\":407,\"caption\":\"NOVI METODOLO\u0160KI \u017dANR U SOCIOLOGIJI: POSTMODERNO ISTRA\u017dIVANJE\"},{\"@type\":\"BreadcrumbList\",\"@id\":\"https:\\\/\\\/webknjizara.hr\\\/proizvod\\\/novi-metodoloski-zanr-u-sociologiji-postmoderno-istrazivanje\\\/#breadcrumb\",\"itemListElement\":[{\"@type\":\"ListItem\",\"position\":1,\"name\":\"Po\u010detna stranica\",\"item\":\"https:\\\/\\\/webknjizara.hr\\\/en\\\/\"},{\"@type\":\"ListItem\",\"position\":2,\"name\":\"Shop\",\"item\":\"https:\\\/\\\/webknjizara.hr\\\/shop\\\/\"},{\"@type\":\"ListItem\",\"position\":3,\"name\":\"NOVI METODOLO\u0160KI \u017dANR U SOCIOLOGIJI: POSTMODERNO ISTRA\u017dIVANJE\"}]},{\"@type\":\"WebSite\",\"@id\":\"https:\\\/\\\/webknjizara.hr\\\/#website\",\"url\":\"https:\\\/\\\/webknjizara.hr\\\/\",\"name\":\"Web Knji\u017eara\",\"description\":\"\",\"publisher\":{\"@id\":\"https:\\\/\\\/webknjizara.hr\\\/#organization\"},\"potentialAction\":[{\"@type\":\"SearchAction\",\"target\":{\"@type\":\"EntryPoint\",\"urlTemplate\":\"https:\\\/\\\/webknjizara.hr\\\/?s={search_term_string}\"},\"query-input\":{\"@type\":\"PropertyValueSpecification\",\"valueRequired\":true,\"valueName\":\"search_term_string\"}}],\"inLanguage\":\"en-US\"},{\"@type\":\"Organization\",\"@id\":\"https:\\\/\\\/webknjizara.hr\\\/#organization\",\"name\":\"REDAK D.O.O.\",\"url\":\"https:\\\/\\\/webknjizara.hr\\\/\",\"logo\":{\"@type\":\"ImageObject\",\"inLanguage\":\"en-US\",\"@id\":\"https:\\\/\\\/webknjizara.hr\\\/#\\\/schema\\\/logo\\\/image\\\/\",\"url\":\"https:\\\/\\\/webknjizara.hr\\\/wp-content\\\/uploads\\\/2023\\\/01\\\/web-knjizara-logo.webp\",\"contentUrl\":\"https:\\\/\\\/webknjizara.hr\\\/wp-content\\\/uploads\\\/2023\\\/01\\\/web-knjizara-logo.webp\",\"width\":324,\"height\":79,\"caption\":\"REDAK D.O.O.\"},\"image\":{\"@id\":\"https:\\\/\\\/webknjizara.hr\\\/#\\\/schema\\\/logo\\\/image\\\/\"}}]}<\/script>\n<!-- \/ Yoast SEO plugin. -->","yoast_head_json":{"title":"NOVI METODOLO\u0160KI \u017dANR U SOCIOLOGIJI: POSTMODERNO ISTRA\u017dIVANJE - Web-knji\u017eara","robots":{"index":"index","follow":"follow","max-snippet":"max-snippet:-1","max-image-preview":"max-image-preview:large","max-video-preview":"max-video-preview:-1"},"canonical":"https:\/\/webknjizara.hr\/proizvod\/novi-metodoloski-zanr-u-sociologiji-postmoderno-istrazivanje\/","og_locale":"en_US","og_type":"article","og_title":"NOVI METODOLO\u0160KI \u017dANR U SOCIOLOGIJI: POSTMODERNO ISTRA\u017dIVANJE - Web-knji\u017eara","og_description":"Novi metodolo\u0161ki \u017eanr u sociologiji(2010) Marija Lon\u010dar  New methodological genre in sociology: Postmodern research","og_url":"https:\/\/webknjizara.hr\/proizvod\/novi-metodoloski-zanr-u-sociologiji-postmoderno-istrazivanje\/","og_site_name":"Web-knji\u017eara","article_modified_time":"2023-02-26T23:15:31+00:00","og_image":[{"width":283,"height":407,"url":"https:\/\/webknjizara.hr\/wp-content\/uploads\/nc\/images\/virtuemart\/product\/novi-metodolo-k-4ce2926e0783c.jpg","type":"image\/jpeg"}],"twitter_card":"summary_large_image","twitter_misc":{"Est. reading time":"2 minutes"},"schema":{"@context":"https:\/\/schema.org","@graph":[{"@type":"WebPage","@id":"https:\/\/webknjizara.hr\/proizvod\/novi-metodoloski-zanr-u-sociologiji-postmoderno-istrazivanje\/","url":"https:\/\/webknjizara.hr\/proizvod\/novi-metodoloski-zanr-u-sociologiji-postmoderno-istrazivanje\/","name":"NOVI METODOLO\u0160KI \u017dANR U SOCIOLOGIJI: POSTMODERNO ISTRA\u017dIVANJE - Web-knji\u017eara","isPartOf":{"@id":"https:\/\/webknjizara.hr\/#website"},"primaryImageOfPage":{"@id":"https:\/\/webknjizara.hr\/proizvod\/novi-metodoloski-zanr-u-sociologiji-postmoderno-istrazivanje\/#primaryimage"},"image":{"@id":"https:\/\/webknjizara.hr\/proizvod\/novi-metodoloski-zanr-u-sociologiji-postmoderno-istrazivanje\/#primaryimage"},"thumbnailUrl":"https:\/\/webknjizara.hr\/wp-content\/uploads\/nc\/images\/virtuemart\/product\/novi-metodolo-k-4ce2926e0783c.jpg","datePublished":"2010-11-16T14:15:53+00:00","dateModified":"2023-02-26T23:15:31+00:00","breadcrumb":{"@id":"https:\/\/webknjizara.hr\/proizvod\/novi-metodoloski-zanr-u-sociologiji-postmoderno-istrazivanje\/#breadcrumb"},"inLanguage":"en-US","potentialAction":[{"@type":"ReadAction","target":["https:\/\/webknjizara.hr\/proizvod\/novi-metodoloski-zanr-u-sociologiji-postmoderno-istrazivanje\/"]}]},{"@type":"ImageObject","inLanguage":"en-US","@id":"https:\/\/webknjizara.hr\/proizvod\/novi-metodoloski-zanr-u-sociologiji-postmoderno-istrazivanje\/#primaryimage","url":"https:\/\/webknjizara.hr\/wp-content\/uploads\/nc\/images\/virtuemart\/product\/novi-metodolo-k-4ce2926e0783c.jpg","contentUrl":"https:\/\/webknjizara.hr\/wp-content\/uploads\/nc\/images\/virtuemart\/product\/novi-metodolo-k-4ce2926e0783c.jpg","width":283,"height":407,"caption":"NOVI METODOLO\u0160KI \u017dANR U SOCIOLOGIJI: POSTMODERNO ISTRA\u017dIVANJE"},{"@type":"BreadcrumbList","@id":"https:\/\/webknjizara.hr\/proizvod\/novi-metodoloski-zanr-u-sociologiji-postmoderno-istrazivanje\/#breadcrumb","itemListElement":[{"@type":"ListItem","position":1,"name":"Po\u010detna stranica","item":"https:\/\/webknjizara.hr\/en\/"},{"@type":"ListItem","position":2,"name":"Shop","item":"https:\/\/webknjizara.hr\/shop\/"},{"@type":"ListItem","position":3,"name":"NOVI METODOLO\u0160KI \u017dANR U SOCIOLOGIJI: POSTMODERNO ISTRA\u017dIVANJE"}]},{"@type":"WebSite","@id":"https:\/\/webknjizara.hr\/#website","url":"https:\/\/webknjizara.hr\/","name":"Web Knji\u017eara","description":"","publisher":{"@id":"https:\/\/webknjizara.hr\/#organization"},"potentialAction":[{"@type":"SearchAction","target":{"@type":"EntryPoint","urlTemplate":"https:\/\/webknjizara.hr\/?s={search_term_string}"},"query-input":{"@type":"PropertyValueSpecification","valueRequired":true,"valueName":"search_term_string"}}],"inLanguage":"en-US"},{"@type":"Organization","@id":"https:\/\/webknjizara.hr\/#organization","name":"REDAK D.O.O.","url":"https:\/\/webknjizara.hr\/","logo":{"@type":"ImageObject","inLanguage":"en-US","@id":"https:\/\/webknjizara.hr\/#\/schema\/logo\/image\/","url":"https:\/\/webknjizara.hr\/wp-content\/uploads\/2023\/01\/web-knjizara-logo.webp","contentUrl":"https:\/\/webknjizara.hr\/wp-content\/uploads\/2023\/01\/web-knjizara-logo.webp","width":324,"height":79,"caption":"REDAK D.O.O."},"image":{"@id":"https:\/\/webknjizara.hr\/#\/schema\/logo\/image\/"}}]}},"_links":{"self":[{"href":"https:\/\/webknjizara.hr\/en\/wp-json\/wp\/v2\/product\/7343","targetHints":{"allow":["GET"]}}],"collection":[{"href":"https:\/\/webknjizara.hr\/en\/wp-json\/wp\/v2\/product"}],"about":[{"href":"https:\/\/webknjizara.hr\/en\/wp-json\/wp\/v2\/types\/product"}],"replies":[{"embeddable":true,"href":"https:\/\/webknjizara.hr\/en\/wp-json\/wp\/v2\/comments?post=7343"}],"wp:featuredmedia":[{"embeddable":true,"href":"https:\/\/webknjizara.hr\/en\/wp-json\/wp\/v2\/media\/7344"}],"wp:attachment":[{"href":"https:\/\/webknjizara.hr\/en\/wp-json\/wp\/v2\/media?parent=7343"}],"wp:term":[{"taxonomy":"product_brand","embeddable":true,"href":"https:\/\/webknjizara.hr\/en\/wp-json\/wp\/v2\/product_brand?post=7343"},{"taxonomy":"product_cat","embeddable":true,"href":"https:\/\/webknjizara.hr\/en\/wp-json\/wp\/v2\/product_cat?post=7343"},{"taxonomy":"product_tag","embeddable":true,"href":"https:\/\/webknjizara.hr\/en\/wp-json\/wp\/v2\/product_tag?post=7343"}],"curies":[{"name":"wp","href":"https:\/\/api.w.org\/{rel}","templated":true}]}}