{"id":7325,"date":"2010-10-19T11:13:29","date_gmt":"2010-10-19T11:13:29","guid":{"rendered":"https:\/\/webknjizara.hr\/?product=kino-bosna-zlatko-lukic"},"modified":"2023-02-27T00:15:30","modified_gmt":"2023-02-26T23:15:30","slug":"kino-bosna-zlatko-lukic","status":"publish","type":"product","link":"https:\/\/webknjizara.hr\/en\/proizvod\/kino-bosna-zlatko-lukic\/","title":{"rendered":"KINO BOSNA, Zlatko Luki\u0107"},"content":{"rendered":"<p style=\"text-align: justify;\">\u00a0<\/p>\n<p style=\"text-align: justify;\"><strong>Sa\u017eetak:<\/strong><br \/>\u201dKino Bosna\u201d je sna\u017ean, dubok i dirljiv roman koji \u0107e vas potaknuti da preispitate svoje prioritete u \u017eivotu. U romanu je prikazan razvojni put osobe koja je op\u010dinjena filmom tj. kinom. <br \/>U motu romana autor isti\u010de: &#8220;\u017divot je kino&#8221; &#8211; ali pro\u010ditav\u0161i roman do kraja kao da je htio re\u0107i u smislu poslovice: Bosna je kino. Poglavlja su naslovljena po terminima kino predstava: pretpremijera, zatvorena projekcija, premijera, repriza itd&#8230; Skoro filmskim jezikom kao da pi\u0161e scenarij, roman vrvi od dijaloga, ali i slikovitost . Pred nama se odvija film, a u zadnjem dijelu doista postoji mali scenarij za kratkometra\u017eni film: &#8220;Cvr\u010dak i mrav. I ovdje je prisutna primjetna doza humora, ali onog ironi\u010dnog, na granici sarkazma, kojim autor \u017eeli nadi\u0107i stravi\u010dne scene ratnih zlo\u010dina kojima je bio svjedok. Na momente vrlo potresan, ali veli\u010danstven roman donosi sna\u017ene slike do sada rijetko vi\u0111ene. Podsje\u0107a nas da trebamo cijeniti ljude koji su nam va\u017eni i veseliti se stvarima na koje smo zaboravili, \u017eivjeti \u017eivot.<\/p>\n<p><strong>Bilje\u0161ka o autoru:<\/strong><br \/>Zlatko Luki\u0107 (11.2.1953. Zagreb) do 1992. \u017eivio u Banjaluci, a od 1992. u \u0160vedskoj, Norve\u0161koj, Njema\u010dkoj, Nizozemskoj i sada u Hrvatskoj.<br \/>Izvedene drame: &#8220;Crveni kesten&#8221;, &#8220;Djeca no\u0107i&#8221;, &#8220;Hibernatori&#8221;.<br \/>Objavljeni romani: &#8220;Antigona Bosanska&#8221;, &#8220;Tajna knjiga&#8221;, &#8220;Progonstvo&#8221;, &#8220;Posrtanje knjige&#8221;, &#8220;Kara\u0111oz&#8221;, &#8220;Kino Bosna&#8221; (svaki naslov je tiskan u dva izdanja), i &#8220;Katarza&#8221;.<br \/>Ostalo: &#8220;Bosanska sehara&#8221; (poslovice i fraze u BiH), &#8220;Geneza Bo\u0161njaka&#8221; (esej), &#8220;Anatomija zla na Balkanu&#8221; (esej)<br \/>Nagrade: Pjesma &#8220;Moja naiva&#8221;, nagrada Knji\u017eevne omladine za poeziju BiH 1975, Pripovijetka &#8220;Njih dvojica&#8221; nagrada &#8220;Oslobo\u0111enja&#8221; za novinska pri\u010du 1978, Drama &#8220;Djeca no\u0107i&#8221;, nagrada za originalni dramski tekst, Travnik 1982. Roman &#8220;Katarza&#8221;, nagrada za najbolji roman, Kre\u0161evo, 2007.<br \/>Uvr\u0161ten u antologiju bh pripovijetke 1979. u redakciji \u010dasopisa &#8220;\u017divot&#8221; s pri\u010dom &#8220;Golubovi ne umiru&#8221;. <\/p>\n<p><strong>e-mail: <\/strong>Zlatko Luki\u0107<br \/><strong>web:<\/strong> www.zlatkolukic.com<\/p>\n<p><strong>Naslov:<\/strong> KINO BOSNA<br \/><strong>Autor:<\/strong> Zlatko Luki\u0107<br \/><strong>Broj stranica:<\/strong> 144<br \/><strong>Nakladnik:<\/strong> Redak<br \/><strong>Godina izdanja:<\/strong> 2010.<br \/><strong>ISBN:<\/strong> 987-953-7595-14-2<br \/><strong>Tisak:<\/strong> digitalni tisak knjiga &#8211; print na zahtjev<\/p>\n","protected":false},"excerpt":{"rendered":"<p>\u00a0 Sa\u017eetak:\u201dKino Bosna\u201d je sna\u017ean, dubok i dirljiv roman koji \u0107e vas potaknuti da preispitate svoje prioritete u \u017eivotu. U romanu je prikazan razvojni put osobe koja je op\u010dinjena filmom tj. kinom. U motu romana autor isti\u010de: &#8220;\u017divot je kino&#8221; &#8211; ali pro\u010ditav\u0161i roman do kraja kao da je htio re\u0107i u smislu poslovice: Bosna [&hellip;]<\/p>\n","protected":false},"featured_media":7326,"comment_status":"open","ping_status":"closed","template":"","meta":{"_acf_changed":false},"product_brand":[],"product_cat":[1383,1385],"product_tag":[],"class_list":{"0":"post-7325","1":"product","2":"type-product","3":"status-publish","4":"has-post-thumbnail","6":"product_cat-knjige","7":"product_cat-knjizevnost","8":"pa_autor-zlatko-lukic","9":"pa_nakladnik-redak","11":"first","12":"instock","13":"shipping-taxable","14":"purchasable","15":"product-type-simple"},"acf":[],"yoast_head":"<!-- This site is optimized with the Yoast SEO plugin v27.3 - https:\/\/yoast.com\/product\/yoast-seo-wordpress\/ -->\n<title>KINO BOSNA, Zlatko Luki\u0107 - Web-knji\u017eara<\/title>\n<meta name=\"robots\" content=\"index, follow, max-snippet:-1, max-image-preview:large, max-video-preview:-1\" \/>\n<link rel=\"canonical\" href=\"https:\/\/webknjizara.hr\/proizvod\/kino-bosna-zlatko-lukic\/\" \/>\n<meta property=\"og:locale\" content=\"en_US\" \/>\n<meta property=\"og:type\" content=\"article\" \/>\n<meta property=\"og:title\" content=\"KINO BOSNA, Zlatko Luki\u0107 - Web-knji\u017eara\" \/>\n<meta property=\"og:description\" content=\"\u00a0 Sa\u017eetak:\u201dKino Bosna\u201d je sna\u017ean, dubok i dirljiv roman koji \u0107e vas potaknuti da preispitate svoje prioritete u \u017eivotu. U romanu je prikazan razvojni put osobe koja je op\u010dinjena filmom tj. kinom. U motu romana autor isti\u010de: &#8220;\u017divot je kino&#8221; &#8211; ali pro\u010ditav\u0161i roman do kraja kao da je htio re\u0107i u smislu poslovice: Bosna [&hellip;]\" \/>\n<meta property=\"og:url\" content=\"https:\/\/webknjizara.hr\/proizvod\/kino-bosna-zlatko-lukic\/\" \/>\n<meta property=\"og:site_name\" content=\"Web-knji\u017eara\" \/>\n<meta property=\"article:modified_time\" content=\"2023-02-26T23:15:30+00:00\" \/>\n<meta property=\"og:image\" content=\"https:\/\/webknjizara.hr\/wp-content\/uploads\/nc\/images\/virtuemart\/product\/kino-bosna-zlat-4cbd7d7ca3b72.jpg\" \/>\n\t<meta property=\"og:image:width\" content=\"283\" \/>\n\t<meta property=\"og:image:height\" content=\"402\" \/>\n\t<meta property=\"og:image:type\" content=\"image\/jpeg\" \/>\n<meta name=\"twitter:card\" content=\"summary_large_image\" \/>\n<meta name=\"twitter:label1\" content=\"Est. reading time\" \/>\n\t<meta name=\"twitter:data1\" content=\"2 minutes\" \/>\n<script type=\"application\/ld+json\" class=\"yoast-schema-graph\">{\"@context\":\"https:\\\/\\\/schema.org\",\"@graph\":[{\"@type\":\"WebPage\",\"@id\":\"https:\\\/\\\/webknjizara.hr\\\/proizvod\\\/kino-bosna-zlatko-lukic\\\/\",\"url\":\"https:\\\/\\\/webknjizara.hr\\\/proizvod\\\/kino-bosna-zlatko-lukic\\\/\",\"name\":\"KINO BOSNA, Zlatko Luki\u0107 - Web-knji\u017eara\",\"isPartOf\":{\"@id\":\"https:\\\/\\\/webknjizara.hr\\\/#website\"},\"primaryImageOfPage\":{\"@id\":\"https:\\\/\\\/webknjizara.hr\\\/proizvod\\\/kino-bosna-zlatko-lukic\\\/#primaryimage\"},\"image\":{\"@id\":\"https:\\\/\\\/webknjizara.hr\\\/proizvod\\\/kino-bosna-zlatko-lukic\\\/#primaryimage\"},\"thumbnailUrl\":\"https:\\\/\\\/webknjizara.hr\\\/wp-content\\\/uploads\\\/nc\\\/images\\\/virtuemart\\\/product\\\/kino-bosna-zlat-4cbd7d7ca3b72.jpg\",\"datePublished\":\"2010-10-19T11:13:29+00:00\",\"dateModified\":\"2023-02-26T23:15:30+00:00\",\"breadcrumb\":{\"@id\":\"https:\\\/\\\/webknjizara.hr\\\/proizvod\\\/kino-bosna-zlatko-lukic\\\/#breadcrumb\"},\"inLanguage\":\"en-US\",\"potentialAction\":[{\"@type\":\"ReadAction\",\"target\":[\"https:\\\/\\\/webknjizara.hr\\\/proizvod\\\/kino-bosna-zlatko-lukic\\\/\"]}]},{\"@type\":\"ImageObject\",\"inLanguage\":\"en-US\",\"@id\":\"https:\\\/\\\/webknjizara.hr\\\/proizvod\\\/kino-bosna-zlatko-lukic\\\/#primaryimage\",\"url\":\"https:\\\/\\\/webknjizara.hr\\\/wp-content\\\/uploads\\\/nc\\\/images\\\/virtuemart\\\/product\\\/kino-bosna-zlat-4cbd7d7ca3b72.jpg\",\"contentUrl\":\"https:\\\/\\\/webknjizara.hr\\\/wp-content\\\/uploads\\\/nc\\\/images\\\/virtuemart\\\/product\\\/kino-bosna-zlat-4cbd7d7ca3b72.jpg\",\"width\":283,\"height\":402,\"caption\":\"KINO BOSNA, Zlatko Luki\u0107\"},{\"@type\":\"BreadcrumbList\",\"@id\":\"https:\\\/\\\/webknjizara.hr\\\/proizvod\\\/kino-bosna-zlatko-lukic\\\/#breadcrumb\",\"itemListElement\":[{\"@type\":\"ListItem\",\"position\":1,\"name\":\"Po\u010detna stranica\",\"item\":\"https:\\\/\\\/webknjizara.hr\\\/en\\\/\"},{\"@type\":\"ListItem\",\"position\":2,\"name\":\"Shop\",\"item\":\"https:\\\/\\\/webknjizara.hr\\\/shop\\\/\"},{\"@type\":\"ListItem\",\"position\":3,\"name\":\"KINO BOSNA, Zlatko Luki\u0107\"}]},{\"@type\":\"WebSite\",\"@id\":\"https:\\\/\\\/webknjizara.hr\\\/#website\",\"url\":\"https:\\\/\\\/webknjizara.hr\\\/\",\"name\":\"Web Knji\u017eara\",\"description\":\"\",\"publisher\":{\"@id\":\"https:\\\/\\\/webknjizara.hr\\\/#organization\"},\"potentialAction\":[{\"@type\":\"SearchAction\",\"target\":{\"@type\":\"EntryPoint\",\"urlTemplate\":\"https:\\\/\\\/webknjizara.hr\\\/?s={search_term_string}\"},\"query-input\":{\"@type\":\"PropertyValueSpecification\",\"valueRequired\":true,\"valueName\":\"search_term_string\"}}],\"inLanguage\":\"en-US\"},{\"@type\":\"Organization\",\"@id\":\"https:\\\/\\\/webknjizara.hr\\\/#organization\",\"name\":\"REDAK D.O.O.\",\"url\":\"https:\\\/\\\/webknjizara.hr\\\/\",\"logo\":{\"@type\":\"ImageObject\",\"inLanguage\":\"en-US\",\"@id\":\"https:\\\/\\\/webknjizara.hr\\\/#\\\/schema\\\/logo\\\/image\\\/\",\"url\":\"https:\\\/\\\/webknjizara.hr\\\/wp-content\\\/uploads\\\/2023\\\/01\\\/web-knjizara-logo.webp\",\"contentUrl\":\"https:\\\/\\\/webknjizara.hr\\\/wp-content\\\/uploads\\\/2023\\\/01\\\/web-knjizara-logo.webp\",\"width\":324,\"height\":79,\"caption\":\"REDAK D.O.O.\"},\"image\":{\"@id\":\"https:\\\/\\\/webknjizara.hr\\\/#\\\/schema\\\/logo\\\/image\\\/\"}}]}<\/script>\n<!-- \/ Yoast SEO plugin. -->","yoast_head_json":{"title":"KINO BOSNA, Zlatko Luki\u0107 - Web-knji\u017eara","robots":{"index":"index","follow":"follow","max-snippet":"max-snippet:-1","max-image-preview":"max-image-preview:large","max-video-preview":"max-video-preview:-1"},"canonical":"https:\/\/webknjizara.hr\/proizvod\/kino-bosna-zlatko-lukic\/","og_locale":"en_US","og_type":"article","og_title":"KINO BOSNA, Zlatko Luki\u0107 - Web-knji\u017eara","og_description":"\u00a0 Sa\u017eetak:\u201dKino Bosna\u201d je sna\u017ean, dubok i dirljiv roman koji \u0107e vas potaknuti da preispitate svoje prioritete u \u017eivotu. U romanu je prikazan razvojni put osobe koja je op\u010dinjena filmom tj. kinom. U motu romana autor isti\u010de: &#8220;\u017divot je kino&#8221; &#8211; ali pro\u010ditav\u0161i roman do kraja kao da je htio re\u0107i u smislu poslovice: Bosna [&hellip;]","og_url":"https:\/\/webknjizara.hr\/proizvod\/kino-bosna-zlatko-lukic\/","og_site_name":"Web-knji\u017eara","article_modified_time":"2023-02-26T23:15:30+00:00","og_image":[{"width":283,"height":402,"url":"https:\/\/webknjizara.hr\/wp-content\/uploads\/nc\/images\/virtuemart\/product\/kino-bosna-zlat-4cbd7d7ca3b72.jpg","type":"image\/jpeg"}],"twitter_card":"summary_large_image","twitter_misc":{"Est. reading time":"2 minutes"},"schema":{"@context":"https:\/\/schema.org","@graph":[{"@type":"WebPage","@id":"https:\/\/webknjizara.hr\/proizvod\/kino-bosna-zlatko-lukic\/","url":"https:\/\/webknjizara.hr\/proizvod\/kino-bosna-zlatko-lukic\/","name":"KINO BOSNA, Zlatko Luki\u0107 - Web-knji\u017eara","isPartOf":{"@id":"https:\/\/webknjizara.hr\/#website"},"primaryImageOfPage":{"@id":"https:\/\/webknjizara.hr\/proizvod\/kino-bosna-zlatko-lukic\/#primaryimage"},"image":{"@id":"https:\/\/webknjizara.hr\/proizvod\/kino-bosna-zlatko-lukic\/#primaryimage"},"thumbnailUrl":"https:\/\/webknjizara.hr\/wp-content\/uploads\/nc\/images\/virtuemart\/product\/kino-bosna-zlat-4cbd7d7ca3b72.jpg","datePublished":"2010-10-19T11:13:29+00:00","dateModified":"2023-02-26T23:15:30+00:00","breadcrumb":{"@id":"https:\/\/webknjizara.hr\/proizvod\/kino-bosna-zlatko-lukic\/#breadcrumb"},"inLanguage":"en-US","potentialAction":[{"@type":"ReadAction","target":["https:\/\/webknjizara.hr\/proizvod\/kino-bosna-zlatko-lukic\/"]}]},{"@type":"ImageObject","inLanguage":"en-US","@id":"https:\/\/webknjizara.hr\/proizvod\/kino-bosna-zlatko-lukic\/#primaryimage","url":"https:\/\/webknjizara.hr\/wp-content\/uploads\/nc\/images\/virtuemart\/product\/kino-bosna-zlat-4cbd7d7ca3b72.jpg","contentUrl":"https:\/\/webknjizara.hr\/wp-content\/uploads\/nc\/images\/virtuemart\/product\/kino-bosna-zlat-4cbd7d7ca3b72.jpg","width":283,"height":402,"caption":"KINO BOSNA, Zlatko Luki\u0107"},{"@type":"BreadcrumbList","@id":"https:\/\/webknjizara.hr\/proizvod\/kino-bosna-zlatko-lukic\/#breadcrumb","itemListElement":[{"@type":"ListItem","position":1,"name":"Po\u010detna stranica","item":"https:\/\/webknjizara.hr\/en\/"},{"@type":"ListItem","position":2,"name":"Shop","item":"https:\/\/webknjizara.hr\/shop\/"},{"@type":"ListItem","position":3,"name":"KINO BOSNA, Zlatko Luki\u0107"}]},{"@type":"WebSite","@id":"https:\/\/webknjizara.hr\/#website","url":"https:\/\/webknjizara.hr\/","name":"Web Knji\u017eara","description":"","publisher":{"@id":"https:\/\/webknjizara.hr\/#organization"},"potentialAction":[{"@type":"SearchAction","target":{"@type":"EntryPoint","urlTemplate":"https:\/\/webknjizara.hr\/?s={search_term_string}"},"query-input":{"@type":"PropertyValueSpecification","valueRequired":true,"valueName":"search_term_string"}}],"inLanguage":"en-US"},{"@type":"Organization","@id":"https:\/\/webknjizara.hr\/#organization","name":"REDAK D.O.O.","url":"https:\/\/webknjizara.hr\/","logo":{"@type":"ImageObject","inLanguage":"en-US","@id":"https:\/\/webknjizara.hr\/#\/schema\/logo\/image\/","url":"https:\/\/webknjizara.hr\/wp-content\/uploads\/2023\/01\/web-knjizara-logo.webp","contentUrl":"https:\/\/webknjizara.hr\/wp-content\/uploads\/2023\/01\/web-knjizara-logo.webp","width":324,"height":79,"caption":"REDAK D.O.O."},"image":{"@id":"https:\/\/webknjizara.hr\/#\/schema\/logo\/image\/"}}]}},"_links":{"self":[{"href":"https:\/\/webknjizara.hr\/en\/wp-json\/wp\/v2\/product\/7325","targetHints":{"allow":["GET"]}}],"collection":[{"href":"https:\/\/webknjizara.hr\/en\/wp-json\/wp\/v2\/product"}],"about":[{"href":"https:\/\/webknjizara.hr\/en\/wp-json\/wp\/v2\/types\/product"}],"replies":[{"embeddable":true,"href":"https:\/\/webknjizara.hr\/en\/wp-json\/wp\/v2\/comments?post=7325"}],"wp:featuredmedia":[{"embeddable":true,"href":"https:\/\/webknjizara.hr\/en\/wp-json\/wp\/v2\/media\/7326"}],"wp:attachment":[{"href":"https:\/\/webknjizara.hr\/en\/wp-json\/wp\/v2\/media?parent=7325"}],"wp:term":[{"taxonomy":"product_brand","embeddable":true,"href":"https:\/\/webknjizara.hr\/en\/wp-json\/wp\/v2\/product_brand?post=7325"},{"taxonomy":"product_cat","embeddable":true,"href":"https:\/\/webknjizara.hr\/en\/wp-json\/wp\/v2\/product_cat?post=7325"},{"taxonomy":"product_tag","embeddable":true,"href":"https:\/\/webknjizara.hr\/en\/wp-json\/wp\/v2\/product_tag?post=7325"}],"curies":[{"name":"wp","href":"https:\/\/api.w.org\/{rel}","templated":true}]}}