{"id":7323,"date":"2010-10-19T10:11:21","date_gmt":"2010-10-19T10:11:21","guid":{"rendered":"https:\/\/webknjizara.hr\/?product=posrtanje-knjige-zlatko-lukic"},"modified":"2023-02-27T00:15:30","modified_gmt":"2023-02-26T23:15:30","slug":"posrtanje-knjige-zlatko-lukic","status":"publish","type":"product","link":"https:\/\/webknjizara.hr\/en\/proizvod\/posrtanje-knjige-zlatko-lukic\/","title":{"rendered":"POSRTANJE KNJIGE, Zlatko Luki\u0107"},"content":{"rendered":"<p style=\"text-align: justify;\">\u00a0<\/p>\n<p style=\"text-align: justify;\"><strong>Sadr\u017eaj:<\/strong><br \/>\u201dPosrtanje knjige\u201d zanimljiv je, uzbudljiv\u00a0 i dinami\u010dan roman. <br \/>Radnja se odvija u svega nekoliko dana, ali ritmom koji podsje\u0107a na holywoodsku utrku s vremenom. U ovom \u017eivahnom romanu, punom izmjene furioznog tempa upravo glavni junak je Knjiga u punom esencijalnom smislu koja mijenja svoje vlasnike i nosi u sebi njihove sudbine. <br \/>Knjiga kao ideja polarizira likove romana: jedni je \u017eele, a drugi je se \u017eele osloboditi, pitanje je \u2013 za\u0161to? Roman je posve\u0107en ljubiteljima knjige, onim stvarnim knjigoljupcima koji kao i jedan od junaka romana znaju \u0161tedjeti kako bi kupili neko skupo bibliofilsko izdanje poput izdanja JLZ enciklopedije \u201eJugoslavike\u201c. Interesantna je numeracija poglavlja \u010diji su naslovi vrlo znakoviti: Knjiga je opasna, Knjigu ne mo\u017ee\u0161 uvrijediti, Knjiga i ubija, Knjiga spa\u0161ava \u017eivot itd. Prvo od jedanaest poglavlja po\u010dinje brojem 10. a zadnje zavr\u0161ava brojem 0, &#8211; a za\u0161to je to tako vidjet \u0107ete ako pro\u010ditate knjigu do kraja. Ova inteligentna pri\u010da napisana je tako da se \u010dita nadu\u0161ak, a ispu\u0161ta se iz ruku samo ako se mora!<\/p>\n<p><strong> <br \/>Bilje\u0161ka o autoru:<\/strong><br \/>Zlatko Luki\u0107 (11.2.1953. Zagreb) do 1992. \u017eivio u Banjaluci, a od 1992. u \u0160vedskoj, Norve\u0161koj, Njema\u010dkoj, Nizozemskoj i sada u Hrvatskoj.<br \/>Izvedene drame: &#8220;Crveni kesten&#8221;, &#8220;Djeca no\u0107i&#8221;, &#8220;Hibernatori&#8221;.<br \/>Objavljeni romani: &#8220;Antigona Bosanska&#8221;, &#8220;Tajna knjiga&#8221;, &#8220;Progonstvo&#8221;, &#8220;Posrtanje knjige&#8221;, &#8220;Kara\u0111oz&#8221;, &#8220;Kino Bosna&#8221; (svaki naslov je tiskan u dva izdanja), i &#8220;Katarza&#8221;.<br \/>Ostalo: &#8220;Bosanska sehara&#8221; (poslovice i fraze u BiH), &#8220;Geneza Bo\u0161njaka&#8221; (esej), &#8220;Anatomija zla na Balkanu&#8221; (esej)<br \/>Nagrade: Pjesma &#8220;Moja naiva&#8221;, nagrada Knji\u017eevne omladine za poeziju BiH 1975, Pripovijetka &#8220;Njih dvojica&#8221; nagrada &#8220;Oslobo\u0111enja&#8221; za novinska pri\u010du 1978, Drama &#8220;Djeca no\u0107i&#8221;, nagrada za originalni dramski tekst, Travnik 1982. Roman &#8220;Katarza&#8221;, nagrada za najbolji roman, Kre\u0161evo, 2007.<br \/>Uvr\u0161ten u antologiju bh pripovijetke 1979. u redakciji \u010dasopisa &#8220;\u017divot&#8221; s pri\u010dom &#8220;Golubovi ne umiru&#8221;. <\/p>\n<p><strong>e-mail: <\/strong><a href=\"mailto:aurelius777@gmail.com\">Zlatko Luki\u0107<\/a><strong><br \/>web: <\/strong><a href=\"http:\/\/www.zlatkolukic.com\" target=\"_blank\" rel=\"noopener\">www.zlatkolukic.com<br \/><\/a><br \/><strong>Naslov:<\/strong> POSRTANJE KNJIGE<br \/><strong>Autor: <\/strong>Zlatko Luki\u0107<br \/><strong>Broj stranica:<\/strong> 138<br \/><strong>Nakladnik:<\/strong> Redak<br \/><strong>Godina izdanja:<\/strong> 2010.<br \/><strong>ISBN:<\/strong> 987-953-7595-13-5<br \/><strong>Tisak:<\/strong> digitalni tisak knjiga &#8211; print na zahtjev<\/p>\n","protected":false},"excerpt":{"rendered":"<p>\u00a0 Sadr\u017eaj:\u201dPosrtanje knjige\u201d zanimljiv je, uzbudljiv\u00a0 i dinami\u010dan roman. Radnja se odvija u svega nekoliko dana, ali ritmom koji podsje\u0107a na holywoodsku utrku s vremenom. U ovom \u017eivahnom romanu, punom izmjene furioznog tempa upravo glavni junak je Knjiga u punom esencijalnom smislu koja mijenja svoje vlasnike i nosi u sebi njihove sudbine. Knjiga kao ideja [&hellip;]<\/p>\n","protected":false},"featured_media":7324,"comment_status":"open","ping_status":"closed","template":"","meta":{"_acf_changed":false},"product_brand":[],"product_cat":[1383,1385],"product_tag":[],"class_list":{"0":"post-7323","1":"product","2":"type-product","3":"status-publish","4":"has-post-thumbnail","6":"product_cat-knjige","7":"product_cat-knjizevnost","8":"pa_autor-zlatko-lukic","9":"pa_nakladnik-redak","11":"first","12":"instock","13":"shipping-taxable","14":"purchasable","15":"product-type-simple"},"acf":[],"yoast_head":"<!-- This site is optimized with the Yoast SEO plugin v27.3 - https:\/\/yoast.com\/product\/yoast-seo-wordpress\/ -->\n<title>POSRTANJE KNJIGE, Zlatko Luki\u0107 - Web-knji\u017eara<\/title>\n<meta name=\"robots\" content=\"index, follow, max-snippet:-1, max-image-preview:large, max-video-preview:-1\" \/>\n<link rel=\"canonical\" href=\"https:\/\/webknjizara.hr\/proizvod\/posrtanje-knjige-zlatko-lukic\/\" \/>\n<meta property=\"og:locale\" content=\"en_US\" \/>\n<meta property=\"og:type\" content=\"article\" \/>\n<meta property=\"og:title\" content=\"POSRTANJE KNJIGE, Zlatko Luki\u0107 - Web-knji\u017eara\" \/>\n<meta property=\"og:description\" content=\"\u00a0 Sadr\u017eaj:\u201dPosrtanje knjige\u201d zanimljiv je, uzbudljiv\u00a0 i dinami\u010dan roman. Radnja se odvija u svega nekoliko dana, ali ritmom koji podsje\u0107a na holywoodsku utrku s vremenom. U ovom \u017eivahnom romanu, punom izmjene furioznog tempa upravo glavni junak je Knjiga u punom esencijalnom smislu koja mijenja svoje vlasnike i nosi u sebi njihove sudbine. Knjiga kao ideja [&hellip;]\" \/>\n<meta property=\"og:url\" content=\"https:\/\/webknjizara.hr\/proizvod\/posrtanje-knjige-zlatko-lukic\/\" \/>\n<meta property=\"og:site_name\" content=\"Web-knji\u017eara\" \/>\n<meta property=\"article:modified_time\" content=\"2023-02-26T23:15:30+00:00\" \/>\n<meta property=\"og:image\" content=\"https:\/\/webknjizara.hr\/wp-content\/uploads\/nc\/images\/virtuemart\/product\/posrtanje-knjige-4cbd6ef2437ef.jpg\" \/>\n\t<meta property=\"og:image:width\" content=\"283\" \/>\n\t<meta property=\"og:image:height\" content=\"432\" \/>\n\t<meta property=\"og:image:type\" content=\"image\/jpeg\" \/>\n<meta name=\"twitter:card\" content=\"summary_large_image\" \/>\n<meta name=\"twitter:label1\" content=\"Est. reading time\" \/>\n\t<meta name=\"twitter:data1\" content=\"2 minutes\" \/>\n<script type=\"application\/ld+json\" class=\"yoast-schema-graph\">{\"@context\":\"https:\\\/\\\/schema.org\",\"@graph\":[{\"@type\":\"WebPage\",\"@id\":\"https:\\\/\\\/webknjizara.hr\\\/proizvod\\\/posrtanje-knjige-zlatko-lukic\\\/\",\"url\":\"https:\\\/\\\/webknjizara.hr\\\/proizvod\\\/posrtanje-knjige-zlatko-lukic\\\/\",\"name\":\"POSRTANJE KNJIGE, Zlatko Luki\u0107 - Web-knji\u017eara\",\"isPartOf\":{\"@id\":\"https:\\\/\\\/webknjizara.hr\\\/#website\"},\"primaryImageOfPage\":{\"@id\":\"https:\\\/\\\/webknjizara.hr\\\/proizvod\\\/posrtanje-knjige-zlatko-lukic\\\/#primaryimage\"},\"image\":{\"@id\":\"https:\\\/\\\/webknjizara.hr\\\/proizvod\\\/posrtanje-knjige-zlatko-lukic\\\/#primaryimage\"},\"thumbnailUrl\":\"https:\\\/\\\/webknjizara.hr\\\/wp-content\\\/uploads\\\/nc\\\/images\\\/virtuemart\\\/product\\\/posrtanje-knjige-4cbd6ef2437ef.jpg\",\"datePublished\":\"2010-10-19T10:11:21+00:00\",\"dateModified\":\"2023-02-26T23:15:30+00:00\",\"breadcrumb\":{\"@id\":\"https:\\\/\\\/webknjizara.hr\\\/proizvod\\\/posrtanje-knjige-zlatko-lukic\\\/#breadcrumb\"},\"inLanguage\":\"en-US\",\"potentialAction\":[{\"@type\":\"ReadAction\",\"target\":[\"https:\\\/\\\/webknjizara.hr\\\/proizvod\\\/posrtanje-knjige-zlatko-lukic\\\/\"]}]},{\"@type\":\"ImageObject\",\"inLanguage\":\"en-US\",\"@id\":\"https:\\\/\\\/webknjizara.hr\\\/proizvod\\\/posrtanje-knjige-zlatko-lukic\\\/#primaryimage\",\"url\":\"https:\\\/\\\/webknjizara.hr\\\/wp-content\\\/uploads\\\/nc\\\/images\\\/virtuemart\\\/product\\\/posrtanje-knjige-4cbd6ef2437ef.jpg\",\"contentUrl\":\"https:\\\/\\\/webknjizara.hr\\\/wp-content\\\/uploads\\\/nc\\\/images\\\/virtuemart\\\/product\\\/posrtanje-knjige-4cbd6ef2437ef.jpg\",\"width\":283,\"height\":432,\"caption\":\"POSRTANJE KNJIGE, Zlatko Luki\u0107\"},{\"@type\":\"BreadcrumbList\",\"@id\":\"https:\\\/\\\/webknjizara.hr\\\/proizvod\\\/posrtanje-knjige-zlatko-lukic\\\/#breadcrumb\",\"itemListElement\":[{\"@type\":\"ListItem\",\"position\":1,\"name\":\"Po\u010detna stranica\",\"item\":\"https:\\\/\\\/webknjizara.hr\\\/en\\\/\"},{\"@type\":\"ListItem\",\"position\":2,\"name\":\"Shop\",\"item\":\"https:\\\/\\\/webknjizara.hr\\\/shop\\\/\"},{\"@type\":\"ListItem\",\"position\":3,\"name\":\"POSRTANJE KNJIGE, Zlatko Luki\u0107\"}]},{\"@type\":\"WebSite\",\"@id\":\"https:\\\/\\\/webknjizara.hr\\\/#website\",\"url\":\"https:\\\/\\\/webknjizara.hr\\\/\",\"name\":\"Web Knji\u017eara\",\"description\":\"\",\"publisher\":{\"@id\":\"https:\\\/\\\/webknjizara.hr\\\/#organization\"},\"potentialAction\":[{\"@type\":\"SearchAction\",\"target\":{\"@type\":\"EntryPoint\",\"urlTemplate\":\"https:\\\/\\\/webknjizara.hr\\\/?s={search_term_string}\"},\"query-input\":{\"@type\":\"PropertyValueSpecification\",\"valueRequired\":true,\"valueName\":\"search_term_string\"}}],\"inLanguage\":\"en-US\"},{\"@type\":\"Organization\",\"@id\":\"https:\\\/\\\/webknjizara.hr\\\/#organization\",\"name\":\"REDAK D.O.O.\",\"url\":\"https:\\\/\\\/webknjizara.hr\\\/\",\"logo\":{\"@type\":\"ImageObject\",\"inLanguage\":\"en-US\",\"@id\":\"https:\\\/\\\/webknjizara.hr\\\/#\\\/schema\\\/logo\\\/image\\\/\",\"url\":\"https:\\\/\\\/webknjizara.hr\\\/wp-content\\\/uploads\\\/2023\\\/01\\\/web-knjizara-logo.webp\",\"contentUrl\":\"https:\\\/\\\/webknjizara.hr\\\/wp-content\\\/uploads\\\/2023\\\/01\\\/web-knjizara-logo.webp\",\"width\":324,\"height\":79,\"caption\":\"REDAK D.O.O.\"},\"image\":{\"@id\":\"https:\\\/\\\/webknjizara.hr\\\/#\\\/schema\\\/logo\\\/image\\\/\"}}]}<\/script>\n<!-- \/ Yoast SEO plugin. -->","yoast_head_json":{"title":"POSRTANJE KNJIGE, Zlatko Luki\u0107 - Web-knji\u017eara","robots":{"index":"index","follow":"follow","max-snippet":"max-snippet:-1","max-image-preview":"max-image-preview:large","max-video-preview":"max-video-preview:-1"},"canonical":"https:\/\/webknjizara.hr\/proizvod\/posrtanje-knjige-zlatko-lukic\/","og_locale":"en_US","og_type":"article","og_title":"POSRTANJE KNJIGE, Zlatko Luki\u0107 - Web-knji\u017eara","og_description":"\u00a0 Sadr\u017eaj:\u201dPosrtanje knjige\u201d zanimljiv je, uzbudljiv\u00a0 i dinami\u010dan roman. Radnja se odvija u svega nekoliko dana, ali ritmom koji podsje\u0107a na holywoodsku utrku s vremenom. U ovom \u017eivahnom romanu, punom izmjene furioznog tempa upravo glavni junak je Knjiga u punom esencijalnom smislu koja mijenja svoje vlasnike i nosi u sebi njihove sudbine. Knjiga kao ideja [&hellip;]","og_url":"https:\/\/webknjizara.hr\/proizvod\/posrtanje-knjige-zlatko-lukic\/","og_site_name":"Web-knji\u017eara","article_modified_time":"2023-02-26T23:15:30+00:00","og_image":[{"width":283,"height":432,"url":"https:\/\/webknjizara.hr\/wp-content\/uploads\/nc\/images\/virtuemart\/product\/posrtanje-knjige-4cbd6ef2437ef.jpg","type":"image\/jpeg"}],"twitter_card":"summary_large_image","twitter_misc":{"Est. reading time":"2 minutes"},"schema":{"@context":"https:\/\/schema.org","@graph":[{"@type":"WebPage","@id":"https:\/\/webknjizara.hr\/proizvod\/posrtanje-knjige-zlatko-lukic\/","url":"https:\/\/webknjizara.hr\/proizvod\/posrtanje-knjige-zlatko-lukic\/","name":"POSRTANJE KNJIGE, Zlatko Luki\u0107 - Web-knji\u017eara","isPartOf":{"@id":"https:\/\/webknjizara.hr\/#website"},"primaryImageOfPage":{"@id":"https:\/\/webknjizara.hr\/proizvod\/posrtanje-knjige-zlatko-lukic\/#primaryimage"},"image":{"@id":"https:\/\/webknjizara.hr\/proizvod\/posrtanje-knjige-zlatko-lukic\/#primaryimage"},"thumbnailUrl":"https:\/\/webknjizara.hr\/wp-content\/uploads\/nc\/images\/virtuemart\/product\/posrtanje-knjige-4cbd6ef2437ef.jpg","datePublished":"2010-10-19T10:11:21+00:00","dateModified":"2023-02-26T23:15:30+00:00","breadcrumb":{"@id":"https:\/\/webknjizara.hr\/proizvod\/posrtanje-knjige-zlatko-lukic\/#breadcrumb"},"inLanguage":"en-US","potentialAction":[{"@type":"ReadAction","target":["https:\/\/webknjizara.hr\/proizvod\/posrtanje-knjige-zlatko-lukic\/"]}]},{"@type":"ImageObject","inLanguage":"en-US","@id":"https:\/\/webknjizara.hr\/proizvod\/posrtanje-knjige-zlatko-lukic\/#primaryimage","url":"https:\/\/webknjizara.hr\/wp-content\/uploads\/nc\/images\/virtuemart\/product\/posrtanje-knjige-4cbd6ef2437ef.jpg","contentUrl":"https:\/\/webknjizara.hr\/wp-content\/uploads\/nc\/images\/virtuemart\/product\/posrtanje-knjige-4cbd6ef2437ef.jpg","width":283,"height":432,"caption":"POSRTANJE KNJIGE, Zlatko Luki\u0107"},{"@type":"BreadcrumbList","@id":"https:\/\/webknjizara.hr\/proizvod\/posrtanje-knjige-zlatko-lukic\/#breadcrumb","itemListElement":[{"@type":"ListItem","position":1,"name":"Po\u010detna stranica","item":"https:\/\/webknjizara.hr\/en\/"},{"@type":"ListItem","position":2,"name":"Shop","item":"https:\/\/webknjizara.hr\/shop\/"},{"@type":"ListItem","position":3,"name":"POSRTANJE KNJIGE, Zlatko Luki\u0107"}]},{"@type":"WebSite","@id":"https:\/\/webknjizara.hr\/#website","url":"https:\/\/webknjizara.hr\/","name":"Web Knji\u017eara","description":"","publisher":{"@id":"https:\/\/webknjizara.hr\/#organization"},"potentialAction":[{"@type":"SearchAction","target":{"@type":"EntryPoint","urlTemplate":"https:\/\/webknjizara.hr\/?s={search_term_string}"},"query-input":{"@type":"PropertyValueSpecification","valueRequired":true,"valueName":"search_term_string"}}],"inLanguage":"en-US"},{"@type":"Organization","@id":"https:\/\/webknjizara.hr\/#organization","name":"REDAK D.O.O.","url":"https:\/\/webknjizara.hr\/","logo":{"@type":"ImageObject","inLanguage":"en-US","@id":"https:\/\/webknjizara.hr\/#\/schema\/logo\/image\/","url":"https:\/\/webknjizara.hr\/wp-content\/uploads\/2023\/01\/web-knjizara-logo.webp","contentUrl":"https:\/\/webknjizara.hr\/wp-content\/uploads\/2023\/01\/web-knjizara-logo.webp","width":324,"height":79,"caption":"REDAK D.O.O."},"image":{"@id":"https:\/\/webknjizara.hr\/#\/schema\/logo\/image\/"}}]}},"_links":{"self":[{"href":"https:\/\/webknjizara.hr\/en\/wp-json\/wp\/v2\/product\/7323","targetHints":{"allow":["GET"]}}],"collection":[{"href":"https:\/\/webknjizara.hr\/en\/wp-json\/wp\/v2\/product"}],"about":[{"href":"https:\/\/webknjizara.hr\/en\/wp-json\/wp\/v2\/types\/product"}],"replies":[{"embeddable":true,"href":"https:\/\/webknjizara.hr\/en\/wp-json\/wp\/v2\/comments?post=7323"}],"wp:featuredmedia":[{"embeddable":true,"href":"https:\/\/webknjizara.hr\/en\/wp-json\/wp\/v2\/media\/7324"}],"wp:attachment":[{"href":"https:\/\/webknjizara.hr\/en\/wp-json\/wp\/v2\/media?parent=7323"}],"wp:term":[{"taxonomy":"product_brand","embeddable":true,"href":"https:\/\/webknjizara.hr\/en\/wp-json\/wp\/v2\/product_brand?post=7323"},{"taxonomy":"product_cat","embeddable":true,"href":"https:\/\/webknjizara.hr\/en\/wp-json\/wp\/v2\/product_cat?post=7323"},{"taxonomy":"product_tag","embeddable":true,"href":"https:\/\/webknjizara.hr\/en\/wp-json\/wp\/v2\/product_tag?post=7323"}],"curies":[{"name":"wp","href":"https:\/\/api.w.org\/{rel}","templated":true}]}}