{"id":7315,"date":"2010-10-19T09:23:34","date_gmt":"2010-10-19T09:23:34","guid":{"rendered":"https:\/\/webknjizara.hr\/?product=u-brig-slavimir-kapov-mico"},"modified":"2023-02-27T00:15:29","modified_gmt":"2023-02-26T23:15:29","slug":"u-brig-slavimir-kapov-mico","status":"publish","type":"product","link":"https:\/\/webknjizara.hr\/en\/proizvod\/u-brig-slavimir-kapov-mico\/","title":{"rendered":"U BRIG, Slavimir Kapov Mi\u0107o"},"content":{"rendered":"<p>\u00a0<\/p>\n<p style=\"text-align: justify;\"><strong>Sa\u017eetak:<\/strong><br \/>Poezija, pjesme dobrote prema bli\u017enjemu.<br \/>Zbirka pjesama kao tematski nastavak prve knjige \u00b4Pazar na Maloj lo\u017ei\u00b4, druge \u00b4Pisme o spomena\u00b4, tre\u0107e \u00b4Popara na\u0161a svagda\u0161nja\u00b4 i \u010detvrte \u00b4Put Betine\u00b4.<br \/>I ovdje su prisutna sje\u0107anja i uspomene iz mog djetinstva u selu Betina na otoku Murteru,\u00a0 sred sun\u010dane Dalmacije na plavom Jadranu, u najljep\u0161oj zemlji na cijelom svijetu- Hrvatskoj.<br \/>U njima sam nastojao u nekoliko stihova pohraniti sve ono \u0161to je ostalo kao uspomena na ljude koji su bili dio tog svijeta, najljep\u0161ih godina moga \u017eivota, svijet gledan dje\u010djim o\u010dima.<br \/>\u017divot kojim su \u017eivjeli, \u0161to ih je veselilo \u0161to \u017ealostilo, \u010demu su se nadali, \u0161to ih je ti\u0161tilo.<br \/>Po prvi put u stihovima nastojim sa\u010duvati svoje utiske i sje\u0107anja na susrete sa na\u0161im iseljenicima u Australiji i Ju\u017enoj Americi, ljudima koji su \u0161ezdesetih godina bje\u017eali ispred terora \u00b4Crvenih, na njihovo potomstvo koje je krvlju vezano za iste one obale djetinjstva na kojima sam ja bio tako sretan.<br \/>Sa nekoliko pjesama vra\u010dam se na doga\u0111aje iz Domovinskog rata, na svoja razmi\u0161ljanja o svijetu i njegovim centrima mo\u010di ali i sa nekoliko ljubavnih pjesama za svoju \u017eenu koja se sve ove godine hrabro nosila sa \u017eivotom \u017eene jednog pomorca.\u00a0 <br \/>Zbirku sam posvetio uspomeni na moju babu Ljubicu Klementinu Pa\u0161kvalin Kapov i dida Tomu Toma\u017ea Kapov, koji su mi svojom \u017eivotnom pri\u010dom, punom ljudske gluposti i zlobe bili kao upozorenje na mom putu kroz \u017eivot ka sre\u0107i i zadovoljstvu.<\/p>\n<p><strong>Bilje\u0161ka o autoru:<\/strong><br \/>Slavimir Kapov Mi\u0107o<br \/>Do\u0161ao na ovaj svijet u \u0161ibenskom rodili\u0161tu 24.03.1946. u rano popodne. Svoje djetinjstvo proveo u Betini. Krajem ljeta 1957 g. njegova obitelj se odselila u \u0160ibenik, gdje poha\u0111a nastavu u Osnovnoj \u0161koli u zgradi \u0161ibenskog Sjemeni\u0161ta. 1963 g. \u0111ak je Pomorske \u0160kole u Malom\u00a0 Lo\u0161inju. 1963 g. poha\u0111a Pomorsku \u0160kolu u Bakru, strojarski smjer. Nakon zavr\u0161enog \u0161kolovanja na Vi\u0161oj Pomorskoj \u0160koli u Rijeci 1971 g. sve do dana\u0161njih dana plovi svim morima svijeta, zadnjih tridesetak godina u \u010dinu upravitelja stroja. Prve stihove napisao je na\u00a0 M\/T \u2018Orion Trader\u2019, prolaskom ovog broda kroz tjesnac Singapura 02.Sije\u010dnja 2002, na putu za luku Chiba u Japanu. <\/p>\n<p><strong>Naslov:<\/strong> U BRIG<br \/><strong>Autor: <\/strong>Slavimir Kapov Mi\u0107o<br \/><strong>Broj stranica:<\/strong> 330<br \/><strong>Nakladnik: <\/strong>Vlastita naklada<br \/><strong>Godina izdanja:<\/strong> 2008.<br \/><strong>ISBN: <\/strong>978-953-95146-4-6<br \/><strong>Tisak: <\/strong>digitalni tisak knjiga &#8211; print na zahtjev<\/p>\n","protected":false},"excerpt":{"rendered":"<p>\u00a0 Sa\u017eetak:Poezija, pjesme dobrote prema bli\u017enjemu.Zbirka pjesama kao tematski nastavak prve knjige \u00b4Pazar na Maloj lo\u017ei\u00b4, druge \u00b4Pisme o spomena\u00b4, tre\u0107e \u00b4Popara na\u0161a svagda\u0161nja\u00b4 i \u010detvrte \u00b4Put Betine\u00b4.I ovdje su prisutna sje\u0107anja i uspomene iz mog djetinstva u selu Betina na otoku Murteru,\u00a0 sred sun\u010dane Dalmacije na plavom Jadranu, u najljep\u0161oj zemlji na cijelom svijetu- [&hellip;]<\/p>\n","protected":false},"featured_media":7316,"comment_status":"open","ping_status":"closed","template":"","meta":{"_acf_changed":false},"product_brand":[],"product_cat":[1383,1385,1388],"product_tag":[],"class_list":{"0":"post-7315","1":"product","2":"type-product","3":"status-publish","4":"has-post-thumbnail","6":"product_cat-knjige","7":"product_cat-knjizevnost","8":"product_cat-poezija","9":"pa_autor-slavimir-kapov","10":"pa_nakladnik-slavimir-kapov","12":"first","13":"instock","14":"shipping-taxable","15":"purchasable","16":"product-type-simple"},"acf":[],"yoast_head":"<!-- This site is optimized with the Yoast SEO plugin v27.3 - https:\/\/yoast.com\/product\/yoast-seo-wordpress\/ -->\n<title>U BRIG, Slavimir Kapov Mi\u0107o - Web-knji\u017eara<\/title>\n<meta name=\"robots\" content=\"index, follow, max-snippet:-1, max-image-preview:large, max-video-preview:-1\" \/>\n<link rel=\"canonical\" href=\"https:\/\/webknjizara.hr\/proizvod\/u-brig-slavimir-kapov-mico\/\" \/>\n<meta property=\"og:locale\" content=\"en_US\" \/>\n<meta property=\"og:type\" content=\"article\" \/>\n<meta property=\"og:title\" content=\"U BRIG, Slavimir Kapov Mi\u0107o - Web-knji\u017eara\" \/>\n<meta property=\"og:description\" content=\"\u00a0 Sa\u017eetak:Poezija, pjesme dobrote prema bli\u017enjemu.Zbirka pjesama kao tematski nastavak prve knjige \u00b4Pazar na Maloj lo\u017ei\u00b4, druge \u00b4Pisme o spomena\u00b4, tre\u0107e \u00b4Popara na\u0161a svagda\u0161nja\u00b4 i \u010detvrte \u00b4Put Betine\u00b4.I ovdje su prisutna sje\u0107anja i uspomene iz mog djetinstva u selu Betina na otoku Murteru,\u00a0 sred sun\u010dane Dalmacije na plavom Jadranu, u najljep\u0161oj zemlji na cijelom svijetu- [&hellip;]\" \/>\n<meta property=\"og:url\" content=\"https:\/\/webknjizara.hr\/proizvod\/u-brig-slavimir-kapov-mico\/\" \/>\n<meta property=\"og:site_name\" content=\"Web-knji\u017eara\" \/>\n<meta property=\"article:modified_time\" content=\"2023-02-26T23:15:29+00:00\" \/>\n<meta property=\"og:image\" content=\"https:\/\/webknjizara.hr\/wp-content\/uploads\/nc\/images\/virtuemart\/product\/u-brig-slavimir-4cbd63c726b61.jpg\" \/>\n\t<meta property=\"og:image:width\" content=\"283\" \/>\n\t<meta property=\"og:image:height\" content=\"406\" \/>\n\t<meta property=\"og:image:type\" content=\"image\/jpeg\" \/>\n<meta name=\"twitter:card\" content=\"summary_large_image\" \/>\n<meta name=\"twitter:label1\" content=\"Est. reading time\" \/>\n\t<meta name=\"twitter:data1\" content=\"2 minutes\" \/>\n<script type=\"application\/ld+json\" class=\"yoast-schema-graph\">{\"@context\":\"https:\\\/\\\/schema.org\",\"@graph\":[{\"@type\":\"WebPage\",\"@id\":\"https:\\\/\\\/webknjizara.hr\\\/proizvod\\\/u-brig-slavimir-kapov-mico\\\/\",\"url\":\"https:\\\/\\\/webknjizara.hr\\\/proizvod\\\/u-brig-slavimir-kapov-mico\\\/\",\"name\":\"U BRIG, Slavimir Kapov Mi\u0107o - Web-knji\u017eara\",\"isPartOf\":{\"@id\":\"https:\\\/\\\/webknjizara.hr\\\/#website\"},\"primaryImageOfPage\":{\"@id\":\"https:\\\/\\\/webknjizara.hr\\\/proizvod\\\/u-brig-slavimir-kapov-mico\\\/#primaryimage\"},\"image\":{\"@id\":\"https:\\\/\\\/webknjizara.hr\\\/proizvod\\\/u-brig-slavimir-kapov-mico\\\/#primaryimage\"},\"thumbnailUrl\":\"https:\\\/\\\/webknjizara.hr\\\/wp-content\\\/uploads\\\/nc\\\/images\\\/virtuemart\\\/product\\\/u-brig-slavimir-4cbd63c726b61.jpg\",\"datePublished\":\"2010-10-19T09:23:34+00:00\",\"dateModified\":\"2023-02-26T23:15:29+00:00\",\"breadcrumb\":{\"@id\":\"https:\\\/\\\/webknjizara.hr\\\/proizvod\\\/u-brig-slavimir-kapov-mico\\\/#breadcrumb\"},\"inLanguage\":\"en-US\",\"potentialAction\":[{\"@type\":\"ReadAction\",\"target\":[\"https:\\\/\\\/webknjizara.hr\\\/proizvod\\\/u-brig-slavimir-kapov-mico\\\/\"]}]},{\"@type\":\"ImageObject\",\"inLanguage\":\"en-US\",\"@id\":\"https:\\\/\\\/webknjizara.hr\\\/proizvod\\\/u-brig-slavimir-kapov-mico\\\/#primaryimage\",\"url\":\"https:\\\/\\\/webknjizara.hr\\\/wp-content\\\/uploads\\\/nc\\\/images\\\/virtuemart\\\/product\\\/u-brig-slavimir-4cbd63c726b61.jpg\",\"contentUrl\":\"https:\\\/\\\/webknjizara.hr\\\/wp-content\\\/uploads\\\/nc\\\/images\\\/virtuemart\\\/product\\\/u-brig-slavimir-4cbd63c726b61.jpg\",\"width\":283,\"height\":406,\"caption\":\"U BRIG, Slavimir Kapov Mi\u0107o\"},{\"@type\":\"BreadcrumbList\",\"@id\":\"https:\\\/\\\/webknjizara.hr\\\/proizvod\\\/u-brig-slavimir-kapov-mico\\\/#breadcrumb\",\"itemListElement\":[{\"@type\":\"ListItem\",\"position\":1,\"name\":\"Po\u010detna stranica\",\"item\":\"https:\\\/\\\/webknjizara.hr\\\/en\\\/\"},{\"@type\":\"ListItem\",\"position\":2,\"name\":\"Shop\",\"item\":\"https:\\\/\\\/webknjizara.hr\\\/shop\\\/\"},{\"@type\":\"ListItem\",\"position\":3,\"name\":\"U BRIG, Slavimir Kapov Mi\u0107o\"}]},{\"@type\":\"WebSite\",\"@id\":\"https:\\\/\\\/webknjizara.hr\\\/#website\",\"url\":\"https:\\\/\\\/webknjizara.hr\\\/\",\"name\":\"Web Knji\u017eara\",\"description\":\"\",\"publisher\":{\"@id\":\"https:\\\/\\\/webknjizara.hr\\\/#organization\"},\"potentialAction\":[{\"@type\":\"SearchAction\",\"target\":{\"@type\":\"EntryPoint\",\"urlTemplate\":\"https:\\\/\\\/webknjizara.hr\\\/?s={search_term_string}\"},\"query-input\":{\"@type\":\"PropertyValueSpecification\",\"valueRequired\":true,\"valueName\":\"search_term_string\"}}],\"inLanguage\":\"en-US\"},{\"@type\":\"Organization\",\"@id\":\"https:\\\/\\\/webknjizara.hr\\\/#organization\",\"name\":\"REDAK D.O.O.\",\"url\":\"https:\\\/\\\/webknjizara.hr\\\/\",\"logo\":{\"@type\":\"ImageObject\",\"inLanguage\":\"en-US\",\"@id\":\"https:\\\/\\\/webknjizara.hr\\\/#\\\/schema\\\/logo\\\/image\\\/\",\"url\":\"https:\\\/\\\/webknjizara.hr\\\/wp-content\\\/uploads\\\/2023\\\/01\\\/web-knjizara-logo.webp\",\"contentUrl\":\"https:\\\/\\\/webknjizara.hr\\\/wp-content\\\/uploads\\\/2023\\\/01\\\/web-knjizara-logo.webp\",\"width\":324,\"height\":79,\"caption\":\"REDAK D.O.O.\"},\"image\":{\"@id\":\"https:\\\/\\\/webknjizara.hr\\\/#\\\/schema\\\/logo\\\/image\\\/\"}}]}<\/script>\n<!-- \/ Yoast SEO plugin. -->","yoast_head_json":{"title":"U BRIG, Slavimir Kapov Mi\u0107o - Web-knji\u017eara","robots":{"index":"index","follow":"follow","max-snippet":"max-snippet:-1","max-image-preview":"max-image-preview:large","max-video-preview":"max-video-preview:-1"},"canonical":"https:\/\/webknjizara.hr\/proizvod\/u-brig-slavimir-kapov-mico\/","og_locale":"en_US","og_type":"article","og_title":"U BRIG, Slavimir Kapov Mi\u0107o - Web-knji\u017eara","og_description":"\u00a0 Sa\u017eetak:Poezija, pjesme dobrote prema bli\u017enjemu.Zbirka pjesama kao tematski nastavak prve knjige \u00b4Pazar na Maloj lo\u017ei\u00b4, druge \u00b4Pisme o spomena\u00b4, tre\u0107e \u00b4Popara na\u0161a svagda\u0161nja\u00b4 i \u010detvrte \u00b4Put Betine\u00b4.I ovdje su prisutna sje\u0107anja i uspomene iz mog djetinstva u selu Betina na otoku Murteru,\u00a0 sred sun\u010dane Dalmacije na plavom Jadranu, u najljep\u0161oj zemlji na cijelom svijetu- [&hellip;]","og_url":"https:\/\/webknjizara.hr\/proizvod\/u-brig-slavimir-kapov-mico\/","og_site_name":"Web-knji\u017eara","article_modified_time":"2023-02-26T23:15:29+00:00","og_image":[{"width":283,"height":406,"url":"https:\/\/webknjizara.hr\/wp-content\/uploads\/nc\/images\/virtuemart\/product\/u-brig-slavimir-4cbd63c726b61.jpg","type":"image\/jpeg"}],"twitter_card":"summary_large_image","twitter_misc":{"Est. reading time":"2 minutes"},"schema":{"@context":"https:\/\/schema.org","@graph":[{"@type":"WebPage","@id":"https:\/\/webknjizara.hr\/proizvod\/u-brig-slavimir-kapov-mico\/","url":"https:\/\/webknjizara.hr\/proizvod\/u-brig-slavimir-kapov-mico\/","name":"U BRIG, Slavimir Kapov Mi\u0107o - Web-knji\u017eara","isPartOf":{"@id":"https:\/\/webknjizara.hr\/#website"},"primaryImageOfPage":{"@id":"https:\/\/webknjizara.hr\/proizvod\/u-brig-slavimir-kapov-mico\/#primaryimage"},"image":{"@id":"https:\/\/webknjizara.hr\/proizvod\/u-brig-slavimir-kapov-mico\/#primaryimage"},"thumbnailUrl":"https:\/\/webknjizara.hr\/wp-content\/uploads\/nc\/images\/virtuemart\/product\/u-brig-slavimir-4cbd63c726b61.jpg","datePublished":"2010-10-19T09:23:34+00:00","dateModified":"2023-02-26T23:15:29+00:00","breadcrumb":{"@id":"https:\/\/webknjizara.hr\/proizvod\/u-brig-slavimir-kapov-mico\/#breadcrumb"},"inLanguage":"en-US","potentialAction":[{"@type":"ReadAction","target":["https:\/\/webknjizara.hr\/proizvod\/u-brig-slavimir-kapov-mico\/"]}]},{"@type":"ImageObject","inLanguage":"en-US","@id":"https:\/\/webknjizara.hr\/proizvod\/u-brig-slavimir-kapov-mico\/#primaryimage","url":"https:\/\/webknjizara.hr\/wp-content\/uploads\/nc\/images\/virtuemart\/product\/u-brig-slavimir-4cbd63c726b61.jpg","contentUrl":"https:\/\/webknjizara.hr\/wp-content\/uploads\/nc\/images\/virtuemart\/product\/u-brig-slavimir-4cbd63c726b61.jpg","width":283,"height":406,"caption":"U BRIG, Slavimir Kapov Mi\u0107o"},{"@type":"BreadcrumbList","@id":"https:\/\/webknjizara.hr\/proizvod\/u-brig-slavimir-kapov-mico\/#breadcrumb","itemListElement":[{"@type":"ListItem","position":1,"name":"Po\u010detna stranica","item":"https:\/\/webknjizara.hr\/en\/"},{"@type":"ListItem","position":2,"name":"Shop","item":"https:\/\/webknjizara.hr\/shop\/"},{"@type":"ListItem","position":3,"name":"U BRIG, Slavimir Kapov Mi\u0107o"}]},{"@type":"WebSite","@id":"https:\/\/webknjizara.hr\/#website","url":"https:\/\/webknjizara.hr\/","name":"Web Knji\u017eara","description":"","publisher":{"@id":"https:\/\/webknjizara.hr\/#organization"},"potentialAction":[{"@type":"SearchAction","target":{"@type":"EntryPoint","urlTemplate":"https:\/\/webknjizara.hr\/?s={search_term_string}"},"query-input":{"@type":"PropertyValueSpecification","valueRequired":true,"valueName":"search_term_string"}}],"inLanguage":"en-US"},{"@type":"Organization","@id":"https:\/\/webknjizara.hr\/#organization","name":"REDAK D.O.O.","url":"https:\/\/webknjizara.hr\/","logo":{"@type":"ImageObject","inLanguage":"en-US","@id":"https:\/\/webknjizara.hr\/#\/schema\/logo\/image\/","url":"https:\/\/webknjizara.hr\/wp-content\/uploads\/2023\/01\/web-knjizara-logo.webp","contentUrl":"https:\/\/webknjizara.hr\/wp-content\/uploads\/2023\/01\/web-knjizara-logo.webp","width":324,"height":79,"caption":"REDAK D.O.O."},"image":{"@id":"https:\/\/webknjizara.hr\/#\/schema\/logo\/image\/"}}]}},"_links":{"self":[{"href":"https:\/\/webknjizara.hr\/en\/wp-json\/wp\/v2\/product\/7315","targetHints":{"allow":["GET"]}}],"collection":[{"href":"https:\/\/webknjizara.hr\/en\/wp-json\/wp\/v2\/product"}],"about":[{"href":"https:\/\/webknjizara.hr\/en\/wp-json\/wp\/v2\/types\/product"}],"replies":[{"embeddable":true,"href":"https:\/\/webknjizara.hr\/en\/wp-json\/wp\/v2\/comments?post=7315"}],"wp:featuredmedia":[{"embeddable":true,"href":"https:\/\/webknjizara.hr\/en\/wp-json\/wp\/v2\/media\/7316"}],"wp:attachment":[{"href":"https:\/\/webknjizara.hr\/en\/wp-json\/wp\/v2\/media?parent=7315"}],"wp:term":[{"taxonomy":"product_brand","embeddable":true,"href":"https:\/\/webknjizara.hr\/en\/wp-json\/wp\/v2\/product_brand?post=7315"},{"taxonomy":"product_cat","embeddable":true,"href":"https:\/\/webknjizara.hr\/en\/wp-json\/wp\/v2\/product_cat?post=7315"},{"taxonomy":"product_tag","embeddable":true,"href":"https:\/\/webknjizara.hr\/en\/wp-json\/wp\/v2\/product_tag?post=7315"}],"curies":[{"name":"wp","href":"https:\/\/api.w.org\/{rel}","templated":true}]}}