{"id":7275,"date":"2009-12-03T14:20:28","date_gmt":"2009-12-03T14:20:28","guid":{"rendered":"https:\/\/webknjizara.hr\/?product=sitni-prilozi-za-povijest-ucenja-i-poucavanja-govornistva"},"modified":"2023-02-27T00:15:26","modified_gmt":"2023-02-26T23:15:26","slug":"sitni-prilozi-za-povijest-ucenja-i-poucavanja-govornistva","status":"publish","type":"product","link":"https:\/\/webknjizara.hr\/en\/proizvod\/sitni-prilozi-za-povijest-ucenja-i-poucavanja-govornistva\/","title":{"rendered":"SITNI PRILOZI ZA POVIJEST U\u010cENJA I POU\u010cAVANJA GOVORNI\u0160TVA"},"content":{"rendered":"<p style=\"text-align: justify;\">\u00a0<\/p>\n<p style=\"text-align: justify;\"><strong>Sa\u017eetak<\/strong><br \/>I. dio<\/p>\n<p><strong>Prilozi za op\u0107u povijest u\u010denja i pou\u010davanja<\/strong> <strong>jezi\u010dnoga izra\u017eavanja<\/strong><br \/>Jezi\u010dno izra\u017eavanje u starim civilizacijama<br \/>Govorni\u010dko \u0161kolovanje starih Grka <br \/>Govorni\u010dki odgoj u helenisti\u010dkom razdoblju<br \/>Rimsko govorni\u010dko \u0161kolstvo\u00a0\u00a0\u00a0\u00a0\u00a0 \u00a0<br \/>(3. st. pr. Kr. \u2013 1. st.) <\/p>\n<p>Kvintilijan i sljedbenici kao u\u010ditelji govorni\u0161tva u Rimskom Carstvu<br \/>Kr\u0161\u0107ansko govorni\u0161tvo u Rimskom Carstvu<br \/>Srednjovjekovno u\u010denje i pou\u010davanje govorni\u0161tva i pismenoga izra\u017eavanja u kr\u0161\u0107anskoj Europi<br \/>Srednjovjekovno jezi\u010dno izra\u017eavanje u azijskim zemljama<\/p>\n<p>II. dio<\/p>\n<p><strong>Prilozi za povijest hrvatskoga govorni\u0161tva<\/strong><br \/>Kratak pregled povijesti govorni\u0161tva i nastave jezi\u010dnoga izra\u017eavanja u Hrvata<br \/>Hrvatski govor u Hrvatskom saboru (753.-1847.) <br \/>Jeleni\u0107evi prilozi za povijest govorni\u0161tva bosanskih franjevaca<br \/>Propovijedi i govori Ante Kostantina Matasa <br \/>Prilozi za govorni\u010dki portret Vlade Gotovca<\/p>\n<p><strong>Bilje\u0161ka o autoru:<\/strong><br \/>Dr. sc. Vlado Pand\u017ei\u0107 je redoviti profesor (u trajnom zvanju) u Odsjeku za kroatistiku Filozofskog fakulteta u Zagrebu. Predstojnik je Katedre za metodiku nastave hrvatskoga jezika i knji\u017eevnosti. Bio je pro\u010delnik Odsjeka za kroatistiku Filozofskog fakulteta u Zagrebu (2000-2002). Dugogodi\u0161nji je vanjski suradnik (1997-2009) u Odjelu za kroatistiku i slavistiku Sveu\u010dili\u0161ta u Zadru. Gostuju\u0107i je profesor u Odsjeku za hrvatski jezik i knji\u017eevnost Filozofskog fakulteta u Splitu (2004-2009). Predsjednik je Odjela za metodiku nastave hrvatskoga jezika, knji\u017eevnosti, govornoga i pismenoga izra\u017eavanja te medijske kulture Hrvatskoga filolo\u0161kog dru\u0161tva. Istaknuti je govornik i sveu\u010dili\u0161ni predava\u010d (metodike nastave hrvatskoga jezika, knji\u017eevnosti i govorni\u0161tva). U razdoblju od \u010detrdesetak godina odr\u017eao je u domovini i inozemstvu nekoliko tisu\u0107a uzornih stru\u010dnih i oglednih predavanja te raznovrsnih govora, me\u0111u kojima je i desetak antologijskih. Pisac je osamdesetak znanstvenih i oko tristo pedeset stru\u010dnih radova te petnaestak znanstvenih knjiga i vi\u0161e od trideset ud\u017ebenika i priru\u010dnika iz knji\u017eevnosti i hrvatskoga jezika. Voditelj je znanstvenoga projekta Dramski tekst kao lingvometodi\u010dki predlo\u017eak. Bio je urednik mnogih listova, \u010dasopisa, zbornika i knjiga. Glavni je urednik \u010dasopisa Hrvatski. \u00a0<\/p>\n<p><strong>Naslov: <\/strong>ZA POVIJEST U\u010cENJA I POU\u010cAVANJA GOVORNI\u0160TVA<strong><br \/>Autor: <\/strong>Vlado Pand\u017ei\u0107<strong><br \/>Broj stranica: <\/strong>264<strong><br \/>Nakladnik: <\/strong>Redak<strong><br \/>Godina izdanja: <\/strong>2007.<strong><br \/>ISBN: <\/strong>978-953-99193-5-9<strong><br \/>Tisak: <\/strong>digitalni tisak knjiga &#8211; print na zahtjev<\/p>\n","protected":false},"excerpt":{"rendered":"<p>Vlado Pand\u017ei\u0107<\/p>\n","protected":false},"featured_media":7276,"comment_status":"open","ping_status":"closed","template":"","meta":{"_acf_changed":false},"product_brand":[],"product_cat":[1399,1517,1395],"product_tag":[],"class_list":{"0":"post-7275","1":"product","2":"type-product","3":"status-publish","4":"has-post-thumbnail","6":"product_cat-filologija","7":"product_cat-strucna-literatura","8":"product_cat-humanisticke-znanosti","9":"pa_autor-vlado-pandzic","10":"pa_nakladnik-redak","12":"first","13":"instock","14":"shipping-taxable","15":"purchasable","16":"product-type-simple"},"acf":[],"yoast_head":"<!-- This site is optimized with the Yoast SEO plugin v27.3 - https:\/\/yoast.com\/product\/yoast-seo-wordpress\/ -->\n<title>SITNI PRILOZI ZA POVIJEST U\u010cENJA I POU\u010cAVANJA GOVORNI\u0160TVA - Web-knji\u017eara<\/title>\n<meta name=\"robots\" content=\"index, follow, max-snippet:-1, max-image-preview:large, max-video-preview:-1\" \/>\n<link rel=\"canonical\" href=\"https:\/\/webknjizara.hr\/proizvod\/sitni-prilozi-za-povijest-ucenja-i-poucavanja-govornistva\/\" \/>\n<meta property=\"og:locale\" content=\"en_US\" \/>\n<meta property=\"og:type\" content=\"article\" \/>\n<meta property=\"og:title\" content=\"SITNI PRILOZI ZA POVIJEST U\u010cENJA I POU\u010cAVANJA GOVORNI\u0160TVA - Web-knji\u017eara\" \/>\n<meta property=\"og:description\" content=\"Vlado Pand\u017ei\u0107\" \/>\n<meta property=\"og:url\" content=\"https:\/\/webknjizara.hr\/proizvod\/sitni-prilozi-za-povijest-ucenja-i-poucavanja-govornistva\/\" \/>\n<meta property=\"og:site_name\" content=\"Web-knji\u017eara\" \/>\n<meta property=\"article:modified_time\" content=\"2023-02-26T23:15:26+00:00\" \/>\n<meta property=\"og:image\" content=\"https:\/\/webknjizara.hr\/wp-content\/uploads\/nc\/images\/virtuemart\/product\/sitni-prilozi-za-4cbc22644a5fd.jpg\" \/>\n\t<meta property=\"og:image:width\" content=\"283\" \/>\n\t<meta property=\"og:image:height\" content=\"409\" \/>\n\t<meta property=\"og:image:type\" content=\"image\/jpeg\" \/>\n<meta name=\"twitter:card\" content=\"summary_large_image\" \/>\n<meta name=\"twitter:label1\" content=\"Est. reading time\" \/>\n\t<meta name=\"twitter:data1\" content=\"2 minutes\" \/>\n<script type=\"application\/ld+json\" class=\"yoast-schema-graph\">{\"@context\":\"https:\\\/\\\/schema.org\",\"@graph\":[{\"@type\":\"WebPage\",\"@id\":\"https:\\\/\\\/webknjizara.hr\\\/proizvod\\\/sitni-prilozi-za-povijest-ucenja-i-poucavanja-govornistva\\\/\",\"url\":\"https:\\\/\\\/webknjizara.hr\\\/proizvod\\\/sitni-prilozi-za-povijest-ucenja-i-poucavanja-govornistva\\\/\",\"name\":\"SITNI PRILOZI ZA POVIJEST U\u010cENJA I POU\u010cAVANJA GOVORNI\u0160TVA - Web-knji\u017eara\",\"isPartOf\":{\"@id\":\"https:\\\/\\\/webknjizara.hr\\\/#website\"},\"primaryImageOfPage\":{\"@id\":\"https:\\\/\\\/webknjizara.hr\\\/proizvod\\\/sitni-prilozi-za-povijest-ucenja-i-poucavanja-govornistva\\\/#primaryimage\"},\"image\":{\"@id\":\"https:\\\/\\\/webknjizara.hr\\\/proizvod\\\/sitni-prilozi-za-povijest-ucenja-i-poucavanja-govornistva\\\/#primaryimage\"},\"thumbnailUrl\":\"https:\\\/\\\/webknjizara.hr\\\/wp-content\\\/uploads\\\/nc\\\/images\\\/virtuemart\\\/product\\\/sitni-prilozi-za-4cbc22644a5fd.jpg\",\"datePublished\":\"2009-12-03T14:20:28+00:00\",\"dateModified\":\"2023-02-26T23:15:26+00:00\",\"breadcrumb\":{\"@id\":\"https:\\\/\\\/webknjizara.hr\\\/proizvod\\\/sitni-prilozi-za-povijest-ucenja-i-poucavanja-govornistva\\\/#breadcrumb\"},\"inLanguage\":\"en-US\",\"potentialAction\":[{\"@type\":\"ReadAction\",\"target\":[\"https:\\\/\\\/webknjizara.hr\\\/proizvod\\\/sitni-prilozi-za-povijest-ucenja-i-poucavanja-govornistva\\\/\"]}]},{\"@type\":\"ImageObject\",\"inLanguage\":\"en-US\",\"@id\":\"https:\\\/\\\/webknjizara.hr\\\/proizvod\\\/sitni-prilozi-za-povijest-ucenja-i-poucavanja-govornistva\\\/#primaryimage\",\"url\":\"https:\\\/\\\/webknjizara.hr\\\/wp-content\\\/uploads\\\/nc\\\/images\\\/virtuemart\\\/product\\\/sitni-prilozi-za-4cbc22644a5fd.jpg\",\"contentUrl\":\"https:\\\/\\\/webknjizara.hr\\\/wp-content\\\/uploads\\\/nc\\\/images\\\/virtuemart\\\/product\\\/sitni-prilozi-za-4cbc22644a5fd.jpg\",\"width\":283,\"height\":409,\"caption\":\"SITNI PRILOZI ZA POVIJEST U\u010cENJA I POU\u010cAVANJA GOVORNI\u0160TVA\"},{\"@type\":\"BreadcrumbList\",\"@id\":\"https:\\\/\\\/webknjizara.hr\\\/proizvod\\\/sitni-prilozi-za-povijest-ucenja-i-poucavanja-govornistva\\\/#breadcrumb\",\"itemListElement\":[{\"@type\":\"ListItem\",\"position\":1,\"name\":\"Po\u010detna stranica\",\"item\":\"https:\\\/\\\/webknjizara.hr\\\/en\\\/\"},{\"@type\":\"ListItem\",\"position\":2,\"name\":\"Shop\",\"item\":\"https:\\\/\\\/webknjizara.hr\\\/shop\\\/\"},{\"@type\":\"ListItem\",\"position\":3,\"name\":\"SITNI PRILOZI ZA POVIJEST U\u010cENJA I POU\u010cAVANJA GOVORNI\u0160TVA\"}]},{\"@type\":\"WebSite\",\"@id\":\"https:\\\/\\\/webknjizara.hr\\\/#website\",\"url\":\"https:\\\/\\\/webknjizara.hr\\\/\",\"name\":\"Web Knji\u017eara\",\"description\":\"\",\"publisher\":{\"@id\":\"https:\\\/\\\/webknjizara.hr\\\/#organization\"},\"potentialAction\":[{\"@type\":\"SearchAction\",\"target\":{\"@type\":\"EntryPoint\",\"urlTemplate\":\"https:\\\/\\\/webknjizara.hr\\\/?s={search_term_string}\"},\"query-input\":{\"@type\":\"PropertyValueSpecification\",\"valueRequired\":true,\"valueName\":\"search_term_string\"}}],\"inLanguage\":\"en-US\"},{\"@type\":\"Organization\",\"@id\":\"https:\\\/\\\/webknjizara.hr\\\/#organization\",\"name\":\"REDAK D.O.O.\",\"url\":\"https:\\\/\\\/webknjizara.hr\\\/\",\"logo\":{\"@type\":\"ImageObject\",\"inLanguage\":\"en-US\",\"@id\":\"https:\\\/\\\/webknjizara.hr\\\/#\\\/schema\\\/logo\\\/image\\\/\",\"url\":\"https:\\\/\\\/webknjizara.hr\\\/wp-content\\\/uploads\\\/2023\\\/01\\\/web-knjizara-logo.webp\",\"contentUrl\":\"https:\\\/\\\/webknjizara.hr\\\/wp-content\\\/uploads\\\/2023\\\/01\\\/web-knjizara-logo.webp\",\"width\":324,\"height\":79,\"caption\":\"REDAK D.O.O.\"},\"image\":{\"@id\":\"https:\\\/\\\/webknjizara.hr\\\/#\\\/schema\\\/logo\\\/image\\\/\"}}]}<\/script>\n<!-- \/ Yoast SEO plugin. -->","yoast_head_json":{"title":"SITNI PRILOZI ZA POVIJEST U\u010cENJA I POU\u010cAVANJA GOVORNI\u0160TVA - Web-knji\u017eara","robots":{"index":"index","follow":"follow","max-snippet":"max-snippet:-1","max-image-preview":"max-image-preview:large","max-video-preview":"max-video-preview:-1"},"canonical":"https:\/\/webknjizara.hr\/proizvod\/sitni-prilozi-za-povijest-ucenja-i-poucavanja-govornistva\/","og_locale":"en_US","og_type":"article","og_title":"SITNI PRILOZI ZA POVIJEST U\u010cENJA I POU\u010cAVANJA GOVORNI\u0160TVA - Web-knji\u017eara","og_description":"Vlado Pand\u017ei\u0107","og_url":"https:\/\/webknjizara.hr\/proizvod\/sitni-prilozi-za-povijest-ucenja-i-poucavanja-govornistva\/","og_site_name":"Web-knji\u017eara","article_modified_time":"2023-02-26T23:15:26+00:00","og_image":[{"width":283,"height":409,"url":"https:\/\/webknjizara.hr\/wp-content\/uploads\/nc\/images\/virtuemart\/product\/sitni-prilozi-za-4cbc22644a5fd.jpg","type":"image\/jpeg"}],"twitter_card":"summary_large_image","twitter_misc":{"Est. reading time":"2 minutes"},"schema":{"@context":"https:\/\/schema.org","@graph":[{"@type":"WebPage","@id":"https:\/\/webknjizara.hr\/proizvod\/sitni-prilozi-za-povijest-ucenja-i-poucavanja-govornistva\/","url":"https:\/\/webknjizara.hr\/proizvod\/sitni-prilozi-za-povijest-ucenja-i-poucavanja-govornistva\/","name":"SITNI PRILOZI ZA POVIJEST U\u010cENJA I POU\u010cAVANJA GOVORNI\u0160TVA - Web-knji\u017eara","isPartOf":{"@id":"https:\/\/webknjizara.hr\/#website"},"primaryImageOfPage":{"@id":"https:\/\/webknjizara.hr\/proizvod\/sitni-prilozi-za-povijest-ucenja-i-poucavanja-govornistva\/#primaryimage"},"image":{"@id":"https:\/\/webknjizara.hr\/proizvod\/sitni-prilozi-za-povijest-ucenja-i-poucavanja-govornistva\/#primaryimage"},"thumbnailUrl":"https:\/\/webknjizara.hr\/wp-content\/uploads\/nc\/images\/virtuemart\/product\/sitni-prilozi-za-4cbc22644a5fd.jpg","datePublished":"2009-12-03T14:20:28+00:00","dateModified":"2023-02-26T23:15:26+00:00","breadcrumb":{"@id":"https:\/\/webknjizara.hr\/proizvod\/sitni-prilozi-za-povijest-ucenja-i-poucavanja-govornistva\/#breadcrumb"},"inLanguage":"en-US","potentialAction":[{"@type":"ReadAction","target":["https:\/\/webknjizara.hr\/proizvod\/sitni-prilozi-za-povijest-ucenja-i-poucavanja-govornistva\/"]}]},{"@type":"ImageObject","inLanguage":"en-US","@id":"https:\/\/webknjizara.hr\/proizvod\/sitni-prilozi-za-povijest-ucenja-i-poucavanja-govornistva\/#primaryimage","url":"https:\/\/webknjizara.hr\/wp-content\/uploads\/nc\/images\/virtuemart\/product\/sitni-prilozi-za-4cbc22644a5fd.jpg","contentUrl":"https:\/\/webknjizara.hr\/wp-content\/uploads\/nc\/images\/virtuemart\/product\/sitni-prilozi-za-4cbc22644a5fd.jpg","width":283,"height":409,"caption":"SITNI PRILOZI ZA POVIJEST U\u010cENJA I POU\u010cAVANJA GOVORNI\u0160TVA"},{"@type":"BreadcrumbList","@id":"https:\/\/webknjizara.hr\/proizvod\/sitni-prilozi-za-povijest-ucenja-i-poucavanja-govornistva\/#breadcrumb","itemListElement":[{"@type":"ListItem","position":1,"name":"Po\u010detna stranica","item":"https:\/\/webknjizara.hr\/en\/"},{"@type":"ListItem","position":2,"name":"Shop","item":"https:\/\/webknjizara.hr\/shop\/"},{"@type":"ListItem","position":3,"name":"SITNI PRILOZI ZA POVIJEST U\u010cENJA I POU\u010cAVANJA GOVORNI\u0160TVA"}]},{"@type":"WebSite","@id":"https:\/\/webknjizara.hr\/#website","url":"https:\/\/webknjizara.hr\/","name":"Web Knji\u017eara","description":"","publisher":{"@id":"https:\/\/webknjizara.hr\/#organization"},"potentialAction":[{"@type":"SearchAction","target":{"@type":"EntryPoint","urlTemplate":"https:\/\/webknjizara.hr\/?s={search_term_string}"},"query-input":{"@type":"PropertyValueSpecification","valueRequired":true,"valueName":"search_term_string"}}],"inLanguage":"en-US"},{"@type":"Organization","@id":"https:\/\/webknjizara.hr\/#organization","name":"REDAK D.O.O.","url":"https:\/\/webknjizara.hr\/","logo":{"@type":"ImageObject","inLanguage":"en-US","@id":"https:\/\/webknjizara.hr\/#\/schema\/logo\/image\/","url":"https:\/\/webknjizara.hr\/wp-content\/uploads\/2023\/01\/web-knjizara-logo.webp","contentUrl":"https:\/\/webknjizara.hr\/wp-content\/uploads\/2023\/01\/web-knjizara-logo.webp","width":324,"height":79,"caption":"REDAK D.O.O."},"image":{"@id":"https:\/\/webknjizara.hr\/#\/schema\/logo\/image\/"}}]}},"_links":{"self":[{"href":"https:\/\/webknjizara.hr\/en\/wp-json\/wp\/v2\/product\/7275","targetHints":{"allow":["GET"]}}],"collection":[{"href":"https:\/\/webknjizara.hr\/en\/wp-json\/wp\/v2\/product"}],"about":[{"href":"https:\/\/webknjizara.hr\/en\/wp-json\/wp\/v2\/types\/product"}],"replies":[{"embeddable":true,"href":"https:\/\/webknjizara.hr\/en\/wp-json\/wp\/v2\/comments?post=7275"}],"wp:featuredmedia":[{"embeddable":true,"href":"https:\/\/webknjizara.hr\/en\/wp-json\/wp\/v2\/media\/7276"}],"wp:attachment":[{"href":"https:\/\/webknjizara.hr\/en\/wp-json\/wp\/v2\/media?parent=7275"}],"wp:term":[{"taxonomy":"product_brand","embeddable":true,"href":"https:\/\/webknjizara.hr\/en\/wp-json\/wp\/v2\/product_brand?post=7275"},{"taxonomy":"product_cat","embeddable":true,"href":"https:\/\/webknjizara.hr\/en\/wp-json\/wp\/v2\/product_cat?post=7275"},{"taxonomy":"product_tag","embeddable":true,"href":"https:\/\/webknjizara.hr\/en\/wp-json\/wp\/v2\/product_tag?post=7275"}],"curies":[{"name":"wp","href":"https:\/\/api.w.org\/{rel}","templated":true}]}}