{"id":7273,"date":"2009-12-03T14:20:28","date_gmt":"2009-12-03T14:20:28","guid":{"rendered":"https:\/\/webknjizara.hr\/?product=udzbenici-hrvatskoga-jezika-u-razrednoj-nastavi-2007"},"modified":"2025-09-03T14:00:08","modified_gmt":"2025-09-03T12:00:08","slug":"udzbenici-hrvatskoga-jezika-u-razrednoj-nastavi-2007","status":"publish","type":"product","link":"https:\/\/webknjizara.hr\/en\/proizvod\/udzbenici-hrvatskoga-jezika-u-razrednoj-nastavi-2007\/","title":{"rendered":"UD\u017dBENICI HRVATSKOGA JEZIKA U RAZREDNOJ NASTAVI (2007)"},"content":{"rendered":"<p style=\"text-align: justify;\"><strong>Sa\u017eetak:<\/strong><br \/>\nKnjiga je znanstveni prinos literaturi o kvalitetnim ud\u017ebenicima. Predstavljeni su rezultati provedene analize ud\u017ebenika hrvatskoga jezika za ni\u017ee razrede osnovne \u0161kole. Uspostavljena su objektivna mjerila za vrjednovanje ud\u017ebenika i dane smjernice za izradu kvalitetnih ud\u017ebenika hrvatskoga jezika za razrednu nastavu.<\/p>\n<p><strong>Bilje\u0161ka o autorici:<\/strong><br \/>\nDr. sc. Jadranka Nemeth-Jaji\u0107 docentica je na Filozofskom fakultetu Sveu\u010dili\u0161ta u Splitu. U Odsjeku za u\u010diteljski studij i Odsjeku za hrvatski jezik i knji\u017eevnost predaje Metodiku nastave hrvatskoga jezika. Do sada je objavila tridesetak \u010dlanaka, osvrta i prikaza te prevela nekoliko knjiga s poljskoga jezika.<\/p>\n<p><strong>e-mail:<\/strong> Dr. sc. Jadranka Nemeth-Jaji\u0107<\/p>\n<p><strong>Naslov:<\/strong> UD\u017dBENICI HRVATSKOGA JEZIKA U RAZREDNOJ NASTAVI<br \/>\n<strong>Autor:<\/strong> Jadranka Nemeth-Jaji\u0107<br \/>\n<strong>Broj stranica:<\/strong> 216<br \/>\n<strong>Nakladnik:<\/strong> Redak<br \/>\n<strong>Godina izdanja:<\/strong> 2007.<br \/>\n<strong>ISBN:<\/strong> 978-953-99193-3-5<br \/>\n<strong>Tisak:<\/strong> digitalni tisak knjiga &#8211; print na zahtjev<\/p>\n","protected":false},"excerpt":{"rendered":"<p>Jadranka Nemeth-Jaji\u0107<\/p>\n<p>Metodike nastavnih predmeta humanisti\u010dkih znanosti<\/p>\n","protected":false},"featured_media":7274,"comment_status":"open","ping_status":"closed","template":"","meta":{"_acf_changed":false},"product_brand":[],"product_cat":[1517],"product_tag":[],"class_list":{"0":"post-7273","1":"product","2":"type-product","3":"status-publish","4":"has-post-thumbnail","6":"product_cat-strucna-literatura","7":"pa_autor-jadranka-nemeth-jajic","8":"pa_nakladnik-redak","10":"first","11":"instock","12":"shipping-taxable","13":"purchasable","14":"product-type-simple"},"acf":[],"yoast_head":"<!-- This site is optimized with the Yoast SEO plugin v27.3 - https:\/\/yoast.com\/product\/yoast-seo-wordpress\/ -->\n<title>UD\u017dBENICI HRVATSKOGA JEZIKA U RAZREDNOJ NASTAVI (2007) - Web-knji\u017eara<\/title>\n<meta name=\"robots\" content=\"index, follow, max-snippet:-1, max-image-preview:large, max-video-preview:-1\" \/>\n<link rel=\"canonical\" href=\"https:\/\/webknjizara.hr\/proizvod\/udzbenici-hrvatskoga-jezika-u-razrednoj-nastavi-2007\/\" \/>\n<meta property=\"og:locale\" content=\"en_US\" \/>\n<meta property=\"og:type\" content=\"article\" \/>\n<meta property=\"og:title\" content=\"UD\u017dBENICI HRVATSKOGA JEZIKA U RAZREDNOJ NASTAVI (2007) - Web-knji\u017eara\" \/>\n<meta property=\"og:description\" content=\"Jadranka Nemeth-Jaji\u0107  Metodike nastavnih predmeta humanisti\u010dkih znanosti\" \/>\n<meta property=\"og:url\" content=\"https:\/\/webknjizara.hr\/proizvod\/udzbenici-hrvatskoga-jezika-u-razrednoj-nastavi-2007\/\" \/>\n<meta property=\"og:site_name\" content=\"Web-knji\u017eara\" \/>\n<meta property=\"article:modified_time\" content=\"2025-09-03T12:00:08+00:00\" \/>\n<meta property=\"og:image\" content=\"https:\/\/webknjizara.hr\/wp-content\/uploads\/nc\/images\/virtuemart\/product\/ud-benici-hrvat-4cbc1f4aca7c0.jpg\" \/>\n\t<meta property=\"og:image:width\" content=\"283\" \/>\n\t<meta property=\"og:image:height\" content=\"405\" \/>\n\t<meta property=\"og:image:type\" content=\"image\/jpeg\" \/>\n<meta name=\"twitter:card\" content=\"summary_large_image\" \/>\n<meta name=\"twitter:label1\" content=\"Est. reading time\" \/>\n\t<meta name=\"twitter:data1\" content=\"1 minute\" \/>\n<script type=\"application\/ld+json\" class=\"yoast-schema-graph\">{\"@context\":\"https:\\\/\\\/schema.org\",\"@graph\":[{\"@type\":\"WebPage\",\"@id\":\"https:\\\/\\\/webknjizara.hr\\\/proizvod\\\/udzbenici-hrvatskoga-jezika-u-razrednoj-nastavi-2007\\\/\",\"url\":\"https:\\\/\\\/webknjizara.hr\\\/proizvod\\\/udzbenici-hrvatskoga-jezika-u-razrednoj-nastavi-2007\\\/\",\"name\":\"UD\u017dBENICI HRVATSKOGA JEZIKA U RAZREDNOJ NASTAVI (2007) - Web-knji\u017eara\",\"isPartOf\":{\"@id\":\"https:\\\/\\\/webknjizara.hr\\\/#website\"},\"primaryImageOfPage\":{\"@id\":\"https:\\\/\\\/webknjizara.hr\\\/proizvod\\\/udzbenici-hrvatskoga-jezika-u-razrednoj-nastavi-2007\\\/#primaryimage\"},\"image\":{\"@id\":\"https:\\\/\\\/webknjizara.hr\\\/proizvod\\\/udzbenici-hrvatskoga-jezika-u-razrednoj-nastavi-2007\\\/#primaryimage\"},\"thumbnailUrl\":\"https:\\\/\\\/webknjizara.hr\\\/wp-content\\\/uploads\\\/nc\\\/images\\\/virtuemart\\\/product\\\/ud-benici-hrvat-4cbc1f4aca7c0.jpg\",\"datePublished\":\"2009-12-03T14:20:28+00:00\",\"dateModified\":\"2025-09-03T12:00:08+00:00\",\"breadcrumb\":{\"@id\":\"https:\\\/\\\/webknjizara.hr\\\/proizvod\\\/udzbenici-hrvatskoga-jezika-u-razrednoj-nastavi-2007\\\/#breadcrumb\"},\"inLanguage\":\"en-US\",\"potentialAction\":[{\"@type\":\"ReadAction\",\"target\":[\"https:\\\/\\\/webknjizara.hr\\\/proizvod\\\/udzbenici-hrvatskoga-jezika-u-razrednoj-nastavi-2007\\\/\"]}]},{\"@type\":\"ImageObject\",\"inLanguage\":\"en-US\",\"@id\":\"https:\\\/\\\/webknjizara.hr\\\/proizvod\\\/udzbenici-hrvatskoga-jezika-u-razrednoj-nastavi-2007\\\/#primaryimage\",\"url\":\"https:\\\/\\\/webknjizara.hr\\\/wp-content\\\/uploads\\\/nc\\\/images\\\/virtuemart\\\/product\\\/ud-benici-hrvat-4cbc1f4aca7c0.jpg\",\"contentUrl\":\"https:\\\/\\\/webknjizara.hr\\\/wp-content\\\/uploads\\\/nc\\\/images\\\/virtuemart\\\/product\\\/ud-benici-hrvat-4cbc1f4aca7c0.jpg\",\"width\":283,\"height\":405,\"caption\":\"UD\u017dBENICI HRVATSKOGA JEZIKA U RAZREDNOJ NASTAVI (2007)\"},{\"@type\":\"BreadcrumbList\",\"@id\":\"https:\\\/\\\/webknjizara.hr\\\/proizvod\\\/udzbenici-hrvatskoga-jezika-u-razrednoj-nastavi-2007\\\/#breadcrumb\",\"itemListElement\":[{\"@type\":\"ListItem\",\"position\":1,\"name\":\"Po\u010detna stranica\",\"item\":\"https:\\\/\\\/webknjizara.hr\\\/en\\\/\"},{\"@type\":\"ListItem\",\"position\":2,\"name\":\"Shop\",\"item\":\"https:\\\/\\\/webknjizara.hr\\\/shop\\\/\"},{\"@type\":\"ListItem\",\"position\":3,\"name\":\"UD\u017dBENICI HRVATSKOGA JEZIKA U RAZREDNOJ NASTAVI (2007)\"}]},{\"@type\":\"WebSite\",\"@id\":\"https:\\\/\\\/webknjizara.hr\\\/#website\",\"url\":\"https:\\\/\\\/webknjizara.hr\\\/\",\"name\":\"Web Knji\u017eara\",\"description\":\"\",\"publisher\":{\"@id\":\"https:\\\/\\\/webknjizara.hr\\\/#organization\"},\"potentialAction\":[{\"@type\":\"SearchAction\",\"target\":{\"@type\":\"EntryPoint\",\"urlTemplate\":\"https:\\\/\\\/webknjizara.hr\\\/?s={search_term_string}\"},\"query-input\":{\"@type\":\"PropertyValueSpecification\",\"valueRequired\":true,\"valueName\":\"search_term_string\"}}],\"inLanguage\":\"en-US\"},{\"@type\":\"Organization\",\"@id\":\"https:\\\/\\\/webknjizara.hr\\\/#organization\",\"name\":\"REDAK D.O.O.\",\"url\":\"https:\\\/\\\/webknjizara.hr\\\/\",\"logo\":{\"@type\":\"ImageObject\",\"inLanguage\":\"en-US\",\"@id\":\"https:\\\/\\\/webknjizara.hr\\\/#\\\/schema\\\/logo\\\/image\\\/\",\"url\":\"https:\\\/\\\/webknjizara.hr\\\/wp-content\\\/uploads\\\/2023\\\/01\\\/web-knjizara-logo.webp\",\"contentUrl\":\"https:\\\/\\\/webknjizara.hr\\\/wp-content\\\/uploads\\\/2023\\\/01\\\/web-knjizara-logo.webp\",\"width\":324,\"height\":79,\"caption\":\"REDAK D.O.O.\"},\"image\":{\"@id\":\"https:\\\/\\\/webknjizara.hr\\\/#\\\/schema\\\/logo\\\/image\\\/\"}}]}<\/script>\n<!-- \/ Yoast SEO plugin. -->","yoast_head_json":{"title":"UD\u017dBENICI HRVATSKOGA JEZIKA U RAZREDNOJ NASTAVI (2007) - Web-knji\u017eara","robots":{"index":"index","follow":"follow","max-snippet":"max-snippet:-1","max-image-preview":"max-image-preview:large","max-video-preview":"max-video-preview:-1"},"canonical":"https:\/\/webknjizara.hr\/proizvod\/udzbenici-hrvatskoga-jezika-u-razrednoj-nastavi-2007\/","og_locale":"en_US","og_type":"article","og_title":"UD\u017dBENICI HRVATSKOGA JEZIKA U RAZREDNOJ NASTAVI (2007) - Web-knji\u017eara","og_description":"Jadranka Nemeth-Jaji\u0107  Metodike nastavnih predmeta humanisti\u010dkih znanosti","og_url":"https:\/\/webknjizara.hr\/proizvod\/udzbenici-hrvatskoga-jezika-u-razrednoj-nastavi-2007\/","og_site_name":"Web-knji\u017eara","article_modified_time":"2025-09-03T12:00:08+00:00","og_image":[{"width":283,"height":405,"url":"https:\/\/webknjizara.hr\/wp-content\/uploads\/nc\/images\/virtuemart\/product\/ud-benici-hrvat-4cbc1f4aca7c0.jpg","type":"image\/jpeg"}],"twitter_card":"summary_large_image","twitter_misc":{"Est. reading time":"1 minute"},"schema":{"@context":"https:\/\/schema.org","@graph":[{"@type":"WebPage","@id":"https:\/\/webknjizara.hr\/proizvod\/udzbenici-hrvatskoga-jezika-u-razrednoj-nastavi-2007\/","url":"https:\/\/webknjizara.hr\/proizvod\/udzbenici-hrvatskoga-jezika-u-razrednoj-nastavi-2007\/","name":"UD\u017dBENICI HRVATSKOGA JEZIKA U RAZREDNOJ NASTAVI (2007) - Web-knji\u017eara","isPartOf":{"@id":"https:\/\/webknjizara.hr\/#website"},"primaryImageOfPage":{"@id":"https:\/\/webknjizara.hr\/proizvod\/udzbenici-hrvatskoga-jezika-u-razrednoj-nastavi-2007\/#primaryimage"},"image":{"@id":"https:\/\/webknjizara.hr\/proizvod\/udzbenici-hrvatskoga-jezika-u-razrednoj-nastavi-2007\/#primaryimage"},"thumbnailUrl":"https:\/\/webknjizara.hr\/wp-content\/uploads\/nc\/images\/virtuemart\/product\/ud-benici-hrvat-4cbc1f4aca7c0.jpg","datePublished":"2009-12-03T14:20:28+00:00","dateModified":"2025-09-03T12:00:08+00:00","breadcrumb":{"@id":"https:\/\/webknjizara.hr\/proizvod\/udzbenici-hrvatskoga-jezika-u-razrednoj-nastavi-2007\/#breadcrumb"},"inLanguage":"en-US","potentialAction":[{"@type":"ReadAction","target":["https:\/\/webknjizara.hr\/proizvod\/udzbenici-hrvatskoga-jezika-u-razrednoj-nastavi-2007\/"]}]},{"@type":"ImageObject","inLanguage":"en-US","@id":"https:\/\/webknjizara.hr\/proizvod\/udzbenici-hrvatskoga-jezika-u-razrednoj-nastavi-2007\/#primaryimage","url":"https:\/\/webknjizara.hr\/wp-content\/uploads\/nc\/images\/virtuemart\/product\/ud-benici-hrvat-4cbc1f4aca7c0.jpg","contentUrl":"https:\/\/webknjizara.hr\/wp-content\/uploads\/nc\/images\/virtuemart\/product\/ud-benici-hrvat-4cbc1f4aca7c0.jpg","width":283,"height":405,"caption":"UD\u017dBENICI HRVATSKOGA JEZIKA U RAZREDNOJ NASTAVI (2007)"},{"@type":"BreadcrumbList","@id":"https:\/\/webknjizara.hr\/proizvod\/udzbenici-hrvatskoga-jezika-u-razrednoj-nastavi-2007\/#breadcrumb","itemListElement":[{"@type":"ListItem","position":1,"name":"Po\u010detna stranica","item":"https:\/\/webknjizara.hr\/en\/"},{"@type":"ListItem","position":2,"name":"Shop","item":"https:\/\/webknjizara.hr\/shop\/"},{"@type":"ListItem","position":3,"name":"UD\u017dBENICI HRVATSKOGA JEZIKA U RAZREDNOJ NASTAVI (2007)"}]},{"@type":"WebSite","@id":"https:\/\/webknjizara.hr\/#website","url":"https:\/\/webknjizara.hr\/","name":"Web Knji\u017eara","description":"","publisher":{"@id":"https:\/\/webknjizara.hr\/#organization"},"potentialAction":[{"@type":"SearchAction","target":{"@type":"EntryPoint","urlTemplate":"https:\/\/webknjizara.hr\/?s={search_term_string}"},"query-input":{"@type":"PropertyValueSpecification","valueRequired":true,"valueName":"search_term_string"}}],"inLanguage":"en-US"},{"@type":"Organization","@id":"https:\/\/webknjizara.hr\/#organization","name":"REDAK D.O.O.","url":"https:\/\/webknjizara.hr\/","logo":{"@type":"ImageObject","inLanguage":"en-US","@id":"https:\/\/webknjizara.hr\/#\/schema\/logo\/image\/","url":"https:\/\/webknjizara.hr\/wp-content\/uploads\/2023\/01\/web-knjizara-logo.webp","contentUrl":"https:\/\/webknjizara.hr\/wp-content\/uploads\/2023\/01\/web-knjizara-logo.webp","width":324,"height":79,"caption":"REDAK D.O.O."},"image":{"@id":"https:\/\/webknjizara.hr\/#\/schema\/logo\/image\/"}}]}},"_links":{"self":[{"href":"https:\/\/webknjizara.hr\/en\/wp-json\/wp\/v2\/product\/7273","targetHints":{"allow":["GET"]}}],"collection":[{"href":"https:\/\/webknjizara.hr\/en\/wp-json\/wp\/v2\/product"}],"about":[{"href":"https:\/\/webknjizara.hr\/en\/wp-json\/wp\/v2\/types\/product"}],"replies":[{"embeddable":true,"href":"https:\/\/webknjizara.hr\/en\/wp-json\/wp\/v2\/comments?post=7273"}],"wp:featuredmedia":[{"embeddable":true,"href":"https:\/\/webknjizara.hr\/en\/wp-json\/wp\/v2\/media\/7274"}],"wp:attachment":[{"href":"https:\/\/webknjizara.hr\/en\/wp-json\/wp\/v2\/media?parent=7273"}],"wp:term":[{"taxonomy":"product_brand","embeddable":true,"href":"https:\/\/webknjizara.hr\/en\/wp-json\/wp\/v2\/product_brand?post=7273"},{"taxonomy":"product_cat","embeddable":true,"href":"https:\/\/webknjizara.hr\/en\/wp-json\/wp\/v2\/product_cat?post=7273"},{"taxonomy":"product_tag","embeddable":true,"href":"https:\/\/webknjizara.hr\/en\/wp-json\/wp\/v2\/product_tag?post=7273"}],"curies":[{"name":"wp","href":"https:\/\/api.w.org\/{rel}","templated":true}]}}