{"id":7267,"date":"2009-12-03T14:20:28","date_gmt":"2009-12-03T14:20:28","guid":{"rendered":"https:\/\/webknjizara.hr\/?product=skepticizam-mladih-prema-europskim-integracijama-2010"},"modified":"2023-02-27T00:15:26","modified_gmt":"2023-02-26T23:15:26","slug":"skepticizam-mladih-prema-europskim-integracijama-2010","status":"publish","type":"product","link":"https:\/\/webknjizara.hr\/en\/proizvod\/skepticizam-mladih-prema-europskim-integracijama-2010\/","title":{"rendered":"SKEPTICIZAM MLADIH PREMA EUROPSKIM INTEGRACIJAMA (2010)"},"content":{"rendered":"<p style=\"text-align: justify;\"><strong>Sa\u017eetak<\/strong><br \/>U biblioteci Istra\u017eiva\u010dke studije, kao knjiga br.13 objavljena je empirijska studija Skepticizam mladih prema europskim integracijama:rezultati sociolo\u0161kog istra\u017eivanja autorica An\u010di Leburi\u0107 i Aleksandre Grubi\u0107.<br \/>Nakon uvodnoga razmatranja zna\u010daja Europske unije za mlade, nazna\u010duju se metodolo\u0161ki aspekti empirijskog socio-lo\u0161kog istra\u017eivanja mladih. Autorice su procjenile istra\u017eiva\u010dku temu naro\u010dito zna\u010dajnom, budu\u0107i da u Europskoj uniji danas \u017eivi 96 milijuna mladih u dobi od 15 do 29 godina, \u0161to predstavlja gotovo 20% njenoga stanovni\u0161tva.<br \/>U studiji se navode i postoje\u0107e strategije, zami\u0161ljene reforme kao i niz europskih programa koji su stvoreni za mlade i koji se mladima bave. Svi ti dokumenti, aktivnosti i vizije tretiraju Europsku uniju kao atraktivan dru\u0161tveni prostor za mlade i kao socijalna vizija nekakve bolje i bogatije budu\u0107nosti \u017eivljenja tih mladih. Stoga su autorice i odredile klju\u010dnim ciljem ispitati mi\u0161ljenja i stavove tih mladih o toj Uniji kao njihovoj potencijalnoj razvojnoj i dru\u0161tvenoj perspektivi.<br \/>U ovom sociolo\u0161kom projektu ispitano je u Splitsko-dalmatinskoj \u017eupaniji ukupno 617 mladih u dobi od 20 do 29 godina. Istra\u017eiva\u010dki uzorak bio je reprezentativan i proporcio-nalan u odnosu na ukupan broj mladih koji \u017eive u tom prostoru.\u00a0 Terenska faza sprovedena je tijekom 2008 godine.<br \/>Analizirane su i komentirane neke klju\u010dne teze (teorijske i empirijske) o mladima u Hrvatskoj, jer su ve\u0107 provedena brojna sociolo\u0161ka i druga empirijska istra\u017eivanja na temu mladih i njihovog sudjelovanja u dru\u0161tvenom i politi\u010dkom \u017eivotu. Ta istra\u017eivanja rezultirala su op\u0107eprihva\u0107enim spoznajama o tom segmentu populacije u suvremenom svijetu.<br \/>Autorice smatraju da je svakako mogu\u0107e konstatirati da su mladi heterogena dru\u0161tvena skupina, jer nju karakterizira unutarnja socijalna raslojenost sukladna diferenciranosti dru\u0161tva kojemu pripadaju. No, istovremeno, oni posjeduju neke zajedni-\u010dke karakteristike po kojima se prepoznaju kao zasebna dru\u0161tvena skupina. Posebno se raspravlja o medijskim utjecajima na formiranje mladena\u010dkih percepcija, te o mogu\u0107nostima samo-aktualizacije mladih u dru\u0161tvu, o njihovoj osvije\u0161tenosti o vlastitim identitetima, o odnosu prema vlasti u Hrvatskoj, te nizu drugih zna\u010dajnih dru\u0161tvenih pojava, procesa i fenomena.<br \/>Kona\u010dno, autorice konstatiraju kakve su aspiracije mladih prema eurointegracijama. Ti su im procesi uglavnom zanimljivi, prihvatljivi i privla\u010dni. Ve\u0107ina ih je zainteresirana za odlazak u Europu, no motivi su im razli\u010diti. Spremni su potra\u017eiti bolji \u017eivot izvan granica Hrvatske, konkretno u perspektivnijim zapadnim zemljama koje se percipiraju kao mjesta ekonomskog progresa i izgra\u0111enih demokratskih odnosa, te kao mjesta gdje mogu op\u0107enito napredovati u brojnim podru\u010djima izgradnje vlastitih \u017eivotnih stilova.<br \/>Ipak, tu Europu koja im je u blizini, mladi ne idealiziraju. Zato autorice zaklju\u010duju kako \u0107e im biti nu\u017ena potpora od strane dru\u0161tvenih mehanizama na razli\u010ditim dru\u0161tvenim nivoima njihovoga \u017eivljenja i rada. No, ti procesi moraju biti planirani, sinkronizirani i racionalno programirani. U studiji se predla\u017ee gdje, kako i na koje na\u010dine to posti\u0107i.<\/p>\n<p><strong><br \/>Bilje\u0161ka o autoricama:<\/strong><br \/><strong>An\u010di Leburi\u0107<\/strong>, redovna je profesorica na katedri sociolo\u0161ke metodologije, Odsjeka za sociologiju Filozofskog fakulteta u Splitu. Objavljuje znanstvene radove iz metodologije dru\u0161tvenih i humanisti\u010dkih istra\u017eivanja, te empirijske studije iz posebnih sociologija. Nositeljica je kolegija na preddiplomskim, diplomskim i doktorskim studijima u zemlji i inozemstvu. Urednica je nekoliko biblioteka u kojima se objavljuju metodolo\u0161ke i sociolo\u0161ke studije. Vodi i sudjeluje u me\u0111unarodnim projektima u kojima se istra\u017euju razvojne, kulturolo\u0161ke, medijske, socijalno-ekolo\u0161ke, urbane i dr. teme. <br \/>\u010clanica je nekoliko stru\u010dnih asocijacija, te predsjednica Splitske podru\u017enice Hrvatskoga sociolo\u0161kog dru\u0161tva od 2006 god. <\/p>\n<p><strong>e-mail: <\/strong><a href=\"mailto:anci@ffst.hr\">An\u010di Leburi\u0107<\/a><br \/><strong>web:<\/strong> <a href=\"http:\/\/www.ancileburic.com\" target=\"_blank\" rel=\"noopener\">www.ancileburic.com<\/a><\/p>\n<p><strong>Aleksandra Grubi\u0107<\/strong> ro\u0111ena 1987. godine u Splitu, gdje je zavr\u0161ila osnovnu \u0161kolu i 1. jezi\u010dnu gimnaziju jezi\u010dnog usmjerenja. Studentica je III. godine preddiplomskog studija jednopredmetne sociologije, istra\u017eiva\u010dkog usmjerenja, na Filozofskom fakultetu u Splitu. Od 2009. godine \u010dlanica je studentskog zbora, studentska pravobraniteljica i predstavnica studenata u Fakultetskom vije\u0107u Filozofskog fakulteta Sveu\u010dili\u0161ta u Splitu. Demonstratorica je prof. dr. An\u010di Leburi\u0107 na predmetima preddiplomske razine. Objavila je dva metodolo\u0161ka eseja na temu &#8220;\u0160to s hipotezama u sociolo\u0161kom istra\u017eivanju?\u201d; i Karakteristike kvalitativnog pristupa u sociologiji.<\/p>\n<p><strong>Naslov: SKEPTICIZAM MLADIH PREMA EUROPSKIM INTEGRACIJAMA: rezultati sociolo\u0161kog istra\u017eivanja<br \/>Autor:<\/strong> An\u010di Leburi\u0107, Aleksandra Grubi\u0107<br \/><strong>Broj stranica:<\/strong> 96<br \/><strong>Nakladnik:<\/strong> Redak<br \/><strong>Godina izdanja: <\/strong>2010<br \/><strong>ISBN: <\/strong>987-953-7595-17-1<br \/><strong>Prilog: <\/strong>CD s tabli\u010dnim i grafi\u010dkim prilozima<br \/><strong>Tisak:<\/strong> digitalni tisak knjiga &#8211; print na zahtjev<\/p>\n","protected":false},"excerpt":{"rendered":"<p>Rezultati sociolo\u0161kog istra\u017eivanja (2010) An\u010di Leburi\u0107, Aleksandra Grubi\u0107<br \/>\n<br \/>\n<i><b>Scepticism of young people towards European integration: the results of a sociological research (2010)<\/b><\/i><br \/>\n<br \/>Znanstvena monografija &#8211; empirijska studija<\/p>\n","protected":false},"featured_media":7268,"comment_status":"open","ping_status":"closed","template":"","meta":{"_acf_changed":false},"product_brand":[],"product_cat":[1539],"product_tag":[],"class_list":{"0":"post-7267","1":"product","2":"type-product","3":"status-publish","4":"has-post-thumbnail","6":"product_cat-sveucilisni-udzbenici-i-prirucnici","7":"pa_nakladnik-redak","9":"first","10":"instock","11":"shipping-taxable","12":"purchasable","13":"product-type-simple"},"acf":[],"yoast_head":"<!-- This site is optimized with the Yoast SEO plugin v27.3 - https:\/\/yoast.com\/product\/yoast-seo-wordpress\/ -->\n<title>SKEPTICIZAM MLADIH PREMA EUROPSKIM INTEGRACIJAMA (2010) - Web-knji\u017eara<\/title>\n<meta name=\"robots\" content=\"index, follow, max-snippet:-1, max-image-preview:large, max-video-preview:-1\" \/>\n<link rel=\"canonical\" href=\"https:\/\/webknjizara.hr\/proizvod\/skepticizam-mladih-prema-europskim-integracijama-2010\/\" \/>\n<meta property=\"og:locale\" content=\"en_US\" \/>\n<meta property=\"og:type\" content=\"article\" \/>\n<meta property=\"og:title\" content=\"SKEPTICIZAM MLADIH PREMA EUROPSKIM INTEGRACIJAMA (2010) - Web-knji\u017eara\" \/>\n<meta property=\"og:description\" content=\"Rezultati sociolo\u0161kog istra\u017eivanja (2010) An\u010di Leburi\u0107, Aleksandra Grubi\u0107  Scepticism of young people towards European integration: the results of a sociological research (2010) Znanstvena monografija - empirijska studija\" \/>\n<meta property=\"og:url\" content=\"https:\/\/webknjizara.hr\/proizvod\/skepticizam-mladih-prema-europskim-integracijama-2010\/\" \/>\n<meta property=\"og:site_name\" content=\"Web-knji\u017eara\" \/>\n<meta property=\"article:modified_time\" content=\"2023-02-26T23:15:26+00:00\" \/>\n<meta property=\"og:image\" content=\"https:\/\/webknjizara.hr\/wp-content\/uploads\/nc\/images\/virtuemart\/product\/skepticizam-mlad-4cb865c0c1c81.jpg\" \/>\n\t<meta property=\"og:image:width\" content=\"283\" \/>\n\t<meta property=\"og:image:height\" content=\"394\" \/>\n\t<meta property=\"og:image:type\" content=\"image\/jpeg\" \/>\n<meta name=\"twitter:card\" content=\"summary_large_image\" \/>\n<meta name=\"twitter:label1\" content=\"Est. reading time\" \/>\n\t<meta name=\"twitter:data1\" content=\"4 minutes\" \/>\n<script type=\"application\/ld+json\" class=\"yoast-schema-graph\">{\"@context\":\"https:\\\/\\\/schema.org\",\"@graph\":[{\"@type\":\"WebPage\",\"@id\":\"https:\\\/\\\/webknjizara.hr\\\/proizvod\\\/skepticizam-mladih-prema-europskim-integracijama-2010\\\/\",\"url\":\"https:\\\/\\\/webknjizara.hr\\\/proizvod\\\/skepticizam-mladih-prema-europskim-integracijama-2010\\\/\",\"name\":\"SKEPTICIZAM MLADIH PREMA EUROPSKIM INTEGRACIJAMA (2010) - Web-knji\u017eara\",\"isPartOf\":{\"@id\":\"https:\\\/\\\/webknjizara.hr\\\/#website\"},\"primaryImageOfPage\":{\"@id\":\"https:\\\/\\\/webknjizara.hr\\\/proizvod\\\/skepticizam-mladih-prema-europskim-integracijama-2010\\\/#primaryimage\"},\"image\":{\"@id\":\"https:\\\/\\\/webknjizara.hr\\\/proizvod\\\/skepticizam-mladih-prema-europskim-integracijama-2010\\\/#primaryimage\"},\"thumbnailUrl\":\"https:\\\/\\\/webknjizara.hr\\\/wp-content\\\/uploads\\\/nc\\\/images\\\/virtuemart\\\/product\\\/skepticizam-mlad-4cb865c0c1c81.jpg\",\"datePublished\":\"2009-12-03T14:20:28+00:00\",\"dateModified\":\"2023-02-26T23:15:26+00:00\",\"breadcrumb\":{\"@id\":\"https:\\\/\\\/webknjizara.hr\\\/proizvod\\\/skepticizam-mladih-prema-europskim-integracijama-2010\\\/#breadcrumb\"},\"inLanguage\":\"en-US\",\"potentialAction\":[{\"@type\":\"ReadAction\",\"target\":[\"https:\\\/\\\/webknjizara.hr\\\/proizvod\\\/skepticizam-mladih-prema-europskim-integracijama-2010\\\/\"]}]},{\"@type\":\"ImageObject\",\"inLanguage\":\"en-US\",\"@id\":\"https:\\\/\\\/webknjizara.hr\\\/proizvod\\\/skepticizam-mladih-prema-europskim-integracijama-2010\\\/#primaryimage\",\"url\":\"https:\\\/\\\/webknjizara.hr\\\/wp-content\\\/uploads\\\/nc\\\/images\\\/virtuemart\\\/product\\\/skepticizam-mlad-4cb865c0c1c81.jpg\",\"contentUrl\":\"https:\\\/\\\/webknjizara.hr\\\/wp-content\\\/uploads\\\/nc\\\/images\\\/virtuemart\\\/product\\\/skepticizam-mlad-4cb865c0c1c81.jpg\",\"width\":283,\"height\":394,\"caption\":\"SKEPTICIZAM MLADIH PREMA EUROPSKIM INTEGRACIJAMA (2010)\"},{\"@type\":\"BreadcrumbList\",\"@id\":\"https:\\\/\\\/webknjizara.hr\\\/proizvod\\\/skepticizam-mladih-prema-europskim-integracijama-2010\\\/#breadcrumb\",\"itemListElement\":[{\"@type\":\"ListItem\",\"position\":1,\"name\":\"Po\u010detna stranica\",\"item\":\"https:\\\/\\\/webknjizara.hr\\\/en\\\/\"},{\"@type\":\"ListItem\",\"position\":2,\"name\":\"Shop\",\"item\":\"https:\\\/\\\/webknjizara.hr\\\/shop\\\/\"},{\"@type\":\"ListItem\",\"position\":3,\"name\":\"SKEPTICIZAM MLADIH PREMA EUROPSKIM INTEGRACIJAMA (2010)\"}]},{\"@type\":\"WebSite\",\"@id\":\"https:\\\/\\\/webknjizara.hr\\\/#website\",\"url\":\"https:\\\/\\\/webknjizara.hr\\\/\",\"name\":\"Web Knji\u017eara\",\"description\":\"\",\"publisher\":{\"@id\":\"https:\\\/\\\/webknjizara.hr\\\/#organization\"},\"potentialAction\":[{\"@type\":\"SearchAction\",\"target\":{\"@type\":\"EntryPoint\",\"urlTemplate\":\"https:\\\/\\\/webknjizara.hr\\\/?s={search_term_string}\"},\"query-input\":{\"@type\":\"PropertyValueSpecification\",\"valueRequired\":true,\"valueName\":\"search_term_string\"}}],\"inLanguage\":\"en-US\"},{\"@type\":\"Organization\",\"@id\":\"https:\\\/\\\/webknjizara.hr\\\/#organization\",\"name\":\"REDAK D.O.O.\",\"url\":\"https:\\\/\\\/webknjizara.hr\\\/\",\"logo\":{\"@type\":\"ImageObject\",\"inLanguage\":\"en-US\",\"@id\":\"https:\\\/\\\/webknjizara.hr\\\/#\\\/schema\\\/logo\\\/image\\\/\",\"url\":\"https:\\\/\\\/webknjizara.hr\\\/wp-content\\\/uploads\\\/2023\\\/01\\\/web-knjizara-logo.webp\",\"contentUrl\":\"https:\\\/\\\/webknjizara.hr\\\/wp-content\\\/uploads\\\/2023\\\/01\\\/web-knjizara-logo.webp\",\"width\":324,\"height\":79,\"caption\":\"REDAK D.O.O.\"},\"image\":{\"@id\":\"https:\\\/\\\/webknjizara.hr\\\/#\\\/schema\\\/logo\\\/image\\\/\"}}]}<\/script>\n<!-- \/ Yoast SEO plugin. -->","yoast_head_json":{"title":"SKEPTICIZAM MLADIH PREMA EUROPSKIM INTEGRACIJAMA (2010) - Web-knji\u017eara","robots":{"index":"index","follow":"follow","max-snippet":"max-snippet:-1","max-image-preview":"max-image-preview:large","max-video-preview":"max-video-preview:-1"},"canonical":"https:\/\/webknjizara.hr\/proizvod\/skepticizam-mladih-prema-europskim-integracijama-2010\/","og_locale":"en_US","og_type":"article","og_title":"SKEPTICIZAM MLADIH PREMA EUROPSKIM INTEGRACIJAMA (2010) - Web-knji\u017eara","og_description":"Rezultati sociolo\u0161kog istra\u017eivanja (2010) An\u010di Leburi\u0107, Aleksandra Grubi\u0107  Scepticism of young people towards European integration: the results of a sociological research (2010) Znanstvena monografija - empirijska studija","og_url":"https:\/\/webknjizara.hr\/proizvod\/skepticizam-mladih-prema-europskim-integracijama-2010\/","og_site_name":"Web-knji\u017eara","article_modified_time":"2023-02-26T23:15:26+00:00","og_image":[{"width":283,"height":394,"url":"https:\/\/webknjizara.hr\/wp-content\/uploads\/nc\/images\/virtuemart\/product\/skepticizam-mlad-4cb865c0c1c81.jpg","type":"image\/jpeg"}],"twitter_card":"summary_large_image","twitter_misc":{"Est. reading time":"4 minutes"},"schema":{"@context":"https:\/\/schema.org","@graph":[{"@type":"WebPage","@id":"https:\/\/webknjizara.hr\/proizvod\/skepticizam-mladih-prema-europskim-integracijama-2010\/","url":"https:\/\/webknjizara.hr\/proizvod\/skepticizam-mladih-prema-europskim-integracijama-2010\/","name":"SKEPTICIZAM MLADIH PREMA EUROPSKIM INTEGRACIJAMA (2010) - Web-knji\u017eara","isPartOf":{"@id":"https:\/\/webknjizara.hr\/#website"},"primaryImageOfPage":{"@id":"https:\/\/webknjizara.hr\/proizvod\/skepticizam-mladih-prema-europskim-integracijama-2010\/#primaryimage"},"image":{"@id":"https:\/\/webknjizara.hr\/proizvod\/skepticizam-mladih-prema-europskim-integracijama-2010\/#primaryimage"},"thumbnailUrl":"https:\/\/webknjizara.hr\/wp-content\/uploads\/nc\/images\/virtuemart\/product\/skepticizam-mlad-4cb865c0c1c81.jpg","datePublished":"2009-12-03T14:20:28+00:00","dateModified":"2023-02-26T23:15:26+00:00","breadcrumb":{"@id":"https:\/\/webknjizara.hr\/proizvod\/skepticizam-mladih-prema-europskim-integracijama-2010\/#breadcrumb"},"inLanguage":"en-US","potentialAction":[{"@type":"ReadAction","target":["https:\/\/webknjizara.hr\/proizvod\/skepticizam-mladih-prema-europskim-integracijama-2010\/"]}]},{"@type":"ImageObject","inLanguage":"en-US","@id":"https:\/\/webknjizara.hr\/proizvod\/skepticizam-mladih-prema-europskim-integracijama-2010\/#primaryimage","url":"https:\/\/webknjizara.hr\/wp-content\/uploads\/nc\/images\/virtuemart\/product\/skepticizam-mlad-4cb865c0c1c81.jpg","contentUrl":"https:\/\/webknjizara.hr\/wp-content\/uploads\/nc\/images\/virtuemart\/product\/skepticizam-mlad-4cb865c0c1c81.jpg","width":283,"height":394,"caption":"SKEPTICIZAM MLADIH PREMA EUROPSKIM INTEGRACIJAMA (2010)"},{"@type":"BreadcrumbList","@id":"https:\/\/webknjizara.hr\/proizvod\/skepticizam-mladih-prema-europskim-integracijama-2010\/#breadcrumb","itemListElement":[{"@type":"ListItem","position":1,"name":"Po\u010detna stranica","item":"https:\/\/webknjizara.hr\/en\/"},{"@type":"ListItem","position":2,"name":"Shop","item":"https:\/\/webknjizara.hr\/shop\/"},{"@type":"ListItem","position":3,"name":"SKEPTICIZAM MLADIH PREMA EUROPSKIM INTEGRACIJAMA (2010)"}]},{"@type":"WebSite","@id":"https:\/\/webknjizara.hr\/#website","url":"https:\/\/webknjizara.hr\/","name":"Web Knji\u017eara","description":"","publisher":{"@id":"https:\/\/webknjizara.hr\/#organization"},"potentialAction":[{"@type":"SearchAction","target":{"@type":"EntryPoint","urlTemplate":"https:\/\/webknjizara.hr\/?s={search_term_string}"},"query-input":{"@type":"PropertyValueSpecification","valueRequired":true,"valueName":"search_term_string"}}],"inLanguage":"en-US"},{"@type":"Organization","@id":"https:\/\/webknjizara.hr\/#organization","name":"REDAK D.O.O.","url":"https:\/\/webknjizara.hr\/","logo":{"@type":"ImageObject","inLanguage":"en-US","@id":"https:\/\/webknjizara.hr\/#\/schema\/logo\/image\/","url":"https:\/\/webknjizara.hr\/wp-content\/uploads\/2023\/01\/web-knjizara-logo.webp","contentUrl":"https:\/\/webknjizara.hr\/wp-content\/uploads\/2023\/01\/web-knjizara-logo.webp","width":324,"height":79,"caption":"REDAK D.O.O."},"image":{"@id":"https:\/\/webknjizara.hr\/#\/schema\/logo\/image\/"}}]}},"_links":{"self":[{"href":"https:\/\/webknjizara.hr\/en\/wp-json\/wp\/v2\/product\/7267","targetHints":{"allow":["GET"]}}],"collection":[{"href":"https:\/\/webknjizara.hr\/en\/wp-json\/wp\/v2\/product"}],"about":[{"href":"https:\/\/webknjizara.hr\/en\/wp-json\/wp\/v2\/types\/product"}],"replies":[{"embeddable":true,"href":"https:\/\/webknjizara.hr\/en\/wp-json\/wp\/v2\/comments?post=7267"}],"wp:featuredmedia":[{"embeddable":true,"href":"https:\/\/webknjizara.hr\/en\/wp-json\/wp\/v2\/media\/7268"}],"wp:attachment":[{"href":"https:\/\/webknjizara.hr\/en\/wp-json\/wp\/v2\/media?parent=7267"}],"wp:term":[{"taxonomy":"product_brand","embeddable":true,"href":"https:\/\/webknjizara.hr\/en\/wp-json\/wp\/v2\/product_brand?post=7267"},{"taxonomy":"product_cat","embeddable":true,"href":"https:\/\/webknjizara.hr\/en\/wp-json\/wp\/v2\/product_cat?post=7267"},{"taxonomy":"product_tag","embeddable":true,"href":"https:\/\/webknjizara.hr\/en\/wp-json\/wp\/v2\/product_tag?post=7267"}],"curies":[{"name":"wp","href":"https:\/\/api.w.org\/{rel}","templated":true}]}}