{"id":7255,"date":"2009-12-03T14:20:28","date_gmt":"2009-12-03T14:20:28","guid":{"rendered":"https:\/\/webknjizara.hr\/?product=volonterstvo-mladih-kao-bijeg-u-stvarnost-2008"},"modified":"2023-02-27T00:15:25","modified_gmt":"2023-02-26T23:15:25","slug":"volonterstvo-mladih-kao-bijeg-u-stvarnost-2008","status":"publish","type":"product","link":"https:\/\/webknjizara.hr\/en\/proizvod\/volonterstvo-mladih-kao-bijeg-u-stvarnost-2008\/","title":{"rendered":"VOLONTERSTVO MLADIH KAO BIJEG U STVARNOST (2008)"},"content":{"rendered":"<p style=\"text-align: justify;\"><strong>Sa\u017eetak:<\/strong><br \/>Empirijska studija autorica An\u010di Leburi\u0107, Ade Rei\u0107 i Gorane Bandalovi\u0107, pod naslovom Volonterstvo mladih kao bijeg u stvarnost: akcijsko istra\u017eivanje \u010detvrta je istra\u017eiva\u010dka studija u sociolo\u0161koj biblioteci nakladnika i tiskara Redak iz Splita. Ta su djela nastala u okviru predmeta Sociolo\u0161ka istra\u017ei\u00adva\u010dka radionica, \u010dija je nositeljica (ovdje i urednica) prof. dr. An\u010di Leburi\u0107. Njene suautorice u tim izdanjima su studentice ili asistentice sa Odsjeka za sociologiju Filozofskog fakulteta u Splitu. Ovo je tako\u0111er jedna od uspje\u0161nih istra\u017eiva\u010dkih prezenta\u00adcija primjene mje\u0161ovite metodologije (mix methodology). Klju\u010d\u00adna metodolo\u0161ka posebnost studije jeste zapravo realizacija akcij\u00adskog istra\u017eivanja, kao eminentno kvalitativnog tipa empirijskog istra\u017eivanja u sociologiji.<br \/>Raspravljaju\u0107i o mladima u postmodernom dru\u0161tvu, autori\u00adce tematski lociraju svoju \u201eakcijsku pri\u010du\u201c u prostore civilnoga dru\u0161tva u Hrvatskoj. Odnosno, konkretnije \u2013 volonterstvo u Splitu (Hrvatska) smje\u0161ta se u kontekst evropskog aktivizma mladih.<br \/>U studiji se poprili\u010dno \u0161iroko i detaljno eksplicira metodo\u00adlo\u0161ki okvir planiranja i izvo\u0111enja akcijskoga istra\u017eivanja. Naro\u00ad\u010dito je instruktivno \u0161to se istovremeno sve metodolo\u0161ke faze i is\u00adtra\u017eiva\u010dki aspekti ilustriraju konkretnim empirijskim podacima, pra\u0107enjem istra\u017eiva\u010dkoga dizajna i to onakvoga, kakav se plani\u00adrao i izveo u ovom projektu. U tom smislu, najoriginalnije su preporuke istra\u017eiva\u010dica prezentirane u studiji kao finalno pogla-vlje, u kojem se zapravo izla\u017eu elementi interpretacijske faze akcijskoga istra\u017eivanja volonterstva mladih Spli\u0107ana i Spli\u0107anki.<br \/>Autorice su radno definirale volontere kao mlade koji do-brovoljno odvajaju dio svoga slobodnoga vremena za pomo\u0107 drugima i pritom se i sami osje\u0107aju dobro. To je ustvari oblik ra-da, koji jo\u0161 uvijek nije u Hrvatskoj pretjerano upra\u017enjavan, niti razvijan. Zato ga one tretiraju kao rad koji je u svim svojim seg-mentima izuzetno pozitivan, pa stoga ukazuju na humanost i ko-risnost volonterskoga rada \u0161to je u krajnjoj liniji i op\u0107i cilj ove njihove studije.<br \/>Na koncu, autorice su zaklju\u010dile da je volonterstvo tip po-\u017eeljnog dru\u0161tvenog pona\u0161anja mladih u Hrvatskoj. Mladi volon-terstvo vide kao jedan od segmenata (aktivnosti ili modaliteta) svjetlije dru\u0161tvene i perspektivnije svoje budu\u0107nosti. Tome nije razlog samo \u010dinjenica da volonterstvo nosi aureolu povijesnog optimizma. U okviru takve vizije mladi smje\u0161taju svoje percep-cije boljeg, razumnijeg i humanijeg dru\u0161tva. Takva vizija vodi skladnijim dru\u0161tvenim odnosima, kvalitetnijim interakcijama iz-me\u0111u mladih i odraslih, te op\u0107enito pretpostavlja da \u0107e biti tole-rantniji i efikasniji odnos sviju prema onima koji su hendike\u00adpirani, siroma\u0161ni, na bilo koji na\u010din marginalizirani u dru\u0161tvu ili imaju ikakvih pote\u0161ko\u0107a.<br \/>Osnivanjem Obiteljskog centra Splitsko-dalmatinske \u017eupa\u00adnije, kao savjetovali\u0161ta, autorice uo\u010davaju program Prijatelj, te ga odre\u0111uju predmetom svoga akcijskoga istra\u017eivanja, po\u010dinju ga pratiti i u njemu sudjelovati. Istra\u017euju formiranje volonterskih grupa mladih, njihovo regrutiranje, njihov radioni\u010dki anga\u017eman i motiviraju\u0107e pona\u0161anje u tom kontekstu, te tijek njihovoga ospo-sobljavanja za kontakt s djecom koja iskazuju raznorazne po-te\u0161ko\u0107e u svom individualnom razvoju.<br \/>Klju\u010dni istra\u017eiva\u010dki nalaz svakako je prepoznavanje nekakvog novog socijabiliteta mladih (volontera) s kojima su istra\u00ad\u017eiva\u010dice bile u akcijskom kontaktu. To je uistinu novi, druga\u010diji i originalni tip dru\u0161tvenog mladena\u010dkog pona\u0161anja. On je interaktivan, nabijen pozitivnom energijom, obe\u0107avaju\u0107i, integriraju\u0107i. Pretpostavljaju, stoga, da bi na temeljima volonterstva mladih bilo mogu\u0107e te mlade homogenizirati kao relevantnu dru\u0161\u00adtvenu grupu, ne samo u socijalnoj kontekstualizaciji, ve\u0107 mo\u017eda i u nekakvoj drugoj \u2013 ekonomskoj, gospodarskoj, politi\u010dkoj ili inima.<br \/>Ipak, s druge strane, autorice procjenjuju kako jo\u0161 uvijek hrvatsko dru\u0161tvo nije zna\u010dajnije razvilo vlastite dru\u0161tvene impul-se za formiranje nekog posebnog, originalnog, novog \u017eivotnog stila mladih. Dapa\u010de, svoju studiju su i naslovile kao volonterski \u201ebijeg u stvarnost\u201c, \u017eele\u0107i naglasiti kako je ipak jo\u0161 uvijek rije\u010d o \u201ebijegu\u201c, a ne o le\u017eernoj mladena\u010dkoj (volonterskoj) sceni na kojoj bi se mladi zabavljali, u\u017eivali i veselili. Ti mladi jo\u0161 uvijek ne osje\u0107aju povratnu snagu vlastitog humanitarnog djelovanja.<br \/>Autorice preporu\u010duju nu\u017eno i sustavno ja\u010danje dru\u0161tvenih mehanizama kojima bi se volonterska korisnost efikasnije, kon\u00adkretnije i manifestnije iskazivala u razli\u010ditim kulturolo\u0161kim i sli\u010dnim drugim formama u kojima \u017eive, rade i djeluju odrasli. U takvoj dru\u0161tvenoj projekciji, predvi\u0111aju da bi volonterstvo mo-glo pripomo\u0107i u dokidanju ili afirmiranju dokidanja spolnih, et-ni\u010dkih i niza drugih razli\u010ditosti i nepravdi. Volonterstvo stoga treba poticati u hrvatskom dru\u0161tvu, kojega jo\u0161 uvijek karakterizi\u00adraju nesvjesnost ve\u0107ine o stvarnim vrijednostima rada, prakti\u010d-na nerazvijenost svijesti o potrebi da se neprestano, intenzivno i svakodnevno poma\u017ee onima kojima je to potrebno, uz istovre-menu za\u0161titu prava djece, mladih i odraslih.<br \/>Nakon \u0161to se hrvatsko dru\u0161tvo reformira \u2013 socijalno, politi\u010dki, obrazovno i vrijednosno \u2013 stvorit \u0107e se okru\u017eje iz kojega mladi ne\u0107e bje\u017eati, ve\u0107 \u0107e ga stvarateljski neprestano transformirati. Temeljni dru\u0161tveni prostor u kojem se bude afirmiralo volonterstvo vjerojatno \u0107e onda zahtijevati i zna\u010dajniji dru\u0161tveni anga\u017eman mladih.<\/p>\n<p><strong>Bilje\u0161ka o autoricama:<\/strong><br \/>An\u010di Leburi\u0107, redovna je profesorica na katedri sociolo\u0161ke metodologije, Odsjeka za sociologiju Filozofskog fakulteta u Splitu. Objavljuje znanstvene radove iz metodologije dru\u0161tvenih i humanisti\u010dkih istra\u017eivanja, te empirijske studije iz posebnih sociologija. Nositeljica je kolegija na preddiplomskim, diplomskim i doktorskim studijima u zemlji i inozemstvu. Urednica je nekoliko biblioteka u kojima se objavljuju metodolo\u0161ke i sociolo\u0161ke studije. Vodi i sudjeluje u me\u0111unarodnim projektima u kojima se istra\u017euju razvojne, kulturolo\u0161ke, medijske, socijalno-ekolo\u0161ke, urbane i dr. teme. <br \/>\u010clanica je nekoliko stru\u010dnih asocijacija, te predsjednica Splitske podru\u017enice Hrvatskoga sociolo\u0161kog dru\u0161tva od 2006 god. <\/p>\n<p><strong>e-mail:<\/strong> <a href=\"mailto:anci@ffst.hr\">An\u010di Leburi\u0107<\/a><br \/><strong>web:<\/strong> <a href=\"http:\/\/www.ancileburic.com\" target=\"_blank\" rel=\"noopener\">www.ancileburic.com<br \/><\/a><\/p>\n<p>Ada Rei\u0107, diplomirala je na Filozofskom fakultetu u Splitu, 2006. godine i stekla stru\u010dno zvanje odgajateljice pred\u0161kolske djece. Objavila je znanstveni rad u zborniku radova \u00abV. dani osnovne \u0161kole\u00bb na temu Dru\u0161tveni ugled odgajatelja i nekoliko metodolo\u0161kih eseja.<br \/>Trenuta\u010dno je apsolventica Odsjeka za sociologiju Filozofskog fakulteta u Splitu. \u010clanica je Hrvatskog sociolo\u0161koga dru\u0161tva i sudjelovala je na Nacionalnom sociolo\u0161kom kongresu u Splitu 2007. s temom Vidljivost sociologije kao discipline u djelatnosti socijalne skrbi. <br \/>Objavila je u suautorstvu s prof. dr. An\u010di Leburi\u0107 i Goranom Bandalovi\u0107, asistenticom (2008) empirijsku studiju \u201cVolonterstvo mladih kao bijeg u stvarnost: Akcijsko istra\u017eivanje\u201d.<\/p>\n<p><strong>e-mail: <\/strong><a href=\"mailto:ada.reic@gmail.com\">Ada Rei\u0107<\/a><\/p>\n<p>Gorana Bandalovi\u0107, ro\u0111ena 1978. u Splitu. Diplomirala je na Filozofskom fakultetu Sveu\u010dili\u0161ta u Zadru (2004) na Odsjeku za sociologiju. Zaposlena je kao asistentica na Odsjeku za sociologiju Filozofskog fakulteta Sveu\u010dili\u0161ta u Splitu. <br \/>Objavljuje znanstvene radove, te empirijske studije iz posebnih sociologija. <br \/>Suautorica je knjiga: Volonterstvo mladih kao bijeg u stvarnost: akcijsko istra\u017eivanje (Istra\u017ei-va\u010dke studije, knjiga br. 4. Split: Redak, 2008.); Socioklimatski utjecaji na suvremeno \u017eivljenje: sociolo\u0161ko istra\u017eivanje stanovnika Hrvatske (Istra\u017eiva\u010dke studije, knjiga br. 2., Split: Redak, 2008.);<br \/>\u010clanica je Hrvatskog sociolo\u0161kog dru\u0161tva.<\/p>\n<p><strong>e-mail: <\/strong><a href=\"mailto:gbandalo@ffst.hr\">Gorana Bandalovi\u0107<\/a><\/p>\n<p><strong>Naslov:<\/strong> VOLONTERSTVO MLADIH KAO BIJEG U STVARNOST<br \/><strong>Autor: <\/strong>An\u010di Leburi\u0107, Ada Rei\u0107, Gorana Bandalovi\u0107<br \/><strong>Broj stranica:<\/strong> 128<br \/><strong>Nakladnik:<\/strong> Redak<br \/><strong>Godina izdanja:<\/strong> 2008<br \/><strong>ISBN:<\/strong> 978-953-7595-00-5<br \/><strong>Tisak:<\/strong> digitalni tisak knjiga &#8211; print na zahtjev<\/p>\n","protected":false},"excerpt":{"rendered":"<p>Akcijsko istra\u017eivanje (2008) An\u010di Leburi\u0107, Ada Rei\u0107, Gorana Bandalovi\u0107<br \/>\n<br \/>\n<i><b>Voluntary Work of the Youth as an Escape to Reality: Action Research<\/b><\/i><br \/>\n<br \/>Znanstvena monografija &#8211; empirijska studija<\/p>\n","protected":false},"featured_media":7256,"comment_status":"open","ping_status":"closed","template":"","meta":{"_acf_changed":false},"product_brand":[],"product_cat":[1539],"product_tag":[],"class_list":{"0":"post-7255","1":"product","2":"type-product","3":"status-publish","4":"has-post-thumbnail","6":"product_cat-sveucilisni-udzbenici-i-prirucnici","7":"pa_nakladnik-redak","9":"first","10":"instock","11":"shipping-taxable","12":"purchasable","13":"product-type-simple"},"acf":[],"yoast_head":"<!-- This site is optimized with the Yoast SEO plugin v27.3 - https:\/\/yoast.com\/product\/yoast-seo-wordpress\/ -->\n<title>VOLONTERSTVO MLADIH KAO BIJEG U STVARNOST (2008) - Web-knji\u017eara<\/title>\n<meta name=\"robots\" content=\"index, follow, max-snippet:-1, max-image-preview:large, max-video-preview:-1\" \/>\n<link rel=\"canonical\" href=\"https:\/\/webknjizara.hr\/proizvod\/volonterstvo-mladih-kao-bijeg-u-stvarnost-2008\/\" \/>\n<meta property=\"og:locale\" content=\"en_US\" \/>\n<meta property=\"og:type\" content=\"article\" \/>\n<meta property=\"og:title\" content=\"VOLONTERSTVO MLADIH KAO BIJEG U STVARNOST (2008) - Web-knji\u017eara\" \/>\n<meta property=\"og:description\" content=\"Akcijsko istra\u017eivanje (2008) An\u010di Leburi\u0107, Ada Rei\u0107, Gorana Bandalovi\u0107  Voluntary Work of the Youth as an Escape to Reality: Action Research Znanstvena monografija - empirijska studija\" \/>\n<meta property=\"og:url\" content=\"https:\/\/webknjizara.hr\/proizvod\/volonterstvo-mladih-kao-bijeg-u-stvarnost-2008\/\" \/>\n<meta property=\"og:site_name\" content=\"Web-knji\u017eara\" \/>\n<meta property=\"article:modified_time\" content=\"2023-02-26T23:15:25+00:00\" \/>\n<meta property=\"og:image\" content=\"https:\/\/webknjizara.hr\/wp-content\/uploads\/nc\/images\/virtuemart\/product\/volonterstvo-mla-4cb7098fa7865.jpg\" \/>\n\t<meta property=\"og:image:width\" content=\"283\" \/>\n\t<meta property=\"og:image:height\" content=\"401\" \/>\n\t<meta property=\"og:image:type\" content=\"image\/jpeg\" \/>\n<meta name=\"twitter:card\" content=\"summary_large_image\" \/>\n<meta name=\"twitter:label1\" content=\"Est. reading time\" \/>\n\t<meta name=\"twitter:data1\" content=\"6 minutes\" \/>\n<script type=\"application\/ld+json\" class=\"yoast-schema-graph\">{\"@context\":\"https:\\\/\\\/schema.org\",\"@graph\":[{\"@type\":\"WebPage\",\"@id\":\"https:\\\/\\\/webknjizara.hr\\\/proizvod\\\/volonterstvo-mladih-kao-bijeg-u-stvarnost-2008\\\/\",\"url\":\"https:\\\/\\\/webknjizara.hr\\\/proizvod\\\/volonterstvo-mladih-kao-bijeg-u-stvarnost-2008\\\/\",\"name\":\"VOLONTERSTVO MLADIH KAO BIJEG U STVARNOST (2008) - Web-knji\u017eara\",\"isPartOf\":{\"@id\":\"https:\\\/\\\/webknjizara.hr\\\/#website\"},\"primaryImageOfPage\":{\"@id\":\"https:\\\/\\\/webknjizara.hr\\\/proizvod\\\/volonterstvo-mladih-kao-bijeg-u-stvarnost-2008\\\/#primaryimage\"},\"image\":{\"@id\":\"https:\\\/\\\/webknjizara.hr\\\/proizvod\\\/volonterstvo-mladih-kao-bijeg-u-stvarnost-2008\\\/#primaryimage\"},\"thumbnailUrl\":\"https:\\\/\\\/webknjizara.hr\\\/wp-content\\\/uploads\\\/nc\\\/images\\\/virtuemart\\\/product\\\/volonterstvo-mla-4cb7098fa7865.jpg\",\"datePublished\":\"2009-12-03T14:20:28+00:00\",\"dateModified\":\"2023-02-26T23:15:25+00:00\",\"breadcrumb\":{\"@id\":\"https:\\\/\\\/webknjizara.hr\\\/proizvod\\\/volonterstvo-mladih-kao-bijeg-u-stvarnost-2008\\\/#breadcrumb\"},\"inLanguage\":\"en-US\",\"potentialAction\":[{\"@type\":\"ReadAction\",\"target\":[\"https:\\\/\\\/webknjizara.hr\\\/proizvod\\\/volonterstvo-mladih-kao-bijeg-u-stvarnost-2008\\\/\"]}]},{\"@type\":\"ImageObject\",\"inLanguage\":\"en-US\",\"@id\":\"https:\\\/\\\/webknjizara.hr\\\/proizvod\\\/volonterstvo-mladih-kao-bijeg-u-stvarnost-2008\\\/#primaryimage\",\"url\":\"https:\\\/\\\/webknjizara.hr\\\/wp-content\\\/uploads\\\/nc\\\/images\\\/virtuemart\\\/product\\\/volonterstvo-mla-4cb7098fa7865.jpg\",\"contentUrl\":\"https:\\\/\\\/webknjizara.hr\\\/wp-content\\\/uploads\\\/nc\\\/images\\\/virtuemart\\\/product\\\/volonterstvo-mla-4cb7098fa7865.jpg\",\"width\":283,\"height\":401,\"caption\":\"VOLONTERSTVO MLADIH KAO BIJEG U STVARNOST (2008)\"},{\"@type\":\"BreadcrumbList\",\"@id\":\"https:\\\/\\\/webknjizara.hr\\\/proizvod\\\/volonterstvo-mladih-kao-bijeg-u-stvarnost-2008\\\/#breadcrumb\",\"itemListElement\":[{\"@type\":\"ListItem\",\"position\":1,\"name\":\"Po\u010detna stranica\",\"item\":\"https:\\\/\\\/webknjizara.hr\\\/en\\\/\"},{\"@type\":\"ListItem\",\"position\":2,\"name\":\"Shop\",\"item\":\"https:\\\/\\\/webknjizara.hr\\\/shop\\\/\"},{\"@type\":\"ListItem\",\"position\":3,\"name\":\"VOLONTERSTVO MLADIH KAO BIJEG U STVARNOST (2008)\"}]},{\"@type\":\"WebSite\",\"@id\":\"https:\\\/\\\/webknjizara.hr\\\/#website\",\"url\":\"https:\\\/\\\/webknjizara.hr\\\/\",\"name\":\"Web Knji\u017eara\",\"description\":\"\",\"publisher\":{\"@id\":\"https:\\\/\\\/webknjizara.hr\\\/#organization\"},\"potentialAction\":[{\"@type\":\"SearchAction\",\"target\":{\"@type\":\"EntryPoint\",\"urlTemplate\":\"https:\\\/\\\/webknjizara.hr\\\/?s={search_term_string}\"},\"query-input\":{\"@type\":\"PropertyValueSpecification\",\"valueRequired\":true,\"valueName\":\"search_term_string\"}}],\"inLanguage\":\"en-US\"},{\"@type\":\"Organization\",\"@id\":\"https:\\\/\\\/webknjizara.hr\\\/#organization\",\"name\":\"REDAK D.O.O.\",\"url\":\"https:\\\/\\\/webknjizara.hr\\\/\",\"logo\":{\"@type\":\"ImageObject\",\"inLanguage\":\"en-US\",\"@id\":\"https:\\\/\\\/webknjizara.hr\\\/#\\\/schema\\\/logo\\\/image\\\/\",\"url\":\"https:\\\/\\\/webknjizara.hr\\\/wp-content\\\/uploads\\\/2023\\\/01\\\/web-knjizara-logo.webp\",\"contentUrl\":\"https:\\\/\\\/webknjizara.hr\\\/wp-content\\\/uploads\\\/2023\\\/01\\\/web-knjizara-logo.webp\",\"width\":324,\"height\":79,\"caption\":\"REDAK D.O.O.\"},\"image\":{\"@id\":\"https:\\\/\\\/webknjizara.hr\\\/#\\\/schema\\\/logo\\\/image\\\/\"}}]}<\/script>\n<!-- \/ Yoast SEO plugin. -->","yoast_head_json":{"title":"VOLONTERSTVO MLADIH KAO BIJEG U STVARNOST (2008) - Web-knji\u017eara","robots":{"index":"index","follow":"follow","max-snippet":"max-snippet:-1","max-image-preview":"max-image-preview:large","max-video-preview":"max-video-preview:-1"},"canonical":"https:\/\/webknjizara.hr\/proizvod\/volonterstvo-mladih-kao-bijeg-u-stvarnost-2008\/","og_locale":"en_US","og_type":"article","og_title":"VOLONTERSTVO MLADIH KAO BIJEG U STVARNOST (2008) - Web-knji\u017eara","og_description":"Akcijsko istra\u017eivanje (2008) An\u010di Leburi\u0107, Ada Rei\u0107, Gorana Bandalovi\u0107  Voluntary Work of the Youth as an Escape to Reality: Action Research Znanstvena monografija - empirijska studija","og_url":"https:\/\/webknjizara.hr\/proizvod\/volonterstvo-mladih-kao-bijeg-u-stvarnost-2008\/","og_site_name":"Web-knji\u017eara","article_modified_time":"2023-02-26T23:15:25+00:00","og_image":[{"width":283,"height":401,"url":"https:\/\/webknjizara.hr\/wp-content\/uploads\/nc\/images\/virtuemart\/product\/volonterstvo-mla-4cb7098fa7865.jpg","type":"image\/jpeg"}],"twitter_card":"summary_large_image","twitter_misc":{"Est. reading time":"6 minutes"},"schema":{"@context":"https:\/\/schema.org","@graph":[{"@type":"WebPage","@id":"https:\/\/webknjizara.hr\/proizvod\/volonterstvo-mladih-kao-bijeg-u-stvarnost-2008\/","url":"https:\/\/webknjizara.hr\/proizvod\/volonterstvo-mladih-kao-bijeg-u-stvarnost-2008\/","name":"VOLONTERSTVO MLADIH KAO BIJEG U STVARNOST (2008) - Web-knji\u017eara","isPartOf":{"@id":"https:\/\/webknjizara.hr\/#website"},"primaryImageOfPage":{"@id":"https:\/\/webknjizara.hr\/proizvod\/volonterstvo-mladih-kao-bijeg-u-stvarnost-2008\/#primaryimage"},"image":{"@id":"https:\/\/webknjizara.hr\/proizvod\/volonterstvo-mladih-kao-bijeg-u-stvarnost-2008\/#primaryimage"},"thumbnailUrl":"https:\/\/webknjizara.hr\/wp-content\/uploads\/nc\/images\/virtuemart\/product\/volonterstvo-mla-4cb7098fa7865.jpg","datePublished":"2009-12-03T14:20:28+00:00","dateModified":"2023-02-26T23:15:25+00:00","breadcrumb":{"@id":"https:\/\/webknjizara.hr\/proizvod\/volonterstvo-mladih-kao-bijeg-u-stvarnost-2008\/#breadcrumb"},"inLanguage":"en-US","potentialAction":[{"@type":"ReadAction","target":["https:\/\/webknjizara.hr\/proizvod\/volonterstvo-mladih-kao-bijeg-u-stvarnost-2008\/"]}]},{"@type":"ImageObject","inLanguage":"en-US","@id":"https:\/\/webknjizara.hr\/proizvod\/volonterstvo-mladih-kao-bijeg-u-stvarnost-2008\/#primaryimage","url":"https:\/\/webknjizara.hr\/wp-content\/uploads\/nc\/images\/virtuemart\/product\/volonterstvo-mla-4cb7098fa7865.jpg","contentUrl":"https:\/\/webknjizara.hr\/wp-content\/uploads\/nc\/images\/virtuemart\/product\/volonterstvo-mla-4cb7098fa7865.jpg","width":283,"height":401,"caption":"VOLONTERSTVO MLADIH KAO BIJEG U STVARNOST (2008)"},{"@type":"BreadcrumbList","@id":"https:\/\/webknjizara.hr\/proizvod\/volonterstvo-mladih-kao-bijeg-u-stvarnost-2008\/#breadcrumb","itemListElement":[{"@type":"ListItem","position":1,"name":"Po\u010detna stranica","item":"https:\/\/webknjizara.hr\/en\/"},{"@type":"ListItem","position":2,"name":"Shop","item":"https:\/\/webknjizara.hr\/shop\/"},{"@type":"ListItem","position":3,"name":"VOLONTERSTVO MLADIH KAO BIJEG U STVARNOST (2008)"}]},{"@type":"WebSite","@id":"https:\/\/webknjizara.hr\/#website","url":"https:\/\/webknjizara.hr\/","name":"Web Knji\u017eara","description":"","publisher":{"@id":"https:\/\/webknjizara.hr\/#organization"},"potentialAction":[{"@type":"SearchAction","target":{"@type":"EntryPoint","urlTemplate":"https:\/\/webknjizara.hr\/?s={search_term_string}"},"query-input":{"@type":"PropertyValueSpecification","valueRequired":true,"valueName":"search_term_string"}}],"inLanguage":"en-US"},{"@type":"Organization","@id":"https:\/\/webknjizara.hr\/#organization","name":"REDAK D.O.O.","url":"https:\/\/webknjizara.hr\/","logo":{"@type":"ImageObject","inLanguage":"en-US","@id":"https:\/\/webknjizara.hr\/#\/schema\/logo\/image\/","url":"https:\/\/webknjizara.hr\/wp-content\/uploads\/2023\/01\/web-knjizara-logo.webp","contentUrl":"https:\/\/webknjizara.hr\/wp-content\/uploads\/2023\/01\/web-knjizara-logo.webp","width":324,"height":79,"caption":"REDAK D.O.O."},"image":{"@id":"https:\/\/webknjizara.hr\/#\/schema\/logo\/image\/"}}]}},"_links":{"self":[{"href":"https:\/\/webknjizara.hr\/en\/wp-json\/wp\/v2\/product\/7255","targetHints":{"allow":["GET"]}}],"collection":[{"href":"https:\/\/webknjizara.hr\/en\/wp-json\/wp\/v2\/product"}],"about":[{"href":"https:\/\/webknjizara.hr\/en\/wp-json\/wp\/v2\/types\/product"}],"replies":[{"embeddable":true,"href":"https:\/\/webknjizara.hr\/en\/wp-json\/wp\/v2\/comments?post=7255"}],"wp:featuredmedia":[{"embeddable":true,"href":"https:\/\/webknjizara.hr\/en\/wp-json\/wp\/v2\/media\/7256"}],"wp:attachment":[{"href":"https:\/\/webknjizara.hr\/en\/wp-json\/wp\/v2\/media?parent=7255"}],"wp:term":[{"taxonomy":"product_brand","embeddable":true,"href":"https:\/\/webknjizara.hr\/en\/wp-json\/wp\/v2\/product_brand?post=7255"},{"taxonomy":"product_cat","embeddable":true,"href":"https:\/\/webknjizara.hr\/en\/wp-json\/wp\/v2\/product_cat?post=7255"},{"taxonomy":"product_tag","embeddable":true,"href":"https:\/\/webknjizara.hr\/en\/wp-json\/wp\/v2\/product_tag?post=7255"}],"curies":[{"name":"wp","href":"https:\/\/api.w.org\/{rel}","templated":true}]}}