{"id":7157,"date":"2009-12-03T14:02:47","date_gmt":"2009-12-03T14:02:47","guid":{"rendered":"https:\/\/webknjizara.hr\/?product=pogledi-na-bolognu-s-filozofskog-fakulteta-u-splitu-2007"},"modified":"2023-02-27T00:15:18","modified_gmt":"2023-02-26T23:15:18","slug":"pogledi-na-bolognu-s-filozofskog-fakulteta-u-splitu-2007","status":"publish","type":"product","link":"https:\/\/webknjizara.hr\/en\/proizvod\/pogledi-na-bolognu-s-filozofskog-fakulteta-u-splitu-2007\/","title":{"rendered":"POGLEDI NA BOLOGNU S FILOZOFSKOG FAKULTETA U SPLITU (2007)"},"content":{"rendered":"<p style=\"text-align: justify;\">\u00a0<\/p>\n<p style=\"text-align: justify;\"><strong>Sa\u017eetak:<\/strong><br \/>Studija pod naslovom \u201ePogledi na Bolognu s Filozofskog fakulteta u Splitu\u201c \u010dije su autorice An\u010di Leburi\u0107 i Sanja \u010curkovi\u0107-Kalebi\u0107, autor Ivan Peri\u0107, te Katarina Konsa i Marijana An\u010di\u0107 predstavlja rezultate institucijskog istra\u017eivanja koje je realizirano tijekom 2006. godine. Nakon \u0161to su se izlo\u017eile temeljne odrednice i ciljevi visokoobrazovne reforme u Republici Hrvatskoj, a koja je promovirana pod sintagmom \u201eimplementacija Bologne\u201c, u studiji se prikazuju u\u010dinci toga procesa ve\u0107 tijekom prve godine njegove provedbe na Filozofskom fakultetu u Splitu. Prikazuju se svi postoje\u0107i studiji, njihovi studentski kapaciteti i organizacija nastavnoga procesa sa svim detaljima koji je prate \u2013 od na\u010delne strukture nastavnih predmeta i bodovnog ECTS sustava do analize uspje\u0161nosti polo\u017eenih ispita i ostvarenih bodova u prvom semestru akademske godine 2005.\/2006.<br \/>U metodolo\u0161ki pomno planiranom institucijskom istra\u017eivanju kvalitete studija na Filozofskom fakultetu u Splitu artikuliran je sociolo\u0161ki pristup. Temeljni cilj ovoga empirijskog projekta bio je utvrditi jesu li i u kojoj mjeri ostvareni utjecaji Bolonjske deklaracije tijekom njezine implementacije u nastavne programe i planove svih studijskih grupa. Stoga su u opse\u017enom anketnom istra\u017eivanju primijenjena \u010detiri (4) razli\u010dita pismena upitnika, namijenjena razli\u010ditim skupinama ispitanika\/-ca. To su bili studenti, nastavnici i osoblje koje je po prirodi svojega posla u izravnom kontaktu s prethodnim dvjema ispitivanim skupinama respondenata.<br \/>U studiji se ilustriraju stvarni u\u010dinci i posljedice reformiranja nastavnih i studijskih programa, \u0161to je podrazumijevalo baratati konkretnim stavovima i (pro)cjenama ispitanika i ispitanica koji su bili vezani uz niz istra\u017eiva\u010dkih aspekata. Stoga je taj proces ispitivanja mogu\u0107e odrediti kao quality assessment (QA) i u tom ga kontekstu tretirati evaluacijskim. To zna\u010di da se u tom kontekstu nisu propitivali dojmovi, percepcije ili \u017eelje i potrebe ispitanika\/-ca, ve\u0107 njihove konkretne interakcije, stupnjevane (prema razli\u010ditim stupnjevima intenziteta) i valorizirane (na metrijski valjane na\u010dine).<br \/>Temeljna istra\u017eiva\u010dka metoda bila je strukturirani intervju, kombiniran s metodom ankete. Terenska faza istra\u017eivanja realizirana je tijekom travnja i svibnja 2006. godine i to nakon zavr\u0161etka ispitnih rokova i poslije zimskoga semestra. Na razli\u010ditim metodolo\u0161kim razinama ispitivane su i mjerene sociodemografske, obrazovne, interakcijske i kulturolo\u0161ke varijable, a distribuirale su se na individualnoj, kolektivnoj i dru\u0161tvenoj istra\u017eiva\u010dkoj razini. Na studijskoj razini, koja je podrazumijevala fakultetsku, odnosno razinu odsjeka, ispitivani su aspekti implementacije Bologne, te varijabla kvalitete (QA).<br \/>Istra\u017eiva\u010dki se uzorak sastojao od svih studenata\/-ica Filozofskog fakulteta u Splitu koji su u akademskoj godini 2005.\/2006. odslu\u0161ali prvi semestar studija, a \u010dinila su ga ukupno 444 studenta i studentice, koji su tada bili\/-e bruco\u0161i\/-ce na FF-u u Splitu i svi su studirali na ukupno devet (9) preddiplomskih studija. Od planiranih intervjua sa studentima i studenticama ostvareno ih je samo 73%, a od onih planiranih s nastavnicima\/-cama ostvareno je samo njih 60%, \u0161to su autorice ocijenile nazadovoljavaju\u0107im. Skupinu osoblja \u010dinili su zaposlenici\/e studentskih slu\u017ebi, fakultetske knji\u017enice i informati\u010dke slu\u017ebe Fakulteta i svi su se oni u 100%-nom obujmu odazvali istra\u017eivanju.<br \/>Nakon detaljne analize sociodemografskih obilje\u017eja ispitanika i ispitanica u studiji se u daljem tekstu iznose empirijske generalizacije dobivene obradom rezultata svih \u010detiriju anketnih istra\u017eivanja. Autorice su, naime, njihove empirijske segmente u interpretacijskoj fazi me\u0111usobno integrirale i povezale u skladnu (interpretativnu) cjelinu. Nastoje\u0107i razumjeti i objasniti, a ne samo predstaviti dobivene empirijske nalaze, elaboriraju se prosje\u010dne studentske percepcije zajedno s deskripcijama studentskog i nastavni\u010dkog pona\u0161anja i djelovanja. Zapravo, u \u010ditavoj se studiji interpretacijski isprepli\u0107u prikazi mi\u0161ljenja, stavova i ocjena i studentske populacije i ostalih sudionika i sudionica nastavnoga procesa (profesora, nastavnika, suradnika), ali i ostaloga osoblja (iz studentskih slu\u017ebi, knji\u017enica i informati\u010dke slu\u017ebe), bez \u010dijega bi udjela de facto bilo nemogu\u0107e organizirati i efikasno provoditi reformske zahtjeve uvezene Bologne.<br \/>U preporukama istra\u017eiva\u010dica i istra\u017eiva\u010da evidentan je poku\u0161aj da se na koncizan, jasan i pregledan na\u010din iznesu prijedlozi kojima bi se u fakultetskom okru\u017eju moglo efikasnije djelovati, posebno u razvojnom smislu. Tako bi se na temelju istra\u017eiva\u010dkih rezultata ubudu\u0107e funkcioniralo primjerenije onome ili u u\u017eoj korelaciji s onim \u0161to uistinu Fakultet kao takav posjeduje u svim mogu\u0107im smislovima koji interferiraju s izvo\u0111enjem nastave, ali i \u0161ire sa studentskim \u017eivotom i radom.<br \/>Konstatira se da \u0107e uklju\u010divanje svih profesora, asistenata i suradnika u procese evaluacije nastave biti dugotrajan i slo\u017een posao. Stoga autori studije smatraju da \u0107e dru\u0161tvenost toga procesa uvjetovati, ali i razvijati su\u0161tinu i kvalitetu sveu\u010dili\u0161ne istra\u017eiva\u010dke kulture u Splitu. Isti\u010du kako je vrlo va\u017eno da se osim (1) planiranja, oblikovanja i provedbe evaluacija svi dobrovoljno i afirmativno uklju\u010duju u (2) izvje\u0161tavanje, interpretiranje i raspravljanje o rezultatima evaluacija, te da konstruktivno (3) dogovaraju i programiraju kori\u0161tenje evaluacijskih rezultata. Iako je nastavni\u010dki kadar na Filozofskom fakultetu u Splitu ocijenjen visokim ocjenama, ipak bi bilo nu\u017eno na razini fakultetskih odsjeka javno raspraviti dobivene nalaze, te donijeti konkretne odluke o njihovu kori\u0161tenju. Primjenjivost istra\u017eiva\u010dkih spoznaja i istra\u017eiva\u010dkih rezultata zapravo je bio jedan od klju\u010dnih ciljeva ovoga institucijskog istra\u017eivanja.<br \/>Dalje se predla\u017eu razne aktivnosti na temelju kojih bi se adekvatnije izra\u0111ivali i razvijali institucijski mehanizmi za pra\u0107enje kvalitete, s usporednim determiniranjem mehanizama podizanja razine odgovornosti svih subjekata nastavnog procesa. Istovremeno se na taj na\u010din sugeriraju i mogu\u0107nosti planiranja plodonosnijih i svrhovitijih evaluacija. Zanimljiv je u tom kontekstu stav autorica o nu\u017enosti razvijanja istra\u017eiva\u010dkih mehanizama koji \u0107e dokidati stereotipe o evaluaciji kao sinonimu kontrole, cenzure, mo\u0107i, sankcija, poni\u017eavanja, obrane, konflikata itd. Name\u0107e se, prema tome, stav po kojem bi evaluacijski proces svakako bio inicijator i promotor intenziviranja zajedni\u0161tva fakultetskog bi\u0107a. Taj entitet svakako karakterizira pluralnost i vi\u0161estruko dimenzionirana sadr\u017eajnost.<br \/>Na kraju studije nalazi se vrlo bogata, sistematizirana i relevantno tabli\u010dno i grafi\u010dki prikazana sva raspolo\u017eiva empirijska gra\u0111a iz ovoga institucijskog istra\u017eivanja. Osim \u0161to se u cijelosti predstavljaju svi empirijski (anketni) podaci, u prilozima su dani i svi relevantni metodolo\u0161ki aspekti kako bi se javnosti \u0161to kompletnije predstavili svi kori\u0161teni metodolo\u0161ki postupci i tehnike.<\/p>\n<p><strong><br \/>Bilje\u0161ka o autorima:<\/strong><br \/><strong>An\u010di Leburi\u0107<\/strong>, redovna je profesorica na katedri sociolo\u0161ke metodologije, Odsjeka za sociologiju Filozofskog fakulteta u Splitu. Objavljuje znanstvene radove iz metodologije dru\u0161tvenih i humanisti\u010dkih istra\u017eivanja, te empirijske studije iz posebnih sociologija. Nositeljica je kolegija na preddiplomskim, diplomskim i doktorskim studijima u zemlji i inozemstvu. Urednica je nekoliko biblioteka u kojima se objavljuju metodolo\u0161ke i sociolo\u0161ke studije. Vodi i sudjeluje u me\u0111unarodnim projektima u kojima se istra\u017euju razvojne, kulturolo\u0161ke, medijske, socijalno-ekolo\u0161ke, urbane i dr. teme. <br \/>\u010clanica je nekoliko stru\u010dnih asocijacija, te predsjednica Splitske podru\u017enice Hrvatskoga sociolo\u0161kog dru\u0161tva od 2006 god. <br \/><strong><br \/>e-mail:<\/strong> <a href=\"mailto:anci@ffst.hr\">An\u010di Leburi\u0107<\/a><br \/><strong>web:<\/strong> <a href=\"http:\/\/www.ancileburic.com\" target=\"_blank\" rel=\"noopener\">www.ancileburic.com <br \/><\/a><strong><br \/>Sanja \u010curkovi\u0107 Kalebi\u0107<\/strong>, redovna je profesorica na Odsjeku za engleski jezik i knji\u017eevnost Filozofskog fakulteta u Splitu. Istra\u017euje u podru\u010dju usvajanja drugog jezika, analize diskursa, obrazovanja i usavr\u0161avanja nastavnika te jezika struke. Glavna je istra\u017eiva\u010dica na projektima koje je odobrilo Ministarstvo znanosti, obrazovanja i \u0161porta te suradnica na nekoliko doma\u0107ih i me\u0111unarodnih projekata. Autorica je priru\u010dnika Jezik i dru\u0161tvena situacija &#8211; istra\u017eivanje govora u nastavi stranog jezika (Zagreb, \u0160kolska knjiga, 2003) i oko \u010detrdeset znanstvenih radova koji su objavljeni u doma\u0107im i inozemnim publikacijama. <br \/>\u010clanica je nekoliko doma\u0107ih i me\u0111unarodnih stru\u010dnih udruga.<\/p>\n<p><strong>e-mail:<\/strong> <a href=\"mailto:skalebic@ffst.hr\">Sanja \u010curkovi\u0107 Kalebi\u0107<\/a><\/p>\n<p><strong>Ivan Peri\u0107<\/strong>, ro\u0111en 1984. godine u Splitu. Zavr\u0161io je osnovnu \u0161kolu u Omi\u0161u, a srednju Grafi\u010dku \u0161kolu (smjer: Tehni\u010dki urednik) u Splitu. Trenuta\u010dno je student II. godine diplomskog studija jednopredmetne sociologije, istra\u017eiva\u010dkoga smjera na Filozofskom fakultetu Sveu\u010dili\u0161ta u Splitu. <br \/>Sudjelovao je u raznim sociolo\u0161kim istra\u017eivanjima. Suautor je knjige Pogledi na Bolognu s Filozofskog fakulteta u Splitu (Redak, Split). Objavio je nekoliko metodolo\u0161kih eseja. Radio je zavr\u0161ni rad (preddiplomskog studija) na temu Profiliranje Umjetni\u010dkih Identiteta. Bio je demonstrator iz nekoliko kolegija.<\/p>\n<p><strong>e-mail:<\/strong> <a href=\"mailto:ivanperic2002@yahoo.com\">Ivan Peri\u0107<\/a><\/p>\n<p><strong>Katarina Konsa<\/strong>, studentica diplomskog studija sociologije na Odsjeku za sociologiju Filozofskog fakulteta u Splitu. Suatorica je dvije empirijske studije. <br \/>Sura\u0111ivala je kao anketarka i intervjuerka u nekoliko sociolo\u0161kih istra\u017eivanja. <br \/>Bila je demonstratorica na Odsjeku za sociologiju. Bavi se sociologijom braka i obitelji. <br \/>\u010clanica je Hrvatskog sociolo\u0161kog dru\u0161tva.<\/p>\n<p><strong>e-mail: <\/strong><a href=\"mailto:katarina0606@net.hr\">Katarina Konsa<\/a><\/p>\n<p><strong>Marijana An\u010di\u0107<\/strong>, studentica jednopredmetne sociologije istra\u017eiva\u010dkog usmjerenja na Odsjeku za sociologiju Filozofskog fakulteta Sveu\u010dili\u0161ta u Splitu i apsolventica na Vi\u0161oj ekonomskoj \u0161koli, smjer marketing. <br \/>Sura\u0111ivala je kao anketarka \/ intervjuerka u sociolo\u0161kom istra\u017eivanju Cards 2002- Gospodarenje otpadom u \u017eupanijama Dalmacije u 2005.\/2006. godini, i dr. Objavila je nekoliko metodolo\u0161kih eseja (vidi: ovdje)\u00a0 <br \/>\u010clanica je Hrvatskoga sociolo\u0161kog dru\u0161tva.<br \/><strong><br \/>e-mail:<\/strong> <a href=\"mailto:maranc@ffst.hr\">Marijana An\u010di\u0107 <\/a><\/p>\n<p><strong>Naslov: <\/strong>POGLEDI NA BOLOGNU S FILOZOFSKOG FAKULTETA U SPLITU<br \/><strong>Autor:<\/strong> An\u010di Leburi\u0107, Sanja \u010curkovi\u0107-Kalebi\u0107, Ivan Peri\u0107, Katarina Konsa, Marijana An\u010di\u0107<br \/><strong>Broj stranica:<\/strong> 150<br \/><strong>Nakladnik:<\/strong> Redak<br \/><strong>Godina izdanja: <\/strong>2007.<br \/><strong>ISBN:<\/strong> 978-953-99193-6-6<br \/><strong>Prilog:<\/strong> CD s tabli\u010dnim i grafi\u010dkim prilozima<br \/><strong>Tisak:<\/strong> digitalni tisak knjiga &#8211; print na zahtjev<\/p>\n","protected":false},"excerpt":{"rendered":"<p>An\u010di Leburi\u0107, Sanja \u010curkovi\u0107-Kalebi\u0107, Ivan Peri\u0107, Katarina Konsa, Marijana An\u010di\u0107<br \/>\n<br \/>\n<i><b>Views on Bologna from the Faculty of Philosophy in Split<\/b><\/i><br \/>\n<br \/>Znanstvena monografija &#8211; empirijska studija<\/p>\n","protected":false},"featured_media":7158,"comment_status":"open","ping_status":"closed","template":"","meta":{"_acf_changed":false},"product_brand":[],"product_cat":[1539],"product_tag":[],"class_list":{"0":"post-7157","1":"product","2":"type-product","3":"status-publish","4":"has-post-thumbnail","6":"product_cat-sveucilisni-udzbenici-i-prirucnici","7":"pa_nakladnik-redak","9":"first","10":"instock","11":"shipping-taxable","12":"purchasable","13":"product-type-simple"},"acf":[],"yoast_head":"<!-- This site is optimized with the Yoast SEO plugin v27.3 - https:\/\/yoast.com\/product\/yoast-seo-wordpress\/ -->\n<title>POGLEDI NA BOLOGNU S FILOZOFSKOG FAKULTETA U SPLITU (2007) - Web-knji\u017eara<\/title>\n<meta name=\"robots\" content=\"index, follow, max-snippet:-1, max-image-preview:large, max-video-preview:-1\" \/>\n<link rel=\"canonical\" href=\"https:\/\/webknjizara.hr\/proizvod\/pogledi-na-bolognu-s-filozofskog-fakulteta-u-splitu-2007\/\" \/>\n<meta property=\"og:locale\" content=\"en_US\" \/>\n<meta property=\"og:type\" content=\"article\" \/>\n<meta property=\"og:title\" content=\"POGLEDI NA BOLOGNU S FILOZOFSKOG FAKULTETA U SPLITU (2007) - Web-knji\u017eara\" \/>\n<meta property=\"og:description\" content=\"An\u010di Leburi\u0107, Sanja \u010curkovi\u0107-Kalebi\u0107, Ivan Peri\u0107, Katarina Konsa, Marijana An\u010di\u0107  Views on Bologna from the Faculty of Philosophy in Split Znanstvena monografija - empirijska studija\" \/>\n<meta property=\"og:url\" content=\"https:\/\/webknjizara.hr\/proizvod\/pogledi-na-bolognu-s-filozofskog-fakulteta-u-splitu-2007\/\" \/>\n<meta property=\"og:site_name\" content=\"Web-knji\u017eara\" \/>\n<meta property=\"article:modified_time\" content=\"2023-02-26T23:15:18+00:00\" \/>\n<meta property=\"og:image\" content=\"https:\/\/webknjizara.hr\/wp-content\/uploads\/nc\/images\/virtuemart\/product\/pogledi-na-bolog-4cb706ffc8850.jpg\" \/>\n\t<meta property=\"og:image:width\" content=\"283\" \/>\n\t<meta property=\"og:image:height\" content=\"401\" \/>\n\t<meta property=\"og:image:type\" content=\"image\/jpeg\" \/>\n<meta name=\"twitter:card\" content=\"summary_large_image\" \/>\n<meta name=\"twitter:label1\" content=\"Est. reading time\" \/>\n\t<meta name=\"twitter:data1\" content=\"8 minutes\" \/>\n<script type=\"application\/ld+json\" class=\"yoast-schema-graph\">{\"@context\":\"https:\\\/\\\/schema.org\",\"@graph\":[{\"@type\":\"WebPage\",\"@id\":\"https:\\\/\\\/webknjizara.hr\\\/proizvod\\\/pogledi-na-bolognu-s-filozofskog-fakulteta-u-splitu-2007\\\/\",\"url\":\"https:\\\/\\\/webknjizara.hr\\\/proizvod\\\/pogledi-na-bolognu-s-filozofskog-fakulteta-u-splitu-2007\\\/\",\"name\":\"POGLEDI NA BOLOGNU S FILOZOFSKOG FAKULTETA U SPLITU (2007) - Web-knji\u017eara\",\"isPartOf\":{\"@id\":\"https:\\\/\\\/webknjizara.hr\\\/#website\"},\"primaryImageOfPage\":{\"@id\":\"https:\\\/\\\/webknjizara.hr\\\/proizvod\\\/pogledi-na-bolognu-s-filozofskog-fakulteta-u-splitu-2007\\\/#primaryimage\"},\"image\":{\"@id\":\"https:\\\/\\\/webknjizara.hr\\\/proizvod\\\/pogledi-na-bolognu-s-filozofskog-fakulteta-u-splitu-2007\\\/#primaryimage\"},\"thumbnailUrl\":\"https:\\\/\\\/webknjizara.hr\\\/wp-content\\\/uploads\\\/nc\\\/images\\\/virtuemart\\\/product\\\/pogledi-na-bolog-4cb706ffc8850.jpg\",\"datePublished\":\"2009-12-03T14:02:47+00:00\",\"dateModified\":\"2023-02-26T23:15:18+00:00\",\"breadcrumb\":{\"@id\":\"https:\\\/\\\/webknjizara.hr\\\/proizvod\\\/pogledi-na-bolognu-s-filozofskog-fakulteta-u-splitu-2007\\\/#breadcrumb\"},\"inLanguage\":\"en-US\",\"potentialAction\":[{\"@type\":\"ReadAction\",\"target\":[\"https:\\\/\\\/webknjizara.hr\\\/proizvod\\\/pogledi-na-bolognu-s-filozofskog-fakulteta-u-splitu-2007\\\/\"]}]},{\"@type\":\"ImageObject\",\"inLanguage\":\"en-US\",\"@id\":\"https:\\\/\\\/webknjizara.hr\\\/proizvod\\\/pogledi-na-bolognu-s-filozofskog-fakulteta-u-splitu-2007\\\/#primaryimage\",\"url\":\"https:\\\/\\\/webknjizara.hr\\\/wp-content\\\/uploads\\\/nc\\\/images\\\/virtuemart\\\/product\\\/pogledi-na-bolog-4cb706ffc8850.jpg\",\"contentUrl\":\"https:\\\/\\\/webknjizara.hr\\\/wp-content\\\/uploads\\\/nc\\\/images\\\/virtuemart\\\/product\\\/pogledi-na-bolog-4cb706ffc8850.jpg\",\"width\":283,\"height\":401,\"caption\":\"POGLEDI NA BOLOGNU S FILOZOFSKOG FAKULTETA U SPLITU (2007)\"},{\"@type\":\"BreadcrumbList\",\"@id\":\"https:\\\/\\\/webknjizara.hr\\\/proizvod\\\/pogledi-na-bolognu-s-filozofskog-fakulteta-u-splitu-2007\\\/#breadcrumb\",\"itemListElement\":[{\"@type\":\"ListItem\",\"position\":1,\"name\":\"Po\u010detna stranica\",\"item\":\"https:\\\/\\\/webknjizara.hr\\\/en\\\/\"},{\"@type\":\"ListItem\",\"position\":2,\"name\":\"Shop\",\"item\":\"https:\\\/\\\/webknjizara.hr\\\/shop\\\/\"},{\"@type\":\"ListItem\",\"position\":3,\"name\":\"POGLEDI NA BOLOGNU S FILOZOFSKOG FAKULTETA U SPLITU (2007)\"}]},{\"@type\":\"WebSite\",\"@id\":\"https:\\\/\\\/webknjizara.hr\\\/#website\",\"url\":\"https:\\\/\\\/webknjizara.hr\\\/\",\"name\":\"Web Knji\u017eara\",\"description\":\"\",\"publisher\":{\"@id\":\"https:\\\/\\\/webknjizara.hr\\\/#organization\"},\"potentialAction\":[{\"@type\":\"SearchAction\",\"target\":{\"@type\":\"EntryPoint\",\"urlTemplate\":\"https:\\\/\\\/webknjizara.hr\\\/?s={search_term_string}\"},\"query-input\":{\"@type\":\"PropertyValueSpecification\",\"valueRequired\":true,\"valueName\":\"search_term_string\"}}],\"inLanguage\":\"en-US\"},{\"@type\":\"Organization\",\"@id\":\"https:\\\/\\\/webknjizara.hr\\\/#organization\",\"name\":\"REDAK D.O.O.\",\"url\":\"https:\\\/\\\/webknjizara.hr\\\/\",\"logo\":{\"@type\":\"ImageObject\",\"inLanguage\":\"en-US\",\"@id\":\"https:\\\/\\\/webknjizara.hr\\\/#\\\/schema\\\/logo\\\/image\\\/\",\"url\":\"https:\\\/\\\/webknjizara.hr\\\/wp-content\\\/uploads\\\/2023\\\/01\\\/web-knjizara-logo.webp\",\"contentUrl\":\"https:\\\/\\\/webknjizara.hr\\\/wp-content\\\/uploads\\\/2023\\\/01\\\/web-knjizara-logo.webp\",\"width\":324,\"height\":79,\"caption\":\"REDAK D.O.O.\"},\"image\":{\"@id\":\"https:\\\/\\\/webknjizara.hr\\\/#\\\/schema\\\/logo\\\/image\\\/\"}}]}<\/script>\n<!-- \/ Yoast SEO plugin. -->","yoast_head_json":{"title":"POGLEDI NA BOLOGNU S FILOZOFSKOG FAKULTETA U SPLITU (2007) - Web-knji\u017eara","robots":{"index":"index","follow":"follow","max-snippet":"max-snippet:-1","max-image-preview":"max-image-preview:large","max-video-preview":"max-video-preview:-1"},"canonical":"https:\/\/webknjizara.hr\/proizvod\/pogledi-na-bolognu-s-filozofskog-fakulteta-u-splitu-2007\/","og_locale":"en_US","og_type":"article","og_title":"POGLEDI NA BOLOGNU S FILOZOFSKOG FAKULTETA U SPLITU (2007) - Web-knji\u017eara","og_description":"An\u010di Leburi\u0107, Sanja \u010curkovi\u0107-Kalebi\u0107, Ivan Peri\u0107, Katarina Konsa, Marijana An\u010di\u0107  Views on Bologna from the Faculty of Philosophy in Split Znanstvena monografija - empirijska studija","og_url":"https:\/\/webknjizara.hr\/proizvod\/pogledi-na-bolognu-s-filozofskog-fakulteta-u-splitu-2007\/","og_site_name":"Web-knji\u017eara","article_modified_time":"2023-02-26T23:15:18+00:00","og_image":[{"width":283,"height":401,"url":"https:\/\/webknjizara.hr\/wp-content\/uploads\/nc\/images\/virtuemart\/product\/pogledi-na-bolog-4cb706ffc8850.jpg","type":"image\/jpeg"}],"twitter_card":"summary_large_image","twitter_misc":{"Est. reading time":"8 minutes"},"schema":{"@context":"https:\/\/schema.org","@graph":[{"@type":"WebPage","@id":"https:\/\/webknjizara.hr\/proizvod\/pogledi-na-bolognu-s-filozofskog-fakulteta-u-splitu-2007\/","url":"https:\/\/webknjizara.hr\/proizvod\/pogledi-na-bolognu-s-filozofskog-fakulteta-u-splitu-2007\/","name":"POGLEDI NA BOLOGNU S FILOZOFSKOG FAKULTETA U SPLITU (2007) - Web-knji\u017eara","isPartOf":{"@id":"https:\/\/webknjizara.hr\/#website"},"primaryImageOfPage":{"@id":"https:\/\/webknjizara.hr\/proizvod\/pogledi-na-bolognu-s-filozofskog-fakulteta-u-splitu-2007\/#primaryimage"},"image":{"@id":"https:\/\/webknjizara.hr\/proizvod\/pogledi-na-bolognu-s-filozofskog-fakulteta-u-splitu-2007\/#primaryimage"},"thumbnailUrl":"https:\/\/webknjizara.hr\/wp-content\/uploads\/nc\/images\/virtuemart\/product\/pogledi-na-bolog-4cb706ffc8850.jpg","datePublished":"2009-12-03T14:02:47+00:00","dateModified":"2023-02-26T23:15:18+00:00","breadcrumb":{"@id":"https:\/\/webknjizara.hr\/proizvod\/pogledi-na-bolognu-s-filozofskog-fakulteta-u-splitu-2007\/#breadcrumb"},"inLanguage":"en-US","potentialAction":[{"@type":"ReadAction","target":["https:\/\/webknjizara.hr\/proizvod\/pogledi-na-bolognu-s-filozofskog-fakulteta-u-splitu-2007\/"]}]},{"@type":"ImageObject","inLanguage":"en-US","@id":"https:\/\/webknjizara.hr\/proizvod\/pogledi-na-bolognu-s-filozofskog-fakulteta-u-splitu-2007\/#primaryimage","url":"https:\/\/webknjizara.hr\/wp-content\/uploads\/nc\/images\/virtuemart\/product\/pogledi-na-bolog-4cb706ffc8850.jpg","contentUrl":"https:\/\/webknjizara.hr\/wp-content\/uploads\/nc\/images\/virtuemart\/product\/pogledi-na-bolog-4cb706ffc8850.jpg","width":283,"height":401,"caption":"POGLEDI NA BOLOGNU S FILOZOFSKOG FAKULTETA U SPLITU (2007)"},{"@type":"BreadcrumbList","@id":"https:\/\/webknjizara.hr\/proizvod\/pogledi-na-bolognu-s-filozofskog-fakulteta-u-splitu-2007\/#breadcrumb","itemListElement":[{"@type":"ListItem","position":1,"name":"Po\u010detna stranica","item":"https:\/\/webknjizara.hr\/en\/"},{"@type":"ListItem","position":2,"name":"Shop","item":"https:\/\/webknjizara.hr\/shop\/"},{"@type":"ListItem","position":3,"name":"POGLEDI NA BOLOGNU S FILOZOFSKOG FAKULTETA U SPLITU (2007)"}]},{"@type":"WebSite","@id":"https:\/\/webknjizara.hr\/#website","url":"https:\/\/webknjizara.hr\/","name":"Web Knji\u017eara","description":"","publisher":{"@id":"https:\/\/webknjizara.hr\/#organization"},"potentialAction":[{"@type":"SearchAction","target":{"@type":"EntryPoint","urlTemplate":"https:\/\/webknjizara.hr\/?s={search_term_string}"},"query-input":{"@type":"PropertyValueSpecification","valueRequired":true,"valueName":"search_term_string"}}],"inLanguage":"en-US"},{"@type":"Organization","@id":"https:\/\/webknjizara.hr\/#organization","name":"REDAK D.O.O.","url":"https:\/\/webknjizara.hr\/","logo":{"@type":"ImageObject","inLanguage":"en-US","@id":"https:\/\/webknjizara.hr\/#\/schema\/logo\/image\/","url":"https:\/\/webknjizara.hr\/wp-content\/uploads\/2023\/01\/web-knjizara-logo.webp","contentUrl":"https:\/\/webknjizara.hr\/wp-content\/uploads\/2023\/01\/web-knjizara-logo.webp","width":324,"height":79,"caption":"REDAK D.O.O."},"image":{"@id":"https:\/\/webknjizara.hr\/#\/schema\/logo\/image\/"}}]}},"_links":{"self":[{"href":"https:\/\/webknjizara.hr\/en\/wp-json\/wp\/v2\/product\/7157","targetHints":{"allow":["GET"]}}],"collection":[{"href":"https:\/\/webknjizara.hr\/en\/wp-json\/wp\/v2\/product"}],"about":[{"href":"https:\/\/webknjizara.hr\/en\/wp-json\/wp\/v2\/types\/product"}],"replies":[{"embeddable":true,"href":"https:\/\/webknjizara.hr\/en\/wp-json\/wp\/v2\/comments?post=7157"}],"wp:featuredmedia":[{"embeddable":true,"href":"https:\/\/webknjizara.hr\/en\/wp-json\/wp\/v2\/media\/7158"}],"wp:attachment":[{"href":"https:\/\/webknjizara.hr\/en\/wp-json\/wp\/v2\/media?parent=7157"}],"wp:term":[{"taxonomy":"product_brand","embeddable":true,"href":"https:\/\/webknjizara.hr\/en\/wp-json\/wp\/v2\/product_brand?post=7157"},{"taxonomy":"product_cat","embeddable":true,"href":"https:\/\/webknjizara.hr\/en\/wp-json\/wp\/v2\/product_cat?post=7157"},{"taxonomy":"product_tag","embeddable":true,"href":"https:\/\/webknjizara.hr\/en\/wp-json\/wp\/v2\/product_tag?post=7157"}],"curies":[{"name":"wp","href":"https:\/\/api.w.org\/{rel}","templated":true}]}}